{"id":16841,"date":"2025-01-01T21:27:15","date_gmt":"2025-01-01T18:27:15","guid":{"rendered":"https:\/\/akerkimya.com\/eticaret\/?post_type=product&#038;p=16841"},"modified":"2026-03-30T02:23:55","modified_gmt":"2026-03-29T23:23:55","slug":"sodyum-aluminyum-silikat","status":"publish","type":"product","link":"https:\/\/akerkimya.com\/eticaret\/urun\/sodyum-aluminyum-silikat\/","title":{"rendered":"SODYUM AL\u00dcM\u0130NYUM S\u0130L\u0130KAT"},"content":{"rendered":"<h1>SODYUM AL\u00dcM\u0130NYUM S\u0130L\u0130KAT <\/h1>\n<p><strong>Al\u00fcminyum silikat, Al6013Si2 form\u00fcl\u00fcne sahip metamorfik kaya\u00e7lar i\u00e7erisinde bozulmam\u0131\u015f, belirgin ve ince uzun prizma \u015fekliyle tan\u0131nan silikatt\u0131r. Mineral formu alabilen, kil yapmak i\u00e7in suyla birle\u015febilen al\u00fcminyum, oksijen ve silikattan yap\u0131lm\u0131\u015f bir bile\u015fiktir. <\/strong><\/p>\n<p><strong>\u00a0<\/strong><\/p>\n<p><strong>SODYUM AL\u00dcM\u0130NYUM S\u0130L\u0130KAT \u00d6ZELL\u0130KLER\u0130<\/strong><\/p>\n<p><strong>Beyaz renkte, toz veya kristal formdad\u0131r. Kokusuzdur.<\/strong><\/p>\n<p><strong>Suda \u00e7\u00f6z\u00fcnmez.<\/strong><\/p>\n<p><strong>M\u00fckemmel termal ve kimyasal koruyucudur.<\/strong><\/p>\n<p><strong>Ba\u011flay\u0131c\u0131 ve patlay\u0131c\u0131 madde i\u00e7ermez.<\/strong><\/p>\n<p><strong>Neme duyarl\u0131d\u0131r.<\/strong><\/p>\n<p><strong>\u00a0<\/strong><\/p>\n<p><strong>TEKN\u0130K \u00d6ZELL\u0130KLER\u0130<\/strong><\/p>\n<p><strong>CAS NUMARASI: 1344-00-9<\/strong><\/p>\n<p><strong>EC NUMARASI: 215-684-8<\/strong><\/p>\n<p><strong>E GIDA KODU: E 559<\/strong><\/p>\n<p><strong>MOLEK\u00dcLER FORM\u00dcL: Al6013Si2<\/strong><\/p>\n<p><strong>K\u0130MYASAL \u0130SM\u0130: Al\u00fcminyum Silikat<\/strong><\/p>\n<p><strong>MOLEK\u00dcLER A\u011eIRLIK: 426.10 gr\/mol<\/strong><\/p>\n<p><strong>SERTL\u0130K: 7.5<\/strong><\/p>\n<p><strong>YO\u011eUNLUK: 3.2 <\/strong><\/p>\n<p><strong>KIRILMA \u0130NDEKS\u0130: 1.56 <\/strong><\/p>\n<p><strong>ER\u0130ME NOKTASI: 1810 \u00b0C<\/strong><\/p>\n<p><strong>\u00a0<\/strong><\/p>\n<p><strong>KULLANIM ALANLARI<\/strong><\/p>\n<p><strong>Boya sekt\u00f6r\u00fcnde, y\u00fczeyde su ayr\u0131\u015fmas\u0131 gibi g\u00f6r\u00fcnt\u00fcleri engellemek, iyi bir beyazl\u0131k sa\u011flamak, hava direncini artt\u0131rmas\u0131 nedeniyle kullan\u0131l\u0131r.<\/strong><\/p>\n<p><strong>Ayr\u0131ca yar\u0131 parlak ve yar\u0131 mat boyalarda ekonomik matla\u015ft\u0131rma maddesi olarak kullan\u0131l\u0131r.<\/strong><\/p>\n<p><strong>Is\u0131 yal\u0131t\u0131ml\u0131 pamuk levhalar\u0131n \u00fcretiminde, \u00a0y\u00fcksek s\u0131cakl\u0131k dayan\u0131m\u0131, donma direnci, g\u00fc\u00e7l\u00fc negatif r\u00fczg\u00e2r bas\u0131nc\u0131 nedeniyle ana hammadde olarak kullan\u0131l\u0131r.<\/strong><\/p>\n<p><strong>Ses yal\u0131t\u0131m\u0131nda, sesi ge\u00e7irmemesi nedeniyle kullan\u0131l\u0131r.<\/strong><\/p>\n<p><strong>K\u00e2\u011f\u0131t sekt\u00f6r\u00fcnde y\u00fcksek s\u0131cakl\u0131\u011f\u0131 dayan\u0131m\u0131 nedeniyle kullan\u0131l\u0131r.<\/strong><\/p>\n<p><strong>Kozmetik sekt\u00f6r\u00fcnde, koyula\u015ft\u0131r\u0131c\u0131 olarak ve deodorantlar i\u00e7in inaktif bile\u015fen olarak kullan\u0131l\u0131r.<\/strong><\/p>\n<p><strong>Tekstil sekt\u00f6r\u00fcnde \u0131s\u0131ya dayan\u0131kl\u0131 kuma\u015flar i\u00e7in kullan\u0131l\u0131r.<\/strong><\/p>\n<p><strong>Cam yap\u0131m\u0131nda, metal eritme gibi demir d\u00f6k\u00fcmhanelerinde kullan\u0131lmaktad\u0131r.<\/strong><\/p>\n<p><strong>\u0130norganik yanmaz dekoratif tahtalar\u0131n yap\u0131m\u0131nda kullan\u0131l\u0131r.<\/strong><\/p>\n<p><strong>Kau\u00e7uk sekt\u00f6r\u00fcnde, ekstr\u00fczyon veya enjeksiyon kal\u0131plama i\u015flemiyle haz\u0131rlanmas\u0131nda endikedir.<\/strong><\/p>\n<p><strong>Yap\u0131\u015ft\u0131r\u0131c\u0131lar ve s\u0131zd\u0131rmaz malzemeler i\u00e7in bir dolgu maddesi olarak sertli\u011fi, beyazl\u0131\u011f\u0131, a\u015f\u0131nma direncini, hava direncini ve depolama stabilitesini sa\u011flamak i\u00e7in kullan\u0131l\u0131r.<\/strong><\/p>\n<p><strong>Siyanit formu end\u00fcstriyel kullan\u0131m i\u00e7in mullit olu\u015fturmak i\u00e7in kullan\u0131l\u0131r. Bu bile\u015fik seramik sekt\u00f6r\u00fcnde refrakter olarak kullan\u0131lmaktad\u0131r. <\/strong><\/p>\n<p><strong>Di\u015f hekimli\u011finde porselen di\u015flere tokluk ve opakl\u0131k kazand\u0131rmak i\u00e7in kullan\u0131l\u0131r. <\/strong><\/p>\n<p><strong>\u00a0<\/strong><\/p>\n<p><strong>AMBALAJ<\/strong><\/p>\n<p><strong>1-5-25 kg ambalajlar halindedir.<\/strong><\/p>\n<p><strong>\u00a0<\/strong><\/p>\n<p><strong>DEPOLAMA<\/strong><\/p>\n<p><strong>Serin, kuru ve temiz bir depoda, ambalaj\u0131 i\u00e7inde nemden korunarak saklanmal\u0131d\u0131r.<\/strong><\/p>\n<p><strong>\u00a0<\/strong><\/p>\n<p><strong>\u00a0<\/strong><\/p>\n<p><strong>\u00a0<\/strong><\/p>\n","protected":false},"excerpt":{"rendered":"<p>SODYUM AL\u00dcM\u0130NYUM S\u0130L\u0130KAT Al\u00fcminyum silikat, Al6013Si2 form\u00fcl\u00fcne sahip metamorfik kaya\u00e7lar i\u00e7erisinde bozulmam\u0131\u015f, belirgin ve ince uzun prizma \u015fekliyle tan\u0131nan silikatt\u0131r.<\/p>\n","protected":false},"featured_media":16847,"comment_status":"open","ping_status":"closed","template":"","meta":{"_joinchat":[]},"product_cat":[70,72,73,74],"product_tag":[],"class_list":{"0":"post-16841","1":"product","2":"type-product","3":"status-publish","4":"has-post-thumbnail","6":"product_cat-boya-ve-yapi-kimyasallar","7":"product_cat-cam-ve-seramik-kimyasallari","8":"product_cat-deri-ve-tekstil-kimyasallari","9":"product_cat-deterjan-ve-kozmetik-kimyasallari","11":"first","12":"instock","13":"shipping-taxable","14":"purchasable","15":"product-type-variable"},"yoast_head":"<!-- This site is optimized with the Yoast SEO Premium plugin v20.2.1 (Yoast SEO v20.2.1) - https:\/\/yoast.com\/wordpress\/plugins\/seo\/ -->\n<title>SODYUM AL\u00dcM\u0130NYUM S\u0130L\u0130KAT - Akerkimya<\/title>\n<meta name=\"robots\" content=\"index, follow, max-snippet:-1, max-image-preview:large, max-video-preview:-1\" \/>\n<link rel=\"canonical\" href=\"https:\/\/akerkimya.com\/eticaret\/urun\/sodyum-aluminyum-silikat\/\" \/>\n<meta property=\"og:locale\" content=\"tr_TR\" \/>\n<meta property=\"og:type\" content=\"article\" \/>\n<meta property=\"og:title\" content=\"SODYUM AL\u00dcM\u0130NYUM S\u0130L\u0130KAT\" \/>\n<meta property=\"og:description\" content=\"SODYUM AL\u00dcM\u0130NYUM S\u0130L\u0130KAT Al\u00fcminyum silikat, Al6013Si2 form\u00fcl\u00fcne sahip metamorfik kaya\u00e7lar i\u00e7erisinde bozulmam\u0131\u015f, belirgin ve ince uzun prizma \u015fekliyle tan\u0131nan silikatt\u0131r.\" \/>\n<meta property=\"og:url\" content=\"https:\/\/akerkimya.com\/eticaret\/urun\/sodyum-aluminyum-silikat\/\" \/>\n<meta property=\"og:site_name\" content=\"Akerkimya\" \/>\n<meta property=\"article:modified_time\" content=\"2026-03-29T23:23:55+00:00\" \/>\n<meta property=\"og:image\" content=\"https:\/\/akerkimya.com\/eticaret\/wp-content\/uploads\/2025\/01\/Sodyum-Aluminyum-Silikat-GUNCEL-.png\" \/>\n\t<meta property=\"og:image:width\" content=\"1000\" \/>\n\t<meta property=\"og:image:height\" content=\"1000\" \/>\n\t<meta property=\"og:image:type\" content=\"image\/png\" \/>\n<meta name=\"twitter:card\" content=\"summary_large_image\" \/>\n<meta name=\"twitter:label1\" content=\"Tahmini okuma s\u00fcresi\" \/>\n\t<meta name=\"twitter:data1\" content=\"2 dakika\" \/>\n<script type=\"application\/ld+json\" class=\"yoast-schema-graph\">{\"@context\":\"https:\/\/schema.org\",\"@graph\":[{\"@type\":\"WebPage\",\"@id\":\"https:\/\/akerkimya.com\/eticaret\/urun\/sodyum-aluminyum-silikat\/\",\"url\":\"https:\/\/akerkimya.com\/eticaret\/urun\/sodyum-aluminyum-silikat\/\",\"name\":\"SODYUM AL\u00dcM\u0130NYUM S\u0130L\u0130KAT - Akerkimya\",\"isPartOf\":{\"@id\":\"https:\/\/akerkimya.com\/eticaret\/#website\"},\"datePublished\":\"2025-01-01T18:27:15+00:00\",\"dateModified\":\"2026-03-29T23:23:55+00:00\",\"breadcrumb\":{\"@id\":\"https:\/\/akerkimya.com\/eticaret\/urun\/sodyum-aluminyum-silikat\/#breadcrumb\"},\"inLanguage\":\"tr\",\"potentialAction\":[{\"@type\":\"ReadAction\",\"target\":[\"https:\/\/akerkimya.com\/eticaret\/urun\/sodyum-aluminyum-silikat\/\"]}]},{\"@type\":\"BreadcrumbList\",\"@id\":\"https:\/\/akerkimya.com\/eticaret\/urun\/sodyum-aluminyum-silikat\/#breadcrumb\",\"itemListElement\":[{\"@type\":\"ListItem\",\"position\":1,\"name\":\"Home\",\"item\":\"https:\/\/akerkimya.com\/eticaret\/\"},{\"@type\":\"ListItem\",\"position\":2,\"name\":\"Market\",\"item\":\"https:\/\/akerkimya.com\/eticaret\/market\/\"},{\"@type\":\"ListItem\",\"position\":3,\"name\":\"SODYUM AL\u00dcM\u0130NYUM S\u0130L\u0130KAT\"}]},{\"@type\":\"WebSite\",\"@id\":\"https:\/\/akerkimya.com\/eticaret\/#website\",\"url\":\"https:\/\/akerkimya.com\/eticaret\/\",\"name\":\"Akerkimya\",\"description\":\"\",\"potentialAction\":[{\"@type\":\"SearchAction\",\"target\":{\"@type\":\"EntryPoint\",\"urlTemplate\":\"https:\/\/akerkimya.com\/eticaret\/?s={search_term_string}\"},\"query-input\":\"required name=search_term_string\"}],\"inLanguage\":\"tr\"}]}<\/script>\n<!-- \/ Yoast SEO Premium plugin. -->","yoast_head_json":{"title":"SODYUM AL\u00dcM\u0130NYUM S\u0130L\u0130KAT - Akerkimya","robots":{"index":"index","follow":"follow","max-snippet":"max-snippet:-1","max-image-preview":"max-image-preview:large","max-video-preview":"max-video-preview:-1"},"canonical":"https:\/\/akerkimya.com\/eticaret\/urun\/sodyum-aluminyum-silikat\/","og_locale":"tr_TR","og_type":"article","og_title":"SODYUM AL\u00dcM\u0130NYUM S\u0130L\u0130KAT","og_description":"SODYUM AL\u00dcM\u0130NYUM S\u0130L\u0130KAT Al\u00fcminyum silikat, Al6013Si2 form\u00fcl\u00fcne sahip metamorfik kaya\u00e7lar i\u00e7erisinde bozulmam\u0131\u015f, belirgin ve ince uzun prizma \u015fekliyle tan\u0131nan silikatt\u0131r.","og_url":"https:\/\/akerkimya.com\/eticaret\/urun\/sodyum-aluminyum-silikat\/","og_site_name":"Akerkimya","article_modified_time":"2026-03-29T23:23:55+00:00","og_image":[{"width":1000,"height":1000,"url":"https:\/\/akerkimya.com\/eticaret\/wp-content\/uploads\/2025\/01\/Sodyum-Aluminyum-Silikat-GUNCEL-.png","type":"image\/png"}],"twitter_card":"summary_large_image","twitter_misc":{"Tahmini okuma s\u00fcresi":"2 dakika"},"schema":{"@context":"https:\/\/schema.org","@graph":[{"@type":"WebPage","@id":"https:\/\/akerkimya.com\/eticaret\/urun\/sodyum-aluminyum-silikat\/","url":"https:\/\/akerkimya.com\/eticaret\/urun\/sodyum-aluminyum-silikat\/","name":"SODYUM AL\u00dcM\u0130NYUM S\u0130L\u0130KAT - Akerkimya","isPartOf":{"@id":"https:\/\/akerkimya.com\/eticaret\/#website"},"datePublished":"2025-01-01T18:27:15+00:00","dateModified":"2026-03-29T23:23:55+00:00","breadcrumb":{"@id":"https:\/\/akerkimya.com\/eticaret\/urun\/sodyum-aluminyum-silikat\/#breadcrumb"},"inLanguage":"tr","potentialAction":[{"@type":"ReadAction","target":["https:\/\/akerkimya.com\/eticaret\/urun\/sodyum-aluminyum-silikat\/"]}]},{"@type":"BreadcrumbList","@id":"https:\/\/akerkimya.com\/eticaret\/urun\/sodyum-aluminyum-silikat\/#breadcrumb","itemListElement":[{"@type":"ListItem","position":1,"name":"Home","item":"https:\/\/akerkimya.com\/eticaret\/"},{"@type":"ListItem","position":2,"name":"Market","item":"https:\/\/akerkimya.com\/eticaret\/market\/"},{"@type":"ListItem","position":3,"name":"SODYUM AL\u00dcM\u0130NYUM S\u0130L\u0130KAT"}]},{"@type":"WebSite","@id":"https:\/\/akerkimya.com\/eticaret\/#website","url":"https:\/\/akerkimya.com\/eticaret\/","name":"Akerkimya","description":"","potentialAction":[{"@type":"SearchAction","target":{"@type":"EntryPoint","urlTemplate":"https:\/\/akerkimya.com\/eticaret\/?s={search_term_string}"},"query-input":"required name=search_term_string"}],"inLanguage":"tr"}]}},"_links":{"self":[{"href":"https:\/\/akerkimya.com\/eticaret\/wp-json\/wp\/v2\/product\/16841","targetHints":{"allow":["GET"]}}],"collection":[{"href":"https:\/\/akerkimya.com\/eticaret\/wp-json\/wp\/v2\/product"}],"about":[{"href":"https:\/\/akerkimya.com\/eticaret\/wp-json\/wp\/v2\/types\/product"}],"replies":[{"embeddable":true,"href":"https:\/\/akerkimya.com\/eticaret\/wp-json\/wp\/v2\/comments?post=16841"}],"version-history":[{"count":2,"href":"https:\/\/akerkimya.com\/eticaret\/wp-json\/wp\/v2\/product\/16841\/revisions"}],"predecessor-version":[{"id":18414,"href":"https:\/\/akerkimya.com\/eticaret\/wp-json\/wp\/v2\/product\/16841\/revisions\/18414"}],"wp:featuredmedia":[{"embeddable":true,"href":"https:\/\/akerkimya.com\/eticaret\/wp-json\/wp\/v2\/media\/16847"}],"wp:attachment":[{"href":"https:\/\/akerkimya.com\/eticaret\/wp-json\/wp\/v2\/media?parent=16841"}],"wp:term":[{"taxonomy":"product_cat","embeddable":true,"href":"https:\/\/akerkimya.com\/eticaret\/wp-json\/wp\/v2\/product_cat?post=16841"},{"taxonomy":"product_tag","embeddable":true,"href":"https:\/\/akerkimya.com\/eticaret\/wp-json\/wp\/v2\/product_tag?post=16841"}],"curies":[{"name":"wp","href":"https:\/\/api.w.org\/{rel}","templated":true}]}}