{"id":16856,"date":"2025-01-01T21:31:31","date_gmt":"2025-01-01T18:31:31","guid":{"rendered":"https:\/\/akerkimya.com\/eticaret\/?post_type=product&#038;p=16856"},"modified":"2026-03-30T02:23:56","modified_gmt":"2026-03-29T23:23:56","slug":"sodyum-asetat","status":"publish","type":"product","link":"https:\/\/akerkimya.com\/eticaret\/urun\/sodyum-asetat\/","title":{"rendered":"SODYUM ASETAT"},"content":{"rendered":"<h1>SODYUM ASETAT<\/h1>\n<p><strong>Sodyum asetat, C2H3NaO2 form\u00fcl\u00fcne sahip s\u0131cak buz olarak da bilinen asetik asitin sodyum tuzudur. End\u00fcstriyel olarak sodyum asetat trihidrat, asetik asidin sulu \u00e7\u00f6zeltisi ile sodyum hidroksitin reaksiyonu ile elde edilir.<\/strong><\/p>\n<p><strong>\u00a0<\/strong><\/p>\n<p><strong>SODYUM ASETAT \u00d6ZELL\u0130KLER\u0130<\/strong><\/p>\n<p><strong>Beyaz toz formunda ve sirke kokuludur.<\/strong><\/p>\n<p><strong>Higroskopik bir madde oldu\u011fu i\u00e7in hava ile temas etti\u011finde havadan su \u00e7ekerek eriyormu\u015f gibi g\u00f6z\u00fck\u00fcr.<\/strong><\/p>\n<p><strong>Tehlikeli bir madde de\u011fildir.<\/strong><\/p>\n<p><strong>Suda \u00e7ok kolay \u00e7\u00f6z\u00fcl\u00fcr.<\/strong><\/p>\n<p><strong>\u00a0<\/strong><\/p>\n<p><strong>TEKN\u0130K \u00d6ZELL\u0130KLER\u0130<\/strong><\/p>\n<p><strong>CAS NUMARASI: 127-09-3, 6131-90-4 (trihidrat)<\/strong><\/p>\n<p><strong>EC NUMARASI:204-823-8<\/strong><\/p>\n<p><strong>MOLEK\u00dcLER FORM\u00dcL: C2H3NaO2<\/strong><\/p>\n<p><strong>K\u0130MYASAL \u0130SM\u0130: Sodyum Asetat, S\u0131cak Buz, Sodyum Etonat<\/strong><\/p>\n<p><strong>MOLAR K\u00dcTLE: 82.03 g\/mol-1 <\/strong><\/p>\n<p><strong>YO\u011eUNLUK: 1.528 g\/cm<\/strong><strong>\u00b3<\/strong><strong>, 1.45 g\/cm<\/strong><strong>\u00b3<\/strong><strong> (trihidrat)<\/strong><\/p>\n<p><strong>ER\u0130ME NOKTASI: 324 <\/strong><strong>\u00b0<\/strong><strong>C (susuz), 58 <\/strong><strong>\u00b0<\/strong><strong>C (trihidrat)<\/strong><\/p>\n<p><strong>KAYNAMANOKTASI: 881,4 <\/strong><strong>\u00b0<\/strong><strong>C (susuz), 122 <\/strong><strong>\u00b0<\/strong><strong>C (trihidrat) (ayr\u0131\u015f\u0131r)<\/strong><\/p>\n<p><strong>SUDA \u00c7\u00d6Z\u00dcN\u00dcRL\u00dcK: 36.2 g\/100 ml (0 <\/strong><strong>\u00b0C), 46.4 g\/100 ml (20 \u00b0<\/strong><strong>C), 139 g\/100 ml (60<\/strong><strong>\u00b0<\/strong><strong>C)<\/strong><\/p>\n<p><strong>KIRILMA \u0130NDEKS\u0130: 1.464<\/strong><\/p>\n<p><strong>\u00a0<\/strong><\/p>\n<p><strong>KULLANIM ALANLARI <\/strong><\/p>\n<p><strong>G\u0131da sekt\u00f6r\u00fcnde, katk\u0131 maddesi olarak baharat niyetiyle kullan\u0131l\u0131r. Ph dengeler ve raf \u00f6mr\u00fcn\u00fc uzat\u0131r. <\/strong><\/p>\n<p><strong>Krom tabaklamada dekapaj maddesidir.<\/strong><\/p>\n<p><strong>Sentetik kau\u00e7uk \u00fcretiminde kloroprenin vulkanizasyonunu engellemeye yard\u0131mc\u0131 olur.<\/strong><\/p>\n<p><strong>Sodyum asetat, bir\u00e7ok farkl\u0131 alanda kullan\u0131lan \u0131s\u0131tma paketler\/yast\u0131klar\u0131n\u0131n \u00fcretiminde kullan\u0131l\u0131r.<\/strong><\/p>\n<p><strong>Tekstil end\u00fcstrisinde s\u00fclf\u00fcrik asit at\u0131k ak\u0131\u015flar\u0131n\u0131 n\u00f6tralize etmek i\u00e7in ve ayr\u0131ca anilin boyalar\u0131 kullan\u0131rken bir fotorezist olarak kullan\u0131l\u0131r.<\/strong><\/p>\n<p><strong>Tek kullan\u0131ml\u0131k pedler i\u00e7in pamu\u011fun i\u015flenmesinde, statik elektrik birikimini ortadan kald\u0131rmak i\u00e7in sodyum asetat kullan\u0131l\u0131r.<\/strong><\/p>\n<p><strong>Beton dolgu macunu olarak ve betonda su ge\u00e7irgenli\u011fine kar\u015f\u0131 s\u0131zd\u0131rmaz hale getirmek amac\u0131yla sodyum asetat kullan\u0131l\u0131r.<\/strong><\/p>\n<p><strong>Bakterileri k\u00fclt\u00fcrlemek i\u00e7in karbon kayna\u011f\u0131 olarak kullan\u0131l\u0131r.<\/strong><\/p>\n<p><strong>Sodyum asetat ayr\u0131ca etanol \u00e7\u00f6keltme yoluyla DNA izolasyonu verimini artt\u0131rmak i\u00e7in kullan\u0131l\u0131r.<\/strong><\/p>\n<p><strong>Deri sekt\u00f6r\u00fcnde tabaklama i\u00e7in kllan\u0131l\u0131r.<\/strong><\/p>\n<p><strong>Bir sodyum asetat ve asetik asit \u00e7\u00f6zeltisi, sabit Ph seviyesini korumak i\u00e7in tampon g\u00f6revinde kullan\u0131l\u0131r.<\/strong><\/p>\n<p><strong>Pigmentler, ila\u00e7lar ve sinamik asit gibi organik bile\u015fiklerin ara maddesi olarak kullan\u0131l\u0131r.<\/strong><\/p>\n<p><strong>T\u0131p sekt\u00f6r\u00fcnde; fizyoterapi, lohusa d\u00f6nemi, pediatri, kemoterapi, s\u0131rt a\u011fr\u0131lar\u0131 ve spor yaralanmalar\u0131nda kullan\u0131l\u0131r.<\/strong><\/p>\n<p><strong>\u00a0<\/strong><\/p>\n<p><strong>AMBALAJ<\/strong><\/p>\n<p><strong>1-5-25 kg Kraft torbalarda<\/strong><\/p>\n<p><strong>\u00a0<\/strong><\/p>\n<p><strong>DEPOLAMA <\/strong><\/p>\n<p><strong>Serin ve kuru bir alanda, torba i\u00e7erisine hava girmeyecek \u015fekilde muhafaza ediniz.<\/strong><\/p>\n<p><strong>\u00a0<\/strong><\/p>\n","protected":false},"excerpt":{"rendered":"<p>SODYUM ASETAT Sodyum asetat, C2H3NaO2 form\u00fcl\u00fcne sahip s\u0131cak buz olarak da bilinen asetik asitin sodyum tuzudur. End\u00fcstriyel olarak sodyum asetat<\/p>\n","protected":false},"featured_media":16860,"comment_status":"open","ping_status":"closed","template":"","meta":{"_joinchat":[]},"product_cat":[70,73,76,80],"product_tag":[],"class_list":{"0":"post-16856","1":"product","2":"type-product","3":"status-publish","4":"has-post-thumbnail","6":"product_cat-boya-ve-yapi-kimyasallar","7":"product_cat-deri-ve-tekstil-kimyasallari","8":"product_cat-gida-ve-katki-kimyasallari","9":"product_cat-veteriner-ve-ilac-kimyasallari","11":"first","12":"instock","13":"shipping-taxable","14":"purchasable","15":"product-type-variable"},"yoast_head":"<!-- This site is optimized with the Yoast SEO Premium plugin v20.2.1 (Yoast SEO v20.2.1) - https:\/\/yoast.com\/wordpress\/plugins\/seo\/ -->\n<title>SODYUM ASETAT - Akerkimya<\/title>\n<meta name=\"robots\" content=\"index, follow, max-snippet:-1, max-image-preview:large, max-video-preview:-1\" \/>\n<link rel=\"canonical\" href=\"https:\/\/akerkimya.com\/eticaret\/urun\/sodyum-asetat\/\" \/>\n<meta property=\"og:locale\" content=\"tr_TR\" \/>\n<meta property=\"og:type\" content=\"article\" \/>\n<meta property=\"og:title\" content=\"SODYUM ASETAT\" \/>\n<meta property=\"og:description\" content=\"SODYUM ASETAT Sodyum asetat, C2H3NaO2 form\u00fcl\u00fcne sahip s\u0131cak buz olarak da bilinen asetik asitin sodyum tuzudur. End\u00fcstriyel olarak sodyum asetat\" \/>\n<meta property=\"og:url\" content=\"https:\/\/akerkimya.com\/eticaret\/urun\/sodyum-asetat\/\" \/>\n<meta property=\"og:site_name\" content=\"Akerkimya\" \/>\n<meta property=\"article:modified_time\" content=\"2026-03-29T23:23:56+00:00\" \/>\n<meta property=\"og:image\" content=\"https:\/\/akerkimya.com\/eticaret\/wp-content\/uploads\/2025\/01\/SODYUM-ASETAT-GUNCEL-.png\" \/>\n\t<meta property=\"og:image:width\" content=\"1000\" \/>\n\t<meta property=\"og:image:height\" content=\"1000\" \/>\n\t<meta property=\"og:image:type\" content=\"image\/png\" \/>\n<meta name=\"twitter:card\" content=\"summary_large_image\" \/>\n<meta name=\"twitter:label1\" content=\"Tahmini okuma s\u00fcresi\" \/>\n\t<meta name=\"twitter:data1\" content=\"2 dakika\" \/>\n<script type=\"application\/ld+json\" class=\"yoast-schema-graph\">{\"@context\":\"https:\/\/schema.org\",\"@graph\":[{\"@type\":\"WebPage\",\"@id\":\"https:\/\/akerkimya.com\/eticaret\/urun\/sodyum-asetat\/\",\"url\":\"https:\/\/akerkimya.com\/eticaret\/urun\/sodyum-asetat\/\",\"name\":\"SODYUM ASETAT - Akerkimya\",\"isPartOf\":{\"@id\":\"https:\/\/akerkimya.com\/eticaret\/#website\"},\"datePublished\":\"2025-01-01T18:31:31+00:00\",\"dateModified\":\"2026-03-29T23:23:56+00:00\",\"breadcrumb\":{\"@id\":\"https:\/\/akerkimya.com\/eticaret\/urun\/sodyum-asetat\/#breadcrumb\"},\"inLanguage\":\"tr\",\"potentialAction\":[{\"@type\":\"ReadAction\",\"target\":[\"https:\/\/akerkimya.com\/eticaret\/urun\/sodyum-asetat\/\"]}]},{\"@type\":\"BreadcrumbList\",\"@id\":\"https:\/\/akerkimya.com\/eticaret\/urun\/sodyum-asetat\/#breadcrumb\",\"itemListElement\":[{\"@type\":\"ListItem\",\"position\":1,\"name\":\"Home\",\"item\":\"https:\/\/akerkimya.com\/eticaret\/\"},{\"@type\":\"ListItem\",\"position\":2,\"name\":\"Market\",\"item\":\"https:\/\/akerkimya.com\/eticaret\/market\/\"},{\"@type\":\"ListItem\",\"position\":3,\"name\":\"SODYUM ASETAT\"}]},{\"@type\":\"WebSite\",\"@id\":\"https:\/\/akerkimya.com\/eticaret\/#website\",\"url\":\"https:\/\/akerkimya.com\/eticaret\/\",\"name\":\"Akerkimya\",\"description\":\"\",\"potentialAction\":[{\"@type\":\"SearchAction\",\"target\":{\"@type\":\"EntryPoint\",\"urlTemplate\":\"https:\/\/akerkimya.com\/eticaret\/?s={search_term_string}\"},\"query-input\":\"required name=search_term_string\"}],\"inLanguage\":\"tr\"}]}<\/script>\n<!-- \/ Yoast SEO Premium plugin. -->","yoast_head_json":{"title":"SODYUM ASETAT - Akerkimya","robots":{"index":"index","follow":"follow","max-snippet":"max-snippet:-1","max-image-preview":"max-image-preview:large","max-video-preview":"max-video-preview:-1"},"canonical":"https:\/\/akerkimya.com\/eticaret\/urun\/sodyum-asetat\/","og_locale":"tr_TR","og_type":"article","og_title":"SODYUM ASETAT","og_description":"SODYUM ASETAT Sodyum asetat, C2H3NaO2 form\u00fcl\u00fcne sahip s\u0131cak buz olarak da bilinen asetik asitin sodyum tuzudur. End\u00fcstriyel olarak sodyum asetat","og_url":"https:\/\/akerkimya.com\/eticaret\/urun\/sodyum-asetat\/","og_site_name":"Akerkimya","article_modified_time":"2026-03-29T23:23:56+00:00","og_image":[{"width":1000,"height":1000,"url":"https:\/\/akerkimya.com\/eticaret\/wp-content\/uploads\/2025\/01\/SODYUM-ASETAT-GUNCEL-.png","type":"image\/png"}],"twitter_card":"summary_large_image","twitter_misc":{"Tahmini okuma s\u00fcresi":"2 dakika"},"schema":{"@context":"https:\/\/schema.org","@graph":[{"@type":"WebPage","@id":"https:\/\/akerkimya.com\/eticaret\/urun\/sodyum-asetat\/","url":"https:\/\/akerkimya.com\/eticaret\/urun\/sodyum-asetat\/","name":"SODYUM ASETAT - Akerkimya","isPartOf":{"@id":"https:\/\/akerkimya.com\/eticaret\/#website"},"datePublished":"2025-01-01T18:31:31+00:00","dateModified":"2026-03-29T23:23:56+00:00","breadcrumb":{"@id":"https:\/\/akerkimya.com\/eticaret\/urun\/sodyum-asetat\/#breadcrumb"},"inLanguage":"tr","potentialAction":[{"@type":"ReadAction","target":["https:\/\/akerkimya.com\/eticaret\/urun\/sodyum-asetat\/"]}]},{"@type":"BreadcrumbList","@id":"https:\/\/akerkimya.com\/eticaret\/urun\/sodyum-asetat\/#breadcrumb","itemListElement":[{"@type":"ListItem","position":1,"name":"Home","item":"https:\/\/akerkimya.com\/eticaret\/"},{"@type":"ListItem","position":2,"name":"Market","item":"https:\/\/akerkimya.com\/eticaret\/market\/"},{"@type":"ListItem","position":3,"name":"SODYUM ASETAT"}]},{"@type":"WebSite","@id":"https:\/\/akerkimya.com\/eticaret\/#website","url":"https:\/\/akerkimya.com\/eticaret\/","name":"Akerkimya","description":"","potentialAction":[{"@type":"SearchAction","target":{"@type":"EntryPoint","urlTemplate":"https:\/\/akerkimya.com\/eticaret\/?s={search_term_string}"},"query-input":"required name=search_term_string"}],"inLanguage":"tr"}]}},"_links":{"self":[{"href":"https:\/\/akerkimya.com\/eticaret\/wp-json\/wp\/v2\/product\/16856","targetHints":{"allow":["GET"]}}],"collection":[{"href":"https:\/\/akerkimya.com\/eticaret\/wp-json\/wp\/v2\/product"}],"about":[{"href":"https:\/\/akerkimya.com\/eticaret\/wp-json\/wp\/v2\/types\/product"}],"replies":[{"embeddable":true,"href":"https:\/\/akerkimya.com\/eticaret\/wp-json\/wp\/v2\/comments?post=16856"}],"version-history":[{"count":1,"href":"https:\/\/akerkimya.com\/eticaret\/wp-json\/wp\/v2\/product\/16856\/revisions"}],"predecessor-version":[{"id":16865,"href":"https:\/\/akerkimya.com\/eticaret\/wp-json\/wp\/v2\/product\/16856\/revisions\/16865"}],"wp:featuredmedia":[{"embeddable":true,"href":"https:\/\/akerkimya.com\/eticaret\/wp-json\/wp\/v2\/media\/16860"}],"wp:attachment":[{"href":"https:\/\/akerkimya.com\/eticaret\/wp-json\/wp\/v2\/media?parent=16856"}],"wp:term":[{"taxonomy":"product_cat","embeddable":true,"href":"https:\/\/akerkimya.com\/eticaret\/wp-json\/wp\/v2\/product_cat?post=16856"},{"taxonomy":"product_tag","embeddable":true,"href":"https:\/\/akerkimya.com\/eticaret\/wp-json\/wp\/v2\/product_tag?post=16856"}],"curies":[{"name":"wp","href":"https:\/\/api.w.org\/{rel}","templated":true}]}}