{"id":16873,"date":"2025-01-01T21:38:23","date_gmt":"2025-01-01T18:38:23","guid":{"rendered":"https:\/\/akerkimya.com\/eticaret\/?post_type=product&#038;p=16873"},"modified":"2026-05-05T17:13:56","modified_gmt":"2026-05-05T14:13:56","slug":"gum-arabic-arap-zamki","status":"publish","type":"product","link":"https:\/\/akerkimya.com\/eticaret\/urun\/gum-arabic-arap-zamki\/","title":{"rendered":"GUM ARAB\u0130C (ARAP ZAMKI)"},"content":{"rendered":"<h1>GUM ARAB\u0130C (ARAP ZAMKI)<\/h1>\n<p><strong>Akasya Zamk\u0131, Senegal Zamk\u0131, Hint Zamk\u0131 diye de bilinir. Gum Arabic karbonhidrat k\u00f6kenlidir ve ba\u011f\u0131rsakta par\u00e7alanma \u00f6zelli\u011fine sahiptir. \u0130nsanlar taraf\u0131ndan yenebilir bir tutkal ve yap\u0131\u015ft\u0131r\u0131c\u0131 \u00f6zelli\u011fi ta\u015f\u0131r.<\/strong><\/p>\n<p><strong>GUM ARAB\u0130C \u00d6ZELL\u0130KLER\u0130<\/strong><\/p>\n<p><strong>Gum Arabic karbonhidrat polimeridir.<\/strong><\/p>\n<p><strong>Do\u011fal kaynaklardan elde edilir.<\/strong><\/p>\n<p><strong>\u015eekerin k\u00f6p\u00fcklenmesini \u00f6nler ve k\u0131vam vericidir.<\/strong><\/p>\n<p><strong>Bir\u00e7ok organik solventte ve ya\u011flarda \u00e7\u00f6z\u00fcnmez sulu etanol \u00e7\u00f6zeltilerinde \u00e7\u00f6z\u00fcn\u00fcrler.<\/strong><\/p>\n<p><strong>\u0130\u00e7eceklerde aromay\u0131 kaplayarak \u00e7\u00f6kelmeyi \u00f6nler.<\/strong><\/p>\n<p><strong>Gum Arabic\u2019in enerji de\u011feri olduk\u00e7a d\u00fc\u015f\u00fckt\u00fcr.<\/strong><\/p>\n<p><strong>\u0130nceltici \u00f6zelli\u011fi vard\u0131r boyay\u0131 daha esnek ve \u015feffaf bir hale getirir.<\/strong><\/p>\n<p><strong>Em\u00fclgat\u00f6r ve film yap\u0131c\u0131 maddelerinin pahal\u0131 kald\u0131\u011f\u0131 durumlarda tercih edilir.<\/strong><\/p>\n<p><strong>\u00a0<\/strong><\/p>\n<p><strong>TEKN\u0130K \u00d6ZELL\u0130KLER\u0130<\/strong><\/p>\n<p><strong>D\u0130\u011eER \u0130S\u0130MLER\u0130: Gam Arabic, Arap Zamk\u0131, Akasya Gum, Akasya Gam<\/strong><\/p>\n<p><strong>G\u00d6R\u00dcN\u00dcM\u00dc: \u0130nce beyaz \u2013 sar\u0131 toz<\/strong><\/p>\n<p><strong>KODU: E 414<\/strong><\/p>\n<p><strong>\u00a0<\/strong><\/p>\n<p><strong>KULLANIM ALANLARI<\/strong><\/p>\n<p><strong>\u0130\u00e7ecek sanayisinde arama ve gerekli ya\u011flar\u0131 stabilize etmek i\u00e7in kullan\u0131l\u0131r.<\/strong><\/p>\n<p><strong>Diyet i\u00e7eceklerinde \u00fcr\u00fcndeki diyet lifini zenginle\u015ftirmede kullan\u0131l\u0131r.<\/strong><\/p>\n<p><strong>\u015earaplarda inceltici ajan olarak kullan\u0131l\u0131r.<\/strong><\/p>\n<p><strong>Caramel ve yumu\u015fak \u015fekerlemelerde em\u00fclgat\u00f6r olarak kullan\u0131l\u0131r ve ya\u011f\u0131n homojen olarak da\u011f\u0131lmas\u0131n\u0131 sa\u011flar.<\/strong><\/p>\n<p><strong>Sak\u0131zlarda, pastillerde ve mar\u015fmelovlarda kullan\u0131lmaktad\u0131r.<\/strong><\/p>\n<p><strong>Lokum gibi \u015fekerlemelerde ve pudinglerde k\u00f6p\u00fck sabitleyici olarak kullan\u0131lmaktad\u0131r.<\/strong><\/p>\n<p><strong>Sofra \u015fekerlerinde kristalizasyonunun engellenmesinde kullan\u0131l\u0131r.<\/strong><\/p>\n<p><strong>\u00c7ikolata ve draje \u015feker \u00fcr\u00fcnlerinde parlat\u0131c\u0131 olarak kullan\u0131l\u0131r.<\/strong><\/p>\n<p><strong>Y\u00fczeyde film olu\u015fturarak g\u0131dan\u0131n korunmas\u0131n\u0131, parlamas\u0131n\u0131 sa\u011flar ve yap\u0131\u015fmas\u0131n\u0131 \u00f6nler.<\/strong><\/p>\n<p><strong>Hap ve tablet ila\u00e7larda tat vermek amac\u0131yla kullan\u0131l\u0131r.<\/strong><\/p>\n<p><strong>Kozmetik alan\u0131nda rujlar\u0131n yap\u0131\u015ft\u0131r\u0131c\u0131l\u0131\u011f\u0131n\u0131n artt\u0131r\u0131lmas\u0131nda kullan\u0131l\u0131r.<\/strong><\/p>\n<p><strong>Kremlerde ve losyonlarda stabilizat\u00f6r olarak kullan\u0131l\u0131r.<\/strong><\/p>\n<p><strong>S\u0131v\u0131 sabunlarda k\u00f6p\u00fc\u011f\u00fcn kal\u0131c\u0131 olmas\u0131n\u0131 sa\u011flamada kullan\u0131l\u0131r.<\/strong><\/p>\n<p><strong>Tekstilde sel\u00fcloz esasl\u0131 kuma\u015flarda kullan\u0131lan boyalarda k\u0131vam verici olarak i\u015flev g\u00f6r\u00fcr.<\/strong><\/p>\n<p><strong>Suluboyalarda ba\u011flay\u0131c\u0131 olarak, m\u00fcrekkep ve baz\u0131 boyalarda viskoziteyi sa\u011flamak i\u00e7in kullan\u0131l\u0131r.<\/strong><\/p>\n<p><strong>Sigara ka\u011f\u0131tlar\u0131, zarflar ve posta pullar\u0131nda yalanabilir yap\u0131\u015fkan yap\u0131m\u0131nda kullan\u0131l\u0131r.<\/strong><\/p>\n<p><strong>S\u0131r\u0131n pi\u015firilmeden \u00f6nce kile yap\u0131\u015fmas\u0131n\u0131 sa\u011flad\u0131\u011f\u0131ndan seramik yap\u0131m\u0131nda kullan\u0131l\u0131r.<\/strong><\/p>\n<p><strong>Foto\u011fraf\u00e7\u0131l\u0131kta pigmentlerin k\u00e2\u011f\u0131t \u00fczerine kal\u0131c\u0131 olarak ba\u011flanmas\u0131nda kullan\u0131l\u0131r.<\/strong><\/p>\n<p><strong>Havai fi\u015fek bile\u015fiminde suda \u00e7\u00f6z\u00fcn\u00fcr ve ba\u011flay\u0131c\u0131 olarak kullan\u0131l\u0131r.<\/strong><\/p>\n<p><strong>Arap Zamk\u0131 yak\u0131t k\u00f6m\u00fcr\u00fc yap\u0131m\u0131nda ba\u011flay\u0131c\u0131 olarak kullan\u0131l\u0131r ve bu k\u00f6m\u00fcrler baz\u0131 Afrika \u00fclkelerinde yemek pi\u015firme amac\u0131yla da kullan\u0131l\u0131r.<\/strong><\/p>\n<p><strong>AMBALAJ <\/strong><\/p>\n<p><strong>1-5-25 kg ambalajlar halinde <\/strong><\/p>\n<p><strong>\u00a0<\/strong><\/p>\n<p><strong>DEPOLAMA <\/strong><\/p>\n<p><strong>Serin ve nem olmayan yerde kapal\u0131 ambalajlarda muhafaza edilmelidir<\/strong><\/p>\n","protected":false},"excerpt":{"rendered":"<p>GUM ARAB\u0130C (ARAP ZAMKI) Akasya Zamk\u0131, Senegal Zamk\u0131, Hint Zamk\u0131 diye de bilinir. Gum Arabic karbonhidrat k\u00f6kenlidir ve ba\u011f\u0131rsakta par\u00e7alanma<\/p>\n","protected":false},"featured_media":16874,"comment_status":"open","ping_status":"closed","template":"","meta":{"_joinchat":[]},"product_cat":[73,74,76,80],"product_tag":[],"class_list":{"0":"post-16873","1":"product","2":"type-product","3":"status-publish","4":"has-post-thumbnail","6":"product_cat-deri-ve-tekstil-kimyasallari","7":"product_cat-deterjan-ve-kozmetik-kimyasallari","8":"product_cat-gida-ve-katki-kimyasallari","9":"product_cat-veteriner-ve-ilac-kimyasallari","11":"first","12":"instock","13":"shipping-taxable","14":"purchasable","15":"product-type-variable"},"yoast_head":"<!-- This site is optimized with the Yoast SEO Premium plugin v20.2.1 (Yoast SEO v20.2.1) - https:\/\/yoast.com\/wordpress\/plugins\/seo\/ -->\n<title>GUM ARAB\u0130C (ARAP ZAMKI) - Akerkimya<\/title>\n<meta name=\"robots\" content=\"index, follow, max-snippet:-1, max-image-preview:large, max-video-preview:-1\" \/>\n<link rel=\"canonical\" href=\"https:\/\/akerkimya.com\/eticaret\/urun\/gum-arabic-arap-zamki\/\" \/>\n<meta property=\"og:locale\" content=\"tr_TR\" \/>\n<meta property=\"og:type\" content=\"article\" \/>\n<meta property=\"og:title\" content=\"GUM ARAB\u0130C (ARAP ZAMKI)\" \/>\n<meta property=\"og:description\" content=\"GUM ARAB\u0130C (ARAP ZAMKI) Akasya Zamk\u0131, Senegal Zamk\u0131, Hint Zamk\u0131 diye de bilinir. Gum Arabic karbonhidrat k\u00f6kenlidir ve ba\u011f\u0131rsakta par\u00e7alanma\" \/>\n<meta property=\"og:url\" content=\"https:\/\/akerkimya.com\/eticaret\/urun\/gum-arabic-arap-zamki\/\" \/>\n<meta property=\"og:site_name\" content=\"Akerkimya\" \/>\n<meta property=\"article:modified_time\" content=\"2026-05-05T14:13:56+00:00\" \/>\n<meta property=\"og:image\" content=\"https:\/\/akerkimya.com\/eticaret\/wp-content\/uploads\/2025\/01\/GUM-ARABIC-GUNCEL.png\" \/>\n\t<meta property=\"og:image:width\" content=\"1000\" \/>\n\t<meta property=\"og:image:height\" content=\"1000\" \/>\n\t<meta property=\"og:image:type\" content=\"image\/png\" \/>\n<meta name=\"twitter:card\" content=\"summary_large_image\" \/>\n<meta name=\"twitter:label1\" content=\"Tahmini okuma s\u00fcresi\" \/>\n\t<meta name=\"twitter:data1\" content=\"2 dakika\" \/>\n<script type=\"application\/ld+json\" class=\"yoast-schema-graph\">{\"@context\":\"https:\/\/schema.org\",\"@graph\":[{\"@type\":\"WebPage\",\"@id\":\"https:\/\/akerkimya.com\/eticaret\/urun\/gum-arabic-arap-zamki\/\",\"url\":\"https:\/\/akerkimya.com\/eticaret\/urun\/gum-arabic-arap-zamki\/\",\"name\":\"GUM ARAB\u0130C (ARAP ZAMKI) - Akerkimya\",\"isPartOf\":{\"@id\":\"https:\/\/akerkimya.com\/eticaret\/#website\"},\"datePublished\":\"2025-01-01T18:38:23+00:00\",\"dateModified\":\"2026-05-05T14:13:56+00:00\",\"breadcrumb\":{\"@id\":\"https:\/\/akerkimya.com\/eticaret\/urun\/gum-arabic-arap-zamki\/#breadcrumb\"},\"inLanguage\":\"tr\",\"potentialAction\":[{\"@type\":\"ReadAction\",\"target\":[\"https:\/\/akerkimya.com\/eticaret\/urun\/gum-arabic-arap-zamki\/\"]}]},{\"@type\":\"BreadcrumbList\",\"@id\":\"https:\/\/akerkimya.com\/eticaret\/urun\/gum-arabic-arap-zamki\/#breadcrumb\",\"itemListElement\":[{\"@type\":\"ListItem\",\"position\":1,\"name\":\"Home\",\"item\":\"https:\/\/akerkimya.com\/eticaret\/\"},{\"@type\":\"ListItem\",\"position\":2,\"name\":\"Market\",\"item\":\"https:\/\/akerkimya.com\/eticaret\/market\/\"},{\"@type\":\"ListItem\",\"position\":3,\"name\":\"GUM ARAB\u0130C (ARAP ZAMKI)\"}]},{\"@type\":\"WebSite\",\"@id\":\"https:\/\/akerkimya.com\/eticaret\/#website\",\"url\":\"https:\/\/akerkimya.com\/eticaret\/\",\"name\":\"Akerkimya\",\"description\":\"\",\"potentialAction\":[{\"@type\":\"SearchAction\",\"target\":{\"@type\":\"EntryPoint\",\"urlTemplate\":\"https:\/\/akerkimya.com\/eticaret\/?s={search_term_string}\"},\"query-input\":\"required name=search_term_string\"}],\"inLanguage\":\"tr\"}]}<\/script>\n<!-- \/ Yoast SEO Premium plugin. -->","yoast_head_json":{"title":"GUM ARAB\u0130C (ARAP ZAMKI) - Akerkimya","robots":{"index":"index","follow":"follow","max-snippet":"max-snippet:-1","max-image-preview":"max-image-preview:large","max-video-preview":"max-video-preview:-1"},"canonical":"https:\/\/akerkimya.com\/eticaret\/urun\/gum-arabic-arap-zamki\/","og_locale":"tr_TR","og_type":"article","og_title":"GUM ARAB\u0130C (ARAP ZAMKI)","og_description":"GUM ARAB\u0130C (ARAP ZAMKI) Akasya Zamk\u0131, Senegal Zamk\u0131, Hint Zamk\u0131 diye de bilinir. Gum Arabic karbonhidrat k\u00f6kenlidir ve ba\u011f\u0131rsakta par\u00e7alanma","og_url":"https:\/\/akerkimya.com\/eticaret\/urun\/gum-arabic-arap-zamki\/","og_site_name":"Akerkimya","article_modified_time":"2026-05-05T14:13:56+00:00","og_image":[{"width":1000,"height":1000,"url":"https:\/\/akerkimya.com\/eticaret\/wp-content\/uploads\/2025\/01\/GUM-ARABIC-GUNCEL.png","type":"image\/png"}],"twitter_card":"summary_large_image","twitter_misc":{"Tahmini okuma s\u00fcresi":"2 dakika"},"schema":{"@context":"https:\/\/schema.org","@graph":[{"@type":"WebPage","@id":"https:\/\/akerkimya.com\/eticaret\/urun\/gum-arabic-arap-zamki\/","url":"https:\/\/akerkimya.com\/eticaret\/urun\/gum-arabic-arap-zamki\/","name":"GUM ARAB\u0130C (ARAP ZAMKI) - Akerkimya","isPartOf":{"@id":"https:\/\/akerkimya.com\/eticaret\/#website"},"datePublished":"2025-01-01T18:38:23+00:00","dateModified":"2026-05-05T14:13:56+00:00","breadcrumb":{"@id":"https:\/\/akerkimya.com\/eticaret\/urun\/gum-arabic-arap-zamki\/#breadcrumb"},"inLanguage":"tr","potentialAction":[{"@type":"ReadAction","target":["https:\/\/akerkimya.com\/eticaret\/urun\/gum-arabic-arap-zamki\/"]}]},{"@type":"BreadcrumbList","@id":"https:\/\/akerkimya.com\/eticaret\/urun\/gum-arabic-arap-zamki\/#breadcrumb","itemListElement":[{"@type":"ListItem","position":1,"name":"Home","item":"https:\/\/akerkimya.com\/eticaret\/"},{"@type":"ListItem","position":2,"name":"Market","item":"https:\/\/akerkimya.com\/eticaret\/market\/"},{"@type":"ListItem","position":3,"name":"GUM ARAB\u0130C (ARAP ZAMKI)"}]},{"@type":"WebSite","@id":"https:\/\/akerkimya.com\/eticaret\/#website","url":"https:\/\/akerkimya.com\/eticaret\/","name":"Akerkimya","description":"","potentialAction":[{"@type":"SearchAction","target":{"@type":"EntryPoint","urlTemplate":"https:\/\/akerkimya.com\/eticaret\/?s={search_term_string}"},"query-input":"required name=search_term_string"}],"inLanguage":"tr"}]}},"_links":{"self":[{"href":"https:\/\/akerkimya.com\/eticaret\/wp-json\/wp\/v2\/product\/16873","targetHints":{"allow":["GET"]}}],"collection":[{"href":"https:\/\/akerkimya.com\/eticaret\/wp-json\/wp\/v2\/product"}],"about":[{"href":"https:\/\/akerkimya.com\/eticaret\/wp-json\/wp\/v2\/types\/product"}],"replies":[{"embeddable":true,"href":"https:\/\/akerkimya.com\/eticaret\/wp-json\/wp\/v2\/comments?post=16873"}],"version-history":[{"count":2,"href":"https:\/\/akerkimya.com\/eticaret\/wp-json\/wp\/v2\/product\/16873\/revisions"}],"predecessor-version":[{"id":19519,"href":"https:\/\/akerkimya.com\/eticaret\/wp-json\/wp\/v2\/product\/16873\/revisions\/19519"}],"wp:featuredmedia":[{"embeddable":true,"href":"https:\/\/akerkimya.com\/eticaret\/wp-json\/wp\/v2\/media\/16874"}],"wp:attachment":[{"href":"https:\/\/akerkimya.com\/eticaret\/wp-json\/wp\/v2\/media?parent=16873"}],"wp:term":[{"taxonomy":"product_cat","embeddable":true,"href":"https:\/\/akerkimya.com\/eticaret\/wp-json\/wp\/v2\/product_cat?post=16873"},{"taxonomy":"product_tag","embeddable":true,"href":"https:\/\/akerkimya.com\/eticaret\/wp-json\/wp\/v2\/product_tag?post=16873"}],"curies":[{"name":"wp","href":"https:\/\/api.w.org\/{rel}","templated":true}]}}