{"id":16883,"date":"2025-01-01T21:56:28","date_gmt":"2025-01-01T18:56:28","guid":{"rendered":"https:\/\/akerkimya.com\/eticaret\/?post_type=product&#038;p=16883"},"modified":"2026-05-08T15:33:47","modified_gmt":"2026-05-08T12:33:47","slug":"hidrojen-peroksit","status":"publish","type":"product","link":"https:\/\/akerkimya.com\/eticaret\/urun\/hidrojen-peroksit\/","title":{"rendered":"H\u0130DROJEN PEROKS\u0130T"},"content":{"rendered":"<h1>H\u0130DROJEN PEROKS\u0130T<\/h1>\n<p><strong>Hidrojen peroksit, H2O2 form\u00fcl\u00fcne sahip yayg\u0131n ad\u0131yla oksijenli su olarak bilinen tipik olarak zay\u0131f asitli bir kimyasal \u00e7\u00f6zeltidir. Saf haldeyken sudan daha ak\u0131\u015fkand\u0131r. Hidrojen peroksit en temel peroksittir. Oksitleyici, a\u011fartma maddesi ve antiseptik olarak g\u00f6rev g\u00f6r\u00fcr. <\/strong><\/p>\n<p><strong>\u00a0<\/strong><\/p>\n<p><strong>H\u0130DROJEN PEROKS\u0130T \u00d6ZELL\u0130KLER\u0130<\/strong><\/p>\n<p><strong>Soluk mavi renkli s\u0131v\u0131 formdad\u0131r.<\/strong><\/p>\n<p><strong>Hafif asidik bir kokusu vard\u0131r.<\/strong><\/p>\n<p><strong>Karars\u0131z bir kimyasald\u0131r.<\/strong><\/p>\n<p><strong>Hidrojen peroksitin akmazl\u0131k de\u011feri, sudan daha y\u00fcksektir.<\/strong><\/p>\n<p><strong>Reaktif bir oksijen t\u00fcr\u00fcd\u00fcr.<\/strong><\/p>\n<p><strong>\u00c7\u00f6zelti i\u00e7erisindeki konsantrasyon artt\u0131k\u00e7a kaynama noktas\u0131 artarken donma noktas\u0131 d\u00fc\u015fmektedir.<\/strong><\/p>\n<p><strong>\u00a0<\/strong><\/p>\n<p><strong>TEKN\u0130K \u00d6ZELL\u0130KLER\u0130<\/strong><\/p>\n<p><strong>CAS NUMARASI: 7722-84-1<\/strong><\/p>\n<p><strong>EC NUMARASI: 231-765-0<\/strong><\/p>\n<p><strong>MOLEK\u00dcLER FORM\u00dcL: H2O2<\/strong><\/p>\n<p><strong>K\u0130MYASAL ADI: Hidrojen Peroksit, Perhidrol, D\u0130hidrojen dioksit, Peroksit<\/strong><\/p>\n<p><strong>DONMA NOKTASI: -0,43 \u00b0C<\/strong><\/p>\n<p><strong>KAYNAMA NOKTASI: 150,2 \u00b0C<\/strong><\/p>\n<p><strong>MOLAR K\u00dcTLE: 34,0147 g\/mol<\/strong><\/p>\n<p><strong>YO\u011eUNLUK: 1.135 g\/cm\u00b3 (20 \u00b0C,0), 1.450 g\/cm\u00b3 (20\u00b0C, saf)<\/strong><\/p>\n<p><strong>AS\u0130TL\u0130K (pKa): 11.75<\/strong><\/p>\n<p><strong>KIRILMA \u0130NDEKS\u0130 (nD): <\/strong><\/p>\n<p><strong>V\u0130SKOZ\u0130TE: 1.245 Cp (20\u00b0C)<\/strong><\/p>\n<p><strong>D\u0130POL MOMENT: 2.26 D<\/strong><\/p>\n<p><strong>\u00a0<\/strong><\/p>\n<p><strong>KULLANIM ALANLARI<\/strong><\/p>\n<p><strong>Hidrojen peroksit \u00fcretiminin %60\u2019 \u0131 hamur ve k\u00e2\u011f\u0131t a\u011fartma i\u00e7in kullan\u0131lmaktad\u0131r.<\/strong><\/p>\n<p><strong>Aseton peroksit gibi organik peroksit bazl\u0131 patlay\u0131c\u0131lar olu\u015fturmak i\u00e7in hidrojen peroksit kullan\u0131l\u0131r.<\/strong><\/p>\n<p><strong>Akne tedavilerinde hidrojen peroksit kullan\u0131l\u0131r.<\/strong><\/p>\n<p><strong>Perasetik asit ve meta-kloroperoksibenzoik asit gibi peroksi asitler de hidrojen peroksit kullan\u0131larak \u00fcretilir.<\/strong><\/p>\n<p><strong>At\u0131k su ar\u0131tma i\u015flemlerinde organik safs\u0131zlar\u0131 gidermek i\u00e7in kullan\u0131l\u0131r.<\/strong><\/p>\n<p><strong>Hidrojen peroksit sulu amonyak ile kar\u0131\u015ft\u0131r\u0131larak sa\u00e7 rengini a\u011fartmak i\u00e7in kullan\u0131l\u0131r.<\/strong><\/p>\n<p><strong>Kan lekesi temizleme ajan\u0131 olarak kullan\u0131l\u0131r.<\/strong><\/p>\n<p><strong>Metal\u00fcrji sekt\u00f6r\u00fcnde metalik y\u00fczey olu\u015fturmak i\u00e7in kullan\u0131l\u0131r.<\/strong><\/p>\n<p><strong>Temizlik ve dezenfekte edici ajan olarak kullan\u0131lmaktad\u0131r.<\/strong><\/p>\n<p><strong>Grip ila\u00e7lar\u0131n\u0131n imalat\u0131nda bir bile\u015fen olarak kullan\u0131l\u0131r.<\/strong><\/p>\n<p><strong>Tar\u0131m alan\u0131nda damla sulama sistemlerinde, sulama hortumlar\u0131n\u0131n t\u0131kanmas\u0131n\u0131 \u00f6nlemek i\u00e7in kimyasal dezenfeksiyon yap\u0131lmaktad\u0131r.<\/strong><\/p>\n<p><strong>Tekstil sekt\u00f6r\u00fcnde, denim \u00fcr\u00fcnlerinde a\u011fartma maddesi olarak kullan\u0131l\u0131r. <\/strong><\/p>\n<p><strong>Kozmetik sekt\u00f6r\u00fcnde sa\u00e7 a\u00e7\u0131c\u0131 \u00fcr\u00fcnlerin \u00fcretiminde oksitleyici madde olarak kullan\u0131l\u0131r.<\/strong><\/p>\n<p><strong>G\u0131da maddelerinde beyazlat\u0131c\u0131 madde olarak kullan\u0131l\u0131r.<\/strong><\/p>\n<p><strong>T\u0131p sekt\u00f6r\u00fcnde, mantar, bakteri ve vir\u00fcslerden olu\u015fan enfeksiyonlar\u0131 azaltmak i\u00e7in kullan\u0131l\u0131r.<\/strong><\/p>\n<p><strong>Sa\u00e7 k\u0131v\u0131rma ve d\u00fczle\u015ftirme i\u015flemlerinde sa\u00e7 sabitleme kimyasal\u0131 olarak kullan\u0131l\u0131r.<\/strong><\/p>\n<p><strong>S\u00fclf\u00fcrik asit ile kombine edilerek devre kartlar\u0131n\u0131n \u00fcretiminde a\u015f\u0131nd\u0131r\u0131c\u0131 madde olarak kullan\u0131lmaktad\u0131r.<\/strong><\/p>\n<p><strong>Kulak t\u0131kan\u0131kl\u0131\u011f\u0131n\u0131 gidermek i\u00e7in kullan\u0131lan sol\u00fcsyonlar\u0131n \u00fcretiminde kullan\u0131l\u0131r.<\/strong><\/p>\n<p><strong>Beyaz giysilerin kuru temizleme i\u015flemlerinde \u00e7\u00f6z\u00fcc\u00fc-deterjan banyolar\u0131nda kullan\u0131l\u0131r.<\/strong><\/p>\n<p><strong>Y\u00fczme havuzu dezenfeksiyon i\u015flemlerde kullan\u0131lmaktad\u0131r.<\/strong><\/p>\n<p><strong>Maden sekt\u00f6r\u00fcnde \u00e7e\u015fitli maddelerin zehirleyici etkilerinin giderilmesinde kullan\u0131l\u0131r.<\/strong><\/p>\n<p><strong>End\u00fcstriyel ekipman temizli\u011finde oksidant olarak kullan\u0131l\u0131r.<\/strong><\/p>\n<p><strong>Soya ya\u011f\u0131 \u00fcretiminde kullan\u0131lan PVC plastisollerinin imalat\u0131nda kullan\u0131l\u0131r.<\/strong><\/p>\n<p><strong>Alkol gruplar\u0131n\u0131n oksidasyonunun engellenmesi i\u00e7in kataliz\u00f6r olarak i\u015flem g\u00f6r\u00fcr.<\/strong><\/p>\n<p><strong>Roket g\u00fc\u00e7lendirme de, uzay yolculuklar\u0131nda ve yar\u0131\u015f ara\u00e7lar\u0131nda yak\u0131t olarak kullan\u0131lmaktad\u0131r.<\/strong><\/p>\n<p><strong>K\u00fcfleri temizleme kullan\u0131lan etkili bir kimyasald\u0131r.<\/strong><\/p>\n<p><strong>Naylon ve elyaf imalat\u0131nda kaprolaktam\u0131n \u00fcretiminde kullan\u0131l\u0131r.<\/strong><\/p>\n<p><strong>Superfund b\u00f6lgelerinde olu\u015fan veya olu\u015fmu\u015f olan zararl\u0131 etkilerinin anla\u015f\u0131lmas\u0131yla ve bunlar\u0131n giderilmesi i\u00e7in kullan\u0131lmaktad\u0131r.<\/strong><\/p>\n<p><strong>Zincir metal \u00fcretiminde kullan\u0131lmaktad\u0131r.<\/strong><\/p>\n<p><strong>LCD\u2019lere elektrik sa\u011flayan bak\u0131r devrelerin kaz\u0131nmas\u0131 i\u00e7in kullan\u0131lmaktad\u0131r.<\/strong><\/p>\n<p><strong>Pharma kalite Pvp K90 \u00fcretiminde toksik safs\u0131zl\u0131klar\u0131n giderilmesi i\u00e7in amonyak ile birlikte kullan\u0131l\u0131r.<\/strong><\/p>\n<p><strong>Epoksi ve polimer \u00fcr\u00fcnlerin \u00fcretiminde ki kostik banyolar\u0131nda kullan\u0131l\u0131r.<\/strong><\/p>\n<p><strong>Petrol, gaz ve petrokimya rafineleri uygulamalar\u0131nda kullan\u0131l\u0131r.<\/strong><\/p>\n<p><strong>Zeytinya\u011f\u0131 ve pirina ya\u011f\u0131n\u0131n rengini a\u00e7mak i\u00e7in kullan\u0131l\u0131r.<\/strong><\/p>\n<p><strong>\u00a0<\/strong><\/p>\n<p><strong>AMBALAJ<\/strong><\/p>\n<p><strong>1-5-10-65 kg bidonlar ve 1200 kg \u0131bc halinde <\/strong><\/p>\n<p><strong>\u00a0<\/strong><\/p>\n<p><strong>DEPOLAMA<\/strong><\/p>\n<p><strong>Serin ve kuru bir alanda muhafaza ediniz.<\/strong><\/p>\n","protected":false},"excerpt":{"rendered":"<p>H\u0130DROJEN PEROKS\u0130T Hidrojen peroksit, H2O2 form\u00fcl\u00fcne sahip yayg\u0131n ad\u0131yla oksijenli su olarak bilinen tipik olarak zay\u0131f asitli bir kimyasal \u00e7\u00f6zeltidir.<\/p>\n","protected":false},"featured_media":16881,"comment_status":"open","ping_status":"closed","template":"","meta":{"_joinchat":[]},"product_cat":[73,74,76,78,79,80],"product_tag":[],"class_list":{"0":"post-16883","1":"product","2":"type-product","3":"status-publish","4":"has-post-thumbnail","6":"product_cat-deri-ve-tekstil-kimyasallari","7":"product_cat-deterjan-ve-kozmetik-kimyasallari","8":"product_cat-gida-ve-katki-kimyasallari","9":"product_cat-metal-dokum-kaplama","10":"product_cat-tarim-kimyasallari","11":"product_cat-veteriner-ve-ilac-kimyasallari","13":"first","14":"instock","15":"shipping-taxable","16":"purchasable","17":"product-type-variable"},"yoast_head":"<!-- This site is optimized with the Yoast SEO Premium plugin v20.2.1 (Yoast SEO v20.2.1) - https:\/\/yoast.com\/wordpress\/plugins\/seo\/ -->\n<title>H\u0130DROJEN PEROKS\u0130T - Akerkimya<\/title>\n<meta name=\"robots\" content=\"index, follow, max-snippet:-1, max-image-preview:large, max-video-preview:-1\" \/>\n<link rel=\"canonical\" href=\"https:\/\/akerkimya.com\/eticaret\/urun\/hidrojen-peroksit\/\" \/>\n<meta property=\"og:locale\" content=\"tr_TR\" \/>\n<meta property=\"og:type\" content=\"article\" \/>\n<meta property=\"og:title\" content=\"H\u0130DROJEN PEROKS\u0130T\" \/>\n<meta property=\"og:description\" content=\"H\u0130DROJEN PEROKS\u0130T Hidrojen peroksit, H2O2 form\u00fcl\u00fcne sahip yayg\u0131n ad\u0131yla oksijenli su olarak bilinen tipik olarak zay\u0131f asitli bir kimyasal \u00e7\u00f6zeltidir.\" \/>\n<meta property=\"og:url\" content=\"https:\/\/akerkimya.com\/eticaret\/urun\/hidrojen-peroksit\/\" \/>\n<meta property=\"og:site_name\" content=\"Akerkimya\" \/>\n<meta property=\"article:modified_time\" content=\"2026-05-08T12:33:47+00:00\" \/>\n<meta property=\"og:image\" content=\"https:\/\/akerkimya.com\/eticaret\/wp-content\/uploads\/2025\/01\/HIDROJEN-PEROKSIT-GUNCEL-1.png\" \/>\n\t<meta property=\"og:image:width\" content=\"1000\" \/>\n\t<meta property=\"og:image:height\" content=\"1000\" \/>\n\t<meta property=\"og:image:type\" content=\"image\/png\" \/>\n<meta name=\"twitter:card\" content=\"summary_large_image\" \/>\n<meta name=\"twitter:label1\" content=\"Tahmini okuma s\u00fcresi\" \/>\n\t<meta name=\"twitter:data1\" content=\"3 dakika\" \/>\n<script type=\"application\/ld+json\" class=\"yoast-schema-graph\">{\"@context\":\"https:\/\/schema.org\",\"@graph\":[{\"@type\":\"WebPage\",\"@id\":\"https:\/\/akerkimya.com\/eticaret\/urun\/hidrojen-peroksit\/\",\"url\":\"https:\/\/akerkimya.com\/eticaret\/urun\/hidrojen-peroksit\/\",\"name\":\"H\u0130DROJEN PEROKS\u0130T - Akerkimya\",\"isPartOf\":{\"@id\":\"https:\/\/akerkimya.com\/eticaret\/#website\"},\"datePublished\":\"2025-01-01T18:56:28+00:00\",\"dateModified\":\"2026-05-08T12:33:47+00:00\",\"breadcrumb\":{\"@id\":\"https:\/\/akerkimya.com\/eticaret\/urun\/hidrojen-peroksit\/#breadcrumb\"},\"inLanguage\":\"tr\",\"potentialAction\":[{\"@type\":\"ReadAction\",\"target\":[\"https:\/\/akerkimya.com\/eticaret\/urun\/hidrojen-peroksit\/\"]}]},{\"@type\":\"BreadcrumbList\",\"@id\":\"https:\/\/akerkimya.com\/eticaret\/urun\/hidrojen-peroksit\/#breadcrumb\",\"itemListElement\":[{\"@type\":\"ListItem\",\"position\":1,\"name\":\"Home\",\"item\":\"https:\/\/akerkimya.com\/eticaret\/\"},{\"@type\":\"ListItem\",\"position\":2,\"name\":\"Market\",\"item\":\"https:\/\/akerkimya.com\/eticaret\/market\/\"},{\"@type\":\"ListItem\",\"position\":3,\"name\":\"H\u0130DROJEN PEROKS\u0130T\"}]},{\"@type\":\"WebSite\",\"@id\":\"https:\/\/akerkimya.com\/eticaret\/#website\",\"url\":\"https:\/\/akerkimya.com\/eticaret\/\",\"name\":\"Akerkimya\",\"description\":\"\",\"potentialAction\":[{\"@type\":\"SearchAction\",\"target\":{\"@type\":\"EntryPoint\",\"urlTemplate\":\"https:\/\/akerkimya.com\/eticaret\/?s={search_term_string}\"},\"query-input\":\"required name=search_term_string\"}],\"inLanguage\":\"tr\"}]}<\/script>\n<!-- \/ Yoast SEO Premium plugin. -->","yoast_head_json":{"title":"H\u0130DROJEN PEROKS\u0130T - Akerkimya","robots":{"index":"index","follow":"follow","max-snippet":"max-snippet:-1","max-image-preview":"max-image-preview:large","max-video-preview":"max-video-preview:-1"},"canonical":"https:\/\/akerkimya.com\/eticaret\/urun\/hidrojen-peroksit\/","og_locale":"tr_TR","og_type":"article","og_title":"H\u0130DROJEN PEROKS\u0130T","og_description":"H\u0130DROJEN PEROKS\u0130T Hidrojen peroksit, H2O2 form\u00fcl\u00fcne sahip yayg\u0131n ad\u0131yla oksijenli su olarak bilinen tipik olarak zay\u0131f asitli bir kimyasal \u00e7\u00f6zeltidir.","og_url":"https:\/\/akerkimya.com\/eticaret\/urun\/hidrojen-peroksit\/","og_site_name":"Akerkimya","article_modified_time":"2026-05-08T12:33:47+00:00","og_image":[{"width":1000,"height":1000,"url":"https:\/\/akerkimya.com\/eticaret\/wp-content\/uploads\/2025\/01\/HIDROJEN-PEROKSIT-GUNCEL-1.png","type":"image\/png"}],"twitter_card":"summary_large_image","twitter_misc":{"Tahmini okuma s\u00fcresi":"3 dakika"},"schema":{"@context":"https:\/\/schema.org","@graph":[{"@type":"WebPage","@id":"https:\/\/akerkimya.com\/eticaret\/urun\/hidrojen-peroksit\/","url":"https:\/\/akerkimya.com\/eticaret\/urun\/hidrojen-peroksit\/","name":"H\u0130DROJEN PEROKS\u0130T - Akerkimya","isPartOf":{"@id":"https:\/\/akerkimya.com\/eticaret\/#website"},"datePublished":"2025-01-01T18:56:28+00:00","dateModified":"2026-05-08T12:33:47+00:00","breadcrumb":{"@id":"https:\/\/akerkimya.com\/eticaret\/urun\/hidrojen-peroksit\/#breadcrumb"},"inLanguage":"tr","potentialAction":[{"@type":"ReadAction","target":["https:\/\/akerkimya.com\/eticaret\/urun\/hidrojen-peroksit\/"]}]},{"@type":"BreadcrumbList","@id":"https:\/\/akerkimya.com\/eticaret\/urun\/hidrojen-peroksit\/#breadcrumb","itemListElement":[{"@type":"ListItem","position":1,"name":"Home","item":"https:\/\/akerkimya.com\/eticaret\/"},{"@type":"ListItem","position":2,"name":"Market","item":"https:\/\/akerkimya.com\/eticaret\/market\/"},{"@type":"ListItem","position":3,"name":"H\u0130DROJEN PEROKS\u0130T"}]},{"@type":"WebSite","@id":"https:\/\/akerkimya.com\/eticaret\/#website","url":"https:\/\/akerkimya.com\/eticaret\/","name":"Akerkimya","description":"","potentialAction":[{"@type":"SearchAction","target":{"@type":"EntryPoint","urlTemplate":"https:\/\/akerkimya.com\/eticaret\/?s={search_term_string}"},"query-input":"required name=search_term_string"}],"inLanguage":"tr"}]}},"_links":{"self":[{"href":"https:\/\/akerkimya.com\/eticaret\/wp-json\/wp\/v2\/product\/16883","targetHints":{"allow":["GET"]}}],"collection":[{"href":"https:\/\/akerkimya.com\/eticaret\/wp-json\/wp\/v2\/product"}],"about":[{"href":"https:\/\/akerkimya.com\/eticaret\/wp-json\/wp\/v2\/types\/product"}],"replies":[{"embeddable":true,"href":"https:\/\/akerkimya.com\/eticaret\/wp-json\/wp\/v2\/comments?post=16883"}],"version-history":[{"count":2,"href":"https:\/\/akerkimya.com\/eticaret\/wp-json\/wp\/v2\/product\/16883\/revisions"}],"predecessor-version":[{"id":18188,"href":"https:\/\/akerkimya.com\/eticaret\/wp-json\/wp\/v2\/product\/16883\/revisions\/18188"}],"wp:featuredmedia":[{"embeddable":true,"href":"https:\/\/akerkimya.com\/eticaret\/wp-json\/wp\/v2\/media\/16881"}],"wp:attachment":[{"href":"https:\/\/akerkimya.com\/eticaret\/wp-json\/wp\/v2\/media?parent=16883"}],"wp:term":[{"taxonomy":"product_cat","embeddable":true,"href":"https:\/\/akerkimya.com\/eticaret\/wp-json\/wp\/v2\/product_cat?post=16883"},{"taxonomy":"product_tag","embeddable":true,"href":"https:\/\/akerkimya.com\/eticaret\/wp-json\/wp\/v2\/product_tag?post=16883"}],"curies":[{"name":"wp","href":"https:\/\/api.w.org\/{rel}","templated":true}]}}