{"id":16890,"date":"2025-01-01T22:03:16","date_gmt":"2025-01-01T19:03:16","guid":{"rendered":"https:\/\/akerkimya.com\/eticaret\/?post_type=product&#038;p=16890"},"modified":"2026-05-06T15:01:13","modified_gmt":"2026-05-06T12:01:13","slug":"hidroklorik-asit","status":"publish","type":"product","link":"https:\/\/akerkimya.com\/eticaret\/urun\/hidroklorik-asit\/","title":{"rendered":"H\u0130DROKLOR\u0130K AS\u0130T"},"content":{"rendered":"<h1>H\u0130DROKLOR\u0130K AS\u0130T<\/h1>\n<p><strong>Hidroklorik asit HCL form\u00fcl\u00fc ile g\u00f6sterilen, halk aras\u0131nda tuz ruhu olarak ta bilinen bir inorganik asittir. Bir klor atomu ve bir hidrojen atomundan olu\u015fur. Oda s\u0131cakl\u0131\u011f\u0131nda normal bas\u0131n\u00e7ta gaz halinde olan Hidrojen Klor\u00fcr\u00fcn s\u0131v\u0131 \u00e7\u00f6zeltisine Hidroklorik Asit denir.<\/strong><\/p>\n<p><strong>\u00a0<\/strong><\/p>\n<p><strong>H\u0130DROKLOR\u0130K AS\u0130T \u00d6ZELL\u0130KLER\u0130<\/strong><\/p>\n<p><strong>Renksiz- a\u00e7\u0131k sar\u0131 renkte keskin bir kokusu olan berrak \u00e7\u00f6zeltidir.<\/strong><\/p>\n<p><strong>Zehirli bir asittir.<\/strong><\/p>\n<p><strong>Metallerle reaksiyona girdi\u011finde yan\u0131c\u0131 hidrojen gaz\u0131 a\u00e7\u0131\u011fa \u00e7\u0131kar.<\/strong><\/p>\n<p><strong>Oksitleyici maddelerle reaksiyonunda zehirli gaz olan klor gaz\u0131 a\u00e7\u0131\u011fa \u00e7\u0131kar.<\/strong><\/p>\n<p><strong>Oda s\u0131cakl\u0131\u011f\u0131ndaki bir litre suda, ortalama 450 litre kadar y\u00fcksek oranda \u00e7\u00f6z\u00fcnmektedir.<\/strong><\/p>\n<p><strong>Amonyak ve sodyum karbonat gibi bazlara etkisi fazlad\u0131r.<\/strong><\/p>\n<p><strong>Organik bile\u015fiklerle etkile\u015fim kurdu\u011funda, klorlu \u00fcr\u00fcnler elde edilebilir.<\/strong><\/p>\n<p><strong>\u00a0<\/strong><\/p>\n<p><strong>TEKN\u0130K \u00d6ZELL\u0130KLER\u0130<\/strong><\/p>\n<p><strong>CAS NUMARASI: 7647-01-0<\/strong><\/p>\n<p><strong>EC NUMARASI: 231-595-7<\/strong><\/p>\n<p><strong>FORM\u00dcL: HCL<\/strong><\/p>\n<p><strong>K\u0130MYASAL ADI. Muriatik acid, Chlorohydric acid<\/strong><\/p>\n<p><strong>MOLAR K\u00dcTLE: 46,458 g\/mol<\/strong><\/p>\n<p><strong>MOLEK\u00dcL K\u00dcTLES\u0130: 36,46 g\/mol <\/strong><\/p>\n<p><strong>ER\u0130ME NOKTASI: -27.32 \u00b0C<\/strong><\/p>\n<p><strong>KAYNAMA NOKTASI: -85,05 \u00b0C<\/strong><\/p>\n<p><strong>YO\u011eUNLUK: 1.18 g\/cm\u00b3<\/strong><\/p>\n<p><strong>SAFLIK (%): 30-32<\/strong><\/p>\n<p><strong>SINIFLANDIRMA: Mineral asit <\/strong><\/p>\n<p><strong>\u00a0<\/strong><\/p>\n<p><strong>KULLANIM ALANLARI<\/strong><\/p>\n<p><strong>\u00c7eli\u011fin temizlenmesi i\u00e7in kullan\u0131lan dekapaj i\u015fleminde kullan\u0131l\u0131r. Bu i\u015flem \u00f6ncesinde, demir <\/strong><\/p>\n<p><strong>\u00fczerinde pas %18 deri\u015fimindeki Hidroklorik asit ile al\u0131n\u0131r.<\/strong><\/p>\n<p><strong>Hidroklorik asit, PVC adl\u0131 madde i\u00e7in \u00fcretilen vinil klorit gibi organik bile\u015fikler \u00fcretmektedir.<\/strong><\/p>\n<p><strong>Farmakoloji alan\u0131nda kullan\u0131lacak bile\u015fik ve ila\u00e7lar\u0131n \u00fcretiminde kullan\u0131l\u0131r.<\/strong><\/p>\n<p><strong>Teflonun \u00fcretiminde kullan\u0131l\u0131r.<\/strong><\/p>\n<p><strong>Demir klor\u00fcr veya polial\u00fcminyum klor\u00fcr gibi maddeler asit-baz tepkimesi le sudan ayr\u0131\u015fabilmektedirler. Bu tepkimede bulunun asitlerden biride hidroklorik asittir. Bu sayede, su ar\u0131tma tesislerinde kullan\u0131l\u0131r. <\/strong><\/p>\n<p><strong>K\u00e2\u011f\u0131t, pil, ak\u00fc \u00fcretimlerinde de hidroklorik asit kullan\u0131l\u0131r.<\/strong><\/p>\n<p><strong>G\u0131da, ila\u00e7, havuz ve i\u00e7me suyundaki ph de\u011ferlerini kontrol etmekte kullan\u0131l\u0131r.<\/strong><\/p>\n<p><strong>Re\u00e7inelerin temizlenmesinde kullan\u0131l\u0131r.<\/strong><\/p>\n<p><strong>Hidroklorik asit, kimyadaki ara maddelerden biridir.<\/strong><\/p>\n<p><strong>Sanayi dal\u0131nda, deri i\u015flemecili\u011finde, ev temizli\u011finde, in\u015faat sanayisinde kullan\u0131l\u0131r.<\/strong><\/p>\n<p><strong>Petrol ara\u015ft\u0131rmalar\u0131nda, kayalar\u0131n i\u00e7ine hidroklorik asit enjekte edilerek, petrol\u00fcn varl\u0131\u011f\u0131 veya kalitesi hakk\u0131nda bilgi al\u0131nmas\u0131na yard\u0131mc\u0131 olur.<\/strong><\/p>\n<p><strong>G\u0131da sekt\u00f6r\u00fcnde katk\u0131 maddelerinin yap\u0131m\u0131nda kullan\u0131lmaktad\u0131r.<\/strong><\/p>\n<p><strong>Tekstil ve boya alanlar\u0131nda da kullan\u0131m\u0131 mevcuttur.<\/strong><\/p>\n<p><strong>\u00a0<\/strong><\/p>\n<p><strong>G\u00dcVENL\u0130K<\/strong><\/p>\n<p><strong>Gaz halindeki bir miktar hidroklorik asitin solunumu ba\u015ftan sona t\u00fcm solunum sistemini tahrip edebilmektedir.<\/strong><\/p>\n<p><strong>S\u0131v\u0131 halde yere d\u00f6k\u00fcld\u00fc\u011f\u00fc \u00e7o\u011fu y\u00fczeyi eritmektedir.<\/strong><\/p>\n<p><strong>Hidroklorik asit ve \u00e7ama\u015f\u0131r suyunun birlikte kullan\u0131lmas\u0131 zehirlenmelere yol a\u00e7abilir.<\/strong><\/p>\n<p><strong>G\u00f6zler ve deri i\u00e7in tahri\u015f edicidir.<\/strong><\/p>\n<p><strong>\u00a0<\/strong><\/p>\n<p><strong>AMBALAJ<\/strong><\/p>\n<p><strong>73 kg bidon- 1200 kg IBC<\/strong><\/p>\n<p><strong>\u00a0<\/strong><\/p>\n<p><strong>DEPOLAMA <\/strong><\/p>\n<p><strong>A\u011fz\u0131 s\u0131k\u0131ca kapat\u0131lm\u0131\u015f kaplarda saklanmal\u0131d\u0131r. Metaller i\u00e7in a\u015f\u0131nd\u0131r\u0131c\u0131 olu\u011fu i\u00e7in kesinlikle metal olmayan kaplarda saklanmal\u0131 ve saklan\u0131lan ortam iyi havaland\u0131r\u0131lmal\u0131d\u0131r.<\/strong><\/p>\n","protected":false},"excerpt":{"rendered":"<p>H\u0130DROKLOR\u0130K AS\u0130T Hidroklorik asit HCL form\u00fcl\u00fc ile g\u00f6sterilen, halk aras\u0131nda tuz ruhu olarak ta bilinen bir inorganik asittir. Bir klor<\/p>\n","protected":false},"featured_media":16891,"comment_status":"open","ping_status":"closed","template":"","meta":{"_joinchat":[]},"product_cat":[73,76,80],"product_tag":[],"class_list":{"0":"post-16890","1":"product","2":"type-product","3":"status-publish","4":"has-post-thumbnail","6":"product_cat-deri-ve-tekstil-kimyasallari","7":"product_cat-gida-ve-katki-kimyasallari","8":"product_cat-veteriner-ve-ilac-kimyasallari","10":"first","11":"instock","12":"shipping-taxable","13":"purchasable","14":"product-type-variable"},"yoast_head":"<!-- This site is optimized with the Yoast SEO Premium plugin v20.2.1 (Yoast SEO v20.2.1) - https:\/\/yoast.com\/wordpress\/plugins\/seo\/ -->\n<title>H\u0130DROKLOR\u0130K AS\u0130T - Akerkimya<\/title>\n<meta name=\"robots\" content=\"index, follow, max-snippet:-1, max-image-preview:large, max-video-preview:-1\" \/>\n<link rel=\"canonical\" href=\"https:\/\/akerkimya.com\/eticaret\/urun\/hidroklorik-asit\/\" \/>\n<meta property=\"og:locale\" content=\"tr_TR\" \/>\n<meta property=\"og:type\" content=\"article\" \/>\n<meta property=\"og:title\" content=\"H\u0130DROKLOR\u0130K AS\u0130T\" \/>\n<meta property=\"og:description\" content=\"H\u0130DROKLOR\u0130K AS\u0130T Hidroklorik asit HCL form\u00fcl\u00fc ile g\u00f6sterilen, halk aras\u0131nda tuz ruhu olarak ta bilinen bir inorganik asittir. Bir klor\" \/>\n<meta property=\"og:url\" content=\"https:\/\/akerkimya.com\/eticaret\/urun\/hidroklorik-asit\/\" \/>\n<meta property=\"og:site_name\" content=\"Akerkimya\" \/>\n<meta property=\"article:modified_time\" content=\"2026-05-06T12:01:13+00:00\" \/>\n<meta property=\"og:image\" content=\"https:\/\/akerkimya.com\/eticaret\/wp-content\/uploads\/2025\/01\/HIDROKLORIK-ASIT-GUNCEL.png\" \/>\n\t<meta property=\"og:image:width\" content=\"1000\" \/>\n\t<meta property=\"og:image:height\" content=\"1000\" \/>\n\t<meta property=\"og:image:type\" content=\"image\/png\" \/>\n<meta name=\"twitter:card\" content=\"summary_large_image\" \/>\n<meta name=\"twitter:label1\" content=\"Tahmini okuma s\u00fcresi\" \/>\n\t<meta name=\"twitter:data1\" content=\"2 dakika\" \/>\n<script type=\"application\/ld+json\" class=\"yoast-schema-graph\">{\"@context\":\"https:\/\/schema.org\",\"@graph\":[{\"@type\":\"WebPage\",\"@id\":\"https:\/\/akerkimya.com\/eticaret\/urun\/hidroklorik-asit\/\",\"url\":\"https:\/\/akerkimya.com\/eticaret\/urun\/hidroklorik-asit\/\",\"name\":\"H\u0130DROKLOR\u0130K AS\u0130T - Akerkimya\",\"isPartOf\":{\"@id\":\"https:\/\/akerkimya.com\/eticaret\/#website\"},\"datePublished\":\"2025-01-01T19:03:16+00:00\",\"dateModified\":\"2026-05-06T12:01:13+00:00\",\"breadcrumb\":{\"@id\":\"https:\/\/akerkimya.com\/eticaret\/urun\/hidroklorik-asit\/#breadcrumb\"},\"inLanguage\":\"tr\",\"potentialAction\":[{\"@type\":\"ReadAction\",\"target\":[\"https:\/\/akerkimya.com\/eticaret\/urun\/hidroklorik-asit\/\"]}]},{\"@type\":\"BreadcrumbList\",\"@id\":\"https:\/\/akerkimya.com\/eticaret\/urun\/hidroklorik-asit\/#breadcrumb\",\"itemListElement\":[{\"@type\":\"ListItem\",\"position\":1,\"name\":\"Home\",\"item\":\"https:\/\/akerkimya.com\/eticaret\/\"},{\"@type\":\"ListItem\",\"position\":2,\"name\":\"Market\",\"item\":\"https:\/\/akerkimya.com\/eticaret\/market\/\"},{\"@type\":\"ListItem\",\"position\":3,\"name\":\"H\u0130DROKLOR\u0130K AS\u0130T\"}]},{\"@type\":\"WebSite\",\"@id\":\"https:\/\/akerkimya.com\/eticaret\/#website\",\"url\":\"https:\/\/akerkimya.com\/eticaret\/\",\"name\":\"Akerkimya\",\"description\":\"\",\"potentialAction\":[{\"@type\":\"SearchAction\",\"target\":{\"@type\":\"EntryPoint\",\"urlTemplate\":\"https:\/\/akerkimya.com\/eticaret\/?s={search_term_string}\"},\"query-input\":\"required name=search_term_string\"}],\"inLanguage\":\"tr\"}]}<\/script>\n<!-- \/ Yoast SEO Premium plugin. -->","yoast_head_json":{"title":"H\u0130DROKLOR\u0130K AS\u0130T - Akerkimya","robots":{"index":"index","follow":"follow","max-snippet":"max-snippet:-1","max-image-preview":"max-image-preview:large","max-video-preview":"max-video-preview:-1"},"canonical":"https:\/\/akerkimya.com\/eticaret\/urun\/hidroklorik-asit\/","og_locale":"tr_TR","og_type":"article","og_title":"H\u0130DROKLOR\u0130K AS\u0130T","og_description":"H\u0130DROKLOR\u0130K AS\u0130T Hidroklorik asit HCL form\u00fcl\u00fc ile g\u00f6sterilen, halk aras\u0131nda tuz ruhu olarak ta bilinen bir inorganik asittir. Bir klor","og_url":"https:\/\/akerkimya.com\/eticaret\/urun\/hidroklorik-asit\/","og_site_name":"Akerkimya","article_modified_time":"2026-05-06T12:01:13+00:00","og_image":[{"width":1000,"height":1000,"url":"https:\/\/akerkimya.com\/eticaret\/wp-content\/uploads\/2025\/01\/HIDROKLORIK-ASIT-GUNCEL.png","type":"image\/png"}],"twitter_card":"summary_large_image","twitter_misc":{"Tahmini okuma s\u00fcresi":"2 dakika"},"schema":{"@context":"https:\/\/schema.org","@graph":[{"@type":"WebPage","@id":"https:\/\/akerkimya.com\/eticaret\/urun\/hidroklorik-asit\/","url":"https:\/\/akerkimya.com\/eticaret\/urun\/hidroklorik-asit\/","name":"H\u0130DROKLOR\u0130K AS\u0130T - Akerkimya","isPartOf":{"@id":"https:\/\/akerkimya.com\/eticaret\/#website"},"datePublished":"2025-01-01T19:03:16+00:00","dateModified":"2026-05-06T12:01:13+00:00","breadcrumb":{"@id":"https:\/\/akerkimya.com\/eticaret\/urun\/hidroklorik-asit\/#breadcrumb"},"inLanguage":"tr","potentialAction":[{"@type":"ReadAction","target":["https:\/\/akerkimya.com\/eticaret\/urun\/hidroklorik-asit\/"]}]},{"@type":"BreadcrumbList","@id":"https:\/\/akerkimya.com\/eticaret\/urun\/hidroklorik-asit\/#breadcrumb","itemListElement":[{"@type":"ListItem","position":1,"name":"Home","item":"https:\/\/akerkimya.com\/eticaret\/"},{"@type":"ListItem","position":2,"name":"Market","item":"https:\/\/akerkimya.com\/eticaret\/market\/"},{"@type":"ListItem","position":3,"name":"H\u0130DROKLOR\u0130K AS\u0130T"}]},{"@type":"WebSite","@id":"https:\/\/akerkimya.com\/eticaret\/#website","url":"https:\/\/akerkimya.com\/eticaret\/","name":"Akerkimya","description":"","potentialAction":[{"@type":"SearchAction","target":{"@type":"EntryPoint","urlTemplate":"https:\/\/akerkimya.com\/eticaret\/?s={search_term_string}"},"query-input":"required name=search_term_string"}],"inLanguage":"tr"}]}},"_links":{"self":[{"href":"https:\/\/akerkimya.com\/eticaret\/wp-json\/wp\/v2\/product\/16890","targetHints":{"allow":["GET"]}}],"collection":[{"href":"https:\/\/akerkimya.com\/eticaret\/wp-json\/wp\/v2\/product"}],"about":[{"href":"https:\/\/akerkimya.com\/eticaret\/wp-json\/wp\/v2\/types\/product"}],"replies":[{"embeddable":true,"href":"https:\/\/akerkimya.com\/eticaret\/wp-json\/wp\/v2\/comments?post=16890"}],"version-history":[{"count":3,"href":"https:\/\/akerkimya.com\/eticaret\/wp-json\/wp\/v2\/product\/16890\/revisions"}],"predecessor-version":[{"id":21140,"href":"https:\/\/akerkimya.com\/eticaret\/wp-json\/wp\/v2\/product\/16890\/revisions\/21140"}],"wp:featuredmedia":[{"embeddable":true,"href":"https:\/\/akerkimya.com\/eticaret\/wp-json\/wp\/v2\/media\/16891"}],"wp:attachment":[{"href":"https:\/\/akerkimya.com\/eticaret\/wp-json\/wp\/v2\/media?parent=16890"}],"wp:term":[{"taxonomy":"product_cat","embeddable":true,"href":"https:\/\/akerkimya.com\/eticaret\/wp-json\/wp\/v2\/product_cat?post=16890"},{"taxonomy":"product_tag","embeddable":true,"href":"https:\/\/akerkimya.com\/eticaret\/wp-json\/wp\/v2\/product_tag?post=16890"}],"curies":[{"name":"wp","href":"https:\/\/api.w.org\/{rel}","templated":true}]}}