{"id":16893,"date":"2025-01-01T22:07:21","date_gmt":"2025-01-01T19:07:21","guid":{"rendered":"https:\/\/akerkimya.com\/eticaret\/?post_type=product&#038;p=16893"},"modified":"2026-03-30T02:23:57","modified_gmt":"2026-03-29T23:23:57","slug":"hidroksilamin-sulfat","status":"publish","type":"product","link":"https:\/\/akerkimya.com\/eticaret\/urun\/hidroksilamin-sulfat\/","title":{"rendered":"H\u0130DROKS\u0130LAM\u0130N S\u00dcLFAT"},"content":{"rendered":"<h1>H\u0130DROKS\u0130LAM\u0130N S\u00dcLFAT <\/h1>\n<p><strong>Hidroksilamin s\u00fclfat, (NH2OH)2H2SO4 veya H8N2O6S form\u00fcl\u00fcne sahip hidroksilamin s\u00fclfat tuzudur. Hidroksilaminin s\u00fclf\u00fcrik asit ile asit-baz reaksiyonu sonucunda meydana gelmektedir.<\/strong><\/p>\n<p><strong>\u00a0<\/strong><\/p>\n<p><strong>H\u0130DROKS\u0130LAM\u0130N S\u00dcLFAT \u00d6ZELL\u0130KLER\u0130<\/strong><\/p>\n<p><strong>Beyaz renkte kristal toz formundad\u0131r. Karakteristik bir kokuya sahiptir.<\/strong><\/p>\n<p><strong>Normal ko\u015fullar alt\u0131nda reaktif bir \u00fcr\u00fcn de\u011fildir.<\/strong><\/p>\n<p><strong>Kararl\u0131 bir kimyasald\u0131r.<\/strong><\/p>\n<p><strong>Y\u00fcksek s\u0131cakl\u0131klarda tehlikeli gazlar a\u00e7\u0131\u011fa \u00e7\u0131karabilir. <\/strong><\/p>\n<p><strong>Alkaliler ve nitritlerle, oksitleyici maddelerle, nitratlarla, toz halindeki metallerle, a\u011f\u0131r metal tuzlar\u0131yla reaksiyona girer. <\/strong><\/p>\n<p><strong>Suda kolayca \u00e7\u00f6z\u00fcn\u00fcrken etanolde az \u00e7\u00f6z\u00fcn\u00fcr.<\/strong><\/p>\n<p><strong>\u00a0<\/strong><\/p>\n<p><strong>TEKN\u0130K \u00d6ZELL\u0130KLER\u0130<\/strong><\/p>\n<p><strong>CAS NUMARASI: 10039-54-0<\/strong><\/p>\n<p><strong>MOLEK\u00dcLER FORM\u00dcL: (NH2OH)2H2SO4 veya H8N2O6S<\/strong><\/p>\n<p><strong>K\u0130MYASAL \u0130SM\u0130: Hidroksilamin S\u00fclfat, Hidroksil Amonyum S\u00fclfat, Bis, Kristal S\u00fclfit<\/strong><\/p>\n<p><strong>MOLEK\u00dcL A\u011eIRLI\u011eI: 164,132 g\/mol <\/strong><\/p>\n<p><strong>YO\u011eUNLU\u011eU: 1,88 g\/cm\u00b3<\/strong><\/p>\n<p><strong>ER\u0130ME NOKTASI: 120 \u00b0C<\/strong><\/p>\n<p><strong>KAYNAMA NOKTASI: 56,5 \u00b0C<\/strong><\/p>\n<p><strong>PH: 3,6 g\/l<\/strong><\/p>\n<p><strong>SUDA \u00c7\u00d6Z\u00dcN\u00dcRL\u00dcK: 587 g\/l (20 \u00b0C)<\/strong><\/p>\n<p><strong>\u00a0<\/strong><\/p>\n<p><strong>KULLANIM ALANLARI <\/strong><\/p>\n<p><strong>Serbest radikal polimerizasyonunu sonland\u0131ran ve do\u011fal kau\u00e7ukta bir antioksidan olarak kullan\u0131lan serbest radikal temizleyicidir.<\/strong><\/p>\n<p><strong>Tar\u0131m sekt\u00f6r\u00fcnde, baz\u0131 pestisitler, herbisitler ve b\u00fcy\u00fcme d\u00fczenleyicilerinde sentetik hammadde olarak kullan\u0131l\u0131r.<\/strong><\/p>\n<p><strong>Foto\u011fraf\u00e7\u0131l\u0131kta, renkli foto\u011fraf geli\u015ftiriciler i\u00e7in bir dengeleyici olarak ve renkli em\u00fclsiyonlar\u0131nda katk\u0131 maddesi olarak kullan\u0131l\u0131r.<\/strong><\/p>\n<p><strong>\u0130zoksazol t\u00fcrevi, s\u00fclfonamid ve B6 ve B12 vitaminlerinin \u00fcretiminde kullan\u0131lan farmas\u00f6tiklerin ara maddesidir.<\/strong><\/p>\n<p><strong>Polimerizasyon kataliz\u00f6rlerinin ve kimyasal analiz reaktiflerinin vb. safla\u015ft\u0131r\u0131lmas\u0131 i\u00e7in kullan\u0131l\u0131r.<\/strong><\/p>\n<p><strong>Merkezi sinir sitemi sakinle\u015ftiricilerinde, yat\u0131\u015ft\u0131r\u0131c\u0131larda, y\u00fcksek kan \u015fekeri ila\u00e7lar\u0131nda, yara enfeksiyon \u00f6nleyiciler, idrar s\u00f6kt\u00fcr\u00fcc\u00fcler, s\u0131tma \u00f6nleyici ila\u00e7lar ve diyabet ila\u00e7lar\u0131n\u0131n \u00fcretiminde hammadde olarak kullan\u0131lmaktad\u0131r.<\/strong><\/p>\n<p><strong>\u0130ndirgeme ve metal kompleksleri olu\u015fturma \u00f6zelli\u011finden dolay\u0131, metal y\u00fczey i\u015fleme maddesi, metali ay\u0131rmak i\u00e7in \u00e7\u00f6keltici, metal \u00f6z\u00fctleyici ve pas \u00f6nleyici olarak kullan\u0131lmaktad\u0131r.<\/strong><\/p>\n<p><strong>Do\u011fal kau\u00e7uk i\u00e7in viskozite stabilizat\u00f6r\u00fc, sentetik kau\u00e7uk i\u00e7in ise kirletici olamayan k\u0131sa durdurucu olarak kullan\u0131lmaktad\u0131r.<\/strong><\/p>\n<p><strong>Tekstil sekt\u00f6r\u00fcnde, boya i\u015flemlerinde a\u011fartma sabitleyici olarak kullan\u0131lmaktad\u0131r.<\/strong><\/p>\n<p><strong>Suda bulunan civa ve g\u00fcm\u00fc\u015f metallerinin tespiti i\u00e7in reaktif madde ve indirgen madde olarak kullan\u0131lmaktad\u0131r.<\/strong><\/p>\n<p><strong>\u00a0<\/strong><\/p>\n<p><strong>\u00a0<\/strong><\/p>\n<p><strong>AMBALAJ <\/strong><\/p>\n<p><strong>1-5-25 kg torbalar halinde <\/strong><\/p>\n<p><strong>\u00a0<\/strong><\/p>\n<p><strong>DEPOLAMA <\/strong><\/p>\n<p><strong>Serin ve havaland\u0131r\u0131lm\u0131\u015f bir depoda muhafaza edilmelidir. <\/strong><\/p>\n","protected":false},"excerpt":{"rendered":"<p>H\u0130DROKS\u0130LAM\u0130N S\u00dcLFAT Hidroksilamin s\u00fclfat, (NH2OH)2H2SO4 veya H8N2O6S form\u00fcl\u00fcne sahip hidroksilamin s\u00fclfat tuzudur. Hidroksilaminin s\u00fclf\u00fcrik asit ile asit-baz reaksiyonu sonucunda meydana<\/p>\n","protected":false},"featured_media":16894,"comment_status":"open","ping_status":"closed","template":"","meta":{"_joinchat":[]},"product_cat":[73,78,79,80],"product_tag":[],"class_list":{"0":"post-16893","1":"product","2":"type-product","3":"status-publish","4":"has-post-thumbnail","6":"product_cat-deri-ve-tekstil-kimyasallari","7":"product_cat-metal-dokum-kaplama","8":"product_cat-tarim-kimyasallari","9":"product_cat-veteriner-ve-ilac-kimyasallari","11":"first","12":"instock","13":"shipping-taxable","14":"purchasable","15":"product-type-variable"},"yoast_head":"<!-- This site is optimized with the Yoast SEO Premium plugin v20.2.1 (Yoast SEO v20.2.1) - https:\/\/yoast.com\/wordpress\/plugins\/seo\/ -->\n<title>H\u0130DROKS\u0130LAM\u0130N S\u00dcLFAT - Akerkimya<\/title>\n<meta name=\"robots\" content=\"index, follow, max-snippet:-1, max-image-preview:large, max-video-preview:-1\" \/>\n<link rel=\"canonical\" href=\"https:\/\/akerkimya.com\/eticaret\/urun\/hidroksilamin-sulfat\/\" \/>\n<meta property=\"og:locale\" content=\"tr_TR\" \/>\n<meta property=\"og:type\" content=\"article\" \/>\n<meta property=\"og:title\" content=\"H\u0130DROKS\u0130LAM\u0130N S\u00dcLFAT\" \/>\n<meta property=\"og:description\" content=\"H\u0130DROKS\u0130LAM\u0130N S\u00dcLFAT Hidroksilamin s\u00fclfat, (NH2OH)2H2SO4 veya H8N2O6S form\u00fcl\u00fcne sahip hidroksilamin s\u00fclfat tuzudur. Hidroksilaminin s\u00fclf\u00fcrik asit ile asit-baz reaksiyonu sonucunda meydana\" \/>\n<meta property=\"og:url\" content=\"https:\/\/akerkimya.com\/eticaret\/urun\/hidroksilamin-sulfat\/\" \/>\n<meta property=\"og:site_name\" content=\"Akerkimya\" \/>\n<meta property=\"article:modified_time\" content=\"2026-03-29T23:23:57+00:00\" \/>\n<meta property=\"og:image\" content=\"https:\/\/akerkimya.com\/eticaret\/wp-content\/uploads\/2025\/01\/HIDROKSILAMIN-SULFAT-GUNCEL-.png\" \/>\n\t<meta property=\"og:image:width\" content=\"1000\" \/>\n\t<meta property=\"og:image:height\" content=\"1000\" \/>\n\t<meta property=\"og:image:type\" content=\"image\/png\" \/>\n<meta name=\"twitter:card\" content=\"summary_large_image\" \/>\n<meta name=\"twitter:label1\" content=\"Tahmini okuma s\u00fcresi\" \/>\n\t<meta name=\"twitter:data1\" content=\"2 dakika\" \/>\n<script type=\"application\/ld+json\" class=\"yoast-schema-graph\">{\"@context\":\"https:\/\/schema.org\",\"@graph\":[{\"@type\":\"WebPage\",\"@id\":\"https:\/\/akerkimya.com\/eticaret\/urun\/hidroksilamin-sulfat\/\",\"url\":\"https:\/\/akerkimya.com\/eticaret\/urun\/hidroksilamin-sulfat\/\",\"name\":\"H\u0130DROKS\u0130LAM\u0130N S\u00dcLFAT - Akerkimya\",\"isPartOf\":{\"@id\":\"https:\/\/akerkimya.com\/eticaret\/#website\"},\"datePublished\":\"2025-01-01T19:07:21+00:00\",\"dateModified\":\"2026-03-29T23:23:57+00:00\",\"breadcrumb\":{\"@id\":\"https:\/\/akerkimya.com\/eticaret\/urun\/hidroksilamin-sulfat\/#breadcrumb\"},\"inLanguage\":\"tr\",\"potentialAction\":[{\"@type\":\"ReadAction\",\"target\":[\"https:\/\/akerkimya.com\/eticaret\/urun\/hidroksilamin-sulfat\/\"]}]},{\"@type\":\"BreadcrumbList\",\"@id\":\"https:\/\/akerkimya.com\/eticaret\/urun\/hidroksilamin-sulfat\/#breadcrumb\",\"itemListElement\":[{\"@type\":\"ListItem\",\"position\":1,\"name\":\"Home\",\"item\":\"https:\/\/akerkimya.com\/eticaret\/\"},{\"@type\":\"ListItem\",\"position\":2,\"name\":\"Market\",\"item\":\"https:\/\/akerkimya.com\/eticaret\/market\/\"},{\"@type\":\"ListItem\",\"position\":3,\"name\":\"H\u0130DROKS\u0130LAM\u0130N S\u00dcLFAT\"}]},{\"@type\":\"WebSite\",\"@id\":\"https:\/\/akerkimya.com\/eticaret\/#website\",\"url\":\"https:\/\/akerkimya.com\/eticaret\/\",\"name\":\"Akerkimya\",\"description\":\"\",\"potentialAction\":[{\"@type\":\"SearchAction\",\"target\":{\"@type\":\"EntryPoint\",\"urlTemplate\":\"https:\/\/akerkimya.com\/eticaret\/?s={search_term_string}\"},\"query-input\":\"required name=search_term_string\"}],\"inLanguage\":\"tr\"}]}<\/script>\n<!-- \/ Yoast SEO Premium plugin. -->","yoast_head_json":{"title":"H\u0130DROKS\u0130LAM\u0130N S\u00dcLFAT - Akerkimya","robots":{"index":"index","follow":"follow","max-snippet":"max-snippet:-1","max-image-preview":"max-image-preview:large","max-video-preview":"max-video-preview:-1"},"canonical":"https:\/\/akerkimya.com\/eticaret\/urun\/hidroksilamin-sulfat\/","og_locale":"tr_TR","og_type":"article","og_title":"H\u0130DROKS\u0130LAM\u0130N S\u00dcLFAT","og_description":"H\u0130DROKS\u0130LAM\u0130N S\u00dcLFAT Hidroksilamin s\u00fclfat, (NH2OH)2H2SO4 veya H8N2O6S form\u00fcl\u00fcne sahip hidroksilamin s\u00fclfat tuzudur. Hidroksilaminin s\u00fclf\u00fcrik asit ile asit-baz reaksiyonu sonucunda meydana","og_url":"https:\/\/akerkimya.com\/eticaret\/urun\/hidroksilamin-sulfat\/","og_site_name":"Akerkimya","article_modified_time":"2026-03-29T23:23:57+00:00","og_image":[{"width":1000,"height":1000,"url":"https:\/\/akerkimya.com\/eticaret\/wp-content\/uploads\/2025\/01\/HIDROKSILAMIN-SULFAT-GUNCEL-.png","type":"image\/png"}],"twitter_card":"summary_large_image","twitter_misc":{"Tahmini okuma s\u00fcresi":"2 dakika"},"schema":{"@context":"https:\/\/schema.org","@graph":[{"@type":"WebPage","@id":"https:\/\/akerkimya.com\/eticaret\/urun\/hidroksilamin-sulfat\/","url":"https:\/\/akerkimya.com\/eticaret\/urun\/hidroksilamin-sulfat\/","name":"H\u0130DROKS\u0130LAM\u0130N S\u00dcLFAT - Akerkimya","isPartOf":{"@id":"https:\/\/akerkimya.com\/eticaret\/#website"},"datePublished":"2025-01-01T19:07:21+00:00","dateModified":"2026-03-29T23:23:57+00:00","breadcrumb":{"@id":"https:\/\/akerkimya.com\/eticaret\/urun\/hidroksilamin-sulfat\/#breadcrumb"},"inLanguage":"tr","potentialAction":[{"@type":"ReadAction","target":["https:\/\/akerkimya.com\/eticaret\/urun\/hidroksilamin-sulfat\/"]}]},{"@type":"BreadcrumbList","@id":"https:\/\/akerkimya.com\/eticaret\/urun\/hidroksilamin-sulfat\/#breadcrumb","itemListElement":[{"@type":"ListItem","position":1,"name":"Home","item":"https:\/\/akerkimya.com\/eticaret\/"},{"@type":"ListItem","position":2,"name":"Market","item":"https:\/\/akerkimya.com\/eticaret\/market\/"},{"@type":"ListItem","position":3,"name":"H\u0130DROKS\u0130LAM\u0130N S\u00dcLFAT"}]},{"@type":"WebSite","@id":"https:\/\/akerkimya.com\/eticaret\/#website","url":"https:\/\/akerkimya.com\/eticaret\/","name":"Akerkimya","description":"","potentialAction":[{"@type":"SearchAction","target":{"@type":"EntryPoint","urlTemplate":"https:\/\/akerkimya.com\/eticaret\/?s={search_term_string}"},"query-input":"required name=search_term_string"}],"inLanguage":"tr"}]}},"_links":{"self":[{"href":"https:\/\/akerkimya.com\/eticaret\/wp-json\/wp\/v2\/product\/16893","targetHints":{"allow":["GET"]}}],"collection":[{"href":"https:\/\/akerkimya.com\/eticaret\/wp-json\/wp\/v2\/product"}],"about":[{"href":"https:\/\/akerkimya.com\/eticaret\/wp-json\/wp\/v2\/types\/product"}],"replies":[{"embeddable":true,"href":"https:\/\/akerkimya.com\/eticaret\/wp-json\/wp\/v2\/comments?post=16893"}],"version-history":[{"count":1,"href":"https:\/\/akerkimya.com\/eticaret\/wp-json\/wp\/v2\/product\/16893\/revisions"}],"predecessor-version":[{"id":16898,"href":"https:\/\/akerkimya.com\/eticaret\/wp-json\/wp\/v2\/product\/16893\/revisions\/16898"}],"wp:featuredmedia":[{"embeddable":true,"href":"https:\/\/akerkimya.com\/eticaret\/wp-json\/wp\/v2\/media\/16894"}],"wp:attachment":[{"href":"https:\/\/akerkimya.com\/eticaret\/wp-json\/wp\/v2\/media?parent=16893"}],"wp:term":[{"taxonomy":"product_cat","embeddable":true,"href":"https:\/\/akerkimya.com\/eticaret\/wp-json\/wp\/v2\/product_cat?post=16893"},{"taxonomy":"product_tag","embeddable":true,"href":"https:\/\/akerkimya.com\/eticaret\/wp-json\/wp\/v2\/product_tag?post=16893"}],"curies":[{"name":"wp","href":"https:\/\/api.w.org\/{rel}","templated":true}]}}