{"id":16908,"date":"2025-01-01T22:42:43","date_gmt":"2025-01-01T19:42:43","guid":{"rendered":"https:\/\/akerkimya.com\/eticaret\/?post_type=product&#038;p=16908"},"modified":"2026-03-30T02:23:57","modified_gmt":"2026-03-29T23:23:57","slug":"laurik-asit","status":"publish","type":"product","link":"https:\/\/akerkimya.com\/eticaret\/urun\/laurik-asit\/","title":{"rendered":"LAUR\u0130K AS\u0130T"},"content":{"rendered":"<h1>LAUR\u0130K AS\u0130T<\/h1>\n<p><strong>Laurik asit, C12H24O2 form\u00fcl\u00fcne sahip ya\u011fl\u0131 karboksilik asittir. \u00c7e\u015fitli bitki ve hayvansal kat\u0131 ve s\u0131v\u0131 ya\u011flarda do\u011fal olarak bulunur. Hindistan cevizi ya\u011f\u0131 i\u00e7indeki ya\u011f asitlerinin %50 sini olu\u015fturur. Ya\u015flanma etkilerine kar\u015f\u0131 \u00fcr\u00fcnlerde s\u0131kl\u0131kla kullan\u0131l\u0131r.<\/strong><\/p>\n<p><strong>\u00a0<\/strong><\/p>\n<p><strong>LAUR\u0130K AS\u0130T \u00d6ZEL\u0130KLER\u0130<\/strong><\/p>\n<p><strong>Beyaz renkte kristal formdad\u0131r.<\/strong><\/p>\n<p><strong>Suda \u00e7\u00f6z\u00fcnmez, metanol, eter, kloroform ve di\u011fer organik solventlerde \u00e7\u00f6z\u00fcn\u00fcr, aseton ve petrol eterde az \u00e7\u00f6z\u00fcn\u00fcr.<\/strong><\/p>\n<p><strong>Normal s\u0131cakl\u0131k ve bas\u0131n\u00e7 alt\u0131nda koruyucudur. <\/strong><\/p>\n<p><strong>G\u00fc\u00e7l\u00fc alkali ile kar\u0131\u015ft\u0131r\u0131ld\u0131\u011f\u0131nda kimyasal etkisi yoktur.<\/strong><\/p>\n<p><strong>Toksik bir \u00fcr\u00fcn de\u011fildir. <\/strong><\/p>\n<p><strong>\u00a0<\/strong><\/p>\n<p><strong>TEKN\u0130K \u00d6ZELL\u0130KLER\u0130 <\/strong><\/p>\n<p><strong>CAS NO: 143-07-7<\/strong><\/p>\n<p><strong>MOLEK\u00dcLER FORM\u00dcL: C12H24O2 <\/strong><\/p>\n<p><strong>K\u0130MYASAL \u0130SM\u0130: Laurik Asit, N-Dodecano\u0131c acid, Dodecyl\u0131c acid<\/strong><\/p>\n<p><strong>MOLAR K\u00dcTLE: 200, 3178 g\/mol <\/strong><\/p>\n<p><strong>ER\u0130ME NOKTASI: 43,2 \u00b0C<\/strong><\/p>\n<p><strong>KAYNAMA NOKTASI: 298,9 \u00b0C<\/strong><\/p>\n<p><strong>YO\u011eUNLUK: 880 kg\/m\u00b3<\/strong><\/p>\n<p><strong>PARLAMA NOKTASI: &gt;110 <\/strong><\/p>\n<p><strong>KIRILMA \u0130NDEKS\u0130: 1.4183 (83 \u00b0C), 1.4323 (45 \u00b0C)<\/strong><\/p>\n<p><strong>\u00a0<\/strong><\/p>\n<p><strong>KULLANIM ALANLARI<\/strong><\/p>\n<p><strong>Yap\u0131\u015ft\u0131r\u0131c\u0131lar\u0131n \u00fcretilmesinde y\u00fczey i\u015fleme maddesi olarak kullan\u0131l\u0131r.<\/strong><\/p>\n<p><strong>Sabun \u00fcretiminde, sodyum hidroksit ile reaksiyona sokularak sodyum laurat elde edilir. <\/strong><\/p>\n<p><strong>Laboratuvarda bilinmeyen bir maddenin molar k\u00fctlesini donma noktas\u0131 s\u00fcr\u00fcs\u00fc yoluyla ara\u015ft\u0131rmak i\u00e7in kullan\u0131l\u0131r.<\/strong><\/p>\n<p><strong>Kimyasal elyaf ya\u011flar\u0131n\u0131n \u00fcretiminde kullan\u0131l\u0131r.<\/strong><\/p>\n<p><strong>Anti-enflamatuvar etkileri sahiptir bu nedenle kozmetik sekt\u00f6r\u00fcnde kullan\u0131l\u0131r.<\/strong><\/p>\n<p><strong>Alkid cilalar\u0131, b\u00f6cek bile\u015fenleri, sentetik kokular, plastik stabilizat\u00f6rler, benzin ve ya\u011flama ya\u011flar\u0131 i\u00e7in dekoratif katk\u0131 maddelerinin imalat\u0131nda kullan\u0131l\u0131r.<\/strong><\/p>\n<p><strong>Tekstil sekt\u00f6r\u00fcnde yard\u0131mc\u0131 kimyasallar\u0131n \u00fcretiminde kullan\u0131l\u0131r.<\/strong><\/p>\n<p><strong>Lateks ve eldivenlerde yayg\u0131n olarak kullan\u0131l\u0131r.<\/strong><\/p>\n<p><strong>\u0130la\u00e7 end\u00fcstrisinde ve in\u015faat sekt\u00f6r\u00fcnde kullan\u0131l\u0131r.<\/strong><\/p>\n<p><strong>\u00a0<\/strong><\/p>\n<p><strong>AMBALAJ<\/strong><\/p>\n<p><strong>1-5-25 kg torbalar halindedir.<\/strong><\/p>\n<p><strong>\u00a0<\/strong><\/p>\n<p><strong>DEPOLAMA <\/strong><\/p>\n<p><strong>Serin ve kuru bir alanda muhafaza ediniz.<\/strong><\/p>\n","protected":false},"excerpt":{"rendered":"<p>LAUR\u0130K AS\u0130T Laurik asit, C12H24O2 form\u00fcl\u00fcne sahip ya\u011fl\u0131 karboksilik asittir. \u00c7e\u015fitli bitki ve hayvansal kat\u0131 ve s\u0131v\u0131 ya\u011flarda do\u011fal olarak<\/p>\n","protected":false},"featured_media":16909,"comment_status":"open","ping_status":"closed","template":"","meta":{"_joinchat":[]},"product_cat":[73,74,80],"product_tag":[],"class_list":{"0":"post-16908","1":"product","2":"type-product","3":"status-publish","4":"has-post-thumbnail","6":"product_cat-deri-ve-tekstil-kimyasallari","7":"product_cat-deterjan-ve-kozmetik-kimyasallari","8":"product_cat-veteriner-ve-ilac-kimyasallari","10":"first","11":"instock","12":"shipping-taxable","13":"purchasable","14":"product-type-variable"},"yoast_head":"<!-- This site is optimized with the Yoast SEO Premium plugin v20.2.1 (Yoast SEO v20.2.1) - https:\/\/yoast.com\/wordpress\/plugins\/seo\/ -->\n<title>LAUR\u0130K AS\u0130T - Akerkimya<\/title>\n<meta name=\"robots\" content=\"index, follow, max-snippet:-1, max-image-preview:large, max-video-preview:-1\" \/>\n<link rel=\"canonical\" href=\"https:\/\/akerkimya.com\/eticaret\/urun\/laurik-asit\/\" \/>\n<meta property=\"og:locale\" content=\"tr_TR\" \/>\n<meta property=\"og:type\" content=\"article\" \/>\n<meta property=\"og:title\" content=\"LAUR\u0130K AS\u0130T\" \/>\n<meta property=\"og:description\" content=\"LAUR\u0130K AS\u0130T Laurik asit, C12H24O2 form\u00fcl\u00fcne sahip ya\u011fl\u0131 karboksilik asittir. \u00c7e\u015fitli bitki ve hayvansal kat\u0131 ve s\u0131v\u0131 ya\u011flarda do\u011fal olarak\" \/>\n<meta property=\"og:url\" content=\"https:\/\/akerkimya.com\/eticaret\/urun\/laurik-asit\/\" \/>\n<meta property=\"og:site_name\" content=\"Akerkimya\" \/>\n<meta property=\"article:modified_time\" content=\"2026-03-29T23:23:57+00:00\" \/>\n<meta property=\"og:image\" content=\"https:\/\/akerkimya.com\/eticaret\/wp-content\/uploads\/2025\/01\/LAURIK-ASIT-GUNCEL-.png\" \/>\n\t<meta property=\"og:image:width\" content=\"1000\" \/>\n\t<meta property=\"og:image:height\" content=\"1000\" \/>\n\t<meta property=\"og:image:type\" content=\"image\/png\" \/>\n<meta name=\"twitter:card\" content=\"summary_large_image\" \/>\n<meta name=\"twitter:label1\" content=\"Tahmini okuma s\u00fcresi\" \/>\n\t<meta name=\"twitter:data1\" content=\"2 dakika\" \/>\n<script type=\"application\/ld+json\" class=\"yoast-schema-graph\">{\"@context\":\"https:\/\/schema.org\",\"@graph\":[{\"@type\":\"WebPage\",\"@id\":\"https:\/\/akerkimya.com\/eticaret\/urun\/laurik-asit\/\",\"url\":\"https:\/\/akerkimya.com\/eticaret\/urun\/laurik-asit\/\",\"name\":\"LAUR\u0130K AS\u0130T - Akerkimya\",\"isPartOf\":{\"@id\":\"https:\/\/akerkimya.com\/eticaret\/#website\"},\"datePublished\":\"2025-01-01T19:42:43+00:00\",\"dateModified\":\"2026-03-29T23:23:57+00:00\",\"breadcrumb\":{\"@id\":\"https:\/\/akerkimya.com\/eticaret\/urun\/laurik-asit\/#breadcrumb\"},\"inLanguage\":\"tr\",\"potentialAction\":[{\"@type\":\"ReadAction\",\"target\":[\"https:\/\/akerkimya.com\/eticaret\/urun\/laurik-asit\/\"]}]},{\"@type\":\"BreadcrumbList\",\"@id\":\"https:\/\/akerkimya.com\/eticaret\/urun\/laurik-asit\/#breadcrumb\",\"itemListElement\":[{\"@type\":\"ListItem\",\"position\":1,\"name\":\"Home\",\"item\":\"https:\/\/akerkimya.com\/eticaret\/\"},{\"@type\":\"ListItem\",\"position\":2,\"name\":\"Market\",\"item\":\"https:\/\/akerkimya.com\/eticaret\/market\/\"},{\"@type\":\"ListItem\",\"position\":3,\"name\":\"LAUR\u0130K AS\u0130T\"}]},{\"@type\":\"WebSite\",\"@id\":\"https:\/\/akerkimya.com\/eticaret\/#website\",\"url\":\"https:\/\/akerkimya.com\/eticaret\/\",\"name\":\"Akerkimya\",\"description\":\"\",\"potentialAction\":[{\"@type\":\"SearchAction\",\"target\":{\"@type\":\"EntryPoint\",\"urlTemplate\":\"https:\/\/akerkimya.com\/eticaret\/?s={search_term_string}\"},\"query-input\":\"required name=search_term_string\"}],\"inLanguage\":\"tr\"}]}<\/script>\n<!-- \/ Yoast SEO Premium plugin. -->","yoast_head_json":{"title":"LAUR\u0130K AS\u0130T - Akerkimya","robots":{"index":"index","follow":"follow","max-snippet":"max-snippet:-1","max-image-preview":"max-image-preview:large","max-video-preview":"max-video-preview:-1"},"canonical":"https:\/\/akerkimya.com\/eticaret\/urun\/laurik-asit\/","og_locale":"tr_TR","og_type":"article","og_title":"LAUR\u0130K AS\u0130T","og_description":"LAUR\u0130K AS\u0130T Laurik asit, C12H24O2 form\u00fcl\u00fcne sahip ya\u011fl\u0131 karboksilik asittir. \u00c7e\u015fitli bitki ve hayvansal kat\u0131 ve s\u0131v\u0131 ya\u011flarda do\u011fal olarak","og_url":"https:\/\/akerkimya.com\/eticaret\/urun\/laurik-asit\/","og_site_name":"Akerkimya","article_modified_time":"2026-03-29T23:23:57+00:00","og_image":[{"width":1000,"height":1000,"url":"https:\/\/akerkimya.com\/eticaret\/wp-content\/uploads\/2025\/01\/LAURIK-ASIT-GUNCEL-.png","type":"image\/png"}],"twitter_card":"summary_large_image","twitter_misc":{"Tahmini okuma s\u00fcresi":"2 dakika"},"schema":{"@context":"https:\/\/schema.org","@graph":[{"@type":"WebPage","@id":"https:\/\/akerkimya.com\/eticaret\/urun\/laurik-asit\/","url":"https:\/\/akerkimya.com\/eticaret\/urun\/laurik-asit\/","name":"LAUR\u0130K AS\u0130T - Akerkimya","isPartOf":{"@id":"https:\/\/akerkimya.com\/eticaret\/#website"},"datePublished":"2025-01-01T19:42:43+00:00","dateModified":"2026-03-29T23:23:57+00:00","breadcrumb":{"@id":"https:\/\/akerkimya.com\/eticaret\/urun\/laurik-asit\/#breadcrumb"},"inLanguage":"tr","potentialAction":[{"@type":"ReadAction","target":["https:\/\/akerkimya.com\/eticaret\/urun\/laurik-asit\/"]}]},{"@type":"BreadcrumbList","@id":"https:\/\/akerkimya.com\/eticaret\/urun\/laurik-asit\/#breadcrumb","itemListElement":[{"@type":"ListItem","position":1,"name":"Home","item":"https:\/\/akerkimya.com\/eticaret\/"},{"@type":"ListItem","position":2,"name":"Market","item":"https:\/\/akerkimya.com\/eticaret\/market\/"},{"@type":"ListItem","position":3,"name":"LAUR\u0130K AS\u0130T"}]},{"@type":"WebSite","@id":"https:\/\/akerkimya.com\/eticaret\/#website","url":"https:\/\/akerkimya.com\/eticaret\/","name":"Akerkimya","description":"","potentialAction":[{"@type":"SearchAction","target":{"@type":"EntryPoint","urlTemplate":"https:\/\/akerkimya.com\/eticaret\/?s={search_term_string}"},"query-input":"required name=search_term_string"}],"inLanguage":"tr"}]}},"_links":{"self":[{"href":"https:\/\/akerkimya.com\/eticaret\/wp-json\/wp\/v2\/product\/16908","targetHints":{"allow":["GET"]}}],"collection":[{"href":"https:\/\/akerkimya.com\/eticaret\/wp-json\/wp\/v2\/product"}],"about":[{"href":"https:\/\/akerkimya.com\/eticaret\/wp-json\/wp\/v2\/types\/product"}],"replies":[{"embeddable":true,"href":"https:\/\/akerkimya.com\/eticaret\/wp-json\/wp\/v2\/comments?post=16908"}],"version-history":[{"count":3,"href":"https:\/\/akerkimya.com\/eticaret\/wp-json\/wp\/v2\/product\/16908\/revisions"}],"predecessor-version":[{"id":18856,"href":"https:\/\/akerkimya.com\/eticaret\/wp-json\/wp\/v2\/product\/16908\/revisions\/18856"}],"wp:featuredmedia":[{"embeddable":true,"href":"https:\/\/akerkimya.com\/eticaret\/wp-json\/wp\/v2\/media\/16909"}],"wp:attachment":[{"href":"https:\/\/akerkimya.com\/eticaret\/wp-json\/wp\/v2\/media?parent=16908"}],"wp:term":[{"taxonomy":"product_cat","embeddable":true,"href":"https:\/\/akerkimya.com\/eticaret\/wp-json\/wp\/v2\/product_cat?post=16908"},{"taxonomy":"product_tag","embeddable":true,"href":"https:\/\/akerkimya.com\/eticaret\/wp-json\/wp\/v2\/product_tag?post=16908"}],"curies":[{"name":"wp","href":"https:\/\/api.w.org\/{rel}","templated":true}]}}