{"id":16914,"date":"2025-01-01T22:48:36","date_gmt":"2025-01-01T19:48:36","guid":{"rendered":"https:\/\/akerkimya.com\/eticaret\/?post_type=product&#038;p=16914"},"modified":"2026-03-30T02:23:57","modified_gmt":"2026-03-29T23:23:57","slug":"misir-nisastasi","status":"publish","type":"product","link":"https:\/\/akerkimya.com\/eticaret\/urun\/misir-nisastasi\/","title":{"rendered":"MISIR N\u0130\u015eASTASI"},"content":{"rendered":"<h1>MISIR N\u0130\u015eASTASI<\/h1>\n<p><strong>Bir\u00e7ok \u00fclkede rahatl\u0131kla yeti\u015febilen bir bitki olan m\u0131s\u0131rdan (tanesinden) elde edilen m\u0131s\u0131r ni\u015fastas\u0131, d\u00fcnyada en \u00e7ok t\u00fcketilen ve \u00fclkemizde de en \u00e7ok kullan\u0131m alan\u0131 olan ni\u015fasta \u00e7e\u015fididir.<\/strong><\/p>\n<p><strong>M\u0131s\u0131r ni\u015fastas\u0131, \u00f6zelliklerini de\u011fi\u015ftirmek i\u00e7in asitle modifiye edilmi\u015f ni\u015fasta \u015feklidir.<\/strong><\/p>\n<p><strong>\u00a0<\/strong><\/p>\n<p><strong>MISIR N\u0130\u015eASTASI \u00d6ZELL\u0130KLER\u0130<\/strong><\/p>\n<p><strong>Kokusuz, beyaz bir renge sahiptir.<\/strong><\/p>\n<p><strong>\u0130nce toz halinde bir maddedir.<\/strong><\/p>\n<p><strong>M\u0131s\u0131r ni\u015fastas\u0131 suda \u00e7\u00f6z\u00fcn\u00fcr ve viskoz bir \u00e7\u00f6zelti olu\u015fturur.<\/strong><\/p>\n<p><strong>M\u0131s\u0131r ni\u015fastas\u0131 s\u0131v\u0131 ile kar\u0131\u015f\u0131p, \u0131s\u0131t\u0131ld\u0131\u011f\u0131nda jel gibi bir k\u0131vam olu\u015fturarak kar\u0131\u015f\u0131m\u0131 koyula\u015ft\u0131r\u0131r.<\/strong><\/p>\n<p><strong>\u00a0<\/strong><\/p>\n<p><strong>TEKN\u0130K \u00d6ZELL\u0130KLER\u0130<\/strong><\/p>\n<p><strong>CAS NUMARASI: <\/strong><strong>68412-29-3<\/strong><\/p>\n<p><strong>MOLEK\u00dcLER FORM\u00dcL: <\/strong><strong>C6H10O5<\/strong><\/p>\n<p><strong>K\u0130MYASAL \u0130SM\u0130: <\/strong><strong>M\u0131s\u0131r ni\u015fastas\u0131<\/strong><\/p>\n<p><strong>YO\u011eUNLUK: <\/strong><strong>25 \u00b0C&#8217;de 1.005 g\/mL<\/strong><\/p>\n<p><strong>ER\u0130ME NOKTASI: <\/strong><strong>256-258 \u00b0C<\/strong><\/p>\n<p><strong>Ph DE\u011eER\u0130: <\/strong><strong>6-7 <\/strong><\/p>\n<p><strong>JELLE\u015eME SICAKLI\u011eI: <\/strong><strong>62-72<\/strong><\/p>\n<p><strong>SUDA \u00c7\u00d6Z\u00dcN\u00dcRL\u00dcK: <\/strong><strong>H2O: 20 mg \/ mL<\/strong><\/p>\n<p><strong>\u00a0<\/strong><\/p>\n<p><strong>KULLANIM ALANLARI<\/strong><\/p>\n<p><strong>M\u0131s\u0131r ni\u015fastas\u0131 ba\u015fta g\u0131da sekt\u00f6r\u00fc olmak \u00fczere, \u00e7e\u015fitli sekt\u00f6rlerde kal\u0131nla\u015ft\u0131r\u0131c\u0131, stabilizat\u00f6r, nem tutucu, film olu\u015fturucu, yap\u0131 d\u00fczenleyici ve ba\u011flay\u0131c\u0131 olarak kullan\u0131lmaktad\u0131r.<\/strong><\/p>\n<p><strong>Unlu mamuller ve pastac\u0131l\u0131k \u00fcr\u00fcnleri m\u0131s\u0131r ni\u015fastas\u0131n\u0131n en \u00e7ok kullan\u0131ld\u0131\u011f\u0131 alanlardand\u0131r. <\/strong><\/p>\n<p><strong>Plastik sekt\u00f6r\u00fcnde \u00e7evre dostu \u00fcr\u00fcnlerin \u00fcretiminde kullan\u0131lmaya ba\u015flanm\u0131\u015ft\u0131r.<\/strong><\/p>\n<p><strong>\u0130la\u00e7 \u00fcretiminde tablet s\u0131k\u0131\u015ft\u0131rma gibi ama\u00e7larla kullan\u0131lmaktad\u0131r.<\/strong><\/p>\n<p><strong>Baklava ve b\u00f6rek yufkalar\u0131ndaki y\u0131rt\u0131lma problemini giderir<\/strong><\/p>\n<p><strong>M\u0131s\u0131r ni\u015fastas\u0131n\u0131n, glikojen depolama hastal\u0131\u011f\u0131 olan ki\u015filere glikoz sa\u011flamak gibi t\u0131bbi kullan\u0131mlar\u0131 da vard\u0131r.<\/strong><\/p>\n<p><strong>Yap\u0131\u015ft\u0131r\u0131c\u0131lar, ka\u011f\u0131t \u00fcr\u00fcnleri, yap\u0131\u015fma \u00f6nleyici madde olarak ve tekstil \u00fcretimi gibi end\u00fcstride bir\u00e7ok kullan\u0131m alan\u0131 bulunur.<\/strong><\/p>\n<p><strong>Genellikle soslar\u0131 veya \u00e7orbalar\u0131 koyula\u015ft\u0131rmak, kal\u0131nla\u015ft\u0131rmak i\u00e7in kullan\u0131l\u0131r.<\/strong><\/p>\n<p><strong>Pi\u015firme ve f\u0131r\u0131nlamada k\u0131vam artt\u0131r\u0131c\u0131 bir madde olarak yayg\u0131n olarak kullan\u0131l\u0131r. <\/strong><\/p>\n<p><strong>Kozmetik \u00fcr\u00fcnlerde; sabunlar\u0131n yumu\u015fakl\u0131\u011f\u0131n\u0131, losyonlar\u0131n<\/strong> <strong>k\u0131vam\u0131n\u0131 veya \u015fampuanlar\u0131n yo\u011funlu\u011funu sa\u011flamak i\u00e7in kullan\u0131labilir. <\/strong><\/p>\n<p><strong>Yaprak j\u00f6le, haz\u0131r bisk\u00fcvi, haz\u0131r eri\u015fte, jambon sosisi ve dondurmalar gibi haz\u0131r paketli g\u0131dalarda hammadde olarak kullan\u0131labilir. <\/strong><\/p>\n<p><strong>Ayr\u0131ca M\u0131s\u0131r ni\u015fastas\u0131, ni\u015fasta \u015fekeri, amino asit, alkol, antibiyotikler vb. alanlarda da kullan\u0131labilir.<\/strong><\/p>\n<p><strong>\u00a0<\/strong><\/p>\n<p><strong>AMBALAJ<\/strong><\/p>\n<p><strong>1-5-25 kg torbalar halinde <\/strong><\/p>\n<p><strong>\u00a0<\/strong><\/p>\n<p><strong>DEPOLAMA<\/strong><\/p>\n<p><strong>M\u0131s\u0131r ni\u015fastas\u0131 topaklanmay\u0131 \u00f6nlemek i\u00e7in serin ve kuru bir yerde saklanmal\u0131d\u0131r. \u00dcr\u00fcn kullan\u0131ld\u0131ktan sonra torba a\u011fz\u0131 a\u00e7\u0131k b\u0131rak\u0131lmamal\u0131d\u0131r.<\/strong><\/p>\n","protected":false},"excerpt":{"rendered":"<p>MISIR N\u0130\u015eASTASI Bir\u00e7ok \u00fclkede rahatl\u0131kla yeti\u015febilen bir bitki olan m\u0131s\u0131rdan (tanesinden) elde edilen m\u0131s\u0131r ni\u015fastas\u0131, d\u00fcnyada en \u00e7ok t\u00fcketilen ve<\/p>\n","protected":false},"featured_media":16915,"comment_status":"open","ping_status":"closed","template":"","meta":{"_joinchat":[]},"product_cat":[73,74,76,80],"product_tag":[],"class_list":{"0":"post-16914","1":"product","2":"type-product","3":"status-publish","4":"has-post-thumbnail","6":"product_cat-deri-ve-tekstil-kimyasallari","7":"product_cat-deterjan-ve-kozmetik-kimyasallari","8":"product_cat-gida-ve-katki-kimyasallari","9":"product_cat-veteriner-ve-ilac-kimyasallari","11":"first","12":"instock","13":"shipping-taxable","14":"purchasable","15":"product-type-variable"},"yoast_head":"<!-- This site is optimized with the Yoast SEO Premium plugin v20.2.1 (Yoast SEO v20.2.1) - https:\/\/yoast.com\/wordpress\/plugins\/seo\/ -->\n<title>MISIR N\u0130\u015eASTASI - Akerkimya<\/title>\n<meta name=\"robots\" content=\"index, follow, max-snippet:-1, max-image-preview:large, max-video-preview:-1\" \/>\n<link rel=\"canonical\" href=\"https:\/\/akerkimya.com\/eticaret\/urun\/misir-nisastasi\/\" \/>\n<meta property=\"og:locale\" content=\"tr_TR\" \/>\n<meta property=\"og:type\" content=\"article\" \/>\n<meta property=\"og:title\" content=\"MISIR N\u0130\u015eASTASI\" \/>\n<meta property=\"og:description\" content=\"MISIR N\u0130\u015eASTASI Bir\u00e7ok \u00fclkede rahatl\u0131kla yeti\u015febilen bir bitki olan m\u0131s\u0131rdan (tanesinden) elde edilen m\u0131s\u0131r ni\u015fastas\u0131, d\u00fcnyada en \u00e7ok t\u00fcketilen ve\" \/>\n<meta property=\"og:url\" content=\"https:\/\/akerkimya.com\/eticaret\/urun\/misir-nisastasi\/\" \/>\n<meta property=\"og:site_name\" content=\"Akerkimya\" \/>\n<meta property=\"article:modified_time\" content=\"2026-03-29T23:23:57+00:00\" \/>\n<meta property=\"og:image\" content=\"https:\/\/akerkimya.com\/eticaret\/wp-content\/uploads\/2025\/01\/MISIR-NISASTASI-GUNCEL-.png\" \/>\n\t<meta property=\"og:image:width\" content=\"1000\" \/>\n\t<meta property=\"og:image:height\" content=\"1000\" \/>\n\t<meta property=\"og:image:type\" content=\"image\/png\" \/>\n<meta name=\"twitter:card\" content=\"summary_large_image\" \/>\n<meta name=\"twitter:label1\" content=\"Tahmini okuma s\u00fcresi\" \/>\n\t<meta name=\"twitter:data1\" content=\"2 dakika\" \/>\n<script type=\"application\/ld+json\" class=\"yoast-schema-graph\">{\"@context\":\"https:\/\/schema.org\",\"@graph\":[{\"@type\":\"WebPage\",\"@id\":\"https:\/\/akerkimya.com\/eticaret\/urun\/misir-nisastasi\/\",\"url\":\"https:\/\/akerkimya.com\/eticaret\/urun\/misir-nisastasi\/\",\"name\":\"MISIR N\u0130\u015eASTASI - Akerkimya\",\"isPartOf\":{\"@id\":\"https:\/\/akerkimya.com\/eticaret\/#website\"},\"datePublished\":\"2025-01-01T19:48:36+00:00\",\"dateModified\":\"2026-03-29T23:23:57+00:00\",\"breadcrumb\":{\"@id\":\"https:\/\/akerkimya.com\/eticaret\/urun\/misir-nisastasi\/#breadcrumb\"},\"inLanguage\":\"tr\",\"potentialAction\":[{\"@type\":\"ReadAction\",\"target\":[\"https:\/\/akerkimya.com\/eticaret\/urun\/misir-nisastasi\/\"]}]},{\"@type\":\"BreadcrumbList\",\"@id\":\"https:\/\/akerkimya.com\/eticaret\/urun\/misir-nisastasi\/#breadcrumb\",\"itemListElement\":[{\"@type\":\"ListItem\",\"position\":1,\"name\":\"Home\",\"item\":\"https:\/\/akerkimya.com\/eticaret\/\"},{\"@type\":\"ListItem\",\"position\":2,\"name\":\"Market\",\"item\":\"https:\/\/akerkimya.com\/eticaret\/market\/\"},{\"@type\":\"ListItem\",\"position\":3,\"name\":\"MISIR N\u0130\u015eASTASI\"}]},{\"@type\":\"WebSite\",\"@id\":\"https:\/\/akerkimya.com\/eticaret\/#website\",\"url\":\"https:\/\/akerkimya.com\/eticaret\/\",\"name\":\"Akerkimya\",\"description\":\"\",\"potentialAction\":[{\"@type\":\"SearchAction\",\"target\":{\"@type\":\"EntryPoint\",\"urlTemplate\":\"https:\/\/akerkimya.com\/eticaret\/?s={search_term_string}\"},\"query-input\":\"required name=search_term_string\"}],\"inLanguage\":\"tr\"}]}<\/script>\n<!-- \/ Yoast SEO Premium plugin. -->","yoast_head_json":{"title":"MISIR N\u0130\u015eASTASI - Akerkimya","robots":{"index":"index","follow":"follow","max-snippet":"max-snippet:-1","max-image-preview":"max-image-preview:large","max-video-preview":"max-video-preview:-1"},"canonical":"https:\/\/akerkimya.com\/eticaret\/urun\/misir-nisastasi\/","og_locale":"tr_TR","og_type":"article","og_title":"MISIR N\u0130\u015eASTASI","og_description":"MISIR N\u0130\u015eASTASI Bir\u00e7ok \u00fclkede rahatl\u0131kla yeti\u015febilen bir bitki olan m\u0131s\u0131rdan (tanesinden) elde edilen m\u0131s\u0131r ni\u015fastas\u0131, d\u00fcnyada en \u00e7ok t\u00fcketilen ve","og_url":"https:\/\/akerkimya.com\/eticaret\/urun\/misir-nisastasi\/","og_site_name":"Akerkimya","article_modified_time":"2026-03-29T23:23:57+00:00","og_image":[{"width":1000,"height":1000,"url":"https:\/\/akerkimya.com\/eticaret\/wp-content\/uploads\/2025\/01\/MISIR-NISASTASI-GUNCEL-.png","type":"image\/png"}],"twitter_card":"summary_large_image","twitter_misc":{"Tahmini okuma s\u00fcresi":"2 dakika"},"schema":{"@context":"https:\/\/schema.org","@graph":[{"@type":"WebPage","@id":"https:\/\/akerkimya.com\/eticaret\/urun\/misir-nisastasi\/","url":"https:\/\/akerkimya.com\/eticaret\/urun\/misir-nisastasi\/","name":"MISIR N\u0130\u015eASTASI - Akerkimya","isPartOf":{"@id":"https:\/\/akerkimya.com\/eticaret\/#website"},"datePublished":"2025-01-01T19:48:36+00:00","dateModified":"2026-03-29T23:23:57+00:00","breadcrumb":{"@id":"https:\/\/akerkimya.com\/eticaret\/urun\/misir-nisastasi\/#breadcrumb"},"inLanguage":"tr","potentialAction":[{"@type":"ReadAction","target":["https:\/\/akerkimya.com\/eticaret\/urun\/misir-nisastasi\/"]}]},{"@type":"BreadcrumbList","@id":"https:\/\/akerkimya.com\/eticaret\/urun\/misir-nisastasi\/#breadcrumb","itemListElement":[{"@type":"ListItem","position":1,"name":"Home","item":"https:\/\/akerkimya.com\/eticaret\/"},{"@type":"ListItem","position":2,"name":"Market","item":"https:\/\/akerkimya.com\/eticaret\/market\/"},{"@type":"ListItem","position":3,"name":"MISIR N\u0130\u015eASTASI"}]},{"@type":"WebSite","@id":"https:\/\/akerkimya.com\/eticaret\/#website","url":"https:\/\/akerkimya.com\/eticaret\/","name":"Akerkimya","description":"","potentialAction":[{"@type":"SearchAction","target":{"@type":"EntryPoint","urlTemplate":"https:\/\/akerkimya.com\/eticaret\/?s={search_term_string}"},"query-input":"required name=search_term_string"}],"inLanguage":"tr"}]}},"_links":{"self":[{"href":"https:\/\/akerkimya.com\/eticaret\/wp-json\/wp\/v2\/product\/16914","targetHints":{"allow":["GET"]}}],"collection":[{"href":"https:\/\/akerkimya.com\/eticaret\/wp-json\/wp\/v2\/product"}],"about":[{"href":"https:\/\/akerkimya.com\/eticaret\/wp-json\/wp\/v2\/types\/product"}],"replies":[{"embeddable":true,"href":"https:\/\/akerkimya.com\/eticaret\/wp-json\/wp\/v2\/comments?post=16914"}],"version-history":[{"count":1,"href":"https:\/\/akerkimya.com\/eticaret\/wp-json\/wp\/v2\/product\/16914\/revisions"}],"predecessor-version":[{"id":16919,"href":"https:\/\/akerkimya.com\/eticaret\/wp-json\/wp\/v2\/product\/16914\/revisions\/16919"}],"wp:featuredmedia":[{"embeddable":true,"href":"https:\/\/akerkimya.com\/eticaret\/wp-json\/wp\/v2\/media\/16915"}],"wp:attachment":[{"href":"https:\/\/akerkimya.com\/eticaret\/wp-json\/wp\/v2\/media?parent=16914"}],"wp:term":[{"taxonomy":"product_cat","embeddable":true,"href":"https:\/\/akerkimya.com\/eticaret\/wp-json\/wp\/v2\/product_cat?post=16914"},{"taxonomy":"product_tag","embeddable":true,"href":"https:\/\/akerkimya.com\/eticaret\/wp-json\/wp\/v2\/product_tag?post=16914"}],"curies":[{"name":"wp","href":"https:\/\/api.w.org\/{rel}","templated":true}]}}