{"id":16920,"date":"2025-01-01T22:52:15","date_gmt":"2025-01-01T19:52:15","guid":{"rendered":"https:\/\/akerkimya.com\/eticaret\/?post_type=product&#038;p=16920"},"modified":"2026-03-30T02:23:57","modified_gmt":"2026-03-29T23:23:57","slug":"mono-potasyum-fosfat-mkp","status":"publish","type":"product","link":"https:\/\/akerkimya.com\/eticaret\/urun\/mono-potasyum-fosfat-mkp\/","title":{"rendered":"MONO POTASYUM FOSFAT (MKP)"},"content":{"rendered":"<h1>MONO POTASYUM FOSFAT (MKP)<\/h1>\n<p><strong>Mono potasyum fosfat, KH2PO4 form\u00fcne sahip inorganik bir bile\u015fiktir. fosfor ve potasyum bak\u0131m\u0131ndan en zengin g\u00fcbredir. Potasyum hidroksit ve fosforik asit reaksiyonundan elde edilir. <\/strong><\/p>\n<p><strong>\u00a0<\/strong><\/p>\n<p><strong>MONO POTASYUM FOSFAT \u00d6ZELLKLER\u0130<\/strong><\/p>\n<p><strong>Beyaz renkte, kristal veya toz formundad\u0131r.<\/strong><\/p>\n<p><strong>Suda \u00e7\u00f6z\u00fcn\u00fcr, alkolde \u00e7\u00f6z\u00fcnmez. Sulu \u00e7\u00f6zeltisi asidiktir.<\/strong><\/p>\n<p><strong>Kararl\u0131 bir kimyasald\u0131r. <\/strong><\/p>\n<p><strong>\u00a0<\/strong><\/p>\n<p><strong>TEKN\u0130K \u00d6ZELL\u0130KLER\u0130<\/strong><\/p>\n<p><strong>CAS NUMARASI: 7778-78-0<\/strong><\/p>\n<p><strong>MOLEK\u00dcLER FORM\u00dcL: KH2PO4<\/strong><\/p>\n<p><strong>K\u0130MYASAL \u0130SM\u0130: Mono potasyum fosfat , MKP, Potasyum Fosfat monobazik, potasyum dihidrojen fosfat <\/strong><\/p>\n<p><strong>MOLEK\u00dcL A\u011eIRLI\u011eI: 136.086 g\/mol <\/strong><\/p>\n<p><strong>YO\u011eUNLU\u011eU: 2.338 g\/mol<\/strong><\/p>\n<p><strong>ER\u0130ME NOKTASI: 252.6 \u00b0C<\/strong><\/p>\n<p><strong>KAYNAMA NOKTASI: 449.85 \u00b0C<\/strong><\/p>\n<p><strong>\u00c7\u00d6Z\u00dcN\u00dcRL\u00dcK (20\u00b0suda \u00e7\u00f6z\u00fcn\u00fcrl\u00fck): 208 g\/L<\/strong><\/p>\n<p><strong>PH: 4.4-4.7 %1 \u00e7\u00f6zelti<\/strong><\/p>\n<p><strong>\u00a0<\/strong><\/p>\n<p><strong>KULLANIM ALANLARI<\/strong><\/p>\n<p><strong>%52 fosfor, %34 potasyum i\u00e7ermesi nedeniyle potasyum g\u00fcbresi olarak kullan\u0131l\u0131r.<\/strong><\/p>\n<p><strong>Mahsullerde fotosentezini artt\u0131rmada ve besinlerin \u00fcretimini ve d\u00f6n\u00fc\u015f\u00fcm\u00fcn\u00fc h\u0131zland\u0131rmada kullan\u0131l\u0131r.<\/strong><\/p>\n<p><strong>Tar\u0131mda, \u00fcr\u00fcnlerin kalitesini artt\u0131rmada, donma veya kurakl\u0131k gibi olaylara kar\u015f\u0131 diren\u00e7 kazand\u0131rmada kullan\u0131l\u0131r.<\/strong><\/p>\n<p><strong>\u0130la\u00e7 sekt\u00f6r\u00fcnde, tamponlama maddesi olarak kullan\u0131l\u0131r.<\/strong><\/p>\n<p><strong>Metal iyonlar\u0131n\u0131 ba\u011flamak i\u00e7in asit d\u00fczenleyici ve \u015felat ajan\u0131 olarak kullan\u0131l\u0131r.<\/strong><\/p>\n<p><strong>Toz \u00fcr\u00fcnlerde topakla\u015fmadan korudu\u011fu gibi asit stabilizat\u00f6r\u00fc olarak kullan\u0131l\u0131r.<\/strong><\/p>\n<p><strong>Antioksidan aktiviteyi artt\u0131rmada kullan\u0131l\u0131r.<\/strong><\/p>\n<p><strong>Makine y\u0131kama s\u0131v\u0131lar\u0131nda, boyalarda ve kaplamalarda, yap\u0131\u015ft\u0131r\u0131c\u0131larda, oda spreylerinin \u00fcretiminde kullan\u0131l\u0131r.<\/strong><\/p>\n<p><strong>Su ar\u0131tma \u00fcr\u00fcnlerinde, hava bak\u0131m \u00fcr\u00fcnlerinde, tekstil ar\u0131tma \u00fcr\u00fcnlerinde kullan\u0131l\u0131r.<\/strong><\/p>\n<p><strong>G\u0131da sekt\u00f6r\u00fcnde, mayalama maddesi ve fermantasyon s\u00fcre\u00e7lerinde kullan\u0131l\u0131r.<\/strong><\/p>\n<p><strong>\u00a0<\/strong><\/p>\n<p><strong>AMBALAJ<\/strong><\/p>\n<p><strong>1-5-25 kg ambalajlar halindedir.<\/strong><\/p>\n<p><strong>\u00a0<\/strong><\/p>\n<p><strong>DEPOLAMA <\/strong><\/p>\n<p><strong>Serin ve kuru bir alanda muhafaza ediniz.<\/strong><\/p>\n","protected":false},"excerpt":{"rendered":"<p>MONO POTASYUM FOSFAT (MKP) Mono potasyum fosfat, KH2PO4 form\u00fcne sahip inorganik bir bile\u015fiktir. fosfor ve potasyum bak\u0131m\u0131ndan en zengin g\u00fcbredir.<\/p>\n","protected":false},"featured_media":16921,"comment_status":"open","ping_status":"closed","template":"","meta":{"_joinchat":[]},"product_cat":[73,76,79,80],"product_tag":[],"class_list":{"0":"post-16920","1":"product","2":"type-product","3":"status-publish","4":"has-post-thumbnail","6":"product_cat-deri-ve-tekstil-kimyasallari","7":"product_cat-gida-ve-katki-kimyasallari","8":"product_cat-tarim-kimyasallari","9":"product_cat-veteriner-ve-ilac-kimyasallari","11":"first","12":"instock","13":"shipping-taxable","14":"purchasable","15":"product-type-variable"},"yoast_head":"<!-- This site is optimized with the Yoast SEO Premium plugin v20.2.1 (Yoast SEO v20.2.1) - https:\/\/yoast.com\/wordpress\/plugins\/seo\/ -->\n<title>MONO POTASYUM FOSFAT (MKP) - Akerkimya<\/title>\n<meta name=\"robots\" content=\"index, follow, max-snippet:-1, max-image-preview:large, max-video-preview:-1\" \/>\n<link rel=\"canonical\" href=\"https:\/\/akerkimya.com\/eticaret\/urun\/mono-potasyum-fosfat-mkp\/\" \/>\n<meta property=\"og:locale\" content=\"tr_TR\" \/>\n<meta property=\"og:type\" content=\"article\" \/>\n<meta property=\"og:title\" content=\"MONO POTASYUM FOSFAT (MKP)\" \/>\n<meta property=\"og:description\" content=\"MONO POTASYUM FOSFAT (MKP) Mono potasyum fosfat, KH2PO4 form\u00fcne sahip inorganik bir bile\u015fiktir. fosfor ve potasyum bak\u0131m\u0131ndan en zengin g\u00fcbredir.\" \/>\n<meta property=\"og:url\" content=\"https:\/\/akerkimya.com\/eticaret\/urun\/mono-potasyum-fosfat-mkp\/\" \/>\n<meta property=\"og:site_name\" content=\"Akerkimya\" \/>\n<meta property=\"article:modified_time\" content=\"2026-03-29T23:23:57+00:00\" \/>\n<meta property=\"og:image\" content=\"https:\/\/akerkimya.com\/eticaret\/wp-content\/uploads\/2025\/01\/MONO-POTASYUM-FOSFAT-MKP-GUNCEL-.png\" \/>\n\t<meta property=\"og:image:width\" content=\"1000\" \/>\n\t<meta property=\"og:image:height\" content=\"1000\" \/>\n\t<meta property=\"og:image:type\" content=\"image\/png\" \/>\n<meta name=\"twitter:card\" content=\"summary_large_image\" \/>\n<meta name=\"twitter:label1\" content=\"Tahmini okuma s\u00fcresi\" \/>\n\t<meta name=\"twitter:data1\" content=\"1 dakika\" \/>\n<script type=\"application\/ld+json\" class=\"yoast-schema-graph\">{\"@context\":\"https:\/\/schema.org\",\"@graph\":[{\"@type\":\"WebPage\",\"@id\":\"https:\/\/akerkimya.com\/eticaret\/urun\/mono-potasyum-fosfat-mkp\/\",\"url\":\"https:\/\/akerkimya.com\/eticaret\/urun\/mono-potasyum-fosfat-mkp\/\",\"name\":\"MONO POTASYUM FOSFAT (MKP) - Akerkimya\",\"isPartOf\":{\"@id\":\"https:\/\/akerkimya.com\/eticaret\/#website\"},\"datePublished\":\"2025-01-01T19:52:15+00:00\",\"dateModified\":\"2026-03-29T23:23:57+00:00\",\"breadcrumb\":{\"@id\":\"https:\/\/akerkimya.com\/eticaret\/urun\/mono-potasyum-fosfat-mkp\/#breadcrumb\"},\"inLanguage\":\"tr\",\"potentialAction\":[{\"@type\":\"ReadAction\",\"target\":[\"https:\/\/akerkimya.com\/eticaret\/urun\/mono-potasyum-fosfat-mkp\/\"]}]},{\"@type\":\"BreadcrumbList\",\"@id\":\"https:\/\/akerkimya.com\/eticaret\/urun\/mono-potasyum-fosfat-mkp\/#breadcrumb\",\"itemListElement\":[{\"@type\":\"ListItem\",\"position\":1,\"name\":\"Home\",\"item\":\"https:\/\/akerkimya.com\/eticaret\/\"},{\"@type\":\"ListItem\",\"position\":2,\"name\":\"Market\",\"item\":\"https:\/\/akerkimya.com\/eticaret\/market\/\"},{\"@type\":\"ListItem\",\"position\":3,\"name\":\"MONO POTASYUM FOSFAT (MKP)\"}]},{\"@type\":\"WebSite\",\"@id\":\"https:\/\/akerkimya.com\/eticaret\/#website\",\"url\":\"https:\/\/akerkimya.com\/eticaret\/\",\"name\":\"Akerkimya\",\"description\":\"\",\"potentialAction\":[{\"@type\":\"SearchAction\",\"target\":{\"@type\":\"EntryPoint\",\"urlTemplate\":\"https:\/\/akerkimya.com\/eticaret\/?s={search_term_string}\"},\"query-input\":\"required name=search_term_string\"}],\"inLanguage\":\"tr\"}]}<\/script>\n<!-- \/ Yoast SEO Premium plugin. -->","yoast_head_json":{"title":"MONO POTASYUM FOSFAT (MKP) - Akerkimya","robots":{"index":"index","follow":"follow","max-snippet":"max-snippet:-1","max-image-preview":"max-image-preview:large","max-video-preview":"max-video-preview:-1"},"canonical":"https:\/\/akerkimya.com\/eticaret\/urun\/mono-potasyum-fosfat-mkp\/","og_locale":"tr_TR","og_type":"article","og_title":"MONO POTASYUM FOSFAT (MKP)","og_description":"MONO POTASYUM FOSFAT (MKP) Mono potasyum fosfat, KH2PO4 form\u00fcne sahip inorganik bir bile\u015fiktir. fosfor ve potasyum bak\u0131m\u0131ndan en zengin g\u00fcbredir.","og_url":"https:\/\/akerkimya.com\/eticaret\/urun\/mono-potasyum-fosfat-mkp\/","og_site_name":"Akerkimya","article_modified_time":"2026-03-29T23:23:57+00:00","og_image":[{"width":1000,"height":1000,"url":"https:\/\/akerkimya.com\/eticaret\/wp-content\/uploads\/2025\/01\/MONO-POTASYUM-FOSFAT-MKP-GUNCEL-.png","type":"image\/png"}],"twitter_card":"summary_large_image","twitter_misc":{"Tahmini okuma s\u00fcresi":"1 dakika"},"schema":{"@context":"https:\/\/schema.org","@graph":[{"@type":"WebPage","@id":"https:\/\/akerkimya.com\/eticaret\/urun\/mono-potasyum-fosfat-mkp\/","url":"https:\/\/akerkimya.com\/eticaret\/urun\/mono-potasyum-fosfat-mkp\/","name":"MONO POTASYUM FOSFAT (MKP) - Akerkimya","isPartOf":{"@id":"https:\/\/akerkimya.com\/eticaret\/#website"},"datePublished":"2025-01-01T19:52:15+00:00","dateModified":"2026-03-29T23:23:57+00:00","breadcrumb":{"@id":"https:\/\/akerkimya.com\/eticaret\/urun\/mono-potasyum-fosfat-mkp\/#breadcrumb"},"inLanguage":"tr","potentialAction":[{"@type":"ReadAction","target":["https:\/\/akerkimya.com\/eticaret\/urun\/mono-potasyum-fosfat-mkp\/"]}]},{"@type":"BreadcrumbList","@id":"https:\/\/akerkimya.com\/eticaret\/urun\/mono-potasyum-fosfat-mkp\/#breadcrumb","itemListElement":[{"@type":"ListItem","position":1,"name":"Home","item":"https:\/\/akerkimya.com\/eticaret\/"},{"@type":"ListItem","position":2,"name":"Market","item":"https:\/\/akerkimya.com\/eticaret\/market\/"},{"@type":"ListItem","position":3,"name":"MONO POTASYUM FOSFAT (MKP)"}]},{"@type":"WebSite","@id":"https:\/\/akerkimya.com\/eticaret\/#website","url":"https:\/\/akerkimya.com\/eticaret\/","name":"Akerkimya","description":"","potentialAction":[{"@type":"SearchAction","target":{"@type":"EntryPoint","urlTemplate":"https:\/\/akerkimya.com\/eticaret\/?s={search_term_string}"},"query-input":"required name=search_term_string"}],"inLanguage":"tr"}]}},"_links":{"self":[{"href":"https:\/\/akerkimya.com\/eticaret\/wp-json\/wp\/v2\/product\/16920","targetHints":{"allow":["GET"]}}],"collection":[{"href":"https:\/\/akerkimya.com\/eticaret\/wp-json\/wp\/v2\/product"}],"about":[{"href":"https:\/\/akerkimya.com\/eticaret\/wp-json\/wp\/v2\/types\/product"}],"replies":[{"embeddable":true,"href":"https:\/\/akerkimya.com\/eticaret\/wp-json\/wp\/v2\/comments?post=16920"}],"version-history":[{"count":1,"href":"https:\/\/akerkimya.com\/eticaret\/wp-json\/wp\/v2\/product\/16920\/revisions"}],"predecessor-version":[{"id":16925,"href":"https:\/\/akerkimya.com\/eticaret\/wp-json\/wp\/v2\/product\/16920\/revisions\/16925"}],"wp:featuredmedia":[{"embeddable":true,"href":"https:\/\/akerkimya.com\/eticaret\/wp-json\/wp\/v2\/media\/16921"}],"wp:attachment":[{"href":"https:\/\/akerkimya.com\/eticaret\/wp-json\/wp\/v2\/media?parent=16920"}],"wp:term":[{"taxonomy":"product_cat","embeddable":true,"href":"https:\/\/akerkimya.com\/eticaret\/wp-json\/wp\/v2\/product_cat?post=16920"},{"taxonomy":"product_tag","embeddable":true,"href":"https:\/\/akerkimya.com\/eticaret\/wp-json\/wp\/v2\/product_tag?post=16920"}],"curies":[{"name":"wp","href":"https:\/\/api.w.org\/{rel}","templated":true}]}}