{"id":16926,"date":"2025-01-01T22:58:46","date_gmt":"2025-01-01T19:58:46","guid":{"rendered":"https:\/\/akerkimya.com\/eticaret\/?post_type=product&#038;p=16926"},"modified":"2026-03-30T02:23:57","modified_gmt":"2026-03-29T23:23:57","slug":"mono-sodyum-fosfat","status":"publish","type":"product","link":"https:\/\/akerkimya.com\/eticaret\/urun\/mono-sodyum-fosfat\/","title":{"rendered":"MONO SODYUM FOSFAT"},"content":{"rendered":"<h1>MONO SODYUM FOSFAT<\/h1>\n<p><strong>\u00a0<\/strong><\/p>\n<p><strong>Bir dihidrojen fosfat anyonu olan inorganik bir sodyum bile\u015fi\u011fidir. Tuz, susuz bir formun yan\u0131 s\u0131ra mono ve dihidratlar halinde de bulunur.<\/strong><\/p>\n<p><strong>\u00a0<\/strong><\/p>\n<p><strong>\u00d6ZELL\u0130KLER\u0130<\/strong><\/p>\n<p><strong>Yayg\u0131n bir end\u00fcstriyel kimyasald\u0131r.<\/strong><\/p>\n<p><strong>Uygun vantilasyon sa\u011flanm\u0131\u015f alanlarda kullan\u0131lmal\u0131d\u0131r.<\/strong><\/p>\n<p><strong>Asit d\u00fczenleyici ve \u015felat ajan\u0131d\u0131r.<\/strong><\/p>\n<p><strong>Kurumadan ve tozlarda topakla\u015fmadan korur.<\/strong><\/p>\n<p><strong>Antioksidanlar\u0131n aktivitesini artt\u0131r\u0131r.<\/strong><\/p>\n<p><strong>\u00a0<\/strong><\/p>\n<p><strong>TEKN\u0130K \u00d6ZELL\u0130KLER\u0130<\/strong><\/p>\n<p><strong>D\u0130\u011eER \u0130S\u0130MLER\u0130: Monobasik Sodyum Fosfat, Sodyum Dihidrojen Fosfat<\/strong><\/p>\n<p><strong>G\u00d6R\u00dcN\u00dcM\u00dc: Beyaz toz <\/strong><\/p>\n<p><strong>K\u0130MYASAL FORM\u00dcL\u00dc: NaH2PO4<\/strong><\/p>\n<p><strong>GIDA KODU: E339<\/strong><\/p>\n<p><strong>MOLEK\u00dcL A\u011eIRLI\u011eI: 119,98 gr<\/strong><\/p>\n<p><strong>SUDA \u00c7\u00d6Z\u00dcN\u00dcRL\u00dcK: \u00c7\u00f6z\u00fcn\u00fcr.<\/strong><\/p>\n<p><strong>\u00a0<\/strong><\/p>\n<p><strong>KULLANIM ALANLARI<\/strong><\/p>\n<p><strong>G\u0131dalarda em\u00fclgat\u00f6r, k\u0131vam artt\u0131r\u0131c\u0131 madde ve tampon olarak kullan\u0131l\u0131r.<\/strong><\/p>\n<p><strong>Su ar\u0131tma i\u015flemlerinde kullan\u0131l\u0131r.<\/strong><\/p>\n<p><strong>So\u011futma i\u015fleminden \u00f6nce yumurtan\u0131n sar\u0131 rengini korumak i\u00e7in kullan\u0131l\u0131r.<\/strong><\/p>\n<p><strong>Haz\u0131r pudinglerde jelle\u015fme h\u0131zland\u0131r\u0131c\u0131s\u0131 olarak kullan\u0131l\u0131r.<\/strong><\/p>\n<p><strong>Kuru toz me\u015frubatlarda kullan\u0131l\u0131r.<\/strong><\/p>\n<p><strong>Peynir i\u015fleme i\u015flemlerinde kullan\u0131l\u0131r.<\/strong><\/p>\n<p><strong>Tuzlardaki magnezyum iyonlar\u0131n\u0131n oran\u0131n\u0131 saptamak i\u00e7in kullan\u0131l\u0131r.<\/strong><\/p>\n<p><strong>Hayvan g\u0131dalar\u0131na, di\u015f macunlar\u0131na ve buharla\u015ft\u0131r\u0131lm\u0131\u015f s\u00fct i\u00e7ine ilave edilir.<\/strong><\/p>\n<p><strong>Asit stabiliz\u00f6r\u00fc olarak kullan\u0131l\u0131r.<\/strong><\/p>\n<p><strong>Metal bitirme ve asit tipi metal temizleyicilerde PH kontrol\u00fcn\u00fc sa\u011flamak i\u00e7in kullan\u0131l\u0131r.<\/strong><\/p>\n<p><strong>Delici \u00e7amur muamelesi ve ya\u011f delme \u00e7amurunda kullan\u0131l\u0131r.<\/strong><\/p>\n<p><strong>Da\u011f\u0131t\u0131c\u0131 ajan ve sertlik stabilizasyonu olarak kullan\u0131l\u0131r.<\/strong><\/p>\n<p><strong>Temizlik malzemelerinde da\u011f\u0131lma ve sertlik ajan\u0131 olarak i\u015flev g\u00f6rmektedir.<\/strong><\/p>\n<p><strong>Deterjan ve tekstil sekt\u00f6r\u00fcnde kullan\u0131l\u0131r.<\/strong><\/p>\n<p><strong>Farmas\u00f6tik ila\u00e7lardan lavman imalat\u0131nda katk\u0131 maddesi olarak kullan\u0131l\u0131r.<\/strong><\/p>\n<p><strong>\u00a0<\/strong><\/p>\n<p><strong>AMBALAJ<\/strong><\/p>\n<p><strong>1-5-25 kg torbalar halinde <\/strong><\/p>\n<p><strong>\u00a0<\/strong><\/p>\n<p><strong>DEPOLAMA<\/strong><\/p>\n<p><strong>Kuru ve serin ortamda muhafaza edilmelidir.<\/strong><\/p>\n<p><strong>\u00a0<\/strong><\/p>\n<p><strong>D\u0130KKAT<\/strong><\/p>\n<p><strong>Ciltle uzun s\u00fcreli ve tekrarl\u0131 temas\u0131ndan sak\u0131nmal\u0131d\u0131r, solunmamal\u0131 ve yutulmamal\u0131d\u0131r.<\/strong><\/p>\n<p><strong>Uyumsuz maddelerden uzak tutulmal\u0131d\u0131r.<\/strong><\/p>\n","protected":false},"excerpt":{"rendered":"<p>MONO SODYUM FOSFAT \u00a0 Bir dihidrojen fosfat anyonu olan inorganik bir sodyum bile\u015fi\u011fidir. Tuz, susuz bir formun yan\u0131 s\u0131ra mono<\/p>\n","protected":false},"featured_media":16928,"comment_status":"open","ping_status":"closed","template":"","meta":{"_joinchat":[]},"product_cat":[73,74,76,80,81],"product_tag":[],"class_list":{"0":"post-16926","1":"product","2":"type-product","3":"status-publish","4":"has-post-thumbnail","6":"product_cat-deri-ve-tekstil-kimyasallari","7":"product_cat-deterjan-ve-kozmetik-kimyasallari","8":"product_cat-gida-ve-katki-kimyasallari","9":"product_cat-veteriner-ve-ilac-kimyasallari","10":"product_cat-yem-katki-kimyasallari","12":"first","13":"instock","14":"shipping-taxable","15":"purchasable","16":"product-type-variable"},"yoast_head":"<!-- This site is optimized with the Yoast SEO Premium plugin v20.2.1 (Yoast SEO v20.2.1) - https:\/\/yoast.com\/wordpress\/plugins\/seo\/ -->\n<title>MONO SODYUM FOSFAT - Akerkimya<\/title>\n<meta name=\"robots\" content=\"index, follow, max-snippet:-1, max-image-preview:large, max-video-preview:-1\" \/>\n<link rel=\"canonical\" href=\"https:\/\/akerkimya.com\/eticaret\/urun\/mono-sodyum-fosfat\/\" \/>\n<meta property=\"og:locale\" content=\"tr_TR\" \/>\n<meta property=\"og:type\" content=\"article\" \/>\n<meta property=\"og:title\" content=\"MONO SODYUM FOSFAT\" \/>\n<meta property=\"og:description\" content=\"MONO SODYUM FOSFAT \u00a0 Bir dihidrojen fosfat anyonu olan inorganik bir sodyum bile\u015fi\u011fidir. Tuz, susuz bir formun yan\u0131 s\u0131ra mono\" \/>\n<meta property=\"og:url\" content=\"https:\/\/akerkimya.com\/eticaret\/urun\/mono-sodyum-fosfat\/\" \/>\n<meta property=\"og:site_name\" content=\"Akerkimya\" \/>\n<meta property=\"article:modified_time\" content=\"2026-03-29T23:23:57+00:00\" \/>\n<meta property=\"og:image\" content=\"https:\/\/akerkimya.com\/eticaret\/wp-content\/uploads\/2025\/01\/MONOSODYUM-FOSFAT-GUNCEL-.png\" \/>\n\t<meta property=\"og:image:width\" content=\"1000\" \/>\n\t<meta property=\"og:image:height\" content=\"1000\" \/>\n\t<meta property=\"og:image:type\" content=\"image\/png\" \/>\n<meta name=\"twitter:card\" content=\"summary_large_image\" \/>\n<meta name=\"twitter:label1\" content=\"Tahmini okuma s\u00fcresi\" \/>\n\t<meta name=\"twitter:data1\" content=\"2 dakika\" \/>\n<script type=\"application\/ld+json\" class=\"yoast-schema-graph\">{\"@context\":\"https:\/\/schema.org\",\"@graph\":[{\"@type\":\"WebPage\",\"@id\":\"https:\/\/akerkimya.com\/eticaret\/urun\/mono-sodyum-fosfat\/\",\"url\":\"https:\/\/akerkimya.com\/eticaret\/urun\/mono-sodyum-fosfat\/\",\"name\":\"MONO SODYUM FOSFAT - Akerkimya\",\"isPartOf\":{\"@id\":\"https:\/\/akerkimya.com\/eticaret\/#website\"},\"datePublished\":\"2025-01-01T19:58:46+00:00\",\"dateModified\":\"2026-03-29T23:23:57+00:00\",\"breadcrumb\":{\"@id\":\"https:\/\/akerkimya.com\/eticaret\/urun\/mono-sodyum-fosfat\/#breadcrumb\"},\"inLanguage\":\"tr\",\"potentialAction\":[{\"@type\":\"ReadAction\",\"target\":[\"https:\/\/akerkimya.com\/eticaret\/urun\/mono-sodyum-fosfat\/\"]}]},{\"@type\":\"BreadcrumbList\",\"@id\":\"https:\/\/akerkimya.com\/eticaret\/urun\/mono-sodyum-fosfat\/#breadcrumb\",\"itemListElement\":[{\"@type\":\"ListItem\",\"position\":1,\"name\":\"Home\",\"item\":\"https:\/\/akerkimya.com\/eticaret\/\"},{\"@type\":\"ListItem\",\"position\":2,\"name\":\"Market\",\"item\":\"https:\/\/akerkimya.com\/eticaret\/market\/\"},{\"@type\":\"ListItem\",\"position\":3,\"name\":\"MONO SODYUM FOSFAT\"}]},{\"@type\":\"WebSite\",\"@id\":\"https:\/\/akerkimya.com\/eticaret\/#website\",\"url\":\"https:\/\/akerkimya.com\/eticaret\/\",\"name\":\"Akerkimya\",\"description\":\"\",\"potentialAction\":[{\"@type\":\"SearchAction\",\"target\":{\"@type\":\"EntryPoint\",\"urlTemplate\":\"https:\/\/akerkimya.com\/eticaret\/?s={search_term_string}\"},\"query-input\":\"required name=search_term_string\"}],\"inLanguage\":\"tr\"}]}<\/script>\n<!-- \/ Yoast SEO Premium plugin. -->","yoast_head_json":{"title":"MONO SODYUM FOSFAT - Akerkimya","robots":{"index":"index","follow":"follow","max-snippet":"max-snippet:-1","max-image-preview":"max-image-preview:large","max-video-preview":"max-video-preview:-1"},"canonical":"https:\/\/akerkimya.com\/eticaret\/urun\/mono-sodyum-fosfat\/","og_locale":"tr_TR","og_type":"article","og_title":"MONO SODYUM FOSFAT","og_description":"MONO SODYUM FOSFAT \u00a0 Bir dihidrojen fosfat anyonu olan inorganik bir sodyum bile\u015fi\u011fidir. Tuz, susuz bir formun yan\u0131 s\u0131ra mono","og_url":"https:\/\/akerkimya.com\/eticaret\/urun\/mono-sodyum-fosfat\/","og_site_name":"Akerkimya","article_modified_time":"2026-03-29T23:23:57+00:00","og_image":[{"width":1000,"height":1000,"url":"https:\/\/akerkimya.com\/eticaret\/wp-content\/uploads\/2025\/01\/MONOSODYUM-FOSFAT-GUNCEL-.png","type":"image\/png"}],"twitter_card":"summary_large_image","twitter_misc":{"Tahmini okuma s\u00fcresi":"2 dakika"},"schema":{"@context":"https:\/\/schema.org","@graph":[{"@type":"WebPage","@id":"https:\/\/akerkimya.com\/eticaret\/urun\/mono-sodyum-fosfat\/","url":"https:\/\/akerkimya.com\/eticaret\/urun\/mono-sodyum-fosfat\/","name":"MONO SODYUM FOSFAT - Akerkimya","isPartOf":{"@id":"https:\/\/akerkimya.com\/eticaret\/#website"},"datePublished":"2025-01-01T19:58:46+00:00","dateModified":"2026-03-29T23:23:57+00:00","breadcrumb":{"@id":"https:\/\/akerkimya.com\/eticaret\/urun\/mono-sodyum-fosfat\/#breadcrumb"},"inLanguage":"tr","potentialAction":[{"@type":"ReadAction","target":["https:\/\/akerkimya.com\/eticaret\/urun\/mono-sodyum-fosfat\/"]}]},{"@type":"BreadcrumbList","@id":"https:\/\/akerkimya.com\/eticaret\/urun\/mono-sodyum-fosfat\/#breadcrumb","itemListElement":[{"@type":"ListItem","position":1,"name":"Home","item":"https:\/\/akerkimya.com\/eticaret\/"},{"@type":"ListItem","position":2,"name":"Market","item":"https:\/\/akerkimya.com\/eticaret\/market\/"},{"@type":"ListItem","position":3,"name":"MONO SODYUM FOSFAT"}]},{"@type":"WebSite","@id":"https:\/\/akerkimya.com\/eticaret\/#website","url":"https:\/\/akerkimya.com\/eticaret\/","name":"Akerkimya","description":"","potentialAction":[{"@type":"SearchAction","target":{"@type":"EntryPoint","urlTemplate":"https:\/\/akerkimya.com\/eticaret\/?s={search_term_string}"},"query-input":"required name=search_term_string"}],"inLanguage":"tr"}]}},"_links":{"self":[{"href":"https:\/\/akerkimya.com\/eticaret\/wp-json\/wp\/v2\/product\/16926","targetHints":{"allow":["GET"]}}],"collection":[{"href":"https:\/\/akerkimya.com\/eticaret\/wp-json\/wp\/v2\/product"}],"about":[{"href":"https:\/\/akerkimya.com\/eticaret\/wp-json\/wp\/v2\/types\/product"}],"replies":[{"embeddable":true,"href":"https:\/\/akerkimya.com\/eticaret\/wp-json\/wp\/v2\/comments?post=16926"}],"version-history":[{"count":1,"href":"https:\/\/akerkimya.com\/eticaret\/wp-json\/wp\/v2\/product\/16926\/revisions"}],"predecessor-version":[{"id":16932,"href":"https:\/\/akerkimya.com\/eticaret\/wp-json\/wp\/v2\/product\/16926\/revisions\/16932"}],"wp:featuredmedia":[{"embeddable":true,"href":"https:\/\/akerkimya.com\/eticaret\/wp-json\/wp\/v2\/media\/16928"}],"wp:attachment":[{"href":"https:\/\/akerkimya.com\/eticaret\/wp-json\/wp\/v2\/media?parent=16926"}],"wp:term":[{"taxonomy":"product_cat","embeddable":true,"href":"https:\/\/akerkimya.com\/eticaret\/wp-json\/wp\/v2\/product_cat?post=16926"},{"taxonomy":"product_tag","embeddable":true,"href":"https:\/\/akerkimya.com\/eticaret\/wp-json\/wp\/v2\/product_tag?post=16926"}],"curies":[{"name":"wp","href":"https:\/\/api.w.org\/{rel}","templated":true}]}}