{"id":16933,"date":"2025-01-01T23:02:43","date_gmt":"2025-01-01T20:02:43","guid":{"rendered":"https:\/\/akerkimya.com\/eticaret\/?post_type=product&#038;p=16933"},"modified":"2026-03-30T02:23:57","modified_gmt":"2026-03-29T23:23:57","slug":"np-10-nonyl-fenol","status":"publish","type":"product","link":"https:\/\/akerkimya.com\/eticaret\/urun\/np-10-nonyl-fenol\/","title":{"rendered":"NP-10 (NONYL FENOL)"},"content":{"rendered":"<h1>NP-10 (NONYL FENOL)<\/h1>\n<p><strong>NP-10, C9H19C6H4(OCH2CH2)NOH form\u00fcl\u00fcne sahip, alkilfenoller olarak adland\u0131r\u0131lan, yak\u0131ndan ili\u015fkili organik bile\u015fiklerin bir ailesidir. NP\u2019 lerin yap\u0131s\u0131 de\u011fi\u015fiklik g\u00f6sterebilir. Nonil grubu fenol halkas\u0131na \u00e7e\u015fitli konumlarda, s\u0131kl\u0131kla da 4 ya da 2 pozisyonunda ba\u011flanabilir; dallanm\u0131\u015f ya da do\u011frusal olabilir. Dallanm\u0131\u015f nonilfenol, 4-nonilfenol, en s\u0131k olarak \u00fcretilen ve pazarlanan nonilfenold\u00fcr. Saf haldeki NP-10\u2019 lar renksiz olmas\u0131na ra\u011fmen, nonilfenol izomerlerinin kar\u0131\u015f\u0131m\u0131 a\u00e7\u0131k renkli bir s\u0131v\u0131d\u0131r.<\/strong><\/p>\n<p><strong>\u00a0<\/strong><\/p>\n<p><strong>NP-10 \u00d6ZELL\u0130KLER\u0130<\/strong><\/p>\n<p><strong>Berrak, renksiz olup fiziksel yap\u0131s\u0131 s\u0131v\u0131d\u0131r.<\/strong><\/p>\n<p><strong>Metanol i\u00e7inde \u00e7\u00f6z\u00fcn\u00fcr, kerosen i\u00e7inde \u00e7\u00f6z\u00fcnmez.<\/strong><\/p>\n<p><strong>Sert sulardan asidik ve bazik ortamlardan etkilenmez.<\/strong><\/p>\n<p><strong>Em\u00fclsiyon yapmak \u00f6zelli\u011fi y\u00fcksektir.<\/strong><\/p>\n<p><strong>Anyon aktif maddelere k\u0131yasla daha az k\u00f6p\u00fcr\u00fcrler.<\/strong><\/p>\n<p><strong>\u00a0<\/strong><\/p>\n<p><strong>TEKN\u0130K \u00d6ZELL\u0130KLER\u0130<\/strong><\/p>\n<p><strong>CAS NUMARASI:26027-38-3<\/strong><\/p>\n<p><strong>MOLEK\u00dcLER FORM\u00dcL: C9H19C6H4 (OCH2CH2)NOH<\/strong><\/p>\n<p><strong>K\u0130MYASAL \u0130SM\u0130: NP-10, Nonyl Fenol<\/strong><\/p>\n<p><strong>ER\u0130ME NOKTASI: 1\u00b0C<\/strong><\/p>\n<p><strong>KAYNAMA NOKTASI: 270 \u00b0C<\/strong><\/p>\n<p><strong>SAFLIK DERECES\u0130 (%): 98<\/strong><\/p>\n<p><strong>\u00d6ZG\u00dcL A\u011eIRLIK: 1.06<\/strong><\/p>\n<p><strong>PH: 6.3 (10% \u00e7\u00f6z.)<\/strong><\/p>\n<p><strong>V\u0130SKOZ\u0130TE: C 25 240<\/strong><\/p>\n<p><strong>YO\u011eUNLU\u011eU: 1.100 gr\/cm\u00b3<\/strong><\/p>\n<p><strong>\u00c7\u00d6Z\u00dcN\u00dcRL\u00dcK: Suda orta seviyede \u00e7\u00f6z\u00fcn\u00fcr. Alkolde tam \u00e7\u00f6z\u00fcn\u00fcr.<\/strong><\/p>\n<p><strong>\u00a0<\/strong><\/p>\n<p><strong>KULLANIM ALANLARI<\/strong><\/p>\n<p><strong>Plastik g\u0131da ambalaj\u0131nda stabilizat\u00f6r olarak kullan\u0131lmaktad\u0131r.<\/strong><\/p>\n<p><strong>Nonil fenol\u00fcn baryum ve kalsiyum tuzlar\u0131, polivinil klor\u00fcr (PVC) i\u00e7in \u0131s\u0131 dengeleyici olarak da kullan\u0131l\u0131r.<\/strong><\/p>\n<p><strong>Antioksidanlar, ya\u011flama ya\u011f\u0131 katk\u0131lar\u0131, \u00e7ama\u015f\u0131r ve bula\u015f\u0131k deterjanlar\u0131, em\u00fclgat\u00f6rler ve \u00e7\u00f6z\u00fcn\u00fcrle\u015ftiricilerin imalat\u0131nda katk\u0131 maddesi olarak kullan\u0131l\u0131r.<\/strong><\/p>\n<p><strong>Tekstil sekt\u00f6r\u00fcnde stabilizat\u00f6r olarak kullan\u0131lmaktad\u0131r.<\/strong><\/p>\n<p><strong>Kau\u00e7uk, vinil polimerler, poliolefinler ve polistiren gibi polimerleri korumak i\u00e7in kullan\u0131lan bir antioksidan olan tris (4-nonil-fenol) fosfit\u00a0 (TNPP) \u00fcretmek i\u00e7in kullan\u0131l\u0131r.<\/strong><\/p>\n<p><strong>Kimya sekt\u00f6r\u00fcnde bu madde stabilizat\u00f6r olarak kullan\u0131lmaktad\u0131r.<\/strong><\/p>\n<p><strong>Tar\u0131msal alanda, yap\u0131\u015ft\u0131r\u0131c\u0131 \u00fcretimi s\u0131ras\u0131nda, y\u00fczey gerilimi azaltt\u0131\u011f\u0131 ve iyi bir \u0131slat\u0131c\u0131 g\u00f6revi yapt\u0131\u011f\u0131 i\u00e7in kolofon re\u00e7ine ile birlikte kullan\u0131lmaktad\u0131r.<\/strong><\/p>\n<p><strong>Bula\u015f\u0131k sabunu, \u015fampuan v.b. \u00fcr\u00fcnlerde katk\u0131 maddesi ve temizleyici olarak kullan\u0131lmaktad\u0131r.<\/strong><\/p>\n<p><strong>Zirai ila\u00e7lar\u0131n \u00fcretiminde katk\u0131 maddesi olarak kullan\u0131lmaktad\u0131r.<\/strong><\/p>\n<p><strong>Ki\u015fisel bak\u0131m \u00fcr\u00fcnlerde, plastiklerde kullan\u0131lan non-iyonik y\u00fczey aktif maddeler nonilfenol eksoksilatlar\u0131n \u00fcretiminde genellikle bir ara madde olarak kullan\u0131l\u0131r.<\/strong><\/p>\n<p><strong>Y\u00fcn, pamuk, viskon, suni ipek ve sentetik elyaf\u0131n y\u0131kanmas\u0131 ve terbiye edilmesi i\u00e7in yard\u0131mc\u0131 maddedir.<\/strong><\/p>\n<p><strong>Pamukta bulunan mum ve pektini elyaftan almas\u0131 ve kolayl\u0131kla uzakla\u015ft\u0131r\u0131lmas\u0131 i\u00e7in kullan\u0131l\u0131r.<\/strong><\/p>\n<p><strong>\u00a0<\/strong><\/p>\n<p><strong>AMBALAJ<\/strong><\/p>\n<p><strong>210 kg variller halinde<\/strong><\/p>\n<p><strong>\u00a0<\/strong><\/p>\n<p><strong>DEPOLAMA<\/strong><\/p>\n<p><strong>Serin ve kuru bir alanda ambalaj kapal\u0131 olacak \u015fekilde muhafaza edilmelidir.<\/strong><\/p>\n","protected":false},"excerpt":{"rendered":"<p>NP-10 (NONYL FENOL) NP-10, C9H19C6H4(OCH2CH2)NOH form\u00fcl\u00fcne sahip, alkilfenoller olarak adland\u0131r\u0131lan, yak\u0131ndan ili\u015fkili organik bile\u015fiklerin bir ailesidir. NP\u2019 lerin yap\u0131s\u0131 de\u011fi\u015fiklik<\/p>\n","protected":false},"featured_media":16934,"comment_status":"open","ping_status":"closed","template":"","meta":{"_joinchat":[]},"product_cat":[73,74,79],"product_tag":[],"class_list":{"0":"post-16933","1":"product","2":"type-product","3":"status-publish","4":"has-post-thumbnail","6":"product_cat-deri-ve-tekstil-kimyasallari","7":"product_cat-deterjan-ve-kozmetik-kimyasallari","8":"product_cat-tarim-kimyasallari","10":"first","11":"instock","12":"shipping-taxable","13":"purchasable","14":"product-type-variable"},"yoast_head":"<!-- This site is optimized with the Yoast SEO Premium plugin v20.2.1 (Yoast SEO v20.2.1) - https:\/\/yoast.com\/wordpress\/plugins\/seo\/ -->\n<title>NP-10 (NONYL FENOL) - Akerkimya<\/title>\n<meta name=\"robots\" content=\"index, follow, max-snippet:-1, max-image-preview:large, max-video-preview:-1\" \/>\n<link rel=\"canonical\" href=\"https:\/\/akerkimya.com\/eticaret\/urun\/np-10-nonyl-fenol\/\" \/>\n<meta property=\"og:locale\" content=\"tr_TR\" \/>\n<meta property=\"og:type\" content=\"article\" \/>\n<meta property=\"og:title\" content=\"NP-10 (NONYL FENOL)\" \/>\n<meta property=\"og:description\" content=\"NP-10 (NONYL FENOL) NP-10, C9H19C6H4(OCH2CH2)NOH form\u00fcl\u00fcne sahip, alkilfenoller olarak adland\u0131r\u0131lan, yak\u0131ndan ili\u015fkili organik bile\u015fiklerin bir ailesidir. NP\u2019 lerin yap\u0131s\u0131 de\u011fi\u015fiklik\" \/>\n<meta property=\"og:url\" content=\"https:\/\/akerkimya.com\/eticaret\/urun\/np-10-nonyl-fenol\/\" \/>\n<meta property=\"og:site_name\" content=\"Akerkimya\" \/>\n<meta property=\"article:modified_time\" content=\"2026-03-29T23:23:57+00:00\" \/>\n<meta property=\"og:image\" content=\"https:\/\/akerkimya.com\/eticaret\/wp-content\/uploads\/2025\/01\/NP-10-GUNCEL-.png\" \/>\n\t<meta property=\"og:image:width\" content=\"1000\" \/>\n\t<meta property=\"og:image:height\" content=\"1000\" \/>\n\t<meta property=\"og:image:type\" content=\"image\/png\" \/>\n<meta name=\"twitter:card\" content=\"summary_large_image\" \/>\n<meta name=\"twitter:label1\" content=\"Tahmini okuma s\u00fcresi\" \/>\n\t<meta name=\"twitter:data1\" content=\"2 dakika\" \/>\n<script type=\"application\/ld+json\" class=\"yoast-schema-graph\">{\"@context\":\"https:\/\/schema.org\",\"@graph\":[{\"@type\":\"WebPage\",\"@id\":\"https:\/\/akerkimya.com\/eticaret\/urun\/np-10-nonyl-fenol\/\",\"url\":\"https:\/\/akerkimya.com\/eticaret\/urun\/np-10-nonyl-fenol\/\",\"name\":\"NP-10 (NONYL FENOL) - Akerkimya\",\"isPartOf\":{\"@id\":\"https:\/\/akerkimya.com\/eticaret\/#website\"},\"datePublished\":\"2025-01-01T20:02:43+00:00\",\"dateModified\":\"2026-03-29T23:23:57+00:00\",\"breadcrumb\":{\"@id\":\"https:\/\/akerkimya.com\/eticaret\/urun\/np-10-nonyl-fenol\/#breadcrumb\"},\"inLanguage\":\"tr\",\"potentialAction\":[{\"@type\":\"ReadAction\",\"target\":[\"https:\/\/akerkimya.com\/eticaret\/urun\/np-10-nonyl-fenol\/\"]}]},{\"@type\":\"BreadcrumbList\",\"@id\":\"https:\/\/akerkimya.com\/eticaret\/urun\/np-10-nonyl-fenol\/#breadcrumb\",\"itemListElement\":[{\"@type\":\"ListItem\",\"position\":1,\"name\":\"Home\",\"item\":\"https:\/\/akerkimya.com\/eticaret\/\"},{\"@type\":\"ListItem\",\"position\":2,\"name\":\"Market\",\"item\":\"https:\/\/akerkimya.com\/eticaret\/market\/\"},{\"@type\":\"ListItem\",\"position\":3,\"name\":\"NP-10 (NONYL FENOL)\"}]},{\"@type\":\"WebSite\",\"@id\":\"https:\/\/akerkimya.com\/eticaret\/#website\",\"url\":\"https:\/\/akerkimya.com\/eticaret\/\",\"name\":\"Akerkimya\",\"description\":\"\",\"potentialAction\":[{\"@type\":\"SearchAction\",\"target\":{\"@type\":\"EntryPoint\",\"urlTemplate\":\"https:\/\/akerkimya.com\/eticaret\/?s={search_term_string}\"},\"query-input\":\"required name=search_term_string\"}],\"inLanguage\":\"tr\"}]}<\/script>\n<!-- \/ Yoast SEO Premium plugin. -->","yoast_head_json":{"title":"NP-10 (NONYL FENOL) - Akerkimya","robots":{"index":"index","follow":"follow","max-snippet":"max-snippet:-1","max-image-preview":"max-image-preview:large","max-video-preview":"max-video-preview:-1"},"canonical":"https:\/\/akerkimya.com\/eticaret\/urun\/np-10-nonyl-fenol\/","og_locale":"tr_TR","og_type":"article","og_title":"NP-10 (NONYL FENOL)","og_description":"NP-10 (NONYL FENOL) NP-10, C9H19C6H4(OCH2CH2)NOH form\u00fcl\u00fcne sahip, alkilfenoller olarak adland\u0131r\u0131lan, yak\u0131ndan ili\u015fkili organik bile\u015fiklerin bir ailesidir. NP\u2019 lerin yap\u0131s\u0131 de\u011fi\u015fiklik","og_url":"https:\/\/akerkimya.com\/eticaret\/urun\/np-10-nonyl-fenol\/","og_site_name":"Akerkimya","article_modified_time":"2026-03-29T23:23:57+00:00","og_image":[{"width":1000,"height":1000,"url":"https:\/\/akerkimya.com\/eticaret\/wp-content\/uploads\/2025\/01\/NP-10-GUNCEL-.png","type":"image\/png"}],"twitter_card":"summary_large_image","twitter_misc":{"Tahmini okuma s\u00fcresi":"2 dakika"},"schema":{"@context":"https:\/\/schema.org","@graph":[{"@type":"WebPage","@id":"https:\/\/akerkimya.com\/eticaret\/urun\/np-10-nonyl-fenol\/","url":"https:\/\/akerkimya.com\/eticaret\/urun\/np-10-nonyl-fenol\/","name":"NP-10 (NONYL FENOL) - Akerkimya","isPartOf":{"@id":"https:\/\/akerkimya.com\/eticaret\/#website"},"datePublished":"2025-01-01T20:02:43+00:00","dateModified":"2026-03-29T23:23:57+00:00","breadcrumb":{"@id":"https:\/\/akerkimya.com\/eticaret\/urun\/np-10-nonyl-fenol\/#breadcrumb"},"inLanguage":"tr","potentialAction":[{"@type":"ReadAction","target":["https:\/\/akerkimya.com\/eticaret\/urun\/np-10-nonyl-fenol\/"]}]},{"@type":"BreadcrumbList","@id":"https:\/\/akerkimya.com\/eticaret\/urun\/np-10-nonyl-fenol\/#breadcrumb","itemListElement":[{"@type":"ListItem","position":1,"name":"Home","item":"https:\/\/akerkimya.com\/eticaret\/"},{"@type":"ListItem","position":2,"name":"Market","item":"https:\/\/akerkimya.com\/eticaret\/market\/"},{"@type":"ListItem","position":3,"name":"NP-10 (NONYL FENOL)"}]},{"@type":"WebSite","@id":"https:\/\/akerkimya.com\/eticaret\/#website","url":"https:\/\/akerkimya.com\/eticaret\/","name":"Akerkimya","description":"","potentialAction":[{"@type":"SearchAction","target":{"@type":"EntryPoint","urlTemplate":"https:\/\/akerkimya.com\/eticaret\/?s={search_term_string}"},"query-input":"required name=search_term_string"}],"inLanguage":"tr"}]}},"_links":{"self":[{"href":"https:\/\/akerkimya.com\/eticaret\/wp-json\/wp\/v2\/product\/16933","targetHints":{"allow":["GET"]}}],"collection":[{"href":"https:\/\/akerkimya.com\/eticaret\/wp-json\/wp\/v2\/product"}],"about":[{"href":"https:\/\/akerkimya.com\/eticaret\/wp-json\/wp\/v2\/types\/product"}],"replies":[{"embeddable":true,"href":"https:\/\/akerkimya.com\/eticaret\/wp-json\/wp\/v2\/comments?post=16933"}],"version-history":[{"count":1,"href":"https:\/\/akerkimya.com\/eticaret\/wp-json\/wp\/v2\/product\/16933\/revisions"}],"predecessor-version":[{"id":16939,"href":"https:\/\/akerkimya.com\/eticaret\/wp-json\/wp\/v2\/product\/16933\/revisions\/16939"}],"wp:featuredmedia":[{"embeddable":true,"href":"https:\/\/akerkimya.com\/eticaret\/wp-json\/wp\/v2\/media\/16934"}],"wp:attachment":[{"href":"https:\/\/akerkimya.com\/eticaret\/wp-json\/wp\/v2\/media?parent=16933"}],"wp:term":[{"taxonomy":"product_cat","embeddable":true,"href":"https:\/\/akerkimya.com\/eticaret\/wp-json\/wp\/v2\/product_cat?post=16933"},{"taxonomy":"product_tag","embeddable":true,"href":"https:\/\/akerkimya.com\/eticaret\/wp-json\/wp\/v2\/product_tag?post=16933"}],"curies":[{"name":"wp","href":"https:\/\/api.w.org\/{rel}","templated":true}]}}