{"id":16940,"date":"2025-01-01T23:06:23","date_gmt":"2025-01-01T20:06:23","guid":{"rendered":"https:\/\/akerkimya.com\/eticaret\/?post_type=product&#038;p=16940"},"modified":"2026-03-30T02:23:57","modified_gmt":"2026-03-29T23:23:57","slug":"parafin-emilsuyon","status":"publish","type":"product","link":"https:\/\/akerkimya.com\/eticaret\/urun\/parafin-emilsuyon\/","title":{"rendered":"PARAF\u0130N EM\u0130LS\u00dcYON"},"content":{"rendered":"<h1>PARAF\u0130N EM\u0130LS\u00dcYON<\/h1>\n<p><strong>Parafin em\u00fclsiyonu, sudaki bir veya daha fazla wax\u0131n bir araya gelmesiyle olu\u015fan bir kar\u0131\u015f\u0131md\u0131r. Wax ve su normalde kar\u0131\u015fmaz, ancak s\u00fcrfaktanlar\u0131n (y\u00fczey aktif madde) kullan\u0131m\u0131 ve do\u011fru bir haz\u0131rlama i\u015fleme ile stabil bir \u015fekilde bir araya getirilebilir. Wax em\u00fclsiyonlar\u0131, bir \u00fcr\u00fcn\u00fc mumsu bir tabaka ile kaplamak i\u00e7in kullan\u0131\u015fl\u0131 bir y\u00f6ntemdir.<\/strong><\/p>\n<p><strong>\u00a0<\/strong><\/p>\n<p><strong>PARAF\u0130N EM\u00dcLS\u0130YON \u00d6ZELL\u0130KLER\u0130<\/strong><\/p>\n<p><strong>Erime ve donma noktalar\u0131 d\u00fc\u015f\u00fckt\u00fcr.<\/strong><\/p>\n<p><strong>Em\u00fclsiyonlar; Anyonik, Nonyonik ve Katyonik karakterlerde bulunabilmektedir.<\/strong><\/p>\n<p><strong>Y\u00fcksek performansl\u0131d\u0131r.<\/strong><\/p>\n<p><strong>Kullan\u0131m kolayl\u0131\u011f\u0131 ve g\u00fcvenli\u011fi ile verimlili\u011fi artt\u0131r\u0131r.<\/strong><\/p>\n<p><strong>Kayd\u0131r\u0131c\u0131 \u00f6zelliktedir.<\/strong><\/p>\n<p><strong>Su itici \u00f6zelli\u011fi ta\u015f\u0131r.<\/strong><\/p>\n<p><strong>Yanmaz \u00e7evre dostudur.<\/strong><\/p>\n<p><strong>\u00a0<\/strong><\/p>\n<p><strong>TEKN\u0130K \u00d6ZELL\u0130KLER\u0130<\/strong><\/p>\n<p><strong>G\u00d6R\u00dcN\u00dcM: Homojen s\u0131v\u0131 <\/strong><\/p>\n<p><strong>RENK: Beyaz <\/strong><\/p>\n<p><strong>KATI MADDE : % 25 <\/strong><\/p>\n<p><strong>V\u0130SKOZ\u0130TE: 100-125<\/strong><\/p>\n<p><strong>AKMA S\u00dcRES\u0130: 10-30<\/strong><\/p>\n<p><strong>YO\u011eUNLUK: 0.950 \u2013 0.960<\/strong><\/p>\n<p><strong>\u0130YON\u0130K AKT\u0130V\u0130TE: ANYON\u0130K <\/strong><\/p>\n<p><strong>\u00a0<\/strong><\/p>\n<p><strong>KULLANIM ALANLARI<\/strong><\/p>\n<p><strong>Yanmaz \u00f6zellikte olmas\u0131 nedeniyle orman end\u00fcstrisinde kullan\u0131l\u0131r.<\/strong><\/p>\n<p><strong>Ah\u015fap end\u00fcstrisinde neme dayan\u0131kl\u0131 tahtalar\u0131n \u00fcretiminde kullan\u0131l\u0131r.<\/strong><\/p>\n<p><strong>Beton ve betonarme yap\u0131lar\u0131n imalat\u0131nda ve \u00f6zel tip beton imalatlar\u0131nda kal\u0131plar ve kal\u0131plar i\u00e7in ya\u011flay\u0131c\u0131 olarak kullan\u0131l\u0131r.<\/strong><\/p>\n<p><strong>K\u00e2\u011f\u0131t ve karton \u00fcretim sekt\u00f6rlerinde kullan\u0131l\u0131r.<\/strong><\/p>\n<p><strong>Elektriksel yal\u0131t\u0131m bantlar\u0131nda \u00fcretimi boyutland\u0131rmada <\/strong><\/p>\n<p><strong>Tekstil sekt\u00f6r\u00fcnde, iplik yumu\u015fatmas\u0131n\u0131 azaltmak i\u00e7in bir boyutland\u0131rma maddesi olarak ya\u011f itici amac\u0131yla kullan\u0131l\u0131r.<\/strong><\/p>\n<p><strong>Cam ya\u011f\u0131 boyutland\u0131rmada kullan\u0131l\u0131r.<\/strong><\/p>\n<p><strong>Ah\u015fap ve metal \u00fcr\u00fcnlerin ya\u011flanmas\u0131, s\u00fcrt\u00fcnmeye ve korozyona kar\u015f\u0131 koruma sa\u011flamak amac\u0131yla kullan\u0131l\u0131r.<\/strong><\/p>\n<p><strong>Mineral g\u00fcbrelerin \u00fcretiminde gran\u00fcllerin hidrofobizasyonu i\u00e7in kullan\u0131l\u0131r.<\/strong><\/p>\n<p><strong>Yal\u0131t\u0131m levhas\u0131 ve sunta \u00fcretiminde kullan\u0131l\u0131r.<\/strong><\/p>\n<p><strong>Pres makinalar\u0131nda yap\u0131\u015fmay\u0131 azalt\u0131c\u0131 madde olarak kullan\u0131l\u0131r.<\/strong><\/p>\n<p><strong>Meyvelerin nem kayb\u0131n\u0131 azaltmak ve depolama \u00f6mr\u00fcn\u00fc uzatmak i\u00e7in kullan\u0131l\u0131r. Ayr\u0131ca meyvelere parlak bir g\u00f6r\u00fcn\u00fcm kazand\u0131r\u0131r.<\/strong><\/p>\n<p><strong>Al\u00e7\u0131, levha ve sunta \u00fcretiminde kullan\u0131l\u0131r.<\/strong><\/p>\n<p><strong>Bask\u0131 m\u00fcrekkepleri ve cilalarda, deri sekt\u00f6r\u00fcnde kullan\u0131lmaktad\u0131r.<\/strong><\/p>\n<p><strong>\u00a0<\/strong><\/p>\n<p><strong>\u00a0AVANTAJLARI<\/strong><\/p>\n<p><strong>Basit uygulama y\u00f6ntemi<\/strong><\/p>\n<p><strong>Karbamid ve melamin re\u00e7ineleri ile iyi uyumluluk<\/strong><\/p>\n<p><strong>Yap\u0131\u015ft\u0131r\u0131c\u0131lar ve kimyasal katk\u0131larla uyumludur.<\/strong><\/p>\n<p><strong>Y\u00fcksek derecede homojenle\u015ftirme.<\/strong><\/p>\n<p><strong>\u0130\u015flenmi\u015f plakalar\u0131n mukavemetini, p\u00fcr\u00fczs\u00fczl\u00fc\u011f\u00fcn\u00fc ve d\u00fczg\u00fcnl\u00fc\u011f\u00fcn\u00fc artt\u0131r\u0131r.<\/strong><\/p>\n<p><strong>Tahtalar\u0131 keserken veya z\u0131mparalarken tozu azalt\u0131r, z\u0131mpara kay\u0131\u015flar\u0131n\u0131n \u00f6mr\u00fcn\u00fc uzat\u0131r.<\/strong><\/p>\n<p><strong>Plaka imalat\u0131nda katman yap\u0131s\u0131n\u0131n olu\u015fumunu iyile\u015ftirir.<\/strong><\/p>\n<p><strong>Parafin em\u00fclsiyon sayesinde fenol emisyonu azal\u0131r.<\/strong><\/p>\n<p><strong>Kal\u0131plama malzemesinin pres ekipman\u0131na yap\u0131\u015fmas\u0131n\u0131 azalt\u0131r.<\/strong><\/p>\n<p><strong>K\u00fc\u00e7\u00fck parafin par\u00e7ac\u0131klar\u0131n\u0131n malzemeye daha derin n\u00fcfuz etmesi ve sonu\u00e7 olarak, a\u011fa\u00e7 liflerinin daha verimli hidrofobizasyonu.<\/strong><\/p>\n<p><strong>\u00a0<\/strong><\/p>\n<p><strong>AMBALAJ<\/strong><\/p>\n<p><strong>1-5-30 kg bidonlar<\/strong><\/p>\n<p><strong>170 kg varillerde <\/strong><\/p>\n<p><strong>1 ton IBC<\/strong><\/p>\n<p><strong>\u00a0<\/strong><\/p>\n<p><strong>DEPOLAMA <\/strong><\/p>\n<p><strong>Optimum depolama s\u0131cakl\u0131\u011f\u0131 +5 \u00b0C ile+35 \u00b0C aras\u0131ndaki s\u0131cakl\u0131klarda serin, kuru ve iyi havaland\u0131r\u0131lan bir yerde saklay\u0131n\u0131z.<\/strong><\/p>\n<p><strong>Direkt g\u00fcne\u015f \u0131\u015f\u0131\u011f\u0131ndan ve donmadan, \u0131s\u0131 kaynaklar\u0131ndan uzak tutunuz. <\/strong><\/p>\n<p><strong>Oksitleyici maddelerden, hipokloritlerden g\u00fc\u00e7l\u00fc asitlerden ve alkalilerden uzak tutunuz.<\/strong><\/p>\n","protected":false},"excerpt":{"rendered":"<p>PARAF\u0130N EM\u0130LS\u00dcYON Parafin em\u00fclsiyonu, sudaki bir veya daha fazla wax\u0131n bir araya gelmesiyle olu\u015fan bir kar\u0131\u015f\u0131md\u0131r. Wax ve su normalde<\/p>\n","protected":false},"featured_media":16941,"comment_status":"open","ping_status":"closed","template":"","meta":{"_joinchat":[]},"product_cat":[73,80],"product_tag":[],"class_list":{"0":"post-16940","1":"product","2":"type-product","3":"status-publish","4":"has-post-thumbnail","6":"product_cat-deri-ve-tekstil-kimyasallari","7":"product_cat-veteriner-ve-ilac-kimyasallari","9":"first","10":"instock","11":"shipping-taxable","12":"purchasable","13":"product-type-variable"},"yoast_head":"<!-- This site is optimized with the Yoast SEO Premium plugin v20.2.1 (Yoast SEO v20.2.1) - https:\/\/yoast.com\/wordpress\/plugins\/seo\/ -->\n<title>PARAF\u0130N EM\u0130LS\u00dcYON - Akerkimya<\/title>\n<meta name=\"robots\" content=\"index, follow, max-snippet:-1, max-image-preview:large, max-video-preview:-1\" \/>\n<link rel=\"canonical\" href=\"https:\/\/akerkimya.com\/eticaret\/urun\/parafin-emilsuyon\/\" \/>\n<meta property=\"og:locale\" content=\"tr_TR\" \/>\n<meta property=\"og:type\" content=\"article\" \/>\n<meta property=\"og:title\" content=\"PARAF\u0130N EM\u0130LS\u00dcYON\" \/>\n<meta property=\"og:description\" content=\"PARAF\u0130N EM\u0130LS\u00dcYON Parafin em\u00fclsiyonu, sudaki bir veya daha fazla wax\u0131n bir araya gelmesiyle olu\u015fan bir kar\u0131\u015f\u0131md\u0131r. Wax ve su normalde\" \/>\n<meta property=\"og:url\" content=\"https:\/\/akerkimya.com\/eticaret\/urun\/parafin-emilsuyon\/\" \/>\n<meta property=\"og:site_name\" content=\"Akerkimya\" \/>\n<meta property=\"article:modified_time\" content=\"2026-03-29T23:23:57+00:00\" \/>\n<meta property=\"og:image\" content=\"https:\/\/akerkimya.com\/eticaret\/wp-content\/uploads\/2025\/01\/PARAFIN-EMULSIYON-GUNCEL.jpeg\" \/>\n\t<meta property=\"og:image:width\" content=\"1000\" \/>\n\t<meta property=\"og:image:height\" content=\"1000\" \/>\n\t<meta property=\"og:image:type\" content=\"image\/jpeg\" \/>\n<meta name=\"twitter:card\" content=\"summary_large_image\" \/>\n<meta name=\"twitter:label1\" content=\"Tahmini okuma s\u00fcresi\" \/>\n\t<meta name=\"twitter:data1\" content=\"3 dakika\" \/>\n<script type=\"application\/ld+json\" class=\"yoast-schema-graph\">{\"@context\":\"https:\/\/schema.org\",\"@graph\":[{\"@type\":\"WebPage\",\"@id\":\"https:\/\/akerkimya.com\/eticaret\/urun\/parafin-emilsuyon\/\",\"url\":\"https:\/\/akerkimya.com\/eticaret\/urun\/parafin-emilsuyon\/\",\"name\":\"PARAF\u0130N EM\u0130LS\u00dcYON - Akerkimya\",\"isPartOf\":{\"@id\":\"https:\/\/akerkimya.com\/eticaret\/#website\"},\"datePublished\":\"2025-01-01T20:06:23+00:00\",\"dateModified\":\"2026-03-29T23:23:57+00:00\",\"breadcrumb\":{\"@id\":\"https:\/\/akerkimya.com\/eticaret\/urun\/parafin-emilsuyon\/#breadcrumb\"},\"inLanguage\":\"tr\",\"potentialAction\":[{\"@type\":\"ReadAction\",\"target\":[\"https:\/\/akerkimya.com\/eticaret\/urun\/parafin-emilsuyon\/\"]}]},{\"@type\":\"BreadcrumbList\",\"@id\":\"https:\/\/akerkimya.com\/eticaret\/urun\/parafin-emilsuyon\/#breadcrumb\",\"itemListElement\":[{\"@type\":\"ListItem\",\"position\":1,\"name\":\"Home\",\"item\":\"https:\/\/akerkimya.com\/eticaret\/\"},{\"@type\":\"ListItem\",\"position\":2,\"name\":\"Market\",\"item\":\"https:\/\/akerkimya.com\/eticaret\/market\/\"},{\"@type\":\"ListItem\",\"position\":3,\"name\":\"PARAF\u0130N EM\u0130LS\u00dcYON\"}]},{\"@type\":\"WebSite\",\"@id\":\"https:\/\/akerkimya.com\/eticaret\/#website\",\"url\":\"https:\/\/akerkimya.com\/eticaret\/\",\"name\":\"Akerkimya\",\"description\":\"\",\"potentialAction\":[{\"@type\":\"SearchAction\",\"target\":{\"@type\":\"EntryPoint\",\"urlTemplate\":\"https:\/\/akerkimya.com\/eticaret\/?s={search_term_string}\"},\"query-input\":\"required name=search_term_string\"}],\"inLanguage\":\"tr\"}]}<\/script>\n<!-- \/ Yoast SEO Premium plugin. -->","yoast_head_json":{"title":"PARAF\u0130N EM\u0130LS\u00dcYON - Akerkimya","robots":{"index":"index","follow":"follow","max-snippet":"max-snippet:-1","max-image-preview":"max-image-preview:large","max-video-preview":"max-video-preview:-1"},"canonical":"https:\/\/akerkimya.com\/eticaret\/urun\/parafin-emilsuyon\/","og_locale":"tr_TR","og_type":"article","og_title":"PARAF\u0130N EM\u0130LS\u00dcYON","og_description":"PARAF\u0130N EM\u0130LS\u00dcYON Parafin em\u00fclsiyonu, sudaki bir veya daha fazla wax\u0131n bir araya gelmesiyle olu\u015fan bir kar\u0131\u015f\u0131md\u0131r. Wax ve su normalde","og_url":"https:\/\/akerkimya.com\/eticaret\/urun\/parafin-emilsuyon\/","og_site_name":"Akerkimya","article_modified_time":"2026-03-29T23:23:57+00:00","og_image":[{"width":1000,"height":1000,"url":"https:\/\/akerkimya.com\/eticaret\/wp-content\/uploads\/2025\/01\/PARAFIN-EMULSIYON-GUNCEL.jpeg","type":"image\/jpeg"}],"twitter_card":"summary_large_image","twitter_misc":{"Tahmini okuma s\u00fcresi":"3 dakika"},"schema":{"@context":"https:\/\/schema.org","@graph":[{"@type":"WebPage","@id":"https:\/\/akerkimya.com\/eticaret\/urun\/parafin-emilsuyon\/","url":"https:\/\/akerkimya.com\/eticaret\/urun\/parafin-emilsuyon\/","name":"PARAF\u0130N EM\u0130LS\u00dcYON - Akerkimya","isPartOf":{"@id":"https:\/\/akerkimya.com\/eticaret\/#website"},"datePublished":"2025-01-01T20:06:23+00:00","dateModified":"2026-03-29T23:23:57+00:00","breadcrumb":{"@id":"https:\/\/akerkimya.com\/eticaret\/urun\/parafin-emilsuyon\/#breadcrumb"},"inLanguage":"tr","potentialAction":[{"@type":"ReadAction","target":["https:\/\/akerkimya.com\/eticaret\/urun\/parafin-emilsuyon\/"]}]},{"@type":"BreadcrumbList","@id":"https:\/\/akerkimya.com\/eticaret\/urun\/parafin-emilsuyon\/#breadcrumb","itemListElement":[{"@type":"ListItem","position":1,"name":"Home","item":"https:\/\/akerkimya.com\/eticaret\/"},{"@type":"ListItem","position":2,"name":"Market","item":"https:\/\/akerkimya.com\/eticaret\/market\/"},{"@type":"ListItem","position":3,"name":"PARAF\u0130N EM\u0130LS\u00dcYON"}]},{"@type":"WebSite","@id":"https:\/\/akerkimya.com\/eticaret\/#website","url":"https:\/\/akerkimya.com\/eticaret\/","name":"Akerkimya","description":"","potentialAction":[{"@type":"SearchAction","target":{"@type":"EntryPoint","urlTemplate":"https:\/\/akerkimya.com\/eticaret\/?s={search_term_string}"},"query-input":"required name=search_term_string"}],"inLanguage":"tr"}]}},"_links":{"self":[{"href":"https:\/\/akerkimya.com\/eticaret\/wp-json\/wp\/v2\/product\/16940","targetHints":{"allow":["GET"]}}],"collection":[{"href":"https:\/\/akerkimya.com\/eticaret\/wp-json\/wp\/v2\/product"}],"about":[{"href":"https:\/\/akerkimya.com\/eticaret\/wp-json\/wp\/v2\/types\/product"}],"replies":[{"embeddable":true,"href":"https:\/\/akerkimya.com\/eticaret\/wp-json\/wp\/v2\/comments?post=16940"}],"version-history":[{"count":2,"href":"https:\/\/akerkimya.com\/eticaret\/wp-json\/wp\/v2\/product\/16940\/revisions"}],"predecessor-version":[{"id":18941,"href":"https:\/\/akerkimya.com\/eticaret\/wp-json\/wp\/v2\/product\/16940\/revisions\/18941"}],"wp:featuredmedia":[{"embeddable":true,"href":"https:\/\/akerkimya.com\/eticaret\/wp-json\/wp\/v2\/media\/16941"}],"wp:attachment":[{"href":"https:\/\/akerkimya.com\/eticaret\/wp-json\/wp\/v2\/media?parent=16940"}],"wp:term":[{"taxonomy":"product_cat","embeddable":true,"href":"https:\/\/akerkimya.com\/eticaret\/wp-json\/wp\/v2\/product_cat?post=16940"},{"taxonomy":"product_tag","embeddable":true,"href":"https:\/\/akerkimya.com\/eticaret\/wp-json\/wp\/v2\/product_tag?post=16940"}],"curies":[{"name":"wp","href":"https:\/\/api.w.org\/{rel}","templated":true}]}}