{"id":16966,"date":"2025-01-01T23:23:47","date_gmt":"2025-01-01T20:23:47","guid":{"rendered":"https:\/\/akerkimya.com\/eticaret\/?post_type=product&#038;p=16966"},"modified":"2026-03-30T02:23:58","modified_gmt":"2026-03-29T23:23:58","slug":"potasyum-permanganat","status":"publish","type":"product","link":"https:\/\/akerkimya.com\/eticaret\/urun\/potasyum-permanganat\/","title":{"rendered":"POTASYUM PERMANGANAT"},"content":{"rendered":"<h1>POTASYUM PERMANGANAT<\/h1>\n<p><strong>Potasyum permanganat, KMnO4 form\u00fcl\u00fcne sahip g\u00fc\u00e7l\u00fc bir oksidand\u0131r. Asidik \u00e7\u00f6zeltilerde en g\u00fc\u00e7l\u00fc oksitleyici \u00f6zelli\u011fe sahiptir. <\/strong><\/p>\n<p><strong>\u00a0<\/strong><\/p>\n<p><strong>POTASYUM PERMANGANAT \u00d6ZELL\u0130KLER\u0130<\/strong><\/p>\n<p><strong>Morumsu, bron\u015f gri, eflatun-g\u00fcl renginde kristal formdad\u0131r. Kokusuzdur.<\/strong><\/p>\n<p><strong>Alkol ve organik \u00e7\u00f6z\u00fcc\u00fcler i\u00e7inde par\u00e7alan\u0131r.<\/strong><\/p>\n<p><strong>Baz\u0131 organik maddeler veya oksitlerle temas etti\u011finde patlamaya e\u011filimli bir kimyasald\u0131r.<\/strong><\/p>\n<p><strong>Metanol, aseton ve s\u00fclf\u00fcrik asitte az \u00e7\u00f6z\u00fcn\u00fcr. <\/strong><\/p>\n<p><strong>Etanol ve hidrojen peroksit i\u00e7erisinde oksidatif olarak ayr\u0131\u015ft\u0131r\u0131l\u0131r.<\/strong><\/p>\n<p><strong>\u00a0<\/strong><\/p>\n<p><strong>TEKN\u0130K \u00d6ZELL\u0130KLER\u0130<\/strong><\/p>\n<p><strong>CAS NUMARASI: 7722-64-7<\/strong><\/p>\n<p><strong>EC NUMARASI: 231-760-3<\/strong><\/p>\n<p><strong>MOLEK\u00dcLER FORM\u00dcL: KMnO4<\/strong><\/p>\n<p><strong>K\u0130MYASAL \u0130SM\u0130: Potasyum Permanganat, potasyum tuzu, <\/strong><\/p>\n<p><strong>MOLAR K\u00dcTLE: 158,034 g\/mol<\/strong><\/p>\n<p><strong>YO\u011eUNLUK: 2.703 g\/cm\u00b3<\/strong><\/p>\n<p><strong>ER\u0130ME NOKTASI: 240 \u00b0C ve 513 K, 464 \u00b0F (ayr\u0131\u015fma)<\/strong><\/p>\n<p><strong>\u00c7\u00d6Z\u00dcN\u00dcRL\u00dcK (SUDA):6.38 g\/100 ml (20\u00b0C) 25 g\/100ml (65 \u00b0C)<\/strong><\/p>\n<p><strong>\u00a0<\/strong><\/p>\n<p><strong>KULLANIM ALANLARI<\/strong><\/p>\n<p><strong>Laboratuvarda ve end\u00fcstrilerde s\u0131kl\u0131kla oksidan olarak kullan\u0131l\u0131r.<\/strong><\/p>\n<p><strong>\u0130\u00e7me suyu ar\u0131tmada, kokular\u0131n, demirin ve manganezin giderilmesinde kullan\u0131l\u0131r.<\/strong><\/p>\n<p><strong>\u00c7evre suyu ar\u0131t\u0131m\u0131nd, hisrojen s\u00fclf\u00fcr\u00fcn, fenoller ve kaplama at\u0131klar\u0131 da d\u00e2hil toksik veya korozif bile\u015fiklerin imha edilmesinde kullan\u0131l\u0131r.<\/strong><\/p>\n<p><strong>Metil alkol gibi kimyasallar\u0131n safla\u015ft\u0131r\u0131lmas\u0131nda kullan\u0131l\u0131r.<\/strong><\/p>\n<p><strong>Tekstil sekt\u00f6r\u00fcnde, pamuklu kuma\u015flar\u0131n a\u011fart\u0131lmas\u0131nda kullan\u0131l\u0131r.<\/strong><\/p>\n<p><strong>\u00a0Bal\u0131k havuzlar\u0131n\u0131n temizlenmesinde, suyu berrakla\u015ft\u0131rmada kullan\u0131l\u0131r.<\/strong><\/p>\n<p><strong>\u00c7inko kaplamada, \u00f6n i\u015flem temizleme yap\u0131lmas\u0131 i\u00e7in kaplama i\u015flemi yap\u0131lmadan \u00f6nce yumu\u015fatmaya yard\u0131mc\u0131 olmak i\u00e7in kullan\u0131l\u0131r.<\/strong><\/p>\n<p><strong>Egzama, dermatit, akne, el ve ayaklarda \u00e7\u0131kan di\u011fer mantarlar\u0131n tedavisinde kullan\u0131l\u0131r.<\/strong><\/p>\n<p><strong>Hava temizlemede<\/strong><\/p>\n<p><strong>Foto\u011fraflarda renk de\u011fi\u015fimini sa\u011flamak i\u00e7in kullan\u0131l\u0131r.<\/strong><\/p>\n<p><strong>Kolera dezenfektan\u0131 olarak kullan\u0131l\u0131r.<\/strong><\/p>\n<p><strong>T\u0131bbi alanda antiseptik ve fungist olarak yayg\u0131n olarak kullan\u0131l\u0131r.<\/strong><\/p>\n<p><strong>\u00a0<\/strong><\/p>\n<p><strong>AMBALAJ<\/strong><\/p>\n<p><strong>1-5-25 kg ambalajlar halindedir.<\/strong><\/p>\n<p><strong>\u00a0<\/strong><\/p>\n<p><strong>DEPOLAMA <\/strong><\/p>\n<p><strong>Serin ve kuru bir alanda muhafaza ediniz. <\/strong><\/p>\n","protected":false},"excerpt":{"rendered":"<p>POTASYUM PERMANGANAT Potasyum permanganat, KMnO4 form\u00fcl\u00fcne sahip g\u00fc\u00e7l\u00fc bir oksidand\u0131r. Asidik \u00e7\u00f6zeltilerde en g\u00fc\u00e7l\u00fc oksitleyici \u00f6zelli\u011fe sahiptir. \u00a0 POTASYUM PERMANGANAT<\/p>\n","protected":false},"featured_media":16967,"comment_status":"open","ping_status":"closed","template":"","meta":{"_joinchat":[]},"product_cat":[73],"product_tag":[],"class_list":{"0":"post-16966","1":"product","2":"type-product","3":"status-publish","4":"has-post-thumbnail","6":"product_cat-deri-ve-tekstil-kimyasallari","8":"first","9":"instock","10":"shipping-taxable","11":"purchasable","12":"product-type-variable"},"yoast_head":"<!-- This site is optimized with the Yoast SEO Premium plugin v20.2.1 (Yoast SEO v20.2.1) - https:\/\/yoast.com\/wordpress\/plugins\/seo\/ -->\n<title>POTASYUM PERMANGANAT - Akerkimya<\/title>\n<meta name=\"robots\" content=\"index, follow, max-snippet:-1, max-image-preview:large, max-video-preview:-1\" \/>\n<link rel=\"canonical\" href=\"https:\/\/akerkimya.com\/eticaret\/urun\/potasyum-permanganat\/\" \/>\n<meta property=\"og:locale\" content=\"tr_TR\" \/>\n<meta property=\"og:type\" content=\"article\" \/>\n<meta property=\"og:title\" content=\"POTASYUM PERMANGANAT\" \/>\n<meta property=\"og:description\" content=\"POTASYUM PERMANGANAT Potasyum permanganat, KMnO4 form\u00fcl\u00fcne sahip g\u00fc\u00e7l\u00fc bir oksidand\u0131r. Asidik \u00e7\u00f6zeltilerde en g\u00fc\u00e7l\u00fc oksitleyici \u00f6zelli\u011fe sahiptir. \u00a0 POTASYUM PERMANGANAT\" \/>\n<meta property=\"og:url\" content=\"https:\/\/akerkimya.com\/eticaret\/urun\/potasyum-permanganat\/\" \/>\n<meta property=\"og:site_name\" content=\"Akerkimya\" \/>\n<meta property=\"article:modified_time\" content=\"2026-03-29T23:23:58+00:00\" \/>\n<meta property=\"og:image\" content=\"https:\/\/akerkimya.com\/eticaret\/wp-content\/uploads\/2025\/01\/POTASYUM-PERMANGANAT-GUNCEL.png\" \/>\n\t<meta property=\"og:image:width\" content=\"1000\" \/>\n\t<meta property=\"og:image:height\" content=\"1000\" \/>\n\t<meta property=\"og:image:type\" content=\"image\/png\" \/>\n<meta name=\"twitter:card\" content=\"summary_large_image\" \/>\n<meta name=\"twitter:label1\" content=\"Tahmini okuma s\u00fcresi\" \/>\n\t<meta name=\"twitter:data1\" content=\"2 dakika\" \/>\n<script type=\"application\/ld+json\" class=\"yoast-schema-graph\">{\"@context\":\"https:\/\/schema.org\",\"@graph\":[{\"@type\":\"WebPage\",\"@id\":\"https:\/\/akerkimya.com\/eticaret\/urun\/potasyum-permanganat\/\",\"url\":\"https:\/\/akerkimya.com\/eticaret\/urun\/potasyum-permanganat\/\",\"name\":\"POTASYUM PERMANGANAT - Akerkimya\",\"isPartOf\":{\"@id\":\"https:\/\/akerkimya.com\/eticaret\/#website\"},\"datePublished\":\"2025-01-01T20:23:47+00:00\",\"dateModified\":\"2026-03-29T23:23:58+00:00\",\"breadcrumb\":{\"@id\":\"https:\/\/akerkimya.com\/eticaret\/urun\/potasyum-permanganat\/#breadcrumb\"},\"inLanguage\":\"tr\",\"potentialAction\":[{\"@type\":\"ReadAction\",\"target\":[\"https:\/\/akerkimya.com\/eticaret\/urun\/potasyum-permanganat\/\"]}]},{\"@type\":\"BreadcrumbList\",\"@id\":\"https:\/\/akerkimya.com\/eticaret\/urun\/potasyum-permanganat\/#breadcrumb\",\"itemListElement\":[{\"@type\":\"ListItem\",\"position\":1,\"name\":\"Home\",\"item\":\"https:\/\/akerkimya.com\/eticaret\/\"},{\"@type\":\"ListItem\",\"position\":2,\"name\":\"Market\",\"item\":\"https:\/\/akerkimya.com\/eticaret\/market\/\"},{\"@type\":\"ListItem\",\"position\":3,\"name\":\"POTASYUM PERMANGANAT\"}]},{\"@type\":\"WebSite\",\"@id\":\"https:\/\/akerkimya.com\/eticaret\/#website\",\"url\":\"https:\/\/akerkimya.com\/eticaret\/\",\"name\":\"Akerkimya\",\"description\":\"\",\"potentialAction\":[{\"@type\":\"SearchAction\",\"target\":{\"@type\":\"EntryPoint\",\"urlTemplate\":\"https:\/\/akerkimya.com\/eticaret\/?s={search_term_string}\"},\"query-input\":\"required name=search_term_string\"}],\"inLanguage\":\"tr\"}]}<\/script>\n<!-- \/ Yoast SEO Premium plugin. -->","yoast_head_json":{"title":"POTASYUM PERMANGANAT - Akerkimya","robots":{"index":"index","follow":"follow","max-snippet":"max-snippet:-1","max-image-preview":"max-image-preview:large","max-video-preview":"max-video-preview:-1"},"canonical":"https:\/\/akerkimya.com\/eticaret\/urun\/potasyum-permanganat\/","og_locale":"tr_TR","og_type":"article","og_title":"POTASYUM PERMANGANAT","og_description":"POTASYUM PERMANGANAT Potasyum permanganat, KMnO4 form\u00fcl\u00fcne sahip g\u00fc\u00e7l\u00fc bir oksidand\u0131r. Asidik \u00e7\u00f6zeltilerde en g\u00fc\u00e7l\u00fc oksitleyici \u00f6zelli\u011fe sahiptir. \u00a0 POTASYUM PERMANGANAT","og_url":"https:\/\/akerkimya.com\/eticaret\/urun\/potasyum-permanganat\/","og_site_name":"Akerkimya","article_modified_time":"2026-03-29T23:23:58+00:00","og_image":[{"width":1000,"height":1000,"url":"https:\/\/akerkimya.com\/eticaret\/wp-content\/uploads\/2025\/01\/POTASYUM-PERMANGANAT-GUNCEL.png","type":"image\/png"}],"twitter_card":"summary_large_image","twitter_misc":{"Tahmini okuma s\u00fcresi":"2 dakika"},"schema":{"@context":"https:\/\/schema.org","@graph":[{"@type":"WebPage","@id":"https:\/\/akerkimya.com\/eticaret\/urun\/potasyum-permanganat\/","url":"https:\/\/akerkimya.com\/eticaret\/urun\/potasyum-permanganat\/","name":"POTASYUM PERMANGANAT - Akerkimya","isPartOf":{"@id":"https:\/\/akerkimya.com\/eticaret\/#website"},"datePublished":"2025-01-01T20:23:47+00:00","dateModified":"2026-03-29T23:23:58+00:00","breadcrumb":{"@id":"https:\/\/akerkimya.com\/eticaret\/urun\/potasyum-permanganat\/#breadcrumb"},"inLanguage":"tr","potentialAction":[{"@type":"ReadAction","target":["https:\/\/akerkimya.com\/eticaret\/urun\/potasyum-permanganat\/"]}]},{"@type":"BreadcrumbList","@id":"https:\/\/akerkimya.com\/eticaret\/urun\/potasyum-permanganat\/#breadcrumb","itemListElement":[{"@type":"ListItem","position":1,"name":"Home","item":"https:\/\/akerkimya.com\/eticaret\/"},{"@type":"ListItem","position":2,"name":"Market","item":"https:\/\/akerkimya.com\/eticaret\/market\/"},{"@type":"ListItem","position":3,"name":"POTASYUM PERMANGANAT"}]},{"@type":"WebSite","@id":"https:\/\/akerkimya.com\/eticaret\/#website","url":"https:\/\/akerkimya.com\/eticaret\/","name":"Akerkimya","description":"","potentialAction":[{"@type":"SearchAction","target":{"@type":"EntryPoint","urlTemplate":"https:\/\/akerkimya.com\/eticaret\/?s={search_term_string}"},"query-input":"required name=search_term_string"}],"inLanguage":"tr"}]}},"_links":{"self":[{"href":"https:\/\/akerkimya.com\/eticaret\/wp-json\/wp\/v2\/product\/16966","targetHints":{"allow":["GET"]}}],"collection":[{"href":"https:\/\/akerkimya.com\/eticaret\/wp-json\/wp\/v2\/product"}],"about":[{"href":"https:\/\/akerkimya.com\/eticaret\/wp-json\/wp\/v2\/types\/product"}],"replies":[{"embeddable":true,"href":"https:\/\/akerkimya.com\/eticaret\/wp-json\/wp\/v2\/comments?post=16966"}],"version-history":[{"count":1,"href":"https:\/\/akerkimya.com\/eticaret\/wp-json\/wp\/v2\/product\/16966\/revisions"}],"predecessor-version":[{"id":16969,"href":"https:\/\/akerkimya.com\/eticaret\/wp-json\/wp\/v2\/product\/16966\/revisions\/16969"}],"wp:featuredmedia":[{"embeddable":true,"href":"https:\/\/akerkimya.com\/eticaret\/wp-json\/wp\/v2\/media\/16967"}],"wp:attachment":[{"href":"https:\/\/akerkimya.com\/eticaret\/wp-json\/wp\/v2\/media?parent=16966"}],"wp:term":[{"taxonomy":"product_cat","embeddable":true,"href":"https:\/\/akerkimya.com\/eticaret\/wp-json\/wp\/v2\/product_cat?post=16966"},{"taxonomy":"product_tag","embeddable":true,"href":"https:\/\/akerkimya.com\/eticaret\/wp-json\/wp\/v2\/product_tag?post=16966"}],"curies":[{"name":"wp","href":"https:\/\/api.w.org\/{rel}","templated":true}]}}