{"id":16970,"date":"2025-01-01T23:27:53","date_gmt":"2025-01-01T20:27:53","guid":{"rendered":"https:\/\/akerkimya.com\/eticaret\/?post_type=product&#038;p=16970"},"modified":"2026-03-30T02:23:58","modified_gmt":"2026-03-29T23:23:58","slug":"sodyum-florur","status":"publish","type":"product","link":"https:\/\/akerkimya.com\/eticaret\/urun\/sodyum-florur\/","title":{"rendered":"SODYUM FLOR\u00dcR"},"content":{"rendered":"<h1>SODYUM FLOR\u00dcR<\/h1>\n<p><strong>Sodyum Flor\u00fcr (NAF) form\u00fcl\u00fcyle adland\u0131r\u0131lan inorganik bir bile\u015fiktir.Suda kolayl\u0131kla \u00e7\u00f6z\u00fcnebilen renksiz veya beyaz bir kat\u0131d\u0131r.Di\u011fer ad\u0131 Florocid\u2019tir. Do\u011fada mineral halde bulunmaktad\u0131r.<\/strong><\/p>\n<p><strong>SODYUM FLOR\u00dcR TEKN\u0130K B\u0130LG\u0130LER<\/strong><\/p>\n<p><strong>CAS NO:7681-49-4<\/strong><\/p>\n<p><strong>EC NO:231-667-8<\/strong><\/p>\n<p><strong>FORM\u00dcL: NAF<\/strong><\/p>\n<p><strong>G\u00d6R\u00dcN\u00dcM: RENKS\u0130Z VEYA BEYAZ KATI<\/strong><\/p>\n<p><strong>MOLAR K\u00dcTLE:41.998173 g\/mol<\/strong><\/p>\n<p><strong>YO\u011eUNLUK:2,558 g\/cm3<\/strong><\/p>\n<p><strong>ER\u0130ME NOKTASI:993\u00b0 C\u00a0\u00a0\u00a0\u00a0\u00a0\u00a0\u00a0\u00a0\u00a0\u00a0\u00a0\u00a0\u00a0\u00a0\u00a0\u00a0\u00a0\u00a0\u00a0\u00a0\u00a0\u00a0\u00a0\u00a0\u00a0\u00a0\u00a0\u00a0\u00a0\u00a0\u00a0\u00a0\u00a0\u00a0\u00a0\u00a0\u00a0<\/strong><\/p>\n<p><strong>KAYNAMA NOKTASI:1704\u00b0 C<\/strong><\/p>\n<p><strong>\u00a0<\/strong><\/p>\n<p><strong>KULLANIM ALANLARI<\/strong><\/p>\n<p><strong>\u0130\u00e7me suyunun florlanmas\u0131nda(di\u015f sa\u011fl\u0131\u011f\u0131n\u0131 koruma amac\u0131yla) kullan\u0131l\u0131r.<\/strong><\/p>\n<p><strong>Metal\u00fcrji sekt\u00f6r\u00fcnde sentez ve ekstraktif \u00f6zel uygulamalara sahiptir. Metal kaplamalarda kullan\u0131lmaktad\u0131r.<\/strong><\/p>\n<p><strong>\u0130la\u00e7 \u00fcretiminde ve di\u015f macunlar\u0131nda \u00e7\u00fcr\u00fckleri \u00f6nlemede kullan\u0131lmaktad\u0131r.<\/strong><\/p>\n<p><strong>Pestisit ve fare zehir \u00fcretiminde eser miktarda kullan\u0131m\u0131 mevcuttur.<\/strong><\/p>\n<p><strong>Florokarbon \u00fcretiminde kullan\u0131l\u0131r.<\/strong><\/p>\n<p><strong>Sodyum Flor\u00fcr bir temizlik malzemesi olarak kullan\u0131l\u0131r.<\/strong><\/p>\n<p><strong>Tar\u0131mda bitki besleyen b\u00f6cekler i\u00e7in mide zehir olarak kullan\u0131l\u0131r.<\/strong><\/p>\n<p><strong>Galvano banyolar\u0131nda elektrolit olarak kullan\u0131l\u0131r.<\/strong><\/p>\n<p><strong>Deri sekt\u00f6r\u00fcnde pest kontrol ve b\u00f6cek k\u0131r\u0131c\u0131 olarak kullan\u0131l\u0131r.<\/strong><\/p>\n<p><strong>Tekstil sekt\u00f6r\u00fcnde, polimerizasyonda ve kozmetik sekt\u00f6r\u00fcnde kullan\u0131l\u0131r.<\/strong><\/p>\n<p><strong>\u00a0<\/strong><\/p>\n<p><strong>AMBALAJ <\/strong><\/p>\n<p><strong>1-5-25 kg torbalar halinde<\/strong><\/p>\n<p><strong>\u00a0<\/strong><\/p>\n<p><strong>DEPOLAMA <\/strong><\/p>\n<p><strong>Serin ve kuru bir alanda muhafaza ediniz.<\/strong><\/p>\n","protected":false},"excerpt":{"rendered":"<p>SODYUM FLOR\u00dcR Sodyum Flor\u00fcr (NAF) form\u00fcl\u00fcyle adland\u0131r\u0131lan inorganik bir bile\u015fiktir.Suda kolayl\u0131kla \u00e7\u00f6z\u00fcnebilen renksiz veya beyaz bir kat\u0131d\u0131r.Di\u011fer ad\u0131 Florocid\u2019tir. Do\u011fada<\/p>\n","protected":false},"featured_media":16971,"comment_status":"open","ping_status":"closed","template":"","meta":{"_joinchat":[]},"product_cat":[73,79,80],"product_tag":[],"class_list":{"0":"post-16970","1":"product","2":"type-product","3":"status-publish","4":"has-post-thumbnail","6":"product_cat-deri-ve-tekstil-kimyasallari","7":"product_cat-tarim-kimyasallari","8":"product_cat-veteriner-ve-ilac-kimyasallari","10":"first","11":"instock","12":"shipping-taxable","13":"purchasable","14":"product-type-variable"},"yoast_head":"<!-- This site is optimized with the Yoast SEO Premium plugin v20.2.1 (Yoast SEO v20.2.1) - https:\/\/yoast.com\/wordpress\/plugins\/seo\/ -->\n<title>SODYUM FLOR\u00dcR - Akerkimya<\/title>\n<meta name=\"robots\" content=\"index, follow, max-snippet:-1, max-image-preview:large, max-video-preview:-1\" \/>\n<link rel=\"canonical\" href=\"https:\/\/akerkimya.com\/eticaret\/urun\/sodyum-florur\/\" \/>\n<meta property=\"og:locale\" content=\"tr_TR\" \/>\n<meta property=\"og:type\" content=\"article\" \/>\n<meta property=\"og:title\" content=\"SODYUM FLOR\u00dcR\" \/>\n<meta property=\"og:description\" content=\"SODYUM FLOR\u00dcR Sodyum Flor\u00fcr (NAF) form\u00fcl\u00fcyle adland\u0131r\u0131lan inorganik bir bile\u015fiktir.Suda kolayl\u0131kla \u00e7\u00f6z\u00fcnebilen renksiz veya beyaz bir kat\u0131d\u0131r.Di\u011fer ad\u0131 Florocid\u2019tir. Do\u011fada\" \/>\n<meta property=\"og:url\" content=\"https:\/\/akerkimya.com\/eticaret\/urun\/sodyum-florur\/\" \/>\n<meta property=\"og:site_name\" content=\"Akerkimya\" \/>\n<meta property=\"article:modified_time\" content=\"2026-03-29T23:23:58+00:00\" \/>\n<meta property=\"og:image\" content=\"https:\/\/akerkimya.com\/eticaret\/wp-content\/uploads\/2025\/01\/SODYUM-FLORUR-GUNCEL-.png\" \/>\n\t<meta property=\"og:image:width\" content=\"1000\" \/>\n\t<meta property=\"og:image:height\" content=\"1000\" \/>\n\t<meta property=\"og:image:type\" content=\"image\/png\" \/>\n<meta name=\"twitter:card\" content=\"summary_large_image\" \/>\n<meta name=\"twitter:label1\" content=\"Tahmini okuma s\u00fcresi\" \/>\n\t<meta name=\"twitter:data1\" content=\"1 dakika\" \/>\n<script type=\"application\/ld+json\" class=\"yoast-schema-graph\">{\"@context\":\"https:\/\/schema.org\",\"@graph\":[{\"@type\":\"WebPage\",\"@id\":\"https:\/\/akerkimya.com\/eticaret\/urun\/sodyum-florur\/\",\"url\":\"https:\/\/akerkimya.com\/eticaret\/urun\/sodyum-florur\/\",\"name\":\"SODYUM FLOR\u00dcR - Akerkimya\",\"isPartOf\":{\"@id\":\"https:\/\/akerkimya.com\/eticaret\/#website\"},\"datePublished\":\"2025-01-01T20:27:53+00:00\",\"dateModified\":\"2026-03-29T23:23:58+00:00\",\"breadcrumb\":{\"@id\":\"https:\/\/akerkimya.com\/eticaret\/urun\/sodyum-florur\/#breadcrumb\"},\"inLanguage\":\"tr\",\"potentialAction\":[{\"@type\":\"ReadAction\",\"target\":[\"https:\/\/akerkimya.com\/eticaret\/urun\/sodyum-florur\/\"]}]},{\"@type\":\"BreadcrumbList\",\"@id\":\"https:\/\/akerkimya.com\/eticaret\/urun\/sodyum-florur\/#breadcrumb\",\"itemListElement\":[{\"@type\":\"ListItem\",\"position\":1,\"name\":\"Home\",\"item\":\"https:\/\/akerkimya.com\/eticaret\/\"},{\"@type\":\"ListItem\",\"position\":2,\"name\":\"Market\",\"item\":\"https:\/\/akerkimya.com\/eticaret\/market\/\"},{\"@type\":\"ListItem\",\"position\":3,\"name\":\"SODYUM FLOR\u00dcR\"}]},{\"@type\":\"WebSite\",\"@id\":\"https:\/\/akerkimya.com\/eticaret\/#website\",\"url\":\"https:\/\/akerkimya.com\/eticaret\/\",\"name\":\"Akerkimya\",\"description\":\"\",\"potentialAction\":[{\"@type\":\"SearchAction\",\"target\":{\"@type\":\"EntryPoint\",\"urlTemplate\":\"https:\/\/akerkimya.com\/eticaret\/?s={search_term_string}\"},\"query-input\":\"required name=search_term_string\"}],\"inLanguage\":\"tr\"}]}<\/script>\n<!-- \/ Yoast SEO Premium plugin. -->","yoast_head_json":{"title":"SODYUM FLOR\u00dcR - Akerkimya","robots":{"index":"index","follow":"follow","max-snippet":"max-snippet:-1","max-image-preview":"max-image-preview:large","max-video-preview":"max-video-preview:-1"},"canonical":"https:\/\/akerkimya.com\/eticaret\/urun\/sodyum-florur\/","og_locale":"tr_TR","og_type":"article","og_title":"SODYUM FLOR\u00dcR","og_description":"SODYUM FLOR\u00dcR Sodyum Flor\u00fcr (NAF) form\u00fcl\u00fcyle adland\u0131r\u0131lan inorganik bir bile\u015fiktir.Suda kolayl\u0131kla \u00e7\u00f6z\u00fcnebilen renksiz veya beyaz bir kat\u0131d\u0131r.Di\u011fer ad\u0131 Florocid\u2019tir. Do\u011fada","og_url":"https:\/\/akerkimya.com\/eticaret\/urun\/sodyum-florur\/","og_site_name":"Akerkimya","article_modified_time":"2026-03-29T23:23:58+00:00","og_image":[{"width":1000,"height":1000,"url":"https:\/\/akerkimya.com\/eticaret\/wp-content\/uploads\/2025\/01\/SODYUM-FLORUR-GUNCEL-.png","type":"image\/png"}],"twitter_card":"summary_large_image","twitter_misc":{"Tahmini okuma s\u00fcresi":"1 dakika"},"schema":{"@context":"https:\/\/schema.org","@graph":[{"@type":"WebPage","@id":"https:\/\/akerkimya.com\/eticaret\/urun\/sodyum-florur\/","url":"https:\/\/akerkimya.com\/eticaret\/urun\/sodyum-florur\/","name":"SODYUM FLOR\u00dcR - Akerkimya","isPartOf":{"@id":"https:\/\/akerkimya.com\/eticaret\/#website"},"datePublished":"2025-01-01T20:27:53+00:00","dateModified":"2026-03-29T23:23:58+00:00","breadcrumb":{"@id":"https:\/\/akerkimya.com\/eticaret\/urun\/sodyum-florur\/#breadcrumb"},"inLanguage":"tr","potentialAction":[{"@type":"ReadAction","target":["https:\/\/akerkimya.com\/eticaret\/urun\/sodyum-florur\/"]}]},{"@type":"BreadcrumbList","@id":"https:\/\/akerkimya.com\/eticaret\/urun\/sodyum-florur\/#breadcrumb","itemListElement":[{"@type":"ListItem","position":1,"name":"Home","item":"https:\/\/akerkimya.com\/eticaret\/"},{"@type":"ListItem","position":2,"name":"Market","item":"https:\/\/akerkimya.com\/eticaret\/market\/"},{"@type":"ListItem","position":3,"name":"SODYUM FLOR\u00dcR"}]},{"@type":"WebSite","@id":"https:\/\/akerkimya.com\/eticaret\/#website","url":"https:\/\/akerkimya.com\/eticaret\/","name":"Akerkimya","description":"","potentialAction":[{"@type":"SearchAction","target":{"@type":"EntryPoint","urlTemplate":"https:\/\/akerkimya.com\/eticaret\/?s={search_term_string}"},"query-input":"required name=search_term_string"}],"inLanguage":"tr"}]}},"_links":{"self":[{"href":"https:\/\/akerkimya.com\/eticaret\/wp-json\/wp\/v2\/product\/16970","targetHints":{"allow":["GET"]}}],"collection":[{"href":"https:\/\/akerkimya.com\/eticaret\/wp-json\/wp\/v2\/product"}],"about":[{"href":"https:\/\/akerkimya.com\/eticaret\/wp-json\/wp\/v2\/types\/product"}],"replies":[{"embeddable":true,"href":"https:\/\/akerkimya.com\/eticaret\/wp-json\/wp\/v2\/comments?post=16970"}],"version-history":[{"count":2,"href":"https:\/\/akerkimya.com\/eticaret\/wp-json\/wp\/v2\/product\/16970\/revisions"}],"predecessor-version":[{"id":19027,"href":"https:\/\/akerkimya.com\/eticaret\/wp-json\/wp\/v2\/product\/16970\/revisions\/19027"}],"wp:featuredmedia":[{"embeddable":true,"href":"https:\/\/akerkimya.com\/eticaret\/wp-json\/wp\/v2\/media\/16971"}],"wp:attachment":[{"href":"https:\/\/akerkimya.com\/eticaret\/wp-json\/wp\/v2\/media?parent=16970"}],"wp:term":[{"taxonomy":"product_cat","embeddable":true,"href":"https:\/\/akerkimya.com\/eticaret\/wp-json\/wp\/v2\/product_cat?post=16970"},{"taxonomy":"product_tag","embeddable":true,"href":"https:\/\/akerkimya.com\/eticaret\/wp-json\/wp\/v2\/product_tag?post=16970"}],"curies":[{"name":"wp","href":"https:\/\/api.w.org\/{rel}","templated":true}]}}