{"id":16976,"date":"2025-01-01T23:32:28","date_gmt":"2025-01-01T20:32:28","guid":{"rendered":"https:\/\/akerkimya.com\/eticaret\/?post_type=product&#038;p=16976"},"modified":"2026-03-30T02:23:59","modified_gmt":"2026-03-29T23:23:59","slug":"sodyum-karbonat-agir-soda","status":"publish","type":"product","link":"https:\/\/akerkimya.com\/eticaret\/urun\/sodyum-karbonat-agir-soda\/","title":{"rendered":"SODYUM KARBONAT (A\u011eIR SODA)"},"content":{"rendered":"<h1>SODYUM KARBONAT (A\u011eIR SODA)<\/h1>\n<p><strong>A\u011f\u0131r Soda, en az %98 Na2CO3 i\u00e7eren soda k\u00fcl\u00fc olarak da bilinen beyaz renkte, gran\u00fcl halde, sulu \u00e7\u00f6zeltisi berrak ve renksiz bir kimyasal maddedir. A\u011f\u0131r soda hem madenlerde hem de kimyasal reaksiyonlardan elde edilir. En yayg\u0131n dekahidrat olarak g\u00f6r\u00fcn\u00fcr, buda monohidrat olu\u015fturmak i\u00e7in kolayca seyreltilir.<\/strong><\/p>\n<p><strong>A\u011eIR SODA \u00d6ZELL\u0130KLER\u0130<\/strong><\/p>\n<p><strong>Karbonik asidin sodyum tuzudur.<\/strong><\/p>\n<p><strong>Ucuz ve zay\u0131f bir bazd\u0131r.<\/strong><\/p>\n<p><strong>Tahri\u015f edici bir kimyasald\u0131r.<\/strong><\/p>\n<p><strong>\u00a0<\/strong><\/p>\n<p><strong>TEKN\u0130K \u00d6ZELL\u0130KLER<\/strong><\/p>\n<p><strong>CAS NUAMARASI: 497-19-8<\/strong><\/p>\n<p><strong>EC NUMARASI: 207-838-8<\/strong><\/p>\n<p><strong>K\u0130MYASAL ADI: E500, Soda, Soda Kristali, Soda K\u00fcl\u00fc<\/strong><\/p>\n<p><strong>G\u00d6R\u00dcN\u00dcM\u00dc: Beyaz, kat\u0131 higroskopik tozdur.<\/strong><\/p>\n<p><strong>KOKU: Kokusuz<\/strong><\/p>\n<p><strong>MOLEK\u00dcLER K\u00dcTLE:105.9885 g\/mol (susuz)- 124,00 g\/mol (monohidrat)- 286,14 g\/mol (dekahidrat)<\/strong><\/p>\n<p><strong>YO\u011eUNLUK: 2,54 g\/cm\u00b3 (susuz)- 2.25 g\/cm\u00b3 (monohidrat)-1.51 g\/cm\u00b3(heptahidrat)-1.46 g\/cm\u00b3 (dekahidrat)<\/strong><\/p>\n<p><strong>ER\u0130ME NOKTASI: 851 \u00b0C (susuz)-100 \u00b0C (\u00e7\u00fcr\u00fcme, monohidrat)-33.5 \u00b0C (dekahidrat)-32 \u00b0C (Heptahidrat)<\/strong><\/p>\n<p><strong>KAYNAMA NOKTASI: 1633 \u00b0C (susuz)<\/strong><\/p>\n<p><strong>BEYAZLIK(%): 95 min. (CIE Lab)<\/strong><\/p>\n<p><strong>\u00c7\u00d6Z\u00dcN\u00dcRL\u00dcK: Suda \u00e7\u00f6z\u00fcn\u00fcr. 71 g\/L (0 \u00b0C)- 215 g\/L (20\u00b0C)- 455 g\/L (100 C)- 455 g\/L (100 \u00b0C)<\/strong><\/p>\n<p><strong>\u00a0<\/strong><\/p>\n<p><strong>K\u0130MYASAL \u00d6ZELL\u0130KLER\u0130<\/strong><\/p>\n<p><strong>Na2CO3 (%): 99.5 min<\/strong><\/p>\n<p><strong>Na2O (%): 58.2 min<\/strong><\/p>\n<p><strong>NaCl(%): 0.1 max<\/strong><\/p>\n<p><strong>Na2SO4 (%): 0.1 max<\/strong><\/p>\n<p><strong>Fe (%): 10 ug\/g max<\/strong><\/p>\n<p><strong>\u00a0SUDA \u00c7\u00d6Z\u00dcNMEYEN MADDE (%): 0.05 max<\/strong><\/p>\n<p><strong>As\/Arsenik: 1 ppm max<\/strong><\/p>\n<p><strong>Pb \/Kur\u015fun: 1 ppm max<\/strong><\/p>\n<p><strong>Hg\/Civa: 1 ppm max<\/strong><\/p>\n<p><strong>PH (%1 \u00e7\u00f6zelti): 11.4<\/strong><\/p>\n<p><strong>\u00a0<\/strong><\/p>\n<p><strong>KULLANIM ALANLARI<\/strong><\/p>\n<p><strong>A\u011f\u0131r Soda cam \u00fcretiminde, kar\u0131\u015f\u0131m\u0131n erime noktas\u0131n\u0131 kolayca eri\u015febilir noktalara getirir. Kumla soda birle\u015ftirilerek \u00e7ok y\u00fcksek \u0131s\u0131ya y\u00fckseltilir ve aniden so\u011futulur. Bu \u015fekilde cam \u00fcretilir. Silika i\u00e7in bir ak\u0131\u015f g\u00f6revi g\u00f6r\u00fcr.<\/strong><\/p>\n<p><strong>G\u0131da katk\u0131 maddesi olarak asit d\u00fczenleyici, anti-caking ajan\u0131 olarak ve \u015ferbet tozu \u00fcretiminde kullan\u0131l\u0131r.<\/strong><\/p>\n<p><strong>Ph stabilizat\u00f6r olarak g\u00f6rev yapar.<\/strong><\/p>\n<p><strong>Sulardaki sertli\u011fi gidermek i\u00e7in sudaki magnezyum ve kalsiyum kolayca uzakla\u015ft\u0131rmak amac\u0131yla kullan\u0131l\u0131r.<\/strong><\/p>\n<p><strong>Havuz suyunun ph de\u011ferini y\u00fckseltmek ve i\u00e7indeki y\u00fcksek orandaki alkali maddeler sebebi ile havuzdaki bile\u015fenleri n\u00f6tralize eder.<\/strong><\/p>\n<p><strong>Tekstil sekt\u00f6r\u00fcnde reaktif boya kullan\u0131ld\u0131\u011f\u0131nda a\u011f\u0131r soda ve lif aras\u0131ndaki ba\u011f\u0131 olu\u015fturmak i\u00e7in kullan\u0131l\u0131r.<\/strong><\/p>\n<p><strong>Di\u015f macunlar\u0131nda k\u00f6p\u00fck ajan\u0131 olarak kullan\u0131l\u0131r. A\u011f\u0131z ph \u0131n\u0131 y\u00fckseltir.<\/strong><\/p>\n<p><strong>\u00c7ama\u015f\u0131r ve \u00f6zellikle t\u00fcllerin beyazlamas\u0131 i\u00e7in kullan\u0131l\u0131r.<\/strong><\/p>\n<p><strong>A\u011f\u0131r soda sularda sertlik yapan iyonlar\u0131 karbonat halinde \u00e7\u00f6kt\u00fcr\u00fcp uzakla\u015ft\u0131r\u0131r. Bu \u015fekilde \u00e7ama\u015f\u0131r makinelerinde yumu\u015fat\u0131c\u0131 olarak kullan\u0131l\u0131r.<\/strong><\/p>\n<p><strong>Tu\u011fla yap\u0131m\u0131nda \u0131slatma ajan\u0131 olarak g\u00f6rev yapar, bu \u015fekilde kil extrude edilirken daha az suya ihtiya\u00e7 duyulur.<\/strong><\/p>\n<p><strong>\u00c7ama\u015f\u0131r sodas\u0131 yap\u0131m\u0131nda kullan\u0131l\u0131r.<\/strong><\/p>\n<p><strong>Keten ve pamuklu elyaflar\u0131n pi\u015firilmesinde tercih edilir.<\/strong><\/p>\n<p><strong>V\u00fccutta olu\u015fmu\u015f ikinci derece yan\u0131klar\u0131n tedavisi i\u00e7in kullan\u0131l\u0131r.<\/strong><\/p>\n<p><strong>A\u011f\u0131r soda fungisit olarak kullan\u0131l\u0131r.<\/strong><\/p>\n<p><strong>Sert y\u00fczeyler i\u00e7in dezenfektan olarak kullan\u0131l\u0131r.<\/strong><\/p>\n<p><strong>A\u011f\u0131r soda bir\u00e7ok pestisit \u00fcr\u00fcn\u00fcnde etkisiz bir bile\u015fen olarak kullan\u0131l\u0131r.<\/strong><\/p>\n<p><strong>\u00a0<\/strong><\/p>\n<p><strong>AMBALAJ<\/strong><\/p>\n<p><strong>1-5-25 kg torbalarda<\/strong><\/p>\n<p><strong>\u00a0<\/strong><\/p>\n<p><strong>DEPOLAMA<\/strong><\/p>\n<p><strong>Do\u011frudan g\u00fcne\u015f g\u00f6rmeyen ve nem bulunmayan ortamda depolanmal\u0131d\u0131r.<\/strong><\/p>\n<p><strong>Kullan\u0131ld\u0131ktan sonra torba a\u011fz\u0131 a\u00e7\u0131k b\u0131rak\u0131lmamal\u0131d\u0131r.<\/strong><\/p>\n","protected":false},"excerpt":{"rendered":"<p>SODYUM KARBONAT (A\u011eIR SODA) A\u011f\u0131r Soda, en az %98 Na2CO3 i\u00e7eren soda k\u00fcl\u00fc olarak da bilinen beyaz renkte, gran\u00fcl halde,<\/p>\n","protected":false},"featured_media":16977,"comment_status":"open","ping_status":"closed","template":"","meta":{"_joinchat":[]},"product_cat":[73,74,76],"product_tag":[],"class_list":{"0":"post-16976","1":"product","2":"type-product","3":"status-publish","4":"has-post-thumbnail","6":"product_cat-deri-ve-tekstil-kimyasallari","7":"product_cat-deterjan-ve-kozmetik-kimyasallari","8":"product_cat-gida-ve-katki-kimyasallari","10":"first","11":"outofstock","12":"shipping-taxable","13":"purchasable","14":"product-type-variable"},"yoast_head":"<!-- This site is optimized with the Yoast SEO Premium plugin v20.2.1 (Yoast SEO v20.2.1) - https:\/\/yoast.com\/wordpress\/plugins\/seo\/ -->\n<title>SODYUM KARBONAT (A\u011eIR SODA) - Akerkimya<\/title>\n<meta name=\"robots\" content=\"index, follow, max-snippet:-1, max-image-preview:large, max-video-preview:-1\" \/>\n<link rel=\"canonical\" href=\"https:\/\/akerkimya.com\/eticaret\/urun\/sodyum-karbonat-agir-soda\/\" \/>\n<meta property=\"og:locale\" content=\"tr_TR\" \/>\n<meta property=\"og:type\" content=\"article\" \/>\n<meta property=\"og:title\" content=\"SODYUM KARBONAT (A\u011eIR SODA)\" \/>\n<meta property=\"og:description\" content=\"SODYUM KARBONAT (A\u011eIR SODA) A\u011f\u0131r Soda, en az %98 Na2CO3 i\u00e7eren soda k\u00fcl\u00fc olarak da bilinen beyaz renkte, gran\u00fcl halde,\" \/>\n<meta property=\"og:url\" content=\"https:\/\/akerkimya.com\/eticaret\/urun\/sodyum-karbonat-agir-soda\/\" \/>\n<meta property=\"og:site_name\" content=\"Akerkimya\" \/>\n<meta property=\"article:modified_time\" content=\"2026-03-29T23:23:59+00:00\" \/>\n<meta property=\"og:image\" content=\"https:\/\/akerkimya.com\/eticaret\/wp-content\/uploads\/2025\/01\/SODYUM-KARBONAT-AGIR-SODA-GUNCEL.png\" \/>\n\t<meta property=\"og:image:width\" content=\"1000\" \/>\n\t<meta property=\"og:image:height\" content=\"1000\" \/>\n\t<meta property=\"og:image:type\" content=\"image\/png\" \/>\n<meta name=\"twitter:card\" content=\"summary_large_image\" \/>\n<meta name=\"twitter:label1\" content=\"Tahmini okuma s\u00fcresi\" \/>\n\t<meta name=\"twitter:data1\" content=\"3 dakika\" \/>\n<script type=\"application\/ld+json\" class=\"yoast-schema-graph\">{\"@context\":\"https:\/\/schema.org\",\"@graph\":[{\"@type\":\"WebPage\",\"@id\":\"https:\/\/akerkimya.com\/eticaret\/urun\/sodyum-karbonat-agir-soda\/\",\"url\":\"https:\/\/akerkimya.com\/eticaret\/urun\/sodyum-karbonat-agir-soda\/\",\"name\":\"SODYUM KARBONAT (A\u011eIR SODA) - Akerkimya\",\"isPartOf\":{\"@id\":\"https:\/\/akerkimya.com\/eticaret\/#website\"},\"datePublished\":\"2025-01-01T20:32:28+00:00\",\"dateModified\":\"2026-03-29T23:23:59+00:00\",\"breadcrumb\":{\"@id\":\"https:\/\/akerkimya.com\/eticaret\/urun\/sodyum-karbonat-agir-soda\/#breadcrumb\"},\"inLanguage\":\"tr\",\"potentialAction\":[{\"@type\":\"ReadAction\",\"target\":[\"https:\/\/akerkimya.com\/eticaret\/urun\/sodyum-karbonat-agir-soda\/\"]}]},{\"@type\":\"BreadcrumbList\",\"@id\":\"https:\/\/akerkimya.com\/eticaret\/urun\/sodyum-karbonat-agir-soda\/#breadcrumb\",\"itemListElement\":[{\"@type\":\"ListItem\",\"position\":1,\"name\":\"Home\",\"item\":\"https:\/\/akerkimya.com\/eticaret\/\"},{\"@type\":\"ListItem\",\"position\":2,\"name\":\"Market\",\"item\":\"https:\/\/akerkimya.com\/eticaret\/market\/\"},{\"@type\":\"ListItem\",\"position\":3,\"name\":\"SODYUM KARBONAT (A\u011eIR SODA)\"}]},{\"@type\":\"WebSite\",\"@id\":\"https:\/\/akerkimya.com\/eticaret\/#website\",\"url\":\"https:\/\/akerkimya.com\/eticaret\/\",\"name\":\"Akerkimya\",\"description\":\"\",\"potentialAction\":[{\"@type\":\"SearchAction\",\"target\":{\"@type\":\"EntryPoint\",\"urlTemplate\":\"https:\/\/akerkimya.com\/eticaret\/?s={search_term_string}\"},\"query-input\":\"required name=search_term_string\"}],\"inLanguage\":\"tr\"}]}<\/script>\n<!-- \/ Yoast SEO Premium plugin. -->","yoast_head_json":{"title":"SODYUM KARBONAT (A\u011eIR SODA) - Akerkimya","robots":{"index":"index","follow":"follow","max-snippet":"max-snippet:-1","max-image-preview":"max-image-preview:large","max-video-preview":"max-video-preview:-1"},"canonical":"https:\/\/akerkimya.com\/eticaret\/urun\/sodyum-karbonat-agir-soda\/","og_locale":"tr_TR","og_type":"article","og_title":"SODYUM KARBONAT (A\u011eIR SODA)","og_description":"SODYUM KARBONAT (A\u011eIR SODA) A\u011f\u0131r Soda, en az %98 Na2CO3 i\u00e7eren soda k\u00fcl\u00fc olarak da bilinen beyaz renkte, gran\u00fcl halde,","og_url":"https:\/\/akerkimya.com\/eticaret\/urun\/sodyum-karbonat-agir-soda\/","og_site_name":"Akerkimya","article_modified_time":"2026-03-29T23:23:59+00:00","og_image":[{"width":1000,"height":1000,"url":"https:\/\/akerkimya.com\/eticaret\/wp-content\/uploads\/2025\/01\/SODYUM-KARBONAT-AGIR-SODA-GUNCEL.png","type":"image\/png"}],"twitter_card":"summary_large_image","twitter_misc":{"Tahmini okuma s\u00fcresi":"3 dakika"},"schema":{"@context":"https:\/\/schema.org","@graph":[{"@type":"WebPage","@id":"https:\/\/akerkimya.com\/eticaret\/urun\/sodyum-karbonat-agir-soda\/","url":"https:\/\/akerkimya.com\/eticaret\/urun\/sodyum-karbonat-agir-soda\/","name":"SODYUM KARBONAT (A\u011eIR SODA) - Akerkimya","isPartOf":{"@id":"https:\/\/akerkimya.com\/eticaret\/#website"},"datePublished":"2025-01-01T20:32:28+00:00","dateModified":"2026-03-29T23:23:59+00:00","breadcrumb":{"@id":"https:\/\/akerkimya.com\/eticaret\/urun\/sodyum-karbonat-agir-soda\/#breadcrumb"},"inLanguage":"tr","potentialAction":[{"@type":"ReadAction","target":["https:\/\/akerkimya.com\/eticaret\/urun\/sodyum-karbonat-agir-soda\/"]}]},{"@type":"BreadcrumbList","@id":"https:\/\/akerkimya.com\/eticaret\/urun\/sodyum-karbonat-agir-soda\/#breadcrumb","itemListElement":[{"@type":"ListItem","position":1,"name":"Home","item":"https:\/\/akerkimya.com\/eticaret\/"},{"@type":"ListItem","position":2,"name":"Market","item":"https:\/\/akerkimya.com\/eticaret\/market\/"},{"@type":"ListItem","position":3,"name":"SODYUM KARBONAT (A\u011eIR SODA)"}]},{"@type":"WebSite","@id":"https:\/\/akerkimya.com\/eticaret\/#website","url":"https:\/\/akerkimya.com\/eticaret\/","name":"Akerkimya","description":"","potentialAction":[{"@type":"SearchAction","target":{"@type":"EntryPoint","urlTemplate":"https:\/\/akerkimya.com\/eticaret\/?s={search_term_string}"},"query-input":"required name=search_term_string"}],"inLanguage":"tr"}]}},"_links":{"self":[{"href":"https:\/\/akerkimya.com\/eticaret\/wp-json\/wp\/v2\/product\/16976","targetHints":{"allow":["GET"]}}],"collection":[{"href":"https:\/\/akerkimya.com\/eticaret\/wp-json\/wp\/v2\/product"}],"about":[{"href":"https:\/\/akerkimya.com\/eticaret\/wp-json\/wp\/v2\/types\/product"}],"replies":[{"embeddable":true,"href":"https:\/\/akerkimya.com\/eticaret\/wp-json\/wp\/v2\/comments?post=16976"}],"version-history":[{"count":1,"href":"https:\/\/akerkimya.com\/eticaret\/wp-json\/wp\/v2\/product\/16976\/revisions"}],"predecessor-version":[{"id":16981,"href":"https:\/\/akerkimya.com\/eticaret\/wp-json\/wp\/v2\/product\/16976\/revisions\/16981"}],"wp:featuredmedia":[{"embeddable":true,"href":"https:\/\/akerkimya.com\/eticaret\/wp-json\/wp\/v2\/media\/16977"}],"wp:attachment":[{"href":"https:\/\/akerkimya.com\/eticaret\/wp-json\/wp\/v2\/media?parent=16976"}],"wp:term":[{"taxonomy":"product_cat","embeddable":true,"href":"https:\/\/akerkimya.com\/eticaret\/wp-json\/wp\/v2\/product_cat?post=16976"},{"taxonomy":"product_tag","embeddable":true,"href":"https:\/\/akerkimya.com\/eticaret\/wp-json\/wp\/v2\/product_tag?post=16976"}],"curies":[{"name":"wp","href":"https:\/\/api.w.org\/{rel}","templated":true}]}}