{"id":16982,"date":"2025-01-01T23:36:21","date_gmt":"2025-01-01T20:36:21","guid":{"rendered":"https:\/\/akerkimya.com\/eticaret\/?post_type=product&#038;p=16982"},"modified":"2026-03-30T02:23:59","modified_gmt":"2026-03-29T23:23:59","slug":"sodyum-klorit-sivi-1","status":"publish","type":"product","link":"https:\/\/akerkimya.com\/eticaret\/urun\/sodyum-klorit-sivi-1\/","title":{"rendered":"SODYUM KLOR\u0130T (SIVI) %31"},"content":{"rendered":"<h1>SODYUM KLOR\u0130T (SIVI) %31<\/h1>\n<p><strong>Sodyum klorit (s\u0131v\u0131), NaClO2 form\u00fcl\u00fcne sahip \u00e7\u00f6zeltidir. S\u0131v\u0131 klorit olarak da bilinir. Dengeli bir \u00e7\u00f6zeltidir. Ancak tehlikeyi \u00f6nlemek i\u00e7in asitten ve di\u011fer kimyasallardan uzak tutulmal\u0131d\u0131r. Yan\u0131c\u0131l\u0131\u011f\u0131 olmamas\u0131na ra\u011fmen, organik maddelerin yanmas\u0131n\u0131 h\u0131zland\u0131r\u0131r. Uzun s\u00fcre \u0131s\u0131ya ve ate\u015fe maruz kald\u0131\u011f\u0131nda patlayabilir. Y\u00fckseltgeci bir ajan olarak kullan\u0131l\u0131r.<\/strong><\/p>\n<p><strong>\u00a0<\/strong><\/p>\n<p><strong>SODYUM KLOR\u0130T(SIVI) \u00d6ZELL\u0130KLER\u0130<\/strong><\/p>\n<p><strong>Berrak s\u0131v\u0131 bir formdad\u0131r. Tipik bir kokusu vard\u0131r.<\/strong><\/p>\n<p><strong>Uygun ko\u015fullarda kararl\u0131 bir yap\u0131ya sahiptir.<\/strong><\/p>\n<p><strong>G\u00fc\u00e7l\u00fc oksitleyici maddedir.<\/strong><\/p>\n<p><strong>Suda ve alkolde kolayca \u00e7\u00f6z\u00fcn\u00fcr.<\/strong><\/p>\n<p><strong>\u00a0<\/strong><\/p>\n<p><strong>TEKN\u0130K \u00d6ZEL\u0130KLER\u0130 <\/strong><\/p>\n<p><strong>CAS NUMARASI: 7758-19-2<\/strong><\/p>\n<p><strong>EC NUMARASI: 231-836-6<\/strong><\/p>\n<p><strong>K\u0130MYASAL FORM\u00dcL\u00dc: NaClO2<\/strong><\/p>\n<p><strong>MOLEK\u00dcL A\u011eIRLIK: 90,5 g\/mol<\/strong><\/p>\n<p><strong>SAFLIK: %25-%31<\/strong><\/p>\n<p><strong>TOPLAM ALKAL\u0130TE (%NAoh): max 3<\/strong><\/p>\n<p><strong>SPES\u0130F\u0130K GRAV\u0130TE (20Oc)(kg\/L): 1,29-1,32<\/strong><\/p>\n<p><strong>Ph(%1): 11,00-12,50<\/strong><\/p>\n<p><strong>\u00a0<\/strong><\/p>\n<p><strong>KULLANIM ALANLARI<\/strong><\/p>\n<p><strong>Asitlendirilmi\u015f sodyum klorit %31 sert y\u00fczeylerin sanitasyonunun yan\u0131 s\u0131ra bir\u00e7ok yiyece\u011fin durulanmas\u0131 i\u00e7in kullan\u0131l\u0131r.<\/strong><\/p>\n<p><strong>End\u00fcstriyel so\u011futma sistemlerinde ve kulelerde mikrobik kirlenmeyi kontrol etmek i\u00e7in kullan\u0131l\u0131r.<\/strong><\/p>\n<p><strong>Alkil furanlar\u0131 4-okso-2- alkenoik asitlere d\u00f6n\u00fc\u015ft\u00fcrmek i\u00e7in kullan\u0131l\u0131r.<\/strong><\/p>\n<p><strong>End\u00fcstriyel amonyak tesislerinde klorun yerine sodyum klorit kullan\u0131l\u0131r.<\/strong><\/p>\n<p><strong>\u0130\u00e7ilebilir suyun tad\u0131n\u0131 ve kokusunu iyile\u015ftirmek i\u00e7in y\u00fckseltgen ajan olarak kullan\u0131l\u0131r. <\/strong><\/p>\n<p><strong>Mantar \u00f6nleyici kimyasal oldu\u011fu i\u00e7in g\u0131da i\u015fleme \u015firketleri taraf\u0131ndan meyve ve sebze y\u0131kamada kullan\u0131l\u0131r.<\/strong><\/p>\n<p><strong>Suda yosun olu\u015fmas\u0131n\u0131 \u00f6nlemek amac\u0131yla kullan\u0131l\u0131r.<\/strong><\/p>\n<p><strong>K\u00e2\u011f\u0131t hamuru, tekstil, yemeklik ve yenmeyen ya\u011flar, vernikler, mumlar ve saman \u00fcr\u00fcnleri i\u00e7in a\u011fartma maddesi olarak kullan\u0131l\u0131r.<\/strong><\/p>\n<p><strong>Biyolojik at\u0131k bo\u015faltmas\u0131nda kullan\u0131l\u0131r.<\/strong><\/p>\n<p><strong>K\u00fcmes hayvanlar\u0131n\u0131n so\u011futma suyunda da kullan\u0131l\u0131r.<\/strong><\/p>\n<p><strong>Deterjan kompozisyonlar\u0131nda k\u00fcf \u00f6nleyici olarak kullan\u0131l\u0131r.<\/strong><\/p>\n<p><strong>\u015eekerin, ni\u015fastan\u0131n, merhem ve waxlar\u0131n beyazlat\u0131lmas\u0131nda kullan\u0131l\u0131r.<\/strong><\/p>\n<p><strong>Sodyum klorit %31, klor dioksitin haz\u0131rlanmas\u0131nda kullan\u0131l\u0131r.<\/strong><\/p>\n<p><strong>Is\u0131tma, havaland\u0131rma, klima sistemleri, havuz sular\u0131 ve spa sirk\u00fclasyon sistemlerinde kullan\u0131l\u0131r.<\/strong><\/p>\n<p><strong>End\u00fcstriyel at\u0131k sudan fenol\u00fcn uzakla\u015ft\u0131r\u0131lmas\u0131nda kullan\u0131l\u0131r.<\/strong><\/p>\n<p><strong>\u015eeker, un, ni\u015fasta gibi g\u0131da \u00fcr\u00fcnlerinin a\u011fart\u0131lmas\u0131 i\u00e7in kullan\u0131l\u0131r.<\/strong><\/p>\n<p><strong>Orduda, mikrop ve g\u0131da proteinleri gibi kirletici maddelerle m\u00fccadelede kullan\u0131l\u0131r.<\/strong><\/p>\n<p><strong>Di\u015f macunu ve lens sol\u00fcsyonlar\u0131n\u0131n yap\u0131m a\u015famas\u0131nda kullan\u0131l\u0131r.<\/strong><\/p>\n<p><strong>Kanalizasyon at\u0131k suyunun sterilizasyonunu sa\u011flamak ve kokusunun giderilmesi i\u00e7in kullan\u0131l\u0131r.<\/strong><\/p>\n<p><strong>Hastane gibi alanlarda dezenfektan olarak kullan\u0131lmaktad\u0131r.<\/strong><\/p>\n<p><strong>Organik sentezde aldehidlerin karboksilik asitlere oksidasyonu i\u00e7in s\u0131kl\u0131kla kullan\u0131labilir.<\/strong><\/p>\n<p><strong>\u00a0<\/strong><\/p>\n<p><strong>AMBALAJ<\/strong><\/p>\n<p><strong>1-5-25 kg bidon ve 250 kg variller halindedir.<\/strong><\/p>\n<p><strong>\u00a0<\/strong><\/p>\n<p><strong>DEPOLAMA<\/strong><\/p>\n<p><strong>Serin ve kuru bir alanda muhafaza ediniz.<\/strong><\/p>\n","protected":false},"excerpt":{"rendered":"<p>SODYUM KLOR\u0130T (SIVI) %31 Sodyum klorit (s\u0131v\u0131), NaClO2 form\u00fcl\u00fcne sahip \u00e7\u00f6zeltidir. S\u0131v\u0131 klorit olarak da bilinir. Dengeli bir \u00e7\u00f6zeltidir. Ancak<\/p>\n","protected":false},"featured_media":16983,"comment_status":"open","ping_status":"closed","template":"","meta":{"_joinchat":[]},"product_cat":[73,74,76,81],"product_tag":[],"class_list":{"0":"post-16982","1":"product","2":"type-product","3":"status-publish","4":"has-post-thumbnail","6":"product_cat-deri-ve-tekstil-kimyasallari","7":"product_cat-deterjan-ve-kozmetik-kimyasallari","8":"product_cat-gida-ve-katki-kimyasallari","9":"product_cat-yem-katki-kimyasallari","11":"first","12":"instock","13":"shipping-taxable","14":"purchasable","15":"product-type-variable"},"yoast_head":"<!-- This site is optimized with the Yoast SEO Premium plugin v20.2.1 (Yoast SEO v20.2.1) - https:\/\/yoast.com\/wordpress\/plugins\/seo\/ -->\n<title>SODYUM KLOR\u0130T (SIVI) %31 - Akerkimya<\/title>\n<meta name=\"robots\" content=\"index, follow, max-snippet:-1, max-image-preview:large, max-video-preview:-1\" \/>\n<link rel=\"canonical\" href=\"https:\/\/akerkimya.com\/eticaret\/urun\/sodyum-klorit-sivi-1\/\" \/>\n<meta property=\"og:locale\" content=\"tr_TR\" \/>\n<meta property=\"og:type\" content=\"article\" \/>\n<meta property=\"og:title\" content=\"SODYUM KLOR\u0130T (SIVI) %31\" \/>\n<meta property=\"og:description\" content=\"SODYUM KLOR\u0130T (SIVI) %31 Sodyum klorit (s\u0131v\u0131), NaClO2 form\u00fcl\u00fcne sahip \u00e7\u00f6zeltidir. S\u0131v\u0131 klorit olarak da bilinir. Dengeli bir \u00e7\u00f6zeltidir. Ancak\" \/>\n<meta property=\"og:url\" content=\"https:\/\/akerkimya.com\/eticaret\/urun\/sodyum-klorit-sivi-1\/\" \/>\n<meta property=\"og:site_name\" content=\"Akerkimya\" \/>\n<meta property=\"article:modified_time\" content=\"2026-03-29T23:23:59+00:00\" \/>\n<meta property=\"og:image\" content=\"https:\/\/akerkimya.com\/eticaret\/wp-content\/uploads\/2025\/01\/Sodyum-Klorit-Sivi-31-GUNCEL-.png\" \/>\n\t<meta property=\"og:image:width\" content=\"1000\" \/>\n\t<meta property=\"og:image:height\" content=\"1000\" \/>\n\t<meta property=\"og:image:type\" content=\"image\/png\" \/>\n<meta name=\"twitter:card\" content=\"summary_large_image\" \/>\n<meta name=\"twitter:label1\" content=\"Tahmini okuma s\u00fcresi\" \/>\n\t<meta name=\"twitter:data1\" content=\"2 dakika\" \/>\n<script type=\"application\/ld+json\" class=\"yoast-schema-graph\">{\"@context\":\"https:\/\/schema.org\",\"@graph\":[{\"@type\":\"WebPage\",\"@id\":\"https:\/\/akerkimya.com\/eticaret\/urun\/sodyum-klorit-sivi-1\/\",\"url\":\"https:\/\/akerkimya.com\/eticaret\/urun\/sodyum-klorit-sivi-1\/\",\"name\":\"SODYUM KLOR\u0130T (SIVI) %31 - Akerkimya\",\"isPartOf\":{\"@id\":\"https:\/\/akerkimya.com\/eticaret\/#website\"},\"datePublished\":\"2025-01-01T20:36:21+00:00\",\"dateModified\":\"2026-03-29T23:23:59+00:00\",\"breadcrumb\":{\"@id\":\"https:\/\/akerkimya.com\/eticaret\/urun\/sodyum-klorit-sivi-1\/#breadcrumb\"},\"inLanguage\":\"tr\",\"potentialAction\":[{\"@type\":\"ReadAction\",\"target\":[\"https:\/\/akerkimya.com\/eticaret\/urun\/sodyum-klorit-sivi-1\/\"]}]},{\"@type\":\"BreadcrumbList\",\"@id\":\"https:\/\/akerkimya.com\/eticaret\/urun\/sodyum-klorit-sivi-1\/#breadcrumb\",\"itemListElement\":[{\"@type\":\"ListItem\",\"position\":1,\"name\":\"Home\",\"item\":\"https:\/\/akerkimya.com\/eticaret\/\"},{\"@type\":\"ListItem\",\"position\":2,\"name\":\"Market\",\"item\":\"https:\/\/akerkimya.com\/eticaret\/market\/\"},{\"@type\":\"ListItem\",\"position\":3,\"name\":\"SODYUM KLOR\u0130T (SIVI) %31\"}]},{\"@type\":\"WebSite\",\"@id\":\"https:\/\/akerkimya.com\/eticaret\/#website\",\"url\":\"https:\/\/akerkimya.com\/eticaret\/\",\"name\":\"Akerkimya\",\"description\":\"\",\"potentialAction\":[{\"@type\":\"SearchAction\",\"target\":{\"@type\":\"EntryPoint\",\"urlTemplate\":\"https:\/\/akerkimya.com\/eticaret\/?s={search_term_string}\"},\"query-input\":\"required name=search_term_string\"}],\"inLanguage\":\"tr\"}]}<\/script>\n<!-- \/ Yoast SEO Premium plugin. -->","yoast_head_json":{"title":"SODYUM KLOR\u0130T (SIVI) %31 - Akerkimya","robots":{"index":"index","follow":"follow","max-snippet":"max-snippet:-1","max-image-preview":"max-image-preview:large","max-video-preview":"max-video-preview:-1"},"canonical":"https:\/\/akerkimya.com\/eticaret\/urun\/sodyum-klorit-sivi-1\/","og_locale":"tr_TR","og_type":"article","og_title":"SODYUM KLOR\u0130T (SIVI) %31","og_description":"SODYUM KLOR\u0130T (SIVI) %31 Sodyum klorit (s\u0131v\u0131), NaClO2 form\u00fcl\u00fcne sahip \u00e7\u00f6zeltidir. S\u0131v\u0131 klorit olarak da bilinir. Dengeli bir \u00e7\u00f6zeltidir. Ancak","og_url":"https:\/\/akerkimya.com\/eticaret\/urun\/sodyum-klorit-sivi-1\/","og_site_name":"Akerkimya","article_modified_time":"2026-03-29T23:23:59+00:00","og_image":[{"width":1000,"height":1000,"url":"https:\/\/akerkimya.com\/eticaret\/wp-content\/uploads\/2025\/01\/Sodyum-Klorit-Sivi-31-GUNCEL-.png","type":"image\/png"}],"twitter_card":"summary_large_image","twitter_misc":{"Tahmini okuma s\u00fcresi":"2 dakika"},"schema":{"@context":"https:\/\/schema.org","@graph":[{"@type":"WebPage","@id":"https:\/\/akerkimya.com\/eticaret\/urun\/sodyum-klorit-sivi-1\/","url":"https:\/\/akerkimya.com\/eticaret\/urun\/sodyum-klorit-sivi-1\/","name":"SODYUM KLOR\u0130T (SIVI) %31 - Akerkimya","isPartOf":{"@id":"https:\/\/akerkimya.com\/eticaret\/#website"},"datePublished":"2025-01-01T20:36:21+00:00","dateModified":"2026-03-29T23:23:59+00:00","breadcrumb":{"@id":"https:\/\/akerkimya.com\/eticaret\/urun\/sodyum-klorit-sivi-1\/#breadcrumb"},"inLanguage":"tr","potentialAction":[{"@type":"ReadAction","target":["https:\/\/akerkimya.com\/eticaret\/urun\/sodyum-klorit-sivi-1\/"]}]},{"@type":"BreadcrumbList","@id":"https:\/\/akerkimya.com\/eticaret\/urun\/sodyum-klorit-sivi-1\/#breadcrumb","itemListElement":[{"@type":"ListItem","position":1,"name":"Home","item":"https:\/\/akerkimya.com\/eticaret\/"},{"@type":"ListItem","position":2,"name":"Market","item":"https:\/\/akerkimya.com\/eticaret\/market\/"},{"@type":"ListItem","position":3,"name":"SODYUM KLOR\u0130T (SIVI) %31"}]},{"@type":"WebSite","@id":"https:\/\/akerkimya.com\/eticaret\/#website","url":"https:\/\/akerkimya.com\/eticaret\/","name":"Akerkimya","description":"","potentialAction":[{"@type":"SearchAction","target":{"@type":"EntryPoint","urlTemplate":"https:\/\/akerkimya.com\/eticaret\/?s={search_term_string}"},"query-input":"required name=search_term_string"}],"inLanguage":"tr"}]}},"_links":{"self":[{"href":"https:\/\/akerkimya.com\/eticaret\/wp-json\/wp\/v2\/product\/16982","targetHints":{"allow":["GET"]}}],"collection":[{"href":"https:\/\/akerkimya.com\/eticaret\/wp-json\/wp\/v2\/product"}],"about":[{"href":"https:\/\/akerkimya.com\/eticaret\/wp-json\/wp\/v2\/types\/product"}],"replies":[{"embeddable":true,"href":"https:\/\/akerkimya.com\/eticaret\/wp-json\/wp\/v2\/comments?post=16982"}],"version-history":[{"count":1,"href":"https:\/\/akerkimya.com\/eticaret\/wp-json\/wp\/v2\/product\/16982\/revisions"}],"predecessor-version":[{"id":16988,"href":"https:\/\/akerkimya.com\/eticaret\/wp-json\/wp\/v2\/product\/16982\/revisions\/16988"}],"wp:featuredmedia":[{"embeddable":true,"href":"https:\/\/akerkimya.com\/eticaret\/wp-json\/wp\/v2\/media\/16983"}],"wp:attachment":[{"href":"https:\/\/akerkimya.com\/eticaret\/wp-json\/wp\/v2\/media?parent=16982"}],"wp:term":[{"taxonomy":"product_cat","embeddable":true,"href":"https:\/\/akerkimya.com\/eticaret\/wp-json\/wp\/v2\/product_cat?post=16982"},{"taxonomy":"product_tag","embeddable":true,"href":"https:\/\/akerkimya.com\/eticaret\/wp-json\/wp\/v2\/product_tag?post=16982"}],"curies":[{"name":"wp","href":"https:\/\/api.w.org\/{rel}","templated":true}]}}