{"id":16989,"date":"2025-01-01T23:42:38","date_gmt":"2025-01-01T20:42:38","guid":{"rendered":"https:\/\/akerkimya.com\/eticaret\/?post_type=product&#038;p=16989"},"modified":"2026-03-30T02:23:59","modified_gmt":"2026-03-29T23:23:59","slug":"sodyum-kumen-sulfonat","status":"publish","type":"product","link":"https:\/\/akerkimya.com\/eticaret\/urun\/sodyum-kumen-sulfonat\/","title":{"rendered":"SODYUM K\u00dcMEN S\u00dcLFONAT"},"content":{"rendered":"<h1>SODYUM K\u00dcMEN S\u00dcLFONAT<\/h1>\n<p><strong>\u00a0<\/strong><\/p>\n<p><strong>Propilen ile benzen aras\u0131nda ger\u00e7ekle\u015fen Friedel-Crafts alkilasyonu, k\u00fcmenin ticari \u00fcretiminde kritik bir ad\u0131md\u0131r. K\u00fcmen \u00fcreticisi, benzenin k\u00fcresel talebinin yakla\u015f\u0131k %20&#8217;sini kar\u015f\u0131lamaktad\u0131r. Sodyum s\u00fclfonatlar\u0131n, uygun ko\u015fullar alt\u0131nda k\u00fcmenle etkile\u015ferek reaksiyona girmesi m\u00fcmk\u00fcnd\u00fcr ve bu da end\u00fcstriyel s\u00fcre\u00e7lerde \u00f6nemli bir rol oynar.<\/strong><\/p>\n<p><strong>\u00a0<\/strong><\/p>\n<p><strong>SODYUM K\u00dcMEN S\u00dcLFONAT \u00d6ZELL\u0130KLER\u0130<\/strong><\/p>\n<p><strong>\u00a0<\/strong><\/p>\n<p><strong>\u015eeffaf, renksiz veya a\u00e7\u0131k sar\u0131 g\u00f6r\u00fcn\u00fcm\u00fcndedir.<\/strong><\/p>\n<p><strong>Kokusuz ve s\u0131v\u0131 formdad\u0131r.<\/strong><\/p>\n<p><strong>\u00a0<\/strong><\/p>\n<p><strong>TEKN\u0130K \u00d6ZELL\u0130KLER\u0130<\/strong><\/p>\n<p><strong>\u00a0<\/strong><\/p>\n<p><strong>CAS NUMARASI: <\/strong><strong>28348-53-0<\/strong><\/p>\n<p><strong>EC NUMARASI: <\/strong><strong>248-983-7<\/strong><\/p>\n<p><strong>MOLEK\u00dcLER FORM\u00dcL: <\/strong><strong>C9H11NaO3S<\/strong><\/p>\n<p><strong>K\u0130MYASAL \u0130SM\u0130: <\/strong><strong>sodium cumene sulfonate<\/strong><\/p>\n<p><strong>MOLAR K\u00dcTLE: <\/strong><strong>222.24 g\/mol<\/strong><\/p>\n<p><strong>PH DE\u011eER\u0130: 7.5-9.5<\/strong><\/p>\n<p><strong>\u00a0<\/strong><\/p>\n<p><strong>\u00a0<\/strong><\/p>\n<p><strong>KULLANIM ALANLARI<\/strong><\/p>\n<p><strong>\u00a0<\/strong><\/p>\n<p><strong>Nem al\u0131c\u0131 organik yap\u0131l\u0131 bir bile\u015fendir. <\/strong><\/p>\n<p><strong>Faz ba\u011flama olarak ta kullan\u0131l\u0131r. <\/strong><\/p>\n<p><strong>Bulan\u0131kl\u0131k giderici, \u00fcr\u00fcn ba\u011flay\u0131c\u0131 ara faz ba\u011flay\u0131c\u0131 olarak ta kullan\u0131l\u0131r.<\/strong><\/p>\n<p><strong>Deterjanlar, sabunlar ve temizlik \u00fcr\u00fcnlerinde s\u0131k\u00e7a tercih edilen bir bile\u015fendir. Bu madde, y\u00fczey aktif \u00f6zellikleri sayesinde ya\u011f, kir ve di\u011fer kirleticileri etkili bir \u015fekilde temizler, temizlik \u00fcr\u00fcnlerinin performans\u0131n\u0131 artt\u0131r\u0131r.<\/strong><\/p>\n<p><strong>Sodyum k\u00fcmen s\u00fclfonat, tekstil boyama ve bask\u0131 i\u015flemlerinde yayg\u0131n olarak dispersant olarak kullan\u0131l\u0131r. Bu bile\u015fik, boya maddelerinin y\u00fczeyde homojen bir \u015fekilde yay\u0131lmas\u0131n\u0131 sa\u011flayarak ve etkili bir da\u011f\u0131l\u0131m\u0131 temin ederek i\u015flem verimlili\u011fini art\u0131r\u0131r.<\/strong><\/p>\n<p><strong>Petrol ve gaz end\u00fcstrisinde, \u00f6zellikle petrol \u00fcr\u00fcnlerinin i\u015flene bilirli\u011fini iyile\u015ftirerek ve em\u00fclsiyon ayr\u0131\u015fmas\u0131n\u0131 \u00f6nleyerek end\u00fcstriyel s\u00fcre\u00e7lerde \u00f6nemli bir rol oynar.<\/strong><\/p>\n<p><strong>\u00a0<\/strong><\/p>\n<p><strong>AMBALAJ<\/strong><\/p>\n<p><strong>\u00a0<\/strong><\/p>\n<p><strong>1-10-30 kg bidonlarda ve 240 kg variller halinde <\/strong><\/p>\n<p><strong>\u00a0<\/strong><\/p>\n<p><strong>DEPOLAMA <\/strong><\/p>\n<p><strong>\u00a0<\/strong><\/p>\n<p><strong>Serin ve kuru yerde muhafaza edilmelidir. \u00dcr\u00fcn kullan\u0131ld\u0131ktan sonra torba a\u011fz\u0131 a\u00e7\u0131k b\u0131rak\u0131lmamal\u0131d\u0131r.<\/strong><\/p>\n","protected":false},"excerpt":{"rendered":"<p>SODYUM K\u00dcMEN S\u00dcLFONAT \u00a0 Propilen ile benzen aras\u0131nda ger\u00e7ekle\u015fen Friedel-Crafts alkilasyonu, k\u00fcmenin ticari \u00fcretiminde kritik bir ad\u0131md\u0131r. K\u00fcmen \u00fcreticisi, benzenin<\/p>\n","protected":false},"featured_media":16990,"comment_status":"open","ping_status":"closed","template":"","meta":{"_joinchat":[]},"product_cat":[73,74],"product_tag":[],"class_list":{"0":"post-16989","1":"product","2":"type-product","3":"status-publish","4":"has-post-thumbnail","6":"product_cat-deri-ve-tekstil-kimyasallari","7":"product_cat-deterjan-ve-kozmetik-kimyasallari","9":"first","10":"instock","11":"shipping-taxable","12":"purchasable","13":"product-type-variable"},"yoast_head":"<!-- This site is optimized with the Yoast SEO Premium plugin v20.2.1 (Yoast SEO v20.2.1) - https:\/\/yoast.com\/wordpress\/plugins\/seo\/ -->\n<title>SODYUM K\u00dcMEN S\u00dcLFONAT - Akerkimya<\/title>\n<meta name=\"robots\" content=\"index, follow, max-snippet:-1, max-image-preview:large, max-video-preview:-1\" \/>\n<link rel=\"canonical\" href=\"https:\/\/akerkimya.com\/eticaret\/urun\/sodyum-kumen-sulfonat\/\" \/>\n<meta property=\"og:locale\" content=\"tr_TR\" \/>\n<meta property=\"og:type\" content=\"article\" \/>\n<meta property=\"og:title\" content=\"SODYUM K\u00dcMEN S\u00dcLFONAT\" \/>\n<meta property=\"og:description\" content=\"SODYUM K\u00dcMEN S\u00dcLFONAT \u00a0 Propilen ile benzen aras\u0131nda ger\u00e7ekle\u015fen Friedel-Crafts alkilasyonu, k\u00fcmenin ticari \u00fcretiminde kritik bir ad\u0131md\u0131r. K\u00fcmen \u00fcreticisi, benzenin\" \/>\n<meta property=\"og:url\" content=\"https:\/\/akerkimya.com\/eticaret\/urun\/sodyum-kumen-sulfonat\/\" \/>\n<meta property=\"og:site_name\" content=\"Akerkimya\" \/>\n<meta property=\"article:modified_time\" content=\"2026-03-29T23:23:59+00:00\" \/>\n<meta property=\"og:image\" content=\"https:\/\/akerkimya.com\/eticaret\/wp-content\/uploads\/2025\/01\/SODYUM-KUMEN-SULFONAT-GUNCEL.png\" \/>\n\t<meta property=\"og:image:width\" content=\"1000\" \/>\n\t<meta property=\"og:image:height\" content=\"1000\" \/>\n\t<meta property=\"og:image:type\" content=\"image\/png\" \/>\n<meta name=\"twitter:card\" content=\"summary_large_image\" \/>\n<meta name=\"twitter:label1\" content=\"Tahmini okuma s\u00fcresi\" \/>\n\t<meta name=\"twitter:data1\" content=\"2 dakika\" \/>\n<script type=\"application\/ld+json\" class=\"yoast-schema-graph\">{\"@context\":\"https:\/\/schema.org\",\"@graph\":[{\"@type\":\"WebPage\",\"@id\":\"https:\/\/akerkimya.com\/eticaret\/urun\/sodyum-kumen-sulfonat\/\",\"url\":\"https:\/\/akerkimya.com\/eticaret\/urun\/sodyum-kumen-sulfonat\/\",\"name\":\"SODYUM K\u00dcMEN S\u00dcLFONAT - Akerkimya\",\"isPartOf\":{\"@id\":\"https:\/\/akerkimya.com\/eticaret\/#website\"},\"datePublished\":\"2025-01-01T20:42:38+00:00\",\"dateModified\":\"2026-03-29T23:23:59+00:00\",\"breadcrumb\":{\"@id\":\"https:\/\/akerkimya.com\/eticaret\/urun\/sodyum-kumen-sulfonat\/#breadcrumb\"},\"inLanguage\":\"tr\",\"potentialAction\":[{\"@type\":\"ReadAction\",\"target\":[\"https:\/\/akerkimya.com\/eticaret\/urun\/sodyum-kumen-sulfonat\/\"]}]},{\"@type\":\"BreadcrumbList\",\"@id\":\"https:\/\/akerkimya.com\/eticaret\/urun\/sodyum-kumen-sulfonat\/#breadcrumb\",\"itemListElement\":[{\"@type\":\"ListItem\",\"position\":1,\"name\":\"Home\",\"item\":\"https:\/\/akerkimya.com\/eticaret\/\"},{\"@type\":\"ListItem\",\"position\":2,\"name\":\"Market\",\"item\":\"https:\/\/akerkimya.com\/eticaret\/market\/\"},{\"@type\":\"ListItem\",\"position\":3,\"name\":\"SODYUM K\u00dcMEN S\u00dcLFONAT\"}]},{\"@type\":\"WebSite\",\"@id\":\"https:\/\/akerkimya.com\/eticaret\/#website\",\"url\":\"https:\/\/akerkimya.com\/eticaret\/\",\"name\":\"Akerkimya\",\"description\":\"\",\"potentialAction\":[{\"@type\":\"SearchAction\",\"target\":{\"@type\":\"EntryPoint\",\"urlTemplate\":\"https:\/\/akerkimya.com\/eticaret\/?s={search_term_string}\"},\"query-input\":\"required name=search_term_string\"}],\"inLanguage\":\"tr\"}]}<\/script>\n<!-- \/ Yoast SEO Premium plugin. -->","yoast_head_json":{"title":"SODYUM K\u00dcMEN S\u00dcLFONAT - Akerkimya","robots":{"index":"index","follow":"follow","max-snippet":"max-snippet:-1","max-image-preview":"max-image-preview:large","max-video-preview":"max-video-preview:-1"},"canonical":"https:\/\/akerkimya.com\/eticaret\/urun\/sodyum-kumen-sulfonat\/","og_locale":"tr_TR","og_type":"article","og_title":"SODYUM K\u00dcMEN S\u00dcLFONAT","og_description":"SODYUM K\u00dcMEN S\u00dcLFONAT \u00a0 Propilen ile benzen aras\u0131nda ger\u00e7ekle\u015fen Friedel-Crafts alkilasyonu, k\u00fcmenin ticari \u00fcretiminde kritik bir ad\u0131md\u0131r. K\u00fcmen \u00fcreticisi, benzenin","og_url":"https:\/\/akerkimya.com\/eticaret\/urun\/sodyum-kumen-sulfonat\/","og_site_name":"Akerkimya","article_modified_time":"2026-03-29T23:23:59+00:00","og_image":[{"width":1000,"height":1000,"url":"https:\/\/akerkimya.com\/eticaret\/wp-content\/uploads\/2025\/01\/SODYUM-KUMEN-SULFONAT-GUNCEL.png","type":"image\/png"}],"twitter_card":"summary_large_image","twitter_misc":{"Tahmini okuma s\u00fcresi":"2 dakika"},"schema":{"@context":"https:\/\/schema.org","@graph":[{"@type":"WebPage","@id":"https:\/\/akerkimya.com\/eticaret\/urun\/sodyum-kumen-sulfonat\/","url":"https:\/\/akerkimya.com\/eticaret\/urun\/sodyum-kumen-sulfonat\/","name":"SODYUM K\u00dcMEN S\u00dcLFONAT - Akerkimya","isPartOf":{"@id":"https:\/\/akerkimya.com\/eticaret\/#website"},"datePublished":"2025-01-01T20:42:38+00:00","dateModified":"2026-03-29T23:23:59+00:00","breadcrumb":{"@id":"https:\/\/akerkimya.com\/eticaret\/urun\/sodyum-kumen-sulfonat\/#breadcrumb"},"inLanguage":"tr","potentialAction":[{"@type":"ReadAction","target":["https:\/\/akerkimya.com\/eticaret\/urun\/sodyum-kumen-sulfonat\/"]}]},{"@type":"BreadcrumbList","@id":"https:\/\/akerkimya.com\/eticaret\/urun\/sodyum-kumen-sulfonat\/#breadcrumb","itemListElement":[{"@type":"ListItem","position":1,"name":"Home","item":"https:\/\/akerkimya.com\/eticaret\/"},{"@type":"ListItem","position":2,"name":"Market","item":"https:\/\/akerkimya.com\/eticaret\/market\/"},{"@type":"ListItem","position":3,"name":"SODYUM K\u00dcMEN S\u00dcLFONAT"}]},{"@type":"WebSite","@id":"https:\/\/akerkimya.com\/eticaret\/#website","url":"https:\/\/akerkimya.com\/eticaret\/","name":"Akerkimya","description":"","potentialAction":[{"@type":"SearchAction","target":{"@type":"EntryPoint","urlTemplate":"https:\/\/akerkimya.com\/eticaret\/?s={search_term_string}"},"query-input":"required name=search_term_string"}],"inLanguage":"tr"}]}},"_links":{"self":[{"href":"https:\/\/akerkimya.com\/eticaret\/wp-json\/wp\/v2\/product\/16989","targetHints":{"allow":["GET"]}}],"collection":[{"href":"https:\/\/akerkimya.com\/eticaret\/wp-json\/wp\/v2\/product"}],"about":[{"href":"https:\/\/akerkimya.com\/eticaret\/wp-json\/wp\/v2\/types\/product"}],"replies":[{"embeddable":true,"href":"https:\/\/akerkimya.com\/eticaret\/wp-json\/wp\/v2\/comments?post=16989"}],"version-history":[{"count":2,"href":"https:\/\/akerkimya.com\/eticaret\/wp-json\/wp\/v2\/product\/16989\/revisions"}],"predecessor-version":[{"id":18447,"href":"https:\/\/akerkimya.com\/eticaret\/wp-json\/wp\/v2\/product\/16989\/revisions\/18447"}],"wp:featuredmedia":[{"embeddable":true,"href":"https:\/\/akerkimya.com\/eticaret\/wp-json\/wp\/v2\/media\/16990"}],"wp:attachment":[{"href":"https:\/\/akerkimya.com\/eticaret\/wp-json\/wp\/v2\/media?parent=16989"}],"wp:term":[{"taxonomy":"product_cat","embeddable":true,"href":"https:\/\/akerkimya.com\/eticaret\/wp-json\/wp\/v2\/product_cat?post=16989"},{"taxonomy":"product_tag","embeddable":true,"href":"https:\/\/akerkimya.com\/eticaret\/wp-json\/wp\/v2\/product_tag?post=16989"}],"curies":[{"name":"wp","href":"https:\/\/api.w.org\/{rel}","templated":true}]}}