{"id":17002,"date":"2025-01-01T23:51:07","date_gmt":"2025-01-01T20:51:07","guid":{"rendered":"https:\/\/akerkimya.com\/eticaret\/?post_type=product&#038;p=17002"},"modified":"2026-03-30T02:23:59","modified_gmt":"2026-03-29T23:23:59","slug":"sodyum-metasilikat","status":"publish","type":"product","link":"https:\/\/akerkimya.com\/eticaret\/urun\/sodyum-metasilikat\/","title":{"rendered":"SODYUM METAS\u0130L\u0130KAT PENTAH\u0130DRAT"},"content":{"rendered":"<h1>SODYUM METAS\u0130L\u0130KAT<\/h1>\n<p><strong>Sodyum meta silikat inorganik tuz \u00fcr\u00fcn\u00fc olarak s\u0131n\u0131fland\u0131r\u0131lan molek\u00fcler form\u00fcl\u00fc Na2SiO3 olan silisik asit tuzudur.<\/strong><\/p>\n<p><strong>\u00a0<\/strong><\/p>\n<p><strong>TEKN\u0130K \u00d6ZELL\u0130KLER\u00a0 \u00a0 \u00a0 \u00a0<\/strong><strong>\u00a0\u00a0 \u00a0<\/strong><\/p>\n<p><strong>FORM\u00dcL:\u00a0 Na2SiO3<\/strong><\/p>\n<p><strong>CAS NO: 6834-92-0<\/strong><\/p>\n<p><strong>G\u00d6R\u00dcN\u00dcM: Beyaz toz<\/strong><\/p>\n<p><strong>MOLEK\u00dcLER A\u011eIRLIK: 122,06<\/strong><\/p>\n<p><strong>YO\u011eUNLUK: 2,4 g\/cm3<\/strong><\/p>\n<p><strong>\u00a0<\/strong><\/p>\n<p><strong>KULLANIM ALANLARI<\/strong><\/p>\n<p><strong>Endr\u00fcstriyel \u00fcr\u00fcnler i\u00e7in hammadde (silika sola, silika jel, zeolit, al\u00fcminooksit, magnezyum silikat, sentetik killer, seramik vb.) olarak kullan\u0131l\u0131r.<\/strong><\/p>\n<p><strong>Deterjan \u00fcretiminde toz ve s\u0131v\u0131 malzemelerde kullan\u0131l\u0131r.<\/strong><\/p>\n<p><strong>Yap\u0131\u015ft\u0131r\u0131c\u0131 ve birle\u015ftirici tutkal malzemelerinde kullan\u0131l\u0131r.<\/strong><\/p>\n<p><strong>Y\u00fczey kaplama \u00fcr\u00fcnlerinde ve su muamelesi \u00fcr\u00fcnlerinde kullan\u0131l\u0131r.<\/strong><\/p>\n<p><strong>Ar\u0131nd\u0131r\u0131lm\u0131\u015f petrol geri kazanmada petrol ak\u0131m\u0131n\u0131 geli\u015ftirmede kullan\u0131l\u0131r.<\/strong><\/p>\n<p><strong>Tekstil i\u015flemlerinde beyazlat\u0131c\u0131 ve boya stabiliz\u00f6r\u00fc olarak kullan\u0131l\u0131r.<\/strong><\/p>\n<p><strong>Yang\u0131n s\u00f6nd\u00fcrme kar\u0131\u015f\u0131mlar\u0131nda, kazan temizli\u011finde, gazl\u0131 i\u00e7eceklerin y\u0131kama \u015fi\u015felerinde kullan\u0131l\u0131r.<\/strong><\/p>\n<p><strong>Fungisit-insektisit ve antibakteriyellerde kullan\u0131l\u0131r.<\/strong><\/p>\n<p><strong>K\u00e2\u011f\u0131t hamuru a\u011fartmada kullan\u0131l\u0131r.<\/strong><\/p>\n<p><strong>Silika jel yap\u0131m\u0131nda kullan\u0131l\u0131r.<\/strong><\/p>\n<p><strong>\u00a0<\/strong><\/p>\n<p><strong>SODYUM META S\u0130L\u0130KAT \u00d6ZELL\u0130KLER\u0130<\/strong><\/p>\n<p><strong>Sodyum meta silikat suda \u00e7\u00f6z\u00fcn\u00fcr, fakat alkol ve asitlerle \u00e7\u00f6z\u00fcnmez. Sulu \u00e7\u00f6zeltisi alkalindir ve havayla temas etti\u011finde higroskopi ve \u00e7\u00f6z\u00fcnebilirli\u011fe sahiptir. Ar\u0131nd\u0131r\u0131c\u0131, em\u00fclsiye edici, da\u011f\u0131t\u0131c\u0131, nemlendirici, n\u00fcfuz eden PH tamponlama \u00f6zeli\u011fine sahiptir. Saf olmayan maddelerin ortadan kald\u0131r\u0131lmas\u0131 da\u011f\u0131t\u0131lmas\u0131 ve s\u00fcspansiyon haline getirilmesi m\u00fckemmel bir y\u00f6ntemdir. Ya\u011flar\u0131 em\u00fclsiye edebilir. metalleri erozyona kar\u015f\u0131 korur ve metal temizlemede kullan\u0131labilir. Sodyum metasilikat; \u00c7ama\u015f\u0131r ve bula\u015f\u0131k detejanlar\u0131nda, seramik, kaplama ,tekstil, ka\u011f\u0131t yap\u0131m\u0131, matbaa, beton, \u00e7imento, yanmaz malzemelerde, ya\u011fmadencili\u011fi, deri i\u015flemede kullan\u0131m alanlar\u0131d\u0131r.<\/strong><\/p>\n<p><strong>\u00a0<\/strong><\/p>\n<p><strong>AMBALAJ <\/strong><\/p>\n<p><strong>1-5-25 kg torbalar halinde<\/strong><\/p>\n<p><strong>\u00a0<\/strong><\/p>\n<p><strong>DEPOLAMA <\/strong><\/p>\n<p><strong>Serin ve kuru bir alanda muhafaza ediniz.<\/strong><\/p>\n","protected":false},"excerpt":{"rendered":"<p>SODYUM METAS\u0130L\u0130KAT Sodyum meta silikat inorganik tuz \u00fcr\u00fcn\u00fc olarak s\u0131n\u0131fland\u0131r\u0131lan molek\u00fcler form\u00fcl\u00fc Na2SiO3 olan silisik asit tuzudur. \u00a0 TEKN\u0130K \u00d6ZELL\u0130KLER\u00a0<\/p>\n","protected":false},"featured_media":17004,"comment_status":"open","ping_status":"closed","template":"","meta":{"_joinchat":[]},"product_cat":[73,74],"product_tag":[],"class_list":{"0":"post-17002","1":"product","2":"type-product","3":"status-publish","4":"has-post-thumbnail","6":"product_cat-deri-ve-tekstil-kimyasallari","7":"product_cat-deterjan-ve-kozmetik-kimyasallari","9":"first","10":"instock","11":"shipping-taxable","12":"purchasable","13":"product-type-variable"},"yoast_head":"<!-- This site is optimized with the Yoast SEO Premium plugin v20.2.1 (Yoast SEO v20.2.1) - https:\/\/yoast.com\/wordpress\/plugins\/seo\/ -->\n<title>SODYUM METAS\u0130L\u0130KAT PENTAH\u0130DRAT - Akerkimya<\/title>\n<meta name=\"robots\" content=\"index, follow, max-snippet:-1, max-image-preview:large, max-video-preview:-1\" \/>\n<link rel=\"canonical\" href=\"https:\/\/akerkimya.com\/eticaret\/urun\/sodyum-metasilikat\/\" \/>\n<meta property=\"og:locale\" content=\"tr_TR\" \/>\n<meta property=\"og:type\" content=\"article\" \/>\n<meta property=\"og:title\" content=\"SODYUM METAS\u0130L\u0130KAT PENTAH\u0130DRAT\" \/>\n<meta property=\"og:description\" content=\"SODYUM METAS\u0130L\u0130KAT Sodyum meta silikat inorganik tuz \u00fcr\u00fcn\u00fc olarak s\u0131n\u0131fland\u0131r\u0131lan molek\u00fcler form\u00fcl\u00fc Na2SiO3 olan silisik asit tuzudur. \u00a0 TEKN\u0130K \u00d6ZELL\u0130KLER\u00a0\" \/>\n<meta property=\"og:url\" content=\"https:\/\/akerkimya.com\/eticaret\/urun\/sodyum-metasilikat\/\" \/>\n<meta property=\"og:site_name\" content=\"Akerkimya\" \/>\n<meta property=\"article:modified_time\" content=\"2026-03-29T23:23:59+00:00\" \/>\n<meta property=\"og:image\" content=\"https:\/\/akerkimya.com\/eticaret\/wp-content\/uploads\/2025\/01\/SODYUM-METASILIKAT-GUNCEL-.png\" \/>\n\t<meta property=\"og:image:width\" content=\"1000\" \/>\n\t<meta property=\"og:image:height\" content=\"1000\" \/>\n\t<meta property=\"og:image:type\" content=\"image\/png\" \/>\n<meta name=\"twitter:card\" content=\"summary_large_image\" \/>\n<meta name=\"twitter:label1\" content=\"Tahmini okuma s\u00fcresi\" \/>\n\t<meta name=\"twitter:data1\" content=\"2 dakika\" \/>\n<script type=\"application\/ld+json\" class=\"yoast-schema-graph\">{\"@context\":\"https:\/\/schema.org\",\"@graph\":[{\"@type\":\"WebPage\",\"@id\":\"https:\/\/akerkimya.com\/eticaret\/urun\/sodyum-metasilikat\/\",\"url\":\"https:\/\/akerkimya.com\/eticaret\/urun\/sodyum-metasilikat\/\",\"name\":\"SODYUM METAS\u0130L\u0130KAT PENTAH\u0130DRAT - Akerkimya\",\"isPartOf\":{\"@id\":\"https:\/\/akerkimya.com\/eticaret\/#website\"},\"datePublished\":\"2025-01-01T20:51:07+00:00\",\"dateModified\":\"2026-03-29T23:23:59+00:00\",\"breadcrumb\":{\"@id\":\"https:\/\/akerkimya.com\/eticaret\/urun\/sodyum-metasilikat\/#breadcrumb\"},\"inLanguage\":\"tr\",\"potentialAction\":[{\"@type\":\"ReadAction\",\"target\":[\"https:\/\/akerkimya.com\/eticaret\/urun\/sodyum-metasilikat\/\"]}]},{\"@type\":\"BreadcrumbList\",\"@id\":\"https:\/\/akerkimya.com\/eticaret\/urun\/sodyum-metasilikat\/#breadcrumb\",\"itemListElement\":[{\"@type\":\"ListItem\",\"position\":1,\"name\":\"Home\",\"item\":\"https:\/\/akerkimya.com\/eticaret\/\"},{\"@type\":\"ListItem\",\"position\":2,\"name\":\"Market\",\"item\":\"https:\/\/akerkimya.com\/eticaret\/market\/\"},{\"@type\":\"ListItem\",\"position\":3,\"name\":\"SODYUM METAS\u0130L\u0130KAT PENTAH\u0130DRAT\"}]},{\"@type\":\"WebSite\",\"@id\":\"https:\/\/akerkimya.com\/eticaret\/#website\",\"url\":\"https:\/\/akerkimya.com\/eticaret\/\",\"name\":\"Akerkimya\",\"description\":\"\",\"potentialAction\":[{\"@type\":\"SearchAction\",\"target\":{\"@type\":\"EntryPoint\",\"urlTemplate\":\"https:\/\/akerkimya.com\/eticaret\/?s={search_term_string}\"},\"query-input\":\"required name=search_term_string\"}],\"inLanguage\":\"tr\"}]}<\/script>\n<!-- \/ Yoast SEO Premium plugin. -->","yoast_head_json":{"title":"SODYUM METAS\u0130L\u0130KAT PENTAH\u0130DRAT - Akerkimya","robots":{"index":"index","follow":"follow","max-snippet":"max-snippet:-1","max-image-preview":"max-image-preview:large","max-video-preview":"max-video-preview:-1"},"canonical":"https:\/\/akerkimya.com\/eticaret\/urun\/sodyum-metasilikat\/","og_locale":"tr_TR","og_type":"article","og_title":"SODYUM METAS\u0130L\u0130KAT PENTAH\u0130DRAT","og_description":"SODYUM METAS\u0130L\u0130KAT Sodyum meta silikat inorganik tuz \u00fcr\u00fcn\u00fc olarak s\u0131n\u0131fland\u0131r\u0131lan molek\u00fcler form\u00fcl\u00fc Na2SiO3 olan silisik asit tuzudur. \u00a0 TEKN\u0130K \u00d6ZELL\u0130KLER\u00a0","og_url":"https:\/\/akerkimya.com\/eticaret\/urun\/sodyum-metasilikat\/","og_site_name":"Akerkimya","article_modified_time":"2026-03-29T23:23:59+00:00","og_image":[{"width":1000,"height":1000,"url":"https:\/\/akerkimya.com\/eticaret\/wp-content\/uploads\/2025\/01\/SODYUM-METASILIKAT-GUNCEL-.png","type":"image\/png"}],"twitter_card":"summary_large_image","twitter_misc":{"Tahmini okuma s\u00fcresi":"2 dakika"},"schema":{"@context":"https:\/\/schema.org","@graph":[{"@type":"WebPage","@id":"https:\/\/akerkimya.com\/eticaret\/urun\/sodyum-metasilikat\/","url":"https:\/\/akerkimya.com\/eticaret\/urun\/sodyum-metasilikat\/","name":"SODYUM METAS\u0130L\u0130KAT PENTAH\u0130DRAT - Akerkimya","isPartOf":{"@id":"https:\/\/akerkimya.com\/eticaret\/#website"},"datePublished":"2025-01-01T20:51:07+00:00","dateModified":"2026-03-29T23:23:59+00:00","breadcrumb":{"@id":"https:\/\/akerkimya.com\/eticaret\/urun\/sodyum-metasilikat\/#breadcrumb"},"inLanguage":"tr","potentialAction":[{"@type":"ReadAction","target":["https:\/\/akerkimya.com\/eticaret\/urun\/sodyum-metasilikat\/"]}]},{"@type":"BreadcrumbList","@id":"https:\/\/akerkimya.com\/eticaret\/urun\/sodyum-metasilikat\/#breadcrumb","itemListElement":[{"@type":"ListItem","position":1,"name":"Home","item":"https:\/\/akerkimya.com\/eticaret\/"},{"@type":"ListItem","position":2,"name":"Market","item":"https:\/\/akerkimya.com\/eticaret\/market\/"},{"@type":"ListItem","position":3,"name":"SODYUM METAS\u0130L\u0130KAT PENTAH\u0130DRAT"}]},{"@type":"WebSite","@id":"https:\/\/akerkimya.com\/eticaret\/#website","url":"https:\/\/akerkimya.com\/eticaret\/","name":"Akerkimya","description":"","potentialAction":[{"@type":"SearchAction","target":{"@type":"EntryPoint","urlTemplate":"https:\/\/akerkimya.com\/eticaret\/?s={search_term_string}"},"query-input":"required name=search_term_string"}],"inLanguage":"tr"}]}},"_links":{"self":[{"href":"https:\/\/akerkimya.com\/eticaret\/wp-json\/wp\/v2\/product\/17002","targetHints":{"allow":["GET"]}}],"collection":[{"href":"https:\/\/akerkimya.com\/eticaret\/wp-json\/wp\/v2\/product"}],"about":[{"href":"https:\/\/akerkimya.com\/eticaret\/wp-json\/wp\/v2\/types\/product"}],"replies":[{"embeddable":true,"href":"https:\/\/akerkimya.com\/eticaret\/wp-json\/wp\/v2\/comments?post=17002"}],"version-history":[{"count":2,"href":"https:\/\/akerkimya.com\/eticaret\/wp-json\/wp\/v2\/product\/17002\/revisions"}],"predecessor-version":[{"id":18233,"href":"https:\/\/akerkimya.com\/eticaret\/wp-json\/wp\/v2\/product\/17002\/revisions\/18233"}],"wp:featuredmedia":[{"embeddable":true,"href":"https:\/\/akerkimya.com\/eticaret\/wp-json\/wp\/v2\/media\/17004"}],"wp:attachment":[{"href":"https:\/\/akerkimya.com\/eticaret\/wp-json\/wp\/v2\/media?parent=17002"}],"wp:term":[{"taxonomy":"product_cat","embeddable":true,"href":"https:\/\/akerkimya.com\/eticaret\/wp-json\/wp\/v2\/product_cat?post=17002"},{"taxonomy":"product_tag","embeddable":true,"href":"https:\/\/akerkimya.com\/eticaret\/wp-json\/wp\/v2\/product_tag?post=17002"}],"curies":[{"name":"wp","href":"https:\/\/api.w.org\/{rel}","templated":true}]}}