{"id":17009,"date":"2025-01-01T23:55:12","date_gmt":"2025-01-01T20:55:12","guid":{"rendered":"https:\/\/akerkimya.com\/eticaret\/?post_type=product&#038;p=17009"},"modified":"2026-04-06T09:16:15","modified_gmt":"2026-04-06T06:16:15","slug":"sodyum-sulfit","status":"publish","type":"product","link":"https:\/\/akerkimya.com\/eticaret\/urun\/sodyum-sulfit\/","title":{"rendered":"SODYUM S\u00dcLF\u0130T"},"content":{"rendered":"<h1>SODYUM S\u00dcLF\u0130T<\/h1>\n<p><strong>Sodyum s\u00fclfit, Na2SO3 form\u00fcl\u00fcne sahip s\u00fclf\u00fcrl\u00fc asidin \u00e7\u00f6z\u00fcn\u00fcr bir sodyum tuzu olup inorganik bir bile\u015fiktir. Sulu \u00e7\u00f6zeltileri alkalidir. Havada b\u0131rak\u0131ld\u0131\u011f\u0131nda h\u0131zl\u0131 bir \u015fekilde sodyum s\u00fclfat olu\u015fur. Sodyum s\u00fclfit \u00e7\u00f6zeltisi; k\u00fck\u00fcrt dioksit gaz\u0131 ve sodyum hidroksit reaksiyonu sonucu laboratuvar ortam\u0131nda haz\u0131rlanabilmektedir.<\/strong><\/p>\n<p><strong>\u00a0<\/strong><\/p>\n<p><strong>SODYUM S\u00dcLF\u0130T \u00d6ZELL\u0130KLER\u0130<\/strong><\/p>\n<p><strong>Beyaz renkte, kristal toz formundad\u0131r.<\/strong><\/p>\n<p><strong>Suda kolayca \u00e7\u00f6z\u00fcn\u00fcr. Etanolde, s\u0131v\u0131 klor ve amonyakta \u00e7\u00f6z\u00fcnmez.<\/strong><\/p>\n<p><strong>Havada sodyum s\u00fclfat ile oksitlenir.<\/strong><\/p>\n<p><strong>G\u00fc\u00e7l\u00fc asitler ile etkile\u015fime girdi\u011finde s\u00fclf\u00fcr dioksit sal\u0131n\u0131r.<\/strong><\/p>\n<p><strong>Karars\u0131z bir kimyasald\u0131r.<\/strong><\/p>\n<p><strong>\u00a0<\/strong><\/p>\n<p><strong>TEKN\u0130K \u00d6ZELL\u0130KLER\u0130<\/strong><\/p>\n<p><strong>CAS NUMARASI: 7757-83-7<\/strong><\/p>\n<p><strong>MOLEK\u00dcLER FORM\u00dcL: Na2SO3<\/strong><\/p>\n<p><strong>K\u0130MYASAL \u0130SM\u0130: Sodyum s\u00fclfit,<\/strong><\/p>\n<p><strong>MOLAR K\u00dcTLE: 126,043 g\/mol<\/strong><\/p>\n<p><strong>YO\u011eUNLUK: 2.633 g\/cm\u00b3 (susuz) 1.561 g\/cm\u00b3 (heptahidrat)<\/strong><\/p>\n<p><strong>ER\u0130ME NOKTASI: 33.4 \u00b0C (heptahidrat dehidratasyob) 500 \u00b0C (susuz)<\/strong><\/p>\n<p><strong>AS\u0130TL\u0130K (pKa): ~ 9 (heptahidrat)<\/strong><\/p>\n<p><strong>KIRILMA \u0130NDEKS\u0130: 1.565<\/strong><\/p>\n<p><strong>E KODU: E221<\/strong><\/p>\n<p><strong>SUDA \u00c7\u00d6Z\u00dcN\u00dcRL\u00dcK: 67.8 g\/100 ml (18 \u00b0C heptahidrat)<\/strong><\/p>\n<p><strong>\u00a0<\/strong><\/p>\n<p><strong>KULLANIM ALANLARI <\/strong><\/p>\n<p><strong>K\u00e2\u011f\u0131t yap\u0131m\u0131nda pullanma faaliyeti nedeniyle, a\u011fac\u0131n kimyasal lignin gideriminde, elyaf ayr\u0131m\u0131 i\u015fleminde ve Kraft proses de ana bile\u015fen olarak kullan\u0131l\u0131r.<\/strong><\/p>\n<p><strong>\u00dcr\u00fcnlerin taze g\u00f6r\u00fcn\u00fcm\u00fcn\u00fc korumaya yard\u0131mc\u0131 olmak amac\u0131yla katk\u0131 maddesi olarak kullan\u0131l\u0131r.<\/strong><\/p>\n<p><strong>\u0130la\u00e7 sekt\u00f6r\u00fcnde, ila\u00e7lar\u0131n potansiiyelini ve stabilitesini korumak i\u00e7in kullan\u0131l\u0131r.<\/strong><\/p>\n<p><strong>Su ar\u0131tma i\u015fleminde oksijen tutucu ajan, kaynam\u0131\u015f suyu ar\u0131tma ve buhar kazanlar\u0131nda korozyonu \u00f6nlemek amac\u0131yla kullan\u0131l\u0131r.<\/strong><\/p>\n<p><strong>Fiber lif sekt\u00f6r\u00fcnde, hammaddeyi \u00e7\u00f6zmede koagulant banyolarda, iplikten k\u00fck\u00fcrt\u00fc uzakla\u015ft\u0131rmada kullan\u0131l\u0131r.<\/strong><\/p>\n<p><strong>Baca gaz\u0131 k\u00fck\u00fcrt giderme i\u015fleminde kullan\u0131l\u0131r.<\/strong><\/p>\n<p><strong>Deri sekt\u00f6r\u00fcnde, tabaklama ve ekstratlar\u0131n\u0131 s\u00fclfitlemede kullan\u0131l\u0131r.<\/strong><\/p>\n<p><strong>Kau\u00e7uk sekt\u00f6r\u00fcnde, latexi dengelemek amac\u0131yla kullan\u0131l\u0131r.<\/strong><\/p>\n<p><strong>Patlay\u0131c\u0131 yap\u0131m\u0131nda, TNT safla\u015ft\u0131rmada kullan\u0131l\u0131r.<\/strong><\/p>\n<p><strong>Kimya sekt\u00f6r\u00fcnde, sodyum tiyos\u00fclfat \u00fcretiminde, s\u00fclfonlamada ve s\u00fclfometilasyonda indirgeme ajan\u0131 olarak kullan\u0131l\u0131r.<\/strong><\/p>\n<p><strong>Foto\u011fraf sekt\u00f6r\u00fcnde, oksijen tutucu ve foto\u011fraf ka\u011f\u0131d\u0131 em\u00fclsiyonlar\u0131nda kullan\u0131l\u0131r.<\/strong><\/p>\n<p><strong>Tekstil end\u00fcstrisinde, a\u011fart\u0131c\u0131 ajan olarak kullan\u0131l\u0131r.<\/strong><\/p>\n<p><strong>Et i\u00e7erisinde kararmay\u0131 \u00f6nlemede olduk\u00e7a etkili bir kimyasald\u0131r.<\/strong><\/p>\n<p><strong>\u00a0<\/strong><\/p>\n<p><strong>AMBALAJ<\/strong><\/p>\n<p><strong>1-5-25 kg torba \u015feklinde <\/strong><\/p>\n<p><strong>\u00a0<\/strong><\/p>\n<p><strong>DEPOLAMA \u00a0\u00a0\u00a0\u00a0\u00a0\u00a0\u00a0\u00a0\u00a0\u00a0\u00a0\u00a0\u00a0\u00a0\u00a0\u00a0\u00a0\u00a0\u00a0\u00a0\u00a0\u00a0\u00a0\u00a0\u00a0\u00a0\u00a0\u00a0\u00a0\u00a0\u00a0\u00a0\u00a0\u00a0\u00a0\u00a0\u00a0\u00a0\u00a0\u00a0\u00a0\u00a0\u00a0\u00a0\u00a0\u00a0\u00a0\u00a0\u00a0\u00a0\u00a0\u00a0\u00a0\u00a0\u00a0\u00a0\u00a0\u00a0\u00a0\u00a0\u00a0\u00a0\u00a0\u00a0\u00a0\u00a0\u00a0\u00a0\u00a0\u00a0\u00a0\u00a0\u00a0\u00a0\u00a0\u00a0\u00a0\u00a0\u00a0\u00a0\u00a0\u00a0 <\/strong><\/p>\n<p><strong>Serin ve nem olmayan, iyi havaland\u0131r\u0131lm\u0131\u015f bir alanda torba a\u00e7\u0131k olmayacak \u015fekilde muhafaza ediniz.<\/strong><\/p>\n","protected":false},"excerpt":{"rendered":"<p>SODYUM S\u00dcLF\u0130T Sodyum s\u00fclfit, Na2SO3 form\u00fcl\u00fcne sahip s\u00fclf\u00fcrl\u00fc asidin \u00e7\u00f6z\u00fcn\u00fcr bir sodyum tuzu olup inorganik bir bile\u015fiktir. Sulu \u00e7\u00f6zeltileri alkalidir.<\/p>\n","protected":false},"featured_media":17010,"comment_status":"open","ping_status":"closed","template":"","meta":{"_joinchat":[]},"product_cat":[73,76,80],"product_tag":[],"class_list":{"0":"post-17009","1":"product","2":"type-product","3":"status-publish","4":"has-post-thumbnail","6":"product_cat-deri-ve-tekstil-kimyasallari","7":"product_cat-gida-ve-katki-kimyasallari","8":"product_cat-veteriner-ve-ilac-kimyasallari","10":"first","11":"instock","12":"shipping-taxable","13":"purchasable","14":"product-type-variable"},"yoast_head":"<!-- This site is optimized with the Yoast SEO Premium plugin v20.2.1 (Yoast SEO v20.2.1) - https:\/\/yoast.com\/wordpress\/plugins\/seo\/ -->\n<title>SODYUM S\u00dcLF\u0130T - Akerkimya<\/title>\n<meta name=\"robots\" content=\"index, follow, max-snippet:-1, max-image-preview:large, max-video-preview:-1\" \/>\n<link rel=\"canonical\" href=\"https:\/\/akerkimya.com\/eticaret\/urun\/sodyum-sulfit\/\" \/>\n<meta property=\"og:locale\" content=\"tr_TR\" \/>\n<meta property=\"og:type\" content=\"article\" \/>\n<meta property=\"og:title\" content=\"SODYUM S\u00dcLF\u0130T\" \/>\n<meta property=\"og:description\" content=\"SODYUM S\u00dcLF\u0130T Sodyum s\u00fclfit, Na2SO3 form\u00fcl\u00fcne sahip s\u00fclf\u00fcrl\u00fc asidin \u00e7\u00f6z\u00fcn\u00fcr bir sodyum tuzu olup inorganik bir bile\u015fiktir. Sulu \u00e7\u00f6zeltileri alkalidir.\" \/>\n<meta property=\"og:url\" content=\"https:\/\/akerkimya.com\/eticaret\/urun\/sodyum-sulfit\/\" \/>\n<meta property=\"og:site_name\" content=\"Akerkimya\" \/>\n<meta property=\"article:modified_time\" content=\"2026-04-06T06:16:15+00:00\" \/>\n<meta property=\"og:image\" content=\"https:\/\/akerkimya.com\/eticaret\/wp-content\/uploads\/2025\/01\/SODYUM-SULFIT-GUNCEL-.png\" \/>\n\t<meta property=\"og:image:width\" content=\"1000\" \/>\n\t<meta property=\"og:image:height\" content=\"1000\" \/>\n\t<meta property=\"og:image:type\" content=\"image\/png\" \/>\n<meta name=\"twitter:card\" content=\"summary_large_image\" \/>\n<meta name=\"twitter:label1\" content=\"Tahmini okuma s\u00fcresi\" \/>\n\t<meta name=\"twitter:data1\" content=\"2 dakika\" \/>\n<script type=\"application\/ld+json\" class=\"yoast-schema-graph\">{\"@context\":\"https:\/\/schema.org\",\"@graph\":[{\"@type\":\"WebPage\",\"@id\":\"https:\/\/akerkimya.com\/eticaret\/urun\/sodyum-sulfit\/\",\"url\":\"https:\/\/akerkimya.com\/eticaret\/urun\/sodyum-sulfit\/\",\"name\":\"SODYUM S\u00dcLF\u0130T - Akerkimya\",\"isPartOf\":{\"@id\":\"https:\/\/akerkimya.com\/eticaret\/#website\"},\"datePublished\":\"2025-01-01T20:55:12+00:00\",\"dateModified\":\"2026-04-06T06:16:15+00:00\",\"breadcrumb\":{\"@id\":\"https:\/\/akerkimya.com\/eticaret\/urun\/sodyum-sulfit\/#breadcrumb\"},\"inLanguage\":\"tr\",\"potentialAction\":[{\"@type\":\"ReadAction\",\"target\":[\"https:\/\/akerkimya.com\/eticaret\/urun\/sodyum-sulfit\/\"]}]},{\"@type\":\"BreadcrumbList\",\"@id\":\"https:\/\/akerkimya.com\/eticaret\/urun\/sodyum-sulfit\/#breadcrumb\",\"itemListElement\":[{\"@type\":\"ListItem\",\"position\":1,\"name\":\"Home\",\"item\":\"https:\/\/akerkimya.com\/eticaret\/\"},{\"@type\":\"ListItem\",\"position\":2,\"name\":\"Market\",\"item\":\"https:\/\/akerkimya.com\/eticaret\/market\/\"},{\"@type\":\"ListItem\",\"position\":3,\"name\":\"SODYUM S\u00dcLF\u0130T\"}]},{\"@type\":\"WebSite\",\"@id\":\"https:\/\/akerkimya.com\/eticaret\/#website\",\"url\":\"https:\/\/akerkimya.com\/eticaret\/\",\"name\":\"Akerkimya\",\"description\":\"\",\"potentialAction\":[{\"@type\":\"SearchAction\",\"target\":{\"@type\":\"EntryPoint\",\"urlTemplate\":\"https:\/\/akerkimya.com\/eticaret\/?s={search_term_string}\"},\"query-input\":\"required name=search_term_string\"}],\"inLanguage\":\"tr\"}]}<\/script>\n<!-- \/ Yoast SEO Premium plugin. -->","yoast_head_json":{"title":"SODYUM S\u00dcLF\u0130T - Akerkimya","robots":{"index":"index","follow":"follow","max-snippet":"max-snippet:-1","max-image-preview":"max-image-preview:large","max-video-preview":"max-video-preview:-1"},"canonical":"https:\/\/akerkimya.com\/eticaret\/urun\/sodyum-sulfit\/","og_locale":"tr_TR","og_type":"article","og_title":"SODYUM S\u00dcLF\u0130T","og_description":"SODYUM S\u00dcLF\u0130T Sodyum s\u00fclfit, Na2SO3 form\u00fcl\u00fcne sahip s\u00fclf\u00fcrl\u00fc asidin \u00e7\u00f6z\u00fcn\u00fcr bir sodyum tuzu olup inorganik bir bile\u015fiktir. Sulu \u00e7\u00f6zeltileri alkalidir.","og_url":"https:\/\/akerkimya.com\/eticaret\/urun\/sodyum-sulfit\/","og_site_name":"Akerkimya","article_modified_time":"2026-04-06T06:16:15+00:00","og_image":[{"width":1000,"height":1000,"url":"https:\/\/akerkimya.com\/eticaret\/wp-content\/uploads\/2025\/01\/SODYUM-SULFIT-GUNCEL-.png","type":"image\/png"}],"twitter_card":"summary_large_image","twitter_misc":{"Tahmini okuma s\u00fcresi":"2 dakika"},"schema":{"@context":"https:\/\/schema.org","@graph":[{"@type":"WebPage","@id":"https:\/\/akerkimya.com\/eticaret\/urun\/sodyum-sulfit\/","url":"https:\/\/akerkimya.com\/eticaret\/urun\/sodyum-sulfit\/","name":"SODYUM S\u00dcLF\u0130T - Akerkimya","isPartOf":{"@id":"https:\/\/akerkimya.com\/eticaret\/#website"},"datePublished":"2025-01-01T20:55:12+00:00","dateModified":"2026-04-06T06:16:15+00:00","breadcrumb":{"@id":"https:\/\/akerkimya.com\/eticaret\/urun\/sodyum-sulfit\/#breadcrumb"},"inLanguage":"tr","potentialAction":[{"@type":"ReadAction","target":["https:\/\/akerkimya.com\/eticaret\/urun\/sodyum-sulfit\/"]}]},{"@type":"BreadcrumbList","@id":"https:\/\/akerkimya.com\/eticaret\/urun\/sodyum-sulfit\/#breadcrumb","itemListElement":[{"@type":"ListItem","position":1,"name":"Home","item":"https:\/\/akerkimya.com\/eticaret\/"},{"@type":"ListItem","position":2,"name":"Market","item":"https:\/\/akerkimya.com\/eticaret\/market\/"},{"@type":"ListItem","position":3,"name":"SODYUM S\u00dcLF\u0130T"}]},{"@type":"WebSite","@id":"https:\/\/akerkimya.com\/eticaret\/#website","url":"https:\/\/akerkimya.com\/eticaret\/","name":"Akerkimya","description":"","potentialAction":[{"@type":"SearchAction","target":{"@type":"EntryPoint","urlTemplate":"https:\/\/akerkimya.com\/eticaret\/?s={search_term_string}"},"query-input":"required name=search_term_string"}],"inLanguage":"tr"}]}},"_links":{"self":[{"href":"https:\/\/akerkimya.com\/eticaret\/wp-json\/wp\/v2\/product\/17009","targetHints":{"allow":["GET"]}}],"collection":[{"href":"https:\/\/akerkimya.com\/eticaret\/wp-json\/wp\/v2\/product"}],"about":[{"href":"https:\/\/akerkimya.com\/eticaret\/wp-json\/wp\/v2\/types\/product"}],"replies":[{"embeddable":true,"href":"https:\/\/akerkimya.com\/eticaret\/wp-json\/wp\/v2\/comments?post=17009"}],"version-history":[{"count":1,"href":"https:\/\/akerkimya.com\/eticaret\/wp-json\/wp\/v2\/product\/17009\/revisions"}],"predecessor-version":[{"id":17014,"href":"https:\/\/akerkimya.com\/eticaret\/wp-json\/wp\/v2\/product\/17009\/revisions\/17014"}],"wp:featuredmedia":[{"embeddable":true,"href":"https:\/\/akerkimya.com\/eticaret\/wp-json\/wp\/v2\/media\/17010"}],"wp:attachment":[{"href":"https:\/\/akerkimya.com\/eticaret\/wp-json\/wp\/v2\/media?parent=17009"}],"wp:term":[{"taxonomy":"product_cat","embeddable":true,"href":"https:\/\/akerkimya.com\/eticaret\/wp-json\/wp\/v2\/product_cat?post=17009"},{"taxonomy":"product_tag","embeddable":true,"href":"https:\/\/akerkimya.com\/eticaret\/wp-json\/wp\/v2\/product_tag?post=17009"}],"curies":[{"name":"wp","href":"https:\/\/api.w.org\/{rel}","templated":true}]}}