{"id":17015,"date":"2025-01-01T23:58:53","date_gmt":"2025-01-01T20:58:53","guid":{"rendered":"https:\/\/akerkimya.com\/eticaret\/?post_type=product&#038;p=17015"},"modified":"2026-03-30T02:24:00","modified_gmt":"2026-03-29T23:24:00","slug":"sodyum-tiyosulfat","status":"publish","type":"product","link":"https:\/\/akerkimya.com\/eticaret\/urun\/sodyum-tiyosulfat\/","title":{"rendered":"SODYUM T\u0130YOS\u00dcLFAT"},"content":{"rendered":"<h1>SODYUM T\u0130YOS\u00dcLFAT<\/h1>\n<p><strong>Sodyum tiyos\u00fclfat, Na2s2o3 form\u00fcl\u00fcne sahip sodyum ve tiyos\u00fclfat iyonlar\u0131ndan olu\u015fan inorganik bir sodyum tuzudur. Ortam s\u0131cakl\u0131\u011f\u0131 33 derece \u00fcst\u00fcne \u00e7\u0131kmaya ba\u015flad\u0131\u011f\u0131nda madde suyunu kaybetmeye ba\u015flar. S\u0131cakl\u0131k 48 dereceye ula\u015ft\u0131\u011f\u0131nda ise kendi suyunda erimeye ba\u015flar.<\/strong><\/p>\n<p><strong>\u00a0<\/strong><\/p>\n<p><strong>SODYUM T\u0130YOS\u00dcLFAT \u00d6ZELL\u0130KLER\u0130<\/strong><\/p>\n<p><strong>Kokusuz beyaz kristal formundad\u0131r.<\/strong><\/p>\n<p><strong>100 derecenin \u00fczerinde bozulur.<\/strong><\/p>\n<p><strong>Suda ve terebentin i\u00e7inde \u00e7\u00f6z\u00fcn\u00fcr. Etanolde hi\u00e7 \u00e7\u00f6z\u00fcnmez.<\/strong><\/p>\n<p><strong>Sulu \u00e7\u00f6zeltisi zay\u0131f alkalidir.<\/strong><\/p>\n<p><strong>\u00a0<\/strong><\/p>\n<p><strong>TEKN\u0130K \u00d6ZELL\u0130KLER\u0130<\/strong><\/p>\n<p><strong>CAS NUMARASI: 7772-98-7<\/strong><\/p>\n<p><strong>MOLEK\u00dcLER FORM\u00dcL: Na2S2O3<\/strong><\/p>\n<p><strong>K\u0130MYASAL ADI: Sodyum Tiyos\u00fclfat, Sod\u0131um Hyposulfite, Hyposulphite Of Soda <\/strong><\/p>\n<p><strong>YO\u011eUNLUK: 1.667 g\/cm\u00b3<\/strong><\/p>\n<p><strong>KAYNAMA NOKTASI: 100 \u00b0C<\/strong><\/p>\n<p><strong>ER\u0130ME NOKTASI: 48.3 \u00b0C<\/strong><\/p>\n<p><strong>MOLAR K\u00dcTLE: 158.11 g\/mol <\/strong><\/p>\n<p><strong>SAFLIK: 99.5-101.0 %<\/strong><\/p>\n<p><strong>PH: 6.5-9,5<\/strong><\/p>\n<p><strong>\u00a0<\/strong><\/p>\n<p><strong>KULLANIM ALANLARI<\/strong><\/p>\n<p><strong>Siyan\u00fcr zehirlenmelerinde, nefroprotektif bir ajana ve antifungal ilaca kar\u015f\u0131 panzehir olarak g\u00f6rev al\u0131r.<\/strong><\/p>\n<p><strong>Nitrojen i\u00e7eren at\u0131k gaz i\u00e7in n\u00f6trle\u015ftirici madde, mordan olarak kullan\u0131l\u0131r.<\/strong><\/p>\n<p><strong>Cilt ka\u015f\u0131nt\u0131lar\u0131, kronik \u00fcrtiker tedavisinde kullan\u0131l\u0131r.<\/strong><\/p>\n<p><strong>Foto\u011fraf\u00e7\u0131l\u0131kta film banyolar\u0131nda g\u00fcm\u00fc\u015f tozlar\u0131n\u0131 \u00e7\u00f6zebildi\u011finden film banyolar\u0131nda sabitleyici olarak kullan\u0131l\u0131r.<\/strong><\/p>\n<p><strong>Hamur a\u011fartmada klor giderici madde olarak kullan\u0131l\u0131r.<\/strong><\/p>\n<p><strong>Deri tabaklamada dikromat indirgeyici ajan olarak kullan\u0131l\u0131r. <\/strong><\/p>\n<p><strong>Saman ve y\u00fcn a\u011fartma i\u015flemlerinde kullan\u0131l\u0131r.<\/strong><\/p>\n<p><strong>Tekstil ve k\u00e2\u011f\u0131t sanayinde, malzeme \u00fczerinde kalan at\u0131k hidrojen peroksitin uzakla\u015ft\u0131r\u0131lmas\u0131nda kullan\u0131l\u0131r.<\/strong><\/p>\n<p><strong>At\u0131klar\u0131n ar\u0131t\u0131lmas\u0131nda klor giderici ajan olarak kullan\u0131l\u0131r.<\/strong><\/p>\n<p><strong>Sa\u00e7 k\u0131ran tedavinde kullan\u0131l\u0131r.<\/strong><\/p>\n<p><strong>Kanser hastalar\u0131n\u0131n tedavisinde kullan\u0131lan kemoterapi ila\u00e7lar\u0131n yan etkisini azaltmak i\u00e7in sodyum tiyos\u00fclfat i\u00e7eren ila\u00e7lar kullan\u0131l\u0131r.<\/strong><\/p>\n<p><strong>Cevherlerden g\u00fcm\u00fc\u015f ekstraksiyonunda kullan\u0131l\u0131r.<\/strong><\/p>\n<p><strong>Kozmetik sanayinde kullan\u0131l\u0131r.<\/strong><\/p>\n<p><strong>Elyaf boyamada mordan olarak kullan\u0131l\u0131r.<\/strong><\/p>\n<p><strong>\u00a0<\/strong><\/p>\n<p><strong>AMBALAJ<\/strong><\/p>\n<p><strong>1-5-25 KG torbalar halinde<\/strong><\/p>\n<p><strong>\u00a0<\/strong><\/p>\n<p><strong>DEPOLAMA <\/strong><\/p>\n<p><strong>Serin ve kuru bir alanda muhafaza ediniz.<\/strong><\/p>\n","protected":false},"excerpt":{"rendered":"<p>SODYUM T\u0130YOS\u00dcLFAT Sodyum tiyos\u00fclfat, Na2s2o3 form\u00fcl\u00fcne sahip sodyum ve tiyos\u00fclfat iyonlar\u0131ndan olu\u015fan inorganik bir sodyum tuzudur. Ortam s\u0131cakl\u0131\u011f\u0131 33 derece<\/p>\n","protected":false},"featured_media":17016,"comment_status":"open","ping_status":"closed","template":"","meta":{"_joinchat":[]},"product_cat":[73,74,80],"product_tag":[],"class_list":{"0":"post-17015","1":"product","2":"type-product","3":"status-publish","4":"has-post-thumbnail","6":"product_cat-deri-ve-tekstil-kimyasallari","7":"product_cat-deterjan-ve-kozmetik-kimyasallari","8":"product_cat-veteriner-ve-ilac-kimyasallari","10":"first","11":"instock","12":"shipping-taxable","13":"purchasable","14":"product-type-variable"},"yoast_head":"<!-- This site is optimized with the Yoast SEO Premium plugin v20.2.1 (Yoast SEO v20.2.1) - https:\/\/yoast.com\/wordpress\/plugins\/seo\/ -->\n<title>SODYUM T\u0130YOS\u00dcLFAT - Akerkimya<\/title>\n<meta name=\"robots\" content=\"index, follow, max-snippet:-1, max-image-preview:large, max-video-preview:-1\" \/>\n<link rel=\"canonical\" href=\"https:\/\/akerkimya.com\/eticaret\/urun\/sodyum-tiyosulfat\/\" \/>\n<meta property=\"og:locale\" content=\"tr_TR\" \/>\n<meta property=\"og:type\" content=\"article\" \/>\n<meta property=\"og:title\" content=\"SODYUM T\u0130YOS\u00dcLFAT\" \/>\n<meta property=\"og:description\" content=\"SODYUM T\u0130YOS\u00dcLFAT Sodyum tiyos\u00fclfat, Na2s2o3 form\u00fcl\u00fcne sahip sodyum ve tiyos\u00fclfat iyonlar\u0131ndan olu\u015fan inorganik bir sodyum tuzudur. Ortam s\u0131cakl\u0131\u011f\u0131 33 derece\" \/>\n<meta property=\"og:url\" content=\"https:\/\/akerkimya.com\/eticaret\/urun\/sodyum-tiyosulfat\/\" \/>\n<meta property=\"og:site_name\" content=\"Akerkimya\" \/>\n<meta property=\"article:modified_time\" content=\"2026-03-29T23:24:00+00:00\" \/>\n<meta property=\"og:image\" content=\"https:\/\/akerkimya.com\/eticaret\/wp-content\/uploads\/2025\/01\/SODYUM-TIYOSULFAT-GUNCEL-.png\" \/>\n\t<meta property=\"og:image:width\" content=\"1000\" \/>\n\t<meta property=\"og:image:height\" content=\"1000\" \/>\n\t<meta property=\"og:image:type\" content=\"image\/png\" \/>\n<meta name=\"twitter:card\" content=\"summary_large_image\" \/>\n<meta name=\"twitter:label1\" content=\"Tahmini okuma s\u00fcresi\" \/>\n\t<meta name=\"twitter:data1\" content=\"2 dakika\" \/>\n<script type=\"application\/ld+json\" class=\"yoast-schema-graph\">{\"@context\":\"https:\/\/schema.org\",\"@graph\":[{\"@type\":\"WebPage\",\"@id\":\"https:\/\/akerkimya.com\/eticaret\/urun\/sodyum-tiyosulfat\/\",\"url\":\"https:\/\/akerkimya.com\/eticaret\/urun\/sodyum-tiyosulfat\/\",\"name\":\"SODYUM T\u0130YOS\u00dcLFAT - Akerkimya\",\"isPartOf\":{\"@id\":\"https:\/\/akerkimya.com\/eticaret\/#website\"},\"datePublished\":\"2025-01-01T20:58:53+00:00\",\"dateModified\":\"2026-03-29T23:24:00+00:00\",\"breadcrumb\":{\"@id\":\"https:\/\/akerkimya.com\/eticaret\/urun\/sodyum-tiyosulfat\/#breadcrumb\"},\"inLanguage\":\"tr\",\"potentialAction\":[{\"@type\":\"ReadAction\",\"target\":[\"https:\/\/akerkimya.com\/eticaret\/urun\/sodyum-tiyosulfat\/\"]}]},{\"@type\":\"BreadcrumbList\",\"@id\":\"https:\/\/akerkimya.com\/eticaret\/urun\/sodyum-tiyosulfat\/#breadcrumb\",\"itemListElement\":[{\"@type\":\"ListItem\",\"position\":1,\"name\":\"Home\",\"item\":\"https:\/\/akerkimya.com\/eticaret\/\"},{\"@type\":\"ListItem\",\"position\":2,\"name\":\"Market\",\"item\":\"https:\/\/akerkimya.com\/eticaret\/market\/\"},{\"@type\":\"ListItem\",\"position\":3,\"name\":\"SODYUM T\u0130YOS\u00dcLFAT\"}]},{\"@type\":\"WebSite\",\"@id\":\"https:\/\/akerkimya.com\/eticaret\/#website\",\"url\":\"https:\/\/akerkimya.com\/eticaret\/\",\"name\":\"Akerkimya\",\"description\":\"\",\"potentialAction\":[{\"@type\":\"SearchAction\",\"target\":{\"@type\":\"EntryPoint\",\"urlTemplate\":\"https:\/\/akerkimya.com\/eticaret\/?s={search_term_string}\"},\"query-input\":\"required name=search_term_string\"}],\"inLanguage\":\"tr\"}]}<\/script>\n<!-- \/ Yoast SEO Premium plugin. -->","yoast_head_json":{"title":"SODYUM T\u0130YOS\u00dcLFAT - Akerkimya","robots":{"index":"index","follow":"follow","max-snippet":"max-snippet:-1","max-image-preview":"max-image-preview:large","max-video-preview":"max-video-preview:-1"},"canonical":"https:\/\/akerkimya.com\/eticaret\/urun\/sodyum-tiyosulfat\/","og_locale":"tr_TR","og_type":"article","og_title":"SODYUM T\u0130YOS\u00dcLFAT","og_description":"SODYUM T\u0130YOS\u00dcLFAT Sodyum tiyos\u00fclfat, Na2s2o3 form\u00fcl\u00fcne sahip sodyum ve tiyos\u00fclfat iyonlar\u0131ndan olu\u015fan inorganik bir sodyum tuzudur. Ortam s\u0131cakl\u0131\u011f\u0131 33 derece","og_url":"https:\/\/akerkimya.com\/eticaret\/urun\/sodyum-tiyosulfat\/","og_site_name":"Akerkimya","article_modified_time":"2026-03-29T23:24:00+00:00","og_image":[{"width":1000,"height":1000,"url":"https:\/\/akerkimya.com\/eticaret\/wp-content\/uploads\/2025\/01\/SODYUM-TIYOSULFAT-GUNCEL-.png","type":"image\/png"}],"twitter_card":"summary_large_image","twitter_misc":{"Tahmini okuma s\u00fcresi":"2 dakika"},"schema":{"@context":"https:\/\/schema.org","@graph":[{"@type":"WebPage","@id":"https:\/\/akerkimya.com\/eticaret\/urun\/sodyum-tiyosulfat\/","url":"https:\/\/akerkimya.com\/eticaret\/urun\/sodyum-tiyosulfat\/","name":"SODYUM T\u0130YOS\u00dcLFAT - Akerkimya","isPartOf":{"@id":"https:\/\/akerkimya.com\/eticaret\/#website"},"datePublished":"2025-01-01T20:58:53+00:00","dateModified":"2026-03-29T23:24:00+00:00","breadcrumb":{"@id":"https:\/\/akerkimya.com\/eticaret\/urun\/sodyum-tiyosulfat\/#breadcrumb"},"inLanguage":"tr","potentialAction":[{"@type":"ReadAction","target":["https:\/\/akerkimya.com\/eticaret\/urun\/sodyum-tiyosulfat\/"]}]},{"@type":"BreadcrumbList","@id":"https:\/\/akerkimya.com\/eticaret\/urun\/sodyum-tiyosulfat\/#breadcrumb","itemListElement":[{"@type":"ListItem","position":1,"name":"Home","item":"https:\/\/akerkimya.com\/eticaret\/"},{"@type":"ListItem","position":2,"name":"Market","item":"https:\/\/akerkimya.com\/eticaret\/market\/"},{"@type":"ListItem","position":3,"name":"SODYUM T\u0130YOS\u00dcLFAT"}]},{"@type":"WebSite","@id":"https:\/\/akerkimya.com\/eticaret\/#website","url":"https:\/\/akerkimya.com\/eticaret\/","name":"Akerkimya","description":"","potentialAction":[{"@type":"SearchAction","target":{"@type":"EntryPoint","urlTemplate":"https:\/\/akerkimya.com\/eticaret\/?s={search_term_string}"},"query-input":"required name=search_term_string"}],"inLanguage":"tr"}]}},"_links":{"self":[{"href":"https:\/\/akerkimya.com\/eticaret\/wp-json\/wp\/v2\/product\/17015","targetHints":{"allow":["GET"]}}],"collection":[{"href":"https:\/\/akerkimya.com\/eticaret\/wp-json\/wp\/v2\/product"}],"about":[{"href":"https:\/\/akerkimya.com\/eticaret\/wp-json\/wp\/v2\/types\/product"}],"replies":[{"embeddable":true,"href":"https:\/\/akerkimya.com\/eticaret\/wp-json\/wp\/v2\/comments?post=17015"}],"version-history":[{"count":1,"href":"https:\/\/akerkimya.com\/eticaret\/wp-json\/wp\/v2\/product\/17015\/revisions"}],"predecessor-version":[{"id":17020,"href":"https:\/\/akerkimya.com\/eticaret\/wp-json\/wp\/v2\/product\/17015\/revisions\/17020"}],"wp:featuredmedia":[{"embeddable":true,"href":"https:\/\/akerkimya.com\/eticaret\/wp-json\/wp\/v2\/media\/17016"}],"wp:attachment":[{"href":"https:\/\/akerkimya.com\/eticaret\/wp-json\/wp\/v2\/media?parent=17015"}],"wp:term":[{"taxonomy":"product_cat","embeddable":true,"href":"https:\/\/akerkimya.com\/eticaret\/wp-json\/wp\/v2\/product_cat?post=17015"},{"taxonomy":"product_tag","embeddable":true,"href":"https:\/\/akerkimya.com\/eticaret\/wp-json\/wp\/v2\/product_tag?post=17015"}],"curies":[{"name":"wp","href":"https:\/\/api.w.org\/{rel}","templated":true}]}}