{"id":17021,"date":"2025-01-02T00:05:57","date_gmt":"2025-01-01T21:05:57","guid":{"rendered":"https:\/\/akerkimya.com\/eticaret\/?post_type=product&#038;p=17021"},"modified":"2026-03-30T02:24:00","modified_gmt":"2026-03-29T23:24:00","slug":"sorbitan-monostearat","status":"publish","type":"product","link":"https:\/\/akerkimya.com\/eticaret\/urun\/sorbitan-monostearat\/","title":{"rendered":"SORB\u0130TAN MONOSTEARAT"},"content":{"rendered":"<h1>SORB\u0130TAN MONOSTEARAT<\/h1>\n<p><strong>Sorbitan monostearat, C64H126O26 molek\u00fcler form\u00fcl\u00fcne sahip sorbitol ve stearik asidin bir esteridir. Bazen de sentetik mum olarak adland\u0131r\u0131lan stearik asittir. Hem ya\u011f hem de su i\u00e7eren kar\u0131\u015f\u0131mlar\u0131n y\u00fczey aktif madde nedeniyle birbirine kar\u0131\u015fm\u0131\u015f halde kalmas\u0131na izin verir.<\/strong><\/p>\n<p><strong>\u00a0<\/strong><\/p>\n<p><strong>SORB\u0130TAN MONOSTEARAT<\/strong><strong> \u00d6ZELL\u0130KLER\u0130<\/strong><\/p>\n<p><strong>Hafif sert, karakteristik bir kokuya sahiptir.<\/strong><\/p>\n<p><strong>Beyazdan sar\u0131ya \u00e7alan mumsu bir yap\u0131ya sahip boncuk veya pul g\u00f6r\u00fcn\u00fcm\u00fcndedir.<\/strong><\/p>\n<p><strong>So\u011fuk suda \u00e7\u00f6z\u00fcnmez. S\u0131cak suda da\u011f\u0131l\u0131r. Etenol, mineral ya\u011f ve bitkisel ya\u011fda \u00e7\u00f6z\u00fcn\u00fcr.<\/strong><\/p>\n<p><strong>Par\u00e7alanacak kadar \u0131s\u0131t\u0131ld\u0131\u011f\u0131nda, tahri\u015f edici dumanlar yayar.<\/strong><\/p>\n<p><strong>Par\u00e7alama ve \u0131slatma \u00f6zelli\u011fi vard\u0131r. <\/strong><\/p>\n<p><strong>Ya\u011fl\u0131 bir yap\u0131ya sahip asittir. <\/strong><\/p>\n<p><strong>\u00a0<\/strong><\/p>\n<p><strong>TEKN\u0130K \u00d6ZELL\u0130KLER\u0130<\/strong><\/p>\n<p><strong>CAS NUMARASI: 1338 \u2013 41- 6<\/strong><\/p>\n<p><strong>MOLEK\u00dcLER FORM\u00dcL: C64H126O26<\/strong><\/p>\n<p><strong>K\u0130MYASAL \u0130SM\u0130: <\/strong><strong>Sorbitan Monostearat<\/strong><\/p>\n<p><strong>MOLAR K\u00dcTLE: 430.62 g\/mol<\/strong><\/p>\n<p><strong>YO\u011eUNLUK: 1.044 GR \/ CM3<\/strong><\/p>\n<p><strong>ER\u0130ME NOKTASI: 53-57 \u00b0 C<\/strong><\/p>\n<p><strong>KAYNAMA NOKTASI: 760 mmHg&#8217;de 579,01 \u00b0 C (\u00d6ng\u00f6r\u00fclen)<\/strong><\/p>\n<p><strong>PH DE\u011eER\u0130: 7-8 aral\u0131\u011f\u0131ndad\u0131r<\/strong><\/p>\n<p><strong>SUDA \u00c7\u00d6Z\u00dcN\u00dcRL\u00dcK: So\u011fuk suda \u00e7\u00f6z\u00fcnmez, ancak s\u0131cak suda da\u011f\u0131labilir. Etanol, mineral ya\u011f ve bitkisel ya\u011fda \u00e7\u00f6z\u00fcn\u00fcr.<\/strong><\/p>\n<p><strong>\u00a0\u00a0<\/strong><\/p>\n<p><strong>\u00a0<\/strong><\/p>\n<p><strong>KULLANIM ALANLARI <\/strong><\/p>\n<p><strong>Ekmek mayas\u0131n\u0131n \u00fcretiminde, mayan\u0131n kurumas\u0131n\u0131 \u00f6nlemek i\u00e7in kullan\u0131l\u0131r. Maya di\u011fer malzemeler ile birle\u015fti\u011finde mayan\u0131n suda \u00e7\u00f6z\u00fcnmesine de yard\u0131mc\u0131 olur.<\/strong><\/p>\n<p><strong>Pastac\u0131l\u0131k \u00fcr\u00fcnleri s\u00fct ve krema kar\u0131\u015f\u0131mlar\u0131nda kakao bazl\u0131 \u015fekerlemelerin \u00fcretiminde, kar\u0131\u015f\u0131mlar\u0131n daha iyi harmanlanm\u0131\u015f kalmas\u0131n\u0131 sa\u011flayan kimyasal olarak kullan\u0131l\u0131r.<\/strong><\/p>\n<p><strong>Kozmetik \u00fcr\u00fcnleri, t\u00fct\u00fcn malzemeleri, sentetik elyaflar, b\u00f6cek ila\u00e7lar\u0131, plastikler gibi bir\u00e7ok sekt\u00f6rde ve \u00fcr\u00fcnlerde \u00e7ok\u00e7a kullan\u0131lmaktad\u0131r.<\/strong><\/p>\n<p><strong>Dekorasyon malzemeleri, deri sanayi parlat\u0131c\u0131lar\u0131, cila kaplamalar\u0131 gibi \u00e7e\u015fitli uygulamalarda em\u00fclgat\u00f6r olarak kullan\u0131l\u0131r.<\/strong><\/p>\n<p><strong>Ya\u011f em\u00fclasyonu \u00fcr\u00fcnlerde, takviye edici g\u0131dalarda C vitamini olarak kullan\u0131l\u0131r. <\/strong><\/p>\n<p><strong>\u00a0<\/strong><\/p>\n<p><strong>AMBALAJ<\/strong><\/p>\n<p><strong>1-5-25 kg Kraft torbalarda<\/strong><\/p>\n<p><strong>\u00a0<\/strong><\/p>\n<p><strong>DEPOLAMA<\/strong><\/p>\n<p><strong>Serin ve kuru yerde muhafaza edilmelidir. \u00dcr\u00fcn kullan\u0131ld\u0131ktan sonra torba a\u011fz\u0131 a\u00e7\u0131k b\u0131rak\u0131lmamal\u0131d\u0131r.<\/strong><\/p>\n","protected":false},"excerpt":{"rendered":"<p>SORB\u0130TAN MONOSTEARAT Sorbitan monostearat, C64H126O26 molek\u00fcler form\u00fcl\u00fcne sahip sorbitol ve stearik asidin bir esteridir. Bazen de sentetik mum olarak adland\u0131r\u0131lan<\/p>\n","protected":false},"featured_media":17022,"comment_status":"open","ping_status":"closed","template":"","meta":{"_joinchat":[]},"product_cat":[73,74,76],"product_tag":[],"class_list":{"0":"post-17021","1":"product","2":"type-product","3":"status-publish","4":"has-post-thumbnail","6":"product_cat-deri-ve-tekstil-kimyasallari","7":"product_cat-deterjan-ve-kozmetik-kimyasallari","8":"product_cat-gida-ve-katki-kimyasallari","10":"first","11":"instock","12":"shipping-taxable","13":"purchasable","14":"product-type-variable"},"yoast_head":"<!-- This site is optimized with the Yoast SEO Premium plugin v20.2.1 (Yoast SEO v20.2.1) - https:\/\/yoast.com\/wordpress\/plugins\/seo\/ -->\n<title>SORB\u0130TAN MONOSTEARAT - Akerkimya<\/title>\n<meta name=\"robots\" content=\"index, follow, max-snippet:-1, max-image-preview:large, max-video-preview:-1\" \/>\n<link rel=\"canonical\" href=\"https:\/\/akerkimya.com\/eticaret\/urun\/sorbitan-monostearat\/\" \/>\n<meta property=\"og:locale\" content=\"tr_TR\" \/>\n<meta property=\"og:type\" content=\"article\" \/>\n<meta property=\"og:title\" content=\"SORB\u0130TAN MONOSTEARAT\" \/>\n<meta property=\"og:description\" content=\"SORB\u0130TAN MONOSTEARAT Sorbitan monostearat, C64H126O26 molek\u00fcler form\u00fcl\u00fcne sahip sorbitol ve stearik asidin bir esteridir. Bazen de sentetik mum olarak adland\u0131r\u0131lan\" \/>\n<meta property=\"og:url\" content=\"https:\/\/akerkimya.com\/eticaret\/urun\/sorbitan-monostearat\/\" \/>\n<meta property=\"og:site_name\" content=\"Akerkimya\" \/>\n<meta property=\"article:modified_time\" content=\"2026-03-29T23:24:00+00:00\" \/>\n<meta property=\"og:image\" content=\"https:\/\/akerkimya.com\/eticaret\/wp-content\/uploads\/2025\/01\/SORBITAN-MONOSTEARAT-GUNCEL-.png\" \/>\n\t<meta property=\"og:image:width\" content=\"1000\" \/>\n\t<meta property=\"og:image:height\" content=\"1000\" \/>\n\t<meta property=\"og:image:type\" content=\"image\/png\" \/>\n<meta name=\"twitter:card\" content=\"summary_large_image\" \/>\n<meta name=\"twitter:label1\" content=\"Tahmini okuma s\u00fcresi\" \/>\n\t<meta name=\"twitter:data1\" content=\"2 dakika\" \/>\n<script type=\"application\/ld+json\" class=\"yoast-schema-graph\">{\"@context\":\"https:\/\/schema.org\",\"@graph\":[{\"@type\":\"WebPage\",\"@id\":\"https:\/\/akerkimya.com\/eticaret\/urun\/sorbitan-monostearat\/\",\"url\":\"https:\/\/akerkimya.com\/eticaret\/urun\/sorbitan-monostearat\/\",\"name\":\"SORB\u0130TAN MONOSTEARAT - Akerkimya\",\"isPartOf\":{\"@id\":\"https:\/\/akerkimya.com\/eticaret\/#website\"},\"datePublished\":\"2025-01-01T21:05:57+00:00\",\"dateModified\":\"2026-03-29T23:24:00+00:00\",\"breadcrumb\":{\"@id\":\"https:\/\/akerkimya.com\/eticaret\/urun\/sorbitan-monostearat\/#breadcrumb\"},\"inLanguage\":\"tr\",\"potentialAction\":[{\"@type\":\"ReadAction\",\"target\":[\"https:\/\/akerkimya.com\/eticaret\/urun\/sorbitan-monostearat\/\"]}]},{\"@type\":\"BreadcrumbList\",\"@id\":\"https:\/\/akerkimya.com\/eticaret\/urun\/sorbitan-monostearat\/#breadcrumb\",\"itemListElement\":[{\"@type\":\"ListItem\",\"position\":1,\"name\":\"Home\",\"item\":\"https:\/\/akerkimya.com\/eticaret\/\"},{\"@type\":\"ListItem\",\"position\":2,\"name\":\"Market\",\"item\":\"https:\/\/akerkimya.com\/eticaret\/market\/\"},{\"@type\":\"ListItem\",\"position\":3,\"name\":\"SORB\u0130TAN MONOSTEARAT\"}]},{\"@type\":\"WebSite\",\"@id\":\"https:\/\/akerkimya.com\/eticaret\/#website\",\"url\":\"https:\/\/akerkimya.com\/eticaret\/\",\"name\":\"Akerkimya\",\"description\":\"\",\"potentialAction\":[{\"@type\":\"SearchAction\",\"target\":{\"@type\":\"EntryPoint\",\"urlTemplate\":\"https:\/\/akerkimya.com\/eticaret\/?s={search_term_string}\"},\"query-input\":\"required name=search_term_string\"}],\"inLanguage\":\"tr\"}]}<\/script>\n<!-- \/ Yoast SEO Premium plugin. -->","yoast_head_json":{"title":"SORB\u0130TAN MONOSTEARAT - Akerkimya","robots":{"index":"index","follow":"follow","max-snippet":"max-snippet:-1","max-image-preview":"max-image-preview:large","max-video-preview":"max-video-preview:-1"},"canonical":"https:\/\/akerkimya.com\/eticaret\/urun\/sorbitan-monostearat\/","og_locale":"tr_TR","og_type":"article","og_title":"SORB\u0130TAN MONOSTEARAT","og_description":"SORB\u0130TAN MONOSTEARAT Sorbitan monostearat, C64H126O26 molek\u00fcler form\u00fcl\u00fcne sahip sorbitol ve stearik asidin bir esteridir. Bazen de sentetik mum olarak adland\u0131r\u0131lan","og_url":"https:\/\/akerkimya.com\/eticaret\/urun\/sorbitan-monostearat\/","og_site_name":"Akerkimya","article_modified_time":"2026-03-29T23:24:00+00:00","og_image":[{"width":1000,"height":1000,"url":"https:\/\/akerkimya.com\/eticaret\/wp-content\/uploads\/2025\/01\/SORBITAN-MONOSTEARAT-GUNCEL-.png","type":"image\/png"}],"twitter_card":"summary_large_image","twitter_misc":{"Tahmini okuma s\u00fcresi":"2 dakika"},"schema":{"@context":"https:\/\/schema.org","@graph":[{"@type":"WebPage","@id":"https:\/\/akerkimya.com\/eticaret\/urun\/sorbitan-monostearat\/","url":"https:\/\/akerkimya.com\/eticaret\/urun\/sorbitan-monostearat\/","name":"SORB\u0130TAN MONOSTEARAT - Akerkimya","isPartOf":{"@id":"https:\/\/akerkimya.com\/eticaret\/#website"},"datePublished":"2025-01-01T21:05:57+00:00","dateModified":"2026-03-29T23:24:00+00:00","breadcrumb":{"@id":"https:\/\/akerkimya.com\/eticaret\/urun\/sorbitan-monostearat\/#breadcrumb"},"inLanguage":"tr","potentialAction":[{"@type":"ReadAction","target":["https:\/\/akerkimya.com\/eticaret\/urun\/sorbitan-monostearat\/"]}]},{"@type":"BreadcrumbList","@id":"https:\/\/akerkimya.com\/eticaret\/urun\/sorbitan-monostearat\/#breadcrumb","itemListElement":[{"@type":"ListItem","position":1,"name":"Home","item":"https:\/\/akerkimya.com\/eticaret\/"},{"@type":"ListItem","position":2,"name":"Market","item":"https:\/\/akerkimya.com\/eticaret\/market\/"},{"@type":"ListItem","position":3,"name":"SORB\u0130TAN MONOSTEARAT"}]},{"@type":"WebSite","@id":"https:\/\/akerkimya.com\/eticaret\/#website","url":"https:\/\/akerkimya.com\/eticaret\/","name":"Akerkimya","description":"","potentialAction":[{"@type":"SearchAction","target":{"@type":"EntryPoint","urlTemplate":"https:\/\/akerkimya.com\/eticaret\/?s={search_term_string}"},"query-input":"required name=search_term_string"}],"inLanguage":"tr"}]}},"_links":{"self":[{"href":"https:\/\/akerkimya.com\/eticaret\/wp-json\/wp\/v2\/product\/17021","targetHints":{"allow":["GET"]}}],"collection":[{"href":"https:\/\/akerkimya.com\/eticaret\/wp-json\/wp\/v2\/product"}],"about":[{"href":"https:\/\/akerkimya.com\/eticaret\/wp-json\/wp\/v2\/types\/product"}],"replies":[{"embeddable":true,"href":"https:\/\/akerkimya.com\/eticaret\/wp-json\/wp\/v2\/comments?post=17021"}],"version-history":[{"count":2,"href":"https:\/\/akerkimya.com\/eticaret\/wp-json\/wp\/v2\/product\/17021\/revisions"}],"predecessor-version":[{"id":18181,"href":"https:\/\/akerkimya.com\/eticaret\/wp-json\/wp\/v2\/product\/17021\/revisions\/18181"}],"wp:featuredmedia":[{"embeddable":true,"href":"https:\/\/akerkimya.com\/eticaret\/wp-json\/wp\/v2\/media\/17022"}],"wp:attachment":[{"href":"https:\/\/akerkimya.com\/eticaret\/wp-json\/wp\/v2\/media?parent=17021"}],"wp:term":[{"taxonomy":"product_cat","embeddable":true,"href":"https:\/\/akerkimya.com\/eticaret\/wp-json\/wp\/v2\/product_cat?post=17021"},{"taxonomy":"product_tag","embeddable":true,"href":"https:\/\/akerkimya.com\/eticaret\/wp-json\/wp\/v2\/product_tag?post=17021"}],"curies":[{"name":"wp","href":"https:\/\/api.w.org\/{rel}","templated":true}]}}