{"id":17027,"date":"2025-01-02T00:19:52","date_gmt":"2025-01-01T21:19:52","guid":{"rendered":"https:\/\/akerkimya.com\/eticaret\/?post_type=product&#038;p=17027"},"modified":"2026-03-30T02:24:00","modified_gmt":"2026-03-29T23:24:00","slug":"sorbitol","status":"publish","type":"product","link":"https:\/\/akerkimya.com\/eticaret\/urun\/sorbitol\/","title":{"rendered":"SORB\u0130TOL"},"content":{"rendered":"<h1>SORB\u0130TOL<\/h1>\n<p><strong>Sorbitol, C6H14O6 form\u00fcl\u00fcne sahip Glusitol olarak da adland\u0131r\u0131lan \u015feker alkoll\u00fc bir kimyasald\u0131r. Elma, kuru erik, kiraz ve \u00fcz\u00fcm gibi bir\u00e7ok meyvede do\u011fal olarak bulunmaktad\u0131r. Ticari olarak ise glikozun katalitik hidrojenasyonu ile elde edilmektedir.<\/strong><\/p>\n<p><strong>\u00a0<\/strong><\/p>\n<p><strong>SORB\u0130TOL \u00d6ZELL\u0130KLER\u0130<\/strong><\/p>\n<p><strong>Viskoz \u015feffaf, s\u0131v\u0131 bir formdad\u0131r. Hafif tatl\u0131ms\u0131d\u0131r.<\/strong><\/p>\n<p><strong>Etanolde az \u00e7\u00f6z\u00fcn\u00fcr.<\/strong><\/p>\n<p><strong>\u0130yi bir nem dengeleyicidir. <\/strong><\/p>\n<p><strong>Depolama s\u0131ras\u0131nda stabil ancak i\u015fleme s\u0131ras\u0131nda ak\u0131\u015fkan ve s\u0131k\u0131\u015ft\u0131r\u0131labilirdir.<\/strong><\/p>\n<p><strong>\u00a0<\/strong><\/p>\n<p><strong>TEKN\u0130K \u00d6ZELL\u0130KLER\u0130<\/strong><\/p>\n<p><strong>CAS NUMARASI: 50-70-4<\/strong><\/p>\n<p><strong>MOLEK\u00dcLER FORM\u00dcL: C6H14O6<\/strong><\/p>\n<p><strong>K\u0130MYASAL \u0130SM\u0130: D-glusitol, D-sorbitol, Sorbogem, Sorbo, E420<\/strong><\/p>\n<p><strong>MOLAR K\u00dcTLE: 182.17 g\/mol <\/strong><\/p>\n<p><strong>YO\u011eUNLUK: 1.489 g\/cm\u00b3<\/strong><\/p>\n<p><strong>ER\u0130ME NOKTASI: 95 \u00b0C<\/strong><\/p>\n<p><strong>KAYNAMA NOKTASI: 296 \u00b0C<\/strong><\/p>\n<p><strong>\u00c7\u00d6Z\u00dcN\u00dcRL\u00dcK: 2350 g\/L (su i\u00e7erisinde)<\/strong><\/p>\n<p><strong>\u00a0<\/strong><\/p>\n<p><strong>KULLANIM ALANLARI<\/strong><\/p>\n<p><strong>G\u0131da sekt\u00f6r\u00fcnde, \u015feker ikamesi olarak kullan\u0131l\u0131r ve \u015fekerin yakla\u015f\u0131k %60\u2019 \u0131 kadar tatl\u0131l\u0131k verir ve yine ayn\u0131 miktarda karbonhidrat bar\u0131nd\u0131r\u0131r ama glisemik endeksi daha d\u00fc\u015f\u00fckt\u00fcr. Bu y\u00fczden baz\u0131 diyet \u00fcr\u00fcnlerde \u015feker yerine sorbitol kullan\u0131l\u0131r.<\/strong><\/p>\n<p><strong>G\u0131da sekt\u00f6r\u00fcnde \u00f6zellikle sak\u0131z \u00fcretiminde kullan\u0131lan sorbitol depolama ve saklama konular\u0131nda da koruyucu olarak kullan\u0131l\u0131r.<\/strong><\/p>\n<p><strong>Re\u00e7inelerin imalat\u0131nda bask\u0131 rulolar\u0131nda kullan\u0131l\u0131r.<\/strong><\/p>\n<p><strong>Sorbitol, ba\u011f\u0131rsak etkilerini h\u0131zland\u0131r\u0131c\u0131 lastasif bir etkiye sahiptir ve ila\u00e7 sekt\u00f6r\u00fcnde lavman, nem tutucu, tatland\u0131r\u0131c\u0131, plastifiye edici olarak kullan\u0131lmaktad\u0131r.<\/strong><\/p>\n<p><strong>Tekstil end\u00fcstrisinde, demir, bak\u0131r, ve al\u00fcminyum iyonu ile alkali \u00e7\u00f6zelti i\u00e7erisinde kompleks olu\u015fturur. Bu sayede beyazlatma ve y\u0131kama amac\u0131yla i\u015flem g\u00f6r\u00fcr.<\/strong><\/p>\n<p><strong>\u0130la\u00e7 sekt\u00f6r\u00fcnde, tablet ve kaps\u00fcl dolgu maddesi olarak kullan\u0131l\u0131r.<\/strong><\/p>\n<p><strong>\u015eurup \u00fcretiminde kristalle\u015fmeyi durdurucu \u00f6zelli\u011finden dolay\u0131 kullan\u0131lmaktad\u0131r.<\/strong><\/p>\n<p><strong>Kurutulmu\u015f meyvelerde parlakl\u0131k vermek ve tatl\u0131 \u00f6zelli\u011fi kazand\u0131rmak i\u00e7in %70\u2019lik sorbitole dald\u0131r\u0131larak kullan\u0131l\u0131r.<\/strong><\/p>\n<p><strong>Karaci\u011ferde kan ak\u0131\u015f\u0131n\u0131 tespit edebilmek i\u00e7in kullan\u0131l\u0131r.<\/strong><\/p>\n<p><strong>C vitamini yap\u0131m\u0131nda hammadde ve giserinin substitei olarak kullan\u0131l\u0131r.<\/strong><\/p>\n<p><strong>Ara\u00e7 motorlar\u0131n\u0131n so\u011futma s\u0131v\u0131lar\u0131nda indirgeyici olmayan \u015feker olarak form\u00fcl i\u00e7erisinde kullan\u0131l\u0131r.<\/strong><\/p>\n<p><strong>Di\u015f macunu \u00fcretiminde hafif tat ve ferahl\u0131k vermek i\u00e7in ve di\u015fte plaka olu\u015fumuna sebep vermedi\u011fi i\u00e7in rahatl\u0131kla kullan\u0131l\u0131r.<\/strong><\/p>\n<p><strong>Kozmetik sekt\u00f6r\u00fcnde, nemlendirici ve kal\u0131nla\u015ft\u0131r\u0131c\u0131 olarak kullan\u0131l\u0131r.<\/strong><\/p>\n<p><strong>Kimya sekt\u00f6r\u00fcnde, sayda form\u00fclasyonlar i\u00e7in yeterli derecede y\u00fcksek bir k\u0131r\u0131lma indeksine sahip olu\u015fu ile baz\u0131 saydam jellerin \u00fcretiminde kullan\u0131l\u0131r.<\/strong><\/p>\n<p><strong>Deterjan sekt\u00f6r\u00fcnde, oto bak\u0131m \u00fcr\u00fcnlerinde lastik parlat\u0131c\u0131s\u0131 yap\u0131m\u0131nda gliserinle beraber veya ayr\u0131 olarak kullan\u0131l\u0131r.<\/strong><\/p>\n<p><strong>\u00a0<\/strong><\/p>\n<p><strong>AMBALAJ <\/strong><\/p>\n<p><strong>1-5-30 kg bidonlar ve 300 kg variller halinde <\/strong><\/p>\n<p><strong>\u00a0<\/strong><\/p>\n<p><strong>DEPOLAMA <\/strong><\/p>\n<p><strong>Serin ve kuru bir alanda muhafaza ediniz.<\/strong><\/p>\n","protected":false},"excerpt":{"rendered":"<p>SORB\u0130TOL Sorbitol, C6H14O6 form\u00fcl\u00fcne sahip Glusitol olarak da adland\u0131r\u0131lan \u015feker alkoll\u00fc bir kimyasald\u0131r. Elma, kuru erik, kiraz ve \u00fcz\u00fcm gibi<\/p>\n","protected":false},"featured_media":17028,"comment_status":"open","ping_status":"closed","template":"","meta":{"_joinchat":[]},"product_cat":[73,74,76,80],"product_tag":[],"class_list":{"0":"post-17027","1":"product","2":"type-product","3":"status-publish","4":"has-post-thumbnail","6":"product_cat-deri-ve-tekstil-kimyasallari","7":"product_cat-deterjan-ve-kozmetik-kimyasallari","8":"product_cat-gida-ve-katki-kimyasallari","9":"product_cat-veteriner-ve-ilac-kimyasallari","11":"first","12":"instock","13":"shipping-taxable","14":"purchasable","15":"product-type-variable"},"yoast_head":"<!-- This site is optimized with the Yoast SEO Premium plugin v20.2.1 (Yoast SEO v20.2.1) - https:\/\/yoast.com\/wordpress\/plugins\/seo\/ -->\n<title>SORB\u0130TOL - Akerkimya<\/title>\n<meta name=\"robots\" content=\"index, follow, max-snippet:-1, max-image-preview:large, max-video-preview:-1\" \/>\n<link rel=\"canonical\" href=\"https:\/\/akerkimya.com\/eticaret\/urun\/sorbitol\/\" \/>\n<meta property=\"og:locale\" content=\"tr_TR\" \/>\n<meta property=\"og:type\" content=\"article\" \/>\n<meta property=\"og:title\" content=\"SORB\u0130TOL\" \/>\n<meta property=\"og:description\" content=\"SORB\u0130TOL Sorbitol, C6H14O6 form\u00fcl\u00fcne sahip Glusitol olarak da adland\u0131r\u0131lan \u015feker alkoll\u00fc bir kimyasald\u0131r. Elma, kuru erik, kiraz ve \u00fcz\u00fcm gibi\" \/>\n<meta property=\"og:url\" content=\"https:\/\/akerkimya.com\/eticaret\/urun\/sorbitol\/\" \/>\n<meta property=\"og:site_name\" content=\"Akerkimya\" \/>\n<meta property=\"article:modified_time\" content=\"2026-03-29T23:24:00+00:00\" \/>\n<meta property=\"og:image\" content=\"https:\/\/akerkimya.com\/eticaret\/wp-content\/uploads\/2025\/01\/SORBITOL-GUNCEL-.png\" \/>\n\t<meta property=\"og:image:width\" content=\"1000\" \/>\n\t<meta property=\"og:image:height\" content=\"1000\" \/>\n\t<meta property=\"og:image:type\" content=\"image\/png\" \/>\n<meta name=\"twitter:card\" content=\"summary_large_image\" \/>\n<meta name=\"twitter:label1\" content=\"Tahmini okuma s\u00fcresi\" \/>\n\t<meta name=\"twitter:data1\" content=\"2 dakika\" \/>\n<script type=\"application\/ld+json\" class=\"yoast-schema-graph\">{\"@context\":\"https:\/\/schema.org\",\"@graph\":[{\"@type\":\"WebPage\",\"@id\":\"https:\/\/akerkimya.com\/eticaret\/urun\/sorbitol\/\",\"url\":\"https:\/\/akerkimya.com\/eticaret\/urun\/sorbitol\/\",\"name\":\"SORB\u0130TOL - Akerkimya\",\"isPartOf\":{\"@id\":\"https:\/\/akerkimya.com\/eticaret\/#website\"},\"datePublished\":\"2025-01-01T21:19:52+00:00\",\"dateModified\":\"2026-03-29T23:24:00+00:00\",\"breadcrumb\":{\"@id\":\"https:\/\/akerkimya.com\/eticaret\/urun\/sorbitol\/#breadcrumb\"},\"inLanguage\":\"tr\",\"potentialAction\":[{\"@type\":\"ReadAction\",\"target\":[\"https:\/\/akerkimya.com\/eticaret\/urun\/sorbitol\/\"]}]},{\"@type\":\"BreadcrumbList\",\"@id\":\"https:\/\/akerkimya.com\/eticaret\/urun\/sorbitol\/#breadcrumb\",\"itemListElement\":[{\"@type\":\"ListItem\",\"position\":1,\"name\":\"Home\",\"item\":\"https:\/\/akerkimya.com\/eticaret\/\"},{\"@type\":\"ListItem\",\"position\":2,\"name\":\"Market\",\"item\":\"https:\/\/akerkimya.com\/eticaret\/market\/\"},{\"@type\":\"ListItem\",\"position\":3,\"name\":\"SORB\u0130TOL\"}]},{\"@type\":\"WebSite\",\"@id\":\"https:\/\/akerkimya.com\/eticaret\/#website\",\"url\":\"https:\/\/akerkimya.com\/eticaret\/\",\"name\":\"Akerkimya\",\"description\":\"\",\"potentialAction\":[{\"@type\":\"SearchAction\",\"target\":{\"@type\":\"EntryPoint\",\"urlTemplate\":\"https:\/\/akerkimya.com\/eticaret\/?s={search_term_string}\"},\"query-input\":\"required name=search_term_string\"}],\"inLanguage\":\"tr\"}]}<\/script>\n<!-- \/ Yoast SEO Premium plugin. -->","yoast_head_json":{"title":"SORB\u0130TOL - Akerkimya","robots":{"index":"index","follow":"follow","max-snippet":"max-snippet:-1","max-image-preview":"max-image-preview:large","max-video-preview":"max-video-preview:-1"},"canonical":"https:\/\/akerkimya.com\/eticaret\/urun\/sorbitol\/","og_locale":"tr_TR","og_type":"article","og_title":"SORB\u0130TOL","og_description":"SORB\u0130TOL Sorbitol, C6H14O6 form\u00fcl\u00fcne sahip Glusitol olarak da adland\u0131r\u0131lan \u015feker alkoll\u00fc bir kimyasald\u0131r. Elma, kuru erik, kiraz ve \u00fcz\u00fcm gibi","og_url":"https:\/\/akerkimya.com\/eticaret\/urun\/sorbitol\/","og_site_name":"Akerkimya","article_modified_time":"2026-03-29T23:24:00+00:00","og_image":[{"width":1000,"height":1000,"url":"https:\/\/akerkimya.com\/eticaret\/wp-content\/uploads\/2025\/01\/SORBITOL-GUNCEL-.png","type":"image\/png"}],"twitter_card":"summary_large_image","twitter_misc":{"Tahmini okuma s\u00fcresi":"2 dakika"},"schema":{"@context":"https:\/\/schema.org","@graph":[{"@type":"WebPage","@id":"https:\/\/akerkimya.com\/eticaret\/urun\/sorbitol\/","url":"https:\/\/akerkimya.com\/eticaret\/urun\/sorbitol\/","name":"SORB\u0130TOL - Akerkimya","isPartOf":{"@id":"https:\/\/akerkimya.com\/eticaret\/#website"},"datePublished":"2025-01-01T21:19:52+00:00","dateModified":"2026-03-29T23:24:00+00:00","breadcrumb":{"@id":"https:\/\/akerkimya.com\/eticaret\/urun\/sorbitol\/#breadcrumb"},"inLanguage":"tr","potentialAction":[{"@type":"ReadAction","target":["https:\/\/akerkimya.com\/eticaret\/urun\/sorbitol\/"]}]},{"@type":"BreadcrumbList","@id":"https:\/\/akerkimya.com\/eticaret\/urun\/sorbitol\/#breadcrumb","itemListElement":[{"@type":"ListItem","position":1,"name":"Home","item":"https:\/\/akerkimya.com\/eticaret\/"},{"@type":"ListItem","position":2,"name":"Market","item":"https:\/\/akerkimya.com\/eticaret\/market\/"},{"@type":"ListItem","position":3,"name":"SORB\u0130TOL"}]},{"@type":"WebSite","@id":"https:\/\/akerkimya.com\/eticaret\/#website","url":"https:\/\/akerkimya.com\/eticaret\/","name":"Akerkimya","description":"","potentialAction":[{"@type":"SearchAction","target":{"@type":"EntryPoint","urlTemplate":"https:\/\/akerkimya.com\/eticaret\/?s={search_term_string}"},"query-input":"required name=search_term_string"}],"inLanguage":"tr"}]}},"_links":{"self":[{"href":"https:\/\/akerkimya.com\/eticaret\/wp-json\/wp\/v2\/product\/17027","targetHints":{"allow":["GET"]}}],"collection":[{"href":"https:\/\/akerkimya.com\/eticaret\/wp-json\/wp\/v2\/product"}],"about":[{"href":"https:\/\/akerkimya.com\/eticaret\/wp-json\/wp\/v2\/types\/product"}],"replies":[{"embeddable":true,"href":"https:\/\/akerkimya.com\/eticaret\/wp-json\/wp\/v2\/comments?post=17027"}],"version-history":[{"count":2,"href":"https:\/\/akerkimya.com\/eticaret\/wp-json\/wp\/v2\/product\/17027\/revisions"}],"predecessor-version":[{"id":18558,"href":"https:\/\/akerkimya.com\/eticaret\/wp-json\/wp\/v2\/product\/17027\/revisions\/18558"}],"wp:featuredmedia":[{"embeddable":true,"href":"https:\/\/akerkimya.com\/eticaret\/wp-json\/wp\/v2\/media\/17028"}],"wp:attachment":[{"href":"https:\/\/akerkimya.com\/eticaret\/wp-json\/wp\/v2\/media?parent=17027"}],"wp:term":[{"taxonomy":"product_cat","embeddable":true,"href":"https:\/\/akerkimya.com\/eticaret\/wp-json\/wp\/v2\/product_cat?post=17027"},{"taxonomy":"product_tag","embeddable":true,"href":"https:\/\/akerkimya.com\/eticaret\/wp-json\/wp\/v2\/product_tag?post=17027"}],"curies":[{"name":"wp","href":"https:\/\/api.w.org\/{rel}","templated":true}]}}