{"id":17054,"date":"2025-01-02T00:47:22","date_gmt":"2025-01-01T21:47:22","guid":{"rendered":"https:\/\/akerkimya.com\/eticaret\/?post_type=product&#038;p=17054"},"modified":"2026-03-30T02:24:01","modified_gmt":"2026-03-29T23:24:01","slug":"aluminyum-sulfat","status":"publish","type":"product","link":"https:\/\/akerkimya.com\/eticaret\/urun\/aluminyum-sulfat\/","title":{"rendered":"AL\u00dcM\u0130NYUM S\u00dcLFAT"},"content":{"rendered":"<h1>AL\u00dcM\u0130NYUM S\u00dcLFAT<\/h1>\n<p><strong>Al\u00fcminyum S\u00fclfat, Al2(SO4)3 form\u00fcl\u00fcne sahip do\u011fada kendili\u011finden olu\u015fabilen ayn\u0131 zamanda end\u00fcstriyel alanda al\u00fcminyum hidroksitin s\u00fclf\u00fcrik asit ile tepkimesi sonucu \u00fcretilen bir kimyasal bile\u015fiktir. \u00c7\u00f6zelti halindeyken korozif bir yap\u0131dad\u0131r. En yayg\u0131n kullan\u0131m alan\u0131 i\u00e7me suyu ve at\u0131k su ar\u0131tma tesislerinde kullan\u0131lmas\u0131d\u0131r. Verimi y\u00fcksek ar\u0131tma kimyasal\u0131d\u0131r.<\/strong><\/p>\n<p><strong>AL\u00dcM\u0130NYUM S\u00dcLFAT \u00d6ZELL\u0130KLER\u0130<\/strong><\/p>\n<p><strong>Kirli beyaz toz ve toprak g\u00f6r\u00fcn\u00fcm\u00fcndedir.<\/strong><\/p>\n<p><strong>Tatl\u0131, hafif buruk bir tada sahiptir.<\/strong><\/p>\n<p><strong>Al\u00fcminyum s\u00fclfat, u\u00e7ucu veya yan\u0131c\u0131 de\u011fildir.<\/strong><\/p>\n<p><strong>Su ile birle\u015fti\u011finde d\u00fc\u015f\u00fck pH\u2019a sahiptir, cildi yakabilir veya metali a\u015f\u0131nd\u0131rabilir.<\/strong><\/p>\n<p><strong>700 \u00b0C\u2019nin \u00fczerine \u0131s\u0131t\u0131ld\u0131\u011f\u0131nda al\u00fcminyum oksit, k\u00fck\u00fcrt trioksit ve su buhar\u0131 olarak ayr\u0131\u015fmaya ba\u015flar<\/strong><\/p>\n<p><strong>Al\u00fcminyum s\u00fclfat higroskopiktir, yani su molek\u00fcllerini \u00e7evrelen atmosferde emme ve tutma \u00f6zelli\u011fine sahiptir.<\/strong><\/p>\n<p><strong>\u00a0<\/strong><\/p>\n<p><strong>TEKN\u0130K \u00d6ZELL\u0130KLER\u0130<\/strong><\/p>\n<p><strong>CAS NUMARASI: 10043-01-3<\/strong><\/p>\n<p><strong>K\u0130MYASAL ADI: Al\u00fcminyum S\u00fclfat, Dialuminyum Tris\u00fclfat Oktadekahidrat, Alunogenite, Alum<\/strong><\/p>\n<p><strong>MOLEK\u00dcLER FORM\u00dcL: Al2(SO4)3<\/strong><\/p>\n<p><strong>MOLAR K\u00dcTLE: 342,15 g\/mol(susuz), 666,42 g\/mol (okta, deka hidrat)<\/strong><\/p>\n<p><strong>YO\u011eUNLUK: 2.672 g\/cm\u00b3 (susuz), 1.62 g\/cm\u00b3 (okta, deka hidrat)<\/strong><\/p>\n<p><strong>ERG\u0130ME NOKTASI: 770 \u00b0C (decomp, susuz), 86.5 \u00b0C(okta, deka hidrat)<\/strong><\/p>\n<p><strong>SUDA \u00c7\u00d6Z\u00dcN\u00dcRL\u00dcK: 31.2 g\/100ml (0 \u00b0C), 36,4 g\/100ml (20 \u00b0C), 89.0 g\/100ml (100 \u00b0C)<\/strong><\/p>\n<p><strong>\u00c7\u00d6Z\u00dcN\u00dcRL\u00dcK: Alkol i\u00e7inde \u00e7ok az \u00e7\u00f6z\u00fcnen, mineral asitleri seyreltik.<\/strong><\/p>\n<p><strong>AS\u0130TL\u0130K (pKa): 3.3-3.6<\/strong><\/p>\n<p><strong>KIRILMA \u0130NDEKS\u0130 (Nd): 1.47<\/strong><\/p>\n<p><strong>\u00a0<\/strong><\/p>\n<p><strong>KULLANIM ALANLARI<\/strong><\/p>\n<p><strong>G\u0131da end\u00fcstrisinde al\u00fcminyum s\u00fclfat k\u0131vam artt\u0131r\u0131c\u0131 ve em\u00fclgat\u00f6r olarak kullan\u0131l\u0131r.<\/strong><\/p>\n<p><strong>Tekstil alan\u0131nda kuma\u015f \u00fczerine boyama ve bask\u0131da boya sabitleyici olarak, alev almaz kuma\u015f \u00fcretiminde, Ph kontrol\u00fcnde kullan\u0131l\u0131r.<\/strong><\/p>\n<p><strong>G\u00fcbre \u00fcretiminde kullan\u0131lmaktad\u0131r.<\/strong><\/p>\n<p><strong>Yang\u0131n s\u00f6nd\u00fcr\u00fcc\u00fc ekipmanlar\u0131nda k\u00f6p\u00fck yap\u0131c\u0131 ve yard\u0131mc\u0131 materyal olarak kullan\u0131lmaktad\u0131r.<\/strong><\/p>\n<p><strong>Alt\u0131n ve de\u011ferli maden i\u015fleme, kuyumculuk, kaplama vb. alanlarda da kullan\u0131m\u0131 mevcuttur.<\/strong><\/p>\n<p><strong>Kat\u0131 ve s\u0131v\u0131 ya\u011flar i\u00e7in berrakla\u015ft\u0131rma ajan\u0131 olarak kullan\u0131l\u0131r.<\/strong><\/p>\n<p><strong>Petrol rafineleri proseslerinde koku ve renk giderici ajan olarak kullan\u0131l\u0131r.<\/strong><\/p>\n<p><strong>K\u00e2\u011f\u0131t yap\u0131m\u0131nda sudan safs\u0131zl\u0131klar\u0131 gidermek i\u00e7in kullan\u0131l\u0131r.<\/strong><\/p>\n<p><strong>Yayg\u0131n bir a\u015f\u0131 yard\u0131mc\u0131s\u0131d\u0131r ve a\u015f\u0131lama b\u00f6lgesinde olu\u015fan a\u015f\u0131 deposundan antijenin yava\u015f sal\u0131nmas\u0131n\u0131 kolayla\u015ft\u0131rmak i\u00e7in kullan\u0131l\u0131r.<\/strong><\/p>\n<p><strong>Al\u00fcminyum s\u00fclfat bazen hidrolize al\u00fcminyum hidroksit \u00e7\u00f6keltisi ve bir seyreltik s\u00fclf\u00fcrik asit \u00e7\u00f6zeltisinin olu\u015fturulmas\u0131 i\u00e7in oldu\u011fu gibi, bah\u00e7e topra\u011f\u0131n\u0131n Ph azaltmak i\u00e7in kullan\u0131l\u0131r.<\/strong><\/p>\n<p><strong>\u0130n\u015faat sekt\u00f6r\u00fcnde, betonu su ge\u00e7irmez hale getirmek i\u00e7in kullan\u0131lmaktad\u0131r.<\/strong><\/p>\n<p><strong>En \u00e7ok kullan\u0131m alanlar\u0131ndan birisi de Potasyum Al\u00fcminyum S\u00fclfat \u00fcretiminde bulunmaktad\u0131r. Bu bile\u015fik \u015fap olarak da bilinmektedir. \u0130ki farkl\u0131 basit tuzun bile\u015fimi ile elde edilen kompleks bir tuzdur.<\/strong><\/p>\n<p><strong>Kozmetik sekt\u00f6r\u00fcnde terlemeyi \u00f6nleyici spreylerin \u00fcretiminde kullan\u0131lmaktad\u0131r.<\/strong><\/p>\n<p><strong>Bulan\u0131k sular\u0131n ar\u0131t\u0131lmas\u0131nda \u00e7\u00f6keltme maddesi olarak kullan\u0131l\u0131r.<\/strong><\/p>\n<p><strong>Geri d\u00f6n\u00fc\u015f\u00fcm sekt\u00f6r\u00fcnde ya\u011f a\u011fartma ajan\u0131 olarak ve koku giderme ajan\u0131 olarak kullan\u0131lmaktad\u0131r.<\/strong><\/p>\n<p><strong>G\u00f6llerde ve suyollar\u0131nda yosun b\u00fcy\u00fcmesini kontrol etmeye yard\u0131mc\u0131 olmak i\u00e7in kullan\u0131l\u0131r. G\u00f6l suyuna eklendi\u011finde \u00e7\u00f6keltme yoluyla fosfotlar\u0131 giderir ve toprak olarak bilinen sudan daha a\u011f\u0131r bir par\u00e7ac\u0131k olu\u015fturur. Bu topak daha sonra tortu fosfor sal\u0131n\u0131m\u0131n\u0131 geciktiren bir bariyer olu\u015fturmak i\u00e7in g\u00f6l\u00fcn dibine yerle\u015fir.<\/strong><\/p>\n<p><strong>\u0130la\u00e7 sekt\u00f6r\u00fcnde baz\u0131 antiperspiranlar aktif madde olmakla birlikte \u00e7o\u011fu \u00fcr\u00fcnde yan \u00fcr\u00fcn olarak kullan\u0131lmaktad\u0131r. Ayr\u0131ca antiseptik etkilerinden dolay\u0131, kanmay\u0131 durdurucu, di\u015fetlerini kuvvetlendirici, a\u011f\u0131z yaralar\u0131nda antiseptik olarak kullan\u0131l\u0131r.<\/strong><\/p>\n<p><strong>\u0130spanyol s\u00fcm\u00fckl\u00fc b\u00f6ceklerini \u00f6ld\u00fcrmek amac\u0131yla kullan\u0131l\u0131r.<\/strong><\/p>\n<p><strong>Al\u00fcminyum s\u00fclfat ayn\u0131 zamanda y\u00fczme havuzlar\u0131nda suyun bulan\u0131kl\u0131\u011f\u0131n\u0131 azaltmak i\u00e7in kullan\u0131l\u0131r.<\/strong><\/p>\n<p><strong>\u00a0<\/strong><\/p>\n<p><strong>AMBALAJ<\/strong><\/p>\n<p><strong>1-5-25 kg torbalar halinde <\/strong><strong>\u00a0<\/strong><\/p>\n<p><strong>DEPOLAMA<\/strong><\/p>\n<p><strong>Kapal\u0131 bir kapta serin ve kuru yerde saklanmal\u0131d\u0131r. Korozif bir yap\u0131s\u0131 oldu\u011fu i\u00e7in plastik veya paslanmaz \u00e7elik tanklarda stoklanmal\u0131d\u0131r<\/strong><strong>.<\/strong><\/p>\n","protected":false},"excerpt":{"rendered":"<p>AL\u00dcM\u0130NYUM S\u00dcLFAT Al\u00fcminyum S\u00fclfat, Al2(SO4)3 form\u00fcl\u00fcne sahip do\u011fada kendili\u011finden olu\u015fabilen ayn\u0131 zamanda end\u00fcstriyel alanda al\u00fcminyum hidroksitin s\u00fclf\u00fcrik asit ile tepkimesi<\/p>\n","protected":false},"featured_media":17055,"comment_status":"open","ping_status":"closed","template":"","meta":{"_joinchat":[]},"product_cat":[74,76],"product_tag":[],"class_list":{"0":"post-17054","1":"product","2":"type-product","3":"status-publish","4":"has-post-thumbnail","6":"product_cat-deterjan-ve-kozmetik-kimyasallari","7":"product_cat-gida-ve-katki-kimyasallari","9":"first","10":"instock","11":"shipping-taxable","12":"purchasable","13":"product-type-variable"},"yoast_head":"<!-- This site is optimized with the Yoast SEO Premium plugin v20.2.1 (Yoast SEO v20.2.1) - https:\/\/yoast.com\/wordpress\/plugins\/seo\/ -->\n<title>AL\u00dcM\u0130NYUM S\u00dcLFAT - Akerkimya<\/title>\n<meta name=\"robots\" content=\"index, follow, max-snippet:-1, max-image-preview:large, max-video-preview:-1\" \/>\n<link rel=\"canonical\" href=\"https:\/\/akerkimya.com\/eticaret\/urun\/aluminyum-sulfat\/\" \/>\n<meta property=\"og:locale\" content=\"tr_TR\" \/>\n<meta property=\"og:type\" content=\"article\" \/>\n<meta property=\"og:title\" content=\"AL\u00dcM\u0130NYUM S\u00dcLFAT\" \/>\n<meta property=\"og:description\" content=\"AL\u00dcM\u0130NYUM S\u00dcLFAT Al\u00fcminyum S\u00fclfat, Al2(SO4)3 form\u00fcl\u00fcne sahip do\u011fada kendili\u011finden olu\u015fabilen ayn\u0131 zamanda end\u00fcstriyel alanda al\u00fcminyum hidroksitin s\u00fclf\u00fcrik asit ile tepkimesi\" \/>\n<meta property=\"og:url\" content=\"https:\/\/akerkimya.com\/eticaret\/urun\/aluminyum-sulfat\/\" \/>\n<meta property=\"og:site_name\" content=\"Akerkimya\" \/>\n<meta property=\"article:modified_time\" content=\"2026-03-29T23:24:01+00:00\" \/>\n<meta property=\"og:image\" content=\"https:\/\/akerkimya.com\/eticaret\/wp-content\/uploads\/2025\/01\/ALUMINYUM-SULFAT-GUNCEL-.png\" \/>\n\t<meta property=\"og:image:width\" content=\"1000\" \/>\n\t<meta property=\"og:image:height\" content=\"1000\" \/>\n\t<meta property=\"og:image:type\" content=\"image\/png\" \/>\n<meta name=\"twitter:card\" content=\"summary_large_image\" \/>\n<meta name=\"twitter:label1\" content=\"Tahmini okuma s\u00fcresi\" \/>\n\t<meta name=\"twitter:data1\" content=\"4 dakika\" \/>\n<script type=\"application\/ld+json\" class=\"yoast-schema-graph\">{\"@context\":\"https:\/\/schema.org\",\"@graph\":[{\"@type\":\"WebPage\",\"@id\":\"https:\/\/akerkimya.com\/eticaret\/urun\/aluminyum-sulfat\/\",\"url\":\"https:\/\/akerkimya.com\/eticaret\/urun\/aluminyum-sulfat\/\",\"name\":\"AL\u00dcM\u0130NYUM S\u00dcLFAT - Akerkimya\",\"isPartOf\":{\"@id\":\"https:\/\/akerkimya.com\/eticaret\/#website\"},\"datePublished\":\"2025-01-01T21:47:22+00:00\",\"dateModified\":\"2026-03-29T23:24:01+00:00\",\"breadcrumb\":{\"@id\":\"https:\/\/akerkimya.com\/eticaret\/urun\/aluminyum-sulfat\/#breadcrumb\"},\"inLanguage\":\"tr\",\"potentialAction\":[{\"@type\":\"ReadAction\",\"target\":[\"https:\/\/akerkimya.com\/eticaret\/urun\/aluminyum-sulfat\/\"]}]},{\"@type\":\"BreadcrumbList\",\"@id\":\"https:\/\/akerkimya.com\/eticaret\/urun\/aluminyum-sulfat\/#breadcrumb\",\"itemListElement\":[{\"@type\":\"ListItem\",\"position\":1,\"name\":\"Home\",\"item\":\"https:\/\/akerkimya.com\/eticaret\/\"},{\"@type\":\"ListItem\",\"position\":2,\"name\":\"Market\",\"item\":\"https:\/\/akerkimya.com\/eticaret\/market\/\"},{\"@type\":\"ListItem\",\"position\":3,\"name\":\"AL\u00dcM\u0130NYUM S\u00dcLFAT\"}]},{\"@type\":\"WebSite\",\"@id\":\"https:\/\/akerkimya.com\/eticaret\/#website\",\"url\":\"https:\/\/akerkimya.com\/eticaret\/\",\"name\":\"Akerkimya\",\"description\":\"\",\"potentialAction\":[{\"@type\":\"SearchAction\",\"target\":{\"@type\":\"EntryPoint\",\"urlTemplate\":\"https:\/\/akerkimya.com\/eticaret\/?s={search_term_string}\"},\"query-input\":\"required name=search_term_string\"}],\"inLanguage\":\"tr\"}]}<\/script>\n<!-- \/ Yoast SEO Premium plugin. -->","yoast_head_json":{"title":"AL\u00dcM\u0130NYUM S\u00dcLFAT - Akerkimya","robots":{"index":"index","follow":"follow","max-snippet":"max-snippet:-1","max-image-preview":"max-image-preview:large","max-video-preview":"max-video-preview:-1"},"canonical":"https:\/\/akerkimya.com\/eticaret\/urun\/aluminyum-sulfat\/","og_locale":"tr_TR","og_type":"article","og_title":"AL\u00dcM\u0130NYUM S\u00dcLFAT","og_description":"AL\u00dcM\u0130NYUM S\u00dcLFAT Al\u00fcminyum S\u00fclfat, Al2(SO4)3 form\u00fcl\u00fcne sahip do\u011fada kendili\u011finden olu\u015fabilen ayn\u0131 zamanda end\u00fcstriyel alanda al\u00fcminyum hidroksitin s\u00fclf\u00fcrik asit ile tepkimesi","og_url":"https:\/\/akerkimya.com\/eticaret\/urun\/aluminyum-sulfat\/","og_site_name":"Akerkimya","article_modified_time":"2026-03-29T23:24:01+00:00","og_image":[{"width":1000,"height":1000,"url":"https:\/\/akerkimya.com\/eticaret\/wp-content\/uploads\/2025\/01\/ALUMINYUM-SULFAT-GUNCEL-.png","type":"image\/png"}],"twitter_card":"summary_large_image","twitter_misc":{"Tahmini okuma s\u00fcresi":"4 dakika"},"schema":{"@context":"https:\/\/schema.org","@graph":[{"@type":"WebPage","@id":"https:\/\/akerkimya.com\/eticaret\/urun\/aluminyum-sulfat\/","url":"https:\/\/akerkimya.com\/eticaret\/urun\/aluminyum-sulfat\/","name":"AL\u00dcM\u0130NYUM S\u00dcLFAT - Akerkimya","isPartOf":{"@id":"https:\/\/akerkimya.com\/eticaret\/#website"},"datePublished":"2025-01-01T21:47:22+00:00","dateModified":"2026-03-29T23:24:01+00:00","breadcrumb":{"@id":"https:\/\/akerkimya.com\/eticaret\/urun\/aluminyum-sulfat\/#breadcrumb"},"inLanguage":"tr","potentialAction":[{"@type":"ReadAction","target":["https:\/\/akerkimya.com\/eticaret\/urun\/aluminyum-sulfat\/"]}]},{"@type":"BreadcrumbList","@id":"https:\/\/akerkimya.com\/eticaret\/urun\/aluminyum-sulfat\/#breadcrumb","itemListElement":[{"@type":"ListItem","position":1,"name":"Home","item":"https:\/\/akerkimya.com\/eticaret\/"},{"@type":"ListItem","position":2,"name":"Market","item":"https:\/\/akerkimya.com\/eticaret\/market\/"},{"@type":"ListItem","position":3,"name":"AL\u00dcM\u0130NYUM S\u00dcLFAT"}]},{"@type":"WebSite","@id":"https:\/\/akerkimya.com\/eticaret\/#website","url":"https:\/\/akerkimya.com\/eticaret\/","name":"Akerkimya","description":"","potentialAction":[{"@type":"SearchAction","target":{"@type":"EntryPoint","urlTemplate":"https:\/\/akerkimya.com\/eticaret\/?s={search_term_string}"},"query-input":"required name=search_term_string"}],"inLanguage":"tr"}]}},"_links":{"self":[{"href":"https:\/\/akerkimya.com\/eticaret\/wp-json\/wp\/v2\/product\/17054","targetHints":{"allow":["GET"]}}],"collection":[{"href":"https:\/\/akerkimya.com\/eticaret\/wp-json\/wp\/v2\/product"}],"about":[{"href":"https:\/\/akerkimya.com\/eticaret\/wp-json\/wp\/v2\/types\/product"}],"replies":[{"embeddable":true,"href":"https:\/\/akerkimya.com\/eticaret\/wp-json\/wp\/v2\/comments?post=17054"}],"version-history":[{"count":1,"href":"https:\/\/akerkimya.com\/eticaret\/wp-json\/wp\/v2\/product\/17054\/revisions"}],"predecessor-version":[{"id":17059,"href":"https:\/\/akerkimya.com\/eticaret\/wp-json\/wp\/v2\/product\/17054\/revisions\/17059"}],"wp:featuredmedia":[{"embeddable":true,"href":"https:\/\/akerkimya.com\/eticaret\/wp-json\/wp\/v2\/media\/17055"}],"wp:attachment":[{"href":"https:\/\/akerkimya.com\/eticaret\/wp-json\/wp\/v2\/media?parent=17054"}],"wp:term":[{"taxonomy":"product_cat","embeddable":true,"href":"https:\/\/akerkimya.com\/eticaret\/wp-json\/wp\/v2\/product_cat?post=17054"},{"taxonomy":"product_tag","embeddable":true,"href":"https:\/\/akerkimya.com\/eticaret\/wp-json\/wp\/v2\/product_tag?post=17054"}],"curies":[{"name":"wp","href":"https:\/\/api.w.org\/{rel}","templated":true}]}}