{"id":17060,"date":"2025-01-02T00:52:06","date_gmt":"2025-01-01T21:52:06","guid":{"rendered":"https:\/\/akerkimya.com\/eticaret\/?post_type=product&#038;p=17060"},"modified":"2026-03-30T02:24:01","modified_gmt":"2026-03-29T23:24:01","slug":"aspartam","status":"publish","type":"product","link":"https:\/\/akerkimya.com\/eticaret\/urun\/aspartam\/","title":{"rendered":"ASPARTAM"},"content":{"rendered":"<h1>ASPARTAM<\/h1>\n<p><strong>Aspartam, C14H18N2O5 form\u00fcl\u00fcne sahip bir tatland\u0131r\u0131c\u0131d\u0131r. Kimyasal olarak aspartat ve fenil alanin aminoasitlerinden olu\u015fmu\u015f bir dipeptidin metil esteridir. Sofra \u015fekerinden yakla\u015f\u0131k 200 kat daha tatl\u0131 olan yapay tatland\u0131r\u0131c\u0131d\u0131r. \u00c7ok fazla kullan\u0131ld\u0131\u011f\u0131nda ac\u0131 bir tat meydana gelmektedir.<\/strong><\/p>\n<p><strong>\u00a0<\/strong><\/p>\n<p><strong>ASPARTAM \u00d6ZELL\u0130KLER\u0130<\/strong><\/p>\n<p><strong>Beyaz renkte, kokusuz, toz formdad\u0131r.<\/strong><\/p>\n<p><strong>Tatl\u0131 bir tada sahiptir.<\/strong><\/p>\n<p><strong>Kuru halde kararl\u0131 bir kimyasald\u0131r.<\/strong><\/p>\n<p><strong>Ayr\u0131\u015fmaya kadar \u0131s\u0131t\u0131ld\u0131\u011f\u0131nda zehirli duman yayar.<\/strong><\/p>\n<p><strong>\u00c7\u00f6z\u00fcn\u00fcrl\u00fck olarak s\u0131cakl\u0131k, Ph ve suyun varl\u0131\u011f\u0131na g\u00f6re de\u011fi\u015fmektedir. Ph d\u00fc\u015f\u00fck ortamlarda ve 25 \u00b0C s\u0131cakl\u0131kta en y\u00fcksek \u00e7\u00f6z\u00fcn\u00fcrl\u00fc\u011fe sahiptir.<\/strong><\/p>\n<p><strong>Neme maruz kalmas\u0131 tatl\u0131l\u0131k kayb\u0131na neden olur.<\/strong><\/p>\n<p><strong>\u00a0<\/strong><\/p>\n<p><strong>TEKN\u0130K \u00d6ZELL\u0130KLER\u0130<\/strong><\/p>\n<p><strong>CAS NUMARASI: 22839-47-0<\/strong><\/p>\n<p><strong>MOLEK\u00dcLER FORM\u00dcL: C14H18N2O5<\/strong><\/p>\n<p><strong>K\u0130MYASAL \u0130SM\u0130: Aspartam, N-(L-a-Aspartyl)-L-fenilalanine, Dipeptid Tatland\u0131r\u0131c\u0131, E591<\/strong><\/p>\n<p><strong>MOLEK\u00dcL A\u011eIRLI\u011eI: 294,301 g\/mol<\/strong><\/p>\n<p><strong>ER\u0130ME NOKTASI: 246-247 \u00b0C<\/strong><\/p>\n<p><strong>PH: 6.5-7.5<\/strong><\/p>\n<p><strong>\u00a0<\/strong><\/p>\n<p><strong>KULLANIM ALANLARI<\/strong><\/p>\n<p><strong>\u0130\u00e7eceklerde \u00fcr\u00fcn\u00fcn koruyuculu\u011fu artt\u0131rmak ve tatland\u0131rma ajan\u0131 olarak kullan\u0131lmaktad\u0131r.<\/strong><\/p>\n<p><strong>Dondurma imalat\u0131nda tatland\u0131r\u0131c\u0131 olarak kullan\u0131l\u0131r.<\/strong><\/p>\n<p><strong>Farmas\u00f6tik ila\u00e7lar\u0131n \u00fcretiminde kullan\u0131lmaktad\u0131r. \u00d6ks\u00fcr\u00fck \u015furuplar\u0131nda tatland\u0131r\u0131c\u0131 olarak kullan\u0131lmaktad\u0131r.<\/strong><\/p>\n<p><strong>Di\u015f macunlar\u0131nda, a\u011f\u0131z sa\u011fl\u0131\u011f\u0131 \u00fcr\u00fcnlerinde kullan\u0131lmaktad\u0131r.<\/strong><\/p>\n<p><strong>Aspartam, diyet \u00fcr\u00fcnlerinde kullan\u0131ma uygun olup karbonhidrat i\u00e7ermez ve kan \u015feker d\u00fczeylerini etkilemez.<\/strong><\/p>\n<p><strong>Gazl\u0131 i\u00e7eceklerde, \u00e7ay, kahvelerde tatland\u0131r\u0131c\u0131 olarak kullan\u0131l\u0131r.<\/strong><\/p>\n<p><strong>Sak\u0131z \u00fcretiminde, \u00e7i\u011fnenebilir vitamin takviyelerin de tatland\u0131r\u0131c\u0131 olarak kullan\u0131lmaktad\u0131r.<\/strong><\/p>\n<p><strong>Sporcu i\u00e7eceklerinde, konserve yiyeceklerde, \u00e7ikolatalarda, me\u015frubatlarda, kuru meyvelerde, antibiyotik ve \u00e7ocuk ila\u00e7lar\u0131nda kullan\u0131l\u0131r.<\/strong><\/p>\n<p><strong>\u00a0<\/strong><\/p>\n<p><strong>AMBALAJ<\/strong><\/p>\n<p><strong>100-250-500 gram ve 1-5-25 kg torbalar halinde<\/strong><\/p>\n<p><strong>\u00a0<\/strong><\/p>\n<p><strong>DEPOLAMA<\/strong><\/p>\n<p><strong>Serin ve kuru bir alanda muhafaza ediniz.<\/strong><\/p>\n","protected":false},"excerpt":{"rendered":"<p>ASPARTAM Aspartam, C14H18N2O5 form\u00fcl\u00fcne sahip bir tatland\u0131r\u0131c\u0131d\u0131r. Kimyasal olarak aspartat ve fenil alanin aminoasitlerinden olu\u015fmu\u015f bir dipeptidin metil esteridir. Sofra<\/p>\n","protected":false},"featured_media":17061,"comment_status":"open","ping_status":"closed","template":"","meta":{"_joinchat":[]},"product_cat":[74,76],"product_tag":[],"class_list":{"0":"post-17060","1":"product","2":"type-product","3":"status-publish","4":"has-post-thumbnail","6":"product_cat-deterjan-ve-kozmetik-kimyasallari","7":"product_cat-gida-ve-katki-kimyasallari","9":"first","10":"instock","11":"shipping-taxable","12":"purchasable","13":"product-type-variable"},"yoast_head":"<!-- This site is optimized with the Yoast SEO Premium plugin v20.2.1 (Yoast SEO v20.2.1) - https:\/\/yoast.com\/wordpress\/plugins\/seo\/ -->\n<title>ASPARTAM - Akerkimya<\/title>\n<meta name=\"robots\" content=\"index, follow, max-snippet:-1, max-image-preview:large, max-video-preview:-1\" \/>\n<link rel=\"canonical\" href=\"https:\/\/akerkimya.com\/eticaret\/urun\/aspartam\/\" \/>\n<meta property=\"og:locale\" content=\"tr_TR\" \/>\n<meta property=\"og:type\" content=\"article\" \/>\n<meta property=\"og:title\" content=\"ASPARTAM\" \/>\n<meta property=\"og:description\" content=\"ASPARTAM Aspartam, C14H18N2O5 form\u00fcl\u00fcne sahip bir tatland\u0131r\u0131c\u0131d\u0131r. Kimyasal olarak aspartat ve fenil alanin aminoasitlerinden olu\u015fmu\u015f bir dipeptidin metil esteridir. Sofra\" \/>\n<meta property=\"og:url\" content=\"https:\/\/akerkimya.com\/eticaret\/urun\/aspartam\/\" \/>\n<meta property=\"og:site_name\" content=\"Akerkimya\" \/>\n<meta property=\"article:modified_time\" content=\"2026-03-29T23:24:01+00:00\" \/>\n<meta property=\"og:image\" content=\"https:\/\/akerkimya.com\/eticaret\/wp-content\/uploads\/2025\/01\/ASPATRTAM-GUNCEL-.png\" \/>\n\t<meta property=\"og:image:width\" content=\"1000\" \/>\n\t<meta property=\"og:image:height\" content=\"1000\" \/>\n\t<meta property=\"og:image:type\" content=\"image\/png\" \/>\n<meta name=\"twitter:card\" content=\"summary_large_image\" \/>\n<meta name=\"twitter:label1\" content=\"Tahmini okuma s\u00fcresi\" \/>\n\t<meta name=\"twitter:data1\" content=\"2 dakika\" \/>\n<script type=\"application\/ld+json\" class=\"yoast-schema-graph\">{\"@context\":\"https:\/\/schema.org\",\"@graph\":[{\"@type\":\"WebPage\",\"@id\":\"https:\/\/akerkimya.com\/eticaret\/urun\/aspartam\/\",\"url\":\"https:\/\/akerkimya.com\/eticaret\/urun\/aspartam\/\",\"name\":\"ASPARTAM - Akerkimya\",\"isPartOf\":{\"@id\":\"https:\/\/akerkimya.com\/eticaret\/#website\"},\"datePublished\":\"2025-01-01T21:52:06+00:00\",\"dateModified\":\"2026-03-29T23:24:01+00:00\",\"breadcrumb\":{\"@id\":\"https:\/\/akerkimya.com\/eticaret\/urun\/aspartam\/#breadcrumb\"},\"inLanguage\":\"tr\",\"potentialAction\":[{\"@type\":\"ReadAction\",\"target\":[\"https:\/\/akerkimya.com\/eticaret\/urun\/aspartam\/\"]}]},{\"@type\":\"BreadcrumbList\",\"@id\":\"https:\/\/akerkimya.com\/eticaret\/urun\/aspartam\/#breadcrumb\",\"itemListElement\":[{\"@type\":\"ListItem\",\"position\":1,\"name\":\"Home\",\"item\":\"https:\/\/akerkimya.com\/eticaret\/\"},{\"@type\":\"ListItem\",\"position\":2,\"name\":\"Market\",\"item\":\"https:\/\/akerkimya.com\/eticaret\/market\/\"},{\"@type\":\"ListItem\",\"position\":3,\"name\":\"ASPARTAM\"}]},{\"@type\":\"WebSite\",\"@id\":\"https:\/\/akerkimya.com\/eticaret\/#website\",\"url\":\"https:\/\/akerkimya.com\/eticaret\/\",\"name\":\"Akerkimya\",\"description\":\"\",\"potentialAction\":[{\"@type\":\"SearchAction\",\"target\":{\"@type\":\"EntryPoint\",\"urlTemplate\":\"https:\/\/akerkimya.com\/eticaret\/?s={search_term_string}\"},\"query-input\":\"required name=search_term_string\"}],\"inLanguage\":\"tr\"}]}<\/script>\n<!-- \/ Yoast SEO Premium plugin. -->","yoast_head_json":{"title":"ASPARTAM - Akerkimya","robots":{"index":"index","follow":"follow","max-snippet":"max-snippet:-1","max-image-preview":"max-image-preview:large","max-video-preview":"max-video-preview:-1"},"canonical":"https:\/\/akerkimya.com\/eticaret\/urun\/aspartam\/","og_locale":"tr_TR","og_type":"article","og_title":"ASPARTAM","og_description":"ASPARTAM Aspartam, C14H18N2O5 form\u00fcl\u00fcne sahip bir tatland\u0131r\u0131c\u0131d\u0131r. Kimyasal olarak aspartat ve fenil alanin aminoasitlerinden olu\u015fmu\u015f bir dipeptidin metil esteridir. Sofra","og_url":"https:\/\/akerkimya.com\/eticaret\/urun\/aspartam\/","og_site_name":"Akerkimya","article_modified_time":"2026-03-29T23:24:01+00:00","og_image":[{"width":1000,"height":1000,"url":"https:\/\/akerkimya.com\/eticaret\/wp-content\/uploads\/2025\/01\/ASPATRTAM-GUNCEL-.png","type":"image\/png"}],"twitter_card":"summary_large_image","twitter_misc":{"Tahmini okuma s\u00fcresi":"2 dakika"},"schema":{"@context":"https:\/\/schema.org","@graph":[{"@type":"WebPage","@id":"https:\/\/akerkimya.com\/eticaret\/urun\/aspartam\/","url":"https:\/\/akerkimya.com\/eticaret\/urun\/aspartam\/","name":"ASPARTAM - Akerkimya","isPartOf":{"@id":"https:\/\/akerkimya.com\/eticaret\/#website"},"datePublished":"2025-01-01T21:52:06+00:00","dateModified":"2026-03-29T23:24:01+00:00","breadcrumb":{"@id":"https:\/\/akerkimya.com\/eticaret\/urun\/aspartam\/#breadcrumb"},"inLanguage":"tr","potentialAction":[{"@type":"ReadAction","target":["https:\/\/akerkimya.com\/eticaret\/urun\/aspartam\/"]}]},{"@type":"BreadcrumbList","@id":"https:\/\/akerkimya.com\/eticaret\/urun\/aspartam\/#breadcrumb","itemListElement":[{"@type":"ListItem","position":1,"name":"Home","item":"https:\/\/akerkimya.com\/eticaret\/"},{"@type":"ListItem","position":2,"name":"Market","item":"https:\/\/akerkimya.com\/eticaret\/market\/"},{"@type":"ListItem","position":3,"name":"ASPARTAM"}]},{"@type":"WebSite","@id":"https:\/\/akerkimya.com\/eticaret\/#website","url":"https:\/\/akerkimya.com\/eticaret\/","name":"Akerkimya","description":"","potentialAction":[{"@type":"SearchAction","target":{"@type":"EntryPoint","urlTemplate":"https:\/\/akerkimya.com\/eticaret\/?s={search_term_string}"},"query-input":"required name=search_term_string"}],"inLanguage":"tr"}]}},"_links":{"self":[{"href":"https:\/\/akerkimya.com\/eticaret\/wp-json\/wp\/v2\/product\/17060","targetHints":{"allow":["GET"]}}],"collection":[{"href":"https:\/\/akerkimya.com\/eticaret\/wp-json\/wp\/v2\/product"}],"about":[{"href":"https:\/\/akerkimya.com\/eticaret\/wp-json\/wp\/v2\/types\/product"}],"replies":[{"embeddable":true,"href":"https:\/\/akerkimya.com\/eticaret\/wp-json\/wp\/v2\/comments?post=17060"}],"version-history":[{"count":1,"href":"https:\/\/akerkimya.com\/eticaret\/wp-json\/wp\/v2\/product\/17060\/revisions"}],"predecessor-version":[{"id":17068,"href":"https:\/\/akerkimya.com\/eticaret\/wp-json\/wp\/v2\/product\/17060\/revisions\/17068"}],"wp:featuredmedia":[{"embeddable":true,"href":"https:\/\/akerkimya.com\/eticaret\/wp-json\/wp\/v2\/media\/17061"}],"wp:attachment":[{"href":"https:\/\/akerkimya.com\/eticaret\/wp-json\/wp\/v2\/media?parent=17060"}],"wp:term":[{"taxonomy":"product_cat","embeddable":true,"href":"https:\/\/akerkimya.com\/eticaret\/wp-json\/wp\/v2\/product_cat?post=17060"},{"taxonomy":"product_tag","embeddable":true,"href":"https:\/\/akerkimya.com\/eticaret\/wp-json\/wp\/v2\/product_tag?post=17060"}],"curies":[{"name":"wp","href":"https:\/\/api.w.org\/{rel}","templated":true}]}}