{"id":17069,"date":"2025-01-02T00:56:10","date_gmt":"2025-01-01T21:56:10","guid":{"rendered":"https:\/\/akerkimya.com\/eticaret\/?post_type=product&#038;p=17069"},"modified":"2026-04-28T09:15:20","modified_gmt":"2026-04-28T06:15:20","slug":"avicel-ph-101-102-mikrokristalin-seluloz","status":"publish","type":"product","link":"https:\/\/akerkimya.com\/eticaret\/urun\/avicel-ph-101-102-mikrokristalin-seluloz\/","title":{"rendered":"AV\u0130CEL PH 101-102 (M\u0130KROKR\u0130STAL\u0130N SEL\u00dcL\u00d6Z)"},"content":{"rendered":"<h1>AV\u0130CEL PH 101-102 (M\u0130KROKR\u0130STAL\u0130N SEL\u00dcL\u00d6Z)<\/h1>\n<p><strong>AV\u0130CEL mikrokristalin sel\u00fcl\u00f6z, C14H26O11 form\u00fcl\u00fcne sahip do\u011fadaki b\u00fct\u00fcn bitkilerde do\u011fal olarak bulunan ince toz, beyaz renkte polimerdir. Sel\u00fcl\u00f6z olarak da bilinir. \u0130la\u00e7 ve g\u0131da takviyelerine uygulanan ba\u011f ajan\u0131 \u00f6zelli\u011findedir<\/strong><\/p>\n<p><strong>AV\u0130CEL PH 101 \u00d6ZELL\u0130KLER\u0130<\/strong><\/p>\n<p><strong>Beyaz renkte toz formda ve kokusuzdur.<\/strong><\/p>\n<p><strong>Kimyasal olarak kararl\u0131d\u0131r.<\/strong><\/p>\n<p><strong>Yan\u0131c\u0131 bir madde olup higroskopiktir.<\/strong><\/p>\n<p><strong>G\u00fc\u00e7l\u00fc oksitleyici maddelerle uyumsuzdur.<\/strong><\/p>\n<p><strong>\u00a0<\/strong><\/p>\n<p><strong>TEKN\u0130K \u00d6ZELL\u0130KLER\u0130<\/strong><\/p>\n<p><strong>CAS NUMARASI: 9004-34-6<\/strong><\/p>\n<p><strong>K\u0130MYASAL FORM\u00dcL\u00dc: C14H26O11<\/strong><\/p>\n<p><strong>K\u0130MYASAL \u0130SM\u0130: Mikrokristalin Sel\u00fcl\u00f6z, MCC 101, MCC 102, MCC, Jel Sel\u00fcl\u00f6z, E460<\/strong><\/p>\n<p><strong>MOLEK\u00dcL A\u011eIRLI\u011eI: 370,35 g\/mol<\/strong><\/p>\n<p><strong>YO\u011eUNLU\u011eU: 1,5 g\/cm\u00b3<\/strong><\/p>\n<p><strong>ALEVLENME NOKTASI: 164 \u00b0C<\/strong><\/p>\n<p><strong>ER\u0130ME NOKTASI: 76-78 \u00b0C<\/strong><\/p>\n<p><strong>KAYNAMA NOKTASI: 667,9 \u00b0C<\/strong><\/p>\n<p><strong>PH DERECES\u0130: 5,0-7,5<\/strong><\/p>\n<p><strong>\u00c7\u00d6Z\u00dcN\u00dcRL\u00dcK: Su, etanol, eter ve seyreltik mineralde \u00e7\u00f6z\u00fcnmez. Sodyum hidroksit \u00e7\u00f6zeltisinde \u00e7\u00f6z\u00fcn\u00fcr.<\/strong><\/p>\n<p><strong>\u00a0<\/strong><\/p>\n<p><strong>KULLANIM ALANLARI<\/strong><\/p>\n<p><strong>En \u00e7ok ila\u00e7, g\u0131da ve kozmetik m\u00fcstahzarlarda kullan\u0131lmaktad\u0131r.<\/strong><\/p>\n<p><strong>Kozmetik sekt\u00f6r\u00fcnde a\u015f\u0131nd\u0131r\u0131c\u0131, emici, topaklanma \u00f6nleyici, sulu viskozite art\u0131r\u0131c\u0131, ba\u011flay\u0131c\u0131, hacim art\u0131r\u0131c\u0131, em\u00fclsiyon stabilizat\u00f6r\u00fc, kayma d\u00fczenleyici ve tekst\u00fcre edici olarak kullan\u0131lmaktad\u0131r.<\/strong><\/p>\n<p><strong>So\u011fuk alg\u0131nl\u0131\u011f\u0131 ve ate\u015f d\u00fc\u015f\u00fcr\u00fcc\u00fc ila\u00e7lar\u0131n \u00fcretiminde kullan\u0131l\u0131r.<\/strong><\/p>\n<p><strong>S\u00fctl\u00fc \u00e7ikolata imalat\u0131nda k\u0131vam vermek ve partik\u00fclleri as\u0131l\u0131 tutmak i\u00e7in kullan\u0131l\u0131r. Bu sayede daha az s\u00fct kullan\u0131m\u0131 da sa\u011flan\u0131r.<\/strong><\/p>\n<p><strong>Tablet form\u00fclasyonlar\u0131nda s\u0131k\u0131\u015ft\u0131ra bilirlik \u00f6zelli\u011finden dolay\u0131 \u015farap \u00fcretiminde kontroll\u00fc fermantasyon yap\u0131lmas\u0131 amac\u0131yla sal\u0131m tabletleri i\u00e7eri\u011finde kullan\u0131l\u0131r.<\/strong><\/p>\n<p><strong>F\u0131r\u0131nc\u0131l\u0131k ve et uygulamalar\u0131nda ya\u011f ikame maddesi olarak kullan\u0131l\u0131r.<\/strong><\/p>\n<p><strong>Peynir alt\u0131 suyu protein tozlar\u0131nda ve peynir alt\u0131 suyu i\u00e7eren i\u00e7eceklerde kullan\u0131lmaktad\u0131r.<\/strong><\/p>\n<p><strong>Polilaktik asit ile birle\u015ftirildi\u011finde 3D bask\u0131 i\u00e7in ideal olan bozunabilir biyo-kompozitlerdir.<\/strong><\/p>\n<p><strong>Glikoz birimlerinden olu\u015fan bir karbonhidrat polimeridir. G\u0131da takviyesi \u00fcreten firmalarda fiber kayna\u011f\u0131 ve hacim art\u0131r\u0131c\u0131 olarak kullan\u0131lmaktad\u0131r.<\/strong><\/p>\n<p><strong>Tekstil end\u00fcstrisinde kal\u0131nl\u0131\u011f\u0131 ve su buhar\u0131 ge\u00e7irgenli\u011fini iyile\u015ftirmek i\u00e7in kullan\u0131l\u0131r.<\/strong><\/p>\n<p><strong>Ekstr\u00fcdatlar\u0131n kalsinasyonu s\u0131ras\u0131nda yan\u0131c\u0131 dolgu maddesi \u00f6zelli\u011finden kaynakl\u0131 AV\u0130CEL PH 101 kullan\u0131l\u0131r. Bu sayede ya\u011flay\u0131c\u0131 ve ba\u011flay\u0131c\u0131 bir maddeye ihtiya\u00e7 duyulmaz.<\/strong><\/p>\n<p><strong>Haz\u0131r soslarda, \u00e7orbalarda ve i\u00e7eceklerde kat\u0131la\u015fma \u00f6nleyici ve hacim art\u0131r\u0131c\u0131 ajan olarak kullan\u0131l\u0131r.<\/strong><\/p>\n<p><strong>Mayonezde ya\u011f alternatifi olarak da i\u015flev g\u00f6r\u00fcr. \u00dcr\u00fcne doku kazand\u0131r\u0131r, bile\u015fenlerin kar\u0131\u015f\u0131m\u0131n\u0131 stabilize eder ve ayn\u0131 zamanda herhangi bir \u0131s\u0131l de\u011feri yoktur.<\/strong><\/p>\n<p><strong>Bebek pudras\u0131nda y\u00fcksek emilim kapasitesi ve d\u00fc\u015f\u00fck yo\u011funlu\u011fundan faydalanarak kullan\u0131l\u0131r.<\/strong><\/p>\n<p><strong>Vernik \u00fcretiminde \u00e7izilme direncini artt\u0131rmak amac\u0131yla kullan\u0131l\u0131r.<\/strong><\/p>\n<p><strong>\u0130stiridye mantar\u0131 \u00fcretiminde misel sal\u0131m\u0131n\u0131 art\u0131rmak i\u00e7in posalar\u0131n i\u00e7erisinde karboksimetil sel\u00fcl\u00f6z kullan\u0131l\u0131r.<\/strong><\/p>\n<p><strong>Deterjanda ve kaplamalarda kullan\u0131l\u0131r.<\/strong><\/p>\n<p><strong>Silika ikame maddesi olarak kullan\u0131l\u0131r.<\/strong><\/p>\n<p><strong>Kozmetik kremlerde em\u00fclgat\u00f6r olarak kullan\u0131l\u0131r.<\/strong><\/p>\n<p><strong>S\u0131v\u0131 ve dondurulmu\u015f yo\u011furt \u00fcretiminde k\u0131vam vermek ve meyve par\u00e7ac\u0131klar\u0131n\u0131 ya da di\u011fer kat\u0131 par\u00e7ac\u0131klar\u0131n\u0131 yo\u011furt i\u00e7erisinde as\u0131l\u0131 kalmas\u0131n\u0131 sa\u011flamak amac\u0131yla kullan\u0131l\u0131r.<\/strong><\/p>\n<p><strong>\u00a0<\/strong><\/p>\n<p><strong>AMBALAJ<\/strong><\/p>\n<p><strong>1-5-25 kg torbalar halinde<\/strong><\/p>\n<p><strong>\u00a0<\/strong><\/p>\n<p><strong>DEPOLAMA<\/strong><\/p>\n<p><strong>Serin ve kuru bir alanda iyi kapat\u0131lm\u0131\u015f bir kapta muhafaza esilmelidir.<\/strong><\/p>\n","protected":false},"excerpt":{"rendered":"<p>AV\u0130CEL PH 101-102 (M\u0130KROKR\u0130STAL\u0130N SEL\u00dcL\u00d6Z) AV\u0130CEL mikrokristalin sel\u00fcl\u00f6z, C14H26O11 form\u00fcl\u00fcne sahip do\u011fadaki b\u00fct\u00fcn bitkilerde do\u011fal olarak bulunan ince toz, beyaz<\/p>\n","protected":false},"featured_media":17070,"comment_status":"open","ping_status":"closed","template":"","meta":{"_joinchat":[]},"product_cat":[74,76],"product_tag":[],"class_list":{"0":"post-17069","1":"product","2":"type-product","3":"status-publish","4":"has-post-thumbnail","6":"product_cat-deterjan-ve-kozmetik-kimyasallari","7":"product_cat-gida-ve-katki-kimyasallari","9":"first","10":"instock","11":"shipping-taxable","12":"purchasable","13":"product-type-variable"},"yoast_head":"<!-- This site is optimized with the Yoast SEO Premium plugin v20.2.1 (Yoast SEO v20.2.1) - https:\/\/yoast.com\/wordpress\/plugins\/seo\/ -->\n<title>AV\u0130CEL PH 101-102 (M\u0130KROKR\u0130STAL\u0130N SEL\u00dcL\u00d6Z) - Akerkimya<\/title>\n<meta name=\"robots\" content=\"index, follow, max-snippet:-1, max-image-preview:large, max-video-preview:-1\" \/>\n<link rel=\"canonical\" href=\"https:\/\/akerkimya.com\/eticaret\/urun\/avicel-ph-101-102-mikrokristalin-seluloz\/\" \/>\n<meta property=\"og:locale\" content=\"tr_TR\" \/>\n<meta property=\"og:type\" content=\"article\" \/>\n<meta property=\"og:title\" content=\"AV\u0130CEL PH 101-102 (M\u0130KROKR\u0130STAL\u0130N SEL\u00dcL\u00d6Z)\" \/>\n<meta property=\"og:description\" content=\"AV\u0130CEL PH 101-102 (M\u0130KROKR\u0130STAL\u0130N SEL\u00dcL\u00d6Z) AV\u0130CEL mikrokristalin sel\u00fcl\u00f6z, C14H26O11 form\u00fcl\u00fcne sahip do\u011fadaki b\u00fct\u00fcn bitkilerde do\u011fal olarak bulunan ince toz, beyaz\" \/>\n<meta property=\"og:url\" content=\"https:\/\/akerkimya.com\/eticaret\/urun\/avicel-ph-101-102-mikrokristalin-seluloz\/\" \/>\n<meta property=\"og:site_name\" content=\"Akerkimya\" \/>\n<meta property=\"article:modified_time\" content=\"2026-04-28T06:15:20+00:00\" \/>\n<meta property=\"og:image\" content=\"https:\/\/akerkimya.com\/eticaret\/wp-content\/uploads\/2025\/01\/AVICEL-PH-101-102-MIKROKRISTALIN-SELULOZ-GUNCEL-.png\" \/>\n\t<meta property=\"og:image:width\" content=\"1000\" \/>\n\t<meta property=\"og:image:height\" content=\"1000\" \/>\n\t<meta property=\"og:image:type\" content=\"image\/png\" \/>\n<meta name=\"twitter:card\" content=\"summary_large_image\" \/>\n<meta name=\"twitter:label1\" content=\"Tahmini okuma s\u00fcresi\" \/>\n\t<meta name=\"twitter:data1\" content=\"3 dakika\" \/>\n<script type=\"application\/ld+json\" class=\"yoast-schema-graph\">{\"@context\":\"https:\/\/schema.org\",\"@graph\":[{\"@type\":\"WebPage\",\"@id\":\"https:\/\/akerkimya.com\/eticaret\/urun\/avicel-ph-101-102-mikrokristalin-seluloz\/\",\"url\":\"https:\/\/akerkimya.com\/eticaret\/urun\/avicel-ph-101-102-mikrokristalin-seluloz\/\",\"name\":\"AV\u0130CEL PH 101-102 (M\u0130KROKR\u0130STAL\u0130N SEL\u00dcL\u00d6Z) - Akerkimya\",\"isPartOf\":{\"@id\":\"https:\/\/akerkimya.com\/eticaret\/#website\"},\"datePublished\":\"2025-01-01T21:56:10+00:00\",\"dateModified\":\"2026-04-28T06:15:20+00:00\",\"breadcrumb\":{\"@id\":\"https:\/\/akerkimya.com\/eticaret\/urun\/avicel-ph-101-102-mikrokristalin-seluloz\/#breadcrumb\"},\"inLanguage\":\"tr\",\"potentialAction\":[{\"@type\":\"ReadAction\",\"target\":[\"https:\/\/akerkimya.com\/eticaret\/urun\/avicel-ph-101-102-mikrokristalin-seluloz\/\"]}]},{\"@type\":\"BreadcrumbList\",\"@id\":\"https:\/\/akerkimya.com\/eticaret\/urun\/avicel-ph-101-102-mikrokristalin-seluloz\/#breadcrumb\",\"itemListElement\":[{\"@type\":\"ListItem\",\"position\":1,\"name\":\"Home\",\"item\":\"https:\/\/akerkimya.com\/eticaret\/\"},{\"@type\":\"ListItem\",\"position\":2,\"name\":\"Market\",\"item\":\"https:\/\/akerkimya.com\/eticaret\/market\/\"},{\"@type\":\"ListItem\",\"position\":3,\"name\":\"AV\u0130CEL PH 101-102 (M\u0130KROKR\u0130STAL\u0130N SEL\u00dcL\u00d6Z)\"}]},{\"@type\":\"WebSite\",\"@id\":\"https:\/\/akerkimya.com\/eticaret\/#website\",\"url\":\"https:\/\/akerkimya.com\/eticaret\/\",\"name\":\"Akerkimya\",\"description\":\"\",\"potentialAction\":[{\"@type\":\"SearchAction\",\"target\":{\"@type\":\"EntryPoint\",\"urlTemplate\":\"https:\/\/akerkimya.com\/eticaret\/?s={search_term_string}\"},\"query-input\":\"required name=search_term_string\"}],\"inLanguage\":\"tr\"}]}<\/script>\n<!-- \/ Yoast SEO Premium plugin. -->","yoast_head_json":{"title":"AV\u0130CEL PH 101-102 (M\u0130KROKR\u0130STAL\u0130N SEL\u00dcL\u00d6Z) - Akerkimya","robots":{"index":"index","follow":"follow","max-snippet":"max-snippet:-1","max-image-preview":"max-image-preview:large","max-video-preview":"max-video-preview:-1"},"canonical":"https:\/\/akerkimya.com\/eticaret\/urun\/avicel-ph-101-102-mikrokristalin-seluloz\/","og_locale":"tr_TR","og_type":"article","og_title":"AV\u0130CEL PH 101-102 (M\u0130KROKR\u0130STAL\u0130N SEL\u00dcL\u00d6Z)","og_description":"AV\u0130CEL PH 101-102 (M\u0130KROKR\u0130STAL\u0130N SEL\u00dcL\u00d6Z) AV\u0130CEL mikrokristalin sel\u00fcl\u00f6z, C14H26O11 form\u00fcl\u00fcne sahip do\u011fadaki b\u00fct\u00fcn bitkilerde do\u011fal olarak bulunan ince toz, beyaz","og_url":"https:\/\/akerkimya.com\/eticaret\/urun\/avicel-ph-101-102-mikrokristalin-seluloz\/","og_site_name":"Akerkimya","article_modified_time":"2026-04-28T06:15:20+00:00","og_image":[{"width":1000,"height":1000,"url":"https:\/\/akerkimya.com\/eticaret\/wp-content\/uploads\/2025\/01\/AVICEL-PH-101-102-MIKROKRISTALIN-SELULOZ-GUNCEL-.png","type":"image\/png"}],"twitter_card":"summary_large_image","twitter_misc":{"Tahmini okuma s\u00fcresi":"3 dakika"},"schema":{"@context":"https:\/\/schema.org","@graph":[{"@type":"WebPage","@id":"https:\/\/akerkimya.com\/eticaret\/urun\/avicel-ph-101-102-mikrokristalin-seluloz\/","url":"https:\/\/akerkimya.com\/eticaret\/urun\/avicel-ph-101-102-mikrokristalin-seluloz\/","name":"AV\u0130CEL PH 101-102 (M\u0130KROKR\u0130STAL\u0130N SEL\u00dcL\u00d6Z) - Akerkimya","isPartOf":{"@id":"https:\/\/akerkimya.com\/eticaret\/#website"},"datePublished":"2025-01-01T21:56:10+00:00","dateModified":"2026-04-28T06:15:20+00:00","breadcrumb":{"@id":"https:\/\/akerkimya.com\/eticaret\/urun\/avicel-ph-101-102-mikrokristalin-seluloz\/#breadcrumb"},"inLanguage":"tr","potentialAction":[{"@type":"ReadAction","target":["https:\/\/akerkimya.com\/eticaret\/urun\/avicel-ph-101-102-mikrokristalin-seluloz\/"]}]},{"@type":"BreadcrumbList","@id":"https:\/\/akerkimya.com\/eticaret\/urun\/avicel-ph-101-102-mikrokristalin-seluloz\/#breadcrumb","itemListElement":[{"@type":"ListItem","position":1,"name":"Home","item":"https:\/\/akerkimya.com\/eticaret\/"},{"@type":"ListItem","position":2,"name":"Market","item":"https:\/\/akerkimya.com\/eticaret\/market\/"},{"@type":"ListItem","position":3,"name":"AV\u0130CEL PH 101-102 (M\u0130KROKR\u0130STAL\u0130N SEL\u00dcL\u00d6Z)"}]},{"@type":"WebSite","@id":"https:\/\/akerkimya.com\/eticaret\/#website","url":"https:\/\/akerkimya.com\/eticaret\/","name":"Akerkimya","description":"","potentialAction":[{"@type":"SearchAction","target":{"@type":"EntryPoint","urlTemplate":"https:\/\/akerkimya.com\/eticaret\/?s={search_term_string}"},"query-input":"required name=search_term_string"}],"inLanguage":"tr"}]}},"_links":{"self":[{"href":"https:\/\/akerkimya.com\/eticaret\/wp-json\/wp\/v2\/product\/17069","targetHints":{"allow":["GET"]}}],"collection":[{"href":"https:\/\/akerkimya.com\/eticaret\/wp-json\/wp\/v2\/product"}],"about":[{"href":"https:\/\/akerkimya.com\/eticaret\/wp-json\/wp\/v2\/types\/product"}],"replies":[{"embeddable":true,"href":"https:\/\/akerkimya.com\/eticaret\/wp-json\/wp\/v2\/comments?post=17069"}],"version-history":[{"count":2,"href":"https:\/\/akerkimya.com\/eticaret\/wp-json\/wp\/v2\/product\/17069\/revisions"}],"predecessor-version":[{"id":19154,"href":"https:\/\/akerkimya.com\/eticaret\/wp-json\/wp\/v2\/product\/17069\/revisions\/19154"}],"wp:featuredmedia":[{"embeddable":true,"href":"https:\/\/akerkimya.com\/eticaret\/wp-json\/wp\/v2\/media\/17070"}],"wp:attachment":[{"href":"https:\/\/akerkimya.com\/eticaret\/wp-json\/wp\/v2\/media?parent=17069"}],"wp:term":[{"taxonomy":"product_cat","embeddable":true,"href":"https:\/\/akerkimya.com\/eticaret\/wp-json\/wp\/v2\/product_cat?post=17069"},{"taxonomy":"product_tag","embeddable":true,"href":"https:\/\/akerkimya.com\/eticaret\/wp-json\/wp\/v2\/product_tag?post=17069"}],"curies":[{"name":"wp","href":"https:\/\/api.w.org\/{rel}","templated":true}]}}