{"id":17075,"date":"2025-01-02T00:59:39","date_gmt":"2025-01-01T21:59:39","guid":{"rendered":"https:\/\/akerkimya.com\/eticaret\/?post_type=product&#038;p=17075"},"modified":"2026-03-30T02:24:04","modified_gmt":"2026-03-29T23:24:04","slug":"betain-35","status":"publish","type":"product","link":"https:\/\/akerkimya.com\/eticaret\/urun\/betain-35\/","title":{"rendered":"BETA\u0130N 35"},"content":{"rendered":"<h1>BETA\u0130N 35<\/h1>\n<p><strong>Kimyasal form\u00fcl\u00fc C19H38N2O3 olan Amfoterik, iritasyon d\u00fc\u015f\u00fcr\u00fcc\u00fc, yumu\u015fak temizleme etkisi olan ikincil y\u00fczey aktif madde. Ayr\u0131ca, \u00fcr\u00fcn sert ve yumu\u015fak suda m\u00fckemmel k\u00f6p\u00fck \u00f6zelliklerine sahiptir. BETA\u0130N 35, \u015fampuanlar, du\u015f ve k\u00f6p\u00fck banyolar\u0131 ve s\u0131v\u0131 sabunlar gibi cilt ve sa\u00e7 temizli\u011fi i\u00e7in t\u00fcm \u00fcr\u00fcnlerde \u00e7ok hafif amfoterik y\u00fczey aktif madde olarak kullan\u0131l\u0131r. Di\u011fer isimler: Dimetil amino asetat, Cocam\u0131dopropyl betan CAPB\/CAB, Cocoamidepropilbetain,Lauramidopropylbetain,N-cocamidopropil-n, n-dimetilglisin,CAB-35<\/strong><\/p>\n<p><strong>\u00a0<\/strong><\/p>\n<p><strong>BETA\u0130N 35 TEKN\u0130K \u00d6ZELL\u0130KLER<\/strong><\/p>\n<p><strong>G\u00d6R\u00dcN\u00dcM\u00dc: A\u00e7\u0131k sar\u0131-\u015feffaf s\u0131v\u0131<\/strong><\/p>\n<p><strong>CAS NO: 61789-40-0<\/strong><\/p>\n<p><strong>EINECS NO: 263-058-8<\/strong><\/p>\n<p><strong>PUBCHEM: 20280<\/strong><\/p>\n<p><strong>CHEMSP\u0130DER: 19106<\/strong><\/p>\n<p><strong>FORM\u00dcL: C19H38N2O3<\/strong><\/p>\n<p><strong>MOLEK\u00dcLER A\u011eIRLIK: 342,52<\/strong><\/p>\n<p><strong>PH DE\u011eER\u0130:\u00a0 5,0-7,0<\/strong><\/p>\n<p><strong>AKT\u0130F MADDE: % 35<\/strong><\/p>\n<p><strong>\u00a0<\/strong><\/p>\n<p><strong>KULLANIM ALANLARI<\/strong><\/p>\n<p><strong>Temizlik kimyasal\u0131 olarak, antimikrobiyal ve amfoterik y\u00fczey aktif madde \u00f6zelliklerinden dolay\u0131 deterjanlarda tercih edilmektedir.<\/strong><\/p>\n<p><strong>Cocoamido Propil Betain\u00a0tahri\u015f d\u00fc\u015f\u00fcr\u00fcc\u00fc, kuvvetli temizleme \u00f6zelli\u011fine sahip amfoterik(asit ve bazlarla beraber tepkimeye girer) bir y\u00fczey aktif maddedir.<\/strong><\/p>\n<p><strong>Ayr\u0131ca k\u00f6p\u00fck yap\u0131c\u0131 ve\u00a0tonlama etkisi\u00a0olu\u015fuyla, \u015fampuan,\u00a0evde beslenen hayvan \u015fampuanlar\u0131,\u00a0el sabunu, s\u0131v\u0131 deterjan, du\u015f jeli, y\u00fcz temizleyici losyon, banyo k\u00f6p\u00fc\u011f\u00fc,\u00a0, di\u015f macunu\u00a0ba\u015fta olmak \u00fczere bir\u00e7ok ki\u015fisel bak\u0131m \u00fcr\u00fcn\u00fc imal\u00e2t\u0131nda yayg\u0131n kullan\u0131ma sahiptir, \u015fampuan ve el y\u0131kama s\u0131v\u0131lar\u0131 gibi nihai \u00fcr\u00fcnlerin temizlik ve yumu\u015fakl\u0131k verimlili\u011fini artt\u0131r\u0131r.<\/strong><\/p>\n<p><strong>Hassas ciltler i\u00e7in uygundur; tahri\u015f edici etkileri azaltt\u0131\u011f\u0131ndan bebek bak\u0131m \u00fcr\u00fcnlerinde ve \u00f6zel dermatolojik \u00fcretimlerde kullan\u0131l\u0131r\u00a0di\u011fer y\u00fczey aktif cisimlerinin neden oldu\u011fu deri tahri\u015fini azaltabilen ve cilde ve sa\u00e7a ho\u015f hissi veren hafif bir y\u00fczey aktif maddedir.<\/strong><\/p>\n<p><strong>\u00d6zellikle bebek \u015fampuan\u0131, bebek kabarc\u0131k banyosu ve bebek cilt bak\u0131m \u00fcr\u00fcnlerinde uygulama i\u00e7in uygundur.<\/strong><\/p>\n<p><strong>\u00a0Sa\u00e7 ve cilt bak\u0131m form\u00fclasyonlar\u0131nda m\u00fckemmel bir yumu\u015fakl\u0131k sa\u011flar sa\u00e7 kremi yap\u0131m\u0131na uygundur.<\/strong><\/p>\n<p><strong>Di\u011fer anyonik, katyonik ve noniyonik y\u00fczey aktif maddelerle uyumludur.<\/strong><\/p>\n<p><strong>Anyonik y\u00fczey aktif ajan uyumlulu\u011fu uygun miktarda olan bu \u00fcr\u00fcn, belirgin kal\u0131nla\u015fma etkisine sahiptir, ayn\u0131 zamanda bir krem, \u0131slatma maddesi, fungisit, anti-statik ajan, vb olarak da kullan\u0131l\u0131r.\u00a0Ayr\u0131ca, sert ve yumu\u015fak suda m\u00fckemmel k\u00f6p\u00fck \u00f6zelliklerine sahiptir.<\/strong><\/p>\n<p><strong>\u00a0Cocamidopropyl Betaine, hafif, biyolojik olarak par\u00e7alanabilir ve viskozite artt\u0131r\u0131c\u0131 bir s\u00fcrfaktan olup, ola\u011fan\u00fcst\u00fc viskozite, k\u00f6p\u00fck stabilizasyon kabiliyetine sahiptir.<\/strong><\/p>\n<p><strong>Betain 35 iyi bir kabarc\u0131k etkisine sahip oldu\u011fundan, ayn\u0131 zamanda petrol madencili\u011fi end\u00fcstrisinde de yayg\u0131n olarak kullan\u0131lan ana uygulama, bir viskozite red\u00fckt\u00f6r\u00fc, ya\u011f yer de\u011fi\u015ftirme maddesi ve k\u00f6p\u00fck maddesi olarak kullan\u0131l\u0131r. Y\u00fczey aktivitesini, , s\u0131z\u0131nt\u0131lar durdurma, ham petrol\u00fcn ya\u011f i\u00e7eren \u00e7amurunu s\u0131y\u0131rma, Ya\u011f\u0131n geri kazan\u0131m oran\u0131n\u0131 art\u0131r\u0131r.<\/strong><\/p>\n<p><strong>Hayvanc\u0131l\u0131k sekt\u00f6r\u00fcnde yem i\u00e7in g\u0131da katk\u0131 maddesi olarak ve kanatl\u0131 hayvanlar i\u00e7inde besin maddelerinde kullan\u0131lmaktad\u0131r.<\/strong><\/p>\n<p><strong>\u00d6nerilen dozaj: \u015eampuan ve kabarc\u0131k banyosunda 2-12%, kozmetikte 1-2% \u2018dir.<\/strong><\/p>\n<p><strong>UYARI: Cocamidopropyl Betaine (CAPB) 35 orta derecede mukavemetli bir y\u00fczey aktif cismidir. Normalde cilt veya m\u00fck\u00f6z zarlar\u0131 tahri\u015f etmez. Bununla birlikte, baz\u0131 ara\u015ft\u0131rmalar bunun bir alerjen oldu\u011funu belirtti. Betaine 35, kokamid (hindistancevizi ya\u011f\u0131ndan t\u00fcretilen bile\u015fiklerden olu\u015fan bir kar\u0131\u015f\u0131m) ve glisin betain (betainin bir formunun) bir t\u00fcrevidir. Betaine 35, hindistancevizi ya\u011f\u0131 kaynakl\u0131 oldu\u011fu i\u00e7in, do\u011fal olarak etiketlenmi\u015f baz\u0131 ki\u015fisel bak\u0131m \u00fcr\u00fcnleri bile i\u00e7eriyor. Cocamidopropyl Betaine (CAPB 35\u2019in g\u00fcvenli oldu\u011fu bilinmesine ra\u011fmen, baz\u0131 insanlar hala temas ettikten sonra olumsuz reaksiyon g\u00f6sterebilir.<\/strong><\/p>\n<p><strong>\u00a0<\/strong><\/p>\n<p><strong>AMBALAJ <\/strong><\/p>\n<p><strong>225 kg variller halindedir.<\/strong><\/p>\n<p><strong>\u00a0<\/strong><\/p>\n<p><strong>DEPOLAMA <\/strong><\/p>\n<p><strong>Serin ve g\u00fcne\u015f almayan alanlarda muhafaza ediniz.<\/strong><\/p>\n","protected":false},"excerpt":{"rendered":"<p>BETA\u0130N 35 Kimyasal form\u00fcl\u00fc C19H38N2O3 olan Amfoterik, iritasyon d\u00fc\u015f\u00fcr\u00fcc\u00fc, yumu\u015fak temizleme etkisi olan ikincil y\u00fczey aktif madde. Ayr\u0131ca, \u00fcr\u00fcn sert<\/p>\n","protected":false},"featured_media":17076,"comment_status":"open","ping_status":"closed","template":"","meta":{"_joinchat":[]},"product_cat":[74],"product_tag":[],"class_list":{"0":"post-17075","1":"product","2":"type-product","3":"status-publish","4":"has-post-thumbnail","6":"product_cat-deterjan-ve-kozmetik-kimyasallari","8":"first","9":"instock","10":"shipping-taxable","11":"purchasable","12":"product-type-variable"},"yoast_head":"<!-- This site is optimized with the Yoast SEO Premium plugin v20.2.1 (Yoast SEO v20.2.1) - https:\/\/yoast.com\/wordpress\/plugins\/seo\/ -->\n<title>BETA\u0130N 35 - Akerkimya<\/title>\n<meta name=\"robots\" content=\"index, follow, max-snippet:-1, max-image-preview:large, max-video-preview:-1\" \/>\n<link rel=\"canonical\" href=\"https:\/\/akerkimya.com\/eticaret\/urun\/betain-35\/\" \/>\n<meta property=\"og:locale\" content=\"tr_TR\" \/>\n<meta property=\"og:type\" content=\"article\" \/>\n<meta property=\"og:title\" content=\"BETA\u0130N 35\" \/>\n<meta property=\"og:description\" content=\"BETA\u0130N 35 Kimyasal form\u00fcl\u00fc C19H38N2O3 olan Amfoterik, iritasyon d\u00fc\u015f\u00fcr\u00fcc\u00fc, yumu\u015fak temizleme etkisi olan ikincil y\u00fczey aktif madde. Ayr\u0131ca, \u00fcr\u00fcn sert\" \/>\n<meta property=\"og:url\" content=\"https:\/\/akerkimya.com\/eticaret\/urun\/betain-35\/\" \/>\n<meta property=\"og:site_name\" content=\"Akerkimya\" \/>\n<meta property=\"article:modified_time\" content=\"2026-03-29T23:24:04+00:00\" \/>\n<meta property=\"og:image\" content=\"https:\/\/akerkimya.com\/eticaret\/wp-content\/uploads\/2025\/01\/BETAIN-35-GUNCEL-.png\" \/>\n\t<meta property=\"og:image:width\" content=\"1000\" \/>\n\t<meta property=\"og:image:height\" content=\"1000\" \/>\n\t<meta property=\"og:image:type\" content=\"image\/png\" \/>\n<meta name=\"twitter:card\" content=\"summary_large_image\" \/>\n<meta name=\"twitter:label1\" content=\"Tahmini okuma s\u00fcresi\" \/>\n\t<meta name=\"twitter:data1\" content=\"3 dakika\" \/>\n<script type=\"application\/ld+json\" class=\"yoast-schema-graph\">{\"@context\":\"https:\/\/schema.org\",\"@graph\":[{\"@type\":\"WebPage\",\"@id\":\"https:\/\/akerkimya.com\/eticaret\/urun\/betain-35\/\",\"url\":\"https:\/\/akerkimya.com\/eticaret\/urun\/betain-35\/\",\"name\":\"BETA\u0130N 35 - Akerkimya\",\"isPartOf\":{\"@id\":\"https:\/\/akerkimya.com\/eticaret\/#website\"},\"datePublished\":\"2025-01-01T21:59:39+00:00\",\"dateModified\":\"2026-03-29T23:24:04+00:00\",\"breadcrumb\":{\"@id\":\"https:\/\/akerkimya.com\/eticaret\/urun\/betain-35\/#breadcrumb\"},\"inLanguage\":\"tr\",\"potentialAction\":[{\"@type\":\"ReadAction\",\"target\":[\"https:\/\/akerkimya.com\/eticaret\/urun\/betain-35\/\"]}]},{\"@type\":\"BreadcrumbList\",\"@id\":\"https:\/\/akerkimya.com\/eticaret\/urun\/betain-35\/#breadcrumb\",\"itemListElement\":[{\"@type\":\"ListItem\",\"position\":1,\"name\":\"Home\",\"item\":\"https:\/\/akerkimya.com\/eticaret\/\"},{\"@type\":\"ListItem\",\"position\":2,\"name\":\"Market\",\"item\":\"https:\/\/akerkimya.com\/eticaret\/market\/\"},{\"@type\":\"ListItem\",\"position\":3,\"name\":\"BETA\u0130N 35\"}]},{\"@type\":\"WebSite\",\"@id\":\"https:\/\/akerkimya.com\/eticaret\/#website\",\"url\":\"https:\/\/akerkimya.com\/eticaret\/\",\"name\":\"Akerkimya\",\"description\":\"\",\"potentialAction\":[{\"@type\":\"SearchAction\",\"target\":{\"@type\":\"EntryPoint\",\"urlTemplate\":\"https:\/\/akerkimya.com\/eticaret\/?s={search_term_string}\"},\"query-input\":\"required name=search_term_string\"}],\"inLanguage\":\"tr\"}]}<\/script>\n<!-- \/ Yoast SEO Premium plugin. -->","yoast_head_json":{"title":"BETA\u0130N 35 - Akerkimya","robots":{"index":"index","follow":"follow","max-snippet":"max-snippet:-1","max-image-preview":"max-image-preview:large","max-video-preview":"max-video-preview:-1"},"canonical":"https:\/\/akerkimya.com\/eticaret\/urun\/betain-35\/","og_locale":"tr_TR","og_type":"article","og_title":"BETA\u0130N 35","og_description":"BETA\u0130N 35 Kimyasal form\u00fcl\u00fc C19H38N2O3 olan Amfoterik, iritasyon d\u00fc\u015f\u00fcr\u00fcc\u00fc, yumu\u015fak temizleme etkisi olan ikincil y\u00fczey aktif madde. Ayr\u0131ca, \u00fcr\u00fcn sert","og_url":"https:\/\/akerkimya.com\/eticaret\/urun\/betain-35\/","og_site_name":"Akerkimya","article_modified_time":"2026-03-29T23:24:04+00:00","og_image":[{"width":1000,"height":1000,"url":"https:\/\/akerkimya.com\/eticaret\/wp-content\/uploads\/2025\/01\/BETAIN-35-GUNCEL-.png","type":"image\/png"}],"twitter_card":"summary_large_image","twitter_misc":{"Tahmini okuma s\u00fcresi":"3 dakika"},"schema":{"@context":"https:\/\/schema.org","@graph":[{"@type":"WebPage","@id":"https:\/\/akerkimya.com\/eticaret\/urun\/betain-35\/","url":"https:\/\/akerkimya.com\/eticaret\/urun\/betain-35\/","name":"BETA\u0130N 35 - Akerkimya","isPartOf":{"@id":"https:\/\/akerkimya.com\/eticaret\/#website"},"datePublished":"2025-01-01T21:59:39+00:00","dateModified":"2026-03-29T23:24:04+00:00","breadcrumb":{"@id":"https:\/\/akerkimya.com\/eticaret\/urun\/betain-35\/#breadcrumb"},"inLanguage":"tr","potentialAction":[{"@type":"ReadAction","target":["https:\/\/akerkimya.com\/eticaret\/urun\/betain-35\/"]}]},{"@type":"BreadcrumbList","@id":"https:\/\/akerkimya.com\/eticaret\/urun\/betain-35\/#breadcrumb","itemListElement":[{"@type":"ListItem","position":1,"name":"Home","item":"https:\/\/akerkimya.com\/eticaret\/"},{"@type":"ListItem","position":2,"name":"Market","item":"https:\/\/akerkimya.com\/eticaret\/market\/"},{"@type":"ListItem","position":3,"name":"BETA\u0130N 35"}]},{"@type":"WebSite","@id":"https:\/\/akerkimya.com\/eticaret\/#website","url":"https:\/\/akerkimya.com\/eticaret\/","name":"Akerkimya","description":"","potentialAction":[{"@type":"SearchAction","target":{"@type":"EntryPoint","urlTemplate":"https:\/\/akerkimya.com\/eticaret\/?s={search_term_string}"},"query-input":"required name=search_term_string"}],"inLanguage":"tr"}]}},"_links":{"self":[{"href":"https:\/\/akerkimya.com\/eticaret\/wp-json\/wp\/v2\/product\/17075","targetHints":{"allow":["GET"]}}],"collection":[{"href":"https:\/\/akerkimya.com\/eticaret\/wp-json\/wp\/v2\/product"}],"about":[{"href":"https:\/\/akerkimya.com\/eticaret\/wp-json\/wp\/v2\/types\/product"}],"replies":[{"embeddable":true,"href":"https:\/\/akerkimya.com\/eticaret\/wp-json\/wp\/v2\/comments?post=17075"}],"version-history":[{"count":2,"href":"https:\/\/akerkimya.com\/eticaret\/wp-json\/wp\/v2\/product\/17075\/revisions"}],"predecessor-version":[{"id":18163,"href":"https:\/\/akerkimya.com\/eticaret\/wp-json\/wp\/v2\/product\/17075\/revisions\/18163"}],"wp:featuredmedia":[{"embeddable":true,"href":"https:\/\/akerkimya.com\/eticaret\/wp-json\/wp\/v2\/media\/17076"}],"wp:attachment":[{"href":"https:\/\/akerkimya.com\/eticaret\/wp-json\/wp\/v2\/media?parent=17075"}],"wp:term":[{"taxonomy":"product_cat","embeddable":true,"href":"https:\/\/akerkimya.com\/eticaret\/wp-json\/wp\/v2\/product_cat?post=17075"},{"taxonomy":"product_tag","embeddable":true,"href":"https:\/\/akerkimya.com\/eticaret\/wp-json\/wp\/v2\/product_tag?post=17075"}],"curies":[{"name":"wp","href":"https:\/\/api.w.org\/{rel}","templated":true}]}}