{"id":17079,"date":"2025-01-02T01:04:39","date_gmt":"2025-01-01T22:04:39","guid":{"rendered":"https:\/\/akerkimya.com\/eticaret\/?post_type=product&#038;p=17079"},"modified":"2026-03-30T02:24:04","modified_gmt":"2026-03-29T23:24:04","slug":"biberiye-yagi","status":"publish","type":"product","link":"https:\/\/akerkimya.com\/eticaret\/urun\/biberiye-yagi\/","title":{"rendered":"B\u0130BER\u0130YE YA\u011eI"},"content":{"rendered":"<h1>B\u0130BER\u0130YE YA\u011eI<\/h1>\n<p><strong>Biberiye ya\u011f\u0131, biberiye bitkisinin yapraklar\u0131ndan elde edilen u\u00e7ucu bir s\u0131v\u0131d\u0131r.<\/strong><\/p>\n<p><strong>\u00a0<\/strong><\/p>\n<p><strong>B\u0130BER\u0130YE YA\u011eI \u00d6ZELL\u0130KLER\u0130<\/strong><\/p>\n<p><strong>Renksiz veya soluk sar\u0131, soluk ye\u015fil renginde likit malzemedir.<\/strong><\/p>\n<p><strong>Kafur odunsu bir kokusu vard\u0131r.<\/strong><\/p>\n<p><strong>Toksik bir madde de\u011fildir.<\/strong><\/p>\n<p><strong>\u00a0<\/strong><\/p>\n<p><strong>TEKN\u0130K \u00d6ZELL\u0130KLER\u0130<\/strong><\/p>\n<p><strong>CAS NUMARASI: 84604-14-8<\/strong><\/p>\n<p><strong>EINECS: 283-291-9<\/strong><\/p>\n<p><strong>K\u0130MYASAL \u0130SM\u0130: Biberiye ya\u011f\u0131, Rosemary oil<\/strong><\/p>\n<p><strong>BA\u011eIL YO\u011eUNLUK:<\/strong><\/p>\n<p><strong>KIRILMA \u0130NDEKS\u0130<\/strong><\/p>\n<p><strong>PARLAMA NOKTASI<\/strong><\/p>\n<p><strong>\u00a0<\/strong><\/p>\n<p><strong>KULLANIM ALANLARI<\/strong><\/p>\n<p><strong>G\u0131da sekt\u00f6r\u00fcnde, i\u00e7ecekler ve yiyeceklerde aroma verici g\u0131da takviyesi olarak kullan\u0131lmaktad\u0131r.<\/strong><\/p>\n<p><strong>Hayvan yemlerinde ve ila\u00e7lar\u0131nda, sindirim uyar\u0131c\u0131s\u0131 ve antibakteriyel, antiseptik \u00f6zelliklerinden dolay\u0131 kullan\u0131l\u0131r.<\/strong><\/p>\n<p><strong>Sa\u00e7 bak\u0131m\u0131nda, sa\u00e7 tellerini g\u00fc\u00e7lendirmek, sa\u00e7 derisini beslemek, kepek sorunu ve sa\u00e7 k\u0131r\u0131lmalar\u0131n\u0131 aza indirmek i\u00e7in kullan\u0131l\u0131r. Sa\u00e7\u0131n uzamas\u0131n\u0131 ve yumu\u015fak bir his vermesi nedeni ile de kullan\u0131l\u0131r.<\/strong><\/p>\n<p><strong>Antioksidan ya\u015flanma kar\u015f\u0131t\u0131 oldu\u011fu i\u00e7in kozmetik sekt\u00f6r\u00fcnde kullan\u0131l\u0131r.<\/strong><\/p>\n<p><strong>Cilt bak\u0131m\u0131nda, h\u00fccre yenilenmesini sa\u011flamak, ciltteki yaralar\u0131n iyile\u015fmesini sa\u011flamak i\u00e7in kullan\u0131l\u0131r.<\/strong><\/p>\n<p><strong>Canland\u0131r\u0131c\u0131 ve yat\u0131\u015ft\u0131r\u0131c\u0131 kokusu nedeniyle masaj ya\u011f\u0131 olarak kullan\u0131lmaktad\u0131r.<\/strong><\/p>\n<p><strong>B\u00f6cekleri uzakla\u015ft\u0131rmada kullan\u0131l\u0131r.<\/strong><\/p>\n<p><strong>Bir\u00e7ok hastal\u0131\u011f\u0131n tedavisinde kullan\u0131m\u0131 m\u00fcmk\u00fcnd\u00fcr. Bunlar, eklem ve kas a\u011fr\u0131l\u0131r\u0131n\u0131 dindirmek, mantar olu\u015fumunu \u00f6nlemek, enfeksiyon ve iltihab\u0131 yok etmek i\u00e7in kullan\u0131l\u0131r.<\/strong><\/p>\n<p><strong>Tansiyonu ve kolestrol\u00fc dengede tutmak, bron\u015fit ve sin\u00fczit tedavisinde, karaci\u011fer enzimlerini d\u00fczenlemede kullan\u0131l\u0131r.<\/strong><\/p>\n<p><strong>\u00a0<\/strong><\/p>\n<p><strong>AMBALAJ<\/strong><\/p>\n<p><strong>250-500 gr ve 1-5-20 kg bidonlar halinde<\/strong><\/p>\n<p><strong>\u00a0<\/strong><\/p>\n<p><strong>DEPOLAMA<\/strong><\/p>\n<p><strong>Serin ve kuru bir alanda muhafaza ediniz.<\/strong><\/p>\n","protected":false},"excerpt":{"rendered":"<p>B\u0130BER\u0130YE YA\u011eI Biberiye ya\u011f\u0131, biberiye bitkisinin yapraklar\u0131ndan elde edilen u\u00e7ucu bir s\u0131v\u0131d\u0131r. \u00a0 B\u0130BER\u0130YE YA\u011eI \u00d6ZELL\u0130KLER\u0130 Renksiz veya soluk sar\u0131,<\/p>\n","protected":false},"featured_media":17080,"comment_status":"open","ping_status":"closed","template":"","meta":{"_joinchat":[]},"product_cat":[74,76,81],"product_tag":[],"class_list":{"0":"post-17079","1":"product","2":"type-product","3":"status-publish","4":"has-post-thumbnail","6":"product_cat-deterjan-ve-kozmetik-kimyasallari","7":"product_cat-gida-ve-katki-kimyasallari","8":"product_cat-yem-katki-kimyasallari","10":"first","11":"instock","12":"shipping-taxable","13":"purchasable","14":"product-type-variable"},"yoast_head":"<!-- This site is optimized with the Yoast SEO Premium plugin v20.2.1 (Yoast SEO v20.2.1) - https:\/\/yoast.com\/wordpress\/plugins\/seo\/ -->\n<title>B\u0130BER\u0130YE YA\u011eI - Akerkimya<\/title>\n<meta name=\"robots\" content=\"index, follow, max-snippet:-1, max-image-preview:large, max-video-preview:-1\" \/>\n<link rel=\"canonical\" href=\"https:\/\/akerkimya.com\/eticaret\/urun\/biberiye-yagi\/\" \/>\n<meta property=\"og:locale\" content=\"tr_TR\" \/>\n<meta property=\"og:type\" content=\"article\" \/>\n<meta property=\"og:title\" content=\"B\u0130BER\u0130YE YA\u011eI\" \/>\n<meta property=\"og:description\" content=\"B\u0130BER\u0130YE YA\u011eI Biberiye ya\u011f\u0131, biberiye bitkisinin yapraklar\u0131ndan elde edilen u\u00e7ucu bir s\u0131v\u0131d\u0131r. \u00a0 B\u0130BER\u0130YE YA\u011eI \u00d6ZELL\u0130KLER\u0130 Renksiz veya soluk sar\u0131,\" \/>\n<meta property=\"og:url\" content=\"https:\/\/akerkimya.com\/eticaret\/urun\/biberiye-yagi\/\" \/>\n<meta property=\"og:site_name\" content=\"Akerkimya\" \/>\n<meta property=\"article:modified_time\" content=\"2026-03-29T23:24:04+00:00\" \/>\n<meta property=\"og:image\" content=\"https:\/\/akerkimya.com\/eticaret\/wp-content\/uploads\/2025\/01\/BIBERIYE-YAGI-GUNCEL.jpeg\" \/>\n\t<meta property=\"og:image:width\" content=\"1000\" \/>\n\t<meta property=\"og:image:height\" content=\"1000\" \/>\n\t<meta property=\"og:image:type\" content=\"image\/jpeg\" \/>\n<meta name=\"twitter:card\" content=\"summary_large_image\" \/>\n<meta name=\"twitter:label1\" content=\"Tahmini okuma s\u00fcresi\" \/>\n\t<meta name=\"twitter:data1\" content=\"1 dakika\" \/>\n<script type=\"application\/ld+json\" class=\"yoast-schema-graph\">{\"@context\":\"https:\/\/schema.org\",\"@graph\":[{\"@type\":\"WebPage\",\"@id\":\"https:\/\/akerkimya.com\/eticaret\/urun\/biberiye-yagi\/\",\"url\":\"https:\/\/akerkimya.com\/eticaret\/urun\/biberiye-yagi\/\",\"name\":\"B\u0130BER\u0130YE YA\u011eI - Akerkimya\",\"isPartOf\":{\"@id\":\"https:\/\/akerkimya.com\/eticaret\/#website\"},\"datePublished\":\"2025-01-01T22:04:39+00:00\",\"dateModified\":\"2026-03-29T23:24:04+00:00\",\"breadcrumb\":{\"@id\":\"https:\/\/akerkimya.com\/eticaret\/urun\/biberiye-yagi\/#breadcrumb\"},\"inLanguage\":\"tr\",\"potentialAction\":[{\"@type\":\"ReadAction\",\"target\":[\"https:\/\/akerkimya.com\/eticaret\/urun\/biberiye-yagi\/\"]}]},{\"@type\":\"BreadcrumbList\",\"@id\":\"https:\/\/akerkimya.com\/eticaret\/urun\/biberiye-yagi\/#breadcrumb\",\"itemListElement\":[{\"@type\":\"ListItem\",\"position\":1,\"name\":\"Home\",\"item\":\"https:\/\/akerkimya.com\/eticaret\/\"},{\"@type\":\"ListItem\",\"position\":2,\"name\":\"Market\",\"item\":\"https:\/\/akerkimya.com\/eticaret\/market\/\"},{\"@type\":\"ListItem\",\"position\":3,\"name\":\"B\u0130BER\u0130YE YA\u011eI\"}]},{\"@type\":\"WebSite\",\"@id\":\"https:\/\/akerkimya.com\/eticaret\/#website\",\"url\":\"https:\/\/akerkimya.com\/eticaret\/\",\"name\":\"Akerkimya\",\"description\":\"\",\"potentialAction\":[{\"@type\":\"SearchAction\",\"target\":{\"@type\":\"EntryPoint\",\"urlTemplate\":\"https:\/\/akerkimya.com\/eticaret\/?s={search_term_string}\"},\"query-input\":\"required name=search_term_string\"}],\"inLanguage\":\"tr\"}]}<\/script>\n<!-- \/ Yoast SEO Premium plugin. -->","yoast_head_json":{"title":"B\u0130BER\u0130YE YA\u011eI - Akerkimya","robots":{"index":"index","follow":"follow","max-snippet":"max-snippet:-1","max-image-preview":"max-image-preview:large","max-video-preview":"max-video-preview:-1"},"canonical":"https:\/\/akerkimya.com\/eticaret\/urun\/biberiye-yagi\/","og_locale":"tr_TR","og_type":"article","og_title":"B\u0130BER\u0130YE YA\u011eI","og_description":"B\u0130BER\u0130YE YA\u011eI Biberiye ya\u011f\u0131, biberiye bitkisinin yapraklar\u0131ndan elde edilen u\u00e7ucu bir s\u0131v\u0131d\u0131r. \u00a0 B\u0130BER\u0130YE YA\u011eI \u00d6ZELL\u0130KLER\u0130 Renksiz veya soluk sar\u0131,","og_url":"https:\/\/akerkimya.com\/eticaret\/urun\/biberiye-yagi\/","og_site_name":"Akerkimya","article_modified_time":"2026-03-29T23:24:04+00:00","og_image":[{"width":1000,"height":1000,"url":"https:\/\/akerkimya.com\/eticaret\/wp-content\/uploads\/2025\/01\/BIBERIYE-YAGI-GUNCEL.jpeg","type":"image\/jpeg"}],"twitter_card":"summary_large_image","twitter_misc":{"Tahmini okuma s\u00fcresi":"1 dakika"},"schema":{"@context":"https:\/\/schema.org","@graph":[{"@type":"WebPage","@id":"https:\/\/akerkimya.com\/eticaret\/urun\/biberiye-yagi\/","url":"https:\/\/akerkimya.com\/eticaret\/urun\/biberiye-yagi\/","name":"B\u0130BER\u0130YE YA\u011eI - Akerkimya","isPartOf":{"@id":"https:\/\/akerkimya.com\/eticaret\/#website"},"datePublished":"2025-01-01T22:04:39+00:00","dateModified":"2026-03-29T23:24:04+00:00","breadcrumb":{"@id":"https:\/\/akerkimya.com\/eticaret\/urun\/biberiye-yagi\/#breadcrumb"},"inLanguage":"tr","potentialAction":[{"@type":"ReadAction","target":["https:\/\/akerkimya.com\/eticaret\/urun\/biberiye-yagi\/"]}]},{"@type":"BreadcrumbList","@id":"https:\/\/akerkimya.com\/eticaret\/urun\/biberiye-yagi\/#breadcrumb","itemListElement":[{"@type":"ListItem","position":1,"name":"Home","item":"https:\/\/akerkimya.com\/eticaret\/"},{"@type":"ListItem","position":2,"name":"Market","item":"https:\/\/akerkimya.com\/eticaret\/market\/"},{"@type":"ListItem","position":3,"name":"B\u0130BER\u0130YE YA\u011eI"}]},{"@type":"WebSite","@id":"https:\/\/akerkimya.com\/eticaret\/#website","url":"https:\/\/akerkimya.com\/eticaret\/","name":"Akerkimya","description":"","potentialAction":[{"@type":"SearchAction","target":{"@type":"EntryPoint","urlTemplate":"https:\/\/akerkimya.com\/eticaret\/?s={search_term_string}"},"query-input":"required name=search_term_string"}],"inLanguage":"tr"}]}},"_links":{"self":[{"href":"https:\/\/akerkimya.com\/eticaret\/wp-json\/wp\/v2\/product\/17079","targetHints":{"allow":["GET"]}}],"collection":[{"href":"https:\/\/akerkimya.com\/eticaret\/wp-json\/wp\/v2\/product"}],"about":[{"href":"https:\/\/akerkimya.com\/eticaret\/wp-json\/wp\/v2\/types\/product"}],"replies":[{"embeddable":true,"href":"https:\/\/akerkimya.com\/eticaret\/wp-json\/wp\/v2\/comments?post=17079"}],"version-history":[{"count":1,"href":"https:\/\/akerkimya.com\/eticaret\/wp-json\/wp\/v2\/product\/17079\/revisions"}],"predecessor-version":[{"id":17086,"href":"https:\/\/akerkimya.com\/eticaret\/wp-json\/wp\/v2\/product\/17079\/revisions\/17086"}],"wp:featuredmedia":[{"embeddable":true,"href":"https:\/\/akerkimya.com\/eticaret\/wp-json\/wp\/v2\/media\/17080"}],"wp:attachment":[{"href":"https:\/\/akerkimya.com\/eticaret\/wp-json\/wp\/v2\/media?parent=17079"}],"wp:term":[{"taxonomy":"product_cat","embeddable":true,"href":"https:\/\/akerkimya.com\/eticaret\/wp-json\/wp\/v2\/product_cat?post=17079"},{"taxonomy":"product_tag","embeddable":true,"href":"https:\/\/akerkimya.com\/eticaret\/wp-json\/wp\/v2\/product_tag?post=17079"}],"curies":[{"name":"wp","href":"https:\/\/api.w.org\/{rel}","templated":true}]}}