{"id":17101,"date":"2025-01-02T01:16:45","date_gmt":"2025-01-01T22:16:45","guid":{"rendered":"https:\/\/akerkimya.com\/eticaret\/?post_type=product&#038;p=17101"},"modified":"2026-05-04T15:17:08","modified_gmt":"2026-05-04T12:17:08","slug":"carbomerkarbopol","status":"publish","type":"product","link":"https:\/\/akerkimya.com\/eticaret\/urun\/carbomerkarbopol\/","title":{"rendered":"CARBOMER(KARBOPOL)"},"content":{"rendered":"<h1>CARBOMER(KARBOPOL)<\/h1>\n<p><strong>Carbomer; Akrilik asitlerin sentetik y\u00fcksek molek\u00fcler a\u011f\u0131rl\u0131kl\u0131 \u00e7apraz ba\u011fl\u0131 sentetik asit polimerleridir. Akrilik asidin homopolimerleri veya pentaeriritol allil eteri, s\u00fckroz allil eteri veya propilen allil eteri ile \u00e7apraz ba\u011flanabilirler. Suyu emme, tutma ve hacimlerini bir\u00e7ok kat\u0131na kadar \u015fi\u015firme \u00f6zelli\u011fine sahiptir.<\/strong><\/p>\n<p><strong>CARBOMER TEKN\u0130K \u00d6ZELL\u0130KLER\u00a0<\/strong><\/p>\n<p><strong>CAS NO: 9003-01-4<\/strong><\/p>\n<p><strong>RENK: Beyaz Kabar\u0131k Toz<\/strong><\/p>\n<p><strong>BERRAKLIK SODA:\u00a0 &gt;92-95 %<\/strong><\/p>\n<p><strong>V\u0130SKOZ\u0130TE\/0.2 SOL\u00dcSYON): 20000-30000 cps<\/strong><\/p>\n<p><strong>V\u0130SKOZ\u0130TE (0.5 SOL\u00dcSYON): 50000-60000 cps<\/strong><\/p>\n<p><strong>PH (0.5 SOL\u00dcSYON): 2,7-3,5<\/strong><\/p>\n<p><strong>YO\u011eUNLUK: 0,2-0,4<\/strong><\/p>\n<p><strong>KULLANIM ORANI: 0,2-1 %<\/strong><\/p>\n<p><strong>RAF \u00d6MR\u00dc: 24 ay(minimum)<\/strong><\/p>\n<p><strong>\u00a0<\/strong><\/p>\n<p><strong>KULLANIM ALANLARI<\/strong><\/p>\n<p><strong>Y\u00fcksek viskoziteye ve iyi bir yap\u0131\u015ft\u0131rma etkisine sahiptir.<\/strong><\/p>\n<p><strong>M\u00fckemmel bir jel metriksi ve kristal yap\u0131ya sahip olup g\u00fczel ho\u015f bir dokunma duygusu verir. Sa\u00e7 ve cilt bak\u0131m \u00fcr\u00fcnlerinde losyon, jel, krem, ba\u011flay\u0131c\u0131 ajan olarak kullan\u0131l\u0131r.<\/strong><\/p>\n<p><strong>Karbomerin basit s\u00fcre\u00e7 tekni\u011fi, iyi bir stabilitesi vard\u0131r. Ciltte ve g\u00f6z jellerinde kullan\u0131ld\u0131\u011f\u0131nda rahatlama hissettirir.<\/strong><\/p>\n<p><strong>Y\u00fcksek s\u0131cakl\u0131kta viskozitede ve kararl\u0131l\u0131kta de\u011fi\u015fkenlik g\u00f6stermez.<\/strong><\/p>\n<p><strong>Sulu \u00e7\u00f6zeltilerde k\u0131vamla\u015ft\u0131rma ajan\u0131 olarak kullan\u0131l\u0131r. Jel yap\u0131s\u0131 kolayca par\u00e7alan\u0131r, kesilip tekrar ba\u015flang\u0131\u00e7 haline d\u00f6ner. Nihai \u00fcr\u00fcne uygulanacak kesme\/inceltme i\u015flemi sayesinde \u00fcr\u00fcn pompalanabilir veya sprey haline getirilebilir. Berrakl\u0131\u011f\u0131 sayesinde y\u00fcksek \u015feffafl\u0131kta malzeme \u00fcretimi sa\u011flar.<\/strong><\/p>\n<p><strong>D\u00fc\u015f\u00fck dozda y\u00fcksek verim sa\u011flar. M\u00fckemmel bir k\u0131sa ak\u0131\u015f(damlatmayan)\u00f6zellik ve y\u00fcksek netlik sa\u011flar.<\/strong><\/p>\n<p><strong>Sulu \u00e7\u00f6zeltilerde z\u0131t y\u00fckl\u00fc polimerler(kitosan) vb. s\u00fcrfaktanlar ve ila\u00e7 molek\u00fclleri ile polikompleksler olu\u015fturabilir.<\/strong><\/p>\n<p><strong>Tek kullan\u0131ml\u0131k \u00e7ocuk bezlerinde, kad\u0131n pedlerinde kullan\u0131l\u0131r.<\/strong><\/p>\n<p><strong>\u0130yon de\u011fi\u015ftirici re\u00e7ine ve yap\u0131\u015ft\u0131r\u0131c\u0131larda kullan\u0131l\u0131r.<\/strong><\/p>\n<p><strong>\u0130la\u00e7, kozmetik, re\u015fo yak\u0131t\u0131(k\u0131v\u0131lc\u0131m alan berrak jel),ultrason jelleri ve boyalarda kal\u0131nla\u015fma, da\u011f\u0131tma, s\u00fcspanse etme ve em\u00fclsifiye edici olarak kullan\u0131l\u0131r.<\/strong><\/p>\n<p><strong>Cilt bak\u0131m\u0131 ve cilt hastal\u0131\u011f\u0131 tedavisi \u00fcr\u00fcnlerinde biyo-uyumlu matrisler elde etmede kullan\u0131l\u0131r.<\/strong><\/p>\n<p><strong>Karbomer topaklanma olu\u015fumunu engellemek i\u00e7in suya yava\u015f\u00e7a kar\u0131\u015ft\u0131r\u0131l\u0131r. Bir m\u00fcddet suda bekletilerek \u015fi\u015firildikten sona n\u00f6tralle\u015fir ve berrak bir jel elde edilir. Kullanaca\u011f\u0131 \u00fcr\u00fcne g\u00f6re organik bazlar(NaOH,KOH,NH4OH) veya organik aminler(TEA,AMP,AMPD)se\u00e7ilebilir.<\/strong><\/p>\n<p><strong>\u00a0<\/strong><\/p>\n<p><strong>AMBALAJ <\/strong><\/p>\n<p><strong>1-5-20 kg torbalar halinde <\/strong><\/p>\n<p><strong>\u00a0<\/strong><\/p>\n<p><strong>DEPOLAMA<\/strong><\/p>\n<p><strong>G\u00fcne\u015f \u0131\u015f\u0131\u011f\u0131na temas etmeyen kuru ve serin yerlerde muhafaza ediniz. Ambalaj a\u011fz\u0131n\u0131 kapal\u0131 tutunuz.<\/strong><\/p>\n","protected":false},"excerpt":{"rendered":"<p>CARBOMER(KARBOPOL) Carbomer; Akrilik asitlerin sentetik y\u00fcksek molek\u00fcler a\u011f\u0131rl\u0131kl\u0131 \u00e7apraz ba\u011fl\u0131 sentetik asit polimerleridir. Akrilik asidin homopolimerleri veya pentaeriritol allil eteri,<\/p>\n","protected":false},"featured_media":17102,"comment_status":"open","ping_status":"closed","template":"","meta":{"_joinchat":[]},"product_cat":[74],"product_tag":[],"class_list":{"0":"post-17101","1":"product","2":"type-product","3":"status-publish","4":"has-post-thumbnail","6":"product_cat-deterjan-ve-kozmetik-kimyasallari","8":"first","9":"instock","10":"shipping-taxable","11":"purchasable","12":"product-type-variable"},"yoast_head":"<!-- This site is optimized with the Yoast SEO Premium plugin v20.2.1 (Yoast SEO v20.2.1) - https:\/\/yoast.com\/wordpress\/plugins\/seo\/ -->\n<title>CARBOMER(KARBOPOL) - Akerkimya<\/title>\n<meta name=\"robots\" content=\"index, follow, max-snippet:-1, max-image-preview:large, max-video-preview:-1\" \/>\n<link rel=\"canonical\" href=\"https:\/\/akerkimya.com\/eticaret\/urun\/carbomerkarbopol\/\" \/>\n<meta property=\"og:locale\" content=\"tr_TR\" \/>\n<meta property=\"og:type\" content=\"article\" \/>\n<meta property=\"og:title\" content=\"CARBOMER(KARBOPOL)\" \/>\n<meta property=\"og:description\" content=\"CARBOMER(KARBOPOL) Carbomer; Akrilik asitlerin sentetik y\u00fcksek molek\u00fcler a\u011f\u0131rl\u0131kl\u0131 \u00e7apraz ba\u011fl\u0131 sentetik asit polimerleridir. Akrilik asidin homopolimerleri veya pentaeriritol allil eteri,\" \/>\n<meta property=\"og:url\" content=\"https:\/\/akerkimya.com\/eticaret\/urun\/carbomerkarbopol\/\" \/>\n<meta property=\"og:site_name\" content=\"Akerkimya\" \/>\n<meta property=\"article:modified_time\" content=\"2026-05-04T12:17:08+00:00\" \/>\n<meta property=\"og:image\" content=\"https:\/\/akerkimya.com\/eticaret\/wp-content\/uploads\/2025\/01\/carbomer-guncel-.png\" \/>\n\t<meta property=\"og:image:width\" content=\"1000\" \/>\n\t<meta property=\"og:image:height\" content=\"1000\" \/>\n\t<meta property=\"og:image:type\" content=\"image\/png\" \/>\n<meta name=\"twitter:card\" content=\"summary_large_image\" \/>\n<meta name=\"twitter:label1\" content=\"Tahmini okuma s\u00fcresi\" \/>\n\t<meta name=\"twitter:data1\" content=\"2 dakika\" \/>\n<script type=\"application\/ld+json\" class=\"yoast-schema-graph\">{\"@context\":\"https:\/\/schema.org\",\"@graph\":[{\"@type\":\"WebPage\",\"@id\":\"https:\/\/akerkimya.com\/eticaret\/urun\/carbomerkarbopol\/\",\"url\":\"https:\/\/akerkimya.com\/eticaret\/urun\/carbomerkarbopol\/\",\"name\":\"CARBOMER(KARBOPOL) - Akerkimya\",\"isPartOf\":{\"@id\":\"https:\/\/akerkimya.com\/eticaret\/#website\"},\"datePublished\":\"2025-01-01T22:16:45+00:00\",\"dateModified\":\"2026-05-04T12:17:08+00:00\",\"breadcrumb\":{\"@id\":\"https:\/\/akerkimya.com\/eticaret\/urun\/carbomerkarbopol\/#breadcrumb\"},\"inLanguage\":\"tr\",\"potentialAction\":[{\"@type\":\"ReadAction\",\"target\":[\"https:\/\/akerkimya.com\/eticaret\/urun\/carbomerkarbopol\/\"]}]},{\"@type\":\"BreadcrumbList\",\"@id\":\"https:\/\/akerkimya.com\/eticaret\/urun\/carbomerkarbopol\/#breadcrumb\",\"itemListElement\":[{\"@type\":\"ListItem\",\"position\":1,\"name\":\"Home\",\"item\":\"https:\/\/akerkimya.com\/eticaret\/\"},{\"@type\":\"ListItem\",\"position\":2,\"name\":\"Market\",\"item\":\"https:\/\/akerkimya.com\/eticaret\/market\/\"},{\"@type\":\"ListItem\",\"position\":3,\"name\":\"CARBOMER(KARBOPOL)\"}]},{\"@type\":\"WebSite\",\"@id\":\"https:\/\/akerkimya.com\/eticaret\/#website\",\"url\":\"https:\/\/akerkimya.com\/eticaret\/\",\"name\":\"Akerkimya\",\"description\":\"\",\"potentialAction\":[{\"@type\":\"SearchAction\",\"target\":{\"@type\":\"EntryPoint\",\"urlTemplate\":\"https:\/\/akerkimya.com\/eticaret\/?s={search_term_string}\"},\"query-input\":\"required name=search_term_string\"}],\"inLanguage\":\"tr\"}]}<\/script>\n<!-- \/ Yoast SEO Premium plugin. -->","yoast_head_json":{"title":"CARBOMER(KARBOPOL) - Akerkimya","robots":{"index":"index","follow":"follow","max-snippet":"max-snippet:-1","max-image-preview":"max-image-preview:large","max-video-preview":"max-video-preview:-1"},"canonical":"https:\/\/akerkimya.com\/eticaret\/urun\/carbomerkarbopol\/","og_locale":"tr_TR","og_type":"article","og_title":"CARBOMER(KARBOPOL)","og_description":"CARBOMER(KARBOPOL) Carbomer; Akrilik asitlerin sentetik y\u00fcksek molek\u00fcler a\u011f\u0131rl\u0131kl\u0131 \u00e7apraz ba\u011fl\u0131 sentetik asit polimerleridir. Akrilik asidin homopolimerleri veya pentaeriritol allil eteri,","og_url":"https:\/\/akerkimya.com\/eticaret\/urun\/carbomerkarbopol\/","og_site_name":"Akerkimya","article_modified_time":"2026-05-04T12:17:08+00:00","og_image":[{"width":1000,"height":1000,"url":"https:\/\/akerkimya.com\/eticaret\/wp-content\/uploads\/2025\/01\/carbomer-guncel-.png","type":"image\/png"}],"twitter_card":"summary_large_image","twitter_misc":{"Tahmini okuma s\u00fcresi":"2 dakika"},"schema":{"@context":"https:\/\/schema.org","@graph":[{"@type":"WebPage","@id":"https:\/\/akerkimya.com\/eticaret\/urun\/carbomerkarbopol\/","url":"https:\/\/akerkimya.com\/eticaret\/urun\/carbomerkarbopol\/","name":"CARBOMER(KARBOPOL) - Akerkimya","isPartOf":{"@id":"https:\/\/akerkimya.com\/eticaret\/#website"},"datePublished":"2025-01-01T22:16:45+00:00","dateModified":"2026-05-04T12:17:08+00:00","breadcrumb":{"@id":"https:\/\/akerkimya.com\/eticaret\/urun\/carbomerkarbopol\/#breadcrumb"},"inLanguage":"tr","potentialAction":[{"@type":"ReadAction","target":["https:\/\/akerkimya.com\/eticaret\/urun\/carbomerkarbopol\/"]}]},{"@type":"BreadcrumbList","@id":"https:\/\/akerkimya.com\/eticaret\/urun\/carbomerkarbopol\/#breadcrumb","itemListElement":[{"@type":"ListItem","position":1,"name":"Home","item":"https:\/\/akerkimya.com\/eticaret\/"},{"@type":"ListItem","position":2,"name":"Market","item":"https:\/\/akerkimya.com\/eticaret\/market\/"},{"@type":"ListItem","position":3,"name":"CARBOMER(KARBOPOL)"}]},{"@type":"WebSite","@id":"https:\/\/akerkimya.com\/eticaret\/#website","url":"https:\/\/akerkimya.com\/eticaret\/","name":"Akerkimya","description":"","potentialAction":[{"@type":"SearchAction","target":{"@type":"EntryPoint","urlTemplate":"https:\/\/akerkimya.com\/eticaret\/?s={search_term_string}"},"query-input":"required name=search_term_string"}],"inLanguage":"tr"}]}},"_links":{"self":[{"href":"https:\/\/akerkimya.com\/eticaret\/wp-json\/wp\/v2\/product\/17101","targetHints":{"allow":["GET"]}}],"collection":[{"href":"https:\/\/akerkimya.com\/eticaret\/wp-json\/wp\/v2\/product"}],"about":[{"href":"https:\/\/akerkimya.com\/eticaret\/wp-json\/wp\/v2\/types\/product"}],"replies":[{"embeddable":true,"href":"https:\/\/akerkimya.com\/eticaret\/wp-json\/wp\/v2\/comments?post=17101"}],"version-history":[{"count":1,"href":"https:\/\/akerkimya.com\/eticaret\/wp-json\/wp\/v2\/product\/17101\/revisions"}],"predecessor-version":[{"id":17106,"href":"https:\/\/akerkimya.com\/eticaret\/wp-json\/wp\/v2\/product\/17101\/revisions\/17106"}],"wp:featuredmedia":[{"embeddable":true,"href":"https:\/\/akerkimya.com\/eticaret\/wp-json\/wp\/v2\/media\/17102"}],"wp:attachment":[{"href":"https:\/\/akerkimya.com\/eticaret\/wp-json\/wp\/v2\/media?parent=17101"}],"wp:term":[{"taxonomy":"product_cat","embeddable":true,"href":"https:\/\/akerkimya.com\/eticaret\/wp-json\/wp\/v2\/product_cat?post=17101"},{"taxonomy":"product_tag","embeddable":true,"href":"https:\/\/akerkimya.com\/eticaret\/wp-json\/wp\/v2\/product_tag?post=17101"}],"curies":[{"name":"wp","href":"https:\/\/api.w.org\/{rel}","templated":true}]}}