{"id":17107,"date":"2025-01-02T02:46:03","date_gmt":"2025-01-01T23:46:03","guid":{"rendered":"https:\/\/akerkimya.com\/eticaret\/?post_type=product&#038;p=17107"},"modified":"2026-03-30T02:24:04","modified_gmt":"2026-03-29T23:24:04","slug":"sodyum-bentonit","status":"publish","type":"product","link":"https:\/\/akerkimya.com\/eticaret\/urun\/sodyum-bentonit\/","title":{"rendered":"SODYUM BENTON\u0130T"},"content":{"rendered":"<h1>SODYUM BENTON\u0130T<\/h1>\n<p><strong>Al\u00fcminyum ve magnezyum bak\u0131m\u0131ndan zengin volkanik t\u00fcf, k\u00fcl ve lavlar\u0131n kimyasal ayr\u0131\u015fmas\u0131 sonucu olu\u015fmu\u015f, a\u011f\u0131rl\u0131kl\u0131 olarak ta montmorillonit i\u00e7eren killerdir. Bentonit sanayiden tar\u0131ma bir\u00e7ok alanda kullan\u0131lan \u00e7ok y\u00f6nl\u00fc bir kildir.<\/strong><\/p>\n<p><strong>\u00a0<\/strong><\/p>\n<p><strong>SODYUM BENTON\u0130T \u00d6ZELL\u0130KLER\u0130<\/strong><\/p>\n<p><strong>\u00c7ok ince tanelidir.<\/strong><\/p>\n<p><strong>Sodyum Bentonit, yumu\u015fak bir yap\u0131dad\u0131r ve a\u00e7\u0131k renktedir.<\/strong><\/p>\n<p><strong>Su ile temasa ge\u00e7ince \u015fi\u015fme \u00f6zelli\u011fi g\u00f6sterir.<\/strong><\/p>\n<p><strong>Hacminin 10-15 kat\u0131 kadar su emme \u00f6zelli\u011fine sahiptir.<\/strong><\/p>\n<p><strong>Sodyum Bentonit, ba\u011flay\u0131c\u0131 \u00f6zelli\u011fe sahiptir.<\/strong><\/p>\n<p><strong>Kabuklanmay\u0131 minimuma indirir.<\/strong><\/p>\n<p><strong>Y\u00fcksek viskoziteye sahiptir.<\/strong><\/p>\n<p><strong>Sodyum Bentonit, jel yapma ve kayganl\u0131k \u00f6zelli\u011fi vard\u0131r.<\/strong><\/p>\n<p><strong>Kal\u0131pta deformasyonu ve geni\u015flemeyi \u00f6nler.<\/strong><\/p>\n<p><strong>\u00a0<\/strong><\/p>\n<p><strong>TEKN\u0130K \u00d6ZEL\u0130KLER\u0130<\/strong><\/p>\n<p><strong>GENEL FORM\u00dcL\u00dc: AI4S\u01308O20(OH)4Nh2O<\/strong><\/p>\n<p><strong>RENKLER\u0130: Beyaz, a\u00e7\u0131k sar\u0131, pembemsi bej, a\u00e7\u0131k pembe<\/strong><\/p>\n<p><strong>KURU HALDEK\u0130 YO\u011eUNLUK:2,7-2,8 g.cm3<\/strong><\/p>\n<p><strong>\u00a0<\/strong><\/p>\n<p><strong>KULLANIM ALANLARI<\/strong><\/p>\n<p><strong>Ba\u011flay\u0131c\u0131 \u00f6zelli\u011finden dolay\u0131 demir paletlemede kullan\u0131l\u0131r. Hem paletteki serbest suyun kontrol\u00fcnde hem de \u00f6n \u0131s\u0131tma i\u015flemleri s\u0131ras\u0131nda paletin da\u011f\u0131lmas\u0131n\u0131 \u00f6nlemede kullan\u0131l\u0131r.<\/strong><\/p>\n<p><strong>Sodyum Bentonit, d\u00f6k\u00fcmde kullan\u0131lan silis kumuna eklenerek ba\u011flay\u0131c\u0131l\u0131k \u00f6zelli\u011fi kazand\u0131r\u0131l\u0131r.<\/strong><\/p>\n<p><strong>Sondaj \u00e7amurundaki barit partik\u00fcllerinin ask\u0131da tutulmas\u0131nda kullan\u0131l\u0131r.<\/strong><\/p>\n<p><strong>Kayganl\u0131k \u00f6zelli\u011finden dolay\u0131 matkapta, kuyuda ve sondaj dizisinde \u00e7ok iyi bir ya\u011flama g\u00f6revi yapar.<\/strong><\/p>\n<p><strong>Sodyum Bentonit, su ka\u00e7aklar\u0131n\u0131n \u00f6nlenmesini sa\u011flar.<\/strong><\/p>\n<p><strong>\u0130n\u015faat sekt\u00f6r\u00fcnde temel ve baraj yap\u0131lar\u0131nda su ve s\u0131v\u0131 s\u0131zd\u0131rmazl\u0131\u011f\u0131n\u0131n elde edilmesinde kullan\u0131l\u0131r.<\/strong><\/p>\n<p><strong>Meyve sular\u0131 ve \u015faraplar\u0131n berrakla\u015ft\u0131r\u0131lmas\u0131nda kullan\u0131l\u0131r.<\/strong><\/p>\n<p><strong>AMBALAJ <\/strong><\/p>\n<p><strong>1-5-25-50 kg torbalar 1000 kg bigbag halinde<\/strong><\/p>\n<p><strong>\u00a0<\/strong><\/p>\n<p><strong>DEPOLAMA<\/strong><\/p>\n<p><strong>G\u00fcne\u015f \u0131\u015f\u0131\u011f\u0131na temas etmeyen kuru ve serin yerlerde muhafaza ediniz.<\/strong><\/p>\n<p><strong>\u00a0<\/strong><\/p>\n","protected":false},"excerpt":{"rendered":"<p>SODYUM BENTON\u0130T Al\u00fcminyum ve magnezyum bak\u0131m\u0131ndan zengin volkanik t\u00fcf, k\u00fcl ve lavlar\u0131n kimyasal ayr\u0131\u015fmas\u0131 sonucu olu\u015fmu\u015f, a\u011f\u0131rl\u0131kl\u0131 olarak ta montmorillonit<\/p>\n","protected":false},"featured_media":17108,"comment_status":"open","ping_status":"closed","template":"","meta":{"_joinchat":[]},"product_cat":[70],"product_tag":[],"class_list":{"0":"post-17107","1":"product","2":"type-product","3":"status-publish","4":"has-post-thumbnail","6":"product_cat-boya-ve-yapi-kimyasallar","8":"first","9":"instock","10":"shipping-taxable","11":"purchasable","12":"product-type-variable"},"yoast_head":"<!-- This site is optimized with the Yoast SEO Premium plugin v20.2.1 (Yoast SEO v20.2.1) - https:\/\/yoast.com\/wordpress\/plugins\/seo\/ -->\n<title>SODYUM BENTON\u0130T - Akerkimya<\/title>\n<meta name=\"robots\" content=\"index, follow, max-snippet:-1, max-image-preview:large, max-video-preview:-1\" \/>\n<link rel=\"canonical\" href=\"https:\/\/akerkimya.com\/eticaret\/urun\/sodyum-bentonit\/\" \/>\n<meta property=\"og:locale\" content=\"tr_TR\" \/>\n<meta property=\"og:type\" content=\"article\" \/>\n<meta property=\"og:title\" content=\"SODYUM BENTON\u0130T\" \/>\n<meta property=\"og:description\" content=\"SODYUM BENTON\u0130T Al\u00fcminyum ve magnezyum bak\u0131m\u0131ndan zengin volkanik t\u00fcf, k\u00fcl ve lavlar\u0131n kimyasal ayr\u0131\u015fmas\u0131 sonucu olu\u015fmu\u015f, a\u011f\u0131rl\u0131kl\u0131 olarak ta montmorillonit\" \/>\n<meta property=\"og:url\" content=\"https:\/\/akerkimya.com\/eticaret\/urun\/sodyum-bentonit\/\" \/>\n<meta property=\"og:site_name\" content=\"Akerkimya\" \/>\n<meta property=\"article:modified_time\" content=\"2026-03-29T23:24:04+00:00\" \/>\n<meta property=\"og:image\" content=\"https:\/\/akerkimya.com\/eticaret\/wp-content\/uploads\/2025\/01\/SODYUM-BENTONIT-GUNCEL-.png\" \/>\n\t<meta property=\"og:image:width\" content=\"1000\" \/>\n\t<meta property=\"og:image:height\" content=\"1000\" \/>\n\t<meta property=\"og:image:type\" content=\"image\/png\" \/>\n<meta name=\"twitter:card\" content=\"summary_large_image\" \/>\n<meta name=\"twitter:label1\" content=\"Tahmini okuma s\u00fcresi\" \/>\n\t<meta name=\"twitter:data1\" content=\"2 dakika\" \/>\n<script type=\"application\/ld+json\" class=\"yoast-schema-graph\">{\"@context\":\"https:\/\/schema.org\",\"@graph\":[{\"@type\":\"WebPage\",\"@id\":\"https:\/\/akerkimya.com\/eticaret\/urun\/sodyum-bentonit\/\",\"url\":\"https:\/\/akerkimya.com\/eticaret\/urun\/sodyum-bentonit\/\",\"name\":\"SODYUM BENTON\u0130T - Akerkimya\",\"isPartOf\":{\"@id\":\"https:\/\/akerkimya.com\/eticaret\/#website\"},\"datePublished\":\"2025-01-01T23:46:03+00:00\",\"dateModified\":\"2026-03-29T23:24:04+00:00\",\"breadcrumb\":{\"@id\":\"https:\/\/akerkimya.com\/eticaret\/urun\/sodyum-bentonit\/#breadcrumb\"},\"inLanguage\":\"tr\",\"potentialAction\":[{\"@type\":\"ReadAction\",\"target\":[\"https:\/\/akerkimya.com\/eticaret\/urun\/sodyum-bentonit\/\"]}]},{\"@type\":\"BreadcrumbList\",\"@id\":\"https:\/\/akerkimya.com\/eticaret\/urun\/sodyum-bentonit\/#breadcrumb\",\"itemListElement\":[{\"@type\":\"ListItem\",\"position\":1,\"name\":\"Home\",\"item\":\"https:\/\/akerkimya.com\/eticaret\/\"},{\"@type\":\"ListItem\",\"position\":2,\"name\":\"Market\",\"item\":\"https:\/\/akerkimya.com\/eticaret\/market\/\"},{\"@type\":\"ListItem\",\"position\":3,\"name\":\"SODYUM BENTON\u0130T\"}]},{\"@type\":\"WebSite\",\"@id\":\"https:\/\/akerkimya.com\/eticaret\/#website\",\"url\":\"https:\/\/akerkimya.com\/eticaret\/\",\"name\":\"Akerkimya\",\"description\":\"\",\"potentialAction\":[{\"@type\":\"SearchAction\",\"target\":{\"@type\":\"EntryPoint\",\"urlTemplate\":\"https:\/\/akerkimya.com\/eticaret\/?s={search_term_string}\"},\"query-input\":\"required name=search_term_string\"}],\"inLanguage\":\"tr\"}]}<\/script>\n<!-- \/ Yoast SEO Premium plugin. -->","yoast_head_json":{"title":"SODYUM BENTON\u0130T - Akerkimya","robots":{"index":"index","follow":"follow","max-snippet":"max-snippet:-1","max-image-preview":"max-image-preview:large","max-video-preview":"max-video-preview:-1"},"canonical":"https:\/\/akerkimya.com\/eticaret\/urun\/sodyum-bentonit\/","og_locale":"tr_TR","og_type":"article","og_title":"SODYUM BENTON\u0130T","og_description":"SODYUM BENTON\u0130T Al\u00fcminyum ve magnezyum bak\u0131m\u0131ndan zengin volkanik t\u00fcf, k\u00fcl ve lavlar\u0131n kimyasal ayr\u0131\u015fmas\u0131 sonucu olu\u015fmu\u015f, a\u011f\u0131rl\u0131kl\u0131 olarak ta montmorillonit","og_url":"https:\/\/akerkimya.com\/eticaret\/urun\/sodyum-bentonit\/","og_site_name":"Akerkimya","article_modified_time":"2026-03-29T23:24:04+00:00","og_image":[{"width":1000,"height":1000,"url":"https:\/\/akerkimya.com\/eticaret\/wp-content\/uploads\/2025\/01\/SODYUM-BENTONIT-GUNCEL-.png","type":"image\/png"}],"twitter_card":"summary_large_image","twitter_misc":{"Tahmini okuma s\u00fcresi":"2 dakika"},"schema":{"@context":"https:\/\/schema.org","@graph":[{"@type":"WebPage","@id":"https:\/\/akerkimya.com\/eticaret\/urun\/sodyum-bentonit\/","url":"https:\/\/akerkimya.com\/eticaret\/urun\/sodyum-bentonit\/","name":"SODYUM BENTON\u0130T - Akerkimya","isPartOf":{"@id":"https:\/\/akerkimya.com\/eticaret\/#website"},"datePublished":"2025-01-01T23:46:03+00:00","dateModified":"2026-03-29T23:24:04+00:00","breadcrumb":{"@id":"https:\/\/akerkimya.com\/eticaret\/urun\/sodyum-bentonit\/#breadcrumb"},"inLanguage":"tr","potentialAction":[{"@type":"ReadAction","target":["https:\/\/akerkimya.com\/eticaret\/urun\/sodyum-bentonit\/"]}]},{"@type":"BreadcrumbList","@id":"https:\/\/akerkimya.com\/eticaret\/urun\/sodyum-bentonit\/#breadcrumb","itemListElement":[{"@type":"ListItem","position":1,"name":"Home","item":"https:\/\/akerkimya.com\/eticaret\/"},{"@type":"ListItem","position":2,"name":"Market","item":"https:\/\/akerkimya.com\/eticaret\/market\/"},{"@type":"ListItem","position":3,"name":"SODYUM BENTON\u0130T"}]},{"@type":"WebSite","@id":"https:\/\/akerkimya.com\/eticaret\/#website","url":"https:\/\/akerkimya.com\/eticaret\/","name":"Akerkimya","description":"","potentialAction":[{"@type":"SearchAction","target":{"@type":"EntryPoint","urlTemplate":"https:\/\/akerkimya.com\/eticaret\/?s={search_term_string}"},"query-input":"required name=search_term_string"}],"inLanguage":"tr"}]}},"_links":{"self":[{"href":"https:\/\/akerkimya.com\/eticaret\/wp-json\/wp\/v2\/product\/17107","targetHints":{"allow":["GET"]}}],"collection":[{"href":"https:\/\/akerkimya.com\/eticaret\/wp-json\/wp\/v2\/product"}],"about":[{"href":"https:\/\/akerkimya.com\/eticaret\/wp-json\/wp\/v2\/types\/product"}],"replies":[{"embeddable":true,"href":"https:\/\/akerkimya.com\/eticaret\/wp-json\/wp\/v2\/comments?post=17107"}],"version-history":[{"count":2,"href":"https:\/\/akerkimya.com\/eticaret\/wp-json\/wp\/v2\/product\/17107\/revisions"}],"predecessor-version":[{"id":18387,"href":"https:\/\/akerkimya.com\/eticaret\/wp-json\/wp\/v2\/product\/17107\/revisions\/18387"}],"wp:featuredmedia":[{"embeddable":true,"href":"https:\/\/akerkimya.com\/eticaret\/wp-json\/wp\/v2\/media\/17108"}],"wp:attachment":[{"href":"https:\/\/akerkimya.com\/eticaret\/wp-json\/wp\/v2\/media?parent=17107"}],"wp:term":[{"taxonomy":"product_cat","embeddable":true,"href":"https:\/\/akerkimya.com\/eticaret\/wp-json\/wp\/v2\/product_cat?post=17107"},{"taxonomy":"product_tag","embeddable":true,"href":"https:\/\/akerkimya.com\/eticaret\/wp-json\/wp\/v2\/product_tag?post=17107"}],"curies":[{"name":"wp","href":"https:\/\/api.w.org\/{rel}","templated":true}]}}