{"id":17115,"date":"2025-01-02T02:49:45","date_gmt":"2025-01-01T23:49:45","guid":{"rendered":"https:\/\/akerkimya.com\/eticaret\/?post_type=product&#038;p=17115"},"modified":"2026-03-30T02:24:04","modified_gmt":"2026-03-29T23:24:04","slug":"sodyum-dioktil-sulfosuksinat","status":"publish","type":"product","link":"https:\/\/akerkimya.com\/eticaret\/urun\/sodyum-dioktil-sulfosuksinat\/","title":{"rendered":"SODYUM D\u0130OKT\u0130L S\u00dcLFOS\u00dcKS\u0130NAT"},"content":{"rendered":"<h1>SODYUM D\u0130OKT\u0130L S\u00dcLFOS\u00dcKS\u0130NAT<\/h1>\n<p><strong>Islat\u0131c\u0131, n\u00fcfuz etmeyi artt\u0131r\u0131c\u0131, yap\u0131\u015ft\u0131r\u0131c\u0131, y\u00fczey gerilimi d\u00fc\u015f\u00fcr\u00fcc\u00fc, em\u00fclsiye edici em\u00fclgat\u00f6r ajand\u0131r. <\/strong><\/p>\n<p><strong>\u00a0<\/strong><\/p>\n<p><strong>\u00a0 <\/strong><\/p>\n<p><strong>TEKN\u0130K \u00d6ZELL\u0130KLER\u00a0\u00a0\u00a0\u00a0\u00a0\u00a0\u00a0\u00a0\u00a0\u00a0\u00a0\u00a0\u00a0\u00a0\u00a0\u00a0 \u00a0<\/strong><\/p>\n<p><strong>CAS NO\u00a0\u00a0\u00a0\u00a0\u00a0\u00a0\u00a0\u00a0\u00a0\u00a0\u00a0\u00a0 :577-11-7 <\/strong><\/p>\n<p><strong>FORM\u00dcL\u00a0\u00a0\u00a0\u00a0\u00a0\u00a0\u00a0\u00a0\u00a0 :C20H37O7S <\/strong><\/p>\n<p><strong>G\u00d6R\u00dcN\u00dcM\u00a0\u00a0\u00a0\u00a0\u00a0 :SARIMSI SIVI <\/strong><\/p>\n<p><strong>YO\u011eUNLUK\u00a0\u00a0\u00a0\u00a0\u00a0 :1.1 <\/strong><\/p>\n<p><strong>ER\u0130ME NOKTASI:173-179 \u00b0C <\/strong><\/p>\n<p><strong>KAYNAMA\u00a0\u00a0\u00a0\u00a0\u00a0\u00a0 :82,7 \u00b0C <\/strong><\/p>\n<h1><strong>PH\u00a0\u00a0\u00a0\u00a0\u00a0\u00a0\u00a0\u00a0\u00a0\u00a0\u00a0\u00a0\u00a0\u00a0\u00a0\u00a0\u00a0 :5-6,5 <\/strong><\/h1>\n<p><strong>\u00a0<\/strong><\/p>\n<p><strong>\u00a0<\/strong><\/p>\n<p><strong>KULLANIM ALANLARI: <\/strong><\/p>\n<p><strong>\u00a0<\/strong><\/p>\n<p><strong>M\u00fckemmel bir yay\u0131c\u0131, yap\u0131\u015ft\u0131r\u0131c\u0131, \u0131slat\u0131c\u0131 ve em\u00fclsiye edici em\u00fclgat\u00f6r ajand\u0131r. <\/strong><\/p>\n<p><strong>Absorblamay\u0131 ve n\u00fcfuz etmeyi artt\u0131r\u0131c\u0131 olarak kullan\u0131l\u0131r. <\/strong><\/p>\n<p><strong>Y\u00fczey gerilimi d\u00fc\u015f\u00fcrmede kullan\u0131l\u0131r.<\/strong><\/p>\n<p><strong>Zirai ila\u00e7 ve g\u00fcbrelerin suyla m\u00fckemmel kar\u0131\u015fmas\u0131n\u0131 sa\u011flar. <\/strong><\/p>\n<p><strong>Malzemenin bitki ayas\u0131na homojen yay\u0131lmas\u0131n\u0131 sa\u011flar. <\/strong><\/p>\n<p><strong>Zirai m\u00fccadele ila\u00e7lar\u0131n\u0131n etkinli\u011fini artt\u0131r\u0131r. <\/strong><\/p>\n<p><strong>Zararl\u0131 b\u00f6ceklerin \u00fczerindeki koruyucu tabakay\u0131 eritip inceltir ve pestisitlerin kolayca \u00f6ld\u00fcrmesine olanak sa\u011flar. <\/strong><\/p>\n<p><strong>\u00d6zellikle m\u00fccadelesi zor olan k\u0131rm\u0131z\u0131 \u00f6r\u00fcmcek, kabuklu bit ve nemotod gibi zararl\u0131lara kar\u015f\u0131 \u00e7ift\u00e7inin i\u015fini kolayla\u015ft\u0131ran ve kesin sonuca ula\u015fmas\u0131n\u0131 sa\u011flar. <\/strong><\/p>\n<p><strong>Tekstil sekt\u00f6r\u00fcnde m\u00fckemmel bir Islat\u0131c\u0131 olarak kullan\u0131l\u0131r. <\/strong><\/p>\n<p><strong>Bask\u0131 ve boyamadan sonra y\u0131pranan pamu\u011fun neden oldu\u011fu boyamay\u0131 geli\u015ftirir. <\/strong><\/p>\n<p><strong>Kuma\u015f daha yumu\u015fak ve dolgun hissiyat\u0131 verir.<\/strong><\/p>\n<p><strong>Tar\u0131m sekt\u00f6r\u00fcnde pek \u00e7ok kullan\u0131m alan\u0131 vard\u0131r. <\/strong><\/p>\n<p><strong>Suda \u00e7\u00f6z\u00fcn\u00fcr. H\u0131zl\u0131 ve e\u015fit da\u011f\u0131l\u0131m\u0131 sa\u011flayarak kullan\u0131ld\u0131\u011f\u0131 yere n\u00fcfuz ederek iyi bir \u0131slatma sa\u011flar. <\/strong><\/p>\n<p><strong>Sodyum dioktil s\u00fclfos\u00fcksinat pamuk, kenevir viskon ve harmanlanm\u0131\u015f \u00fcr\u00fcnlerin tedavisinde y\u00fcksek verim sa\u011flayan bir penetrat olarak kullan\u0131l\u0131r. <\/strong><\/p>\n<p><strong>\u00a0<\/strong><\/p>\n<p><strong>DEPOLAMA: <\/strong><\/p>\n<p><strong>G\u00fcne\u015f \u0131\u015f\u0131\u011f\u0131na temas etmeyen kuru ve serin yerlerde muhafaza ediniz<\/strong><strong>. <\/strong><\/p>\n<p><strong>AMBALAJ: <\/strong><\/p>\n<p><strong>\u00a0<\/strong><\/p>\n<p><strong>1-5-25-50 kg bidonlar ve 125 kg f\u0131\u00e7\u0131larda. <\/strong><\/p>\n<p><strong>\u00a0<\/strong><\/p>\n","protected":false},"excerpt":{"rendered":"<p>SODYUM D\u0130OKT\u0130L S\u00dcLFOS\u00dcKS\u0130NAT Islat\u0131c\u0131, n\u00fcfuz etmeyi artt\u0131r\u0131c\u0131, yap\u0131\u015ft\u0131r\u0131c\u0131, y\u00fczey gerilimi d\u00fc\u015f\u00fcr\u00fcc\u00fc, em\u00fclsiye edici em\u00fclgat\u00f6r ajand\u0131r. \u00a0 \u00a0 TEKN\u0130K \u00d6ZELL\u0130KLER\u00a0\u00a0\u00a0\u00a0\u00a0\u00a0\u00a0\u00a0\u00a0\u00a0\u00a0\u00a0\u00a0\u00a0\u00a0\u00a0 \u00a0<\/p>\n","protected":false},"featured_media":17116,"comment_status":"open","ping_status":"closed","template":"","meta":{"_joinchat":[]},"product_cat":[70,73,79],"product_tag":[],"class_list":{"0":"post-17115","1":"product","2":"type-product","3":"status-publish","4":"has-post-thumbnail","6":"product_cat-boya-ve-yapi-kimyasallar","7":"product_cat-deri-ve-tekstil-kimyasallari","8":"product_cat-tarim-kimyasallari","10":"first","11":"instock","12":"shipping-taxable","13":"purchasable","14":"product-type-variable"},"yoast_head":"<!-- This site is optimized with the Yoast SEO Premium plugin v20.2.1 (Yoast SEO v20.2.1) - https:\/\/yoast.com\/wordpress\/plugins\/seo\/ -->\n<title>SODYUM D\u0130OKT\u0130L S\u00dcLFOS\u00dcKS\u0130NAT - Akerkimya<\/title>\n<meta name=\"robots\" content=\"index, follow, max-snippet:-1, max-image-preview:large, max-video-preview:-1\" \/>\n<link rel=\"canonical\" href=\"https:\/\/akerkimya.com\/eticaret\/urun\/sodyum-dioktil-sulfosuksinat\/\" \/>\n<meta property=\"og:locale\" content=\"tr_TR\" \/>\n<meta property=\"og:type\" content=\"article\" \/>\n<meta property=\"og:title\" content=\"SODYUM D\u0130OKT\u0130L S\u00dcLFOS\u00dcKS\u0130NAT\" \/>\n<meta property=\"og:description\" content=\"SODYUM D\u0130OKT\u0130L S\u00dcLFOS\u00dcKS\u0130NAT Islat\u0131c\u0131, n\u00fcfuz etmeyi artt\u0131r\u0131c\u0131, yap\u0131\u015ft\u0131r\u0131c\u0131, y\u00fczey gerilimi d\u00fc\u015f\u00fcr\u00fcc\u00fc, em\u00fclsiye edici em\u00fclgat\u00f6r ajand\u0131r. \u00a0 \u00a0 TEKN\u0130K \u00d6ZELL\u0130KLER\u00a0\u00a0\u00a0\u00a0\u00a0\u00a0\u00a0\u00a0\u00a0\u00a0\u00a0\u00a0\u00a0\u00a0\u00a0\u00a0 \u00a0\" \/>\n<meta property=\"og:url\" content=\"https:\/\/akerkimya.com\/eticaret\/urun\/sodyum-dioktil-sulfosuksinat\/\" \/>\n<meta property=\"og:site_name\" content=\"Akerkimya\" \/>\n<meta property=\"article:modified_time\" content=\"2026-03-29T23:24:04+00:00\" \/>\n<meta property=\"og:image\" content=\"https:\/\/akerkimya.com\/eticaret\/wp-content\/uploads\/2025\/01\/Sodyum-Dioktil-Sulfosuksinat-GUNCEL-.png\" \/>\n\t<meta property=\"og:image:width\" content=\"1000\" \/>\n\t<meta property=\"og:image:height\" content=\"1000\" \/>\n\t<meta property=\"og:image:type\" content=\"image\/png\" \/>\n<meta name=\"twitter:card\" content=\"summary_large_image\" \/>\n<meta name=\"twitter:label1\" content=\"Tahmini okuma s\u00fcresi\" \/>\n\t<meta name=\"twitter:data1\" content=\"2 dakika\" \/>\n<script type=\"application\/ld+json\" class=\"yoast-schema-graph\">{\"@context\":\"https:\/\/schema.org\",\"@graph\":[{\"@type\":\"WebPage\",\"@id\":\"https:\/\/akerkimya.com\/eticaret\/urun\/sodyum-dioktil-sulfosuksinat\/\",\"url\":\"https:\/\/akerkimya.com\/eticaret\/urun\/sodyum-dioktil-sulfosuksinat\/\",\"name\":\"SODYUM D\u0130OKT\u0130L S\u00dcLFOS\u00dcKS\u0130NAT - Akerkimya\",\"isPartOf\":{\"@id\":\"https:\/\/akerkimya.com\/eticaret\/#website\"},\"datePublished\":\"2025-01-01T23:49:45+00:00\",\"dateModified\":\"2026-03-29T23:24:04+00:00\",\"breadcrumb\":{\"@id\":\"https:\/\/akerkimya.com\/eticaret\/urun\/sodyum-dioktil-sulfosuksinat\/#breadcrumb\"},\"inLanguage\":\"tr\",\"potentialAction\":[{\"@type\":\"ReadAction\",\"target\":[\"https:\/\/akerkimya.com\/eticaret\/urun\/sodyum-dioktil-sulfosuksinat\/\"]}]},{\"@type\":\"BreadcrumbList\",\"@id\":\"https:\/\/akerkimya.com\/eticaret\/urun\/sodyum-dioktil-sulfosuksinat\/#breadcrumb\",\"itemListElement\":[{\"@type\":\"ListItem\",\"position\":1,\"name\":\"Home\",\"item\":\"https:\/\/akerkimya.com\/eticaret\/\"},{\"@type\":\"ListItem\",\"position\":2,\"name\":\"Market\",\"item\":\"https:\/\/akerkimya.com\/eticaret\/market\/\"},{\"@type\":\"ListItem\",\"position\":3,\"name\":\"SODYUM D\u0130OKT\u0130L S\u00dcLFOS\u00dcKS\u0130NAT\"}]},{\"@type\":\"WebSite\",\"@id\":\"https:\/\/akerkimya.com\/eticaret\/#website\",\"url\":\"https:\/\/akerkimya.com\/eticaret\/\",\"name\":\"Akerkimya\",\"description\":\"\",\"potentialAction\":[{\"@type\":\"SearchAction\",\"target\":{\"@type\":\"EntryPoint\",\"urlTemplate\":\"https:\/\/akerkimya.com\/eticaret\/?s={search_term_string}\"},\"query-input\":\"required name=search_term_string\"}],\"inLanguage\":\"tr\"}]}<\/script>\n<!-- \/ Yoast SEO Premium plugin. -->","yoast_head_json":{"title":"SODYUM D\u0130OKT\u0130L S\u00dcLFOS\u00dcKS\u0130NAT - Akerkimya","robots":{"index":"index","follow":"follow","max-snippet":"max-snippet:-1","max-image-preview":"max-image-preview:large","max-video-preview":"max-video-preview:-1"},"canonical":"https:\/\/akerkimya.com\/eticaret\/urun\/sodyum-dioktil-sulfosuksinat\/","og_locale":"tr_TR","og_type":"article","og_title":"SODYUM D\u0130OKT\u0130L S\u00dcLFOS\u00dcKS\u0130NAT","og_description":"SODYUM D\u0130OKT\u0130L S\u00dcLFOS\u00dcKS\u0130NAT Islat\u0131c\u0131, n\u00fcfuz etmeyi artt\u0131r\u0131c\u0131, yap\u0131\u015ft\u0131r\u0131c\u0131, y\u00fczey gerilimi d\u00fc\u015f\u00fcr\u00fcc\u00fc, em\u00fclsiye edici em\u00fclgat\u00f6r ajand\u0131r. \u00a0 \u00a0 TEKN\u0130K \u00d6ZELL\u0130KLER\u00a0\u00a0\u00a0\u00a0\u00a0\u00a0\u00a0\u00a0\u00a0\u00a0\u00a0\u00a0\u00a0\u00a0\u00a0\u00a0 \u00a0","og_url":"https:\/\/akerkimya.com\/eticaret\/urun\/sodyum-dioktil-sulfosuksinat\/","og_site_name":"Akerkimya","article_modified_time":"2026-03-29T23:24:04+00:00","og_image":[{"width":1000,"height":1000,"url":"https:\/\/akerkimya.com\/eticaret\/wp-content\/uploads\/2025\/01\/Sodyum-Dioktil-Sulfosuksinat-GUNCEL-.png","type":"image\/png"}],"twitter_card":"summary_large_image","twitter_misc":{"Tahmini okuma s\u00fcresi":"2 dakika"},"schema":{"@context":"https:\/\/schema.org","@graph":[{"@type":"WebPage","@id":"https:\/\/akerkimya.com\/eticaret\/urun\/sodyum-dioktil-sulfosuksinat\/","url":"https:\/\/akerkimya.com\/eticaret\/urun\/sodyum-dioktil-sulfosuksinat\/","name":"SODYUM D\u0130OKT\u0130L S\u00dcLFOS\u00dcKS\u0130NAT - Akerkimya","isPartOf":{"@id":"https:\/\/akerkimya.com\/eticaret\/#website"},"datePublished":"2025-01-01T23:49:45+00:00","dateModified":"2026-03-29T23:24:04+00:00","breadcrumb":{"@id":"https:\/\/akerkimya.com\/eticaret\/urun\/sodyum-dioktil-sulfosuksinat\/#breadcrumb"},"inLanguage":"tr","potentialAction":[{"@type":"ReadAction","target":["https:\/\/akerkimya.com\/eticaret\/urun\/sodyum-dioktil-sulfosuksinat\/"]}]},{"@type":"BreadcrumbList","@id":"https:\/\/akerkimya.com\/eticaret\/urun\/sodyum-dioktil-sulfosuksinat\/#breadcrumb","itemListElement":[{"@type":"ListItem","position":1,"name":"Home","item":"https:\/\/akerkimya.com\/eticaret\/"},{"@type":"ListItem","position":2,"name":"Market","item":"https:\/\/akerkimya.com\/eticaret\/market\/"},{"@type":"ListItem","position":3,"name":"SODYUM D\u0130OKT\u0130L S\u00dcLFOS\u00dcKS\u0130NAT"}]},{"@type":"WebSite","@id":"https:\/\/akerkimya.com\/eticaret\/#website","url":"https:\/\/akerkimya.com\/eticaret\/","name":"Akerkimya","description":"","potentialAction":[{"@type":"SearchAction","target":{"@type":"EntryPoint","urlTemplate":"https:\/\/akerkimya.com\/eticaret\/?s={search_term_string}"},"query-input":"required name=search_term_string"}],"inLanguage":"tr"}]}},"_links":{"self":[{"href":"https:\/\/akerkimya.com\/eticaret\/wp-json\/wp\/v2\/product\/17115","targetHints":{"allow":["GET"]}}],"collection":[{"href":"https:\/\/akerkimya.com\/eticaret\/wp-json\/wp\/v2\/product"}],"about":[{"href":"https:\/\/akerkimya.com\/eticaret\/wp-json\/wp\/v2\/types\/product"}],"replies":[{"embeddable":true,"href":"https:\/\/akerkimya.com\/eticaret\/wp-json\/wp\/v2\/comments?post=17115"}],"version-history":[{"count":3,"href":"https:\/\/akerkimya.com\/eticaret\/wp-json\/wp\/v2\/product\/17115\/revisions"}],"predecessor-version":[{"id":18446,"href":"https:\/\/akerkimya.com\/eticaret\/wp-json\/wp\/v2\/product\/17115\/revisions\/18446"}],"wp:featuredmedia":[{"embeddable":true,"href":"https:\/\/akerkimya.com\/eticaret\/wp-json\/wp\/v2\/media\/17116"}],"wp:attachment":[{"href":"https:\/\/akerkimya.com\/eticaret\/wp-json\/wp\/v2\/media?parent=17115"}],"wp:term":[{"taxonomy":"product_cat","embeddable":true,"href":"https:\/\/akerkimya.com\/eticaret\/wp-json\/wp\/v2\/product_cat?post=17115"},{"taxonomy":"product_tag","embeddable":true,"href":"https:\/\/akerkimya.com\/eticaret\/wp-json\/wp\/v2\/product_tag?post=17115"}],"curies":[{"name":"wp","href":"https:\/\/api.w.org\/{rel}","templated":true}]}}