{"id":17123,"date":"2025-01-02T02:54:17","date_gmt":"2025-01-01T23:54:17","guid":{"rendered":"https:\/\/akerkimya.com\/eticaret\/?post_type=product&#038;p=17123"},"modified":"2026-03-30T02:24:04","modified_gmt":"2026-03-29T23:24:04","slug":"sodyum-formiyat","status":"publish","type":"product","link":"https:\/\/akerkimya.com\/eticaret\/urun\/sodyum-formiyat\/","title":{"rendered":"SODYUM FORM\u0130YAT"},"content":{"rendered":"<h1>SODYUM FORM\u0130YAT<\/h1>\n<p><strong>Alkol\u00fcn karbonilasyonu ve ortaya \u00e7\u0131kan metil format\u0131n hidrolize olmas\u0131yla formik asidin d\u00fc\u015f\u00fck b\u00fct\u00e7eli ve b\u00fcy\u00fck \u00f6l\u00e7ekli varl\u0131\u011f\u0131 sebebiyle s\u0131kl\u0131kla formik asidin sodyum hidroksit ile n\u00f6tralize olmas\u0131 sonucu elde edilir. Sodyum Formiyat, dihidrat renksiz kristallerdir.<\/strong><\/p>\n<p><strong>\u00a0<\/strong><\/p>\n<p><strong>SODYUM FORM\u0130YAT \u00d6ZELL\u0130KLER\u0130<\/strong><\/p>\n<p><strong>Su emme \u00f6zelli\u011fi vard\u0131r.<\/strong><\/p>\n<p><strong>Su da ve gliserinde \u00e7\u00f6z\u00fcn\u00fcr, etanolde az miktarda \u00e7\u00f6z\u00fcn\u00fcr ve eterde \u00e7\u00f6z\u00fcnmez.<\/strong><\/p>\n<p><strong>A\u011f\u0131r metal \u00e7\u00f6kelticidir.<\/strong><\/p>\n<p><strong>Tampon ve b\u00fcz\u00fcc\u00fc madde olarak rol oynar.<\/strong><\/p>\n<p><strong>\u00a0<\/strong><\/p>\n<p><strong>TEKN\u0130K \u00d6ZELL\u0130KLER\u0130<\/strong><\/p>\n<p><strong>G\u00d6R\u00dcN\u00dcM: Beyaz Toz<\/strong><\/p>\n<p><strong>KOKUSU: Hafif formik asitik<\/strong><\/p>\n<p><strong>K\u0130MYASAL ADI: Formic Acid, Sodium Salt<\/strong><\/p>\n<p><strong>K\u0130MYASAL FORM\u00dcL\u00dc: HCOONa<\/strong><\/p>\n<p><strong>MOLAR K\u00dcTLE: 68,007 g\/mol<\/strong><\/p>\n<p><strong>YO\u011eUNLUK: 1.92 g\/cm3 (20C)<\/strong><\/p>\n<p><strong>ER\u0130ME NOKTASI: 253 C<\/strong><\/p>\n<p><strong>\u00a0<\/strong><\/p>\n<p><strong>KULLANIM ALANLARI<\/strong><\/p>\n<p><strong>Formik asit, Oksalit asit ve Sigorta tozu \u00fcretimi i\u00e7in kullan\u0131l\u0131r.<\/strong><\/p>\n<p><strong>Fosfor ve arsenik, mordan ve dezenfektan tayini i\u00e7in reaktif olarak tercih edilir.<\/strong><\/p>\n<p><strong>Deterjanlarda enzim stabilizat\u00f6r\u00fc olarak kullan\u0131l\u0131r.<\/strong><\/p>\n<p><strong>Di\u015f macunu doldurma i\u015flemlerinde \u00e7ok s\u0131k kullan\u0131l\u0131r.<\/strong><\/p>\n<p><strong>\u0130la\u00e7, bask\u0131 ve boyama sanayiinde kullan\u0131lan Dimetil formamid \u00fcretiminde kullan\u0131l\u0131r.<\/strong><\/p>\n<p><strong>Hayvan yemi sanayiinde kullan\u0131l\u0131r.<\/strong><\/p>\n<p><strong>Aside dayan\u0131kl\u0131 malzemeler, y\u00fcksek patlay\u0131c\u0131lar, havac\u0131l\u0131k ya\u011flar\u0131nda ve yap\u0131\u015ft\u0131r\u0131c\u0131 katk\u0131 maddelerinde kullan\u0131l\u0131r.<\/strong><\/p>\n<p><strong>PH de\u011ferini daha y\u00fcksek olacak \u015fekilde d\u00fczeltmek i\u00e7in kullan\u0131l\u0131r.<\/strong><\/p>\n<p><strong>Tekstil ve deri sekt\u00f6r\u00fcnde deri tabaklamada kullan\u0131l\u0131r.<\/strong><\/p>\n<p><strong>Yap\u0131 kimyasallar\u0131nda kullan\u0131l\u0131r.<\/strong><\/p>\n<p><strong>G\u0131da \u00fcretiminde E237 ad\u0131yla katk\u0131 maddesi ve buz eritici ajan olarak kullan\u0131l\u0131r.<\/strong><\/p>\n<p><strong>Radyasyon etkilerini azaltmak i\u00e7in X \u0131\u015f\u0131n\u0131 k\u0131r\u0131n\u0131m deneylerinde kullan\u0131l\u0131r.<\/strong><\/p>\n<p><strong>G\u00fc\u00e7l\u00fc bir zemin buzu \u00e7\u00f6z\u00fc\u015f\u00fc olarak u\u00e7ak pistlerinde kullan\u0131l\u0131r.<\/strong><\/p>\n<p><strong>\u0130ndirgeme \u00f6zelli\u011finden \u00f6t\u00fcr\u00fc sabitleme \u00e7\u00f6zeltilerinde kullan\u0131l\u0131r.<\/strong><\/p>\n<p><strong>\u00a0<\/strong><\/p>\n<p><strong>AMBALAJ <\/strong><\/p>\n<p><strong>1-5-25 kg ambalajlar halinde <\/strong><\/p>\n<p><strong>\u00a0<\/strong><\/p>\n<p><strong>DEPOLAMA <\/strong><\/p>\n<p><strong>Serin ve nem olmayan yerde kapal\u0131 ambalajlarda muhafaza edilmelidir. <\/strong><\/p>\n<p><strong>\u00a0<\/strong><\/p>\n","protected":false},"excerpt":{"rendered":"<p>SODYUM FORM\u0130YAT Alkol\u00fcn karbonilasyonu ve ortaya \u00e7\u0131kan metil format\u0131n hidrolize olmas\u0131yla formik asidin d\u00fc\u015f\u00fck b\u00fct\u00e7eli ve b\u00fcy\u00fck \u00f6l\u00e7ekli varl\u0131\u011f\u0131 sebebiyle<\/p>\n","protected":false},"featured_media":17124,"comment_status":"open","ping_status":"closed","template":"","meta":{"_joinchat":[]},"product_cat":[70,73,74,76,80,81],"product_tag":[],"class_list":{"0":"post-17123","1":"product","2":"type-product","3":"status-publish","4":"has-post-thumbnail","6":"product_cat-boya-ve-yapi-kimyasallar","7":"product_cat-deri-ve-tekstil-kimyasallari","8":"product_cat-deterjan-ve-kozmetik-kimyasallari","9":"product_cat-gida-ve-katki-kimyasallari","10":"product_cat-veteriner-ve-ilac-kimyasallari","11":"product_cat-yem-katki-kimyasallari","13":"first","14":"instock","15":"shipping-taxable","16":"purchasable","17":"product-type-variable"},"yoast_head":"<!-- This site is optimized with the Yoast SEO Premium plugin v20.2.1 (Yoast SEO v20.2.1) - https:\/\/yoast.com\/wordpress\/plugins\/seo\/ -->\n<title>SODYUM FORM\u0130YAT - Akerkimya<\/title>\n<meta name=\"robots\" content=\"index, follow, max-snippet:-1, max-image-preview:large, max-video-preview:-1\" \/>\n<link rel=\"canonical\" href=\"https:\/\/akerkimya.com\/eticaret\/urun\/sodyum-formiyat\/\" \/>\n<meta property=\"og:locale\" content=\"tr_TR\" \/>\n<meta property=\"og:type\" content=\"article\" \/>\n<meta property=\"og:title\" content=\"SODYUM FORM\u0130YAT\" \/>\n<meta property=\"og:description\" content=\"SODYUM FORM\u0130YAT Alkol\u00fcn karbonilasyonu ve ortaya \u00e7\u0131kan metil format\u0131n hidrolize olmas\u0131yla formik asidin d\u00fc\u015f\u00fck b\u00fct\u00e7eli ve b\u00fcy\u00fck \u00f6l\u00e7ekli varl\u0131\u011f\u0131 sebebiyle\" \/>\n<meta property=\"og:url\" content=\"https:\/\/akerkimya.com\/eticaret\/urun\/sodyum-formiyat\/\" \/>\n<meta property=\"og:site_name\" content=\"Akerkimya\" \/>\n<meta property=\"article:modified_time\" content=\"2026-03-29T23:24:04+00:00\" \/>\n<meta property=\"og:image\" content=\"https:\/\/akerkimya.com\/eticaret\/wp-content\/uploads\/2025\/01\/SODYUM-FORMIYAT-GUNCEL-.png\" \/>\n\t<meta property=\"og:image:width\" content=\"1000\" \/>\n\t<meta property=\"og:image:height\" content=\"1000\" \/>\n\t<meta property=\"og:image:type\" content=\"image\/png\" \/>\n<meta name=\"twitter:card\" content=\"summary_large_image\" \/>\n<meta name=\"twitter:label1\" content=\"Tahmini okuma s\u00fcresi\" \/>\n\t<meta name=\"twitter:data1\" content=\"2 dakika\" \/>\n<script type=\"application\/ld+json\" class=\"yoast-schema-graph\">{\"@context\":\"https:\/\/schema.org\",\"@graph\":[{\"@type\":\"WebPage\",\"@id\":\"https:\/\/akerkimya.com\/eticaret\/urun\/sodyum-formiyat\/\",\"url\":\"https:\/\/akerkimya.com\/eticaret\/urun\/sodyum-formiyat\/\",\"name\":\"SODYUM FORM\u0130YAT - Akerkimya\",\"isPartOf\":{\"@id\":\"https:\/\/akerkimya.com\/eticaret\/#website\"},\"datePublished\":\"2025-01-01T23:54:17+00:00\",\"dateModified\":\"2026-03-29T23:24:04+00:00\",\"breadcrumb\":{\"@id\":\"https:\/\/akerkimya.com\/eticaret\/urun\/sodyum-formiyat\/#breadcrumb\"},\"inLanguage\":\"tr\",\"potentialAction\":[{\"@type\":\"ReadAction\",\"target\":[\"https:\/\/akerkimya.com\/eticaret\/urun\/sodyum-formiyat\/\"]}]},{\"@type\":\"BreadcrumbList\",\"@id\":\"https:\/\/akerkimya.com\/eticaret\/urun\/sodyum-formiyat\/#breadcrumb\",\"itemListElement\":[{\"@type\":\"ListItem\",\"position\":1,\"name\":\"Home\",\"item\":\"https:\/\/akerkimya.com\/eticaret\/\"},{\"@type\":\"ListItem\",\"position\":2,\"name\":\"Market\",\"item\":\"https:\/\/akerkimya.com\/eticaret\/market\/\"},{\"@type\":\"ListItem\",\"position\":3,\"name\":\"SODYUM FORM\u0130YAT\"}]},{\"@type\":\"WebSite\",\"@id\":\"https:\/\/akerkimya.com\/eticaret\/#website\",\"url\":\"https:\/\/akerkimya.com\/eticaret\/\",\"name\":\"Akerkimya\",\"description\":\"\",\"potentialAction\":[{\"@type\":\"SearchAction\",\"target\":{\"@type\":\"EntryPoint\",\"urlTemplate\":\"https:\/\/akerkimya.com\/eticaret\/?s={search_term_string}\"},\"query-input\":\"required name=search_term_string\"}],\"inLanguage\":\"tr\"}]}<\/script>\n<!-- \/ Yoast SEO Premium plugin. -->","yoast_head_json":{"title":"SODYUM FORM\u0130YAT - Akerkimya","robots":{"index":"index","follow":"follow","max-snippet":"max-snippet:-1","max-image-preview":"max-image-preview:large","max-video-preview":"max-video-preview:-1"},"canonical":"https:\/\/akerkimya.com\/eticaret\/urun\/sodyum-formiyat\/","og_locale":"tr_TR","og_type":"article","og_title":"SODYUM FORM\u0130YAT","og_description":"SODYUM FORM\u0130YAT Alkol\u00fcn karbonilasyonu ve ortaya \u00e7\u0131kan metil format\u0131n hidrolize olmas\u0131yla formik asidin d\u00fc\u015f\u00fck b\u00fct\u00e7eli ve b\u00fcy\u00fck \u00f6l\u00e7ekli varl\u0131\u011f\u0131 sebebiyle","og_url":"https:\/\/akerkimya.com\/eticaret\/urun\/sodyum-formiyat\/","og_site_name":"Akerkimya","article_modified_time":"2026-03-29T23:24:04+00:00","og_image":[{"width":1000,"height":1000,"url":"https:\/\/akerkimya.com\/eticaret\/wp-content\/uploads\/2025\/01\/SODYUM-FORMIYAT-GUNCEL-.png","type":"image\/png"}],"twitter_card":"summary_large_image","twitter_misc":{"Tahmini okuma s\u00fcresi":"2 dakika"},"schema":{"@context":"https:\/\/schema.org","@graph":[{"@type":"WebPage","@id":"https:\/\/akerkimya.com\/eticaret\/urun\/sodyum-formiyat\/","url":"https:\/\/akerkimya.com\/eticaret\/urun\/sodyum-formiyat\/","name":"SODYUM FORM\u0130YAT - Akerkimya","isPartOf":{"@id":"https:\/\/akerkimya.com\/eticaret\/#website"},"datePublished":"2025-01-01T23:54:17+00:00","dateModified":"2026-03-29T23:24:04+00:00","breadcrumb":{"@id":"https:\/\/akerkimya.com\/eticaret\/urun\/sodyum-formiyat\/#breadcrumb"},"inLanguage":"tr","potentialAction":[{"@type":"ReadAction","target":["https:\/\/akerkimya.com\/eticaret\/urun\/sodyum-formiyat\/"]}]},{"@type":"BreadcrumbList","@id":"https:\/\/akerkimya.com\/eticaret\/urun\/sodyum-formiyat\/#breadcrumb","itemListElement":[{"@type":"ListItem","position":1,"name":"Home","item":"https:\/\/akerkimya.com\/eticaret\/"},{"@type":"ListItem","position":2,"name":"Market","item":"https:\/\/akerkimya.com\/eticaret\/market\/"},{"@type":"ListItem","position":3,"name":"SODYUM FORM\u0130YAT"}]},{"@type":"WebSite","@id":"https:\/\/akerkimya.com\/eticaret\/#website","url":"https:\/\/akerkimya.com\/eticaret\/","name":"Akerkimya","description":"","potentialAction":[{"@type":"SearchAction","target":{"@type":"EntryPoint","urlTemplate":"https:\/\/akerkimya.com\/eticaret\/?s={search_term_string}"},"query-input":"required name=search_term_string"}],"inLanguage":"tr"}]}},"_links":{"self":[{"href":"https:\/\/akerkimya.com\/eticaret\/wp-json\/wp\/v2\/product\/17123","targetHints":{"allow":["GET"]}}],"collection":[{"href":"https:\/\/akerkimya.com\/eticaret\/wp-json\/wp\/v2\/product"}],"about":[{"href":"https:\/\/akerkimya.com\/eticaret\/wp-json\/wp\/v2\/types\/product"}],"replies":[{"embeddable":true,"href":"https:\/\/akerkimya.com\/eticaret\/wp-json\/wp\/v2\/comments?post=17123"}],"version-history":[{"count":1,"href":"https:\/\/akerkimya.com\/eticaret\/wp-json\/wp\/v2\/product\/17123\/revisions"}],"predecessor-version":[{"id":17128,"href":"https:\/\/akerkimya.com\/eticaret\/wp-json\/wp\/v2\/product\/17123\/revisions\/17128"}],"wp:featuredmedia":[{"embeddable":true,"href":"https:\/\/akerkimya.com\/eticaret\/wp-json\/wp\/v2\/media\/17124"}],"wp:attachment":[{"href":"https:\/\/akerkimya.com\/eticaret\/wp-json\/wp\/v2\/media?parent=17123"}],"wp:term":[{"taxonomy":"product_cat","embeddable":true,"href":"https:\/\/akerkimya.com\/eticaret\/wp-json\/wp\/v2\/product_cat?post=17123"},{"taxonomy":"product_tag","embeddable":true,"href":"https:\/\/akerkimya.com\/eticaret\/wp-json\/wp\/v2\/product_tag?post=17123"}],"curies":[{"name":"wp","href":"https:\/\/api.w.org\/{rel}","templated":true}]}}