{"id":17133,"date":"2025-01-02T02:59:29","date_gmt":"2025-01-01T23:59:29","guid":{"rendered":"https:\/\/akerkimya.com\/eticaret\/?post_type=product&#038;p=17133"},"modified":"2026-03-30T02:24:05","modified_gmt":"2026-03-29T23:24:05","slug":"sodyum-hipofosfit","status":"publish","type":"product","link":"https:\/\/akerkimya.com\/eticaret\/urun\/sodyum-hipofosfit\/","title":{"rendered":"SODYUM H\u0130POFOSF\u0130T"},"content":{"rendered":"<h1>SODYUM H\u0130POFOSF\u0130T <\/h1>\n<p><strong>Sodyum hipofosfit, NaH2PO2 form\u00fcl\u00fcne sahip sodyum hidrojen hipofosfit olarak da bilinen hipofosfor asidin sodyum tuzudur. Beyaz fosfor ile sodyum hidroksit \u00e7\u00f6zeltisi reaksiyona sokularak elde edilir. <\/strong><\/p>\n<p><strong>\u00a0<\/strong><\/p>\n<p><strong>SODYUM H\u0130POFOSF\u0130T \u00d6ZELL\u0130KLER\u0130<\/strong><\/p>\n<p><strong>Beyaz renkte kristal formdad\u0131r. Kokusuzdur.<\/strong><\/p>\n<p><strong>S\u0131cak etanol, gliserin ve su i\u00e7inde kolayca \u00e7\u00f6z\u00fcn\u00fcr, eterde \u00e7\u00f6z\u00fcnmez.<\/strong><\/p>\n<p><strong>Krom, kobalt vb. tuzlar\u0131n metal haline indirgeyebilen g\u00fc\u00e7l\u00fc bir indirgeyici ajand\u0131r. <\/strong><\/p>\n<p><strong>Kuru halde sakland\u0131\u011f\u0131nda nispeten kararl\u0131d\u0131r.<\/strong><\/p>\n<p><strong>200 \u00b0C\u2019nin \u00fczerinde \u0131s\u0131t\u0131ld\u0131\u011f\u0131nda kendili\u011finden tutu\u015fabilen zehirli fosfo\u011fin a\u00e7\u0131\u011fa \u00e7\u0131karak h\u0131zla ayr\u0131\u015f\u0131r. <\/strong><\/p>\n<p><strong>\u00a0<\/strong><\/p>\n<p><strong>TEKN\u0130K \u00d6ZELL\u0130KLER\u0130 <\/strong><\/p>\n<p><strong>CAS NUMARASI: 7681-53-0<\/strong><\/p>\n<p><strong>MOLEK\u00dcLER FORM\u00dcL: NaH2PO2<\/strong><\/p>\n<p><strong>K\u0130MYASAL \u0130SM\u0130: Sodyum Hipofosfit, Beyaz Fosfor, <\/strong><\/p>\n<p><strong>MOLEK\u00dcL A\u011eIRLI\u011eI: 85.96 g\/mol<\/strong><\/p>\n<p><strong>ER\u0130ME NOKTASI: 238 \u00b0C <\/strong><\/p>\n<p><strong>YO\u011eUNLUK: 1.77 gr\/cm\u00b3<\/strong><\/p>\n<p><strong>\u00a0<\/strong><\/p>\n<p><strong>KULLANIM ALANLARI<\/strong><\/p>\n<p><strong>G\u0131da koruyucu ve antioksidan olarak kullan\u0131l\u0131r.<\/strong><\/p>\n<p><strong>Kimyasal maddeler i\u00e7in kataliz\u00f6r ve stabilizat\u00f6r olarak kullan\u0131l\u0131r.<\/strong><\/p>\n<p><strong>Ak\u0131ms\u0131z nikel kaplamada kullan\u0131l\u0131r.<\/strong><\/p>\n<p><strong>Meyve, sebze ve di\u011fer maddelerin muhafaza edilmesinde kullan\u0131l\u0131r. <\/strong><\/p>\n<p><strong>Et, k\u00fcmes hayvanlar\u0131 ve bal\u0131klarda antiseptik etkisi vard\u0131r.<\/strong><\/p>\n<p><strong>Formaldehit ile birlikte kullan\u0131larak belirli bir ph d\u00fczeyinde Cu ve Ni iyonlar\u0131n\u0131n biriktirilmesi i\u00e7in kaplama sekt\u00f6r\u00fcnde kullan\u0131l\u0131r.<\/strong><\/p>\n<p><strong>Sentetik re\u00e7inine \u00fcretiminde y\u00fczey aktif madde olarak kullan\u0131lmaktad\u0131r.<\/strong><\/p>\n<p><strong>Al\u00fcminyum hipofosfit ve di\u011fer alev geciktiricilerin \u00fcretimi i\u00e7in ana hammaddedir. Y\u00fcksek safl\u0131kta ve daha az a\u011f\u0131r metal safs\u0131zl\u0131\u011f\u0131na sahiptir. <\/strong><\/p>\n<p><strong>Beton katk\u0131s\u0131 \u00fcretiminde betonun mukavemetini artt\u0131rmak, \u00e7\u00f6kmesini ve betonda meydana gelen kanama sorununu engellemek i\u00e7in kullan\u0131l\u0131r.<\/strong><\/p>\n<p><strong>Seramik \u00fczerinde p\u00fcr\u00fczs\u00fcz bir kaplama sa\u011flamak i\u00e7in kullan\u0131r.<\/strong><\/p>\n<p><strong>\u00a0<\/strong><\/p>\n<p><strong>AMBALAJ <\/strong><\/p>\n<p><strong>1-5-25 kg torbalar halinde<\/strong><\/p>\n<p><strong>\u00a0<\/strong><\/p>\n<p><strong>DEPOLAMA <\/strong><\/p>\n<p><strong>Serin ve kuru bir alanda muhafaza ediniz.<\/strong><\/p>\n<p><strong>\u00a0<\/strong><\/p>\n","protected":false},"excerpt":{"rendered":"<p>SODYUM H\u0130POFOSF\u0130T Sodyum hipofosfit, NaH2PO2 form\u00fcl\u00fcne sahip sodyum hidrojen hipofosfit olarak da bilinen hipofosfor asidin sodyum tuzudur. Beyaz fosfor ile<\/p>\n","protected":false},"featured_media":17134,"comment_status":"open","ping_status":"closed","template":"","meta":{"_joinchat":[]},"product_cat":[70,72,76,81],"product_tag":[],"class_list":{"0":"post-17133","1":"product","2":"type-product","3":"status-publish","4":"has-post-thumbnail","6":"product_cat-boya-ve-yapi-kimyasallar","7":"product_cat-cam-ve-seramik-kimyasallari","8":"product_cat-gida-ve-katki-kimyasallari","9":"product_cat-yem-katki-kimyasallari","11":"first","12":"instock","13":"shipping-taxable","14":"purchasable","15":"product-type-variable"},"yoast_head":"<!-- This site is optimized with the Yoast SEO Premium plugin v20.2.1 (Yoast SEO v20.2.1) - https:\/\/yoast.com\/wordpress\/plugins\/seo\/ -->\n<title>SODYUM H\u0130POFOSF\u0130T - Akerkimya<\/title>\n<meta name=\"robots\" content=\"index, follow, max-snippet:-1, max-image-preview:large, max-video-preview:-1\" \/>\n<link rel=\"canonical\" href=\"https:\/\/akerkimya.com\/eticaret\/urun\/sodyum-hipofosfit\/\" \/>\n<meta property=\"og:locale\" content=\"tr_TR\" \/>\n<meta property=\"og:type\" content=\"article\" \/>\n<meta property=\"og:title\" content=\"SODYUM H\u0130POFOSF\u0130T\" \/>\n<meta property=\"og:description\" content=\"SODYUM H\u0130POFOSF\u0130T Sodyum hipofosfit, NaH2PO2 form\u00fcl\u00fcne sahip sodyum hidrojen hipofosfit olarak da bilinen hipofosfor asidin sodyum tuzudur. Beyaz fosfor ile\" \/>\n<meta property=\"og:url\" content=\"https:\/\/akerkimya.com\/eticaret\/urun\/sodyum-hipofosfit\/\" \/>\n<meta property=\"og:site_name\" content=\"Akerkimya\" \/>\n<meta property=\"article:modified_time\" content=\"2026-03-29T23:24:05+00:00\" \/>\n<meta property=\"og:image\" content=\"https:\/\/akerkimya.com\/eticaret\/wp-content\/uploads\/2025\/01\/SDOYUM-HIPOFOSFIT-GUNCEL-.png\" \/>\n\t<meta property=\"og:image:width\" content=\"1000\" \/>\n\t<meta property=\"og:image:height\" content=\"1000\" \/>\n\t<meta property=\"og:image:type\" content=\"image\/png\" \/>\n<meta name=\"twitter:card\" content=\"summary_large_image\" \/>\n<meta name=\"twitter:label1\" content=\"Tahmini okuma s\u00fcresi\" \/>\n\t<meta name=\"twitter:data1\" content=\"2 dakika\" \/>\n<script type=\"application\/ld+json\" class=\"yoast-schema-graph\">{\"@context\":\"https:\/\/schema.org\",\"@graph\":[{\"@type\":\"WebPage\",\"@id\":\"https:\/\/akerkimya.com\/eticaret\/urun\/sodyum-hipofosfit\/\",\"url\":\"https:\/\/akerkimya.com\/eticaret\/urun\/sodyum-hipofosfit\/\",\"name\":\"SODYUM H\u0130POFOSF\u0130T - Akerkimya\",\"isPartOf\":{\"@id\":\"https:\/\/akerkimya.com\/eticaret\/#website\"},\"datePublished\":\"2025-01-01T23:59:29+00:00\",\"dateModified\":\"2026-03-29T23:24:05+00:00\",\"breadcrumb\":{\"@id\":\"https:\/\/akerkimya.com\/eticaret\/urun\/sodyum-hipofosfit\/#breadcrumb\"},\"inLanguage\":\"tr\",\"potentialAction\":[{\"@type\":\"ReadAction\",\"target\":[\"https:\/\/akerkimya.com\/eticaret\/urun\/sodyum-hipofosfit\/\"]}]},{\"@type\":\"BreadcrumbList\",\"@id\":\"https:\/\/akerkimya.com\/eticaret\/urun\/sodyum-hipofosfit\/#breadcrumb\",\"itemListElement\":[{\"@type\":\"ListItem\",\"position\":1,\"name\":\"Home\",\"item\":\"https:\/\/akerkimya.com\/eticaret\/\"},{\"@type\":\"ListItem\",\"position\":2,\"name\":\"Market\",\"item\":\"https:\/\/akerkimya.com\/eticaret\/market\/\"},{\"@type\":\"ListItem\",\"position\":3,\"name\":\"SODYUM H\u0130POFOSF\u0130T\"}]},{\"@type\":\"WebSite\",\"@id\":\"https:\/\/akerkimya.com\/eticaret\/#website\",\"url\":\"https:\/\/akerkimya.com\/eticaret\/\",\"name\":\"Akerkimya\",\"description\":\"\",\"potentialAction\":[{\"@type\":\"SearchAction\",\"target\":{\"@type\":\"EntryPoint\",\"urlTemplate\":\"https:\/\/akerkimya.com\/eticaret\/?s={search_term_string}\"},\"query-input\":\"required name=search_term_string\"}],\"inLanguage\":\"tr\"}]}<\/script>\n<!-- \/ Yoast SEO Premium plugin. -->","yoast_head_json":{"title":"SODYUM H\u0130POFOSF\u0130T - Akerkimya","robots":{"index":"index","follow":"follow","max-snippet":"max-snippet:-1","max-image-preview":"max-image-preview:large","max-video-preview":"max-video-preview:-1"},"canonical":"https:\/\/akerkimya.com\/eticaret\/urun\/sodyum-hipofosfit\/","og_locale":"tr_TR","og_type":"article","og_title":"SODYUM H\u0130POFOSF\u0130T","og_description":"SODYUM H\u0130POFOSF\u0130T Sodyum hipofosfit, NaH2PO2 form\u00fcl\u00fcne sahip sodyum hidrojen hipofosfit olarak da bilinen hipofosfor asidin sodyum tuzudur. Beyaz fosfor ile","og_url":"https:\/\/akerkimya.com\/eticaret\/urun\/sodyum-hipofosfit\/","og_site_name":"Akerkimya","article_modified_time":"2026-03-29T23:24:05+00:00","og_image":[{"width":1000,"height":1000,"url":"https:\/\/akerkimya.com\/eticaret\/wp-content\/uploads\/2025\/01\/SDOYUM-HIPOFOSFIT-GUNCEL-.png","type":"image\/png"}],"twitter_card":"summary_large_image","twitter_misc":{"Tahmini okuma s\u00fcresi":"2 dakika"},"schema":{"@context":"https:\/\/schema.org","@graph":[{"@type":"WebPage","@id":"https:\/\/akerkimya.com\/eticaret\/urun\/sodyum-hipofosfit\/","url":"https:\/\/akerkimya.com\/eticaret\/urun\/sodyum-hipofosfit\/","name":"SODYUM H\u0130POFOSF\u0130T - Akerkimya","isPartOf":{"@id":"https:\/\/akerkimya.com\/eticaret\/#website"},"datePublished":"2025-01-01T23:59:29+00:00","dateModified":"2026-03-29T23:24:05+00:00","breadcrumb":{"@id":"https:\/\/akerkimya.com\/eticaret\/urun\/sodyum-hipofosfit\/#breadcrumb"},"inLanguage":"tr","potentialAction":[{"@type":"ReadAction","target":["https:\/\/akerkimya.com\/eticaret\/urun\/sodyum-hipofosfit\/"]}]},{"@type":"BreadcrumbList","@id":"https:\/\/akerkimya.com\/eticaret\/urun\/sodyum-hipofosfit\/#breadcrumb","itemListElement":[{"@type":"ListItem","position":1,"name":"Home","item":"https:\/\/akerkimya.com\/eticaret\/"},{"@type":"ListItem","position":2,"name":"Market","item":"https:\/\/akerkimya.com\/eticaret\/market\/"},{"@type":"ListItem","position":3,"name":"SODYUM H\u0130POFOSF\u0130T"}]},{"@type":"WebSite","@id":"https:\/\/akerkimya.com\/eticaret\/#website","url":"https:\/\/akerkimya.com\/eticaret\/","name":"Akerkimya","description":"","potentialAction":[{"@type":"SearchAction","target":{"@type":"EntryPoint","urlTemplate":"https:\/\/akerkimya.com\/eticaret\/?s={search_term_string}"},"query-input":"required name=search_term_string"}],"inLanguage":"tr"}]}},"_links":{"self":[{"href":"https:\/\/akerkimya.com\/eticaret\/wp-json\/wp\/v2\/product\/17133","targetHints":{"allow":["GET"]}}],"collection":[{"href":"https:\/\/akerkimya.com\/eticaret\/wp-json\/wp\/v2\/product"}],"about":[{"href":"https:\/\/akerkimya.com\/eticaret\/wp-json\/wp\/v2\/types\/product"}],"replies":[{"embeddable":true,"href":"https:\/\/akerkimya.com\/eticaret\/wp-json\/wp\/v2\/comments?post=17133"}],"version-history":[{"count":1,"href":"https:\/\/akerkimya.com\/eticaret\/wp-json\/wp\/v2\/product\/17133\/revisions"}],"predecessor-version":[{"id":17138,"href":"https:\/\/akerkimya.com\/eticaret\/wp-json\/wp\/v2\/product\/17133\/revisions\/17138"}],"wp:featuredmedia":[{"embeddable":true,"href":"https:\/\/akerkimya.com\/eticaret\/wp-json\/wp\/v2\/media\/17134"}],"wp:attachment":[{"href":"https:\/\/akerkimya.com\/eticaret\/wp-json\/wp\/v2\/media?parent=17133"}],"wp:term":[{"taxonomy":"product_cat","embeddable":true,"href":"https:\/\/akerkimya.com\/eticaret\/wp-json\/wp\/v2\/product_cat?post=17133"},{"taxonomy":"product_tag","embeddable":true,"href":"https:\/\/akerkimya.com\/eticaret\/wp-json\/wp\/v2\/product_tag?post=17133"}],"curies":[{"name":"wp","href":"https:\/\/api.w.org\/{rel}","templated":true}]}}