{"id":17139,"date":"2025-01-02T03:02:11","date_gmt":"2025-01-02T00:02:11","guid":{"rendered":"https:\/\/akerkimya.com\/eticaret\/?post_type=product&#038;p=17139"},"modified":"2026-03-30T02:24:06","modified_gmt":"2026-03-29T23:24:06","slug":"sodyum-karbonat-hafif-soda","status":"publish","type":"product","link":"https:\/\/akerkimya.com\/eticaret\/urun\/sodyum-karbonat-hafif-soda\/","title":{"rendered":"SODYUM KARBONAT (HAF\u0130F SODA)"},"content":{"rendered":"<h1>SODYUM KARBONAT (HAF\u0130F SODA)<\/h1>\n<p><strong>Kimyasal form\u00fcl\u00fc Na<sub>2<\/sub>CO<sub>3\u00a0<\/sub>olan sulu \u00e7\u00f6zeltisi berrak renksiz g\u00f6r\u00fcn\u00fcm\u00fcnde olan bir kimyasald\u0131r. Kristal soda ( Na<sub>2<\/sub>CO<sub>3<\/sub>.10H<sub>2<\/sub>O ) halinde bulunabilmektedir. Tuz halinde olmas\u0131na ra\u011fmen hidroliz nedeni ile \u00e7\u00f6zeltileri bazik \u00f6zellik g\u00f6stermektedir. Bu bile\u015fik belirli deniz bitkilerinde ve baz\u0131 kayalarda mineral halinde bulunmaktad\u0131r. Genel olarak yataklar\u0131 Afrika ve Asya\u2019dad\u0131r ancak genel itibariyle yapay olarak eldesi ger\u00e7ekle\u015fmektedir.<\/strong><\/p>\n<p><strong>\u00a0<\/strong><\/p>\n<p><strong>SODYUM KARBONAT TEKN\u0130K \u00d6ZELL\u0130KLER\u00a0<\/strong><\/p>\n<p><strong>CAS NUMARASI: 497-19-8<\/strong><\/p>\n<p><strong>MOLEK\u00dcLER FORM\u00dcL\u00dc: Na2CO3<\/strong><\/p>\n<p><strong>MOLAR K\u00dcTLE: 105.9875 g \/ mol (susuz)<\/strong><\/p>\n<p><strong>G\u00d6R\u00dcN\u00dcM: Beyaz kat\u0131 toz<\/strong><\/p>\n<p><strong>YO\u011eUNLUK: 2,55 g\/cm3 (susuz)<\/strong><\/p>\n<p><strong>ER\u0130ME NOKTASI: 850 \u00b0 C (susuz)<\/strong><\/p>\n<p><strong>KAYNAMA NOKTASI: 1630 \u00b0 C (susuz)<\/strong><\/p>\n<p><strong>SUDA \u00c7\u00d6Z\u00dcN\u00dcRL\u00dcK: 72 g \/ L (0 \u00b0 C)<\/strong><\/p>\n<p><strong>\u00a0<\/strong><\/p>\n<p><strong>SODYUM KARBONAT KULLANIM ALANLARI<\/strong><\/p>\n<p><strong>Suda \u00e7\u00f6z\u00fcnd\u00fc\u011f\u00fcnde NaOH olu\u015fturdu\u011fundan ya\u011fl\u0131 kirlerin temizli\u011finde kullan\u0131l\u0131r.<\/strong><\/p>\n<p><strong>\u00c7ama\u015f\u0131r ve \u00f6zellikle t\u00fcllerin beyazlat\u0131lmas\u0131nda kullan\u0131l\u0131r. Sodyum karbonat sularda sertlik yapan iyonlar\u0131 karbonat h\u00e2linde \u00e7\u00f6kt\u00fcr\u00fcp ortamdan uzakla\u015ft\u0131r\u0131r. Bu \u015fekilde \u00e7ama\u015f\u0131r makinelerinde yumu\u015fat\u0131c\u0131 olarak kullan\u0131l\u0131r.<\/strong><\/p>\n<p><strong>Tekstil sekt\u00f6r\u00fcnde reaktif boya kullan\u0131ld\u0131\u011f\u0131nda sodyum karbonat boya ve lif aras\u0131ndaki ba\u011f\u0131 olu\u015fturmak amac\u0131yla kullan\u0131l\u0131r.<\/strong><\/p>\n<p><strong>G\u0131da katk\u0131s\u0131 olarak asit d\u00fczenleyici, kabarmay\u0131 \u00f6nleyici ve stabilizat\u00f6r \u015feklinde kullan\u0131l\u0131r.<\/strong><\/p>\n<p><strong>Cam \u00fcretiminde kullan\u0131lan en \u00f6nemli kimyasal hammaddedir. Kumla soda birle\u015ftirilerek \u00e7ok y\u00fcksek \u0131s\u0131ya y\u00fckseltilir ve aniden so\u011futulur.<\/strong><\/p>\n<p><strong>Di\u015f macunlar\u0131nda k\u00f6p\u00fck ajan\u0131 olarak kullan\u0131l\u0131r. S\u00fcrt\u00fcnmeyi art\u0131r\u0131r ve a\u011f\u0131z ph de\u011ferini y\u00fckseltir.<\/strong><\/p>\n<p><strong>Tu\u011fla \u00fcretiminde \u0131slatma vazifesi g\u00f6r\u00fcr.<\/strong><\/p>\n<p><strong>Yap\u0131 kimyasallar\u0131 \u00fcretiminde kullan\u0131l\u0131r.<\/strong><\/p>\n<p><strong>Keten ve pamuklu elyaflar\u0131n pi\u015firilmesinde kullan\u0131l\u0131r.<\/strong><\/p>\n<p><strong>V\u00fccutta olu\u015fan ikinci derece yan\u0131klar\u0131n tedavisinde kullan\u0131l\u0131r.<\/strong><\/p>\n<p><strong>\u00a0<\/strong><\/p>\n<p><strong>AMBALAJ <\/strong><\/p>\n<p><strong>1-5-25 kg ambalajlar halinde <\/strong><\/p>\n<p><strong>\u00a0<\/strong><\/p>\n<p><strong>DEPOLAMA <\/strong><\/p>\n<p><strong>Serin ve nem olmayan yerde kapal\u0131 ambalajlarda muhafaza edilmelidir. <\/strong><\/p>\n<p><strong>\u00a0<\/strong><\/p>\n","protected":false},"excerpt":{"rendered":"<p>SODYUM KARBONAT (HAF\u0130F SODA) Kimyasal form\u00fcl\u00fc Na2CO3\u00a0olan sulu \u00e7\u00f6zeltisi berrak renksiz g\u00f6r\u00fcn\u00fcm\u00fcnde olan bir kimyasald\u0131r. Kristal soda ( Na2CO3.10H2O )<\/p>\n","protected":false},"featured_media":17140,"comment_status":"open","ping_status":"closed","template":"","meta":{"_joinchat":[]},"product_cat":[70,72,73,74,76],"product_tag":[],"class_list":{"0":"post-17139","1":"product","2":"type-product","3":"status-publish","4":"has-post-thumbnail","6":"product_cat-boya-ve-yapi-kimyasallar","7":"product_cat-cam-ve-seramik-kimyasallari","8":"product_cat-deri-ve-tekstil-kimyasallari","9":"product_cat-deterjan-ve-kozmetik-kimyasallari","10":"product_cat-gida-ve-katki-kimyasallari","12":"first","13":"instock","14":"shipping-taxable","15":"purchasable","16":"product-type-variable"},"yoast_head":"<!-- This site is optimized with the Yoast SEO Premium plugin v20.2.1 (Yoast SEO v20.2.1) - https:\/\/yoast.com\/wordpress\/plugins\/seo\/ -->\n<title>SODYUM KARBONAT (HAF\u0130F SODA) - Akerkimya<\/title>\n<meta name=\"robots\" content=\"index, follow, max-snippet:-1, max-image-preview:large, max-video-preview:-1\" \/>\n<link rel=\"canonical\" href=\"https:\/\/akerkimya.com\/eticaret\/urun\/sodyum-karbonat-hafif-soda\/\" \/>\n<meta property=\"og:locale\" content=\"tr_TR\" \/>\n<meta property=\"og:type\" content=\"article\" \/>\n<meta property=\"og:title\" content=\"SODYUM KARBONAT (HAF\u0130F SODA)\" \/>\n<meta property=\"og:description\" content=\"SODYUM KARBONAT (HAF\u0130F SODA) Kimyasal form\u00fcl\u00fc Na2CO3\u00a0olan sulu \u00e7\u00f6zeltisi berrak renksiz g\u00f6r\u00fcn\u00fcm\u00fcnde olan bir kimyasald\u0131r. Kristal soda ( Na2CO3.10H2O )\" \/>\n<meta property=\"og:url\" content=\"https:\/\/akerkimya.com\/eticaret\/urun\/sodyum-karbonat-hafif-soda\/\" \/>\n<meta property=\"og:site_name\" content=\"Akerkimya\" \/>\n<meta property=\"article:modified_time\" content=\"2026-03-29T23:24:06+00:00\" \/>\n<meta property=\"og:image\" content=\"https:\/\/akerkimya.com\/eticaret\/wp-content\/uploads\/2025\/01\/HAFIF-SODA-GUNCEL-.png\" \/>\n\t<meta property=\"og:image:width\" content=\"1000\" \/>\n\t<meta property=\"og:image:height\" content=\"1000\" \/>\n\t<meta property=\"og:image:type\" content=\"image\/png\" \/>\n<meta name=\"twitter:card\" content=\"summary_large_image\" \/>\n<meta name=\"twitter:label1\" content=\"Tahmini okuma s\u00fcresi\" \/>\n\t<meta name=\"twitter:data1\" content=\"2 dakika\" \/>\n<script type=\"application\/ld+json\" class=\"yoast-schema-graph\">{\"@context\":\"https:\/\/schema.org\",\"@graph\":[{\"@type\":\"WebPage\",\"@id\":\"https:\/\/akerkimya.com\/eticaret\/urun\/sodyum-karbonat-hafif-soda\/\",\"url\":\"https:\/\/akerkimya.com\/eticaret\/urun\/sodyum-karbonat-hafif-soda\/\",\"name\":\"SODYUM KARBONAT (HAF\u0130F SODA) - Akerkimya\",\"isPartOf\":{\"@id\":\"https:\/\/akerkimya.com\/eticaret\/#website\"},\"datePublished\":\"2025-01-02T00:02:11+00:00\",\"dateModified\":\"2026-03-29T23:24:06+00:00\",\"breadcrumb\":{\"@id\":\"https:\/\/akerkimya.com\/eticaret\/urun\/sodyum-karbonat-hafif-soda\/#breadcrumb\"},\"inLanguage\":\"tr\",\"potentialAction\":[{\"@type\":\"ReadAction\",\"target\":[\"https:\/\/akerkimya.com\/eticaret\/urun\/sodyum-karbonat-hafif-soda\/\"]}]},{\"@type\":\"BreadcrumbList\",\"@id\":\"https:\/\/akerkimya.com\/eticaret\/urun\/sodyum-karbonat-hafif-soda\/#breadcrumb\",\"itemListElement\":[{\"@type\":\"ListItem\",\"position\":1,\"name\":\"Home\",\"item\":\"https:\/\/akerkimya.com\/eticaret\/\"},{\"@type\":\"ListItem\",\"position\":2,\"name\":\"Market\",\"item\":\"https:\/\/akerkimya.com\/eticaret\/market\/\"},{\"@type\":\"ListItem\",\"position\":3,\"name\":\"SODYUM KARBONAT (HAF\u0130F SODA)\"}]},{\"@type\":\"WebSite\",\"@id\":\"https:\/\/akerkimya.com\/eticaret\/#website\",\"url\":\"https:\/\/akerkimya.com\/eticaret\/\",\"name\":\"Akerkimya\",\"description\":\"\",\"potentialAction\":[{\"@type\":\"SearchAction\",\"target\":{\"@type\":\"EntryPoint\",\"urlTemplate\":\"https:\/\/akerkimya.com\/eticaret\/?s={search_term_string}\"},\"query-input\":\"required name=search_term_string\"}],\"inLanguage\":\"tr\"}]}<\/script>\n<!-- \/ Yoast SEO Premium plugin. -->","yoast_head_json":{"title":"SODYUM KARBONAT (HAF\u0130F SODA) - Akerkimya","robots":{"index":"index","follow":"follow","max-snippet":"max-snippet:-1","max-image-preview":"max-image-preview:large","max-video-preview":"max-video-preview:-1"},"canonical":"https:\/\/akerkimya.com\/eticaret\/urun\/sodyum-karbonat-hafif-soda\/","og_locale":"tr_TR","og_type":"article","og_title":"SODYUM KARBONAT (HAF\u0130F SODA)","og_description":"SODYUM KARBONAT (HAF\u0130F SODA) Kimyasal form\u00fcl\u00fc Na2CO3\u00a0olan sulu \u00e7\u00f6zeltisi berrak renksiz g\u00f6r\u00fcn\u00fcm\u00fcnde olan bir kimyasald\u0131r. Kristal soda ( Na2CO3.10H2O )","og_url":"https:\/\/akerkimya.com\/eticaret\/urun\/sodyum-karbonat-hafif-soda\/","og_site_name":"Akerkimya","article_modified_time":"2026-03-29T23:24:06+00:00","og_image":[{"width":1000,"height":1000,"url":"https:\/\/akerkimya.com\/eticaret\/wp-content\/uploads\/2025\/01\/HAFIF-SODA-GUNCEL-.png","type":"image\/png"}],"twitter_card":"summary_large_image","twitter_misc":{"Tahmini okuma s\u00fcresi":"2 dakika"},"schema":{"@context":"https:\/\/schema.org","@graph":[{"@type":"WebPage","@id":"https:\/\/akerkimya.com\/eticaret\/urun\/sodyum-karbonat-hafif-soda\/","url":"https:\/\/akerkimya.com\/eticaret\/urun\/sodyum-karbonat-hafif-soda\/","name":"SODYUM KARBONAT (HAF\u0130F SODA) - Akerkimya","isPartOf":{"@id":"https:\/\/akerkimya.com\/eticaret\/#website"},"datePublished":"2025-01-02T00:02:11+00:00","dateModified":"2026-03-29T23:24:06+00:00","breadcrumb":{"@id":"https:\/\/akerkimya.com\/eticaret\/urun\/sodyum-karbonat-hafif-soda\/#breadcrumb"},"inLanguage":"tr","potentialAction":[{"@type":"ReadAction","target":["https:\/\/akerkimya.com\/eticaret\/urun\/sodyum-karbonat-hafif-soda\/"]}]},{"@type":"BreadcrumbList","@id":"https:\/\/akerkimya.com\/eticaret\/urun\/sodyum-karbonat-hafif-soda\/#breadcrumb","itemListElement":[{"@type":"ListItem","position":1,"name":"Home","item":"https:\/\/akerkimya.com\/eticaret\/"},{"@type":"ListItem","position":2,"name":"Market","item":"https:\/\/akerkimya.com\/eticaret\/market\/"},{"@type":"ListItem","position":3,"name":"SODYUM KARBONAT (HAF\u0130F SODA)"}]},{"@type":"WebSite","@id":"https:\/\/akerkimya.com\/eticaret\/#website","url":"https:\/\/akerkimya.com\/eticaret\/","name":"Akerkimya","description":"","potentialAction":[{"@type":"SearchAction","target":{"@type":"EntryPoint","urlTemplate":"https:\/\/akerkimya.com\/eticaret\/?s={search_term_string}"},"query-input":"required name=search_term_string"}],"inLanguage":"tr"}]}},"_links":{"self":[{"href":"https:\/\/akerkimya.com\/eticaret\/wp-json\/wp\/v2\/product\/17139","targetHints":{"allow":["GET"]}}],"collection":[{"href":"https:\/\/akerkimya.com\/eticaret\/wp-json\/wp\/v2\/product"}],"about":[{"href":"https:\/\/akerkimya.com\/eticaret\/wp-json\/wp\/v2\/types\/product"}],"replies":[{"embeddable":true,"href":"https:\/\/akerkimya.com\/eticaret\/wp-json\/wp\/v2\/comments?post=17139"}],"version-history":[{"count":1,"href":"https:\/\/akerkimya.com\/eticaret\/wp-json\/wp\/v2\/product\/17139\/revisions"}],"predecessor-version":[{"id":17144,"href":"https:\/\/akerkimya.com\/eticaret\/wp-json\/wp\/v2\/product\/17139\/revisions\/17144"}],"wp:featuredmedia":[{"embeddable":true,"href":"https:\/\/akerkimya.com\/eticaret\/wp-json\/wp\/v2\/media\/17140"}],"wp:attachment":[{"href":"https:\/\/akerkimya.com\/eticaret\/wp-json\/wp\/v2\/media?parent=17139"}],"wp:term":[{"taxonomy":"product_cat","embeddable":true,"href":"https:\/\/akerkimya.com\/eticaret\/wp-json\/wp\/v2\/product_cat?post=17139"},{"taxonomy":"product_tag","embeddable":true,"href":"https:\/\/akerkimya.com\/eticaret\/wp-json\/wp\/v2\/product_tag?post=17139"}],"curies":[{"name":"wp","href":"https:\/\/api.w.org\/{rel}","templated":true}]}}