{"id":17145,"date":"2025-01-02T03:09:43","date_gmt":"2025-01-02T00:09:43","guid":{"rendered":"https:\/\/akerkimya.com\/eticaret\/?post_type=product&#038;p=17145"},"modified":"2026-03-30T02:24:06","modified_gmt":"2026-03-29T23:24:06","slug":"sodyum-klorat","status":"publish","type":"product","link":"https:\/\/akerkimya.com\/eticaret\/urun\/sodyum-klorat\/","title":{"rendered":"SODYUM KLORAT"},"content":{"rendered":"<h1>SODYUM KLORAT <\/h1>\n<p><strong>Sodyum klorat, NaClO3 form\u00fcl\u00fcne sahip klorik asidin sodyum tuzudur. Bilinen en g\u00fc\u00e7l\u00fc oksitleyici molek\u00fclerdir. \u00dcretim \u015fekli ise perklorat elektrolizinde klorat \u00e7\u00f6zeltisinin oksidasyonu ile birlikte sanayi alan\u0131nda end\u00fcstriyel olarak \u00fcretimi yap\u0131l\u0131r. Organik madde, ah\u015fap, s\u00fclf\u00fcr, s\u00fclf\u00fcrik asit, \u00e7e\u015fitli metaller ve di\u011fer kimyasallarla temas\u0131 halinde yang\u0131n ya da patlamaya sebep olabilir. <\/strong><\/p>\n<p><strong>\u00a0<\/strong><\/p>\n<p><strong>SODYUM KLORAT \u00d6ZELL\u0130KLER\u0130<\/strong><\/p>\n<p><strong>Beyaz ve kristalimsi bir formdad\u0131r. Kokusuz ve tuzlu bir tada sahiptir.<\/strong><\/p>\n<p><strong>Gliserin, hidrazin ve metanolde \u00e7\u00f6z\u00fcn\u00fcr. Etanol, amonyakta az \u00e7\u00f6z\u00fcn\u00fcr. <\/strong><\/p>\n<p><strong>Higroskopik \u00f6zelliktedir.<\/strong><\/p>\n<p><strong>Sodyum klorat 300 \u00b0C\u2019nin \u00fczerinde ayr\u0131\u015farak oksijen ve soyum klor\u00fcr ortaya \u00e7\u0131kar\u0131r. <\/strong><\/p>\n<p><strong>Asidik \u00e7\u00f6zeltide g\u00fc\u00e7l\u00fc bir oksidasyon etkisine sahiptir. <\/strong><\/p>\n<p><strong>Sodyum klorat karars\u0131zd\u0131r.<\/strong><\/p>\n<p><strong>Fosfor, k\u00fck\u00fcrt ve organik madde ile kar\u0131\u015ft\u0131r\u0131ld\u0131\u011f\u0131nda yanmas\u0131 ve patlamas\u0131, nemi emmesi ve topaklanmas\u0131 kolayd\u0131r.<\/strong><\/p>\n<p><strong>\u00a0<\/strong><\/p>\n<p><strong>TEKN\u0130K \u00d6ZELL\u0130KLER\u0130<\/strong><\/p>\n<p><strong>CAS NUMARASI: 7775-09-9<\/strong><\/p>\n<p><strong>EC NUMARASI: 231-887-4<\/strong><\/p>\n<p><strong>UN NUMARASI: 1495,2428<\/strong><\/p>\n<p><strong>MOLEK\u00dcLER FORM\u00dcL:NaClO3<\/strong><\/p>\n<p><strong>K\u0130MYASAL \u0130SM\u0130: Sodyum Klorat<\/strong><\/p>\n<p><strong>MOLAR K\u00dcTLE: 106,441 g\/mol<\/strong><\/p>\n<p><strong>YO\u011eUNLUK: 2,5 g\/cm3 <\/strong><\/p>\n<p><strong>ER\u0130ME NOKTASI: 248 \u00b0C, 521 K, 478 \u00b0C<\/strong><\/p>\n<p><strong>KAYNAMA NOKTASI: 300 \u00b0C \u00c7\u00fcr\u00fcme<\/strong><\/p>\n<p><strong>SUDA \u00c7\u00d6Z\u00dcN\u00dcRL\u00dcK: 79 g\/100 ml (0\u00b0C), 101,0 g\/ml (20 \u00b0C), 230 g\/100 Ml (100 \u00b0C)<\/strong><\/p>\n<p><strong>KIRILMA \u0130NDEKSE: 1.515 <\/strong><\/p>\n<p><strong>MSDS: ICSC 1117<\/strong><\/p>\n<p><strong>AB ENDEKS: 017-005-00-9 <\/strong><\/p>\n<p><strong>AB SINFLANDIRMA: Oksidan (\u00e7), Zararl\u0131 (XN), \u00c7evre (N)<\/strong><\/p>\n<p><strong>R-\u0130BARELER\u0130: R9, R22, R51\/53 <\/strong><\/p>\n<p><strong>S-\u0130BARELER\u0130: (S2), S13, S17, S46, S,61 <\/strong><\/p>\n<p><strong>\u00a0<\/strong><\/p>\n<p><strong>KULLANIM ALANLARI <\/strong><\/p>\n<p><strong>Temel kullan\u0131m amac\u0131 klor dioksit gaz\u0131 yapmakt\u0131r. Bu gaz k\u00e2\u011f\u0131t hamurunun beyazlat\u0131lmas\u0131nda kullan\u0131l\u0131r.<\/strong><\/p>\n<p><strong>Bitki \u00f6ld\u00fcr\u00fcc\u00fc ila\u00e7larda kullan\u0131lmaktad\u0131r.<\/strong><\/p>\n<p><strong>Etkili su ar\u0131tma amac\u0131yla evsel su ar\u0131tma sistemlerinde kullan\u0131l\u0131r.<\/strong><\/p>\n<p><strong>Tekstil \u00fcr\u00fcnlerinin beyazlat\u0131lmas\u0131 i\u00e7in kullan\u0131l\u0131r.<\/strong><\/p>\n<p><strong>Uranyum \u00f6\u011f\u00fctmede oksitleyici madde olarak kullan\u0131l\u0131r.<\/strong><\/p>\n<p><strong>\u0130la\u00e7 end\u00fcstrisinde, farmas\u00f6tik \u00e7inko oksit ve sodyum ditiyos\u00fcksinat \u00fcretiminde kullan\u0131l\u0131r.<\/strong><\/p>\n<p><strong>Deri tabaklama i\u00e7in bir a\u011fartma maddesidir.<\/strong><\/p>\n<p><strong>Roket tahriki i\u00e7in kullan\u0131lan amonyum perklorat \u00fcretiminde kullan\u0131l\u0131r.<\/strong><\/p>\n<p><strong>Bask\u0131 ve boyama end\u00fcstrisinde mordan ve oksitleyici ajand\u0131r.<\/strong><\/p>\n<p><strong>Deniz suyundan brom \u00e7\u0131karmak i\u00e7in kullan\u0131l\u0131r.<\/strong><\/p>\n<p><strong>Biber, aspur, keten, soya fasulyesi, kuru fasulye, sorfum, pirin\u00e7, g\u00fcney fasulyesi ve ay\u00e7i\u00e7e\u011fi i\u00e7in hem kurutucu hem yaprak d\u00f6k\u00fcc\u00fc olarak kullan\u0131l\u0131r.<\/strong><\/p>\n<p><strong>Dezenfektan olarak g\u0131da sanayide kullan\u0131l\u0131r.<\/strong><\/p>\n<p><strong>Patlay\u0131c\u0131lar i\u00e7in potasyum klorat, havai fi\u015fekler i\u00e7in baryum klorat \u00fcretiminde ara madde olarak kullan\u0131l\u0131r.<\/strong><\/p>\n<p><strong>Cevherlerinden uranyum ve vanadyum \u00e7\u0131karmak i\u00e7in madencilikte ve \u00e7eli\u011fin yan\u0131 s\u0131ra benzin \u00fcretiminde kullan\u0131l\u0131r.<\/strong><\/p>\n<p><strong>\u00a0<\/strong><\/p>\n<p><strong>AMBALAJ<\/strong><\/p>\n<p><strong>1-5-25 kg torbalar halinde <\/strong><\/p>\n<p><strong>\u00a0<\/strong><\/p>\n<p><strong>DEPOLAMA <\/strong><\/p>\n<p><strong>Serin ve kuru bir alanda, torba zarar g\u00f6rmeyecek \u015fekilde muhafaza edilmelidir.<\/strong><\/p>\n<p><strong>\u00a0<\/strong><\/p>\n<p><strong>\u00a0<\/strong><\/p>\n<p><strong>\u00a0<\/strong><\/p>\n","protected":false},"excerpt":{"rendered":"<p>SODYUM KLORAT Sodyum klorat, NaClO3 form\u00fcl\u00fcne sahip klorik asidin sodyum tuzudur. Bilinen en g\u00fc\u00e7l\u00fc oksitleyici molek\u00fclerdir. \u00dcretim \u015fekli ise perklorat<\/p>\n","protected":false},"featured_media":17151,"comment_status":"open","ping_status":"closed","template":"","meta":{"_joinchat":[]},"product_cat":[70,73,79,80],"product_tag":[],"class_list":{"0":"post-17145","1":"product","2":"type-product","3":"status-publish","4":"has-post-thumbnail","6":"product_cat-boya-ve-yapi-kimyasallar","7":"product_cat-deri-ve-tekstil-kimyasallari","8":"product_cat-tarim-kimyasallari","9":"product_cat-veteriner-ve-ilac-kimyasallari","11":"first","12":"instock","13":"shipping-taxable","14":"purchasable","15":"product-type-variable"},"yoast_head":"<!-- This site is optimized with the Yoast SEO Premium plugin v20.2.1 (Yoast SEO v20.2.1) - https:\/\/yoast.com\/wordpress\/plugins\/seo\/ -->\n<title>SODYUM KLORAT - Akerkimya<\/title>\n<meta name=\"robots\" content=\"index, follow, max-snippet:-1, max-image-preview:large, max-video-preview:-1\" \/>\n<link rel=\"canonical\" href=\"https:\/\/akerkimya.com\/eticaret\/urun\/sodyum-klorat\/\" \/>\n<meta property=\"og:locale\" content=\"tr_TR\" \/>\n<meta property=\"og:type\" content=\"article\" \/>\n<meta property=\"og:title\" content=\"SODYUM KLORAT\" \/>\n<meta property=\"og:description\" content=\"SODYUM KLORAT Sodyum klorat, NaClO3 form\u00fcl\u00fcne sahip klorik asidin sodyum tuzudur. Bilinen en g\u00fc\u00e7l\u00fc oksitleyici molek\u00fclerdir. \u00dcretim \u015fekli ise perklorat\" \/>\n<meta property=\"og:url\" content=\"https:\/\/akerkimya.com\/eticaret\/urun\/sodyum-klorat\/\" \/>\n<meta property=\"og:site_name\" content=\"Akerkimya\" \/>\n<meta property=\"article:modified_time\" content=\"2026-03-29T23:24:06+00:00\" \/>\n<meta property=\"og:image\" content=\"https:\/\/akerkimya.com\/eticaret\/wp-content\/uploads\/2025\/01\/SODYUM-KLORAT-GUNCEL-1-1.png\" \/>\n\t<meta property=\"og:image:width\" content=\"1000\" \/>\n\t<meta property=\"og:image:height\" content=\"1000\" \/>\n\t<meta property=\"og:image:type\" content=\"image\/png\" \/>\n<meta name=\"twitter:card\" content=\"summary_large_image\" \/>\n<meta name=\"twitter:label1\" content=\"Tahmini okuma s\u00fcresi\" \/>\n\t<meta name=\"twitter:data1\" content=\"2 dakika\" \/>\n<script type=\"application\/ld+json\" class=\"yoast-schema-graph\">{\"@context\":\"https:\/\/schema.org\",\"@graph\":[{\"@type\":\"WebPage\",\"@id\":\"https:\/\/akerkimya.com\/eticaret\/urun\/sodyum-klorat\/\",\"url\":\"https:\/\/akerkimya.com\/eticaret\/urun\/sodyum-klorat\/\",\"name\":\"SODYUM KLORAT - Akerkimya\",\"isPartOf\":{\"@id\":\"https:\/\/akerkimya.com\/eticaret\/#website\"},\"datePublished\":\"2025-01-02T00:09:43+00:00\",\"dateModified\":\"2026-03-29T23:24:06+00:00\",\"breadcrumb\":{\"@id\":\"https:\/\/akerkimya.com\/eticaret\/urun\/sodyum-klorat\/#breadcrumb\"},\"inLanguage\":\"tr\",\"potentialAction\":[{\"@type\":\"ReadAction\",\"target\":[\"https:\/\/akerkimya.com\/eticaret\/urun\/sodyum-klorat\/\"]}]},{\"@type\":\"BreadcrumbList\",\"@id\":\"https:\/\/akerkimya.com\/eticaret\/urun\/sodyum-klorat\/#breadcrumb\",\"itemListElement\":[{\"@type\":\"ListItem\",\"position\":1,\"name\":\"Home\",\"item\":\"https:\/\/akerkimya.com\/eticaret\/\"},{\"@type\":\"ListItem\",\"position\":2,\"name\":\"Market\",\"item\":\"https:\/\/akerkimya.com\/eticaret\/market\/\"},{\"@type\":\"ListItem\",\"position\":3,\"name\":\"SODYUM KLORAT\"}]},{\"@type\":\"WebSite\",\"@id\":\"https:\/\/akerkimya.com\/eticaret\/#website\",\"url\":\"https:\/\/akerkimya.com\/eticaret\/\",\"name\":\"Akerkimya\",\"description\":\"\",\"potentialAction\":[{\"@type\":\"SearchAction\",\"target\":{\"@type\":\"EntryPoint\",\"urlTemplate\":\"https:\/\/akerkimya.com\/eticaret\/?s={search_term_string}\"},\"query-input\":\"required name=search_term_string\"}],\"inLanguage\":\"tr\"}]}<\/script>\n<!-- \/ Yoast SEO Premium plugin. -->","yoast_head_json":{"title":"SODYUM KLORAT - Akerkimya","robots":{"index":"index","follow":"follow","max-snippet":"max-snippet:-1","max-image-preview":"max-image-preview:large","max-video-preview":"max-video-preview:-1"},"canonical":"https:\/\/akerkimya.com\/eticaret\/urun\/sodyum-klorat\/","og_locale":"tr_TR","og_type":"article","og_title":"SODYUM KLORAT","og_description":"SODYUM KLORAT Sodyum klorat, NaClO3 form\u00fcl\u00fcne sahip klorik asidin sodyum tuzudur. Bilinen en g\u00fc\u00e7l\u00fc oksitleyici molek\u00fclerdir. \u00dcretim \u015fekli ise perklorat","og_url":"https:\/\/akerkimya.com\/eticaret\/urun\/sodyum-klorat\/","og_site_name":"Akerkimya","article_modified_time":"2026-03-29T23:24:06+00:00","og_image":[{"width":1000,"height":1000,"url":"https:\/\/akerkimya.com\/eticaret\/wp-content\/uploads\/2025\/01\/SODYUM-KLORAT-GUNCEL-1-1.png","type":"image\/png"}],"twitter_card":"summary_large_image","twitter_misc":{"Tahmini okuma s\u00fcresi":"2 dakika"},"schema":{"@context":"https:\/\/schema.org","@graph":[{"@type":"WebPage","@id":"https:\/\/akerkimya.com\/eticaret\/urun\/sodyum-klorat\/","url":"https:\/\/akerkimya.com\/eticaret\/urun\/sodyum-klorat\/","name":"SODYUM KLORAT - Akerkimya","isPartOf":{"@id":"https:\/\/akerkimya.com\/eticaret\/#website"},"datePublished":"2025-01-02T00:09:43+00:00","dateModified":"2026-03-29T23:24:06+00:00","breadcrumb":{"@id":"https:\/\/akerkimya.com\/eticaret\/urun\/sodyum-klorat\/#breadcrumb"},"inLanguage":"tr","potentialAction":[{"@type":"ReadAction","target":["https:\/\/akerkimya.com\/eticaret\/urun\/sodyum-klorat\/"]}]},{"@type":"BreadcrumbList","@id":"https:\/\/akerkimya.com\/eticaret\/urun\/sodyum-klorat\/#breadcrumb","itemListElement":[{"@type":"ListItem","position":1,"name":"Home","item":"https:\/\/akerkimya.com\/eticaret\/"},{"@type":"ListItem","position":2,"name":"Market","item":"https:\/\/akerkimya.com\/eticaret\/market\/"},{"@type":"ListItem","position":3,"name":"SODYUM KLORAT"}]},{"@type":"WebSite","@id":"https:\/\/akerkimya.com\/eticaret\/#website","url":"https:\/\/akerkimya.com\/eticaret\/","name":"Akerkimya","description":"","potentialAction":[{"@type":"SearchAction","target":{"@type":"EntryPoint","urlTemplate":"https:\/\/akerkimya.com\/eticaret\/?s={search_term_string}"},"query-input":"required name=search_term_string"}],"inLanguage":"tr"}]}},"_links":{"self":[{"href":"https:\/\/akerkimya.com\/eticaret\/wp-json\/wp\/v2\/product\/17145","targetHints":{"allow":["GET"]}}],"collection":[{"href":"https:\/\/akerkimya.com\/eticaret\/wp-json\/wp\/v2\/product"}],"about":[{"href":"https:\/\/akerkimya.com\/eticaret\/wp-json\/wp\/v2\/types\/product"}],"replies":[{"embeddable":true,"href":"https:\/\/akerkimya.com\/eticaret\/wp-json\/wp\/v2\/comments?post=17145"}],"version-history":[{"count":1,"href":"https:\/\/akerkimya.com\/eticaret\/wp-json\/wp\/v2\/product\/17145\/revisions"}],"predecessor-version":[{"id":17152,"href":"https:\/\/akerkimya.com\/eticaret\/wp-json\/wp\/v2\/product\/17145\/revisions\/17152"}],"wp:featuredmedia":[{"embeddable":true,"href":"https:\/\/akerkimya.com\/eticaret\/wp-json\/wp\/v2\/media\/17151"}],"wp:attachment":[{"href":"https:\/\/akerkimya.com\/eticaret\/wp-json\/wp\/v2\/media?parent=17145"}],"wp:term":[{"taxonomy":"product_cat","embeddable":true,"href":"https:\/\/akerkimya.com\/eticaret\/wp-json\/wp\/v2\/product_cat?post=17145"},{"taxonomy":"product_tag","embeddable":true,"href":"https:\/\/akerkimya.com\/eticaret\/wp-json\/wp\/v2\/product_tag?post=17145"}],"curies":[{"name":"wp","href":"https:\/\/api.w.org\/{rel}","templated":true}]}}