{"id":17153,"date":"2025-01-02T03:12:10","date_gmt":"2025-01-02T00:12:10","guid":{"rendered":"https:\/\/akerkimya.com\/eticaret\/?post_type=product&#038;p=17153"},"modified":"2026-03-30T02:24:06","modified_gmt":"2026-03-29T23:24:06","slug":"sodyum-klorur","status":"publish","type":"product","link":"https:\/\/akerkimya.com\/eticaret\/urun\/sodyum-klorur\/","title":{"rendered":"SODYUM KLOR\u00dcR"},"content":{"rendered":"<h1>SODYUM KLOR\u00dcR<\/h1>\n<p><strong>Sodyum klor\u00fcr, (NaCI) olarak tan\u0131mlan\u0131r. Sodyum klor\u00fcr, beyaz kristalize bir bile\u015fiktir. Sodyum klor\u00fcr Suda, amonyak, metanol, gliserin, formik asit, formamit ve propilen glikolda \u00e7\u00f6z\u00fcn\u00fcr. Sodyum klor\u00fcr, kan plazmas\u0131 d\u00e2hil h\u00fccre d\u0131\u015f\u0131nda bulunan s\u0131v\u0131larda yer alan ba\u015fl\u0131ca iyonlardan birdir. Bu durumda bir\u00e7ok ya\u015fam destek i\u015fleminde sodyum klor\u00fcr \u00f6nemli rol oynamaktad\u0131r.<\/strong><\/p>\n<p><strong>TEKN\u0130K \u00d6ZELL\u0130KLER\u0130<\/strong><\/p>\n<p><strong>FORM\u00dcL:\u00a0 NaCl<\/strong><\/p>\n<p><strong>FORM\u00dcL A\u011eIRLI\u011eI: 58,44 gr.\/mol<\/strong><\/p>\n<p><strong>G\u00d6R\u00dcN\u00dcM:\u00a0 Kokusuz, beyaz, toz halinde, (amorf yap\u0131da)<\/strong><\/p>\n<p><strong>TANE B\u00dcY\u00dcKL\u00dc\u011e\u00dc: 5 mm O Elek Alt\u0131 (Amorf yap\u0131da)<\/strong><\/p>\n<p><strong>A\u011eIRLIK\u00c7A NACI ORANI:\u00a0 %98 max<\/strong><\/p>\n<p><strong>ER\u0130ME NOKTASI: 801 \u00baC \/ 1074 K<\/strong><\/p>\n<p><strong>SUDA \u00c7\u00d6Z\u00dcNME:\u00a0 35,9gr\/100ml, 25\u00baC<\/strong><\/p>\n<p><strong>SPES\u0130F\u0130K GRAV\u0130TE: 2.16 gr \/ cm3<\/strong><\/p>\n<p><strong>YANICILIK: Yok<\/strong><\/p>\n<p><strong>NEM:\u00a0 15 % max<\/strong><\/p>\n<p><strong>SUDA \u00c7\u00d6Z\u00dcNME: 0.5 % max<\/strong><\/p>\n<p><strong>PH: 6-8 (N\u00f6tr Tuz % 1 lik Solusyon)<\/strong><\/p>\n<p><strong>\u00a0<\/strong><\/p>\n<p><strong>KULLANIM ALANLARI<\/strong><\/p>\n<p><strong>Sodyum Klor\u00fcr, bir\u00e7ok kimyasal\u0131n \u00fcretiminde do\u011frudan veya dolayl\u0131 olarak kullan\u0131l\u0131r.<\/strong><\/p>\n<p><strong>Sodyum karbonat ve kalsiyum klor\u00fcr \u00fcretmek i\u00e7in sodyum klor\u00fcr kullan\u0131l\u0131r.<\/strong><\/p>\n<p><strong>Sodyum karbonat cam, sodyum bikarbonat ve boyalar\u0131n yan\u0131 s\u0131ra di\u011fer kimyasallar\u0131 \u00fcretmek i\u00e7in kullan\u0131l\u0131r.<\/strong><\/p>\n<p><strong>Sodyum s\u00fclfat ve hidroklorik asit \u00fcretiminde kullan\u0131l\u0131r.<\/strong><\/p>\n<p><strong>Sodyum Klor\u00fcr Petrol ve gaz ara\u015ft\u0131rmalar\u0131nda, sondajlarda s\u0131v\u0131lar\u0131n delinmesinin \u00f6nemli bir bile\u015fenidir. Y\u00fcksek dereceli gaz bas\u0131nc\u0131n\u0131n \u00fcstesinden gelmek i\u00e7in sondaj s\u0131v\u0131s\u0131n\u0131n yo\u011funlu\u011funu art\u0131rmak ve topakla\u015ft\u0131rmak i\u00e7in kullan\u0131l\u0131r.<\/strong><\/p>\n<p><strong>Sodyum Klor\u00fcr \u00e7imentolu kaplamalarda betonun sertle\u015fmesini artt\u0131rmak i\u00e7in kullan\u0131l\u0131r.<\/strong><\/p>\n<p><strong>Tekstilde ve boyamada, organik kirleticileri ay\u0131rmak i\u00e7in, boya \u00e7\u00f6keltilerinin tuz haline getirilmesini te\u015fvik etmek i\u00e7in ve yo\u011funla\u015ft\u0131r\u0131lm\u0131\u015f boyalarla kar\u0131\u015ft\u0131rarak onlar\u0131 tasfiye ettirmeyi standartla\u015ft\u0131rmak i\u00e7in bir tuzlu suyla durulama olarak kullan\u0131l\u0131r.<\/strong><\/p>\n<p><strong>Negatif y\u00fckl\u00fc iyonlar\u0131n emilimini artt\u0131rmak i\u00e7in pozitif iyon y\u00fck\u00fc sa\u011flamaktad\u0131r.<\/strong><\/p>\n<p><strong>Al\u00fcminyum, berilyum, bak\u0131r, \u00e7elik ve vanadyumun i\u015flenmesinde de kullan\u0131l\u0131r.<\/strong><\/p>\n<p><strong>K\u00e2\u011f\u0131t hamuru ve k\u00e2\u011f\u0131t end\u00fcstrisinde, ah\u015fap hamurunu a\u011fartmak i\u00e7in kullan\u0131l\u0131r.<\/strong><\/p>\n<p><strong>S\u00fclf\u00fcrik asit ve suyla birlikte klor oksit \u00fcretmek i\u00e7in m\u00fckemmel bir oksijen esasl\u0131 a\u011fart\u0131c\u0131 kimyasal olan sodyum klorat yapmak i\u00e7in kullan\u0131l\u0131r.<\/strong><\/p>\n<p><strong>AMBALAJ <\/strong><\/p>\n<p><strong>1-5-25 kg ambalajlar halinde <\/strong><\/p>\n<p><strong>\u00a0<\/strong><\/p>\n<p><strong>DEPOLAMA <\/strong><\/p>\n<p><strong>Serin ve nem olmayan yerde kapal\u0131 ambalajlarda muhafaza edilmelidir. <\/strong><\/p>\n<p><strong>\u00a0<\/strong><\/p>\n","protected":false},"excerpt":{"rendered":"<p>SODYUM KLOR\u00dcR Sodyum klor\u00fcr, (NaCI) olarak tan\u0131mlan\u0131r. Sodyum klor\u00fcr, beyaz kristalize bir bile\u015fiktir. Sodyum klor\u00fcr Suda, amonyak, metanol, gliserin, formik<\/p>\n","protected":false},"featured_media":17154,"comment_status":"open","ping_status":"closed","template":"","meta":{"_joinchat":[]},"product_cat":[70,72],"product_tag":[],"class_list":{"0":"post-17153","1":"product","2":"type-product","3":"status-publish","4":"has-post-thumbnail","6":"product_cat-boya-ve-yapi-kimyasallar","7":"product_cat-cam-ve-seramik-kimyasallari","9":"first","10":"instock","11":"shipping-taxable","12":"purchasable","13":"product-type-variable"},"yoast_head":"<!-- This site is optimized with the Yoast SEO Premium plugin v20.2.1 (Yoast SEO v20.2.1) - https:\/\/yoast.com\/wordpress\/plugins\/seo\/ -->\n<title>SODYUM KLOR\u00dcR - Akerkimya<\/title>\n<meta name=\"robots\" content=\"index, follow, max-snippet:-1, max-image-preview:large, max-video-preview:-1\" \/>\n<link rel=\"canonical\" href=\"https:\/\/akerkimya.com\/eticaret\/urun\/sodyum-klorur\/\" \/>\n<meta property=\"og:locale\" content=\"tr_TR\" \/>\n<meta property=\"og:type\" content=\"article\" \/>\n<meta property=\"og:title\" content=\"SODYUM KLOR\u00dcR\" \/>\n<meta property=\"og:description\" content=\"SODYUM KLOR\u00dcR Sodyum klor\u00fcr, (NaCI) olarak tan\u0131mlan\u0131r. Sodyum klor\u00fcr, beyaz kristalize bir bile\u015fiktir. Sodyum klor\u00fcr Suda, amonyak, metanol, gliserin, formik\" \/>\n<meta property=\"og:url\" content=\"https:\/\/akerkimya.com\/eticaret\/urun\/sodyum-klorur\/\" \/>\n<meta property=\"og:site_name\" content=\"Akerkimya\" \/>\n<meta property=\"article:modified_time\" content=\"2026-03-29T23:24:06+00:00\" \/>\n<meta property=\"og:image\" content=\"https:\/\/akerkimya.com\/eticaret\/wp-content\/uploads\/2025\/01\/SODYUM-KLORUR-GUNCEL-.png\" \/>\n\t<meta property=\"og:image:width\" content=\"1000\" \/>\n\t<meta property=\"og:image:height\" content=\"1000\" \/>\n\t<meta property=\"og:image:type\" content=\"image\/png\" \/>\n<meta name=\"twitter:card\" content=\"summary_large_image\" \/>\n<meta name=\"twitter:label1\" content=\"Tahmini okuma s\u00fcresi\" \/>\n\t<meta name=\"twitter:data1\" content=\"2 dakika\" \/>\n<script type=\"application\/ld+json\" class=\"yoast-schema-graph\">{\"@context\":\"https:\/\/schema.org\",\"@graph\":[{\"@type\":\"WebPage\",\"@id\":\"https:\/\/akerkimya.com\/eticaret\/urun\/sodyum-klorur\/\",\"url\":\"https:\/\/akerkimya.com\/eticaret\/urun\/sodyum-klorur\/\",\"name\":\"SODYUM KLOR\u00dcR - Akerkimya\",\"isPartOf\":{\"@id\":\"https:\/\/akerkimya.com\/eticaret\/#website\"},\"datePublished\":\"2025-01-02T00:12:10+00:00\",\"dateModified\":\"2026-03-29T23:24:06+00:00\",\"breadcrumb\":{\"@id\":\"https:\/\/akerkimya.com\/eticaret\/urun\/sodyum-klorur\/#breadcrumb\"},\"inLanguage\":\"tr\",\"potentialAction\":[{\"@type\":\"ReadAction\",\"target\":[\"https:\/\/akerkimya.com\/eticaret\/urun\/sodyum-klorur\/\"]}]},{\"@type\":\"BreadcrumbList\",\"@id\":\"https:\/\/akerkimya.com\/eticaret\/urun\/sodyum-klorur\/#breadcrumb\",\"itemListElement\":[{\"@type\":\"ListItem\",\"position\":1,\"name\":\"Home\",\"item\":\"https:\/\/akerkimya.com\/eticaret\/\"},{\"@type\":\"ListItem\",\"position\":2,\"name\":\"Market\",\"item\":\"https:\/\/akerkimya.com\/eticaret\/market\/\"},{\"@type\":\"ListItem\",\"position\":3,\"name\":\"SODYUM KLOR\u00dcR\"}]},{\"@type\":\"WebSite\",\"@id\":\"https:\/\/akerkimya.com\/eticaret\/#website\",\"url\":\"https:\/\/akerkimya.com\/eticaret\/\",\"name\":\"Akerkimya\",\"description\":\"\",\"potentialAction\":[{\"@type\":\"SearchAction\",\"target\":{\"@type\":\"EntryPoint\",\"urlTemplate\":\"https:\/\/akerkimya.com\/eticaret\/?s={search_term_string}\"},\"query-input\":\"required name=search_term_string\"}],\"inLanguage\":\"tr\"}]}<\/script>\n<!-- \/ Yoast SEO Premium plugin. -->","yoast_head_json":{"title":"SODYUM KLOR\u00dcR - Akerkimya","robots":{"index":"index","follow":"follow","max-snippet":"max-snippet:-1","max-image-preview":"max-image-preview:large","max-video-preview":"max-video-preview:-1"},"canonical":"https:\/\/akerkimya.com\/eticaret\/urun\/sodyum-klorur\/","og_locale":"tr_TR","og_type":"article","og_title":"SODYUM KLOR\u00dcR","og_description":"SODYUM KLOR\u00dcR Sodyum klor\u00fcr, (NaCI) olarak tan\u0131mlan\u0131r. Sodyum klor\u00fcr, beyaz kristalize bir bile\u015fiktir. Sodyum klor\u00fcr Suda, amonyak, metanol, gliserin, formik","og_url":"https:\/\/akerkimya.com\/eticaret\/urun\/sodyum-klorur\/","og_site_name":"Akerkimya","article_modified_time":"2026-03-29T23:24:06+00:00","og_image":[{"width":1000,"height":1000,"url":"https:\/\/akerkimya.com\/eticaret\/wp-content\/uploads\/2025\/01\/SODYUM-KLORUR-GUNCEL-.png","type":"image\/png"}],"twitter_card":"summary_large_image","twitter_misc":{"Tahmini okuma s\u00fcresi":"2 dakika"},"schema":{"@context":"https:\/\/schema.org","@graph":[{"@type":"WebPage","@id":"https:\/\/akerkimya.com\/eticaret\/urun\/sodyum-klorur\/","url":"https:\/\/akerkimya.com\/eticaret\/urun\/sodyum-klorur\/","name":"SODYUM KLOR\u00dcR - Akerkimya","isPartOf":{"@id":"https:\/\/akerkimya.com\/eticaret\/#website"},"datePublished":"2025-01-02T00:12:10+00:00","dateModified":"2026-03-29T23:24:06+00:00","breadcrumb":{"@id":"https:\/\/akerkimya.com\/eticaret\/urun\/sodyum-klorur\/#breadcrumb"},"inLanguage":"tr","potentialAction":[{"@type":"ReadAction","target":["https:\/\/akerkimya.com\/eticaret\/urun\/sodyum-klorur\/"]}]},{"@type":"BreadcrumbList","@id":"https:\/\/akerkimya.com\/eticaret\/urun\/sodyum-klorur\/#breadcrumb","itemListElement":[{"@type":"ListItem","position":1,"name":"Home","item":"https:\/\/akerkimya.com\/eticaret\/"},{"@type":"ListItem","position":2,"name":"Market","item":"https:\/\/akerkimya.com\/eticaret\/market\/"},{"@type":"ListItem","position":3,"name":"SODYUM KLOR\u00dcR"}]},{"@type":"WebSite","@id":"https:\/\/akerkimya.com\/eticaret\/#website","url":"https:\/\/akerkimya.com\/eticaret\/","name":"Akerkimya","description":"","potentialAction":[{"@type":"SearchAction","target":{"@type":"EntryPoint","urlTemplate":"https:\/\/akerkimya.com\/eticaret\/?s={search_term_string}"},"query-input":"required name=search_term_string"}],"inLanguage":"tr"}]}},"_links":{"self":[{"href":"https:\/\/akerkimya.com\/eticaret\/wp-json\/wp\/v2\/product\/17153","targetHints":{"allow":["GET"]}}],"collection":[{"href":"https:\/\/akerkimya.com\/eticaret\/wp-json\/wp\/v2\/product"}],"about":[{"href":"https:\/\/akerkimya.com\/eticaret\/wp-json\/wp\/v2\/types\/product"}],"replies":[{"embeddable":true,"href":"https:\/\/akerkimya.com\/eticaret\/wp-json\/wp\/v2\/comments?post=17153"}],"version-history":[{"count":1,"href":"https:\/\/akerkimya.com\/eticaret\/wp-json\/wp\/v2\/product\/17153\/revisions"}],"predecessor-version":[{"id":17158,"href":"https:\/\/akerkimya.com\/eticaret\/wp-json\/wp\/v2\/product\/17153\/revisions\/17158"}],"wp:featuredmedia":[{"embeddable":true,"href":"https:\/\/akerkimya.com\/eticaret\/wp-json\/wp\/v2\/media\/17154"}],"wp:attachment":[{"href":"https:\/\/akerkimya.com\/eticaret\/wp-json\/wp\/v2\/media?parent=17153"}],"wp:term":[{"taxonomy":"product_cat","embeddable":true,"href":"https:\/\/akerkimya.com\/eticaret\/wp-json\/wp\/v2\/product_cat?post=17153"},{"taxonomy":"product_tag","embeddable":true,"href":"https:\/\/akerkimya.com\/eticaret\/wp-json\/wp\/v2\/product_tag?post=17153"}],"curies":[{"name":"wp","href":"https:\/\/api.w.org\/{rel}","templated":true}]}}