{"id":17159,"date":"2025-01-02T03:14:47","date_gmt":"2025-01-02T00:14:47","guid":{"rendered":"https:\/\/akerkimya.com\/eticaret\/?post_type=product&#038;p=17159"},"modified":"2026-03-30T02:24:06","modified_gmt":"2026-03-29T23:24:06","slug":"sodyum-lauril-sulfat","status":"publish","type":"product","link":"https:\/\/akerkimya.com\/eticaret\/urun\/sodyum-lauril-sulfat\/","title":{"rendered":"SODYUM LAUR\u0130L S\u00dcLFAT"},"content":{"rendered":"<h1>SODYUM LAUR\u0130L S\u00dcLFAT<\/h1>\n<p><strong>Sodyum Lauril S\u00fclfat, C12H25SO4Na form\u00fcl\u00fcne sahip organik bir tuzdur. iyonik bir y\u00fczey aktif veya y\u00fczey aktif maddedir. Bu y\u00fczeyde iki kar\u0131\u015fmayan faz\u0131 ay\u0131ran bir etkiye sahip oldu\u011fu anlam\u0131na gelir. <\/strong><strong>Anyonik y\u00fczey aktif olup hem sert hem de yumu\u015fak suda \u00e7ok iyi bir k\u00f6p\u00fck profili vard\u0131r. Amfifilik bir bile\u015fiktir. Bu molek\u00fcl\u00fcn bir k\u0131sm\u0131n\u0131n suya hidrofilik oldu\u011fu ve ba\u015fka bir k\u0131sm\u0131n\u0131n s\u0131v\u0131 ve kat\u0131 ya\u011flara benzerli\u011fi veya \u00e7ekicili\u011fi oldu\u011fu ve suyu itti\u011fi (hidrofobik) oldu\u011fu anlam\u0131na gelir.<\/strong><\/p>\n<p><strong>\u00a0\u00a0\u00a0\u00a0\u00a0\u00a0\u00a0\u00a0\u00a0\u00a0\u00a0\u00a0\u00a0\u00a0\u00a0\u00a0\u00a0\u00a0\u00a0\u00a0\u00a0\u00a0\u00a0\u00a0\u00a0\u00a0\u00a0\u00a0\u00a0\u00a0\u00a0\u00a0\u00a0\u00a0\u00a0\u00a0\u00a0\u00a0\u00a0\u00a0\u00a0\u00a0\u00a0\u00a0\u00a0\u00a0\u00a0\u00a0\u00a0\u00a0\u00a0\u00a0\u00a0\u00a0\u00a0\u00a0\u00a0\u00a0\u00a0\u00a0\u00a0\u00a0\u00a0\u00a0\u00a0\u00a0\u00a0\u00a0\u00a0\u00a0\u00a0\u00a0\u00a0\u00a0\u00a0\u00a0\u00a0\u00a0\u00a0\u00a0\u00a0\u00a0\u00a0\u00a0\u00a0 <\/strong><\/p>\n<p><strong>\u00a0<\/strong><\/p>\n<p><strong>SODYUM LAUR\u0130L S\u00dcLFAT \u00d6ZELL\u0130KLER\u0130<\/strong><\/p>\n<p><strong>Zengin ve uzun s\u00fcre kal\u0131c\u0131 k\u00f6p\u00fck sa\u011flar.<\/strong><\/p>\n<p><strong>Toksik olmayan ve biyolojik olarak par\u00e7alanabilen bir maddedir.<\/strong><\/p>\n<p><strong>M\u00fckemmel bir temizlik sa\u011flar. <\/strong><\/p>\n<p><strong>Em\u00fclsifiye edicidir.<\/strong><\/p>\n<p><strong>Ba\u015fka katk\u0131 maddeleri ile bulu\u015fturuldu\u011fu zaman tahri\u015fi iyile\u015ftirir, ya\u011f giderme g\u00fcc\u00fc d\u00fc\u015fer, el hissi artar.<\/strong><\/p>\n<p><strong>\u00a0<\/strong><\/p>\n<p><strong>TEKN\u0130K \u00d6ZELL\u0130KLER\u0130<\/strong><\/p>\n<p><strong>CAS NUMARASI: 151-21-3<\/strong><\/p>\n<p><strong>MOLEK\u00dcLER FORM\u00dcL\u00dc: C12H25SO4Na<\/strong><\/p>\n<p><strong>G\u00d6R\u00dcN\u00dcM: Beyaz veya sar\u0131ms\u0131 toz, i\u011fne<\/strong><\/p>\n<p><strong>D\u0130\u011eER \u0130S\u0130MLER: AS, SLS, SDS, K12, Sodyum Dodesil S\u00fclfat<\/strong><\/p>\n<p><strong>MOLEK\u00dcLER A\u011eIRLIK: 288.38 g\/mol<\/strong><\/p>\n<p><strong>SAFLIK (%): 92-99<\/strong><\/p>\n<p><strong>PH: 7.5-9.5<\/strong><\/p>\n<p><strong>ER\u0130ME NOKTASI: 204 \u00b0C \u2013 207 \u00b0C<\/strong><\/p>\n<p><strong>BA\u011eIL YO\u011eUNLUK: 1.09<\/strong><\/p>\n<p><strong>AKT\u0130F \u0130\u00c7ER\u0130K(%): 92.0 Min <\/strong><\/p>\n<p><strong>PETROL ETER\u0130 \u00c7\u00d6Z\u00dcN\u00dcR MADDE (%): 3.5 Max<\/strong><\/p>\n<p><strong>SODYUM S\u00dcLFAT \u0130\u00c7ER\u0130\u011e\u0130(%): 5.0Max<\/strong><\/p>\n<p><strong>SU \u0130\u00c7ER\u0130\u011e\u0130 (%): 5.0 Max <\/strong><\/p>\n<p><strong>RENK, HAZEN (%5 sol): 10 Max<\/strong><\/p>\n<p><strong>\u00c7\u00d6Z\u00dcN\u00dcRL\u00dcK: Suda \u00e7\u00f6z\u00fcn\u00fcr. Alkol ve etanolde az \u00e7\u00f6z\u00fcn\u00fcr. Kloroformda \u00e7\u00f6z\u00fcnmez.<\/strong><\/p>\n<p><strong>\u00a0<\/strong><\/p>\n<p><strong>\u00a0<\/strong><\/p>\n<p><strong>KULLANIM ALANLARI<\/strong><\/p>\n<p><strong>\u00a0<\/strong><\/p>\n<p><strong>1:3 oran\u0131nda Labsa ile birlikte kullan\u0131ld\u0131\u011f\u0131nda, a\u011f\u0131r kirli bula\u015f\u0131k hal\u0131s\u0131, bula\u015f\u0131k makinesi ve sert bir y\u00fczey i\u00e7in deterjan olarak kullan\u0131l\u0131r.<\/strong><\/p>\n<p><strong>\u00a0<\/strong><\/p>\n<p><strong>\u015eampuanlarda, losyonlarda, jellerde, banyo k\u00f6p\u00fcklerinde, merhem bazlar\u0131nda, kremlerde ve sa\u00e7 a\u011fart\u0131c\u0131lar\u0131nda kullan\u0131l\u0131r.<\/strong><\/p>\n<p><strong>\u00a0<\/strong><\/p>\n<p><strong>G\u0131da end\u00fcstrisinde, bile\u015fenlerin iyi bir \u015fekilde da\u011f\u0131lmas\u0131n\u0131 sa\u011flamak i\u00e7in macunlarda ve kremlerde ve di\u011fer yiyeceklerin yan\u0131 s\u0131ra meyve sular\u0131nda s\u0131k s\u0131k kullan\u0131l\u0131r. Genel olarak da\u011f\u0131t\u0131c\u0131, <\/strong><\/p>\n<p><strong>\u00a0<\/strong><\/p>\n<p><strong>\u00a0\u00a0\u00a0\u00a0\u00a0\u00a0\u00a0\u00a0\u00a0\u00a0\u00a0\u00a0\u00a0\u00a0\u00a0\u00a0\u00a0\u00a0\u00a0\u00a0\u00a0\u00a0\u00a0\u00a0\u00a0\u00a0\u00a0\u00a0\u00a0\u00a0\u00a0\u00a0\u00a0\u00a0\u00a0\u00a0\u00a0\u00a0\u00a0\u00a0\u00a0\u00a0\u00a0\u00a0\u00a0\u00a0\u00a0\u00a0\u00a0\u00a0\u00a0\u00a0\u00a0\u00a0\u00a0\u00a0\u00a0\u00a0\u00a0\u00a0\u00a0\u00a0\u00a0\u00a0\u00a0\u00a0\u00a0\u00a0\u00a0\u00a0\u00a0\u00a0\u00a0 \u00a0\u00a0\u00a0\u00a0\u00a0\u00a0\u00a0\u00a0\u00a0\u00a0\u00a0\u00a0\u00a0\u00a0\u00a0\u00a0\u00a0\u00a0\u00a0\u00a0\u00a0\u00a0\u00a0\u00a0\u00a0\u00a0\u00a0\u00a0\u00a0em\u00fclgat\u00f6r ve koyula\u015ft\u0131r\u0131c\u0131 g\u00f6revi g\u00f6r\u00fcr. Baz\u0131 unlu\u00a0\u00a0\u00a0 <\/strong><\/p>\n<p><strong>mamullerin dokusunu iyile\u015ftirir. Stabiliteyi artt\u0131r\u0131r ve raf \u00f6mr\u00fcn\u00fc uzat\u0131r.<\/strong><\/p>\n<p><strong>\u00a0<\/strong><\/p>\n<p><strong>Veterinerlik uygulamalar\u0131nda, pire ve kene koruyucu g\u00f6revi g\u00f6r\u00fcr. Kedi ve k\u00f6pekler i\u00e7in \u015fampuanlarda kullan\u0131l\u0131r ayn\u0131 zamanda baz\u0131 antimikrobiyallerde, hayvanlar i\u00e7in oral veya tropikal uygulama i\u00e7in bir \u0131slat\u0131c\u0131 ajan olarak kullan\u0131l\u0131r.<\/strong><\/p>\n<p><strong>\u00a0<\/strong><\/p>\n<p><strong>\u0130la\u00e7 sekt\u00f6r\u00fcnde, em\u00fclgat\u00f6r, da\u011f\u0131t\u0131c\u0131, nemlendirici olarak kullan\u0131l\u0131r. \u00d6rne\u011fin bukkal mukozadan ge\u00e7mesi istenen ila\u00e7larda bir ta\u015f\u0131ma arac\u0131 olarak g\u00f6rev al\u0131r.<\/strong><\/p>\n<p><strong>\u00a0<\/strong><\/p>\n<p><strong>K\u0131rm\u0131z\u0131 kan h\u00fccresi say\u0131m\u0131 i\u00e7in kullan\u0131l\u0131r.<\/strong><\/p>\n<p><strong>Vir\u00fcslere ve bakterilere kar\u015f\u0131 antiviral etkiye sahiptir.<\/strong><\/p>\n<p><strong>Tar\u0131mda mikrop \u00f6ld\u00fcr\u00fcc\u00fc, mantar ilac\u0131, bakterisit ve b\u00f6cek ila\u00e7lar\u0131nda em\u00fclgat\u00f6r olarak kullan\u0131l\u0131r.<\/strong><\/p>\n<p><strong>Cilalarda ve boya \u00e7\u0131kar\u0131c\u0131larda penetran olarak kullan\u0131l\u0131r.<\/strong><\/p>\n<p><strong>\u00a0<\/strong><\/p>\n<p><strong>Plastik ve lateks i\u00e7in katk\u0131 maddesi olarak kullan\u0131l\u0131r. Belirli polimerlerin gerilme mukavemetini art\u0131r\u0131r. <\/strong><\/p>\n<p><strong>Roket yak\u0131tlar\u0131nda k\u00f6p\u00fck \u00f6nleyici olarak kullan\u0131l\u0131r.<\/strong><\/p>\n<p><strong>\u00a0<\/strong><\/p>\n<p><strong>Sodyum Lauril S\u00fclfat, biyokimyada mikroorganizmalar\u0131n zarlar\u0131n\u0131 bozma veya bozma kabiliyeti i\u00e7in kullan\u0131lmaktad\u0131r.<\/strong><\/p>\n<p><strong>Un veya \u00f6\u011f\u00fct\u00fclm\u00fc\u015f bu\u011fday \u00f6rneklerinde gl\u00fctenin g\u00f6receli g\u00fcc\u00fcn\u00fc belirlemek i\u00e7in kullan\u0131l\u0131r.<\/strong><\/p>\n<p><strong>\u00a0<\/strong><\/p>\n<p><strong>Petrol end\u00fcstrisinde, hidrolik k\u0131rma ile ya\u011f ekstraksiyon tekni\u011finde bir antiem\u00fclgat\u00f6r olarak kullan\u0131l\u0131r.<\/strong><\/p>\n<p><strong>AMBALAJ<\/strong><\/p>\n<p><strong>1-5-20 kg Kraft torbalarda <\/strong><\/p>\n<p><strong>\u00a0<\/strong><\/p>\n<p><strong>DEPOLAMA<\/strong><\/p>\n<p><strong>Nemden, \u0131s\u0131dan ve ate\u015ften koruyun. Asit ile birlikte saklamay\u0131n.<\/strong><\/p>\n<p><strong>\u00a0<\/strong><\/p>\n<p><strong><\/p>\n<p><\/strong><\/p>\n","protected":false},"excerpt":{"rendered":"<p>SODYUM LAUR\u0130L S\u00dcLFAT Sodyum Lauril S\u00fclfat, C12H25SO4Na form\u00fcl\u00fcne sahip organik bir tuzdur. iyonik bir y\u00fczey aktif veya y\u00fczey aktif maddedir.<\/p>\n","protected":false},"featured_media":17160,"comment_status":"open","ping_status":"closed","template":"","meta":{"_joinchat":[]},"product_cat":[70,74,76,79,80],"product_tag":[],"class_list":{"0":"post-17159","1":"product","2":"type-product","3":"status-publish","4":"has-post-thumbnail","6":"product_cat-boya-ve-yapi-kimyasallar","7":"product_cat-deterjan-ve-kozmetik-kimyasallari","8":"product_cat-gida-ve-katki-kimyasallari","9":"product_cat-tarim-kimyasallari","10":"product_cat-veteriner-ve-ilac-kimyasallari","12":"first","13":"instock","14":"shipping-taxable","15":"purchasable","16":"product-type-variable"},"yoast_head":"<!-- This site is optimized with the Yoast SEO Premium plugin v20.2.1 (Yoast SEO v20.2.1) - https:\/\/yoast.com\/wordpress\/plugins\/seo\/ -->\n<title>SODYUM LAUR\u0130L S\u00dcLFAT - Akerkimya<\/title>\n<meta name=\"robots\" content=\"index, follow, max-snippet:-1, max-image-preview:large, max-video-preview:-1\" \/>\n<link rel=\"canonical\" href=\"https:\/\/akerkimya.com\/eticaret\/urun\/sodyum-lauril-sulfat\/\" \/>\n<meta property=\"og:locale\" content=\"tr_TR\" \/>\n<meta property=\"og:type\" content=\"article\" \/>\n<meta property=\"og:title\" content=\"SODYUM LAUR\u0130L S\u00dcLFAT\" \/>\n<meta property=\"og:description\" content=\"SODYUM LAUR\u0130L S\u00dcLFAT Sodyum Lauril S\u00fclfat, C12H25SO4Na form\u00fcl\u00fcne sahip organik bir tuzdur. iyonik bir y\u00fczey aktif veya y\u00fczey aktif maddedir.\" \/>\n<meta property=\"og:url\" content=\"https:\/\/akerkimya.com\/eticaret\/urun\/sodyum-lauril-sulfat\/\" \/>\n<meta property=\"og:site_name\" content=\"Akerkimya\" \/>\n<meta property=\"article:modified_time\" content=\"2026-03-29T23:24:06+00:00\" \/>\n<meta property=\"og:image\" content=\"https:\/\/akerkimya.com\/eticaret\/wp-content\/uploads\/2025\/01\/SODYUM-LAURIL-SULFAT-GUNCEL-.png\" \/>\n\t<meta property=\"og:image:width\" content=\"1000\" \/>\n\t<meta property=\"og:image:height\" content=\"1000\" \/>\n\t<meta property=\"og:image:type\" content=\"image\/png\" \/>\n<meta name=\"twitter:card\" content=\"summary_large_image\" \/>\n<meta name=\"twitter:label1\" content=\"Tahmini okuma s\u00fcresi\" \/>\n\t<meta name=\"twitter:data1\" content=\"3 dakika\" \/>\n<script type=\"application\/ld+json\" class=\"yoast-schema-graph\">{\"@context\":\"https:\/\/schema.org\",\"@graph\":[{\"@type\":\"WebPage\",\"@id\":\"https:\/\/akerkimya.com\/eticaret\/urun\/sodyum-lauril-sulfat\/\",\"url\":\"https:\/\/akerkimya.com\/eticaret\/urun\/sodyum-lauril-sulfat\/\",\"name\":\"SODYUM LAUR\u0130L S\u00dcLFAT - Akerkimya\",\"isPartOf\":{\"@id\":\"https:\/\/akerkimya.com\/eticaret\/#website\"},\"datePublished\":\"2025-01-02T00:14:47+00:00\",\"dateModified\":\"2026-03-29T23:24:06+00:00\",\"breadcrumb\":{\"@id\":\"https:\/\/akerkimya.com\/eticaret\/urun\/sodyum-lauril-sulfat\/#breadcrumb\"},\"inLanguage\":\"tr\",\"potentialAction\":[{\"@type\":\"ReadAction\",\"target\":[\"https:\/\/akerkimya.com\/eticaret\/urun\/sodyum-lauril-sulfat\/\"]}]},{\"@type\":\"BreadcrumbList\",\"@id\":\"https:\/\/akerkimya.com\/eticaret\/urun\/sodyum-lauril-sulfat\/#breadcrumb\",\"itemListElement\":[{\"@type\":\"ListItem\",\"position\":1,\"name\":\"Home\",\"item\":\"https:\/\/akerkimya.com\/eticaret\/\"},{\"@type\":\"ListItem\",\"position\":2,\"name\":\"Market\",\"item\":\"https:\/\/akerkimya.com\/eticaret\/market\/\"},{\"@type\":\"ListItem\",\"position\":3,\"name\":\"SODYUM LAUR\u0130L S\u00dcLFAT\"}]},{\"@type\":\"WebSite\",\"@id\":\"https:\/\/akerkimya.com\/eticaret\/#website\",\"url\":\"https:\/\/akerkimya.com\/eticaret\/\",\"name\":\"Akerkimya\",\"description\":\"\",\"potentialAction\":[{\"@type\":\"SearchAction\",\"target\":{\"@type\":\"EntryPoint\",\"urlTemplate\":\"https:\/\/akerkimya.com\/eticaret\/?s={search_term_string}\"},\"query-input\":\"required name=search_term_string\"}],\"inLanguage\":\"tr\"}]}<\/script>\n<!-- \/ Yoast SEO Premium plugin. -->","yoast_head_json":{"title":"SODYUM LAUR\u0130L S\u00dcLFAT - Akerkimya","robots":{"index":"index","follow":"follow","max-snippet":"max-snippet:-1","max-image-preview":"max-image-preview:large","max-video-preview":"max-video-preview:-1"},"canonical":"https:\/\/akerkimya.com\/eticaret\/urun\/sodyum-lauril-sulfat\/","og_locale":"tr_TR","og_type":"article","og_title":"SODYUM LAUR\u0130L S\u00dcLFAT","og_description":"SODYUM LAUR\u0130L S\u00dcLFAT Sodyum Lauril S\u00fclfat, C12H25SO4Na form\u00fcl\u00fcne sahip organik bir tuzdur. iyonik bir y\u00fczey aktif veya y\u00fczey aktif maddedir.","og_url":"https:\/\/akerkimya.com\/eticaret\/urun\/sodyum-lauril-sulfat\/","og_site_name":"Akerkimya","article_modified_time":"2026-03-29T23:24:06+00:00","og_image":[{"width":1000,"height":1000,"url":"https:\/\/akerkimya.com\/eticaret\/wp-content\/uploads\/2025\/01\/SODYUM-LAURIL-SULFAT-GUNCEL-.png","type":"image\/png"}],"twitter_card":"summary_large_image","twitter_misc":{"Tahmini okuma s\u00fcresi":"3 dakika"},"schema":{"@context":"https:\/\/schema.org","@graph":[{"@type":"WebPage","@id":"https:\/\/akerkimya.com\/eticaret\/urun\/sodyum-lauril-sulfat\/","url":"https:\/\/akerkimya.com\/eticaret\/urun\/sodyum-lauril-sulfat\/","name":"SODYUM LAUR\u0130L S\u00dcLFAT - Akerkimya","isPartOf":{"@id":"https:\/\/akerkimya.com\/eticaret\/#website"},"datePublished":"2025-01-02T00:14:47+00:00","dateModified":"2026-03-29T23:24:06+00:00","breadcrumb":{"@id":"https:\/\/akerkimya.com\/eticaret\/urun\/sodyum-lauril-sulfat\/#breadcrumb"},"inLanguage":"tr","potentialAction":[{"@type":"ReadAction","target":["https:\/\/akerkimya.com\/eticaret\/urun\/sodyum-lauril-sulfat\/"]}]},{"@type":"BreadcrumbList","@id":"https:\/\/akerkimya.com\/eticaret\/urun\/sodyum-lauril-sulfat\/#breadcrumb","itemListElement":[{"@type":"ListItem","position":1,"name":"Home","item":"https:\/\/akerkimya.com\/eticaret\/"},{"@type":"ListItem","position":2,"name":"Market","item":"https:\/\/akerkimya.com\/eticaret\/market\/"},{"@type":"ListItem","position":3,"name":"SODYUM LAUR\u0130L S\u00dcLFAT"}]},{"@type":"WebSite","@id":"https:\/\/akerkimya.com\/eticaret\/#website","url":"https:\/\/akerkimya.com\/eticaret\/","name":"Akerkimya","description":"","potentialAction":[{"@type":"SearchAction","target":{"@type":"EntryPoint","urlTemplate":"https:\/\/akerkimya.com\/eticaret\/?s={search_term_string}"},"query-input":"required name=search_term_string"}],"inLanguage":"tr"}]}},"_links":{"self":[{"href":"https:\/\/akerkimya.com\/eticaret\/wp-json\/wp\/v2\/product\/17159","targetHints":{"allow":["GET"]}}],"collection":[{"href":"https:\/\/akerkimya.com\/eticaret\/wp-json\/wp\/v2\/product"}],"about":[{"href":"https:\/\/akerkimya.com\/eticaret\/wp-json\/wp\/v2\/types\/product"}],"replies":[{"embeddable":true,"href":"https:\/\/akerkimya.com\/eticaret\/wp-json\/wp\/v2\/comments?post=17159"}],"version-history":[{"count":2,"href":"https:\/\/akerkimya.com\/eticaret\/wp-json\/wp\/v2\/product\/17159\/revisions"}],"predecessor-version":[{"id":18248,"href":"https:\/\/akerkimya.com\/eticaret\/wp-json\/wp\/v2\/product\/17159\/revisions\/18248"}],"wp:featuredmedia":[{"embeddable":true,"href":"https:\/\/akerkimya.com\/eticaret\/wp-json\/wp\/v2\/media\/17160"}],"wp:attachment":[{"href":"https:\/\/akerkimya.com\/eticaret\/wp-json\/wp\/v2\/media?parent=17159"}],"wp:term":[{"taxonomy":"product_cat","embeddable":true,"href":"https:\/\/akerkimya.com\/eticaret\/wp-json\/wp\/v2\/product_cat?post=17159"},{"taxonomy":"product_tag","embeddable":true,"href":"https:\/\/akerkimya.com\/eticaret\/wp-json\/wp\/v2\/product_tag?post=17159"}],"curies":[{"name":"wp","href":"https:\/\/api.w.org\/{rel}","templated":true}]}}