{"id":17165,"date":"2025-01-02T03:18:56","date_gmt":"2025-01-02T00:18:56","guid":{"rendered":"https:\/\/akerkimya.com\/eticaret\/?post_type=product&#038;p=17165"},"modified":"2026-03-30T02:24:06","modified_gmt":"2026-03-29T23:24:06","slug":"sodyum-ligno-sulfonat","status":"publish","type":"product","link":"https:\/\/akerkimya.com\/eticaret\/urun\/sodyum-ligno-sulfonat\/","title":{"rendered":"SODYUM L\u0130GNO S\u00dcLFONAT"},"content":{"rendered":"<h1>SODYUM L\u0130GNO S\u00dcLFONAT<\/h1>\n<p><strong>Sar\u0131 kahverengi toz lalinde olup suda tamamen \u00e7\u00f6z\u00fcn\u00fcr, do\u011fal olarak y\u00fcksek molek\u00fcl a\u011f\u0131rl\u0131kl\u0131 polimerlerin anyonik s\u00fcrfaktanlar\u0131, s\u00fclfo ve karbolsil grubu bak\u0131m\u0131ndan zengindir ve daha iyi suda \u00e7\u00f6z\u00fcn\u00fcrl\u00fc\u011fe, kayma ve da\u011f\u0131lma kapasitesine sahiptir. Sodyum ligno s\u00fclfonat esas olarak su azalt\u0131c\u0131 katk\u0131 maddesi olarak beton kar\u0131\u015f\u0131m\u0131 i\u00e7indir. D\u00fc\u015f\u00fck doz, d\u00fc\u015f\u00fck hava i\u00e7eri\u011fi, su azaltma oran\u0131 y\u00fcksektir. \u00c7o\u011fu t\u00fcr \u00e7imentoya uyum sa\u011flar. Beton erken ya\u015f g\u00fcc\u00fc artt\u0131r\u0131c\u0131, beton priz geciktirici, antifriz, pompalama yard\u0131mc\u0131lar\u0131 olarak kullan\u0131l\u0131r. Tar\u0131m, in\u015faat, seramik, metalurji, petrol\u00a0ve tekstil sekt\u00f6r\u00fcnde yo\u011fun olarak kullan\u0131l\u0131r.<\/strong><\/p>\n<p><strong>\u00a0<\/strong><\/p>\n<p><strong>SODYUM L\u0130GNO S\u00dcLFONAT TEKN\u0130K \u00d6ZELL\u0130KLER<\/strong><\/p>\n<p><strong>CAS NO: 8061-51-06<\/strong><\/p>\n<p><strong>G\u00d6R\u00dcN\u00dcM: Koyu-A\u00e7\u0131k Kahverengi<\/strong><\/p>\n<p><strong>FORM\u00dcL: C9H10O2, C10H12O3, C11H14O4<\/strong><\/p>\n<p><strong>PH: 4.1<\/strong><\/p>\n<p><strong>MOLEK\u00dcL A\u011eIRLIK: 534,51<\/strong><\/p>\n<p><strong>\u00d6ZG\u00dcL A\u011eIRLIK: 1,28<\/strong><\/p>\n<p><strong>TOPLAM S\u00dcLF\u00dcR: %3.38<\/strong><\/p>\n<p><strong>\u00a0<\/strong><\/p>\n<p><strong>SODYUM L\u0130GNO S\u00dcLFONAT KULLANIM ALANLARI<\/strong><\/p>\n<p><strong>\u0130n\u015faat sekt\u00f6r\u00fcnde Sodyum lignos\u00fclfonat \u00a0y\u00fcksek performansl\u0131 su azalt\u0131c\u0131 katk\u0131 maddesi olarak beton uygulamalar\u0131nda kullan\u0131l\u0131r. Sodyum lignos\u00fclfonat, sertle\u015fmi\u015f betonun mukavemetini ve dayan\u0131kl\u0131l\u0131\u011f\u0131n\u0131 art\u0131rabilir. Beton kar\u0131\u015f\u0131m\u0131n\u0131n azalt\u0131lm\u0131\u015f form\u00fclasyon maliyeti ve artan i\u015flenebilirli\u011fini sa\u011flar. Y\u00fcksek ak\u0131\u015fkanl\u0131k beton y\u0131\u011f\u0131nlar\u0131n\u0131n \u00f6zel gereksinimleri i\u00e7in uygundur.<\/strong><\/p>\n<p><strong>Seramik sekt\u00f6r\u00fcnde Sodyum lignos\u00fclfonat \u00a0seramik bulama\u00e7 \u00fcr\u00fcnlerinin deneysel uygulamas\u0131nda daha iyi da\u011f\u0131l\u0131m stabilitesi i\u00e7in kullan\u0131l\u0131r. Sodyum lignos\u00fclfonat \u00a0Seramik i\u00e7in karbon i\u00e7eri\u011fini azaltabilir, plastik kil, \u00e7amur, iyi likidite miktar\u0131n\u0131 azaltabilir, verim 70%-90%, 70 dakika ila 40 dakika aras\u0131nda par\u00e7alama h\u0131z\u0131n\u0131 art\u0131rabilir. Sodyum ligno s\u00fclfonat, seramik end\u00fcstrisinde seramik katk\u0131 maddeleri olarak yayg\u0131n olarak kullan\u0131lmaktad\u0131r.<\/strong><\/p>\n<p><strong>Sodyum lignos\u00fclfonat serisi \u00fcr\u00fcnler, ya\u011f ve su gibi uyumlu olmayan iki s\u0131v\u0131y\u0131 em\u00fclsifiye edebilir, bunlar\u0131 birbirleriyle olduk\u00e7a ba\u011fl\u0131 hale getirebilir. Ya\u011f, ya\u011f ve balmumu gibi \u00e7ok \u00e7e\u015fitli kimyasal alt tabakalar i\u00e7in y\u00fcksek bir adsorpsiyon afinitesi g\u00f6sterir, b\u00f6ylece lignosulphonate em\u00fclsiyon stabilizat\u00f6rleri olarak \u00e7al\u0131\u015fabilir. \u00c7e\u015fitli stabilize edici maddeler aras\u0131nda \u00f6ne \u00e7\u0131kan sodyum lignos\u00fclfonat, hem kire\u00e7 bazl\u0131 hem de tuzlu su bazl\u0131 s\u0131v\u0131larda birka\u00e7 y\u0131ld\u0131r ba\u015far\u0131yla kullan\u0131lm\u0131\u015ft\u0131r.<\/strong><\/p>\n<p><strong>Dispersan olarak sodyum ligno sulphonate iyi \u0131s\u0131tma stabilitesine, daha d\u00fc\u015f\u00fck lekelenme kabiliyetine sahiptir, k\u00f6p\u00fcrmeyi en aza indirir.<\/strong><\/p>\n<p><strong>Toprak \u015fartland\u0131r\u0131c\u0131\/toprak iyile\u015ftirme maddesi olarak sodyum lignos\u00fclfonat, b\u00fcz\u00fclmeyi azaltmak i\u00e7in s\u0131kl\u0131kla kullan\u0131l\u0131r, ancak mekanik mukavemeti olu\u015fturduktan sonra korunur (\u00e7\u00fcnk\u00fc azalt\u0131lm\u0131\u015f miktarlarda plastik killere ihtiya\u00e7 vard\u0131r). \u00d6zellikle, kimyasal g\u00fcbre gran\u00fclasyonu i\u00e7in, d\u00fc\u015f\u00fck bas\u0131n\u00e7l\u0131 ekstr\u00fczyon alt\u0131nda \u0131slak ge\u00e7mi\u015fi gran\u00fclasyon haline getirebilir, tozlar\u0131n gran\u00fcllere d\u00f6n\u00fc\u015ft\u00fcr\u00fclmesi i\u00e7in kullan\u0131l\u0131r.<\/strong><\/p>\n<p><strong>Metalurji end\u00fcstrisinde, petrol end\u00fcstrisinde sondajlarda, yang\u0131n geciktirici malzemelerin prosesinde, kau\u00e7uk vulkanizasyonunda, organik polimerizasyonda, ayn\u0131 zamanda hayvan yemi katk\u0131 maddeleri olarak antimikrobiyal ve koruyucu \u00f6zelliklerinden dolay\u0131 kullan\u0131labilecek mineral tozu, kimya sanayi tekstil end\u00fcstrisidir.<\/strong><\/p>\n<p><strong>\u00a0<\/strong><\/p>\n<p><strong>AMBALAJ <\/strong><\/p>\n<p><strong>1-5-20 kg torbalar ve 570 kg bigbag halinde <\/strong><\/p>\n<p><strong>\u00a0<\/strong><\/p>\n<p><strong>DEPOLAMA <\/strong><\/p>\n<p><strong>Serin ve nem olmayan yerde kapal\u0131 ambalajlarda muhafaza edilmelidir. <\/strong><\/p>\n<p><strong>\u00a0<\/strong><\/p>\n<p><strong>\u00a0<\/strong><\/p>\n","protected":false},"excerpt":{"rendered":"<p>SODYUM L\u0130GNO S\u00dcLFONAT Sar\u0131 kahverengi toz lalinde olup suda tamamen \u00e7\u00f6z\u00fcn\u00fcr, do\u011fal olarak y\u00fcksek molek\u00fcl a\u011f\u0131rl\u0131kl\u0131 polimerlerin anyonik s\u00fcrfaktanlar\u0131, s\u00fclfo<\/p>\n","protected":false},"featured_media":17166,"comment_status":"open","ping_status":"closed","template":"","meta":{"_joinchat":[]},"product_cat":[70,72,79,81],"product_tag":[],"class_list":{"0":"post-17165","1":"product","2":"type-product","3":"status-publish","4":"has-post-thumbnail","6":"product_cat-boya-ve-yapi-kimyasallar","7":"product_cat-cam-ve-seramik-kimyasallari","8":"product_cat-tarim-kimyasallari","9":"product_cat-yem-katki-kimyasallari","11":"first","12":"instock","13":"shipping-taxable","14":"purchasable","15":"product-type-variable"},"yoast_head":"<!-- This site is optimized with the Yoast SEO Premium plugin v20.2.1 (Yoast SEO v20.2.1) - https:\/\/yoast.com\/wordpress\/plugins\/seo\/ -->\n<title>SODYUM L\u0130GNO S\u00dcLFONAT - Akerkimya<\/title>\n<meta name=\"robots\" content=\"index, follow, max-snippet:-1, max-image-preview:large, max-video-preview:-1\" \/>\n<link rel=\"canonical\" href=\"https:\/\/akerkimya.com\/eticaret\/urun\/sodyum-ligno-sulfonat\/\" \/>\n<meta property=\"og:locale\" content=\"tr_TR\" \/>\n<meta property=\"og:type\" content=\"article\" \/>\n<meta property=\"og:title\" content=\"SODYUM L\u0130GNO S\u00dcLFONAT\" \/>\n<meta property=\"og:description\" content=\"SODYUM L\u0130GNO S\u00dcLFONAT Sar\u0131 kahverengi toz lalinde olup suda tamamen \u00e7\u00f6z\u00fcn\u00fcr, do\u011fal olarak y\u00fcksek molek\u00fcl a\u011f\u0131rl\u0131kl\u0131 polimerlerin anyonik s\u00fcrfaktanlar\u0131, s\u00fclfo\" \/>\n<meta property=\"og:url\" content=\"https:\/\/akerkimya.com\/eticaret\/urun\/sodyum-ligno-sulfonat\/\" \/>\n<meta property=\"og:site_name\" content=\"Akerkimya\" \/>\n<meta property=\"article:modified_time\" content=\"2026-03-29T23:24:06+00:00\" \/>\n<meta property=\"og:image\" content=\"https:\/\/akerkimya.com\/eticaret\/wp-content\/uploads\/2025\/01\/SODYUM-LIGNO-SULFONAT-GUNCEL-.png\" \/>\n\t<meta property=\"og:image:width\" content=\"1000\" \/>\n\t<meta property=\"og:image:height\" content=\"1000\" \/>\n\t<meta property=\"og:image:type\" content=\"image\/png\" \/>\n<meta name=\"twitter:card\" content=\"summary_large_image\" \/>\n<meta name=\"twitter:label1\" content=\"Tahmini okuma s\u00fcresi\" \/>\n\t<meta name=\"twitter:data1\" content=\"3 dakika\" \/>\n<script type=\"application\/ld+json\" class=\"yoast-schema-graph\">{\"@context\":\"https:\/\/schema.org\",\"@graph\":[{\"@type\":\"WebPage\",\"@id\":\"https:\/\/akerkimya.com\/eticaret\/urun\/sodyum-ligno-sulfonat\/\",\"url\":\"https:\/\/akerkimya.com\/eticaret\/urun\/sodyum-ligno-sulfonat\/\",\"name\":\"SODYUM L\u0130GNO S\u00dcLFONAT - Akerkimya\",\"isPartOf\":{\"@id\":\"https:\/\/akerkimya.com\/eticaret\/#website\"},\"datePublished\":\"2025-01-02T00:18:56+00:00\",\"dateModified\":\"2026-03-29T23:24:06+00:00\",\"breadcrumb\":{\"@id\":\"https:\/\/akerkimya.com\/eticaret\/urun\/sodyum-ligno-sulfonat\/#breadcrumb\"},\"inLanguage\":\"tr\",\"potentialAction\":[{\"@type\":\"ReadAction\",\"target\":[\"https:\/\/akerkimya.com\/eticaret\/urun\/sodyum-ligno-sulfonat\/\"]}]},{\"@type\":\"BreadcrumbList\",\"@id\":\"https:\/\/akerkimya.com\/eticaret\/urun\/sodyum-ligno-sulfonat\/#breadcrumb\",\"itemListElement\":[{\"@type\":\"ListItem\",\"position\":1,\"name\":\"Home\",\"item\":\"https:\/\/akerkimya.com\/eticaret\/\"},{\"@type\":\"ListItem\",\"position\":2,\"name\":\"Market\",\"item\":\"https:\/\/akerkimya.com\/eticaret\/market\/\"},{\"@type\":\"ListItem\",\"position\":3,\"name\":\"SODYUM L\u0130GNO S\u00dcLFONAT\"}]},{\"@type\":\"WebSite\",\"@id\":\"https:\/\/akerkimya.com\/eticaret\/#website\",\"url\":\"https:\/\/akerkimya.com\/eticaret\/\",\"name\":\"Akerkimya\",\"description\":\"\",\"potentialAction\":[{\"@type\":\"SearchAction\",\"target\":{\"@type\":\"EntryPoint\",\"urlTemplate\":\"https:\/\/akerkimya.com\/eticaret\/?s={search_term_string}\"},\"query-input\":\"required name=search_term_string\"}],\"inLanguage\":\"tr\"}]}<\/script>\n<!-- \/ Yoast SEO Premium plugin. -->","yoast_head_json":{"title":"SODYUM L\u0130GNO S\u00dcLFONAT - Akerkimya","robots":{"index":"index","follow":"follow","max-snippet":"max-snippet:-1","max-image-preview":"max-image-preview:large","max-video-preview":"max-video-preview:-1"},"canonical":"https:\/\/akerkimya.com\/eticaret\/urun\/sodyum-ligno-sulfonat\/","og_locale":"tr_TR","og_type":"article","og_title":"SODYUM L\u0130GNO S\u00dcLFONAT","og_description":"SODYUM L\u0130GNO S\u00dcLFONAT Sar\u0131 kahverengi toz lalinde olup suda tamamen \u00e7\u00f6z\u00fcn\u00fcr, do\u011fal olarak y\u00fcksek molek\u00fcl a\u011f\u0131rl\u0131kl\u0131 polimerlerin anyonik s\u00fcrfaktanlar\u0131, s\u00fclfo","og_url":"https:\/\/akerkimya.com\/eticaret\/urun\/sodyum-ligno-sulfonat\/","og_site_name":"Akerkimya","article_modified_time":"2026-03-29T23:24:06+00:00","og_image":[{"width":1000,"height":1000,"url":"https:\/\/akerkimya.com\/eticaret\/wp-content\/uploads\/2025\/01\/SODYUM-LIGNO-SULFONAT-GUNCEL-.png","type":"image\/png"}],"twitter_card":"summary_large_image","twitter_misc":{"Tahmini okuma s\u00fcresi":"3 dakika"},"schema":{"@context":"https:\/\/schema.org","@graph":[{"@type":"WebPage","@id":"https:\/\/akerkimya.com\/eticaret\/urun\/sodyum-ligno-sulfonat\/","url":"https:\/\/akerkimya.com\/eticaret\/urun\/sodyum-ligno-sulfonat\/","name":"SODYUM L\u0130GNO S\u00dcLFONAT - Akerkimya","isPartOf":{"@id":"https:\/\/akerkimya.com\/eticaret\/#website"},"datePublished":"2025-01-02T00:18:56+00:00","dateModified":"2026-03-29T23:24:06+00:00","breadcrumb":{"@id":"https:\/\/akerkimya.com\/eticaret\/urun\/sodyum-ligno-sulfonat\/#breadcrumb"},"inLanguage":"tr","potentialAction":[{"@type":"ReadAction","target":["https:\/\/akerkimya.com\/eticaret\/urun\/sodyum-ligno-sulfonat\/"]}]},{"@type":"BreadcrumbList","@id":"https:\/\/akerkimya.com\/eticaret\/urun\/sodyum-ligno-sulfonat\/#breadcrumb","itemListElement":[{"@type":"ListItem","position":1,"name":"Home","item":"https:\/\/akerkimya.com\/eticaret\/"},{"@type":"ListItem","position":2,"name":"Market","item":"https:\/\/akerkimya.com\/eticaret\/market\/"},{"@type":"ListItem","position":3,"name":"SODYUM L\u0130GNO S\u00dcLFONAT"}]},{"@type":"WebSite","@id":"https:\/\/akerkimya.com\/eticaret\/#website","url":"https:\/\/akerkimya.com\/eticaret\/","name":"Akerkimya","description":"","potentialAction":[{"@type":"SearchAction","target":{"@type":"EntryPoint","urlTemplate":"https:\/\/akerkimya.com\/eticaret\/?s={search_term_string}"},"query-input":"required name=search_term_string"}],"inLanguage":"tr"}]}},"_links":{"self":[{"href":"https:\/\/akerkimya.com\/eticaret\/wp-json\/wp\/v2\/product\/17165","targetHints":{"allow":["GET"]}}],"collection":[{"href":"https:\/\/akerkimya.com\/eticaret\/wp-json\/wp\/v2\/product"}],"about":[{"href":"https:\/\/akerkimya.com\/eticaret\/wp-json\/wp\/v2\/types\/product"}],"replies":[{"embeddable":true,"href":"https:\/\/akerkimya.com\/eticaret\/wp-json\/wp\/v2\/comments?post=17165"}],"version-history":[{"count":1,"href":"https:\/\/akerkimya.com\/eticaret\/wp-json\/wp\/v2\/product\/17165\/revisions"}],"predecessor-version":[{"id":17171,"href":"https:\/\/akerkimya.com\/eticaret\/wp-json\/wp\/v2\/product\/17165\/revisions\/17171"}],"wp:featuredmedia":[{"embeddable":true,"href":"https:\/\/akerkimya.com\/eticaret\/wp-json\/wp\/v2\/media\/17166"}],"wp:attachment":[{"href":"https:\/\/akerkimya.com\/eticaret\/wp-json\/wp\/v2\/media?parent=17165"}],"wp:term":[{"taxonomy":"product_cat","embeddable":true,"href":"https:\/\/akerkimya.com\/eticaret\/wp-json\/wp\/v2\/product_cat?post=17165"},{"taxonomy":"product_tag","embeddable":true,"href":"https:\/\/akerkimya.com\/eticaret\/wp-json\/wp\/v2\/product_tag?post=17165"}],"curies":[{"name":"wp","href":"https:\/\/api.w.org\/{rel}","templated":true}]}}