{"id":17180,"date":"2025-01-02T03:25:47","date_gmt":"2025-01-02T00:25:47","guid":{"rendered":"https:\/\/akerkimya.com\/eticaret\/?post_type=product&#038;p=17180"},"modified":"2026-03-30T02:24:06","modified_gmt":"2026-03-29T23:24:06","slug":"sodyum-naftalin-sulfonat","status":"publish","type":"product","link":"https:\/\/akerkimya.com\/eticaret\/urun\/sodyum-naftalin-sulfonat\/","title":{"rendered":"SODYUM NAFTAL\u0130N S\u00dcLFONAT"},"content":{"rendered":"<h1>SODYUM NAFTAL\u0130N S\u00dcLFONAT<\/h1>\n<p><strong>Sodyum Naftalin S\u00fclfonat boyar maddeler ve pigmentler i\u00e7in etkili bir anyonik da\u011f\u0131t\u0131c\u0131d\u0131r. End\u00fcstride ak\u0131\u015fkanla\u015ft\u0131r\u0131c\u0131 olarak kullan\u0131l\u0131r. Alkalilere, asitlere ve tuzlara kar\u015f\u0131 dayan\u0131kl\u0131d\u0131r.<\/strong><\/p>\n<p><strong>\u00a0<\/strong><\/p>\n<p><strong>TEKN\u0130K \u00d6ZELL\u0130KLER\u00a0<\/strong><\/p>\n<p><strong>CAS NO: 9084-06-4<\/strong><\/p>\n<p><strong>KURU \u0130\u00c7ER\u0130K: % 92-95<\/strong><\/p>\n<p><strong>RENK: Sar\u0131ms\u0131 Kahverengi Toz<\/strong><\/p>\n<p><strong>FORM\u00dcL: CH2(C10H6SO3)2 veya C21H14O6S2Na2<\/strong><\/p>\n<p><strong>SODYUM S\u00dcLFAT:\u00a0 % 5-10<\/strong><\/p>\n<p><strong>KLOR\u00dcR: %0,10<\/strong><\/p>\n<p><strong>PH: 7-9<\/strong><\/p>\n<p><strong>DOZAJ: :% 0,5-3<\/strong><\/p>\n<p><strong>SU AZALTMA:\u00a0 %18-25<\/strong><\/p>\n<p><strong>\u00a0<\/strong><\/p>\n<p><strong>KULLANIM ALANLARI<\/strong><\/p>\n<p><strong>Sodyum Naftalin S\u00fclfonat k\u00f6p\u00fc\u011fe neden olmaz anyonik ve nanyonik y\u00fczey aktiflerle beraber kullan\u0131labilir. Katyonik maddelerin varl\u0131\u011f\u0131nda \u00e7\u00f6kme yapabilir. Boyar maddeler ve pigmentler i\u00e7in anyonik bir da\u011f\u0131t\u0131c\u0131d\u0131r.<\/strong><\/p>\n<p><strong>\u0130yi bir \u0131s\u0131 stabilitesine (100 santigrat)sahiptir. Asit, tuz ve alkalilere kar\u015f\u0131 dayan\u0131kl\u0131d\u0131r.<\/strong><\/p>\n<p><strong>Haz\u0131r beton, su alt\u0131 betonu ve kendili\u011finden yerle\u015fen beton form\u00fcllerinde kullan\u0131l\u0131r.<\/strong><\/p>\n<p><strong>Baraj, k\u00f6pr\u00fc ve y\u00fcksek binalar i\u00e7in dayan\u0131ml\u0131 beton \u00fcretiminde katk\u0131 olarak kullan\u0131l\u0131r.<\/strong><\/p>\n<p><strong>Beton ve beton macunu gibi \u00fcr\u00fcnlerde, u\u00e7ucu k\u00fcl betonlar\u0131nda, y\u00fcksek c\u00fcruf betonlar\u0131nda ve hafif beton \u00fcretiminde kullan\u0131l\u0131r.<\/strong><\/p>\n<p><strong>Dispers(\u00a0molek\u00fcler yap\u0131da nispeten k\u00fc\u00e7\u00fck olan ve suda \u00e7\u00f6z\u00fcn\u00fcr gruplara sahip olmayan bir boya s\u0131n\u0131f\u0131d\u0131r)\u00a0boyalar\u0131n da\u011f\u0131t\u0131c\u0131lar\u0131 i\u00e7inde kullan\u0131l\u0131r. Ayr\u0131ca \u00e7e\u015fitli boyalar\u0131n da\u011f\u0131t\u0131c\u0131 ve d\u00fczleme (d\u00fczeyleme) i\u015flemlerinde kullan\u0131l\u0131r. M\u00fcthi\u015f da\u011f\u0131tma \u00f6zelli\u011fi ile ayr\u0131ma olmaks\u0131z\u0131n boya ve pigmentlerin iyi emdirilmesi ile d\u00fczg\u00fcn bir y\u00fczeyle sonu\u00e7land\u0131r\u0131r. M\u00fckemmel boyama kabiliyeti sergiler.<\/strong><\/p>\n<p><strong>Dispers boya da\u011f\u0131t\u0131c\u0131s\u0131;%10-50 naftalin s\u00fclfonat eklendi\u011finde toz daz da\u011f\u0131l\u0131m\u0131n \u0131slanabilirlik, \u00f6\u011f\u00fctme ve migrasyon \u00f6zellikleri d\u00fczeltir.\u00a0 Islat\u0131c\u0131l\u0131k \u00f6zelli\u011finden faydalan\u0131l\u0131r. Pigment ve doldurucular di\u011fer em\u00fclsiyon ve s\u00fcspansiyonlara kat\u0131lmadan \u00f6nce SNS ile suda da\u011f\u0131t\u0131lmal\u0131d\u0131r.<\/strong><\/p>\n<p><strong>Viskozite d\u00fc\u015f\u00fcrmede kullan\u0131l\u0131r. Em\u00fclsiyon tipi parlat\u0131c\u0131 ve temizleyicilerde a\u015f\u0131nd\u0131r\u0131c\u0131 tozlar\u0131 ay\u0131rmada kullan\u0131l\u0131r.<\/strong><\/p>\n<p><strong>Sulu ve em\u00fclsiyon boya imalat\u0131nda pigmentlere a\u011f\u0131rl\u0131k\u00e7a 0,5-3 eklenerek m\u00fckemmel \u0131slat\u0131c\u0131l\u0131k ve ge\u00e7irgenlik sa\u011flar.Bazik boyalar i\u00e7in laklay\u0131c\u0131 ve di\u011fer katyonik malzemeler i\u00e7in \u00e7\u00f6kt\u00fcr\u00fcc\u00fc stabiliz\u00f6rd\u00fcr.<\/strong><\/p>\n<p><strong>\u00c7imentolama oran\u0131na su kullan\u0131m\u0131 azaltma i\u00e7in %0,5-2 oran\u0131nda ilave edilir. Betonda ak\u0131c\u0131l\u0131k sa\u011flayarak betonu eksiksiz da\u011f\u0131l\u0131m\u0131n\u0131 sa\u011flar ve segregasyonu \u00f6nler betonun mukavemetini art\u0131r\u0131r.<\/strong><\/p>\n<p><strong>Sodyum Naftalin S\u00fclfonat polimer, re\u00e7ine ve parafin wax da\u011f\u0131l\u0131mlar\u0131n\u0131n stabilitesinin s\u00fcre\u00e7 s\u0131ras\u0131nda bozulmas\u0131n\u0131 engeller.<\/strong><\/p>\n<p><strong>Yatay kullan\u0131lan ak\u0131\u015fkan tamir har\u00e7lar\u0131nda kullan\u0131l\u0131r.<\/strong><\/p>\n<p><strong>G\u00fcbrelemede kekle\u015fmeyi \u00f6nleyici olarak g\u00fcbrelerde kullan\u0131labilir.<\/strong><\/p>\n<p><strong>Metal bitirmede ya\u011f gidericiler, sprey temizleyici ve y\u00fcksek bas\u0131n\u00e7l\u0131 temizleyicilerde kullan\u0131l\u0131r. Alkali g\u00fcm\u00fc\u015f elektrolitler i\u00e7in yard\u0131mc\u0131 parlat\u0131c\u0131 olarak kullan\u0131labilir.<\/strong><\/p>\n<p><strong>Sentetik kau\u00e7uklar\u0131n em\u00fclsiyon polimerizasyonunda kullan\u0131lan em\u00fclsifiyer kar\u0131\u015f\u0131mlar\u0131na eklenerek em\u00fclsiyonlar\u0131 koag\u00fcle (tortu, p\u0131ht\u0131) olmaktan al\u0131koyar.<\/strong><\/p>\n<p><strong>\u00a0<\/strong><\/p>\n<p><strong>AMBALAJ <\/strong><\/p>\n<p><strong>1-5-25 kg torbalar ve 1000 kg bigbag halinde <\/strong><\/p>\n<p><strong>\u00a0<\/strong><\/p>\n<p><strong>DEPOLAMA <\/strong><\/p>\n<p><strong>Serin ve nem olmayan yerde kapal\u0131 ambalajlarda muhafaza edilmelidir. <\/strong><\/p>\n<p><strong>\u00a0<\/strong><\/p>\n","protected":false},"excerpt":{"rendered":"<p>SODYUM NAFTAL\u0130N S\u00dcLFONAT Sodyum Naftalin S\u00fclfonat boyar maddeler ve pigmentler i\u00e7in etkili bir anyonik da\u011f\u0131t\u0131c\u0131d\u0131r. End\u00fcstride ak\u0131\u015fkanla\u015ft\u0131r\u0131c\u0131 olarak kullan\u0131l\u0131r. Alkalilere,<\/p>\n","protected":false},"featured_media":17181,"comment_status":"open","ping_status":"closed","template":"","meta":{"_joinchat":[]},"product_cat":[70,79],"product_tag":[],"class_list":{"0":"post-17180","1":"product","2":"type-product","3":"status-publish","4":"has-post-thumbnail","6":"product_cat-boya-ve-yapi-kimyasallar","7":"product_cat-tarim-kimyasallari","9":"first","10":"instock","11":"shipping-taxable","12":"purchasable","13":"product-type-variable"},"yoast_head":"<!-- This site is optimized with the Yoast SEO Premium plugin v20.2.1 (Yoast SEO v20.2.1) - https:\/\/yoast.com\/wordpress\/plugins\/seo\/ -->\n<title>SODYUM NAFTAL\u0130N S\u00dcLFONAT - Akerkimya<\/title>\n<meta name=\"robots\" content=\"index, follow, max-snippet:-1, max-image-preview:large, max-video-preview:-1\" \/>\n<link rel=\"canonical\" href=\"https:\/\/akerkimya.com\/eticaret\/urun\/sodyum-naftalin-sulfonat\/\" \/>\n<meta property=\"og:locale\" content=\"tr_TR\" \/>\n<meta property=\"og:type\" content=\"article\" \/>\n<meta property=\"og:title\" content=\"SODYUM NAFTAL\u0130N S\u00dcLFONAT\" \/>\n<meta property=\"og:description\" content=\"SODYUM NAFTAL\u0130N S\u00dcLFONAT Sodyum Naftalin S\u00fclfonat boyar maddeler ve pigmentler i\u00e7in etkili bir anyonik da\u011f\u0131t\u0131c\u0131d\u0131r. End\u00fcstride ak\u0131\u015fkanla\u015ft\u0131r\u0131c\u0131 olarak kullan\u0131l\u0131r. Alkalilere,\" \/>\n<meta property=\"og:url\" content=\"https:\/\/akerkimya.com\/eticaret\/urun\/sodyum-naftalin-sulfonat\/\" \/>\n<meta property=\"og:site_name\" content=\"Akerkimya\" \/>\n<meta property=\"article:modified_time\" content=\"2026-03-29T23:24:06+00:00\" \/>\n<meta property=\"og:image\" content=\"https:\/\/akerkimya.com\/eticaret\/wp-content\/uploads\/2025\/01\/SODYUM-NAFTALIN-SULFONAT-GUNCEL-.png\" \/>\n\t<meta property=\"og:image:width\" content=\"1000\" \/>\n\t<meta property=\"og:image:height\" content=\"1000\" \/>\n\t<meta property=\"og:image:type\" content=\"image\/png\" \/>\n<meta name=\"twitter:card\" content=\"summary_large_image\" \/>\n<meta name=\"twitter:label1\" content=\"Tahmini okuma s\u00fcresi\" \/>\n\t<meta name=\"twitter:data1\" content=\"3 dakika\" \/>\n<script type=\"application\/ld+json\" class=\"yoast-schema-graph\">{\"@context\":\"https:\/\/schema.org\",\"@graph\":[{\"@type\":\"WebPage\",\"@id\":\"https:\/\/akerkimya.com\/eticaret\/urun\/sodyum-naftalin-sulfonat\/\",\"url\":\"https:\/\/akerkimya.com\/eticaret\/urun\/sodyum-naftalin-sulfonat\/\",\"name\":\"SODYUM NAFTAL\u0130N S\u00dcLFONAT - Akerkimya\",\"isPartOf\":{\"@id\":\"https:\/\/akerkimya.com\/eticaret\/#website\"},\"datePublished\":\"2025-01-02T00:25:47+00:00\",\"dateModified\":\"2026-03-29T23:24:06+00:00\",\"breadcrumb\":{\"@id\":\"https:\/\/akerkimya.com\/eticaret\/urun\/sodyum-naftalin-sulfonat\/#breadcrumb\"},\"inLanguage\":\"tr\",\"potentialAction\":[{\"@type\":\"ReadAction\",\"target\":[\"https:\/\/akerkimya.com\/eticaret\/urun\/sodyum-naftalin-sulfonat\/\"]}]},{\"@type\":\"BreadcrumbList\",\"@id\":\"https:\/\/akerkimya.com\/eticaret\/urun\/sodyum-naftalin-sulfonat\/#breadcrumb\",\"itemListElement\":[{\"@type\":\"ListItem\",\"position\":1,\"name\":\"Home\",\"item\":\"https:\/\/akerkimya.com\/eticaret\/\"},{\"@type\":\"ListItem\",\"position\":2,\"name\":\"Market\",\"item\":\"https:\/\/akerkimya.com\/eticaret\/market\/\"},{\"@type\":\"ListItem\",\"position\":3,\"name\":\"SODYUM NAFTAL\u0130N S\u00dcLFONAT\"}]},{\"@type\":\"WebSite\",\"@id\":\"https:\/\/akerkimya.com\/eticaret\/#website\",\"url\":\"https:\/\/akerkimya.com\/eticaret\/\",\"name\":\"Akerkimya\",\"description\":\"\",\"potentialAction\":[{\"@type\":\"SearchAction\",\"target\":{\"@type\":\"EntryPoint\",\"urlTemplate\":\"https:\/\/akerkimya.com\/eticaret\/?s={search_term_string}\"},\"query-input\":\"required name=search_term_string\"}],\"inLanguage\":\"tr\"}]}<\/script>\n<!-- \/ Yoast SEO Premium plugin. -->","yoast_head_json":{"title":"SODYUM NAFTAL\u0130N S\u00dcLFONAT - Akerkimya","robots":{"index":"index","follow":"follow","max-snippet":"max-snippet:-1","max-image-preview":"max-image-preview:large","max-video-preview":"max-video-preview:-1"},"canonical":"https:\/\/akerkimya.com\/eticaret\/urun\/sodyum-naftalin-sulfonat\/","og_locale":"tr_TR","og_type":"article","og_title":"SODYUM NAFTAL\u0130N S\u00dcLFONAT","og_description":"SODYUM NAFTAL\u0130N S\u00dcLFONAT Sodyum Naftalin S\u00fclfonat boyar maddeler ve pigmentler i\u00e7in etkili bir anyonik da\u011f\u0131t\u0131c\u0131d\u0131r. End\u00fcstride ak\u0131\u015fkanla\u015ft\u0131r\u0131c\u0131 olarak kullan\u0131l\u0131r. Alkalilere,","og_url":"https:\/\/akerkimya.com\/eticaret\/urun\/sodyum-naftalin-sulfonat\/","og_site_name":"Akerkimya","article_modified_time":"2026-03-29T23:24:06+00:00","og_image":[{"width":1000,"height":1000,"url":"https:\/\/akerkimya.com\/eticaret\/wp-content\/uploads\/2025\/01\/SODYUM-NAFTALIN-SULFONAT-GUNCEL-.png","type":"image\/png"}],"twitter_card":"summary_large_image","twitter_misc":{"Tahmini okuma s\u00fcresi":"3 dakika"},"schema":{"@context":"https:\/\/schema.org","@graph":[{"@type":"WebPage","@id":"https:\/\/akerkimya.com\/eticaret\/urun\/sodyum-naftalin-sulfonat\/","url":"https:\/\/akerkimya.com\/eticaret\/urun\/sodyum-naftalin-sulfonat\/","name":"SODYUM NAFTAL\u0130N S\u00dcLFONAT - Akerkimya","isPartOf":{"@id":"https:\/\/akerkimya.com\/eticaret\/#website"},"datePublished":"2025-01-02T00:25:47+00:00","dateModified":"2026-03-29T23:24:06+00:00","breadcrumb":{"@id":"https:\/\/akerkimya.com\/eticaret\/urun\/sodyum-naftalin-sulfonat\/#breadcrumb"},"inLanguage":"tr","potentialAction":[{"@type":"ReadAction","target":["https:\/\/akerkimya.com\/eticaret\/urun\/sodyum-naftalin-sulfonat\/"]}]},{"@type":"BreadcrumbList","@id":"https:\/\/akerkimya.com\/eticaret\/urun\/sodyum-naftalin-sulfonat\/#breadcrumb","itemListElement":[{"@type":"ListItem","position":1,"name":"Home","item":"https:\/\/akerkimya.com\/eticaret\/"},{"@type":"ListItem","position":2,"name":"Market","item":"https:\/\/akerkimya.com\/eticaret\/market\/"},{"@type":"ListItem","position":3,"name":"SODYUM NAFTAL\u0130N S\u00dcLFONAT"}]},{"@type":"WebSite","@id":"https:\/\/akerkimya.com\/eticaret\/#website","url":"https:\/\/akerkimya.com\/eticaret\/","name":"Akerkimya","description":"","potentialAction":[{"@type":"SearchAction","target":{"@type":"EntryPoint","urlTemplate":"https:\/\/akerkimya.com\/eticaret\/?s={search_term_string}"},"query-input":"required name=search_term_string"}],"inLanguage":"tr"}]}},"_links":{"self":[{"href":"https:\/\/akerkimya.com\/eticaret\/wp-json\/wp\/v2\/product\/17180","targetHints":{"allow":["GET"]}}],"collection":[{"href":"https:\/\/akerkimya.com\/eticaret\/wp-json\/wp\/v2\/product"}],"about":[{"href":"https:\/\/akerkimya.com\/eticaret\/wp-json\/wp\/v2\/types\/product"}],"replies":[{"embeddable":true,"href":"https:\/\/akerkimya.com\/eticaret\/wp-json\/wp\/v2\/comments?post=17180"}],"version-history":[{"count":2,"href":"https:\/\/akerkimya.com\/eticaret\/wp-json\/wp\/v2\/product\/17180\/revisions"}],"predecessor-version":[{"id":18401,"href":"https:\/\/akerkimya.com\/eticaret\/wp-json\/wp\/v2\/product\/17180\/revisions\/18401"}],"wp:featuredmedia":[{"embeddable":true,"href":"https:\/\/akerkimya.com\/eticaret\/wp-json\/wp\/v2\/media\/17181"}],"wp:attachment":[{"href":"https:\/\/akerkimya.com\/eticaret\/wp-json\/wp\/v2\/media?parent=17180"}],"wp:term":[{"taxonomy":"product_cat","embeddable":true,"href":"https:\/\/akerkimya.com\/eticaret\/wp-json\/wp\/v2\/product_cat?post=17180"},{"taxonomy":"product_tag","embeddable":true,"href":"https:\/\/akerkimya.com\/eticaret\/wp-json\/wp\/v2\/product_tag?post=17180"}],"curies":[{"name":"wp","href":"https:\/\/api.w.org\/{rel}","templated":true}]}}