{"id":17187,"date":"2025-01-02T15:27:52","date_gmt":"2025-01-02T12:27:52","guid":{"rendered":"https:\/\/akerkimya.com\/eticaret\/?post_type=product&#038;p=17187"},"modified":"2026-03-30T02:24:06","modified_gmt":"2026-03-29T23:24:06","slug":"sodyum-nitrat","status":"publish","type":"product","link":"https:\/\/akerkimya.com\/eticaret\/urun\/sodyum-nitrat\/","title":{"rendered":"SODYUM N\u0130TRAT"},"content":{"rendered":"<h1>SODYUM N\u0130TRAT<\/h1>\n<p><strong>Sodyum Nitrat, Di\u011fer ad\u0131 g\u00fcher\u00e7ile olan bu kimyasal\u0131n molek\u00fcler form\u00fcl\u00fc NaNo3\u2032 t\u00fcr. Beyaz toz \u015feklinde renksiz kristallerdir. Y\u00fcksek \u0131s\u0131larda \u00e7\u00f6z\u00fcnebilen bu madde tatl\u0131 bir kimyasald\u0131r. Oksitleyici ve tahri\u015f edici bir yap\u0131s\u0131 olan sodyum nitrat alkol, amonyak ve piridin i\u00e7erisinde \u00e7\u00f6z\u00fcn\u00fcr. \u015eili g\u00fcher\u00e7ilesi olarak da adland\u0131r\u0131l\u0131r.<\/strong><\/p>\n<p><strong>Formun \u00dcst\u00fc<\/strong><\/p>\n<p><strong>Formun Alt\u0131<\/strong><\/p>\n<p><strong>SODYUM N\u0130TRAT TEKN\u0130K \u00d6ZELL\u0130KLER\u00a0\u00a0\u00a0\u00a0\u00a0\u00a0\u00a0\u00a0\u00a0<\/strong><\/p>\n<p><strong>FORM\u00dcL:\u00a0 NaNO3<\/strong><\/p>\n<p><strong>G\u00d6R\u00dcN\u00dcM: Beyaz toz, renksiz kristal<\/strong><\/p>\n<p><strong>MOLAR K\u00dcTLE: 84,9947 g\/mol<\/strong><\/p>\n<p><strong>YO\u011eUNLUK: 2.257 g\/cm3 kat\u0131<\/strong><\/p>\n<p><strong>ER\u0130ME NOKTASI: 308 C<\/strong><\/p>\n<p><strong>SUDA \u00c7\u00d6Z\u00dcN\u00dcRL\u00dcK: 73 g\/100ml<\/strong><\/p>\n<p><strong>KAYNAMA NOKTASI: 380 C<\/strong><\/p>\n<p><strong>\u00c7\u00d6Z\u00dcN\u00dcRL\u00dcK: Suda \u00e7\u00f6z\u00fcn\u00fcr<\/strong><\/p>\n<p><strong>\u00a0<\/strong><\/p>\n<p><strong>SODYUM N\u0130TRAT \u00d6ZELL\u0130KLER\u0130<\/strong><\/p>\n<p><strong>Sodyum nitrat do\u011fal olu\u015fan bir mineraldir. Ayr\u0131ca Nitrik Asitin soda ile reaksiyonundan sentetik olarak \u00fcretilmektedir.<\/strong><\/p>\n<p><strong>Sodyum Nitrat, Nitrik asidin soda k\u00fcl\u00fcyle reaksiyonundan sentetik olarak \u00fcretilir. Sodyum nitrat suda kolayl\u0131kla \u00e7\u00f6z\u00fcn\u00fcr. Sudaki \u00e7\u00f6zeltileri n\u00f6traldir.<\/strong><\/p>\n<p><strong>Sodyum nitrat \u00f6nemli bir inorganik nitratt\u0131r. G\u0131da koruyucu olarak kullan\u0131ld\u0131\u011f\u0131nda anti-mikrobiyal \u00f6zellikler sergiler<\/strong><\/p>\n<p><strong>\u00a0<\/strong><\/p>\n<p><strong>KULLANIM ALANLARI<\/strong><\/p>\n<p><strong>Sodyum nitratin anti-mikrobiyal \u00f6zellikleri g\u0131da koruyucu katk\u0131 maddesi olarak kullan\u0131m\u0131n\u0131 sa\u011flar.<\/strong><\/p>\n<p><strong>Potasyum nitrat gibi sodyum nitrat da g\u0131dada \u00f6zellikle et, et \u00fcr\u00fcnleri ve bal\u0131klarda karakteristik lezzet, renk \u00f6zelliklerini vermek ve mikrobiyal stabil itelerini sa\u011flamak amac\u0131yla kullan\u0131lan bir k\u00fcrl\u00fcme ajan\u0131d\u0131r.<\/strong><\/p>\n<p><strong>Tar\u0131m sekt\u00f6r\u00fcnde en \u00e7ok g\u00fcbre olarak ya da g\u00fcbre yap\u0131m\u0131na ek olarak kullan\u0131l\u0131r.<\/strong><\/p>\n<p><strong>Havai fi\u015fek, barut ve di\u011fer patlay\u0131c\u0131lar\u0131n yap\u0131m\u0131nda kullan\u0131lmaktad\u0131r.<\/strong><\/p>\n<p><strong>Faz de\u011fi\u015ftirici materyal olarak kullan\u0131labilir. End\u00fcstride \u0131s\u0131 transferi uygulamalar\u0131nda sodyum nitrattan faydalanabilir.<\/strong><\/p>\n<p><strong>Metal sekt\u00f6r\u00fcnde, \u00e7eli\u011fi temizlemede, al\u00fcminyumu dekapajlamada, fosfatlamada h\u0131zland\u0131r\u0131c\u0131 olarak kullan\u0131l\u0131r (metal i\u015fleme end\u00fcstrisinde \u0131s\u0131 transfer tuzlar\u0131n\u0131n bile\u015feni olarak; \u00e7elik i\u00e7in mavile\u015fme banyolar\u0131n\u0131n haz\u0131rl\u0131\u011f\u0131nda).<\/strong><\/p>\n<p><strong>Cam sanayinde, \u00fcretilen camin kalitesini artt\u0131rmada ve cam i\u015fleme end\u00fcstrisinde emayeleme (mineleme) s\u0131ras\u0131nda temizleme ve renk giderme i\u00e7in kullan\u0131l\u0131r.<\/strong><\/p>\n<p><strong>Kimyasal laboratuvarlarda nitrik asit ve di\u011fer nitratlar ile nitriklerin haz\u0131rlanmas\u0131nda da kullan\u0131l\u0131r. Sodyum nitrat s\u00fclf\u00fcrik asit ile birle\u015fti\u011finde nitrik asit \u00fcretir.<\/strong><\/p>\n<p><strong>Beton katk\u0131s\u0131nda genellikle priz h\u0131zland\u0131r\u0131c\u0131larda kullan\u0131lan bir hammaddedir. Hava ile temas neticesinde bile \u00e7ok \u00e7abuk bir \u015fekilde nem tutucu olup kat\u0131la\u015fmaya meyillidir.<\/strong><\/p>\n<p><strong>AMBALAJ <\/strong><\/p>\n<p><strong>1-5-25 kg ambalajlar halinde <\/strong><\/p>\n<p><strong>\u00a0<\/strong><\/p>\n<p><strong>DEPOLAMA <\/strong><\/p>\n<p><strong>Serin ve nem olmayan yerde kapal\u0131 ambalajlarda muhafaza edilmelidir. <\/strong><\/p>\n<p><strong>\u00a0<\/strong><\/p>\n","protected":false},"excerpt":{"rendered":"<p>SODYUM N\u0130TRAT Sodyum Nitrat, Di\u011fer ad\u0131 g\u00fcher\u00e7ile olan bu kimyasal\u0131n molek\u00fcler form\u00fcl\u00fc NaNo3\u2032 t\u00fcr. Beyaz toz \u015feklinde renksiz kristallerdir. Y\u00fcksek<\/p>\n","protected":false},"featured_media":17188,"comment_status":"open","ping_status":"closed","template":"","meta":{"_joinchat":[]},"product_cat":[70,72,76,78,79],"product_tag":[],"class_list":{"0":"post-17187","1":"product","2":"type-product","3":"status-publish","4":"has-post-thumbnail","6":"product_cat-boya-ve-yapi-kimyasallar","7":"product_cat-cam-ve-seramik-kimyasallari","8":"product_cat-gida-ve-katki-kimyasallari","9":"product_cat-metal-dokum-kaplama","10":"product_cat-tarim-kimyasallari","12":"first","13":"instock","14":"shipping-taxable","15":"purchasable","16":"product-type-variable"},"yoast_head":"<!-- This site is optimized with the Yoast SEO Premium plugin v20.2.1 (Yoast SEO v20.2.1) - https:\/\/yoast.com\/wordpress\/plugins\/seo\/ -->\n<title>SODYUM N\u0130TRAT - Akerkimya<\/title>\n<meta name=\"robots\" content=\"index, follow, max-snippet:-1, max-image-preview:large, max-video-preview:-1\" \/>\n<link rel=\"canonical\" href=\"https:\/\/akerkimya.com\/eticaret\/urun\/sodyum-nitrat\/\" \/>\n<meta property=\"og:locale\" content=\"tr_TR\" \/>\n<meta property=\"og:type\" content=\"article\" \/>\n<meta property=\"og:title\" content=\"SODYUM N\u0130TRAT\" \/>\n<meta property=\"og:description\" content=\"SODYUM N\u0130TRAT Sodyum Nitrat, Di\u011fer ad\u0131 g\u00fcher\u00e7ile olan bu kimyasal\u0131n molek\u00fcler form\u00fcl\u00fc NaNo3\u2032 t\u00fcr. Beyaz toz \u015feklinde renksiz kristallerdir. Y\u00fcksek\" \/>\n<meta property=\"og:url\" content=\"https:\/\/akerkimya.com\/eticaret\/urun\/sodyum-nitrat\/\" \/>\n<meta property=\"og:site_name\" content=\"Akerkimya\" \/>\n<meta property=\"article:modified_time\" content=\"2026-03-29T23:24:06+00:00\" \/>\n<meta property=\"og:image\" content=\"https:\/\/akerkimya.com\/eticaret\/wp-content\/uploads\/2025\/01\/SODYUM-NITRAT-GUNCEL-.png\" \/>\n\t<meta property=\"og:image:width\" content=\"1000\" \/>\n\t<meta property=\"og:image:height\" content=\"1000\" \/>\n\t<meta property=\"og:image:type\" content=\"image\/png\" \/>\n<meta name=\"twitter:card\" content=\"summary_large_image\" \/>\n<meta name=\"twitter:label1\" content=\"Tahmini okuma s\u00fcresi\" \/>\n\t<meta name=\"twitter:data1\" content=\"2 dakika\" \/>\n<script type=\"application\/ld+json\" class=\"yoast-schema-graph\">{\"@context\":\"https:\/\/schema.org\",\"@graph\":[{\"@type\":\"WebPage\",\"@id\":\"https:\/\/akerkimya.com\/eticaret\/urun\/sodyum-nitrat\/\",\"url\":\"https:\/\/akerkimya.com\/eticaret\/urun\/sodyum-nitrat\/\",\"name\":\"SODYUM N\u0130TRAT - Akerkimya\",\"isPartOf\":{\"@id\":\"https:\/\/akerkimya.com\/eticaret\/#website\"},\"datePublished\":\"2025-01-02T12:27:52+00:00\",\"dateModified\":\"2026-03-29T23:24:06+00:00\",\"breadcrumb\":{\"@id\":\"https:\/\/akerkimya.com\/eticaret\/urun\/sodyum-nitrat\/#breadcrumb\"},\"inLanguage\":\"tr\",\"potentialAction\":[{\"@type\":\"ReadAction\",\"target\":[\"https:\/\/akerkimya.com\/eticaret\/urun\/sodyum-nitrat\/\"]}]},{\"@type\":\"BreadcrumbList\",\"@id\":\"https:\/\/akerkimya.com\/eticaret\/urun\/sodyum-nitrat\/#breadcrumb\",\"itemListElement\":[{\"@type\":\"ListItem\",\"position\":1,\"name\":\"Home\",\"item\":\"https:\/\/akerkimya.com\/eticaret\/\"},{\"@type\":\"ListItem\",\"position\":2,\"name\":\"Market\",\"item\":\"https:\/\/akerkimya.com\/eticaret\/market\/\"},{\"@type\":\"ListItem\",\"position\":3,\"name\":\"SODYUM N\u0130TRAT\"}]},{\"@type\":\"WebSite\",\"@id\":\"https:\/\/akerkimya.com\/eticaret\/#website\",\"url\":\"https:\/\/akerkimya.com\/eticaret\/\",\"name\":\"Akerkimya\",\"description\":\"\",\"potentialAction\":[{\"@type\":\"SearchAction\",\"target\":{\"@type\":\"EntryPoint\",\"urlTemplate\":\"https:\/\/akerkimya.com\/eticaret\/?s={search_term_string}\"},\"query-input\":\"required name=search_term_string\"}],\"inLanguage\":\"tr\"}]}<\/script>\n<!-- \/ Yoast SEO Premium plugin. -->","yoast_head_json":{"title":"SODYUM N\u0130TRAT - Akerkimya","robots":{"index":"index","follow":"follow","max-snippet":"max-snippet:-1","max-image-preview":"max-image-preview:large","max-video-preview":"max-video-preview:-1"},"canonical":"https:\/\/akerkimya.com\/eticaret\/urun\/sodyum-nitrat\/","og_locale":"tr_TR","og_type":"article","og_title":"SODYUM N\u0130TRAT","og_description":"SODYUM N\u0130TRAT Sodyum Nitrat, Di\u011fer ad\u0131 g\u00fcher\u00e7ile olan bu kimyasal\u0131n molek\u00fcler form\u00fcl\u00fc NaNo3\u2032 t\u00fcr. Beyaz toz \u015feklinde renksiz kristallerdir. Y\u00fcksek","og_url":"https:\/\/akerkimya.com\/eticaret\/urun\/sodyum-nitrat\/","og_site_name":"Akerkimya","article_modified_time":"2026-03-29T23:24:06+00:00","og_image":[{"width":1000,"height":1000,"url":"https:\/\/akerkimya.com\/eticaret\/wp-content\/uploads\/2025\/01\/SODYUM-NITRAT-GUNCEL-.png","type":"image\/png"}],"twitter_card":"summary_large_image","twitter_misc":{"Tahmini okuma s\u00fcresi":"2 dakika"},"schema":{"@context":"https:\/\/schema.org","@graph":[{"@type":"WebPage","@id":"https:\/\/akerkimya.com\/eticaret\/urun\/sodyum-nitrat\/","url":"https:\/\/akerkimya.com\/eticaret\/urun\/sodyum-nitrat\/","name":"SODYUM N\u0130TRAT - Akerkimya","isPartOf":{"@id":"https:\/\/akerkimya.com\/eticaret\/#website"},"datePublished":"2025-01-02T12:27:52+00:00","dateModified":"2026-03-29T23:24:06+00:00","breadcrumb":{"@id":"https:\/\/akerkimya.com\/eticaret\/urun\/sodyum-nitrat\/#breadcrumb"},"inLanguage":"tr","potentialAction":[{"@type":"ReadAction","target":["https:\/\/akerkimya.com\/eticaret\/urun\/sodyum-nitrat\/"]}]},{"@type":"BreadcrumbList","@id":"https:\/\/akerkimya.com\/eticaret\/urun\/sodyum-nitrat\/#breadcrumb","itemListElement":[{"@type":"ListItem","position":1,"name":"Home","item":"https:\/\/akerkimya.com\/eticaret\/"},{"@type":"ListItem","position":2,"name":"Market","item":"https:\/\/akerkimya.com\/eticaret\/market\/"},{"@type":"ListItem","position":3,"name":"SODYUM N\u0130TRAT"}]},{"@type":"WebSite","@id":"https:\/\/akerkimya.com\/eticaret\/#website","url":"https:\/\/akerkimya.com\/eticaret\/","name":"Akerkimya","description":"","potentialAction":[{"@type":"SearchAction","target":{"@type":"EntryPoint","urlTemplate":"https:\/\/akerkimya.com\/eticaret\/?s={search_term_string}"},"query-input":"required name=search_term_string"}],"inLanguage":"tr"}]}},"_links":{"self":[{"href":"https:\/\/akerkimya.com\/eticaret\/wp-json\/wp\/v2\/product\/17187","targetHints":{"allow":["GET"]}}],"collection":[{"href":"https:\/\/akerkimya.com\/eticaret\/wp-json\/wp\/v2\/product"}],"about":[{"href":"https:\/\/akerkimya.com\/eticaret\/wp-json\/wp\/v2\/types\/product"}],"replies":[{"embeddable":true,"href":"https:\/\/akerkimya.com\/eticaret\/wp-json\/wp\/v2\/comments?post=17187"}],"version-history":[{"count":1,"href":"https:\/\/akerkimya.com\/eticaret\/wp-json\/wp\/v2\/product\/17187\/revisions"}],"predecessor-version":[{"id":17192,"href":"https:\/\/akerkimya.com\/eticaret\/wp-json\/wp\/v2\/product\/17187\/revisions\/17192"}],"wp:featuredmedia":[{"embeddable":true,"href":"https:\/\/akerkimya.com\/eticaret\/wp-json\/wp\/v2\/media\/17188"}],"wp:attachment":[{"href":"https:\/\/akerkimya.com\/eticaret\/wp-json\/wp\/v2\/media?parent=17187"}],"wp:term":[{"taxonomy":"product_cat","embeddable":true,"href":"https:\/\/akerkimya.com\/eticaret\/wp-json\/wp\/v2\/product_cat?post=17187"},{"taxonomy":"product_tag","embeddable":true,"href":"https:\/\/akerkimya.com\/eticaret\/wp-json\/wp\/v2\/product_tag?post=17187"}],"curies":[{"name":"wp","href":"https:\/\/api.w.org\/{rel}","templated":true}]}}