{"id":17199,"date":"2025-01-02T15:35:19","date_gmt":"2025-01-02T12:35:19","guid":{"rendered":"https:\/\/akerkimya.com\/eticaret\/?post_type=product&#038;p=17199"},"modified":"2026-03-30T02:24:08","modified_gmt":"2026-03-29T23:24:08","slug":"sodyum-poliakriat","status":"publish","type":"product","link":"https:\/\/akerkimya.com\/eticaret\/urun\/sodyum-poliakriat\/","title":{"rendered":"SODYUM POL\u0130AKR\u0130AT"},"content":{"rendered":"<h1>SODYUM POL\u0130AKR\u0130AT<\/h1>\n<p><strong>Sodyum poliakrilat, C5H7Na03 form\u00fcl\u00fcne sahip poliakrilik asit sodyum tuzudur. K\u00fctlesinin 100 ila 1000 kat\u0131 kadar su emme \u00f6zelli\u011fine sahiptir. Sodyum poliakrilat, ana zincirde negatif y\u00fckl\u00fc karboksilik gruplara sahip anyonik bir polielektroliktir.<\/strong><\/p>\n<p><strong>\u00a0<\/strong><\/p>\n<p><strong>SODYUM POL\u0130AKR\u0130LAT \u00d6ZELL\u0130KLER\u0130<\/strong><\/p>\n<p><strong>Suda \u00e7\u00f6z\u00fcnmez. Disperse olur ve \u015fi\u015fer. Etanol ve aseton gibi organik solventlerde \u00e7\u00f6z\u00fcnmez.<\/strong><\/p>\n<p><strong>Kokusuz ve beyaz renkte kristal yap\u0131dad\u0131r.<\/strong><\/p>\n<p><strong>Kararl\u0131 bir kimyasald\u0131r.<\/strong><\/p>\n<p><strong>Toksik kimyasal de\u011fildir.<\/strong><\/p>\n<p><strong>\u00a0<\/strong><\/p>\n<p><strong>TEKN\u0130K \u00d6ZELL\u0130KLER\u0130<\/strong><\/p>\n<p><strong>CAS NUMARASI: 9003-04-7<\/strong><\/p>\n<p><strong>MOLEK\u00dcLER FORM\u00dcL: C5H7Na03<\/strong><\/p>\n<p><strong>K\u0130MYASAL \u0130SM\u0130: Sodyum Poliakrilat, <\/strong><\/p>\n<p><strong>YO\u011eUNLUK: 1,22 g\/cm\u00b3<\/strong><\/p>\n<p><strong>MOLEK\u00dcL A\u011eIRLI\u011eI: 94,04 gr\/mol<\/strong><\/p>\n<p><strong>ER\u0130ME NOKTASI: 170 C\u00b0<\/strong><\/p>\n<p><strong>RUTUBET(WT%): 5,00 Maks.<\/strong><\/p>\n<p><strong>TUTMA KAPAS\u0130TES\u0130 (g\/g): 33,00 Min.<\/strong><\/p>\n<p><strong>Y\u00dcK ALTINDA EM\u0130L\u0130M (Ml\/g): 22,00 Min<\/strong><\/p>\n<p><strong>KALAN MONOMER (Ppm): 500,00 Maks.<\/strong><\/p>\n<p><strong>D\u00d6KME YO\u011eUNLU\u011eU: 0,60-0,70 g\/ml<\/strong><\/p>\n<p><strong>PH: 5,60-6,70<\/strong><\/p>\n<p><strong>850 \u00b5m \u00dcST\u00dc: 2,00 Maks.<\/strong><\/p>\n<p><strong>150 \u00b5m\u2019 ye KADAR: 6,00 Maks.<\/strong><\/p>\n<p><strong>\u00a0<\/strong><\/p>\n<p><strong>KULLANIM ALANLARI<\/strong><\/p>\n<p><strong>So\u011fuk su ar\u0131t\u0131m\u0131 i\u00e7in kire\u00e7 \u00f6nleyici olarak kullan\u0131l\u0131r.<\/strong><\/p>\n<p><strong>D\u00fc\u015f\u00fck kat\u0131 maddeli delici s\u0131v\u0131 ak\u0131\u015f\u0131n\u0131 azalt\u0131c\u0131 olarak kullan\u0131l\u0131r.<\/strong><\/p>\n<p><strong>\u0130yi havaland\u0131rma petrol muhafazas\u0131 su gereksinimi, so\u011futma suyu ve kazan suyu ar\u0131t\u0131m\u0131 i\u00e7in di\u011fer su ar\u0131tma bile\u015fenleriyle birlikte kullan\u0131l\u0131r.<\/strong><\/p>\n<p><strong>Kozmetik sekt\u00f6r\u00fcnde, koyula\u015ft\u0131rma, da\u011f\u0131tma ve stabilize edici olarak kullan\u0131l\u0131r.<\/strong><\/p>\n<p><strong>NASA da kullan\u0131lan astronot k\u0131yafetlerinin yap\u0131m\u0131nda kullan\u0131lm\u0131\u015ft\u0131r.<\/strong><\/p>\n<p><strong>Di\u015f macunu \u00fcretiminde, p\u00fcr\u00fcss\u00fcz ve hassas g\u00f6r\u00fcn\u00fcrl\u00fck sa\u011flamas\u0131 amac\u0131 ile kullan\u0131l\u0131r.<\/strong><\/p>\n<p><strong>Soslar ve re\u00e7eller, mayonez, domates sosu, krema, soya sosu gibi soslarda kal\u0131nla\u015ft\u0131rma ve stabilize edici ajan olarak kullan\u0131l\u0131r.<\/strong><\/p>\n<p><strong>Ekmek, kek, eri\u015fte, makarnada tat ve lezzeti iyile\u015ftirmek i\u00e7in kullan\u0131l\u0131r.<\/strong><\/p>\n<p><strong>Dondurulmu\u015f pirin\u00e7 eri\u015ftesi, h\u0131zl\u0131 pi\u015firilmi\u015f k\u00f6fte gibi g\u0131dalarda y\u00fczey j\u00f6le ajan\u0131 olarak taze tutma rol\u00fc oynar.<\/strong><\/p>\n<p><strong>Su ge\u00e7irmez kaplamalarda kullan\u0131l\u0131r.<\/strong><\/p>\n<p><strong>Bal\u0131k, karides gibi dondurulmu\u015f \u00fcr\u00fcnlerin tazelik s\u00fcrelerinin b\u00fcy\u00fck \u00f6l\u00e7\u00fcde uzatmas\u0131 i\u00e7in kullan\u0131l\u0131r.<\/strong><\/p>\n<p><strong>Et sekt\u00f6r\u00fcnde, protein liflerinin viskozitesini ve dayan\u0131kl\u0131l\u0131\u011f\u0131n\u0131 iyile\u015ftirmek amac\u0131 ile yapay et yapmak i\u00e7in kullan\u0131l\u0131r.<\/strong><\/p>\n<p><strong>Sondaj \u00e7amuru ar\u0131tmak i\u00e7in kullan\u0131l\u0131r.<\/strong><\/p>\n<p><strong>Deterjanlarda y\u0131kama yard\u0131mc\u0131s\u0131 olarak da\u011f\u0131lma, kir tutma ve koyula\u015ft\u0131rma ajan\u0131 olarak kullan\u0131l\u0131r.<\/strong><\/p>\n<p><strong>Bebek bezleri \u00fcretiminde su emilimi \u00f6zelli\u011fi nedeni ile kullan\u0131l\u0131r.<\/strong><\/p>\n<p><strong>Boyama end\u00fcstrisinde bulama\u00e7 dispersan olarak kullan\u0131l\u0131r.<\/strong><\/p>\n<p><strong>\u015eeker s\u0131v\u0131s\u0131, tuzlu su vb. i\u00e7eceklerde berrakla\u015ft\u0131r\u0131c\u0131 ajan olarak kullan\u0131l\u0131r. <\/strong><\/p>\n<p><strong>K\u00e2\u011f\u0131t kaplamlar\u0131nda, dispersan olarak kullan\u0131l\u0131r.<\/strong><\/p>\n<p><strong>Hamurun uzayabilirli\u011fini geli\u015ftirmek i\u00e7in kullan\u0131l\u0131r.<\/strong><\/p>\n<p><strong>\u00a0<\/strong><\/p>\n<p><strong>AMBALAJ<\/strong><\/p>\n<p><strong>1-5-25 kg torbalar halinde<\/strong><\/p>\n<p><strong>\u00a0<\/strong><\/p>\n<p><strong>DEPOLAMA<\/strong><\/p>\n<p><strong>Serin ve kuru bir alanda muhafaza ediniz.<\/strong><\/p>\n","protected":false},"excerpt":{"rendered":"<p>SODYUM POL\u0130AKR\u0130AT Sodyum poliakrilat, C5H7Na03 form\u00fcl\u00fcne sahip poliakrilik asit sodyum tuzudur. K\u00fctlesinin 100 ila 1000 kat\u0131 kadar su emme \u00f6zelli\u011fine<\/p>\n","protected":false},"featured_media":17200,"comment_status":"open","ping_status":"closed","template":"","meta":{"_joinchat":[]},"product_cat":[70,74],"product_tag":[],"class_list":{"0":"post-17199","1":"product","2":"type-product","3":"status-publish","4":"has-post-thumbnail","6":"product_cat-boya-ve-yapi-kimyasallar","7":"product_cat-deterjan-ve-kozmetik-kimyasallari","9":"first","10":"instock","11":"shipping-taxable","12":"purchasable","13":"product-type-variable"},"yoast_head":"<!-- This site is optimized with the Yoast SEO Premium plugin v20.2.1 (Yoast SEO v20.2.1) - https:\/\/yoast.com\/wordpress\/plugins\/seo\/ -->\n<title>SODYUM POL\u0130AKR\u0130AT - Akerkimya<\/title>\n<meta name=\"robots\" content=\"index, follow, max-snippet:-1, max-image-preview:large, max-video-preview:-1\" \/>\n<link rel=\"canonical\" href=\"https:\/\/akerkimya.com\/eticaret\/urun\/sodyum-poliakriat\/\" \/>\n<meta property=\"og:locale\" content=\"tr_TR\" \/>\n<meta property=\"og:type\" content=\"article\" \/>\n<meta property=\"og:title\" content=\"SODYUM POL\u0130AKR\u0130AT\" \/>\n<meta property=\"og:description\" content=\"SODYUM POL\u0130AKR\u0130AT Sodyum poliakrilat, C5H7Na03 form\u00fcl\u00fcne sahip poliakrilik asit sodyum tuzudur. K\u00fctlesinin 100 ila 1000 kat\u0131 kadar su emme \u00f6zelli\u011fine\" \/>\n<meta property=\"og:url\" content=\"https:\/\/akerkimya.com\/eticaret\/urun\/sodyum-poliakriat\/\" \/>\n<meta property=\"og:site_name\" content=\"Akerkimya\" \/>\n<meta property=\"article:modified_time\" content=\"2026-03-29T23:24:08+00:00\" \/>\n<meta property=\"og:image\" content=\"https:\/\/akerkimya.com\/eticaret\/wp-content\/uploads\/2025\/01\/SODYUM-POLIAKRILAT-GUNCEL-.png\" \/>\n\t<meta property=\"og:image:width\" content=\"1000\" \/>\n\t<meta property=\"og:image:height\" content=\"1000\" \/>\n\t<meta property=\"og:image:type\" content=\"image\/png\" \/>\n<meta name=\"twitter:card\" content=\"summary_large_image\" \/>\n<meta name=\"twitter:label1\" content=\"Tahmini okuma s\u00fcresi\" \/>\n\t<meta name=\"twitter:data1\" content=\"2 dakika\" \/>\n<script type=\"application\/ld+json\" class=\"yoast-schema-graph\">{\"@context\":\"https:\/\/schema.org\",\"@graph\":[{\"@type\":\"WebPage\",\"@id\":\"https:\/\/akerkimya.com\/eticaret\/urun\/sodyum-poliakriat\/\",\"url\":\"https:\/\/akerkimya.com\/eticaret\/urun\/sodyum-poliakriat\/\",\"name\":\"SODYUM POL\u0130AKR\u0130AT - Akerkimya\",\"isPartOf\":{\"@id\":\"https:\/\/akerkimya.com\/eticaret\/#website\"},\"datePublished\":\"2025-01-02T12:35:19+00:00\",\"dateModified\":\"2026-03-29T23:24:08+00:00\",\"breadcrumb\":{\"@id\":\"https:\/\/akerkimya.com\/eticaret\/urun\/sodyum-poliakriat\/#breadcrumb\"},\"inLanguage\":\"tr\",\"potentialAction\":[{\"@type\":\"ReadAction\",\"target\":[\"https:\/\/akerkimya.com\/eticaret\/urun\/sodyum-poliakriat\/\"]}]},{\"@type\":\"BreadcrumbList\",\"@id\":\"https:\/\/akerkimya.com\/eticaret\/urun\/sodyum-poliakriat\/#breadcrumb\",\"itemListElement\":[{\"@type\":\"ListItem\",\"position\":1,\"name\":\"Home\",\"item\":\"https:\/\/akerkimya.com\/eticaret\/\"},{\"@type\":\"ListItem\",\"position\":2,\"name\":\"Market\",\"item\":\"https:\/\/akerkimya.com\/eticaret\/market\/\"},{\"@type\":\"ListItem\",\"position\":3,\"name\":\"SODYUM POL\u0130AKR\u0130AT\"}]},{\"@type\":\"WebSite\",\"@id\":\"https:\/\/akerkimya.com\/eticaret\/#website\",\"url\":\"https:\/\/akerkimya.com\/eticaret\/\",\"name\":\"Akerkimya\",\"description\":\"\",\"potentialAction\":[{\"@type\":\"SearchAction\",\"target\":{\"@type\":\"EntryPoint\",\"urlTemplate\":\"https:\/\/akerkimya.com\/eticaret\/?s={search_term_string}\"},\"query-input\":\"required name=search_term_string\"}],\"inLanguage\":\"tr\"}]}<\/script>\n<!-- \/ Yoast SEO Premium plugin. -->","yoast_head_json":{"title":"SODYUM POL\u0130AKR\u0130AT - Akerkimya","robots":{"index":"index","follow":"follow","max-snippet":"max-snippet:-1","max-image-preview":"max-image-preview:large","max-video-preview":"max-video-preview:-1"},"canonical":"https:\/\/akerkimya.com\/eticaret\/urun\/sodyum-poliakriat\/","og_locale":"tr_TR","og_type":"article","og_title":"SODYUM POL\u0130AKR\u0130AT","og_description":"SODYUM POL\u0130AKR\u0130AT Sodyum poliakrilat, C5H7Na03 form\u00fcl\u00fcne sahip poliakrilik asit sodyum tuzudur. K\u00fctlesinin 100 ila 1000 kat\u0131 kadar su emme \u00f6zelli\u011fine","og_url":"https:\/\/akerkimya.com\/eticaret\/urun\/sodyum-poliakriat\/","og_site_name":"Akerkimya","article_modified_time":"2026-03-29T23:24:08+00:00","og_image":[{"width":1000,"height":1000,"url":"https:\/\/akerkimya.com\/eticaret\/wp-content\/uploads\/2025\/01\/SODYUM-POLIAKRILAT-GUNCEL-.png","type":"image\/png"}],"twitter_card":"summary_large_image","twitter_misc":{"Tahmini okuma s\u00fcresi":"2 dakika"},"schema":{"@context":"https:\/\/schema.org","@graph":[{"@type":"WebPage","@id":"https:\/\/akerkimya.com\/eticaret\/urun\/sodyum-poliakriat\/","url":"https:\/\/akerkimya.com\/eticaret\/urun\/sodyum-poliakriat\/","name":"SODYUM POL\u0130AKR\u0130AT - Akerkimya","isPartOf":{"@id":"https:\/\/akerkimya.com\/eticaret\/#website"},"datePublished":"2025-01-02T12:35:19+00:00","dateModified":"2026-03-29T23:24:08+00:00","breadcrumb":{"@id":"https:\/\/akerkimya.com\/eticaret\/urun\/sodyum-poliakriat\/#breadcrumb"},"inLanguage":"tr","potentialAction":[{"@type":"ReadAction","target":["https:\/\/akerkimya.com\/eticaret\/urun\/sodyum-poliakriat\/"]}]},{"@type":"BreadcrumbList","@id":"https:\/\/akerkimya.com\/eticaret\/urun\/sodyum-poliakriat\/#breadcrumb","itemListElement":[{"@type":"ListItem","position":1,"name":"Home","item":"https:\/\/akerkimya.com\/eticaret\/"},{"@type":"ListItem","position":2,"name":"Market","item":"https:\/\/akerkimya.com\/eticaret\/market\/"},{"@type":"ListItem","position":3,"name":"SODYUM POL\u0130AKR\u0130AT"}]},{"@type":"WebSite","@id":"https:\/\/akerkimya.com\/eticaret\/#website","url":"https:\/\/akerkimya.com\/eticaret\/","name":"Akerkimya","description":"","potentialAction":[{"@type":"SearchAction","target":{"@type":"EntryPoint","urlTemplate":"https:\/\/akerkimya.com\/eticaret\/?s={search_term_string}"},"query-input":"required name=search_term_string"}],"inLanguage":"tr"}]}},"_links":{"self":[{"href":"https:\/\/akerkimya.com\/eticaret\/wp-json\/wp\/v2\/product\/17199","targetHints":{"allow":["GET"]}}],"collection":[{"href":"https:\/\/akerkimya.com\/eticaret\/wp-json\/wp\/v2\/product"}],"about":[{"href":"https:\/\/akerkimya.com\/eticaret\/wp-json\/wp\/v2\/types\/product"}],"replies":[{"embeddable":true,"href":"https:\/\/akerkimya.com\/eticaret\/wp-json\/wp\/v2\/comments?post=17199"}],"version-history":[{"count":1,"href":"https:\/\/akerkimya.com\/eticaret\/wp-json\/wp\/v2\/product\/17199\/revisions"}],"predecessor-version":[{"id":17204,"href":"https:\/\/akerkimya.com\/eticaret\/wp-json\/wp\/v2\/product\/17199\/revisions\/17204"}],"wp:featuredmedia":[{"embeddable":true,"href":"https:\/\/akerkimya.com\/eticaret\/wp-json\/wp\/v2\/media\/17200"}],"wp:attachment":[{"href":"https:\/\/akerkimya.com\/eticaret\/wp-json\/wp\/v2\/media?parent=17199"}],"wp:term":[{"taxonomy":"product_cat","embeddable":true,"href":"https:\/\/akerkimya.com\/eticaret\/wp-json\/wp\/v2\/product_cat?post=17199"},{"taxonomy":"product_tag","embeddable":true,"href":"https:\/\/akerkimya.com\/eticaret\/wp-json\/wp\/v2\/product_tag?post=17199"}],"curies":[{"name":"wp","href":"https:\/\/api.w.org\/{rel}","templated":true}]}}