{"id":17205,"date":"2025-01-02T15:41:11","date_gmt":"2025-01-02T12:41:11","guid":{"rendered":"https:\/\/akerkimya.com\/eticaret\/?post_type=product&#038;p=17205"},"modified":"2026-03-30T02:24:08","modified_gmt":"2026-03-29T23:24:08","slug":"sodyum-silikat","status":"publish","type":"product","link":"https:\/\/akerkimya.com\/eticaret\/urun\/sodyum-silikat\/","title":{"rendered":"SODYUM S\u0130L\u0130KAT"},"content":{"rendered":"<h1>SODYUM S\u0130L\u0130KAT<\/h1>\n<p><strong>Genel form\u00fcl\u00fc Na2S\u0130O3 olan sodyum silikat genel ad\u0131yla cam suyu olarak da bilinir. Genelde renksizdir fakat i\u015flemlerle ye\u015filimsi veya mavimsi renk al\u0131rlar.<\/strong><\/p>\n<p><strong>\u00a0<\/strong><\/p>\n<p><strong>SODYUM S\u0130L\u0130KAT TEKN\u0130K \u00d6ZELL\u0130KLER\u00a0<\/strong><\/p>\n<p><strong>Form\u00fcl\u00a0\u00a0\u00a0\u00a0\u00a0 :Na2S\u0130O3<\/strong><\/p>\n<p><strong>G\u00fcr\u00fcn\u00fcm\u00a0\u00a0 :Renksiz,Ye\u015filimsi s\u0131v\u0131<\/strong><\/p>\n<p><strong>Yo\u011funluk\u00a0\u00a0 :2,4 gr\/cm3<\/strong><\/p>\n<p><strong>Bom oran\u0131\u00a0 :3.0<\/strong><\/p>\n<p><strong>S\u0130O2 %\u00a0\u00a0\u00a0\u00a0\u00a0 :24-26<\/strong><\/p>\n<p><strong>Na2O %\u00a0\u00a0\u00a0\u00a0\u00a0 :11,5-13,5<\/strong><\/p>\n<p><strong>Mod\u00fcl\u00a0\u00a0\u00a0\u00a0\u00a0\u00a0\u00a0\u00a0\u00a0 :1.90-2.25<\/strong><\/p>\n<p><strong>Densite(20 C):11-12,5<\/strong><\/p>\n<p><strong>\u00a0<\/strong><\/p>\n<p><strong>KULLANIM ALANLARI<\/strong><\/p>\n<p><strong>Kimya sanayinde \u015fekilsiz silika, silika gel, molek\u00fcler ekran, beyaz dolgu maddelerinde hammadde olarak kullan\u0131l\u0131r.<\/strong><\/p>\n<p><strong>Deterjan sanayinde alkalilik kontrol\u00fcnde geli\u015ftirici bile\u015fken ve korozyon \u00f6nleyici olarak kullan\u0131l\u0131r.<\/strong><\/p>\n<p><strong>K\u00e2\u011f\u0131t sanayinde k\u0131r\u0131\u015ft\u0131r\u0131lm\u0131\u015f mukavvada yap\u0131\u015ft\u0131r\u0131c\u0131 olarak ve yanmaz k\u00e2\u011f\u0131t kataliz\u00f6r\u00fc olarak kullan\u0131l\u0131r.<\/strong><\/p>\n<p><strong>Hidrojen peroksit ile a\u011fartmada stabiliz\u00f6r olarak kullan\u0131l\u0131r.<\/strong><\/p>\n<p><strong>Madencilikte mineral pelletleme de yard\u0131mc\u0131 madde olarak kullan\u0131l\u0131r.<\/strong><\/p>\n<p><strong>D\u00f6k\u00fcm sekt\u00f6r\u00fcnde kumlar\u0131 kal\u0131pla\u015ft\u0131rmada ba\u011flay\u0131c\u0131 olarak kullan\u0131l\u0131r.<\/strong><\/p>\n<p><strong>Yap\u0131larda zemin sertle\u015ftirmede ve \u00e7imento yap\u0131m\u0131nda h\u0131zland\u0131r\u0131c\u0131 olarak kullan\u0131l\u0131r.<\/strong><\/p>\n<p><strong>Betonlar\u0131n asit ge\u00e7irmez hale getirilmesinde kullan\u0131l\u0131r. Kerestelerin i\u015flenmesinde kullan\u0131l\u0131r.<\/strong><\/p>\n<p><strong>Tekstil sanayinde Hidrojen peroksiti beyazlatmada stabilize edici olarak kullan\u0131l\u0131r.<\/strong><\/p>\n<p><strong>\u00a0Ph d\u00fczenleyici olarak kullan\u0131l\u0131r.<\/strong><\/p>\n<p><strong>Metal kompleks yap\u0131c\u0131 madde olarak kullan\u0131l\u0131r.<\/strong><\/p>\n<p><strong>Seramikte kili s\u0131v\u0131la\u015ft\u0131rmada kullan\u0131lmaktad\u0131r.<\/strong><\/p>\n<p><strong>Sular\u0131n ar\u0131t\u0131lmas\u0131nda ve p\u0131ht\u0131la\u015fmas\u0131n\u0131n \u00f6nlenmesinde kullan\u0131l\u0131r.<\/strong><\/p>\n<p><strong>\u00a0<\/strong><\/p>\n<p><strong>SODYUM S\u0130L\u0130KAT \u00a0\u00d6ZELL\u0130KLER\u0130<\/strong><\/p>\n<p><strong>\u00a0Sodyum silikat, sodyum oksit (Na<sub>2<\/sub>O) ve silika (SiO<sub>2<\/sub>) i\u00e7eren \u00e7e\u015fitli bile\u015fiklerden biridir veya SiO<sub>2<\/sub>\u2013 Na<sub>2<\/sub>O kat\u0131 i\u00e7erikler ve viskosite oranlar\u0131 de\u011fi\u015fen sodyum silikatlar\u0131n bir kar\u0131\u015f\u0131m\u0131d\u0131r. Genel olarak, sodyum silikatlar \u00fcretildikleri aside g\u00f6re, orto silikat, metasilikat, disilikat ve tetrasilikat olarak adland\u0131r\u0131l\u0131rlar. Ayr\u0131ca kristal yap\u0131s\u0131na g\u00f6re bir X-ray k\u0131r\u0131n\u0131m metoduyla s\u0131n\u0131fland\u0131r\u0131l\u0131rlar. B\u00fct\u00fcn bu bile\u015fikler renksiz, transparan, cams\u0131 madde, ticari olarak bir toz veya su i\u00e7erisinde \u015furupsu viskos \u00e7\u00f6zelti olarak mevcuttur. Suda \u015furupsu bir s\u0131v\u0131 olu\u015fturmak \u00fczere \u00e7\u00f6z\u00fcn\u00fcr. Baz\u0131 \u015fekilleri zay\u0131f \u00e7\u00f6z\u00fcn\u00fcr baz\u0131 \u015fekilleri hemen hemen hi\u00e7 \u00e7\u00f6z\u00fcnmezler. En iyi \u015fekilde bas\u0131n\u00e7 alt\u0131nda suyla \u0131s\u0131t\u0131larak \u00e7\u00f6z\u00fcn\u00fcrler. Sodyum silikat, silika jellerin ham maddesidir. Bunun yan\u0131 s\u0131ra deterjan yap\u0131m\u0131nda, cam i\u00e7in \u00e7imento yap\u0131s\u0131 olu\u015fturmada, seramik ve \u00e7\u00f6mlek yap\u0131m\u0131nda, yanmaz ka\u011f\u0131t yap\u0131m\u0131nda, ah\u015fap i\u015fleme sekt\u00f6r\u00fcnde, \u00e7imento i\u015fleme sekt\u00f6r\u00fcnde, giysilerin boyanmas\u0131 ve bask\u0131lanmas\u0131nda s\u0131kl\u0131kla kullan\u0131l\u0131r. Ayr\u0131ca mukavvan\u0131n yap\u0131\u015ft\u0131r\u0131lmas\u0131 ve kumlar\u0131n kal\u0131pla\u015ft\u0131r\u0131lmas\u0131 i\u00e7in de iyi bir ba\u011flay\u0131c\u0131 yap\u0131\u015ft\u0131r\u0131c\u0131d\u0131r.<\/strong><\/p>\n<p><strong>AMBALAJ <\/strong><\/p>\n<p><strong>1-10-40 kg bidonlar ve 295 kg variller halinde <\/strong><\/p>\n<p><strong>\u00a0<\/strong><\/p>\n<p><strong>DEPOLAMA<\/strong><\/p>\n<p><strong>Y\u00fcksek s\u0131cakl\u0131k ve asitli malzemelerden uzak tutunuz.<\/strong><\/p>\n<p><strong>G\u00fcne\u015f \u0131\u015f\u0131\u011f\u0131na temas etmeyen kuru ve serin yerlerde muhafaza ediniz.<\/strong><\/p>\n<p><strong>\u00a0<\/strong><\/p>\n","protected":false},"excerpt":{"rendered":"<p>SODYUM S\u0130L\u0130KAT Genel form\u00fcl\u00fc Na2S\u0130O3 olan sodyum silikat genel ad\u0131yla cam suyu olarak da bilinir. Genelde renksizdir fakat i\u015flemlerle ye\u015filimsi<\/p>\n","protected":false},"featured_media":17206,"comment_status":"open","ping_status":"closed","template":"","meta":{"_joinchat":[]},"product_cat":[70,72,73,74],"product_tag":[],"class_list":{"0":"post-17205","1":"product","2":"type-product","3":"status-publish","4":"has-post-thumbnail","6":"product_cat-boya-ve-yapi-kimyasallar","7":"product_cat-cam-ve-seramik-kimyasallari","8":"product_cat-deri-ve-tekstil-kimyasallari","9":"product_cat-deterjan-ve-kozmetik-kimyasallari","11":"first","12":"instock","13":"shipping-taxable","14":"purchasable","15":"product-type-variable"},"yoast_head":"<!-- This site is optimized with the Yoast SEO Premium plugin v20.2.1 (Yoast SEO v20.2.1) - https:\/\/yoast.com\/wordpress\/plugins\/seo\/ -->\n<title>SODYUM S\u0130L\u0130KAT - Akerkimya<\/title>\n<meta name=\"robots\" content=\"index, follow, max-snippet:-1, max-image-preview:large, max-video-preview:-1\" \/>\n<link rel=\"canonical\" href=\"https:\/\/akerkimya.com\/eticaret\/urun\/sodyum-silikat\/\" \/>\n<meta property=\"og:locale\" content=\"tr_TR\" \/>\n<meta property=\"og:type\" content=\"article\" \/>\n<meta property=\"og:title\" content=\"SODYUM S\u0130L\u0130KAT\" \/>\n<meta property=\"og:description\" content=\"SODYUM S\u0130L\u0130KAT Genel form\u00fcl\u00fc Na2S\u0130O3 olan sodyum silikat genel ad\u0131yla cam suyu olarak da bilinir. Genelde renksizdir fakat i\u015flemlerle ye\u015filimsi\" \/>\n<meta property=\"og:url\" content=\"https:\/\/akerkimya.com\/eticaret\/urun\/sodyum-silikat\/\" \/>\n<meta property=\"og:site_name\" content=\"Akerkimya\" \/>\n<meta property=\"article:modified_time\" content=\"2026-03-29T23:24:08+00:00\" \/>\n<meta property=\"og:image\" content=\"https:\/\/akerkimya.com\/eticaret\/wp-content\/uploads\/2025\/01\/SODYUM-SILIKAT-GUNCEL-.png\" \/>\n\t<meta property=\"og:image:width\" content=\"1000\" \/>\n\t<meta property=\"og:image:height\" content=\"1000\" \/>\n\t<meta property=\"og:image:type\" content=\"image\/png\" \/>\n<meta name=\"twitter:card\" content=\"summary_large_image\" \/>\n<meta name=\"twitter:label1\" content=\"Tahmini okuma s\u00fcresi\" \/>\n\t<meta name=\"twitter:data1\" content=\"3 dakika\" \/>\n<script type=\"application\/ld+json\" class=\"yoast-schema-graph\">{\"@context\":\"https:\/\/schema.org\",\"@graph\":[{\"@type\":\"WebPage\",\"@id\":\"https:\/\/akerkimya.com\/eticaret\/urun\/sodyum-silikat\/\",\"url\":\"https:\/\/akerkimya.com\/eticaret\/urun\/sodyum-silikat\/\",\"name\":\"SODYUM S\u0130L\u0130KAT - Akerkimya\",\"isPartOf\":{\"@id\":\"https:\/\/akerkimya.com\/eticaret\/#website\"},\"datePublished\":\"2025-01-02T12:41:11+00:00\",\"dateModified\":\"2026-03-29T23:24:08+00:00\",\"breadcrumb\":{\"@id\":\"https:\/\/akerkimya.com\/eticaret\/urun\/sodyum-silikat\/#breadcrumb\"},\"inLanguage\":\"tr\",\"potentialAction\":[{\"@type\":\"ReadAction\",\"target\":[\"https:\/\/akerkimya.com\/eticaret\/urun\/sodyum-silikat\/\"]}]},{\"@type\":\"BreadcrumbList\",\"@id\":\"https:\/\/akerkimya.com\/eticaret\/urun\/sodyum-silikat\/#breadcrumb\",\"itemListElement\":[{\"@type\":\"ListItem\",\"position\":1,\"name\":\"Home\",\"item\":\"https:\/\/akerkimya.com\/eticaret\/\"},{\"@type\":\"ListItem\",\"position\":2,\"name\":\"Market\",\"item\":\"https:\/\/akerkimya.com\/eticaret\/market\/\"},{\"@type\":\"ListItem\",\"position\":3,\"name\":\"SODYUM S\u0130L\u0130KAT\"}]},{\"@type\":\"WebSite\",\"@id\":\"https:\/\/akerkimya.com\/eticaret\/#website\",\"url\":\"https:\/\/akerkimya.com\/eticaret\/\",\"name\":\"Akerkimya\",\"description\":\"\",\"potentialAction\":[{\"@type\":\"SearchAction\",\"target\":{\"@type\":\"EntryPoint\",\"urlTemplate\":\"https:\/\/akerkimya.com\/eticaret\/?s={search_term_string}\"},\"query-input\":\"required name=search_term_string\"}],\"inLanguage\":\"tr\"}]}<\/script>\n<!-- \/ Yoast SEO Premium plugin. -->","yoast_head_json":{"title":"SODYUM S\u0130L\u0130KAT - Akerkimya","robots":{"index":"index","follow":"follow","max-snippet":"max-snippet:-1","max-image-preview":"max-image-preview:large","max-video-preview":"max-video-preview:-1"},"canonical":"https:\/\/akerkimya.com\/eticaret\/urun\/sodyum-silikat\/","og_locale":"tr_TR","og_type":"article","og_title":"SODYUM S\u0130L\u0130KAT","og_description":"SODYUM S\u0130L\u0130KAT Genel form\u00fcl\u00fc Na2S\u0130O3 olan sodyum silikat genel ad\u0131yla cam suyu olarak da bilinir. Genelde renksizdir fakat i\u015flemlerle ye\u015filimsi","og_url":"https:\/\/akerkimya.com\/eticaret\/urun\/sodyum-silikat\/","og_site_name":"Akerkimya","article_modified_time":"2026-03-29T23:24:08+00:00","og_image":[{"width":1000,"height":1000,"url":"https:\/\/akerkimya.com\/eticaret\/wp-content\/uploads\/2025\/01\/SODYUM-SILIKAT-GUNCEL-.png","type":"image\/png"}],"twitter_card":"summary_large_image","twitter_misc":{"Tahmini okuma s\u00fcresi":"3 dakika"},"schema":{"@context":"https:\/\/schema.org","@graph":[{"@type":"WebPage","@id":"https:\/\/akerkimya.com\/eticaret\/urun\/sodyum-silikat\/","url":"https:\/\/akerkimya.com\/eticaret\/urun\/sodyum-silikat\/","name":"SODYUM S\u0130L\u0130KAT - Akerkimya","isPartOf":{"@id":"https:\/\/akerkimya.com\/eticaret\/#website"},"datePublished":"2025-01-02T12:41:11+00:00","dateModified":"2026-03-29T23:24:08+00:00","breadcrumb":{"@id":"https:\/\/akerkimya.com\/eticaret\/urun\/sodyum-silikat\/#breadcrumb"},"inLanguage":"tr","potentialAction":[{"@type":"ReadAction","target":["https:\/\/akerkimya.com\/eticaret\/urun\/sodyum-silikat\/"]}]},{"@type":"BreadcrumbList","@id":"https:\/\/akerkimya.com\/eticaret\/urun\/sodyum-silikat\/#breadcrumb","itemListElement":[{"@type":"ListItem","position":1,"name":"Home","item":"https:\/\/akerkimya.com\/eticaret\/"},{"@type":"ListItem","position":2,"name":"Market","item":"https:\/\/akerkimya.com\/eticaret\/market\/"},{"@type":"ListItem","position":3,"name":"SODYUM S\u0130L\u0130KAT"}]},{"@type":"WebSite","@id":"https:\/\/akerkimya.com\/eticaret\/#website","url":"https:\/\/akerkimya.com\/eticaret\/","name":"Akerkimya","description":"","potentialAction":[{"@type":"SearchAction","target":{"@type":"EntryPoint","urlTemplate":"https:\/\/akerkimya.com\/eticaret\/?s={search_term_string}"},"query-input":"required name=search_term_string"}],"inLanguage":"tr"}]}},"_links":{"self":[{"href":"https:\/\/akerkimya.com\/eticaret\/wp-json\/wp\/v2\/product\/17205","targetHints":{"allow":["GET"]}}],"collection":[{"href":"https:\/\/akerkimya.com\/eticaret\/wp-json\/wp\/v2\/product"}],"about":[{"href":"https:\/\/akerkimya.com\/eticaret\/wp-json\/wp\/v2\/types\/product"}],"replies":[{"embeddable":true,"href":"https:\/\/akerkimya.com\/eticaret\/wp-json\/wp\/v2\/comments?post=17205"}],"version-history":[{"count":1,"href":"https:\/\/akerkimya.com\/eticaret\/wp-json\/wp\/v2\/product\/17205\/revisions"}],"predecessor-version":[{"id":17211,"href":"https:\/\/akerkimya.com\/eticaret\/wp-json\/wp\/v2\/product\/17205\/revisions\/17211"}],"wp:featuredmedia":[{"embeddable":true,"href":"https:\/\/akerkimya.com\/eticaret\/wp-json\/wp\/v2\/media\/17206"}],"wp:attachment":[{"href":"https:\/\/akerkimya.com\/eticaret\/wp-json\/wp\/v2\/media?parent=17205"}],"wp:term":[{"taxonomy":"product_cat","embeddable":true,"href":"https:\/\/akerkimya.com\/eticaret\/wp-json\/wp\/v2\/product_cat?post=17205"},{"taxonomy":"product_tag","embeddable":true,"href":"https:\/\/akerkimya.com\/eticaret\/wp-json\/wp\/v2\/product_tag?post=17205"}],"curies":[{"name":"wp","href":"https:\/\/api.w.org\/{rel}","templated":true}]}}