{"id":17218,"date":"2025-01-02T15:52:56","date_gmt":"2025-01-02T12:52:56","guid":{"rendered":"https:\/\/akerkimya.com\/eticaret\/?post_type=product&#038;p=17218"},"modified":"2026-03-30T02:24:08","modified_gmt":"2026-03-29T23:24:08","slug":"sta-257-akrilik","status":"publish","type":"product","link":"https:\/\/akerkimya.com\/eticaret\/urun\/sta-257-akrilik\/","title":{"rendered":"STA 257 AKR\u0130L\u0130K"},"content":{"rendered":"<h1>STA 257 AKR\u0130L\u0130K<\/h1>\n<p><strong>Arakril STA 257, \u00a0\u00e7imento esasl\u0131 \u00e7ift kompenantl\u0131 su yal\u0131t\u0131m malzemelerinde kullan\u0131lan esnek stiren-akrilik ba\u011flay\u0131c\u0131d\u0131r.<\/strong><\/p>\n<p><strong>STA 257 AKR\u0130L\u0130K \u00d6ZELL\u0130KLER\u0130<\/strong><strong><br \/>\n<\/strong><strong>Y\u00fcksek yap\u0131\u015fma ve ovalama direncine sahiptir.<\/strong><strong><br \/>\n<\/strong><strong>Suya kar\u015f\u0131 dayan\u0131kl\u0131d\u0131r.<\/strong><strong><br \/>\n<\/strong><strong>Y\u00fcksek ba\u011flama derecesi ve iyi derecede esnekli\u011fi vard\u0131r.<\/strong><strong><br \/>\n<\/strong><strong>\u00a0<\/strong><\/p>\n<p><strong>STA 257 AKR\u0130L\u0130K TEKN\u0130K \u00d6ZELL\u0130KLER<\/strong><strong><br \/>\n<\/strong><strong>KATI MADDELER: 57.0<\/strong><strong><br \/>\n<\/strong><strong>PH: 0.7-0.9<\/strong><strong><br \/>\n<\/strong><strong>V\u0130SCOS\u0130TY:500-1500<\/strong><strong><br \/>\n<\/strong><strong>\u00a0<\/strong><\/p>\n<p><strong>STA 257 AKR\u0130L\u0130K\u00a0 KULLANIM ALANLARI<\/strong><strong><br \/>\n<\/strong><strong>Seramik yap\u0131\u015ft\u0131r\u0131c\u0131larda kullan\u0131l\u0131r.<\/strong><strong><br \/>\n<\/strong><strong>\u00c7ift bile\u015fenli yal\u0131t\u0131m malzemelerinde kullan\u0131l\u0131r.<\/strong><strong><br \/>\n<\/strong><strong>\u00c7imento esasl\u0131 yap\u0131 kimyasallar\u0131nda kullan\u0131l\u0131r.<\/strong><strong><br \/>\n<\/strong><strong>\u00c7at\u0131 kaplama sistemlerinde kullan\u0131l\u0131r.<\/strong><strong><br \/>\n<\/strong><strong>Suya kar\u015f\u0131 dayan\u0131kl\u0131 oldu\u011fundan i\u00e7-d\u0131\u015f kaplamalarda kullan\u0131l\u0131r.<\/strong><strong><br \/>\n<\/strong><strong>\u00c7atlak doldurma i\u015flemlerinde kullan\u0131l\u0131r.<\/strong><\/p>\n<p><strong>AMBALAJ <\/strong><\/p>\n<p><strong>1-5-10-30 kg bidonlar, 170 kg variller ve 1050 kg \u0131bc halinde <\/strong><\/p>\n<p><strong>\u00a0<\/strong><\/p>\n<p><strong>DEPOLAMA <\/strong><\/p>\n<p><strong>Serin ve nem olmayan yerde kapal\u0131 ambalajlarda muhafaza edilmelidir. <\/strong><\/p>\n","protected":false},"excerpt":{"rendered":"<p>STA 257 AKR\u0130L\u0130K Arakril STA 257, \u00a0\u00e7imento esasl\u0131 \u00e7ift kompenantl\u0131 su yal\u0131t\u0131m malzemelerinde kullan\u0131lan esnek stiren-akrilik ba\u011flay\u0131c\u0131d\u0131r. STA 257 AKR\u0130L\u0130K<\/p>\n","protected":false},"featured_media":17227,"comment_status":"open","ping_status":"closed","template":"","meta":{"_joinchat":[]},"product_cat":[70,72],"product_tag":[],"class_list":{"0":"post-17218","1":"product","2":"type-product","3":"status-publish","4":"has-post-thumbnail","6":"product_cat-boya-ve-yapi-kimyasallar","7":"product_cat-cam-ve-seramik-kimyasallari","9":"first","10":"instock","11":"shipping-taxable","12":"purchasable","13":"product-type-variable"},"yoast_head":"<!-- This site is optimized with the Yoast SEO Premium plugin v20.2.1 (Yoast SEO v20.2.1) - https:\/\/yoast.com\/wordpress\/plugins\/seo\/ -->\n<title>STA 257 AKR\u0130L\u0130K - Akerkimya<\/title>\n<meta name=\"robots\" content=\"index, follow, max-snippet:-1, max-image-preview:large, max-video-preview:-1\" \/>\n<link rel=\"canonical\" href=\"https:\/\/akerkimya.com\/eticaret\/urun\/sta-257-akrilik\/\" \/>\n<meta property=\"og:locale\" content=\"tr_TR\" \/>\n<meta property=\"og:type\" content=\"article\" \/>\n<meta property=\"og:title\" content=\"STA 257 AKR\u0130L\u0130K\" \/>\n<meta property=\"og:description\" content=\"STA 257 AKR\u0130L\u0130K Arakril STA 257, \u00a0\u00e7imento esasl\u0131 \u00e7ift kompenantl\u0131 su yal\u0131t\u0131m malzemelerinde kullan\u0131lan esnek stiren-akrilik ba\u011flay\u0131c\u0131d\u0131r. STA 257 AKR\u0130L\u0130K\" \/>\n<meta property=\"og:url\" content=\"https:\/\/akerkimya.com\/eticaret\/urun\/sta-257-akrilik\/\" \/>\n<meta property=\"og:site_name\" content=\"Akerkimya\" \/>\n<meta property=\"article:modified_time\" content=\"2026-03-29T23:24:08+00:00\" \/>\n<meta property=\"og:image\" content=\"https:\/\/akerkimya.com\/eticaret\/wp-content\/uploads\/2025\/01\/STA-257-GUNCEL-.png\" \/>\n\t<meta property=\"og:image:width\" content=\"1000\" \/>\n\t<meta property=\"og:image:height\" content=\"1000\" \/>\n\t<meta property=\"og:image:type\" content=\"image\/png\" \/>\n<meta name=\"twitter:card\" content=\"summary_large_image\" \/>\n<meta name=\"twitter:label1\" content=\"Tahmini okuma s\u00fcresi\" \/>\n\t<meta name=\"twitter:data1\" content=\"1 dakika\" \/>\n<script type=\"application\/ld+json\" class=\"yoast-schema-graph\">{\"@context\":\"https:\/\/schema.org\",\"@graph\":[{\"@type\":\"WebPage\",\"@id\":\"https:\/\/akerkimya.com\/eticaret\/urun\/sta-257-akrilik\/\",\"url\":\"https:\/\/akerkimya.com\/eticaret\/urun\/sta-257-akrilik\/\",\"name\":\"STA 257 AKR\u0130L\u0130K - Akerkimya\",\"isPartOf\":{\"@id\":\"https:\/\/akerkimya.com\/eticaret\/#website\"},\"datePublished\":\"2025-01-02T12:52:56+00:00\",\"dateModified\":\"2026-03-29T23:24:08+00:00\",\"breadcrumb\":{\"@id\":\"https:\/\/akerkimya.com\/eticaret\/urun\/sta-257-akrilik\/#breadcrumb\"},\"inLanguage\":\"tr\",\"potentialAction\":[{\"@type\":\"ReadAction\",\"target\":[\"https:\/\/akerkimya.com\/eticaret\/urun\/sta-257-akrilik\/\"]}]},{\"@type\":\"BreadcrumbList\",\"@id\":\"https:\/\/akerkimya.com\/eticaret\/urun\/sta-257-akrilik\/#breadcrumb\",\"itemListElement\":[{\"@type\":\"ListItem\",\"position\":1,\"name\":\"Home\",\"item\":\"https:\/\/akerkimya.com\/eticaret\/\"},{\"@type\":\"ListItem\",\"position\":2,\"name\":\"Market\",\"item\":\"https:\/\/akerkimya.com\/eticaret\/market\/\"},{\"@type\":\"ListItem\",\"position\":3,\"name\":\"STA 257 AKR\u0130L\u0130K\"}]},{\"@type\":\"WebSite\",\"@id\":\"https:\/\/akerkimya.com\/eticaret\/#website\",\"url\":\"https:\/\/akerkimya.com\/eticaret\/\",\"name\":\"Akerkimya\",\"description\":\"\",\"potentialAction\":[{\"@type\":\"SearchAction\",\"target\":{\"@type\":\"EntryPoint\",\"urlTemplate\":\"https:\/\/akerkimya.com\/eticaret\/?s={search_term_string}\"},\"query-input\":\"required name=search_term_string\"}],\"inLanguage\":\"tr\"}]}<\/script>\n<!-- \/ Yoast SEO Premium plugin. -->","yoast_head_json":{"title":"STA 257 AKR\u0130L\u0130K - Akerkimya","robots":{"index":"index","follow":"follow","max-snippet":"max-snippet:-1","max-image-preview":"max-image-preview:large","max-video-preview":"max-video-preview:-1"},"canonical":"https:\/\/akerkimya.com\/eticaret\/urun\/sta-257-akrilik\/","og_locale":"tr_TR","og_type":"article","og_title":"STA 257 AKR\u0130L\u0130K","og_description":"STA 257 AKR\u0130L\u0130K Arakril STA 257, \u00a0\u00e7imento esasl\u0131 \u00e7ift kompenantl\u0131 su yal\u0131t\u0131m malzemelerinde kullan\u0131lan esnek stiren-akrilik ba\u011flay\u0131c\u0131d\u0131r. STA 257 AKR\u0130L\u0130K","og_url":"https:\/\/akerkimya.com\/eticaret\/urun\/sta-257-akrilik\/","og_site_name":"Akerkimya","article_modified_time":"2026-03-29T23:24:08+00:00","og_image":[{"width":1000,"height":1000,"url":"https:\/\/akerkimya.com\/eticaret\/wp-content\/uploads\/2025\/01\/STA-257-GUNCEL-.png","type":"image\/png"}],"twitter_card":"summary_large_image","twitter_misc":{"Tahmini okuma s\u00fcresi":"1 dakika"},"schema":{"@context":"https:\/\/schema.org","@graph":[{"@type":"WebPage","@id":"https:\/\/akerkimya.com\/eticaret\/urun\/sta-257-akrilik\/","url":"https:\/\/akerkimya.com\/eticaret\/urun\/sta-257-akrilik\/","name":"STA 257 AKR\u0130L\u0130K - Akerkimya","isPartOf":{"@id":"https:\/\/akerkimya.com\/eticaret\/#website"},"datePublished":"2025-01-02T12:52:56+00:00","dateModified":"2026-03-29T23:24:08+00:00","breadcrumb":{"@id":"https:\/\/akerkimya.com\/eticaret\/urun\/sta-257-akrilik\/#breadcrumb"},"inLanguage":"tr","potentialAction":[{"@type":"ReadAction","target":["https:\/\/akerkimya.com\/eticaret\/urun\/sta-257-akrilik\/"]}]},{"@type":"BreadcrumbList","@id":"https:\/\/akerkimya.com\/eticaret\/urun\/sta-257-akrilik\/#breadcrumb","itemListElement":[{"@type":"ListItem","position":1,"name":"Home","item":"https:\/\/akerkimya.com\/eticaret\/"},{"@type":"ListItem","position":2,"name":"Market","item":"https:\/\/akerkimya.com\/eticaret\/market\/"},{"@type":"ListItem","position":3,"name":"STA 257 AKR\u0130L\u0130K"}]},{"@type":"WebSite","@id":"https:\/\/akerkimya.com\/eticaret\/#website","url":"https:\/\/akerkimya.com\/eticaret\/","name":"Akerkimya","description":"","potentialAction":[{"@type":"SearchAction","target":{"@type":"EntryPoint","urlTemplate":"https:\/\/akerkimya.com\/eticaret\/?s={search_term_string}"},"query-input":"required name=search_term_string"}],"inLanguage":"tr"}]}},"_links":{"self":[{"href":"https:\/\/akerkimya.com\/eticaret\/wp-json\/wp\/v2\/product\/17218","targetHints":{"allow":["GET"]}}],"collection":[{"href":"https:\/\/akerkimya.com\/eticaret\/wp-json\/wp\/v2\/product"}],"about":[{"href":"https:\/\/akerkimya.com\/eticaret\/wp-json\/wp\/v2\/types\/product"}],"replies":[{"embeddable":true,"href":"https:\/\/akerkimya.com\/eticaret\/wp-json\/wp\/v2\/comments?post=17218"}],"version-history":[{"count":1,"href":"https:\/\/akerkimya.com\/eticaret\/wp-json\/wp\/v2\/product\/17218\/revisions"}],"predecessor-version":[{"id":17225,"href":"https:\/\/akerkimya.com\/eticaret\/wp-json\/wp\/v2\/product\/17218\/revisions\/17225"}],"wp:featuredmedia":[{"embeddable":true,"href":"https:\/\/akerkimya.com\/eticaret\/wp-json\/wp\/v2\/media\/17227"}],"wp:attachment":[{"href":"https:\/\/akerkimya.com\/eticaret\/wp-json\/wp\/v2\/media?parent=17218"}],"wp:term":[{"taxonomy":"product_cat","embeddable":true,"href":"https:\/\/akerkimya.com\/eticaret\/wp-json\/wp\/v2\/product_cat?post=17218"},{"taxonomy":"product_tag","embeddable":true,"href":"https:\/\/akerkimya.com\/eticaret\/wp-json\/wp\/v2\/product_tag?post=17218"}],"curies":[{"name":"wp","href":"https:\/\/api.w.org\/{rel}","templated":true}]}}