{"id":17226,"date":"2025-01-02T16:08:34","date_gmt":"2025-01-02T13:08:34","guid":{"rendered":"https:\/\/akerkimya.com\/eticaret\/?post_type=product&#038;p=17226"},"modified":"2026-05-08T16:17:23","modified_gmt":"2026-05-08T13:17:23","slug":"sta-565-akrilik","status":"publish","type":"product","link":"https:\/\/akerkimya.com\/eticaret\/urun\/sta-565-akrilik\/","title":{"rendered":"STA 565 AKR\u0130L\u0130K"},"content":{"rendered":"<h1>STA 565 AKR\u0130L\u0130K<\/h1>\n<p><strong>STA 565 akrilik, y\u00fcksek dolguya uygun esnek ba\u011flay\u0131c\u0131 bir malzemedir.<\/strong><br \/>\n<strong>STA 565 AKR\u0130L\u0130K \u00d6ZELL\u0130KLER\u0130<\/strong><\/p>\n<p><strong>Esnek bir yap\u0131ya sahiptir.<\/strong><\/p>\n<p><strong>Akrilik kopolimer em\u00fclsiyondur.<\/strong><\/p>\n<p><strong>Y\u00fcksek \u00e7ekme dayan\u0131m\u0131na sahiptir.<\/strong><\/p>\n<p><strong>\u00dcst\u00fcn performansl\u0131 yap\u0131\u015fma ve su direnci g\u00f6sterir.<\/strong><\/p>\n<p><strong>STA 565 AKR\u0130L\u0130K TEKN\u0130K \u00d6ZELL\u0130KLER<\/strong><\/p>\n<p><strong>K\u0130MYASAL B\u0130LE\u015e\u0130M: S\/AC<\/strong><\/p>\n<p><strong>PH:8,0<\/strong><\/p>\n<p><strong>V\u0130SCOS\u0130TY: 4000-11000<\/strong><\/p>\n<p><strong>RENK: Beyaz<\/strong><\/p>\n<p><strong>\u00a0<\/strong><\/p>\n<p><strong>STA 565 AKR\u0130L\u0130K KULLANIM ALANLARI<\/strong><\/p>\n<p><strong>Kiremitlerde, hidrolik kire\u00e7li har\u00e7larda, su ge\u00e7irmez iki bile\u015fenli yap\u0131\u015ft\u0131r\u0131c\u0131 har\u00e7larda ve \u00e7imento i\u00e7eren esnek yal\u0131t\u0131m tabakalar\u0131nda kullan\u0131lmak \u00fczere tasarlanm\u0131\u015ft\u0131r.<\/strong><\/p>\n<p><strong>\u00c7atlaklar ve esnek tabakalar \u00fczerinde kullan\u0131l\u0131r.<\/strong><\/p>\n<p><strong>D\u00fcz \u00e7at\u0131larda k\u00f6pr\u00fc olu\u015fturmak i\u00e7in kullan\u0131labilir.<\/strong><\/p>\n<p><strong>D\u0131\u015f cephe ve nem bariyeri kaplamalar\u0131nda kullan\u0131l\u0131r.<\/strong><\/p>\n<p><strong>\u0130n\u015faat ve yap\u0131 malzemelerinde esnek ba\u011flay\u0131c\u0131 olarak kullan\u0131l\u0131r.<\/strong><\/p>\n<p><strong>S\u0131va, al\u00e7\u0131, dolgu ve \u00e7imento bazl\u0131 kaplama malzemelerinde kullan\u0131l\u0131r.<\/strong><\/p>\n<p><strong>Akrilik esasl\u0131 boyalarda ve su izolasyon malzemelerinde kullan\u0131l\u0131r.<\/strong><\/p>\n<p><strong>\u00a0<\/strong><\/p>\n<p><strong>AMBALAJ <\/strong><\/p>\n<p><strong>1-5-10-30 kg bidonlar, 170 kg variller ve 1050 kg \u0131bc halinde <\/strong><\/p>\n<p><strong>\u00a0<\/strong><\/p>\n<p><strong>DEPOLAMA <\/strong><\/p>\n<p><strong>Serin ve nem olmayan yerde kapal\u0131 ambalajlarda muhafaza edilmelidir. <\/strong><\/p>\n<p><strong>\u00a0<\/strong><\/p>\n","protected":false},"excerpt":{"rendered":"<p>STA 565 AKR\u0130L\u0130K STA 565 akrilik, y\u00fcksek dolguya uygun esnek ba\u011flay\u0131c\u0131 bir malzemedir. STA 565 AKR\u0130L\u0130K \u00d6ZELL\u0130KLER\u0130 Esnek bir yap\u0131ya<\/p>\n","protected":false},"featured_media":17228,"comment_status":"open","ping_status":"closed","template":"","meta":{"_joinchat":[]},"product_cat":[70],"product_tag":[],"class_list":{"0":"post-17226","1":"product","2":"type-product","3":"status-publish","4":"has-post-thumbnail","6":"product_cat-boya-ve-yapi-kimyasallar","8":"first","9":"instock","10":"shipping-taxable","11":"purchasable","12":"product-type-variable"},"yoast_head":"<!-- This site is optimized with the Yoast SEO Premium plugin v20.2.1 (Yoast SEO v20.2.1) - https:\/\/yoast.com\/wordpress\/plugins\/seo\/ -->\n<title>STA 565 AKR\u0130L\u0130K - Akerkimya<\/title>\n<meta name=\"robots\" content=\"index, follow, max-snippet:-1, max-image-preview:large, max-video-preview:-1\" \/>\n<link rel=\"canonical\" href=\"https:\/\/akerkimya.com\/eticaret\/urun\/sta-565-akrilik\/\" \/>\n<meta property=\"og:locale\" content=\"tr_TR\" \/>\n<meta property=\"og:type\" content=\"article\" \/>\n<meta property=\"og:title\" content=\"STA 565 AKR\u0130L\u0130K\" \/>\n<meta property=\"og:description\" content=\"STA 565 AKR\u0130L\u0130K STA 565 akrilik, y\u00fcksek dolguya uygun esnek ba\u011flay\u0131c\u0131 bir malzemedir. STA 565 AKR\u0130L\u0130K \u00d6ZELL\u0130KLER\u0130 Esnek bir yap\u0131ya\" \/>\n<meta property=\"og:url\" content=\"https:\/\/akerkimya.com\/eticaret\/urun\/sta-565-akrilik\/\" \/>\n<meta property=\"og:site_name\" content=\"Akerkimya\" \/>\n<meta property=\"article:modified_time\" content=\"2026-05-08T13:17:23+00:00\" \/>\n<meta property=\"og:image\" content=\"https:\/\/akerkimya.com\/eticaret\/wp-content\/uploads\/2025\/01\/STA-565-GUNCEL-.png\" \/>\n\t<meta property=\"og:image:width\" content=\"1000\" \/>\n\t<meta property=\"og:image:height\" content=\"1000\" \/>\n\t<meta property=\"og:image:type\" content=\"image\/png\" \/>\n<meta name=\"twitter:card\" content=\"summary_large_image\" \/>\n<meta name=\"twitter:label1\" content=\"Tahmini okuma s\u00fcresi\" \/>\n\t<meta name=\"twitter:data1\" content=\"1 dakika\" \/>\n<script type=\"application\/ld+json\" class=\"yoast-schema-graph\">{\"@context\":\"https:\/\/schema.org\",\"@graph\":[{\"@type\":\"WebPage\",\"@id\":\"https:\/\/akerkimya.com\/eticaret\/urun\/sta-565-akrilik\/\",\"url\":\"https:\/\/akerkimya.com\/eticaret\/urun\/sta-565-akrilik\/\",\"name\":\"STA 565 AKR\u0130L\u0130K - Akerkimya\",\"isPartOf\":{\"@id\":\"https:\/\/akerkimya.com\/eticaret\/#website\"},\"datePublished\":\"2025-01-02T13:08:34+00:00\",\"dateModified\":\"2026-05-08T13:17:23+00:00\",\"breadcrumb\":{\"@id\":\"https:\/\/akerkimya.com\/eticaret\/urun\/sta-565-akrilik\/#breadcrumb\"},\"inLanguage\":\"tr\",\"potentialAction\":[{\"@type\":\"ReadAction\",\"target\":[\"https:\/\/akerkimya.com\/eticaret\/urun\/sta-565-akrilik\/\"]}]},{\"@type\":\"BreadcrumbList\",\"@id\":\"https:\/\/akerkimya.com\/eticaret\/urun\/sta-565-akrilik\/#breadcrumb\",\"itemListElement\":[{\"@type\":\"ListItem\",\"position\":1,\"name\":\"Home\",\"item\":\"https:\/\/akerkimya.com\/eticaret\/\"},{\"@type\":\"ListItem\",\"position\":2,\"name\":\"Market\",\"item\":\"https:\/\/akerkimya.com\/eticaret\/market\/\"},{\"@type\":\"ListItem\",\"position\":3,\"name\":\"STA 565 AKR\u0130L\u0130K\"}]},{\"@type\":\"WebSite\",\"@id\":\"https:\/\/akerkimya.com\/eticaret\/#website\",\"url\":\"https:\/\/akerkimya.com\/eticaret\/\",\"name\":\"Akerkimya\",\"description\":\"\",\"potentialAction\":[{\"@type\":\"SearchAction\",\"target\":{\"@type\":\"EntryPoint\",\"urlTemplate\":\"https:\/\/akerkimya.com\/eticaret\/?s={search_term_string}\"},\"query-input\":\"required name=search_term_string\"}],\"inLanguage\":\"tr\"}]}<\/script>\n<!-- \/ Yoast SEO Premium plugin. -->","yoast_head_json":{"title":"STA 565 AKR\u0130L\u0130K - Akerkimya","robots":{"index":"index","follow":"follow","max-snippet":"max-snippet:-1","max-image-preview":"max-image-preview:large","max-video-preview":"max-video-preview:-1"},"canonical":"https:\/\/akerkimya.com\/eticaret\/urun\/sta-565-akrilik\/","og_locale":"tr_TR","og_type":"article","og_title":"STA 565 AKR\u0130L\u0130K","og_description":"STA 565 AKR\u0130L\u0130K STA 565 akrilik, y\u00fcksek dolguya uygun esnek ba\u011flay\u0131c\u0131 bir malzemedir. STA 565 AKR\u0130L\u0130K \u00d6ZELL\u0130KLER\u0130 Esnek bir yap\u0131ya","og_url":"https:\/\/akerkimya.com\/eticaret\/urun\/sta-565-akrilik\/","og_site_name":"Akerkimya","article_modified_time":"2026-05-08T13:17:23+00:00","og_image":[{"width":1000,"height":1000,"url":"https:\/\/akerkimya.com\/eticaret\/wp-content\/uploads\/2025\/01\/STA-565-GUNCEL-.png","type":"image\/png"}],"twitter_card":"summary_large_image","twitter_misc":{"Tahmini okuma s\u00fcresi":"1 dakika"},"schema":{"@context":"https:\/\/schema.org","@graph":[{"@type":"WebPage","@id":"https:\/\/akerkimya.com\/eticaret\/urun\/sta-565-akrilik\/","url":"https:\/\/akerkimya.com\/eticaret\/urun\/sta-565-akrilik\/","name":"STA 565 AKR\u0130L\u0130K - Akerkimya","isPartOf":{"@id":"https:\/\/akerkimya.com\/eticaret\/#website"},"datePublished":"2025-01-02T13:08:34+00:00","dateModified":"2026-05-08T13:17:23+00:00","breadcrumb":{"@id":"https:\/\/akerkimya.com\/eticaret\/urun\/sta-565-akrilik\/#breadcrumb"},"inLanguage":"tr","potentialAction":[{"@type":"ReadAction","target":["https:\/\/akerkimya.com\/eticaret\/urun\/sta-565-akrilik\/"]}]},{"@type":"BreadcrumbList","@id":"https:\/\/akerkimya.com\/eticaret\/urun\/sta-565-akrilik\/#breadcrumb","itemListElement":[{"@type":"ListItem","position":1,"name":"Home","item":"https:\/\/akerkimya.com\/eticaret\/"},{"@type":"ListItem","position":2,"name":"Market","item":"https:\/\/akerkimya.com\/eticaret\/market\/"},{"@type":"ListItem","position":3,"name":"STA 565 AKR\u0130L\u0130K"}]},{"@type":"WebSite","@id":"https:\/\/akerkimya.com\/eticaret\/#website","url":"https:\/\/akerkimya.com\/eticaret\/","name":"Akerkimya","description":"","potentialAction":[{"@type":"SearchAction","target":{"@type":"EntryPoint","urlTemplate":"https:\/\/akerkimya.com\/eticaret\/?s={search_term_string}"},"query-input":"required name=search_term_string"}],"inLanguage":"tr"}]}},"_links":{"self":[{"href":"https:\/\/akerkimya.com\/eticaret\/wp-json\/wp\/v2\/product\/17226","targetHints":{"allow":["GET"]}}],"collection":[{"href":"https:\/\/akerkimya.com\/eticaret\/wp-json\/wp\/v2\/product"}],"about":[{"href":"https:\/\/akerkimya.com\/eticaret\/wp-json\/wp\/v2\/types\/product"}],"replies":[{"embeddable":true,"href":"https:\/\/akerkimya.com\/eticaret\/wp-json\/wp\/v2\/comments?post=17226"}],"version-history":[{"count":2,"href":"https:\/\/akerkimya.com\/eticaret\/wp-json\/wp\/v2\/product\/17226\/revisions"}],"predecessor-version":[{"id":19151,"href":"https:\/\/akerkimya.com\/eticaret\/wp-json\/wp\/v2\/product\/17226\/revisions\/19151"}],"wp:featuredmedia":[{"embeddable":true,"href":"https:\/\/akerkimya.com\/eticaret\/wp-json\/wp\/v2\/media\/17228"}],"wp:attachment":[{"href":"https:\/\/akerkimya.com\/eticaret\/wp-json\/wp\/v2\/media?parent=17226"}],"wp:term":[{"taxonomy":"product_cat","embeddable":true,"href":"https:\/\/akerkimya.com\/eticaret\/wp-json\/wp\/v2\/product_cat?post=17226"},{"taxonomy":"product_tag","embeddable":true,"href":"https:\/\/akerkimya.com\/eticaret\/wp-json\/wp\/v2\/product_tag?post=17226"}],"curies":[{"name":"wp","href":"https:\/\/api.w.org\/{rel}","templated":true}]}}