{"id":17248,"date":"2025-01-02T16:21:20","date_gmt":"2025-01-02T13:21:20","guid":{"rendered":"https:\/\/akerkimya.com\/eticaret\/?post_type=product&#038;p=17248"},"modified":"2026-03-30T02:24:08","modified_gmt":"2026-03-29T23:24:08","slug":"sulfamik-asit","status":"publish","type":"product","link":"https:\/\/akerkimya.com\/eticaret\/urun\/sulfamik-asit\/","title":{"rendered":"S\u00dcLFAM\u0130K AS\u0130T"},"content":{"rendered":"<h1>S\u00dcLFAM\u0130K AS\u0130T <\/h1>\n<p><strong>S\u00fclfamik Asit, H3NSO3S form\u00fcl\u00fcne sahip tek bir k\u00fck\u00fcrt atomundan olu\u015fan kimyasal bir bile\u015fiktir. S\u00fclfamik asitlerin en basit formudur. S\u00fclfamik asit \u00e7\u00f6zeltileri di\u011fer mineral asitlerine g\u00f6re metallere kar\u015f\u0131 daha az koroziftir. Oda s\u0131cakl\u0131\u011f\u0131nda sulu \u00e7\u00f6zeltileri kararl\u0131d\u0131r ancak s\u0131cakl\u0131k y\u00fckselmesiyle h\u0131zl\u0131 bir hidroliz meydana gelir. Kolay bir \u015fekilde s\u00fclfomat tuzlar\u0131 olu\u015fturma kabiliyeti y\u00fcksektir.<\/strong><\/p>\n<p><strong>\u00a0<\/strong><\/p>\n<p><strong>S\u00dcLFAM\u0130K AS\u0130T \u00d6ZELL\u0130KLER\u0130<\/strong><\/p>\n<p><strong>Fiziksel g\u00f6r\u00fcn\u00fcm\u00fc beyaz kristal toz \u015feklindedir.<\/strong><\/p>\n<p><strong>Kuvvetli bir asit olup, kuvvetlili\u011fi hidroklorik asit ve nitrik asit ile k\u0131yaslana bilmektedir.<\/strong><\/p>\n<p><strong>Bazlarla reaksiyona girmesi durumunda ekzotermik reaksiyon olu\u015fmaktad\u0131r.<\/strong><\/p>\n<p><strong>Su i\u00e7erisinde \u00e7\u00f6z\u00fcnmesi durumunda asidik ve a\u015f\u0131nd\u0131r\u0131c\u0131 \u00f6zellik sergilemektedir.<\/strong><\/p>\n<p><strong>U\u00e7ucu ve higroskopik de\u011fildir.<\/strong><\/p>\n<p><strong>Renksiz ve kokusuzdur.<\/strong><\/p>\n<p><strong>\u00a0<\/strong><\/p>\n<p><strong>TEKN\u0130K \u00d6ZELL\u0130KLER<\/strong><\/p>\n<p><strong>CAS NUMARASI: 5329-14-6<\/strong><\/p>\n<p><strong>EC NUMARASI: 226-218-8<\/strong><\/p>\n<p><strong>K\u0130MYASAL FORM\u00dcL: H3NSO3<\/strong><\/p>\n<p><strong>D\u0130\u011eER \u0130S\u0130MLER: Amidos\u00fclfonik asit, S\u00fclfamidik asit, S\u00fclfaramidik asit<\/strong><\/p>\n<p><strong>MOLAR K\u00dcTLE: 97.10 g\/mol<\/strong><\/p>\n<p><strong>YO\u011eUNLUK: 2.15 g\/cm\u00b3<\/strong><\/p>\n<p><strong>ER\u0130ME NOKTASI: 205 \u00b0C \u00e7\u00fcr\u00fcme.<\/strong><\/p>\n<p><strong>SUDA \u00c7\u00d6Z\u00dcN\u00dcRL\u00dcK: Orta, yava\u015f hidroliz ile<\/strong><\/p>\n<p><strong>AS\u0130TL\u0130K (pKa): 1.0<\/strong><\/p>\n<p><strong>\u00a0<\/strong><\/p>\n<p><strong>KULLANIM ALANLARI<\/strong><\/p>\n<p><strong>Yapay tatland\u0131r\u0131c\u0131 \u00fcretimleri i\u00e7in hammadde olarak kullan\u0131l\u0131r.<\/strong><\/p>\n<p><strong>Pigment boyar madde \u00fcretiminde nitrit diazotizasyonun uzakla\u015ft\u0131r\u0131lmas\u0131nda kullan\u0131l\u0131r.<\/strong><\/p>\n<p><strong>Kire\u00e7 ve pas s\u00f6k\u00fcc\u00fc \u00fcretimlerinde kullan\u0131l\u0131r.<\/strong><\/p>\n<p><strong>Elektro kaplama sekt\u00f6r\u00fcnde \u00e7ok kolay metal tuzlar\u0131 olu\u015fturmas\u0131 nedeniyle uygun bir kaplama kimyasald\u0131r.<\/strong><\/p>\n<p><strong>Aleve dayan\u0131kl\u0131 kumu\u015flar\u0131n imalat\u0131nda \u00f6nemli bir bile\u015fendir.<\/strong><\/p>\n<p><strong>Asidik boyalarla birlikte y\u00fcn boyama i\u015flemlerinde kullan\u0131lmaktad\u0131r.<\/strong><\/p>\n<p><strong>Ah\u015fap k\u00fcspelerin a\u011fart\u0131lmas\u0131 i\u00e7in s\u00fclfamik kullan\u0131l\u0131r. Bu alanda klor stabilizasyonu amac\u0131yla kullan\u0131lmaktad\u0131r.<\/strong><\/p>\n<p><strong>Ka\u011f\u0131t end\u00fcstrisinde klor stabilizasyon olarak kullan\u0131l\u0131r.<\/strong><\/p>\n<p><strong>Takma di\u015fleri temizlemekte kullan\u0131lan tabletlerde kullan\u0131lmaktad\u0131r.<\/strong><\/p>\n<p><strong>Tar\u0131m ila\u00e7lar\u0131nda kullan\u0131l\u0131r.<\/strong><\/p>\n<p><strong>Yanmaz k\u00e2\u011f\u0131t ve tuzlar\u0131n \u00fcretiminde kullan\u0131mlar\u0131 ger\u00e7ekle\u015ftirilmektedir.<\/strong><\/p>\n<p><strong>S\u00fclfamik asit en \u00e7ok metal ve seramik gibi y\u00fczeyleri temizlemede kullan\u0131lan temizlik maddelerinde bulunur.<\/strong><\/p>\n<p><strong>Sa\u011f\u0131m i\u015flemlerinde, bira, s\u00fct, \u015feker fabrikalar\u0131nda temizleyici maddedir.<\/strong><\/p>\n<p><strong>Boyama ve di\u011fer sistemler i\u00e7in ph ayarlay\u0131c\u0131 olarak kullan\u0131l\u0131r.<\/strong><\/p>\n<p><strong>Esterle\u015fme proseslerinde bir kataliz\u00f6r olarak kullan\u0131l\u0131r.<\/strong><\/p>\n<p><strong>S\u00fclfolama ve s\u00fclfatlama i\u015flemlerinde kullan\u0131l\u0131r.<\/strong><\/p>\n<p><strong>Galvanizleme ve elektro rafineri i\u015flemlerinde kullan\u0131l\u0131r.<\/strong><\/p>\n<p><strong>Yang\u0131n \u00f6nlem sistemlerinde kullan\u0131m\u0131 mevcuttur.<\/strong><\/p>\n<p><strong>Su i\u00e7erisinde \u00e7\u00f6z\u00fclerek tar\u0131m alan\u0131nda yabani otlar\u0131n \u00f6ld\u00fcr\u00fclmesi amac\u0131yla kullan\u0131l\u0131r.<\/strong><\/p>\n<p><strong>Pul giderici olarak kullan\u0131lmaktad\u0131r.<\/strong><\/p>\n<p><strong>\u00a0<\/strong><\/p>\n<p><strong>AMBALAJ <\/strong><\/p>\n<p><strong>1-5-25 kg torbalar halinde <\/strong><\/p>\n<p><strong>DEPOLAMA<\/strong><\/p>\n<p><strong>Do\u011frudan g\u00fcne\u015f g\u00f6rmeyen ve nem bulunmayan ortamda depolanmal\u0131d\u0131r.<\/strong><\/p>\n<p><strong>Kullan\u0131ld\u0131ktan sonra torba a\u011fz\u0131 a\u00e7\u0131k b\u0131rak\u0131lmamal\u0131d\u0131r.<\/strong><\/p>\n<p><strong>\u00a0<\/strong><\/p>\n<p><strong>\u00a0<\/strong><\/p>\n<p><strong>\u00a0<\/strong><\/p>\n","protected":false},"excerpt":{"rendered":"<p>S\u00dcLFAM\u0130K AS\u0130T S\u00fclfamik Asit, H3NSO3S form\u00fcl\u00fcne sahip tek bir k\u00fck\u00fcrt atomundan olu\u015fan kimyasal bir bile\u015fiktir. S\u00fclfamik asitlerin en basit formudur.<\/p>\n","protected":false},"featured_media":17249,"comment_status":"open","ping_status":"closed","template":"","meta":{"_joinchat":[]},"product_cat":[70,73,74,76,77,79],"product_tag":[],"class_list":{"0":"post-17248","1":"product","2":"type-product","3":"status-publish","4":"has-post-thumbnail","6":"product_cat-boya-ve-yapi-kimyasallar","7":"product_cat-deri-ve-tekstil-kimyasallari","8":"product_cat-deterjan-ve-kozmetik-kimyasallari","9":"product_cat-gida-ve-katki-kimyasallari","10":"product_cat-kablo-imalati-kimyasallari","11":"product_cat-tarim-kimyasallari","13":"first","14":"instock","15":"shipping-taxable","16":"purchasable","17":"product-type-variable"},"yoast_head":"<!-- This site is optimized with the Yoast SEO Premium plugin v20.2.1 (Yoast SEO v20.2.1) - https:\/\/yoast.com\/wordpress\/plugins\/seo\/ -->\n<title>S\u00dcLFAM\u0130K AS\u0130T - Akerkimya<\/title>\n<meta name=\"robots\" content=\"index, follow, max-snippet:-1, max-image-preview:large, max-video-preview:-1\" \/>\n<link rel=\"canonical\" href=\"https:\/\/akerkimya.com\/eticaret\/urun\/sulfamik-asit\/\" \/>\n<meta property=\"og:locale\" content=\"tr_TR\" \/>\n<meta property=\"og:type\" content=\"article\" \/>\n<meta property=\"og:title\" content=\"S\u00dcLFAM\u0130K AS\u0130T\" \/>\n<meta property=\"og:description\" content=\"S\u00dcLFAM\u0130K AS\u0130T S\u00fclfamik Asit, H3NSO3S form\u00fcl\u00fcne sahip tek bir k\u00fck\u00fcrt atomundan olu\u015fan kimyasal bir bile\u015fiktir. S\u00fclfamik asitlerin en basit formudur.\" \/>\n<meta property=\"og:url\" content=\"https:\/\/akerkimya.com\/eticaret\/urun\/sulfamik-asit\/\" \/>\n<meta property=\"og:site_name\" content=\"Akerkimya\" \/>\n<meta property=\"article:modified_time\" content=\"2026-03-29T23:24:08+00:00\" \/>\n<meta property=\"og:image\" content=\"https:\/\/akerkimya.com\/eticaret\/wp-content\/uploads\/2025\/01\/SULFAMIK-ASIT-GUNCEL-.png\" \/>\n\t<meta property=\"og:image:width\" content=\"1000\" \/>\n\t<meta property=\"og:image:height\" content=\"1000\" \/>\n\t<meta property=\"og:image:type\" content=\"image\/png\" \/>\n<meta name=\"twitter:card\" content=\"summary_large_image\" \/>\n<meta name=\"twitter:label1\" content=\"Tahmini okuma s\u00fcresi\" \/>\n\t<meta name=\"twitter:data1\" content=\"2 dakika\" \/>\n<script type=\"application\/ld+json\" class=\"yoast-schema-graph\">{\"@context\":\"https:\/\/schema.org\",\"@graph\":[{\"@type\":\"WebPage\",\"@id\":\"https:\/\/akerkimya.com\/eticaret\/urun\/sulfamik-asit\/\",\"url\":\"https:\/\/akerkimya.com\/eticaret\/urun\/sulfamik-asit\/\",\"name\":\"S\u00dcLFAM\u0130K AS\u0130T - Akerkimya\",\"isPartOf\":{\"@id\":\"https:\/\/akerkimya.com\/eticaret\/#website\"},\"datePublished\":\"2025-01-02T13:21:20+00:00\",\"dateModified\":\"2026-03-29T23:24:08+00:00\",\"breadcrumb\":{\"@id\":\"https:\/\/akerkimya.com\/eticaret\/urun\/sulfamik-asit\/#breadcrumb\"},\"inLanguage\":\"tr\",\"potentialAction\":[{\"@type\":\"ReadAction\",\"target\":[\"https:\/\/akerkimya.com\/eticaret\/urun\/sulfamik-asit\/\"]}]},{\"@type\":\"BreadcrumbList\",\"@id\":\"https:\/\/akerkimya.com\/eticaret\/urun\/sulfamik-asit\/#breadcrumb\",\"itemListElement\":[{\"@type\":\"ListItem\",\"position\":1,\"name\":\"Home\",\"item\":\"https:\/\/akerkimya.com\/eticaret\/\"},{\"@type\":\"ListItem\",\"position\":2,\"name\":\"Market\",\"item\":\"https:\/\/akerkimya.com\/eticaret\/market\/\"},{\"@type\":\"ListItem\",\"position\":3,\"name\":\"S\u00dcLFAM\u0130K AS\u0130T\"}]},{\"@type\":\"WebSite\",\"@id\":\"https:\/\/akerkimya.com\/eticaret\/#website\",\"url\":\"https:\/\/akerkimya.com\/eticaret\/\",\"name\":\"Akerkimya\",\"description\":\"\",\"potentialAction\":[{\"@type\":\"SearchAction\",\"target\":{\"@type\":\"EntryPoint\",\"urlTemplate\":\"https:\/\/akerkimya.com\/eticaret\/?s={search_term_string}\"},\"query-input\":\"required name=search_term_string\"}],\"inLanguage\":\"tr\"}]}<\/script>\n<!-- \/ Yoast SEO Premium plugin. -->","yoast_head_json":{"title":"S\u00dcLFAM\u0130K AS\u0130T - Akerkimya","robots":{"index":"index","follow":"follow","max-snippet":"max-snippet:-1","max-image-preview":"max-image-preview:large","max-video-preview":"max-video-preview:-1"},"canonical":"https:\/\/akerkimya.com\/eticaret\/urun\/sulfamik-asit\/","og_locale":"tr_TR","og_type":"article","og_title":"S\u00dcLFAM\u0130K AS\u0130T","og_description":"S\u00dcLFAM\u0130K AS\u0130T S\u00fclfamik Asit, H3NSO3S form\u00fcl\u00fcne sahip tek bir k\u00fck\u00fcrt atomundan olu\u015fan kimyasal bir bile\u015fiktir. S\u00fclfamik asitlerin en basit formudur.","og_url":"https:\/\/akerkimya.com\/eticaret\/urun\/sulfamik-asit\/","og_site_name":"Akerkimya","article_modified_time":"2026-03-29T23:24:08+00:00","og_image":[{"width":1000,"height":1000,"url":"https:\/\/akerkimya.com\/eticaret\/wp-content\/uploads\/2025\/01\/SULFAMIK-ASIT-GUNCEL-.png","type":"image\/png"}],"twitter_card":"summary_large_image","twitter_misc":{"Tahmini okuma s\u00fcresi":"2 dakika"},"schema":{"@context":"https:\/\/schema.org","@graph":[{"@type":"WebPage","@id":"https:\/\/akerkimya.com\/eticaret\/urun\/sulfamik-asit\/","url":"https:\/\/akerkimya.com\/eticaret\/urun\/sulfamik-asit\/","name":"S\u00dcLFAM\u0130K AS\u0130T - Akerkimya","isPartOf":{"@id":"https:\/\/akerkimya.com\/eticaret\/#website"},"datePublished":"2025-01-02T13:21:20+00:00","dateModified":"2026-03-29T23:24:08+00:00","breadcrumb":{"@id":"https:\/\/akerkimya.com\/eticaret\/urun\/sulfamik-asit\/#breadcrumb"},"inLanguage":"tr","potentialAction":[{"@type":"ReadAction","target":["https:\/\/akerkimya.com\/eticaret\/urun\/sulfamik-asit\/"]}]},{"@type":"BreadcrumbList","@id":"https:\/\/akerkimya.com\/eticaret\/urun\/sulfamik-asit\/#breadcrumb","itemListElement":[{"@type":"ListItem","position":1,"name":"Home","item":"https:\/\/akerkimya.com\/eticaret\/"},{"@type":"ListItem","position":2,"name":"Market","item":"https:\/\/akerkimya.com\/eticaret\/market\/"},{"@type":"ListItem","position":3,"name":"S\u00dcLFAM\u0130K AS\u0130T"}]},{"@type":"WebSite","@id":"https:\/\/akerkimya.com\/eticaret\/#website","url":"https:\/\/akerkimya.com\/eticaret\/","name":"Akerkimya","description":"","potentialAction":[{"@type":"SearchAction","target":{"@type":"EntryPoint","urlTemplate":"https:\/\/akerkimya.com\/eticaret\/?s={search_term_string}"},"query-input":"required name=search_term_string"}],"inLanguage":"tr"}]}},"_links":{"self":[{"href":"https:\/\/akerkimya.com\/eticaret\/wp-json\/wp\/v2\/product\/17248","targetHints":{"allow":["GET"]}}],"collection":[{"href":"https:\/\/akerkimya.com\/eticaret\/wp-json\/wp\/v2\/product"}],"about":[{"href":"https:\/\/akerkimya.com\/eticaret\/wp-json\/wp\/v2\/types\/product"}],"replies":[{"embeddable":true,"href":"https:\/\/akerkimya.com\/eticaret\/wp-json\/wp\/v2\/comments?post=17248"}],"version-history":[{"count":1,"href":"https:\/\/akerkimya.com\/eticaret\/wp-json\/wp\/v2\/product\/17248\/revisions"}],"predecessor-version":[{"id":17253,"href":"https:\/\/akerkimya.com\/eticaret\/wp-json\/wp\/v2\/product\/17248\/revisions\/17253"}],"wp:featuredmedia":[{"embeddable":true,"href":"https:\/\/akerkimya.com\/eticaret\/wp-json\/wp\/v2\/media\/17249"}],"wp:attachment":[{"href":"https:\/\/akerkimya.com\/eticaret\/wp-json\/wp\/v2\/media?parent=17248"}],"wp:term":[{"taxonomy":"product_cat","embeddable":true,"href":"https:\/\/akerkimya.com\/eticaret\/wp-json\/wp\/v2\/product_cat?post=17248"},{"taxonomy":"product_tag","embeddable":true,"href":"https:\/\/akerkimya.com\/eticaret\/wp-json\/wp\/v2\/product_tag?post=17248"}],"curies":[{"name":"wp","href":"https:\/\/api.w.org\/{rel}","templated":true}]}}