{"id":17254,"date":"2025-01-02T16:24:26","date_gmt":"2025-01-02T13:24:26","guid":{"rendered":"https:\/\/akerkimya.com\/eticaret\/?post_type=product&#038;p=17254"},"modified":"2026-03-30T02:22:54","modified_gmt":"2026-03-29T23:22:54","slug":"super-akiskanlastirici","status":"publish","type":"product","link":"https:\/\/akerkimya.com\/eticaret\/urun\/super-akiskanlastirici\/","title":{"rendered":"S\u00dcPER AKI\u015eKANLA\u015eTIRICI"},"content":{"rendered":"<h1>S\u00dcPER AKI\u015eKANLA\u015eTIRICI<\/h1>\n<p><strong>Y\u00fcksek performansl\u0131 betonlarda\/prekast eleman \u00fcretiminde, erken ve son dayan\u0131m\u0131\u00a0artt\u0131ran, y\u00fcksek oranda su azalt\u0131c\u0131 s\u00fcper ak\u0131\u015fkanla\u015ft\u0131r\u0131c\u0131 beton katk\u0131s\u0131d\u0131r. Beton i\u00e7erisindeki \u00e7imentonun homojen da\u011f\u0131lmas\u0131n\u0131 sa\u011flayarak, betonun su gereksinimini \u00f6nemli oranda azaltarak betonun yo\u011funlu\u011funu ve su ge\u00e7irimsizli\u011fini artt\u0131r\u0131r. Ak\u0131\u015fkanla\u015ft\u0131r\u0131c\u0131, beton b\u00fcnyesindeki ince\/kal\u0131n agregalar\u0131n, \u00e7imentonun, mineral katk\u0131lar\u0131n m\u00fckemmel \u0131slanmas\u0131n\u0131 sa\u011flar. Bu sayede beton bas\u0131n\u00e7 dayan\u0131m\u0131n\u0131 ve betonun dayan\u0131kl\u0131l\u0131\u011f\u0131n\u0131 artt\u0131r\u0131r.<\/strong><\/p>\n<p><strong>EN 934-2 \u00c7izelge 11.1 Priz geciktirici \/ y\u00fcksek oranda su azalt\u0131c\u0131 \/ s\u00fcper ak\u0131\u015fkanla\u015ft\u0131r\u0131c\u0131 kimyasal katk\u0131lar i\u00e7in \u00f6zel gerekler ( (e\u015fit k\u0131vamda)<\/strong><\/p>\n<p><strong>\u00a0<\/strong><\/p>\n<p><strong>KULLANIM ALANLARI<\/strong><\/p>\n<p><strong>Daha kaliteli ve y\u00fcksek dayan\u0131ml\u0131 betonlarda,<\/strong><\/p>\n<p><strong>M\u00fckemmel ak\u0131\u015fkanl\u0131k ve k\u0131vam koruma istenen betonlarda,<\/strong><\/p>\n<p><strong>Yerle\u015ftirme zorluklar\u0131 olan ince s\u0131k donat\u0131l\u0131 betonarme imalatlar\u0131,<\/strong><\/p>\n<p><strong>Y\u00fcksek oranda su azaltma ve uzun i\u015flenebilirlik istenen betonlarda,<\/strong><\/p>\n<p><strong>Erken kal\u0131p al\u0131nmas\u0131 veya h\u0131zl\u0131 y\u00fckleme yap\u0131lmas\u0131 gereken yerlerde,<\/strong><\/p>\n<p><strong>Prekast ve prefabrik beton \u00fcretiminde,<\/strong><\/p>\n<p><strong>\u00d6ngerilmeli beton imalat\u0131nda,<\/strong><\/p>\n<p><strong>Mimari beton, m\u00fchendislik ve sanatsal yap\u0131larda kullan\u0131l\u0131r.<br \/>\n<\/strong><\/p>\n<p><strong>\u00d6ZELL\u0130KLER\u0130\/AVANTAJLARI<\/strong><\/p>\n<p><strong>Dayan\u0131kl\u0131 y\u00fcksek kalitede beton \u00fcretimi elde edilir.<\/strong><\/p>\n<p><strong>Ak\u0131\u015fkanla\u015ft\u0131r\u0131c\u0131, \u00f6zellikle so\u011fuk havalarda k\u0131sa s\u00fcrede y\u00fcksek erken mukavemet sa\u011flar.<\/strong><\/p>\n<p><strong>Betonun donma \/\u00e7\u00f6z\u00fclme d\u00f6ng\u00fcs\u00fcne kar\u015f\u0131 dayan\u0131kl\u0131l\u0131\u011f\u0131 ve direncini art\u0131r\u0131r.<\/strong><\/p>\n<p><strong>D\u00fc\u015f\u00fck su\/\u00e7imento oran\u0131 sayesinde betonun su ge\u00e7irimsizli\u011fini iyile\u015ftirir.<\/strong><\/p>\n<p><strong>Ak\u0131\u015fkanla\u015ft\u0131r\u0131c\u0131, betona kendili\u011finden yerle\u015fme \u00f6zelli\u011fi kazand\u0131r\u0131r.<\/strong><\/p>\n<p><strong>Y\u00fcksek birim a\u011f\u0131rl\u0131k ve dayan\u0131m olana\u011f\u0131 sa\u011flar.<\/strong><\/p>\n<p><strong>Betonun uzun mesafelere pompalanmas\u0131n\u0131 sa\u011flar.<\/strong><\/p>\n<p><strong>Prekast elemanlar\u0131n \u00fcretiminde k\u00fcr s\u00fcre ve s\u0131cakl\u0131\u011f\u0131n\u0131 azaltarak enerji tasarrufu sa\u011flar.<\/strong><\/p>\n<p><strong>Geciktirici etkisi olmaks\u0131z\u0131n betonun normal s\u00fcrede priz almas\u0131n\u0131 sa\u011flar.<\/strong><\/p>\n<p><strong>Ak\u0131\u015fkanla\u015ft\u0131r\u0131c\u0131, betonun karbonatla\u015fma h\u0131z\u0131n\u0131 d\u00fc\u015f\u00fcr\u00fcr, r\u00f6tre ve s\u00fcnme gibi mekanik \u00f6zelliklerini iyile\u015ftirir.<\/strong><\/p>\n<p><strong>Daha d\u00fczg\u00fcn ve iyi g\u00f6r\u00fcn\u00fcml\u00fc beton y\u00fczeylerin elde edilmesini sa\u011flar.<\/strong><\/p>\n<p><strong>Segregasyon (ayr\u0131\u015fma) riskini ortadan kald\u0131r\u0131r.<\/strong><\/p>\n<p><strong>Ak\u0131\u015fkanla\u015ft\u0131r\u0131c\u0131, kolay yerle\u015ftirme ve daha h\u0131zl\u0131 mukavemet kazanma, i\u015f\u00e7ilikten tasarruf daha erken kal\u0131p alma\/\u00e7evirme sa\u011flar.<\/strong><\/p>\n<p><strong>\u00a0<\/strong><\/p>\n<p><strong>AMBALAJ <\/strong><\/p>\n<p><strong>1-5-25 kg torbalar halinde <\/strong><\/p>\n<p><strong>\u00a0<\/strong><\/p>\n<p><strong>DEPOLAMA <\/strong><\/p>\n<p><strong>Serin ve kuru bir alanda torba hava almayacak \u015fekilde muhafaza ediniz. <\/strong><\/p>\n<p><strong>\u00a0<\/strong><\/p>\n","protected":false},"excerpt":{"rendered":"<p>S\u00dcPER AKI\u015eKANLA\u015eTIRICI Y\u00fcksek performansl\u0131 betonlarda\/prekast eleman \u00fcretiminde, erken ve son dayan\u0131m\u0131\u00a0artt\u0131ran, y\u00fcksek oranda su azalt\u0131c\u0131 s\u00fcper ak\u0131\u015fkanla\u015ft\u0131r\u0131c\u0131 beton katk\u0131s\u0131d\u0131r. Beton<\/p>\n","protected":false},"featured_media":17255,"comment_status":"open","ping_status":"closed","template":"","meta":{"_joinchat":[]},"product_cat":[70],"product_tag":[],"class_list":{"0":"post-17254","1":"product","2":"type-product","3":"status-publish","4":"has-post-thumbnail","6":"product_cat-boya-ve-yapi-kimyasallar","8":"first","9":"instock","10":"shipping-taxable","11":"purchasable","12":"product-type-variable"},"yoast_head":"<!-- This site is optimized with the Yoast SEO Premium plugin v20.2.1 (Yoast SEO v20.2.1) - https:\/\/yoast.com\/wordpress\/plugins\/seo\/ -->\n<title>S\u00dcPER AKI\u015eKANLA\u015eTIRICI - Akerkimya<\/title>\n<meta name=\"robots\" content=\"index, follow, max-snippet:-1, max-image-preview:large, max-video-preview:-1\" \/>\n<link rel=\"canonical\" href=\"https:\/\/akerkimya.com\/eticaret\/urun\/super-akiskanlastirici\/\" \/>\n<meta property=\"og:locale\" content=\"tr_TR\" \/>\n<meta property=\"og:type\" content=\"article\" \/>\n<meta property=\"og:title\" content=\"S\u00dcPER AKI\u015eKANLA\u015eTIRICI\" \/>\n<meta property=\"og:description\" content=\"S\u00dcPER AKI\u015eKANLA\u015eTIRICI Y\u00fcksek performansl\u0131 betonlarda\/prekast eleman \u00fcretiminde, erken ve son dayan\u0131m\u0131\u00a0artt\u0131ran, y\u00fcksek oranda su azalt\u0131c\u0131 s\u00fcper ak\u0131\u015fkanla\u015ft\u0131r\u0131c\u0131 beton katk\u0131s\u0131d\u0131r. Beton\" \/>\n<meta property=\"og:url\" content=\"https:\/\/akerkimya.com\/eticaret\/urun\/super-akiskanlastirici\/\" \/>\n<meta property=\"og:site_name\" content=\"Akerkimya\" \/>\n<meta property=\"article:modified_time\" content=\"2026-03-29T23:22:54+00:00\" \/>\n<meta property=\"og:image\" content=\"https:\/\/akerkimya.com\/eticaret\/wp-content\/uploads\/2025\/01\/SUPER-AKISKANLASTIRICI-GUNCEL.png\" \/>\n\t<meta property=\"og:image:width\" content=\"1000\" \/>\n\t<meta property=\"og:image:height\" content=\"1000\" \/>\n\t<meta property=\"og:image:type\" content=\"image\/png\" \/>\n<meta name=\"twitter:card\" content=\"summary_large_image\" \/>\n<meta name=\"twitter:label1\" content=\"Tahmini okuma s\u00fcresi\" \/>\n\t<meta name=\"twitter:data1\" content=\"2 dakika\" \/>\n<script type=\"application\/ld+json\" class=\"yoast-schema-graph\">{\"@context\":\"https:\/\/schema.org\",\"@graph\":[{\"@type\":\"WebPage\",\"@id\":\"https:\/\/akerkimya.com\/eticaret\/urun\/super-akiskanlastirici\/\",\"url\":\"https:\/\/akerkimya.com\/eticaret\/urun\/super-akiskanlastirici\/\",\"name\":\"S\u00dcPER AKI\u015eKANLA\u015eTIRICI - Akerkimya\",\"isPartOf\":{\"@id\":\"https:\/\/akerkimya.com\/eticaret\/#website\"},\"datePublished\":\"2025-01-02T13:24:26+00:00\",\"dateModified\":\"2026-03-29T23:22:54+00:00\",\"breadcrumb\":{\"@id\":\"https:\/\/akerkimya.com\/eticaret\/urun\/super-akiskanlastirici\/#breadcrumb\"},\"inLanguage\":\"tr\",\"potentialAction\":[{\"@type\":\"ReadAction\",\"target\":[\"https:\/\/akerkimya.com\/eticaret\/urun\/super-akiskanlastirici\/\"]}]},{\"@type\":\"BreadcrumbList\",\"@id\":\"https:\/\/akerkimya.com\/eticaret\/urun\/super-akiskanlastirici\/#breadcrumb\",\"itemListElement\":[{\"@type\":\"ListItem\",\"position\":1,\"name\":\"Home\",\"item\":\"https:\/\/akerkimya.com\/eticaret\/\"},{\"@type\":\"ListItem\",\"position\":2,\"name\":\"Market\",\"item\":\"https:\/\/akerkimya.com\/eticaret\/market\/\"},{\"@type\":\"ListItem\",\"position\":3,\"name\":\"S\u00dcPER AKI\u015eKANLA\u015eTIRICI\"}]},{\"@type\":\"WebSite\",\"@id\":\"https:\/\/akerkimya.com\/eticaret\/#website\",\"url\":\"https:\/\/akerkimya.com\/eticaret\/\",\"name\":\"Akerkimya\",\"description\":\"\",\"potentialAction\":[{\"@type\":\"SearchAction\",\"target\":{\"@type\":\"EntryPoint\",\"urlTemplate\":\"https:\/\/akerkimya.com\/eticaret\/?s={search_term_string}\"},\"query-input\":\"required name=search_term_string\"}],\"inLanguage\":\"tr\"}]}<\/script>\n<!-- \/ Yoast SEO Premium plugin. -->","yoast_head_json":{"title":"S\u00dcPER AKI\u015eKANLA\u015eTIRICI - Akerkimya","robots":{"index":"index","follow":"follow","max-snippet":"max-snippet:-1","max-image-preview":"max-image-preview:large","max-video-preview":"max-video-preview:-1"},"canonical":"https:\/\/akerkimya.com\/eticaret\/urun\/super-akiskanlastirici\/","og_locale":"tr_TR","og_type":"article","og_title":"S\u00dcPER AKI\u015eKANLA\u015eTIRICI","og_description":"S\u00dcPER AKI\u015eKANLA\u015eTIRICI Y\u00fcksek performansl\u0131 betonlarda\/prekast eleman \u00fcretiminde, erken ve son dayan\u0131m\u0131\u00a0artt\u0131ran, y\u00fcksek oranda su azalt\u0131c\u0131 s\u00fcper ak\u0131\u015fkanla\u015ft\u0131r\u0131c\u0131 beton katk\u0131s\u0131d\u0131r. Beton","og_url":"https:\/\/akerkimya.com\/eticaret\/urun\/super-akiskanlastirici\/","og_site_name":"Akerkimya","article_modified_time":"2026-03-29T23:22:54+00:00","og_image":[{"width":1000,"height":1000,"url":"https:\/\/akerkimya.com\/eticaret\/wp-content\/uploads\/2025\/01\/SUPER-AKISKANLASTIRICI-GUNCEL.png","type":"image\/png"}],"twitter_card":"summary_large_image","twitter_misc":{"Tahmini okuma s\u00fcresi":"2 dakika"},"schema":{"@context":"https:\/\/schema.org","@graph":[{"@type":"WebPage","@id":"https:\/\/akerkimya.com\/eticaret\/urun\/super-akiskanlastirici\/","url":"https:\/\/akerkimya.com\/eticaret\/urun\/super-akiskanlastirici\/","name":"S\u00dcPER AKI\u015eKANLA\u015eTIRICI - Akerkimya","isPartOf":{"@id":"https:\/\/akerkimya.com\/eticaret\/#website"},"datePublished":"2025-01-02T13:24:26+00:00","dateModified":"2026-03-29T23:22:54+00:00","breadcrumb":{"@id":"https:\/\/akerkimya.com\/eticaret\/urun\/super-akiskanlastirici\/#breadcrumb"},"inLanguage":"tr","potentialAction":[{"@type":"ReadAction","target":["https:\/\/akerkimya.com\/eticaret\/urun\/super-akiskanlastirici\/"]}]},{"@type":"BreadcrumbList","@id":"https:\/\/akerkimya.com\/eticaret\/urun\/super-akiskanlastirici\/#breadcrumb","itemListElement":[{"@type":"ListItem","position":1,"name":"Home","item":"https:\/\/akerkimya.com\/eticaret\/"},{"@type":"ListItem","position":2,"name":"Market","item":"https:\/\/akerkimya.com\/eticaret\/market\/"},{"@type":"ListItem","position":3,"name":"S\u00dcPER AKI\u015eKANLA\u015eTIRICI"}]},{"@type":"WebSite","@id":"https:\/\/akerkimya.com\/eticaret\/#website","url":"https:\/\/akerkimya.com\/eticaret\/","name":"Akerkimya","description":"","potentialAction":[{"@type":"SearchAction","target":{"@type":"EntryPoint","urlTemplate":"https:\/\/akerkimya.com\/eticaret\/?s={search_term_string}"},"query-input":"required name=search_term_string"}],"inLanguage":"tr"}]}},"_links":{"self":[{"href":"https:\/\/akerkimya.com\/eticaret\/wp-json\/wp\/v2\/product\/17254","targetHints":{"allow":["GET"]}}],"collection":[{"href":"https:\/\/akerkimya.com\/eticaret\/wp-json\/wp\/v2\/product"}],"about":[{"href":"https:\/\/akerkimya.com\/eticaret\/wp-json\/wp\/v2\/types\/product"}],"replies":[{"embeddable":true,"href":"https:\/\/akerkimya.com\/eticaret\/wp-json\/wp\/v2\/comments?post=17254"}],"version-history":[{"count":1,"href":"https:\/\/akerkimya.com\/eticaret\/wp-json\/wp\/v2\/product\/17254\/revisions"}],"predecessor-version":[{"id":17259,"href":"https:\/\/akerkimya.com\/eticaret\/wp-json\/wp\/v2\/product\/17254\/revisions\/17259"}],"wp:featuredmedia":[{"embeddable":true,"href":"https:\/\/akerkimya.com\/eticaret\/wp-json\/wp\/v2\/media\/17255"}],"wp:attachment":[{"href":"https:\/\/akerkimya.com\/eticaret\/wp-json\/wp\/v2\/media?parent=17254"}],"wp:term":[{"taxonomy":"product_cat","embeddable":true,"href":"https:\/\/akerkimya.com\/eticaret\/wp-json\/wp\/v2\/product_cat?post=17254"},{"taxonomy":"product_tag","embeddable":true,"href":"https:\/\/akerkimya.com\/eticaret\/wp-json\/wp\/v2\/product_tag?post=17254"}],"curies":[{"name":"wp","href":"https:\/\/api.w.org\/{rel}","templated":true}]}}