{"id":17260,"date":"2025-01-02T16:27:46","date_gmt":"2025-01-02T13:27:46","guid":{"rendered":"https:\/\/akerkimya.com\/eticaret\/?post_type=product&#038;p=17260"},"modified":"2026-03-30T02:24:10","modified_gmt":"2026-03-29T23:24:10","slug":"talk-pudrasi","status":"publish","type":"product","link":"https:\/\/akerkimya.com\/eticaret\/urun\/talk-pudrasi\/","title":{"rendered":"TALK PUDRASI"},"content":{"rendered":"<h1>TALK PUDRASI<\/h1>\n<p><strong>Talk, sulu bir magnezyum silikat olup teorik form\u00fcl\u00fc 3MgO 4SiO<sub>2<\/sub>\u00a0H<sub>2<\/sub>O\u2019 dur. \u0130deal bile\u015fiminde %63,5 SiO<sub>2<\/sub>, %31,7 MgO ve %4,8 H<sub>2<\/sub>O ihtiva eder. Beyaz, ye\u015filimsi \u015feffaf renklerde, kaygan, masif g\u00f6r\u00fcn\u00fcml\u00fc ve \u00e7ok yumu\u015fakt\u0131r. Sertli\u011fi Mohs cetveline g\u00f6re 1-1,5 aras\u0131nda de\u011fi\u015fir. Yo\u011funlu\u011fu 2,6-2,8 gr\/cm3 aras\u0131ndad\u0131r. Kristal \u015fekli monokliniktir. Talk\u0131n \u0131s\u0131 ve elektrik iletkenli\u011fi zay\u0131ft\u0131r fakat ate\u015fe dayan\u0131kl\u0131d\u0131r. Y\u00fcksek s\u0131cakl\u0131klarda \u0131s\u0131t\u0131ld\u0131\u011f\u0131nda sertle\u015fir, kat\u0131la\u015f\u0131r. Talk, asitlerle bozulma yapmaz.<\/strong><\/p>\n<p><strong>TALK \u00d6ZELL\u0130KLER<\/strong><\/p>\n<p><strong>Renk olarak ye\u015fil, gri ve beyaz olarak bulunur.<\/strong><\/p>\n<p><strong>Buzlu ve ya\u011fl\u0131 gibi donuk g\u00f6r\u00fcn\u00fcml\u00fc yar\u0131 \u015feffaf ve opakt\u0131r.<\/strong><\/p>\n<p><strong>Talk\u0131n kristal \u015fekli monokliniktir.<\/strong><\/p>\n<p><strong>Genelde yaprak y\u00e2da kopmak \u015feklinde bulunurlar. Talk dokunuldu\u011funda sabun hissi verir.<\/strong><\/p>\n<p><strong>Talk; seramikte, boya yap\u0131m\u0131nda, \u00e7at\u0131 kaplamas\u0131nda, ha\u015farat ilac\u0131 \u00fcretiminde, kau\u00e7uk ve k\u00e2\u011f\u0131t sanayiinde, kozmetik ve farmakolojide, asfalt dolgu maddesi yap\u0131m\u0131nda, hayvan yemi ve g\u00fcbre \u00fcretiminde kullan\u0131l\u0131r. Kullan\u0131m amac\u0131na g\u00f6re, yumu\u015fakl\u0131\u011f\u0131, ya\u011f absorbsiyonu, nem oran\u0131, erime noktas\u0131, \u00f6zg\u00fcl a\u011f\u0131rl\u0131\u011f\u0131, \u0131s\u0131 ve elektrik iletkenli\u011fi ve kimyasal analiz \u00f6nemlidir.<\/strong><\/p>\n<p><strong>TALK TEKN\u0130K \u00d6ZELL\u0130KLER<\/strong><\/p>\n<p><strong>G\u00d6R\u00dcN\u00dcM: Beyaz Toz<\/strong><\/p>\n<p><strong>PH: 50g\/l 20 C:7,0-9.0<\/strong><\/p>\n<p><strong>\u00d6ZG\u00dcL A\u011eIRLIK:2,7-2.8<\/strong><\/p>\n<p><strong>SERTL\u0130K: 1-2.5 mhos<\/strong><\/p>\n<p><strong>ER\u0130ME NOKTASI: 800 C<\/strong><\/p>\n<p><strong>\u00a0<\/strong><\/p>\n<p><strong>KULLANIM ALANLARI<\/strong><\/p>\n<p><strong>TALK, seramik sanayinde Is\u0131 ile genle\u015fme \u00f6zelli\u011finin \u00e7ok az olmas\u0131 nedeniyle banyo ve mutfak seramiklerinde ve elektrik sobalar\u0131n\u0131n plakalar\u0131nda kullan\u0131l\u0131r.<\/strong><\/p>\n<p><strong>Boya sanayinde ya\u011f absorblama \u00f6zelli\u011finden dolay\u0131 boya ve benzeri ya\u011f yap\u0131m\u0131nda kullan\u0131lmaktad\u0131r. Talk lifi boya tabakac\u0131klar\u0131n\u0131n birbirine ve y\u00fczeye kenetlenmesini sa\u011flar. A\u011f\u0131r boya materyallerinin \u00e7\u00f6kmesini \u00f6nleyip, boyan\u0131n daha homojen olmas\u0131n\u0131 sa\u011flar.<\/strong><\/p>\n<p><strong>TALK, ha\u015fere ila\u00e7lar\u0131nda ilaca toksit etki, istenen yo\u011funluk ve az a\u015f\u0131nd\u0131r\u0131c\u0131l\u0131k \u00f6zelliklerini kazand\u0131r\u0131r.<\/strong><\/p>\n<p><strong>Kau\u00e7uk sanayinde bir\u00e7ok sentetik lastik, plastik ve kau\u00e7uk malzeme \u00fcretiminde doldurucu katk\u0131 olarak kullan\u0131l\u0131r. Maddeye s\u0131k\u0131 bir doku kazand\u0131r\u0131r.<\/strong><\/p>\n<p><strong>K\u00e2\u011f\u0131t sekt\u00f6r\u00fcnde yumu\u015fakl\u0131\u011f\u0131, tane boyu, m\u00fcrekkep emme \u00f6zelli\u011fi ve suda erime \u00f6zelli\u011fi nedeni ile ka\u011f\u0131t sekt\u00f6r\u00fcnde kullan\u0131l\u0131r.<\/strong><\/p>\n<p><strong>TALK, kozmetik ve ila\u00e7 sekt\u00f6r\u00fcnde istenilen tane boyutunun elde edilmesi m\u00fcmk\u00fcn oldu\u011fundan kimyasal safl\u0131\u011f\u0131 ve kayganl\u0131\u011f\u0131ndan dolay\u0131 kozmetik \u00fcr\u00fcnleri ve ila\u00e7 \u00fcretiminde kullan\u0131lmaktad\u0131r. Kozmetik ve ila\u00e7 sekt\u00f6r\u00fcnde kullan\u0131lan talkta aranan \u00f6zellikler, i\u00e7erdi\u011fi lifsi ve sert minerallerin azl\u0131\u011f\u0131, arsenik ve demir miktarlar\u0131n\u0131n d\u00fc\u015f\u00fck olmas\u0131d\u0131r.<\/strong><\/p>\n<p><strong>Talk, \u00e7at\u0131 yap\u0131m\u0131nda erimi\u015f asfalt\u0131 stabil duruma getirdi\u011fi i\u00e7in yang\u0131n ve hava ko\u015fullar\u0131na kar\u015f\u0131 y\u00fcksek bir koruma sa\u011flar.<\/strong><\/p>\n<p><strong>Talk bunlardan ba\u015fka hayvan yemi \u00fcretiminde, g\u00fcbre \u00fcretiminde, heykel yap\u0131m\u0131nda, kaplama sekt\u00f6r\u00fcnde, sabun yap\u0131m\u0131nda, elektrik anahtarlar\u0131nda izolat\u00f6r olarak kullan\u0131lmaktad\u0131r.<\/strong><\/p>\n<p><strong>\u00a0<\/strong><\/p>\n<p><strong>AMBALAJ <\/strong><\/p>\n<p><strong>1-5-25 kg ambalajlar halinde <\/strong><\/p>\n<p><strong>\u00a0<\/strong><\/p>\n<p><strong>DEPOLAMA <\/strong><\/p>\n<p><strong>Serin ve nem olmayan yerde kapal\u0131 ambalajlarda muhafaza edilmelidir. <\/strong><\/p>\n<p><strong>\u00a0<\/strong><\/p>\n","protected":false},"excerpt":{"rendered":"<p>TALK PUDRASI Talk, sulu bir magnezyum silikat olup teorik form\u00fcl\u00fc 3MgO 4SiO2\u00a0H2O\u2019 dur. \u0130deal bile\u015fiminde %63,5 SiO2, %31,7 MgO ve<\/p>\n","protected":false},"featured_media":17261,"comment_status":"open","ping_status":"closed","template":"","meta":{"_joinchat":[]},"product_cat":[70,72,74,80,81],"product_tag":[],"class_list":{"0":"post-17260","1":"product","2":"type-product","3":"status-publish","4":"has-post-thumbnail","6":"product_cat-boya-ve-yapi-kimyasallar","7":"product_cat-cam-ve-seramik-kimyasallari","8":"product_cat-deterjan-ve-kozmetik-kimyasallari","9":"product_cat-veteriner-ve-ilac-kimyasallari","10":"product_cat-yem-katki-kimyasallari","12":"first","13":"instock","14":"shipping-taxable","15":"purchasable","16":"product-type-variable"},"yoast_head":"<!-- This site is optimized with the Yoast SEO Premium plugin v20.2.1 (Yoast SEO v20.2.1) - https:\/\/yoast.com\/wordpress\/plugins\/seo\/ -->\n<title>TALK PUDRASI - Akerkimya<\/title>\n<meta name=\"robots\" content=\"index, follow, max-snippet:-1, max-image-preview:large, max-video-preview:-1\" \/>\n<link rel=\"canonical\" href=\"https:\/\/akerkimya.com\/eticaret\/urun\/talk-pudrasi\/\" \/>\n<meta property=\"og:locale\" content=\"tr_TR\" \/>\n<meta property=\"og:type\" content=\"article\" \/>\n<meta property=\"og:title\" content=\"TALK PUDRASI\" \/>\n<meta property=\"og:description\" content=\"TALK PUDRASI Talk, sulu bir magnezyum silikat olup teorik form\u00fcl\u00fc 3MgO 4SiO2\u00a0H2O\u2019 dur. \u0130deal bile\u015fiminde %63,5 SiO2, %31,7 MgO ve\" \/>\n<meta property=\"og:url\" content=\"https:\/\/akerkimya.com\/eticaret\/urun\/talk-pudrasi\/\" \/>\n<meta property=\"og:site_name\" content=\"Akerkimya\" \/>\n<meta property=\"article:modified_time\" content=\"2026-03-29T23:24:10+00:00\" \/>\n<meta property=\"og:image\" content=\"https:\/\/akerkimya.com\/eticaret\/wp-content\/uploads\/2025\/01\/TALK-PUDRASI-GUNCEL-.png\" \/>\n\t<meta property=\"og:image:width\" content=\"1000\" \/>\n\t<meta property=\"og:image:height\" content=\"1000\" \/>\n\t<meta property=\"og:image:type\" content=\"image\/png\" \/>\n<meta name=\"twitter:card\" content=\"summary_large_image\" \/>\n<meta name=\"twitter:label1\" content=\"Tahmini okuma s\u00fcresi\" \/>\n\t<meta name=\"twitter:data1\" content=\"3 dakika\" \/>\n<script type=\"application\/ld+json\" class=\"yoast-schema-graph\">{\"@context\":\"https:\/\/schema.org\",\"@graph\":[{\"@type\":\"WebPage\",\"@id\":\"https:\/\/akerkimya.com\/eticaret\/urun\/talk-pudrasi\/\",\"url\":\"https:\/\/akerkimya.com\/eticaret\/urun\/talk-pudrasi\/\",\"name\":\"TALK PUDRASI - Akerkimya\",\"isPartOf\":{\"@id\":\"https:\/\/akerkimya.com\/eticaret\/#website\"},\"datePublished\":\"2025-01-02T13:27:46+00:00\",\"dateModified\":\"2026-03-29T23:24:10+00:00\",\"breadcrumb\":{\"@id\":\"https:\/\/akerkimya.com\/eticaret\/urun\/talk-pudrasi\/#breadcrumb\"},\"inLanguage\":\"tr\",\"potentialAction\":[{\"@type\":\"ReadAction\",\"target\":[\"https:\/\/akerkimya.com\/eticaret\/urun\/talk-pudrasi\/\"]}]},{\"@type\":\"BreadcrumbList\",\"@id\":\"https:\/\/akerkimya.com\/eticaret\/urun\/talk-pudrasi\/#breadcrumb\",\"itemListElement\":[{\"@type\":\"ListItem\",\"position\":1,\"name\":\"Home\",\"item\":\"https:\/\/akerkimya.com\/eticaret\/\"},{\"@type\":\"ListItem\",\"position\":2,\"name\":\"Market\",\"item\":\"https:\/\/akerkimya.com\/eticaret\/market\/\"},{\"@type\":\"ListItem\",\"position\":3,\"name\":\"TALK PUDRASI\"}]},{\"@type\":\"WebSite\",\"@id\":\"https:\/\/akerkimya.com\/eticaret\/#website\",\"url\":\"https:\/\/akerkimya.com\/eticaret\/\",\"name\":\"Akerkimya\",\"description\":\"\",\"potentialAction\":[{\"@type\":\"SearchAction\",\"target\":{\"@type\":\"EntryPoint\",\"urlTemplate\":\"https:\/\/akerkimya.com\/eticaret\/?s={search_term_string}\"},\"query-input\":\"required name=search_term_string\"}],\"inLanguage\":\"tr\"}]}<\/script>\n<!-- \/ Yoast SEO Premium plugin. -->","yoast_head_json":{"title":"TALK PUDRASI - Akerkimya","robots":{"index":"index","follow":"follow","max-snippet":"max-snippet:-1","max-image-preview":"max-image-preview:large","max-video-preview":"max-video-preview:-1"},"canonical":"https:\/\/akerkimya.com\/eticaret\/urun\/talk-pudrasi\/","og_locale":"tr_TR","og_type":"article","og_title":"TALK PUDRASI","og_description":"TALK PUDRASI Talk, sulu bir magnezyum silikat olup teorik form\u00fcl\u00fc 3MgO 4SiO2\u00a0H2O\u2019 dur. \u0130deal bile\u015fiminde %63,5 SiO2, %31,7 MgO ve","og_url":"https:\/\/akerkimya.com\/eticaret\/urun\/talk-pudrasi\/","og_site_name":"Akerkimya","article_modified_time":"2026-03-29T23:24:10+00:00","og_image":[{"width":1000,"height":1000,"url":"https:\/\/akerkimya.com\/eticaret\/wp-content\/uploads\/2025\/01\/TALK-PUDRASI-GUNCEL-.png","type":"image\/png"}],"twitter_card":"summary_large_image","twitter_misc":{"Tahmini okuma s\u00fcresi":"3 dakika"},"schema":{"@context":"https:\/\/schema.org","@graph":[{"@type":"WebPage","@id":"https:\/\/akerkimya.com\/eticaret\/urun\/talk-pudrasi\/","url":"https:\/\/akerkimya.com\/eticaret\/urun\/talk-pudrasi\/","name":"TALK PUDRASI - Akerkimya","isPartOf":{"@id":"https:\/\/akerkimya.com\/eticaret\/#website"},"datePublished":"2025-01-02T13:27:46+00:00","dateModified":"2026-03-29T23:24:10+00:00","breadcrumb":{"@id":"https:\/\/akerkimya.com\/eticaret\/urun\/talk-pudrasi\/#breadcrumb"},"inLanguage":"tr","potentialAction":[{"@type":"ReadAction","target":["https:\/\/akerkimya.com\/eticaret\/urun\/talk-pudrasi\/"]}]},{"@type":"BreadcrumbList","@id":"https:\/\/akerkimya.com\/eticaret\/urun\/talk-pudrasi\/#breadcrumb","itemListElement":[{"@type":"ListItem","position":1,"name":"Home","item":"https:\/\/akerkimya.com\/eticaret\/"},{"@type":"ListItem","position":2,"name":"Market","item":"https:\/\/akerkimya.com\/eticaret\/market\/"},{"@type":"ListItem","position":3,"name":"TALK PUDRASI"}]},{"@type":"WebSite","@id":"https:\/\/akerkimya.com\/eticaret\/#website","url":"https:\/\/akerkimya.com\/eticaret\/","name":"Akerkimya","description":"","potentialAction":[{"@type":"SearchAction","target":{"@type":"EntryPoint","urlTemplate":"https:\/\/akerkimya.com\/eticaret\/?s={search_term_string}"},"query-input":"required name=search_term_string"}],"inLanguage":"tr"}]}},"_links":{"self":[{"href":"https:\/\/akerkimya.com\/eticaret\/wp-json\/wp\/v2\/product\/17260","targetHints":{"allow":["GET"]}}],"collection":[{"href":"https:\/\/akerkimya.com\/eticaret\/wp-json\/wp\/v2\/product"}],"about":[{"href":"https:\/\/akerkimya.com\/eticaret\/wp-json\/wp\/v2\/types\/product"}],"replies":[{"embeddable":true,"href":"https:\/\/akerkimya.com\/eticaret\/wp-json\/wp\/v2\/comments?post=17260"}],"version-history":[{"count":2,"href":"https:\/\/akerkimya.com\/eticaret\/wp-json\/wp\/v2\/product\/17260\/revisions"}],"predecessor-version":[{"id":18249,"href":"https:\/\/akerkimya.com\/eticaret\/wp-json\/wp\/v2\/product\/17260\/revisions\/18249"}],"wp:featuredmedia":[{"embeddable":true,"href":"https:\/\/akerkimya.com\/eticaret\/wp-json\/wp\/v2\/media\/17261"}],"wp:attachment":[{"href":"https:\/\/akerkimya.com\/eticaret\/wp-json\/wp\/v2\/media?parent=17260"}],"wp:term":[{"taxonomy":"product_cat","embeddable":true,"href":"https:\/\/akerkimya.com\/eticaret\/wp-json\/wp\/v2\/product_cat?post=17260"},{"taxonomy":"product_tag","embeddable":true,"href":"https:\/\/akerkimya.com\/eticaret\/wp-json\/wp\/v2\/product_tag?post=17260"}],"curies":[{"name":"wp","href":"https:\/\/api.w.org\/{rel}","templated":true}]}}