{"id":17266,"date":"2025-01-02T16:31:49","date_gmt":"2025-01-02T13:31:49","guid":{"rendered":"https:\/\/akerkimya.com\/eticaret\/?post_type=product&#038;p=17266"},"modified":"2026-05-06T16:34:21","modified_gmt":"2026-05-06T13:34:21","slug":"tartarik-asit","status":"publish","type":"product","link":"https:\/\/akerkimya.com\/eticaret\/urun\/tartarik-asit\/","title":{"rendered":"TARTAR\u0130K AS\u0130T"},"content":{"rendered":"<h1>TARTAR\u0130K AS\u0130T<\/h1>\n<p><strong>Tartarik Asit,\u00a0 kimyasal form\u00fcl\u00fc C4H6O6 olan kristal yap\u0131da olup bitki ve meyvelerde yayg\u0131n \u015fekilde g\u00f6r\u00fcn\u00fcr.Organik asit t\u00fcrlerindendir.<\/strong><\/p>\n<p><strong>\u00a0<\/strong><\/p>\n<p><strong>TARTAR\u0130K AS\u0130T TEKN\u0130K \u00d6ZELL\u0130KLER\u00a0 \u00a0 \u00a0 \u00a0 \u00a0\u00a0<\/strong><\/p>\n<p><strong>CAS NUMARASI\u00a0 \u00a0 \u00a0 \u00a0: \u00a0\u00a0\u00a0\u00a0\u00a0\u00a0\u00a0\u00a0\u00a0\u00a0\u00a0 526-83-0<\/strong><\/p>\n<p><strong>K\u0130MYASAL FORM\u00dcL\u00a0 :\u00a0\u00a0\u00a0\u00a0\u00a0\u00a0\u00a0\u00a0\u00a0\u00a0\u00a0\u00a0\u00a0 C4H6O6\u00a0\u00a0<\/strong><\/p>\n<p><strong>MOLEK\u00dcL A\u011eIRLI\u011eI\u00a0 \u00a0 :\u00a0\u00a0 150.087 g\/mol<\/strong><\/p>\n<p><strong>YO\u011eUNLUK\u00a0 \u00a0 \u00a0 \u00a0 \u00a0 \u00a0 :\u00a0\u00a0\u00a0\u00a0\u00a0\u00a0 1.788 g\/cm3<\/strong><\/p>\n<p><strong>KAYNAMA NOKTASI\u00a0: \u00a0\u00a0\u00a0\u00a0\u00a0\u00a0\u00a0\u00a0\u00a0\u00a0\u00a0\u00a0\u00a0 206 0 C<\/strong><\/p>\n<p><strong>ER\u0130ME NOKTASI\u00a0 \u00a0 \u00a0 \u00a0:\u00a0\u00a0\u00a0\u00a0\u00a0\u00a0\u00a0\u00a0\u00a0\u00a0\u00a0\u00a0\u00a0\u00a0 169 0 C<\/strong><\/p>\n<p><strong>\u00d6ZG\u00dcL A\u011eIRLIK\u00a0 \u00a0 \u00a0 \u00a0: \u00a0\u00a0\u00a0\u00a0\u00a0\u00a0\u00a0\u00a0\u00a0\u00a0\u00a0\u00a0\u00a0\u00a0\u00a0\u00a0\u00a0\u00a0 1.76<\/strong><\/p>\n<p><strong>\u00a0<\/strong><\/p>\n<p><strong>TARTAR\u0130K AS\u0130T KULLANIM ALANLARI<\/strong><\/p>\n<p><strong>Me\u015frubat \u00fcretiminde n\u00f6tralizasyon veya ph d\u00fczenletici olarak,gazoz \u00fcretiminde ba\u015fl\u0131ca malzeme olarak kullan\u0131l\u0131r.<\/strong><\/p>\n<p><strong>Tartarik Asit, baharat sekt\u00f6r\u00fcnde stabiliz\u00f6r olarak kullan\u0131l\u0131r.<\/strong><\/p>\n<p><strong>G\u0131da sekt\u00f6r\u00fcnde E 334 koduyla sert \u015fekerlerde ek\u015fi elma ,vi\u015fne ve di\u011fer ek\u015fimsi tatlar\u0131 vermek i\u00e7in,<\/strong><\/p>\n<p><strong>Peynirde renk kay\u0131plar\u0131n\u0131n ve ac\u0131la\u015fman\u0131n engellenmesinde, hayvansal veya bitkisel ya\u011f i\u00e7eren g\u0131dalarda \u015felat ajan\u0131 olarak kullan\u0131lmaktad\u0131r.<\/strong><\/p>\n<p><strong>Metallerin temizlenmesinde ve cilalanmas\u0131nda kullan\u0131lmaktad\u0131r.<\/strong><\/p>\n<p><strong>\u0130la\u00e7 sekt\u00f6r\u00fcnde Antimon potasyum tartarlar\u0131 b\u00f6cek ilac\u0131 ve mordan olarak kullan\u0131lmaktad\u0131r.<\/strong><\/p>\n<p><strong>Kimya da Kiral molek\u00fcllerini d\u00fczlem polarize \u0131\u015f\u0131\u011f\u0131 \u00e7evirmek i\u00e7in optik\u00e7e aktifli\u011finde yayg\u0131n bir \u015fekilde kullan\u0131lmaktad\u0131r..<\/strong><\/p>\n<p><strong>Tartarik Asit, oral uygulama y\u00f6ntemiyle, sodyum bi karbonat ile etkile\u015fimi neticesinde, sodyum karbonat \u00fcretmek i\u00e7in kullan\u0131l\u0131r.<\/strong><\/p>\n<p><strong>Tartarik Asit, Pasta b\u00f6rek vs. gibi f\u0131r\u0131n \u00fcr\u00fcnlerine kat\u0131lan g\u0131da katk\u0131 maddelerinde, kabartma \u00f6zeli\u011fi katmas\u0131 sebebiyle kullan\u0131l\u0131r.<\/strong><\/p>\n<p><strong>Tartarik Asit g\u0131dalarda koruyucu katk\u0131 maddesi olarak kullan\u0131lmakla beraber ayn\u0131 zamanda g\u0131dalara lezzet verir. Tartarik Asit genellikle karbonatl\u0131 i\u00e7ecekler, meyve \u015fekerlemeleri \u00fcretiminde kullan\u0131l\u0131r.<\/strong><\/p>\n<p><strong>Tartarik Asit, mavi m\u00fcrekkeplerin imalat\u0131nda kullan\u0131lmaktad\u0131r. Bunun yan\u0131nda, aynalara g\u00fcm\u00fc\u015f rengini vermek amac\u0131yla G\u00fcm\u00fc\u015f Nitrat ile tepkimeye giren bir bile\u015fen olarak kullan\u0131l\u0131r.<\/strong><\/p>\n<p><strong>Yap\u0131 kimyasallar\u0131 \u00fcretiminde kullan\u0131lmaktad\u0131r.<\/strong><\/p>\n<p><strong>\u00a0<\/strong><\/p>\n<p><strong>AMBALAJ <\/strong><\/p>\n<p><strong>1-5-25 kg ambalajlar halinde <\/strong><\/p>\n<p><strong>\u00a0<\/strong><\/p>\n<p><strong>DEPOLAMA <\/strong><\/p>\n<p><strong>Serin ve nem olmayan yerde kapal\u0131 ambalajlarda muhafaza edilmelidir. <\/strong><\/p>\n<p><strong>\u00a0<\/strong><\/p>\n","protected":false},"excerpt":{"rendered":"<p>TARTAR\u0130K AS\u0130T Tartarik Asit,\u00a0 kimyasal form\u00fcl\u00fc C4H6O6 olan kristal yap\u0131da olup bitki ve meyvelerde yayg\u0131n \u015fekilde g\u00f6r\u00fcn\u00fcr.Organik asit t\u00fcrlerindendir. \u00a0<\/p>\n","protected":false},"featured_media":17267,"comment_status":"open","ping_status":"closed","template":"","meta":{"_joinchat":[]},"product_cat":[70,76,78,80],"product_tag":[],"class_list":{"0":"post-17266","1":"product","2":"type-product","3":"status-publish","4":"has-post-thumbnail","6":"product_cat-boya-ve-yapi-kimyasallar","7":"product_cat-gida-ve-katki-kimyasallari","8":"product_cat-metal-dokum-kaplama","9":"product_cat-veteriner-ve-ilac-kimyasallari","11":"first","12":"instock","13":"shipping-taxable","14":"purchasable","15":"product-type-variable"},"yoast_head":"<!-- This site is optimized with the Yoast SEO Premium plugin v20.2.1 (Yoast SEO v20.2.1) - https:\/\/yoast.com\/wordpress\/plugins\/seo\/ -->\n<title>TARTAR\u0130K AS\u0130T - Akerkimya<\/title>\n<meta name=\"robots\" content=\"index, follow, max-snippet:-1, max-image-preview:large, max-video-preview:-1\" \/>\n<link rel=\"canonical\" href=\"https:\/\/akerkimya.com\/eticaret\/urun\/tartarik-asit\/\" \/>\n<meta property=\"og:locale\" content=\"tr_TR\" \/>\n<meta property=\"og:type\" content=\"article\" \/>\n<meta property=\"og:title\" content=\"TARTAR\u0130K AS\u0130T\" \/>\n<meta property=\"og:description\" content=\"TARTAR\u0130K AS\u0130T Tartarik Asit,\u00a0 kimyasal form\u00fcl\u00fc C4H6O6 olan kristal yap\u0131da olup bitki ve meyvelerde yayg\u0131n \u015fekilde g\u00f6r\u00fcn\u00fcr.Organik asit t\u00fcrlerindendir. \u00a0\" \/>\n<meta property=\"og:url\" content=\"https:\/\/akerkimya.com\/eticaret\/urun\/tartarik-asit\/\" \/>\n<meta property=\"og:site_name\" content=\"Akerkimya\" \/>\n<meta property=\"article:modified_time\" content=\"2026-05-06T13:34:21+00:00\" \/>\n<meta property=\"og:image\" content=\"https:\/\/akerkimya.com\/eticaret\/wp-content\/uploads\/2025\/01\/TARTARIK-ASIT-GUNCEL-.png\" \/>\n\t<meta property=\"og:image:width\" content=\"1000\" \/>\n\t<meta property=\"og:image:height\" content=\"1000\" \/>\n\t<meta property=\"og:image:type\" content=\"image\/png\" \/>\n<meta name=\"twitter:card\" content=\"summary_large_image\" \/>\n<meta name=\"twitter:label1\" content=\"Tahmini okuma s\u00fcresi\" \/>\n\t<meta name=\"twitter:data1\" content=\"2 dakika\" \/>\n<script type=\"application\/ld+json\" class=\"yoast-schema-graph\">{\"@context\":\"https:\/\/schema.org\",\"@graph\":[{\"@type\":\"WebPage\",\"@id\":\"https:\/\/akerkimya.com\/eticaret\/urun\/tartarik-asit\/\",\"url\":\"https:\/\/akerkimya.com\/eticaret\/urun\/tartarik-asit\/\",\"name\":\"TARTAR\u0130K AS\u0130T - Akerkimya\",\"isPartOf\":{\"@id\":\"https:\/\/akerkimya.com\/eticaret\/#website\"},\"datePublished\":\"2025-01-02T13:31:49+00:00\",\"dateModified\":\"2026-05-06T13:34:21+00:00\",\"breadcrumb\":{\"@id\":\"https:\/\/akerkimya.com\/eticaret\/urun\/tartarik-asit\/#breadcrumb\"},\"inLanguage\":\"tr\",\"potentialAction\":[{\"@type\":\"ReadAction\",\"target\":[\"https:\/\/akerkimya.com\/eticaret\/urun\/tartarik-asit\/\"]}]},{\"@type\":\"BreadcrumbList\",\"@id\":\"https:\/\/akerkimya.com\/eticaret\/urun\/tartarik-asit\/#breadcrumb\",\"itemListElement\":[{\"@type\":\"ListItem\",\"position\":1,\"name\":\"Home\",\"item\":\"https:\/\/akerkimya.com\/eticaret\/\"},{\"@type\":\"ListItem\",\"position\":2,\"name\":\"Market\",\"item\":\"https:\/\/akerkimya.com\/eticaret\/market\/\"},{\"@type\":\"ListItem\",\"position\":3,\"name\":\"TARTAR\u0130K AS\u0130T\"}]},{\"@type\":\"WebSite\",\"@id\":\"https:\/\/akerkimya.com\/eticaret\/#website\",\"url\":\"https:\/\/akerkimya.com\/eticaret\/\",\"name\":\"Akerkimya\",\"description\":\"\",\"potentialAction\":[{\"@type\":\"SearchAction\",\"target\":{\"@type\":\"EntryPoint\",\"urlTemplate\":\"https:\/\/akerkimya.com\/eticaret\/?s={search_term_string}\"},\"query-input\":\"required name=search_term_string\"}],\"inLanguage\":\"tr\"}]}<\/script>\n<!-- \/ Yoast SEO Premium plugin. -->","yoast_head_json":{"title":"TARTAR\u0130K AS\u0130T - Akerkimya","robots":{"index":"index","follow":"follow","max-snippet":"max-snippet:-1","max-image-preview":"max-image-preview:large","max-video-preview":"max-video-preview:-1"},"canonical":"https:\/\/akerkimya.com\/eticaret\/urun\/tartarik-asit\/","og_locale":"tr_TR","og_type":"article","og_title":"TARTAR\u0130K AS\u0130T","og_description":"TARTAR\u0130K AS\u0130T Tartarik Asit,\u00a0 kimyasal form\u00fcl\u00fc C4H6O6 olan kristal yap\u0131da olup bitki ve meyvelerde yayg\u0131n \u015fekilde g\u00f6r\u00fcn\u00fcr.Organik asit t\u00fcrlerindendir. \u00a0","og_url":"https:\/\/akerkimya.com\/eticaret\/urun\/tartarik-asit\/","og_site_name":"Akerkimya","article_modified_time":"2026-05-06T13:34:21+00:00","og_image":[{"width":1000,"height":1000,"url":"https:\/\/akerkimya.com\/eticaret\/wp-content\/uploads\/2025\/01\/TARTARIK-ASIT-GUNCEL-.png","type":"image\/png"}],"twitter_card":"summary_large_image","twitter_misc":{"Tahmini okuma s\u00fcresi":"2 dakika"},"schema":{"@context":"https:\/\/schema.org","@graph":[{"@type":"WebPage","@id":"https:\/\/akerkimya.com\/eticaret\/urun\/tartarik-asit\/","url":"https:\/\/akerkimya.com\/eticaret\/urun\/tartarik-asit\/","name":"TARTAR\u0130K AS\u0130T - Akerkimya","isPartOf":{"@id":"https:\/\/akerkimya.com\/eticaret\/#website"},"datePublished":"2025-01-02T13:31:49+00:00","dateModified":"2026-05-06T13:34:21+00:00","breadcrumb":{"@id":"https:\/\/akerkimya.com\/eticaret\/urun\/tartarik-asit\/#breadcrumb"},"inLanguage":"tr","potentialAction":[{"@type":"ReadAction","target":["https:\/\/akerkimya.com\/eticaret\/urun\/tartarik-asit\/"]}]},{"@type":"BreadcrumbList","@id":"https:\/\/akerkimya.com\/eticaret\/urun\/tartarik-asit\/#breadcrumb","itemListElement":[{"@type":"ListItem","position":1,"name":"Home","item":"https:\/\/akerkimya.com\/eticaret\/"},{"@type":"ListItem","position":2,"name":"Market","item":"https:\/\/akerkimya.com\/eticaret\/market\/"},{"@type":"ListItem","position":3,"name":"TARTAR\u0130K AS\u0130T"}]},{"@type":"WebSite","@id":"https:\/\/akerkimya.com\/eticaret\/#website","url":"https:\/\/akerkimya.com\/eticaret\/","name":"Akerkimya","description":"","potentialAction":[{"@type":"SearchAction","target":{"@type":"EntryPoint","urlTemplate":"https:\/\/akerkimya.com\/eticaret\/?s={search_term_string}"},"query-input":"required name=search_term_string"}],"inLanguage":"tr"}]}},"_links":{"self":[{"href":"https:\/\/akerkimya.com\/eticaret\/wp-json\/wp\/v2\/product\/17266","targetHints":{"allow":["GET"]}}],"collection":[{"href":"https:\/\/akerkimya.com\/eticaret\/wp-json\/wp\/v2\/product"}],"about":[{"href":"https:\/\/akerkimya.com\/eticaret\/wp-json\/wp\/v2\/types\/product"}],"replies":[{"embeddable":true,"href":"https:\/\/akerkimya.com\/eticaret\/wp-json\/wp\/v2\/comments?post=17266"}],"version-history":[{"count":2,"href":"https:\/\/akerkimya.com\/eticaret\/wp-json\/wp\/v2\/product\/17266\/revisions"}],"predecessor-version":[{"id":18264,"href":"https:\/\/akerkimya.com\/eticaret\/wp-json\/wp\/v2\/product\/17266\/revisions\/18264"}],"wp:featuredmedia":[{"embeddable":true,"href":"https:\/\/akerkimya.com\/eticaret\/wp-json\/wp\/v2\/media\/17267"}],"wp:attachment":[{"href":"https:\/\/akerkimya.com\/eticaret\/wp-json\/wp\/v2\/media?parent=17266"}],"wp:term":[{"taxonomy":"product_cat","embeddable":true,"href":"https:\/\/akerkimya.com\/eticaret\/wp-json\/wp\/v2\/product_cat?post=17266"},{"taxonomy":"product_tag","embeddable":true,"href":"https:\/\/akerkimya.com\/eticaret\/wp-json\/wp\/v2\/product_tag?post=17266"}],"curies":[{"name":"wp","href":"https:\/\/api.w.org\/{rel}","templated":true}]}}