{"id":17278,"date":"2025-01-02T16:42:39","date_gmt":"2025-01-02T13:42:39","guid":{"rendered":"https:\/\/akerkimya.com\/eticaret\/?post_type=product&#038;p=17278"},"modified":"2026-03-30T02:24:10","modified_gmt":"2026-03-29T23:24:10","slug":"tekzanol","status":"publish","type":"product","link":"https:\/\/akerkimya.com\/eticaret\/urun\/tekzanol\/","title":{"rendered":"TEKZANOL"},"content":{"rendered":"<h1>TEKZANOL<\/h1>\n<p><strong>\u00c7ok hafif kokuya sahip bir birle\u015ftirme ajan\u0131d\u0131r. Bir\u00e7ok gereksinimi kar\u015f\u0131lamakta ve gelecekteki geli\u015fmeler i\u00e7in y\u00fcksek performans sergilemektedir. Ester yap\u0131daki Texanol end\u00fcstriyel bir maddedir. Dispersiyon, dispersiyon boyalar\u0131 ve yap\u0131\u015ft\u0131r\u0131c\u0131larda kullan\u0131l\u0131r.<\/strong><\/p>\n<p><strong>TEXANOL \u00d6ZELL\u0130KLER\u0130<\/strong><strong><br \/>\n<\/strong><strong>Yan\u0131c\u0131l\u0131\u011f\u0131 ve zehirleyicili\u011fi d\u00fc\u015f\u00fckt\u00fcr.<\/strong><strong><br \/>\n<\/strong><strong>Toz Polimer\u2019in\u00a0donma noktas\u0131 d\u00fc\u015f\u00fckt\u00fcr.<\/strong><strong><br \/>\n<\/strong><strong>Suda \u00e7\u00f6z\u00fclemez ancak akrilik ve aromatik \u00e7\u00f6z\u00fcc\u00fclerde \u00e7\u00f6z\u00fcl\u00fcr.<\/strong><strong><br \/>\n<\/strong><strong>M\u00fckemmel hidrolitik stabiliteye sahiptir.<\/strong><strong><br \/>\n<\/strong><strong>Do\u011fada par\u00e7alanabilirli\u011fi olduk\u00e7a y\u00fcksektir.<\/strong><strong><br \/>\n<\/strong><strong>Toz Polimer en g\u00fcvenilir film yap\u0131c\u0131 katk\u0131d\u0131r.<\/strong><strong><br \/>\n<\/strong><strong>Her t\u00fcr lateks boyada ve farkl\u0131 g\u00f6zeneklilik y\u00fczeyine sahip y\u00fczeylerde bile iyi performans g\u00f6sterir.<\/strong><strong><br \/>\n<\/strong><strong>Toz Polimer boyan\u0131n performans \u00f6zelliklerini geli\u015ftirir.<\/strong><strong><br \/>\n<\/strong><strong>Koyula\u015ft\u0131r\u0131c\u0131larla birlikte kullan\u0131ld\u0131\u011f\u0131nda koyula\u015fma verimini art\u0131r\u0131r.<\/strong><strong><br \/>\n<\/strong><strong>\u00a0<\/strong><\/p>\n<p><strong>TEXANOL TEKN\u0130K \u00d6ZELL\u0130KLER\u0130<\/strong><strong><br \/>\n<\/strong><strong>G\u00d6R\u00dcN\u00dcM: Berrak, s\u0131v\u0131<\/strong><strong><br \/>\n<\/strong><strong>MOLEK\u00dcLER FORM\u00dcL: C12 H24 O3<\/strong><strong><br \/>\n<\/strong><strong>CAS NO: 25265-77-4<\/strong><strong><br \/>\n<\/strong><strong>ER\u0130ME NOKTASI: -50C<\/strong><strong><br \/>\n<\/strong><strong>KAYNAMA NOKTASI: 244 C<\/strong><strong><br \/>\n<\/strong><strong>YO\u011eUNLUK: 20C<\/strong><strong><br \/>\n<\/strong><strong>SUDA \u00c7\u00d6Z\u00dcN\u00dcM\u00dc: Yoktur.<\/strong><strong><br \/>\n<\/strong><strong>\u00a0<\/strong><\/p>\n<p><strong>TEXANOL KULLANIM ALANLARI<\/strong><strong><br \/>\n<\/strong><strong>Su esasl\u0131 dekoratif kaplamalarda en g\u00fcvenilir film yap\u0131c\u0131 katk\u0131d\u0131r.<\/strong><strong><br \/>\n<\/strong><strong>Texanol lateks boyalarda birle\u015ftirici olarak kullan\u0131lan en \u00f6nde gelen maddedir.<\/strong><strong><br \/>\n<\/strong><strong>Dispersiyon boyalar\u0131n\u0131n film olu\u015fturma s\u0131cakl\u0131\u011f\u0131n\u0131 d\u00fc\u015f\u00fcrmek i\u00e7in eklenir.<\/strong><strong><br \/>\n<\/strong><strong>Polimerik dispersiyon par\u00e7alar\u0131n\u0131n film olu\u015fumunu sa\u011flar.<\/strong><strong><br \/>\n<\/strong><strong>Texanol petrol sondaj \u00e7amurlar\u0131, ah\u015fap koruyucu ta\u015f\u0131y\u0131c\u0131lar ve \u00e7e\u015fitli kimyasal alanlarda da kullan\u0131l\u0131r.<\/strong><strong><br \/>\n<\/strong><strong>Y\u00fcksek f\u0131r\u0131nlamal\u0131 emayelerde ve bobin kaplamalarda geciktirici bir \u00e7\u00f6z\u00fcc\u00fc olarak tercih edilir.<\/strong><strong><br \/>\n<\/strong><strong>Texanol otomotiv ve otomotiv tamirde kullan\u0131l\u0131r.<\/strong><strong><br \/>\n<\/strong><strong>Ticari bask\u0131 m\u00fcrekkeplerinde kullan\u0131lmaktad\u0131r.<\/strong><strong><br \/>\n<\/strong><strong>Proses katk\u0131 maddelerinde kullan\u0131l\u0131r.<\/strong><strong><br \/>\n<\/strong><strong>Texanol yol i\u015faretlerinde kullan\u0131l\u0131r.<\/strong><\/p>\n<p><strong>AMBALAJ <\/strong><\/p>\n<p><strong>1-5-30 kg bidonlar ve 200 kg variller halinde <\/strong><\/p>\n<p><strong>\u00a0<\/strong><\/p>\n<p><strong>DEPOLAMA <\/strong><\/p>\n<p><strong>Serin ve nem olmayan yerde kapal\u0131 ambalajlarda muhafaza edilmelidir. <\/strong><\/p>\n<p><strong>\u00a0<\/strong><\/p>\n","protected":false},"excerpt":{"rendered":"<p>TEKZANOL \u00c7ok hafif kokuya sahip bir birle\u015ftirme ajan\u0131d\u0131r. Bir\u00e7ok gereksinimi kar\u015f\u0131lamakta ve gelecekteki geli\u015fmeler i\u00e7in y\u00fcksek performans sergilemektedir. Ester yap\u0131daki<\/p>\n","protected":false},"featured_media":17279,"comment_status":"open","ping_status":"closed","template":"","meta":{"_joinchat":[]},"product_cat":[70],"product_tag":[],"class_list":{"0":"post-17278","1":"product","2":"type-product","3":"status-publish","4":"has-post-thumbnail","6":"product_cat-boya-ve-yapi-kimyasallar","8":"first","9":"instock","10":"shipping-taxable","11":"purchasable","12":"product-type-variable"},"yoast_head":"<!-- This site is optimized with the Yoast SEO Premium plugin v20.2.1 (Yoast SEO v20.2.1) - https:\/\/yoast.com\/wordpress\/plugins\/seo\/ -->\n<title>TEKZANOL - Akerkimya<\/title>\n<meta name=\"robots\" content=\"index, follow, max-snippet:-1, max-image-preview:large, max-video-preview:-1\" \/>\n<link rel=\"canonical\" href=\"https:\/\/akerkimya.com\/eticaret\/urun\/tekzanol\/\" \/>\n<meta property=\"og:locale\" content=\"tr_TR\" \/>\n<meta property=\"og:type\" content=\"article\" \/>\n<meta property=\"og:title\" content=\"TEKZANOL\" \/>\n<meta property=\"og:description\" content=\"TEKZANOL \u00c7ok hafif kokuya sahip bir birle\u015ftirme ajan\u0131d\u0131r. Bir\u00e7ok gereksinimi kar\u015f\u0131lamakta ve gelecekteki geli\u015fmeler i\u00e7in y\u00fcksek performans sergilemektedir. Ester yap\u0131daki\" \/>\n<meta property=\"og:url\" content=\"https:\/\/akerkimya.com\/eticaret\/urun\/tekzanol\/\" \/>\n<meta property=\"og:site_name\" content=\"Akerkimya\" \/>\n<meta property=\"article:modified_time\" content=\"2026-03-29T23:24:10+00:00\" \/>\n<meta property=\"og:image\" content=\"https:\/\/akerkimya.com\/eticaret\/wp-content\/uploads\/2025\/01\/TEKZANOL-GUNCEL-1.png\" \/>\n\t<meta property=\"og:image:width\" content=\"1000\" \/>\n\t<meta property=\"og:image:height\" content=\"1000\" \/>\n\t<meta property=\"og:image:type\" content=\"image\/png\" \/>\n<meta name=\"twitter:card\" content=\"summary_large_image\" \/>\n<meta name=\"twitter:label1\" content=\"Tahmini okuma s\u00fcresi\" \/>\n\t<meta name=\"twitter:data1\" content=\"2 dakika\" \/>\n<script type=\"application\/ld+json\" class=\"yoast-schema-graph\">{\"@context\":\"https:\/\/schema.org\",\"@graph\":[{\"@type\":\"WebPage\",\"@id\":\"https:\/\/akerkimya.com\/eticaret\/urun\/tekzanol\/\",\"url\":\"https:\/\/akerkimya.com\/eticaret\/urun\/tekzanol\/\",\"name\":\"TEKZANOL - Akerkimya\",\"isPartOf\":{\"@id\":\"https:\/\/akerkimya.com\/eticaret\/#website\"},\"datePublished\":\"2025-01-02T13:42:39+00:00\",\"dateModified\":\"2026-03-29T23:24:10+00:00\",\"breadcrumb\":{\"@id\":\"https:\/\/akerkimya.com\/eticaret\/urun\/tekzanol\/#breadcrumb\"},\"inLanguage\":\"tr\",\"potentialAction\":[{\"@type\":\"ReadAction\",\"target\":[\"https:\/\/akerkimya.com\/eticaret\/urun\/tekzanol\/\"]}]},{\"@type\":\"BreadcrumbList\",\"@id\":\"https:\/\/akerkimya.com\/eticaret\/urun\/tekzanol\/#breadcrumb\",\"itemListElement\":[{\"@type\":\"ListItem\",\"position\":1,\"name\":\"Home\",\"item\":\"https:\/\/akerkimya.com\/eticaret\/\"},{\"@type\":\"ListItem\",\"position\":2,\"name\":\"Market\",\"item\":\"https:\/\/akerkimya.com\/eticaret\/market\/\"},{\"@type\":\"ListItem\",\"position\":3,\"name\":\"TEKZANOL\"}]},{\"@type\":\"WebSite\",\"@id\":\"https:\/\/akerkimya.com\/eticaret\/#website\",\"url\":\"https:\/\/akerkimya.com\/eticaret\/\",\"name\":\"Akerkimya\",\"description\":\"\",\"potentialAction\":[{\"@type\":\"SearchAction\",\"target\":{\"@type\":\"EntryPoint\",\"urlTemplate\":\"https:\/\/akerkimya.com\/eticaret\/?s={search_term_string}\"},\"query-input\":\"required name=search_term_string\"}],\"inLanguage\":\"tr\"}]}<\/script>\n<!-- \/ Yoast SEO Premium plugin. -->","yoast_head_json":{"title":"TEKZANOL - Akerkimya","robots":{"index":"index","follow":"follow","max-snippet":"max-snippet:-1","max-image-preview":"max-image-preview:large","max-video-preview":"max-video-preview:-1"},"canonical":"https:\/\/akerkimya.com\/eticaret\/urun\/tekzanol\/","og_locale":"tr_TR","og_type":"article","og_title":"TEKZANOL","og_description":"TEKZANOL \u00c7ok hafif kokuya sahip bir birle\u015ftirme ajan\u0131d\u0131r. Bir\u00e7ok gereksinimi kar\u015f\u0131lamakta ve gelecekteki geli\u015fmeler i\u00e7in y\u00fcksek performans sergilemektedir. Ester yap\u0131daki","og_url":"https:\/\/akerkimya.com\/eticaret\/urun\/tekzanol\/","og_site_name":"Akerkimya","article_modified_time":"2026-03-29T23:24:10+00:00","og_image":[{"width":1000,"height":1000,"url":"https:\/\/akerkimya.com\/eticaret\/wp-content\/uploads\/2025\/01\/TEKZANOL-GUNCEL-1.png","type":"image\/png"}],"twitter_card":"summary_large_image","twitter_misc":{"Tahmini okuma s\u00fcresi":"2 dakika"},"schema":{"@context":"https:\/\/schema.org","@graph":[{"@type":"WebPage","@id":"https:\/\/akerkimya.com\/eticaret\/urun\/tekzanol\/","url":"https:\/\/akerkimya.com\/eticaret\/urun\/tekzanol\/","name":"TEKZANOL - Akerkimya","isPartOf":{"@id":"https:\/\/akerkimya.com\/eticaret\/#website"},"datePublished":"2025-01-02T13:42:39+00:00","dateModified":"2026-03-29T23:24:10+00:00","breadcrumb":{"@id":"https:\/\/akerkimya.com\/eticaret\/urun\/tekzanol\/#breadcrumb"},"inLanguage":"tr","potentialAction":[{"@type":"ReadAction","target":["https:\/\/akerkimya.com\/eticaret\/urun\/tekzanol\/"]}]},{"@type":"BreadcrumbList","@id":"https:\/\/akerkimya.com\/eticaret\/urun\/tekzanol\/#breadcrumb","itemListElement":[{"@type":"ListItem","position":1,"name":"Home","item":"https:\/\/akerkimya.com\/eticaret\/"},{"@type":"ListItem","position":2,"name":"Market","item":"https:\/\/akerkimya.com\/eticaret\/market\/"},{"@type":"ListItem","position":3,"name":"TEKZANOL"}]},{"@type":"WebSite","@id":"https:\/\/akerkimya.com\/eticaret\/#website","url":"https:\/\/akerkimya.com\/eticaret\/","name":"Akerkimya","description":"","potentialAction":[{"@type":"SearchAction","target":{"@type":"EntryPoint","urlTemplate":"https:\/\/akerkimya.com\/eticaret\/?s={search_term_string}"},"query-input":"required name=search_term_string"}],"inLanguage":"tr"}]}},"_links":{"self":[{"href":"https:\/\/akerkimya.com\/eticaret\/wp-json\/wp\/v2\/product\/17278","targetHints":{"allow":["GET"]}}],"collection":[{"href":"https:\/\/akerkimya.com\/eticaret\/wp-json\/wp\/v2\/product"}],"about":[{"href":"https:\/\/akerkimya.com\/eticaret\/wp-json\/wp\/v2\/types\/product"}],"replies":[{"embeddable":true,"href":"https:\/\/akerkimya.com\/eticaret\/wp-json\/wp\/v2\/comments?post=17278"}],"version-history":[{"count":2,"href":"https:\/\/akerkimya.com\/eticaret\/wp-json\/wp\/v2\/product\/17278\/revisions"}],"predecessor-version":[{"id":18488,"href":"https:\/\/akerkimya.com\/eticaret\/wp-json\/wp\/v2\/product\/17278\/revisions\/18488"}],"wp:featuredmedia":[{"embeddable":true,"href":"https:\/\/akerkimya.com\/eticaret\/wp-json\/wp\/v2\/media\/17279"}],"wp:attachment":[{"href":"https:\/\/akerkimya.com\/eticaret\/wp-json\/wp\/v2\/media?parent=17278"}],"wp:term":[{"taxonomy":"product_cat","embeddable":true,"href":"https:\/\/akerkimya.com\/eticaret\/wp-json\/wp\/v2\/product_cat?post=17278"},{"taxonomy":"product_tag","embeddable":true,"href":"https:\/\/akerkimya.com\/eticaret\/wp-json\/wp\/v2\/product_tag?post=17278"}],"curies":[{"name":"wp","href":"https:\/\/api.w.org\/{rel}","templated":true}]}}