{"id":17285,"date":"2025-01-02T16:46:25","date_gmt":"2025-01-02T13:46:25","guid":{"rendered":"https:\/\/akerkimya.com\/eticaret\/?post_type=product&#038;p=17285"},"modified":"2026-03-30T02:24:10","modified_gmt":"2026-03-29T23:24:10","slug":"tetra-sodyum-pirofosfat-tspp","status":"publish","type":"product","link":"https:\/\/akerkimya.com\/eticaret\/urun\/tetra-sodyum-pirofosfat-tspp\/","title":{"rendered":"TETRA SODYUM P\u0130ROFOSFAT (TSPP)"},"content":{"rendered":"<h1>TETRA SODYUM P\u0130ROFOSFAT (TSPP)<\/h1>\n<p><strong>Tetrasodyum Pirofosfat(TSPP) kokusuz, renksiz beyaz toz halinde veya gran\u00fcl haldeki susuz bir kimyasal maddedir. Tetrasodyum Pirofosfat(TSPP) insan v\u00fccut s\u0131v\u0131s\u0131n\u0131n normal bile\u015feni olarak bilinir. Bir\u00e7ok g\u0131dada yo\u011fun bir \u015fekilde kullan\u0131lmaktad\u0131r. \u0130norganik fosfat tuzudur. Tetrasodyum Pirofosfat Anhidrat veya tspp olarakda adland\u0131r\u0131l\u0131r.<\/strong><\/p>\n<p><strong>\u00a0<\/strong><\/p>\n<p><strong>TSSP TEKN\u0130K \u00d6ZELL\u0130KLER\u00a0\u00a0<\/strong><\/p>\n<p><strong>CAS NO: 7722-88-5<\/strong><\/p>\n<p><strong>FORM\u00dcL: NaP2O7<\/strong><\/p>\n<p><strong>G\u00d6R\u00dcN\u00dcM: Beyaz toz<\/strong><\/p>\n<p><strong>SAFLIK: %99<\/strong><\/p>\n<p><strong>YO\u011eUNLUK: 2.45<\/strong><\/p>\n<p><strong>MOLAR K\u00dcTLE: 265.9 GR\/MOL<\/strong><\/p>\n<p><strong>ER\u0130ME NOKTASI: 890 C<\/strong><\/p>\n<p><strong>KAYNAMA NOKTASI: 93 C<\/strong><\/p>\n<p><strong>PH DE\u011eER\u0130: 9.5-11.5<\/strong><\/p>\n<p><strong>\u00c7\u00d6Z\u00dcNME: Suda \u00e7\u00f6z\u00fcn\u00fcr<\/strong><\/p>\n<p><strong>\u00a0<\/strong><\/p>\n<p><strong>TSSP KULLANIM ALANLARI\u00a0<\/strong><\/p>\n<p><strong>Plastik ve kau\u00e7uk \u00fcr\u00fcnlerin imalat\u0131nda kullan\u0131lmaktad\u0131r.<\/strong><\/p>\n<p><strong>Ph tamponlay\u0131c\u0131s\u0131 olarak kullan\u0131lmaktad\u0131r. Yani bir madde i\u00e7erisinde belirli bir d\u00fczeydeki asitlik seviyesini korumak i\u00e7in kullan\u0131lmaktad\u0131r.<\/strong><\/p>\n<p><strong>Soya i\u00e7erikli et mamullerinde hamur d\u00fczenleyici olarak kullan\u0131lmaktad\u0131r. G\u0131dalarda emilgat\u00f6r ve koruyucu vazifesi g\u00f6r\u00fcr.<\/strong><\/p>\n<p><strong>Di\u015f macunu \u00fcretiminde iyi bir em\u00fclgat\u00f6r, tampon ve temizlik malzeme yard\u0131mc\u0131s\u0131 olarak kullan\u0131lmaktad\u0131r.<\/strong><\/p>\n<p><strong>Binalar\u0131n su ar\u0131tma sistemlerinde kullan\u0131lmaktad\u0131r.<\/strong><\/p>\n<p><strong>Ka\u011f\u0131t i\u015fleme end\u00fcstrisinde kullan\u0131lmaktad\u0131r.<\/strong><\/p>\n<p><strong>End\u00fcstride a\u011fartma maddesi olarak kullan\u0131lmaktad\u0131r. Korozyon \u00f6nleme ve anti \u00f6l\u00e7ekleme \u00f6zelliklerinden faydalan\u0131l\u0131r.<\/strong><\/p>\n<p><strong>Boya imalat\u0131nda, ara \u00fcr\u00fcn olarak ve y\u00fczey i\u015flem alan\u0131nda kaplama maddesi olarak kullan\u0131l\u0131r. Y\u00fczey aktif maddelerin imalat\u0131nda kullan\u0131lmaktad\u0131r.<\/strong><\/p>\n<p><strong>Yang\u0131na dayan\u0131kl\u0131 boya imalat\u0131nda kullan\u0131l\u0131r.<\/strong><\/p>\n<p><strong>Pestisit olmayan tar\u0131msal \u00fcr\u00fcnlerin imalat\u0131nda kullan\u0131lmaktad\u0131r. Otomotiv bak\u0131m \u00fcr\u00fcnlerinin imalat\u0131nda kullan\u0131l\u0131r.<\/strong><\/p>\n<p><strong>M\u00fcrekkep, toner ve renklendirici \u00fcr\u00fcnlerin imalat\u0131nda kullan\u0131lmaktad\u0131r.<\/strong><\/p>\n<p><strong>Deterjan sekt\u00f6r\u00fcnde \u00e7ama\u015f\u0131r ve bula\u015f\u0131k y\u0131kama \u00fcr\u00fcnlerinin imalat\u0131nda kullan\u0131lmaktad\u0131r. Deterjanlarda su yumu\u015fat\u0131c\u0131s\u0131 olarak, ya\u011flar\u0131 s\u00fcspanse etmek i\u00e7in ve y\u0131kamada \u00e7ama\u015f\u0131r\u0131n \u00fczerinde tekrar tortula\u015fmas\u0131n\u0131 engellemek i\u00e7in bir em\u00fclsifiyer olarak kullan\u0131labilmektedir.<\/strong><\/p>\n<p><strong>Tekstil sanayinde \u0130norganik bir stabiliz\u00f6r olarak tekstilde kullan\u0131l\u0131r.<\/strong><\/p>\n<p><strong>TSSP \u00a0\u00d6ZELL\u0130KLER\u0130\u00a0<\/strong><\/p>\n<p><strong>Kimyasal form\u00fcl\u00fc Na<sub>4<\/sub>P<sub>2<\/sub>O<sub>7<\/sub>\u00a0<sub>*<\/sub>\u00a010 H<sub>2<\/sub>O<sub>\u00a0<\/sub>olan beyaz renkte gran\u00fcl ve toz halinde bir kimyasald\u0131r. Sulu \u00e7\u00f6zeltisi alkali olup suda kolayca \u00e7\u00f6z\u00fcn\u00fcr.%1\u2019lik \u00e7\u00f6zeltinin pH de\u011feri 9.5 ile 11.5 aras\u0131nda de\u011fi\u015fir. Erime ve kaynama noktalar\u0131ndan faydalan\u0131larak bu \u00fcr\u00fcn \u00e7e\u015fitli kullan\u0131m alan\u0131 bulmaktad\u0131r. Bunlardan ba\u015fl\u0131cas\u0131 deterjan ve E 450 koduyla g\u0131da sekt\u00f6r\u00fcd\u00fcr.<\/strong><\/p>\n<p><strong>\u00a0<\/strong><\/p>\n<p><strong>AMBALAJ <\/strong><\/p>\n<p><strong>1-5-25 kg ambalajlar halinde <\/strong><\/p>\n<p><strong>\u00a0<\/strong><\/p>\n<p><strong>DEPOLAMA <\/strong><\/p>\n<p><strong>Serin ve nem olmayan yerde kapal\u0131 ambalajlarda muhafaza edilmelidir. <\/strong><\/p>\n<p><strong>\u00a0<\/strong><\/p>\n","protected":false},"excerpt":{"rendered":"<p>TETRA SODYUM P\u0130ROFOSFAT (TSPP) Tetrasodyum Pirofosfat(TSPP) kokusuz, renksiz beyaz toz halinde veya gran\u00fcl haldeki susuz bir kimyasal maddedir. Tetrasodyum Pirofosfat(TSPP)<\/p>\n","protected":false},"featured_media":17286,"comment_status":"open","ping_status":"closed","template":"","meta":{"_joinchat":[]},"product_cat":[70,73,74,76],"product_tag":[],"class_list":{"0":"post-17285","1":"product","2":"type-product","3":"status-publish","4":"has-post-thumbnail","6":"product_cat-boya-ve-yapi-kimyasallar","7":"product_cat-deri-ve-tekstil-kimyasallari","8":"product_cat-deterjan-ve-kozmetik-kimyasallari","9":"product_cat-gida-ve-katki-kimyasallari","11":"first","12":"instock","13":"shipping-taxable","14":"purchasable","15":"product-type-variable"},"yoast_head":"<!-- This site is optimized with the Yoast SEO Premium plugin v20.2.1 (Yoast SEO v20.2.1) - https:\/\/yoast.com\/wordpress\/plugins\/seo\/ -->\n<title>TETRA SODYUM P\u0130ROFOSFAT (TSPP) - Akerkimya<\/title>\n<meta name=\"robots\" content=\"index, follow, max-snippet:-1, max-image-preview:large, max-video-preview:-1\" \/>\n<link rel=\"canonical\" href=\"https:\/\/akerkimya.com\/eticaret\/urun\/tetra-sodyum-pirofosfat-tspp\/\" \/>\n<meta property=\"og:locale\" content=\"tr_TR\" \/>\n<meta property=\"og:type\" content=\"article\" \/>\n<meta property=\"og:title\" content=\"TETRA SODYUM P\u0130ROFOSFAT (TSPP)\" \/>\n<meta property=\"og:description\" content=\"TETRA SODYUM P\u0130ROFOSFAT (TSPP) Tetrasodyum Pirofosfat(TSPP) kokusuz, renksiz beyaz toz halinde veya gran\u00fcl haldeki susuz bir kimyasal maddedir. Tetrasodyum Pirofosfat(TSPP)\" \/>\n<meta property=\"og:url\" content=\"https:\/\/akerkimya.com\/eticaret\/urun\/tetra-sodyum-pirofosfat-tspp\/\" \/>\n<meta property=\"og:site_name\" content=\"Akerkimya\" \/>\n<meta property=\"article:modified_time\" content=\"2026-03-29T23:24:10+00:00\" \/>\n<meta property=\"og:image\" content=\"https:\/\/akerkimya.com\/eticaret\/wp-content\/uploads\/2025\/01\/Tetra-Sodyum-Pirofosfat-Tspp-GUNCEL-.png\" \/>\n\t<meta property=\"og:image:width\" content=\"1000\" \/>\n\t<meta property=\"og:image:height\" content=\"1000\" \/>\n\t<meta property=\"og:image:type\" content=\"image\/png\" \/>\n<meta name=\"twitter:card\" content=\"summary_large_image\" \/>\n<meta name=\"twitter:label1\" content=\"Tahmini okuma s\u00fcresi\" \/>\n\t<meta name=\"twitter:data1\" content=\"2 dakika\" \/>\n<script type=\"application\/ld+json\" class=\"yoast-schema-graph\">{\"@context\":\"https:\/\/schema.org\",\"@graph\":[{\"@type\":\"WebPage\",\"@id\":\"https:\/\/akerkimya.com\/eticaret\/urun\/tetra-sodyum-pirofosfat-tspp\/\",\"url\":\"https:\/\/akerkimya.com\/eticaret\/urun\/tetra-sodyum-pirofosfat-tspp\/\",\"name\":\"TETRA SODYUM P\u0130ROFOSFAT (TSPP) - Akerkimya\",\"isPartOf\":{\"@id\":\"https:\/\/akerkimya.com\/eticaret\/#website\"},\"datePublished\":\"2025-01-02T13:46:25+00:00\",\"dateModified\":\"2026-03-29T23:24:10+00:00\",\"breadcrumb\":{\"@id\":\"https:\/\/akerkimya.com\/eticaret\/urun\/tetra-sodyum-pirofosfat-tspp\/#breadcrumb\"},\"inLanguage\":\"tr\",\"potentialAction\":[{\"@type\":\"ReadAction\",\"target\":[\"https:\/\/akerkimya.com\/eticaret\/urun\/tetra-sodyum-pirofosfat-tspp\/\"]}]},{\"@type\":\"BreadcrumbList\",\"@id\":\"https:\/\/akerkimya.com\/eticaret\/urun\/tetra-sodyum-pirofosfat-tspp\/#breadcrumb\",\"itemListElement\":[{\"@type\":\"ListItem\",\"position\":1,\"name\":\"Home\",\"item\":\"https:\/\/akerkimya.com\/eticaret\/\"},{\"@type\":\"ListItem\",\"position\":2,\"name\":\"Market\",\"item\":\"https:\/\/akerkimya.com\/eticaret\/market\/\"},{\"@type\":\"ListItem\",\"position\":3,\"name\":\"TETRA SODYUM P\u0130ROFOSFAT (TSPP)\"}]},{\"@type\":\"WebSite\",\"@id\":\"https:\/\/akerkimya.com\/eticaret\/#website\",\"url\":\"https:\/\/akerkimya.com\/eticaret\/\",\"name\":\"Akerkimya\",\"description\":\"\",\"potentialAction\":[{\"@type\":\"SearchAction\",\"target\":{\"@type\":\"EntryPoint\",\"urlTemplate\":\"https:\/\/akerkimya.com\/eticaret\/?s={search_term_string}\"},\"query-input\":\"required name=search_term_string\"}],\"inLanguage\":\"tr\"}]}<\/script>\n<!-- \/ Yoast SEO Premium plugin. -->","yoast_head_json":{"title":"TETRA SODYUM P\u0130ROFOSFAT (TSPP) - Akerkimya","robots":{"index":"index","follow":"follow","max-snippet":"max-snippet:-1","max-image-preview":"max-image-preview:large","max-video-preview":"max-video-preview:-1"},"canonical":"https:\/\/akerkimya.com\/eticaret\/urun\/tetra-sodyum-pirofosfat-tspp\/","og_locale":"tr_TR","og_type":"article","og_title":"TETRA SODYUM P\u0130ROFOSFAT (TSPP)","og_description":"TETRA SODYUM P\u0130ROFOSFAT (TSPP) Tetrasodyum Pirofosfat(TSPP) kokusuz, renksiz beyaz toz halinde veya gran\u00fcl haldeki susuz bir kimyasal maddedir. Tetrasodyum Pirofosfat(TSPP)","og_url":"https:\/\/akerkimya.com\/eticaret\/urun\/tetra-sodyum-pirofosfat-tspp\/","og_site_name":"Akerkimya","article_modified_time":"2026-03-29T23:24:10+00:00","og_image":[{"width":1000,"height":1000,"url":"https:\/\/akerkimya.com\/eticaret\/wp-content\/uploads\/2025\/01\/Tetra-Sodyum-Pirofosfat-Tspp-GUNCEL-.png","type":"image\/png"}],"twitter_card":"summary_large_image","twitter_misc":{"Tahmini okuma s\u00fcresi":"2 dakika"},"schema":{"@context":"https:\/\/schema.org","@graph":[{"@type":"WebPage","@id":"https:\/\/akerkimya.com\/eticaret\/urun\/tetra-sodyum-pirofosfat-tspp\/","url":"https:\/\/akerkimya.com\/eticaret\/urun\/tetra-sodyum-pirofosfat-tspp\/","name":"TETRA SODYUM P\u0130ROFOSFAT (TSPP) - Akerkimya","isPartOf":{"@id":"https:\/\/akerkimya.com\/eticaret\/#website"},"datePublished":"2025-01-02T13:46:25+00:00","dateModified":"2026-03-29T23:24:10+00:00","breadcrumb":{"@id":"https:\/\/akerkimya.com\/eticaret\/urun\/tetra-sodyum-pirofosfat-tspp\/#breadcrumb"},"inLanguage":"tr","potentialAction":[{"@type":"ReadAction","target":["https:\/\/akerkimya.com\/eticaret\/urun\/tetra-sodyum-pirofosfat-tspp\/"]}]},{"@type":"BreadcrumbList","@id":"https:\/\/akerkimya.com\/eticaret\/urun\/tetra-sodyum-pirofosfat-tspp\/#breadcrumb","itemListElement":[{"@type":"ListItem","position":1,"name":"Home","item":"https:\/\/akerkimya.com\/eticaret\/"},{"@type":"ListItem","position":2,"name":"Market","item":"https:\/\/akerkimya.com\/eticaret\/market\/"},{"@type":"ListItem","position":3,"name":"TETRA SODYUM P\u0130ROFOSFAT (TSPP)"}]},{"@type":"WebSite","@id":"https:\/\/akerkimya.com\/eticaret\/#website","url":"https:\/\/akerkimya.com\/eticaret\/","name":"Akerkimya","description":"","potentialAction":[{"@type":"SearchAction","target":{"@type":"EntryPoint","urlTemplate":"https:\/\/akerkimya.com\/eticaret\/?s={search_term_string}"},"query-input":"required name=search_term_string"}],"inLanguage":"tr"}]}},"_links":{"self":[{"href":"https:\/\/akerkimya.com\/eticaret\/wp-json\/wp\/v2\/product\/17285","targetHints":{"allow":["GET"]}}],"collection":[{"href":"https:\/\/akerkimya.com\/eticaret\/wp-json\/wp\/v2\/product"}],"about":[{"href":"https:\/\/akerkimya.com\/eticaret\/wp-json\/wp\/v2\/types\/product"}],"replies":[{"embeddable":true,"href":"https:\/\/akerkimya.com\/eticaret\/wp-json\/wp\/v2\/comments?post=17285"}],"version-history":[{"count":1,"href":"https:\/\/akerkimya.com\/eticaret\/wp-json\/wp\/v2\/product\/17285\/revisions"}],"predecessor-version":[{"id":17290,"href":"https:\/\/akerkimya.com\/eticaret\/wp-json\/wp\/v2\/product\/17285\/revisions\/17290"}],"wp:featuredmedia":[{"embeddable":true,"href":"https:\/\/akerkimya.com\/eticaret\/wp-json\/wp\/v2\/media\/17286"}],"wp:attachment":[{"href":"https:\/\/akerkimya.com\/eticaret\/wp-json\/wp\/v2\/media?parent=17285"}],"wp:term":[{"taxonomy":"product_cat","embeddable":true,"href":"https:\/\/akerkimya.com\/eticaret\/wp-json\/wp\/v2\/product_cat?post=17285"},{"taxonomy":"product_tag","embeddable":true,"href":"https:\/\/akerkimya.com\/eticaret\/wp-json\/wp\/v2\/product_tag?post=17285"}],"curies":[{"name":"wp","href":"https:\/\/api.w.org\/{rel}","templated":true}]}}