{"id":17297,"date":"2025-01-02T17:48:06","date_gmt":"2025-01-02T14:48:06","guid":{"rendered":"https:\/\/akerkimya.com\/eticaret\/?post_type=product&#038;p=17297"},"modified":"2026-03-30T02:24:10","modified_gmt":"2026-03-29T23:24:10","slug":"titan-dioksit-kronos","status":"publish","type":"product","link":"https:\/\/akerkimya.com\/eticaret\/urun\/titan-dioksit-kronos\/","title":{"rendered":"T\u0130TAN D\u0130OKS\u0130T (KRONOS)"},"content":{"rendered":"<h1>T\u0130TAN D\u0130OKS\u0130T (KRONOS)<\/h1>\n<p><strong>Titanyum dioksit, oksijenle tepkimeye girmi\u015f titanyum elementidir. Ham titanyum dioksit, titanyum tetra klorun safla\u015ft\u0131r\u0131lmas\u0131 yoluyla elde edilir. Titan dioksit, boya, suni deri, plastik vb. sekt\u00f6rlerde kullan\u0131lan en \u00f6nemli beyaz pigment olarak kabul edilir. \u00dcr\u00fcnlerde beyazl\u0131k, parlakl\u0131k ve opakl\u0131k gibi \u00f6zellikler vermek amac\u0131yla kullan\u0131lmaktad\u0131r.<\/strong><\/p>\n<p><strong>T\u0130TAN D\u0130OKS\u0130T<\/strong><strong>\u00a0TEKN\u0130K \u00d6ZELL\u0130KLER<\/strong><\/p>\n<p><strong>CAS NO: 13463-67-7<\/strong><\/p>\n<p><strong>FORM\u00dcL: TiO2<\/strong><strong><br \/>\n<\/strong><strong>ER\u0130ME NOKTASI: 1.843 \u00b0C<\/strong><strong><br \/>\n<\/strong><strong>MOLAR K\u00dcTLE: 79,866 g\/mol<\/strong><strong><br \/>\n<\/strong><strong>YO\u011eUNLUK:\u00a0 4,23 g\/cm\u00b3<\/strong><strong><br \/>\n<\/strong><strong>KAYNAMA NOKTASI: 2.972 \u00b0C<\/strong><\/p>\n<p><strong>IUPAC NUMARASI: Titanium dioxide, Titanium(IV) oxide<\/strong><strong><br \/>\n<\/strong><strong>K\u0130MYASAL ADI: Titanium dioxide<\/strong><\/p>\n<p><strong>\u00a0<\/strong><\/p>\n<p><strong>T\u0130TAN D\u0130OKS\u0130T KULLANIM ALANLARI<\/strong><\/p>\n<p><strong>Titan dioksit\u2019in en \u00f6nemli i\u015flevi pigment olarak boya ve kaplamalarda plastik, k\u00e2\u011f\u0131t, m\u00fcrekkep, fiber, ila\u00e7 (hap ve tabletlerde), g\u0131da ve kozmetik \u00fcr\u00fcnlerinde; parlakl\u0131k, beyazl\u0131k ve opakl\u0131k sa\u011flamas\u0131d\u0131r.<\/strong><\/p>\n<p><strong>Titanyum dioksit (TiO2), E171 g\u0131da katk\u0131 maddesi koduyla bilinen bir g\u0131da renklendiricisidir.<\/strong><\/p>\n<p><strong>G\u0131da sekt\u00f6r\u00fcnde \u00f6zellikle \u015fekerleme, sak\u0131z, kabartma tozu, beyaz leblebi gibi beyaz olan bir\u00e7ok \u00fcr\u00fcnde titanyum dioksit kullan\u0131lmaktad\u0131r<\/strong><\/p>\n<p><strong>G\u0131da renklendiricisi olarak kullan\u0131m\u0131n\u0131n d\u0131\u015f\u0131nda, boya ve g\u00fcne\u015f losyonu \u00fcretiminde de kullan\u0131l\u0131r.<\/strong><\/p>\n<p><strong>Cildi UVA ve UVB radyasyonundan korur ve cildi tahri\u015f etme riski yoktur.<\/strong><\/p>\n<p><strong>Titanyum dioksit d\u00fcnyada en geni\u015f \u00e7apta kullan\u0131lan beyaz pigmenttir.<\/strong><\/p>\n<p><strong>Titanyum dioksit, kozmetikte kal\u0131nla\u015ft\u0131r\u0131c\u0131, beyazla\u015ft\u0131r\u0131c\u0131, ya\u011flay\u0131c\u0131 ve g\u00fcne\u015f \u0131\u015f\u0131nlar\u0131n\u0131 kesici bir madde olarak da kullan\u0131lan bir mineraldir.<\/strong><\/p>\n<p><strong>Sadece elmaslar titanyum dioksitten daha fazla k\u0131r\u0131lma g\u00f6stergesine sahiptir. K\u0131r\u0131lma g\u00f6stergesi, \u0131\u015f\u0131\u011f\u0131n e\u011filebilme kabiliyetinin \u00f6l\u00e7\u00fcm\u00fcne denir. Bu sayede donukluk ve \u00f6rtme kabiliyeti sa\u011flan\u0131r.<\/strong><\/p>\n<p><strong>Bu \u00f6zelli\u011fi yard\u0131m\u0131yla titanyum dioksit, y\u00fczey kaplamak i\u00e7in beyaz renk olarak, \u00fcr\u00fcnlerde katmanlar\u0131 ay\u0131rmak amac\u0131yla ve di\u015f macununda beyazlat\u0131c\u0131 ajan olarak kullan\u0131l\u0131r.<\/strong><\/p>\n<p><strong>\u00a0<\/strong><\/p>\n<p><strong>AMBALAJ <\/strong><\/p>\n<p><strong>1-5-25 kg torbalar halinde <\/strong><\/p>\n<p><strong>\u00a0<\/strong><\/p>\n<p><strong>DEPOLAMA <\/strong><\/p>\n<p><strong>Serin ve nem olmayan yerde kapal\u0131 ambalajlarda muhafaza edilmelidir. <\/strong><\/p>\n<p><strong>\u00a0<\/strong><\/p>\n","protected":false},"excerpt":{"rendered":"<p>T\u0130TAN D\u0130OKS\u0130T (KRONOS) Titanyum dioksit, oksijenle tepkimeye girmi\u015f titanyum elementidir. Ham titanyum dioksit, titanyum tetra klorun safla\u015ft\u0131r\u0131lmas\u0131 yoluyla elde edilir.<\/p>\n","protected":false},"featured_media":17298,"comment_status":"open","ping_status":"closed","template":"","meta":{"_joinchat":[]},"product_cat":[70,74,76,77],"product_tag":[],"class_list":{"0":"post-17297","1":"product","2":"type-product","3":"status-publish","4":"has-post-thumbnail","6":"product_cat-boya-ve-yapi-kimyasallar","7":"product_cat-deterjan-ve-kozmetik-kimyasallari","8":"product_cat-gida-ve-katki-kimyasallari","9":"product_cat-kablo-imalati-kimyasallari","11":"first","12":"instock","13":"shipping-taxable","14":"purchasable","15":"product-type-variable"},"yoast_head":"<!-- This site is optimized with the Yoast SEO Premium plugin v20.2.1 (Yoast SEO v20.2.1) - https:\/\/yoast.com\/wordpress\/plugins\/seo\/ -->\n<title>T\u0130TAN D\u0130OKS\u0130T (KRONOS) - Akerkimya<\/title>\n<meta name=\"robots\" content=\"index, follow, max-snippet:-1, max-image-preview:large, max-video-preview:-1\" \/>\n<link rel=\"canonical\" href=\"https:\/\/akerkimya.com\/eticaret\/urun\/titan-dioksit-kronos\/\" \/>\n<meta property=\"og:locale\" content=\"tr_TR\" \/>\n<meta property=\"og:type\" content=\"article\" \/>\n<meta property=\"og:title\" content=\"T\u0130TAN D\u0130OKS\u0130T (KRONOS)\" \/>\n<meta property=\"og:description\" content=\"T\u0130TAN D\u0130OKS\u0130T (KRONOS) Titanyum dioksit, oksijenle tepkimeye girmi\u015f titanyum elementidir. Ham titanyum dioksit, titanyum tetra klorun safla\u015ft\u0131r\u0131lmas\u0131 yoluyla elde edilir.\" \/>\n<meta property=\"og:url\" content=\"https:\/\/akerkimya.com\/eticaret\/urun\/titan-dioksit-kronos\/\" \/>\n<meta property=\"og:site_name\" content=\"Akerkimya\" \/>\n<meta property=\"article:modified_time\" content=\"2026-03-29T23:24:10+00:00\" \/>\n<meta property=\"og:image\" content=\"https:\/\/akerkimya.com\/eticaret\/wp-content\/uploads\/2025\/01\/KRONOS-ITAN-DIOKSIT-GUNCEL-.png\" \/>\n\t<meta property=\"og:image:width\" content=\"1000\" \/>\n\t<meta property=\"og:image:height\" content=\"1000\" \/>\n\t<meta property=\"og:image:type\" content=\"image\/png\" \/>\n<meta name=\"twitter:card\" content=\"summary_large_image\" \/>\n<meta name=\"twitter:label1\" content=\"Tahmini okuma s\u00fcresi\" \/>\n\t<meta name=\"twitter:data1\" content=\"2 dakika\" \/>\n<script type=\"application\/ld+json\" class=\"yoast-schema-graph\">{\"@context\":\"https:\/\/schema.org\",\"@graph\":[{\"@type\":\"WebPage\",\"@id\":\"https:\/\/akerkimya.com\/eticaret\/urun\/titan-dioksit-kronos\/\",\"url\":\"https:\/\/akerkimya.com\/eticaret\/urun\/titan-dioksit-kronos\/\",\"name\":\"T\u0130TAN D\u0130OKS\u0130T (KRONOS) - Akerkimya\",\"isPartOf\":{\"@id\":\"https:\/\/akerkimya.com\/eticaret\/#website\"},\"datePublished\":\"2025-01-02T14:48:06+00:00\",\"dateModified\":\"2026-03-29T23:24:10+00:00\",\"breadcrumb\":{\"@id\":\"https:\/\/akerkimya.com\/eticaret\/urun\/titan-dioksit-kronos\/#breadcrumb\"},\"inLanguage\":\"tr\",\"potentialAction\":[{\"@type\":\"ReadAction\",\"target\":[\"https:\/\/akerkimya.com\/eticaret\/urun\/titan-dioksit-kronos\/\"]}]},{\"@type\":\"BreadcrumbList\",\"@id\":\"https:\/\/akerkimya.com\/eticaret\/urun\/titan-dioksit-kronos\/#breadcrumb\",\"itemListElement\":[{\"@type\":\"ListItem\",\"position\":1,\"name\":\"Home\",\"item\":\"https:\/\/akerkimya.com\/eticaret\/\"},{\"@type\":\"ListItem\",\"position\":2,\"name\":\"Market\",\"item\":\"https:\/\/akerkimya.com\/eticaret\/market\/\"},{\"@type\":\"ListItem\",\"position\":3,\"name\":\"T\u0130TAN D\u0130OKS\u0130T (KRONOS)\"}]},{\"@type\":\"WebSite\",\"@id\":\"https:\/\/akerkimya.com\/eticaret\/#website\",\"url\":\"https:\/\/akerkimya.com\/eticaret\/\",\"name\":\"Akerkimya\",\"description\":\"\",\"potentialAction\":[{\"@type\":\"SearchAction\",\"target\":{\"@type\":\"EntryPoint\",\"urlTemplate\":\"https:\/\/akerkimya.com\/eticaret\/?s={search_term_string}\"},\"query-input\":\"required name=search_term_string\"}],\"inLanguage\":\"tr\"}]}<\/script>\n<!-- \/ Yoast SEO Premium plugin. -->","yoast_head_json":{"title":"T\u0130TAN D\u0130OKS\u0130T (KRONOS) - Akerkimya","robots":{"index":"index","follow":"follow","max-snippet":"max-snippet:-1","max-image-preview":"max-image-preview:large","max-video-preview":"max-video-preview:-1"},"canonical":"https:\/\/akerkimya.com\/eticaret\/urun\/titan-dioksit-kronos\/","og_locale":"tr_TR","og_type":"article","og_title":"T\u0130TAN D\u0130OKS\u0130T (KRONOS)","og_description":"T\u0130TAN D\u0130OKS\u0130T (KRONOS) Titanyum dioksit, oksijenle tepkimeye girmi\u015f titanyum elementidir. Ham titanyum dioksit, titanyum tetra klorun safla\u015ft\u0131r\u0131lmas\u0131 yoluyla elde edilir.","og_url":"https:\/\/akerkimya.com\/eticaret\/urun\/titan-dioksit-kronos\/","og_site_name":"Akerkimya","article_modified_time":"2026-03-29T23:24:10+00:00","og_image":[{"width":1000,"height":1000,"url":"https:\/\/akerkimya.com\/eticaret\/wp-content\/uploads\/2025\/01\/KRONOS-ITAN-DIOKSIT-GUNCEL-.png","type":"image\/png"}],"twitter_card":"summary_large_image","twitter_misc":{"Tahmini okuma s\u00fcresi":"2 dakika"},"schema":{"@context":"https:\/\/schema.org","@graph":[{"@type":"WebPage","@id":"https:\/\/akerkimya.com\/eticaret\/urun\/titan-dioksit-kronos\/","url":"https:\/\/akerkimya.com\/eticaret\/urun\/titan-dioksit-kronos\/","name":"T\u0130TAN D\u0130OKS\u0130T (KRONOS) - Akerkimya","isPartOf":{"@id":"https:\/\/akerkimya.com\/eticaret\/#website"},"datePublished":"2025-01-02T14:48:06+00:00","dateModified":"2026-03-29T23:24:10+00:00","breadcrumb":{"@id":"https:\/\/akerkimya.com\/eticaret\/urun\/titan-dioksit-kronos\/#breadcrumb"},"inLanguage":"tr","potentialAction":[{"@type":"ReadAction","target":["https:\/\/akerkimya.com\/eticaret\/urun\/titan-dioksit-kronos\/"]}]},{"@type":"BreadcrumbList","@id":"https:\/\/akerkimya.com\/eticaret\/urun\/titan-dioksit-kronos\/#breadcrumb","itemListElement":[{"@type":"ListItem","position":1,"name":"Home","item":"https:\/\/akerkimya.com\/eticaret\/"},{"@type":"ListItem","position":2,"name":"Market","item":"https:\/\/akerkimya.com\/eticaret\/market\/"},{"@type":"ListItem","position":3,"name":"T\u0130TAN D\u0130OKS\u0130T (KRONOS)"}]},{"@type":"WebSite","@id":"https:\/\/akerkimya.com\/eticaret\/#website","url":"https:\/\/akerkimya.com\/eticaret\/","name":"Akerkimya","description":"","potentialAction":[{"@type":"SearchAction","target":{"@type":"EntryPoint","urlTemplate":"https:\/\/akerkimya.com\/eticaret\/?s={search_term_string}"},"query-input":"required name=search_term_string"}],"inLanguage":"tr"}]}},"_links":{"self":[{"href":"https:\/\/akerkimya.com\/eticaret\/wp-json\/wp\/v2\/product\/17297","targetHints":{"allow":["GET"]}}],"collection":[{"href":"https:\/\/akerkimya.com\/eticaret\/wp-json\/wp\/v2\/product"}],"about":[{"href":"https:\/\/akerkimya.com\/eticaret\/wp-json\/wp\/v2\/types\/product"}],"replies":[{"embeddable":true,"href":"https:\/\/akerkimya.com\/eticaret\/wp-json\/wp\/v2\/comments?post=17297"}],"version-history":[{"count":1,"href":"https:\/\/akerkimya.com\/eticaret\/wp-json\/wp\/v2\/product\/17297\/revisions"}],"predecessor-version":[{"id":17302,"href":"https:\/\/akerkimya.com\/eticaret\/wp-json\/wp\/v2\/product\/17297\/revisions\/17302"}],"wp:featuredmedia":[{"embeddable":true,"href":"https:\/\/akerkimya.com\/eticaret\/wp-json\/wp\/v2\/media\/17298"}],"wp:attachment":[{"href":"https:\/\/akerkimya.com\/eticaret\/wp-json\/wp\/v2\/media?parent=17297"}],"wp:term":[{"taxonomy":"product_cat","embeddable":true,"href":"https:\/\/akerkimya.com\/eticaret\/wp-json\/wp\/v2\/product_cat?post=17297"},{"taxonomy":"product_tag","embeddable":true,"href":"https:\/\/akerkimya.com\/eticaret\/wp-json\/wp\/v2\/product_tag?post=17297"}],"curies":[{"name":"wp","href":"https:\/\/api.w.org\/{rel}","templated":true}]}}